{"id":44523,"date":"2025-01-21T12:23:26","date_gmt":"2025-01-21T10:23:26","guid":{"rendered":"https:\/\/gustoitaliano.md\/?post_type=product&#038;p=44523"},"modified":"2026-01-26T14:51:40","modified_gmt":"2026-01-26T12:51:40","slug":"sos-pt-pizza-pizza-sauce-12-14-ardita-405-kg","status":"publish","type":"product","link":"https:\/\/gustoitaliano.md\/ru\/product\/sos-pt-pizza-pizza-sauce-12-14-ardita-405-kg\/","title":{"rendered":"\u0421\u043e\u0443\u0441 \u0434\u043b\u044f \u043f\u0438\u0446\u0446\u044b \/ Pizza Sauce 12\/14 Ardita 4,05 \u043a\u0433"},"content":{"rendered":"<p data-start=\"375\" data-end=\"653\"><strong data-start=\"375\" data-end=\"403\">Pizza Sauce Ardita 12\/14<\/strong> este un sos profesional pentru pizza, ob\u021binut din <strong data-start=\"454\" data-end=\"491\">ro\u0219ii italiene atent selec\u021bionate<\/strong>, pasate fin \u0219i echilibrate ca densitate \u0219i aciditate. Este gata de utilizare, av\u00e2nd o <strong data-start=\"578\" data-end=\"597\">textur\u0103 omogen\u0103<\/strong>, culoare ro\u0219u intens \u0219i gust natural de ro\u0219ii coapte.<\/p>\n<p data-start=\"655\" data-end=\"896\">Datorit\u0103 consisten\u021bei 12\/14, sosul se \u00eentinde u\u0219or pe blat \u0219i nu \u00eel \u00eenmoaie, asigur\u00e2nd un rezultat constant la coacere. Ideal pentru <strong data-start=\"788\" data-end=\"833\">pizzerii, restaurante \u0219i buc\u0103t\u0103rii HoReCa<\/strong>, dar \u0219i pentru focaccia, paste \u0219i preparate cu sos de ro\u0219ii.<\/p>\n<ul data-start=\"898\" data-end=\"1086\">\n<li data-start=\"898\" data-end=\"939\">\n<p data-start=\"900\" data-end=\"939\">Tip produs: sos de ro\u0219ii pentru pizza<\/p>\n<\/li>\n<li data-start=\"940\" data-end=\"960\">\n<p data-start=\"942\" data-end=\"960\">Grad Brix: 12\/14<\/p>\n<\/li>\n<li data-start=\"961\" data-end=\"983\">\n<p data-start=\"963\" data-end=\"983\">Cantitate: 4,05 kg<\/p>\n<\/li>\n<li data-start=\"984\" data-end=\"1010\">\n<p data-start=\"986\" data-end=\"1010\">Textur\u0103: fin\u0103, omogen\u0103<\/p>\n<\/li>\n<li data-start=\"1011\" data-end=\"1048\">\n<p data-start=\"1013\" data-end=\"1048\">Utilizare: pizza, focaccia, paste<\/p>\n<\/li>\n<li data-start=\"1049\" data-end=\"1066\">\n<p data-start=\"1051\" data-end=\"1066\">Brand: Ardita<\/p>\n<\/li>\n<li data-start=\"1067\" data-end=\"1086\">\n<p data-start=\"1069\" data-end=\"1086\">\u041f\u0440\u043e\u0438\u0441\u0445\u043e\u0436\u0434\u0435\u043d\u0438\u0435: \u0418\u0442\u0430\u043b\u0438\u044f<\/p>\n<\/li>\n<\/ul>","protected":false},"excerpt":{"rendered":"<p>Pizza Sauce Ardita 12\/14 este un sos profesional pentru pizza, ob\u021binut din ro\u0219ii italiene atent selec\u021bionate, pasate fin \u0219i echilibrate<\/p>","protected":false},"featured_media":50559,"template":"","meta":[],"product_brand":[2424],"product_cat":[2346,2348,2347],"product_tag":[2419],"class_list":{"0":"post-44523","1":"product","2":"type-product","3":"status-publish","4":"has-post-thumbnail","6":"product_brand-rodolfi","7":"product_cat-conserve-si-semipreparate","8":"product_cat-rosii-conservate","9":"product_cat-semifabricate-legume-conservate","10":"product_tag-horeca","12":"first","13":"instock","14":"downloadable","15":"taxable","16":"shipping-taxable","17":"purchasable","18":"product-type-simple"},"yoast_head":"<!-- This site is optimized with the Yoast SEO Premium plugin v26.5 (Yoast SEO v27.3) - https:\/\/yoast.com\/product\/yoast-seo-premium-wordpress\/ -->\n<title>Sos pt Pizza \/ Pizza Sauce 12\/14 Ardita 4,05 kg - Gusto Italiano<\/title>\n<meta name=\"description\" content=\"Pizza Sauce Ardita 12\/14 \u2013 4,05 kg. Sos de ro\u0219ii italian pentru pizza, cu textur\u0103 fin\u0103 \u0219i gust natural. Ideal pentru HoReCa \u0219i pizzerii profesionale.\" \/>\n<meta name=\"robots\" content=\"index, follow, max-snippet:-1, max-image-preview:large, max-video-preview:-1\" \/>\n<link rel=\"canonical\" href=\"https:\/\/gustoitaliano.md\/ru\/product\/sos-pt-pizza-pizza-sauce-12-14-ardita-405-kg\/\" \/>\n<meta property=\"og:locale\" content=\"ru_RU\" \/>\n<meta property=\"og:type\" content=\"article\" \/>\n<meta property=\"og:title\" content=\"Sos pt Pizza \/ Pizza Sauce 12\/14 Ardita 4,05 kg\" \/>\n<meta property=\"og:description\" content=\"Pizza Sauce Ardita 12\/14 \u2013 4,05 kg. Sos de ro\u0219ii italian pentru pizza, cu textur\u0103 fin\u0103 \u0219i gust natural. Ideal pentru HoReCa \u0219i pizzerii profesionale.\" \/>\n<meta property=\"og:url\" content=\"https:\/\/gustoitaliano.md\/ru\/product\/sos-pt-pizza-pizza-sauce-12-14-ardita-405-kg\/\" \/>\n<meta property=\"og:site_name\" content=\"Gusto Italiano\" \/>\n<meta property=\"article:publisher\" content=\"https:\/\/www.facebook.com\/GoldenGates.Moldova\" \/>\n<meta property=\"article:modified_time\" content=\"2026-01-26T12:51:40+00:00\" \/>\n<meta property=\"og:image\" content=\"https:\/\/gustoitaliano.md\/wp-content\/uploads\/2025\/01\/Rodolfi-Ardita-Pizza-Sauce-Classica.png\" \/>\n\t<meta property=\"og:image:width\" content=\"620\" \/>\n\t<meta property=\"og:image:height\" content=\"878\" \/>\n\t<meta property=\"og:image:type\" content=\"image\/png\" \/>\n<meta name=\"twitter:card\" content=\"summary_large_image\" \/>\n<meta name=\"twitter:label1\" content=\"\u041f\u0440\u0438\u043c\u0435\u0440\u043d\u043e\u0435 \u0432\u0440\u0435\u043c\u044f \u0434\u043b\u044f \u0447\u0442\u0435\u043d\u0438\u044f\" \/>\n\t<meta name=\"twitter:data1\" content=\"1 \u043c\u0438\u043d\u0443\u0442\u0430\" \/>\n<script type=\"application\/ld+json\" class=\"yoast-schema-graph\">{\"@context\":\"https:\\\/\\\/schema.org\",\"@graph\":[{\"@type\":\"WebPage\",\"@id\":\"https:\\\/\\\/gustoitaliano.md\\\/product\\\/sos-pt-pizza-pizza-sauce-12-14-ardita-405-kg\\\/\",\"url\":\"https:\\\/\\\/gustoitaliano.md\\\/product\\\/sos-pt-pizza-pizza-sauce-12-14-ardita-405-kg\\\/\",\"name\":\"Sos pt Pizza \\\/ Pizza Sauce 12\\\/14 Ardita 4,05 kg - Gusto Italiano\",\"isPartOf\":{\"@id\":\"https:\\\/\\\/gustoitaliano.md\\\/ro\\\/#website\"},\"primaryImageOfPage\":{\"@id\":\"https:\\\/\\\/gustoitaliano.md\\\/product\\\/sos-pt-pizza-pizza-sauce-12-14-ardita-405-kg\\\/#primaryimage\"},\"image\":{\"@id\":\"https:\\\/\\\/gustoitaliano.md\\\/product\\\/sos-pt-pizza-pizza-sauce-12-14-ardita-405-kg\\\/#primaryimage\"},\"thumbnailUrl\":\"https:\\\/\\\/gustoitaliano.md\\\/wp-content\\\/uploads\\\/2025\\\/01\\\/Rodolfi-Ardita-Pizza-Sauce-Classica.png\",\"datePublished\":\"2025-01-21T10:23:26+00:00\",\"dateModified\":\"2026-01-26T12:51:40+00:00\",\"description\":\"Pizza Sauce Ardita 12\\\/14 \u2013 4,05 kg. Sos de ro\u0219ii italian pentru pizza, cu textur\u0103 fin\u0103 \u0219i gust natural. Ideal pentru HoReCa \u0219i pizzerii profesionale.\",\"breadcrumb\":{\"@id\":\"https:\\\/\\\/gustoitaliano.md\\\/product\\\/sos-pt-pizza-pizza-sauce-12-14-ardita-405-kg\\\/#breadcrumb\"},\"inLanguage\":\"ru-RU\",\"potentialAction\":[{\"@type\":\"ReadAction\",\"target\":[\"https:\\\/\\\/gustoitaliano.md\\\/product\\\/sos-pt-pizza-pizza-sauce-12-14-ardita-405-kg\\\/\"]}]},{\"@type\":\"ImageObject\",\"inLanguage\":\"ru-RU\",\"@id\":\"https:\\\/\\\/gustoitaliano.md\\\/product\\\/sos-pt-pizza-pizza-sauce-12-14-ardita-405-kg\\\/#primaryimage\",\"url\":\"https:\\\/\\\/gustoitaliano.md\\\/wp-content\\\/uploads\\\/2025\\\/01\\\/Rodolfi-Ardita-Pizza-Sauce-Classica.png\",\"contentUrl\":\"https:\\\/\\\/gustoitaliano.md\\\/wp-content\\\/uploads\\\/2025\\\/01\\\/Rodolfi-Ardita-Pizza-Sauce-Classica.png\",\"width\":620,\"height\":878},{\"@type\":\"BreadcrumbList\",\"@id\":\"https:\\\/\\\/gustoitaliano.md\\\/product\\\/sos-pt-pizza-pizza-sauce-12-14-ardita-405-kg\\\/#breadcrumb\",\"itemListElement\":[{\"@type\":\"ListItem\",\"position\":1,\"name\":\"Prima pagin\u0103\",\"item\":\"https:\\\/\\\/gustoitaliano.md\\\/\"},{\"@type\":\"ListItem\",\"position\":2,\"name\":\"Magazin\",\"item\":\"https:\\\/\\\/gustoitaliano.md\\\/ro\\\/magazin\\\/\"},{\"@type\":\"ListItem\",\"position\":3,\"name\":\"Conserve \u0219i semipreparate\",\"item\":\"https:\\\/\\\/gustoitaliano.md\\\/product-category\\\/conserve-si-semipreparate\\\/\"},{\"@type\":\"ListItem\",\"position\":4,\"name\":\"Rosii conservate\",\"item\":\"https:\\\/\\\/gustoitaliano.md\\\/product-category\\\/conserve-si-semipreparate\\\/rosii-conservate\\\/\"},{\"@type\":\"ListItem\",\"position\":5,\"name\":\"Sos pt Pizza \\\/ Pizza Sauce 12\\\/14 Ardita 4,05 kg\"}]},{\"@type\":\"WebSite\",\"@id\":\"https:\\\/\\\/gustoitaliano.md\\\/ro\\\/#website\",\"url\":\"https:\\\/\\\/gustoitaliano.md\\\/ro\\\/\",\"name\":\"Gusto Italiano\",\"description\":\"Produse Autentice Italiene\",\"publisher\":{\"@id\":\"https:\\\/\\\/gustoitaliano.md\\\/ro\\\/#organization\"},\"potentialAction\":[{\"@type\":\"SearchAction\",\"target\":{\"@type\":\"EntryPoint\",\"urlTemplate\":\"https:\\\/\\\/gustoitaliano.md\\\/ro\\\/?s={search_term_string}\"},\"query-input\":{\"@type\":\"PropertyValueSpecification\",\"valueRequired\":true,\"valueName\":\"search_term_string\"}}],\"inLanguage\":\"ru-RU\"},{\"@type\":\"Organization\",\"@id\":\"https:\\\/\\\/gustoitaliano.md\\\/ro\\\/#organization\",\"name\":\"Gusto Italiano\",\"alternateName\":\"Golden Gates SRL\",\"url\":\"https:\\\/\\\/gustoitaliano.md\\\/ro\\\/\",\"logo\":{\"@type\":\"ImageObject\",\"inLanguage\":\"ru-RU\",\"@id\":\"https:\\\/\\\/gustoitaliano.md\\\/ro\\\/#\\\/schema\\\/logo\\\/image\\\/\",\"url\":\"https:\\\/\\\/gustoitaliano.md\\\/wp-content\\\/uploads\\\/2025\\\/05\\\/logo-gusutoitaliano-2-2.png\",\"contentUrl\":\"https:\\\/\\\/gustoitaliano.md\\\/wp-content\\\/uploads\\\/2025\\\/05\\\/logo-gusutoitaliano-2-2.png\",\"width\":180,\"height\":180,\"caption\":\"Gusto Italiano\"},\"image\":{\"@id\":\"https:\\\/\\\/gustoitaliano.md\\\/ro\\\/#\\\/schema\\\/logo\\\/image\\\/\"},\"sameAs\":[\"https:\\\/\\\/www.facebook.com\\\/GoldenGates.Moldova\"]}]}<\/script>\n<!-- \/ Yoast SEO Premium plugin. -->","yoast_head_json":{"title":"Sos pt Pizza \/ Pizza Sauce 12\/14 Ardita 4,05 kg - Gusto Italiano","description":"Pizza Sauce Ardita 12\/14 \u2013 4,05 kg. Sos de ro\u0219ii italian pentru pizza, cu textur\u0103 fin\u0103 \u0219i gust natural. Ideal pentru HoReCa \u0219i pizzerii profesionale.","robots":{"index":"index","follow":"follow","max-snippet":"max-snippet:-1","max-image-preview":"max-image-preview:large","max-video-preview":"max-video-preview:-1"},"canonical":"https:\/\/gustoitaliano.md\/ru\/product\/sos-pt-pizza-pizza-sauce-12-14-ardita-405-kg\/","og_locale":"ru_RU","og_type":"article","og_title":"Sos pt Pizza \/ Pizza Sauce 12\/14 Ardita 4,05 kg","og_description":"Pizza Sauce Ardita 12\/14 \u2013 4,05 kg. Sos de ro\u0219ii italian pentru pizza, cu textur\u0103 fin\u0103 \u0219i gust natural. Ideal pentru HoReCa \u0219i pizzerii profesionale.","og_url":"https:\/\/gustoitaliano.md\/ru\/product\/sos-pt-pizza-pizza-sauce-12-14-ardita-405-kg\/","og_site_name":"Gusto Italiano","article_publisher":"https:\/\/www.facebook.com\/GoldenGates.Moldova","article_modified_time":"2026-01-26T12:51:40+00:00","og_image":[{"width":620,"height":878,"url":"https:\/\/gustoitaliano.md\/wp-content\/uploads\/2025\/01\/Rodolfi-Ardita-Pizza-Sauce-Classica.png","type":"image\/png"}],"twitter_card":"summary_large_image","twitter_misc":{"\u041f\u0440\u0438\u043c\u0435\u0440\u043d\u043e\u0435 \u0432\u0440\u0435\u043c\u044f \u0434\u043b\u044f \u0447\u0442\u0435\u043d\u0438\u044f":"1 \u043c\u0438\u043d\u0443\u0442\u0430"},"schema":{"@context":"https:\/\/schema.org","@graph":[{"@type":"WebPage","@id":"https:\/\/gustoitaliano.md\/product\/sos-pt-pizza-pizza-sauce-12-14-ardita-405-kg\/","url":"https:\/\/gustoitaliano.md\/product\/sos-pt-pizza-pizza-sauce-12-14-ardita-405-kg\/","name":"Sos pt Pizza \/ Pizza Sauce 12\/14 Ardita 4,05 kg - Gusto Italiano","isPartOf":{"@id":"https:\/\/gustoitaliano.md\/ro\/#website"},"primaryImageOfPage":{"@id":"https:\/\/gustoitaliano.md\/product\/sos-pt-pizza-pizza-sauce-12-14-ardita-405-kg\/#primaryimage"},"image":{"@id":"https:\/\/gustoitaliano.md\/product\/sos-pt-pizza-pizza-sauce-12-14-ardita-405-kg\/#primaryimage"},"thumbnailUrl":"https:\/\/gustoitaliano.md\/wp-content\/uploads\/2025\/01\/Rodolfi-Ardita-Pizza-Sauce-Classica.png","datePublished":"2025-01-21T10:23:26+00:00","dateModified":"2026-01-26T12:51:40+00:00","description":"Pizza Sauce Ardita 12\/14 \u2013 4,05 kg. Sos de ro\u0219ii italian pentru pizza, cu textur\u0103 fin\u0103 \u0219i gust natural. Ideal pentru HoReCa \u0219i pizzerii profesionale.","breadcrumb":{"@id":"https:\/\/gustoitaliano.md\/product\/sos-pt-pizza-pizza-sauce-12-14-ardita-405-kg\/#breadcrumb"},"inLanguage":"ru-RU","potentialAction":[{"@type":"ReadAction","target":["https:\/\/gustoitaliano.md\/product\/sos-pt-pizza-pizza-sauce-12-14-ardita-405-kg\/"]}]},{"@type":"ImageObject","inLanguage":"ru-RU","@id":"https:\/\/gustoitaliano.md\/product\/sos-pt-pizza-pizza-sauce-12-14-ardita-405-kg\/#primaryimage","url":"https:\/\/gustoitaliano.md\/wp-content\/uploads\/2025\/01\/Rodolfi-Ardita-Pizza-Sauce-Classica.png","contentUrl":"https:\/\/gustoitaliano.md\/wp-content\/uploads\/2025\/01\/Rodolfi-Ardita-Pizza-Sauce-Classica.png","width":620,"height":878},{"@type":"BreadcrumbList","@id":"https:\/\/gustoitaliano.md\/product\/sos-pt-pizza-pizza-sauce-12-14-ardita-405-kg\/#breadcrumb","itemListElement":[{"@type":"ListItem","position":1,"name":"Prima pagin\u0103","item":"https:\/\/gustoitaliano.md\/"},{"@type":"ListItem","position":2,"name":"Magazin","item":"https:\/\/gustoitaliano.md\/ro\/magazin\/"},{"@type":"ListItem","position":3,"name":"Conserve \u0219i semipreparate","item":"https:\/\/gustoitaliano.md\/product-category\/conserve-si-semipreparate\/"},{"@type":"ListItem","position":4,"name":"Rosii conservate","item":"https:\/\/gustoitaliano.md\/product-category\/conserve-si-semipreparate\/rosii-conservate\/"},{"@type":"ListItem","position":5,"name":"Sos pt Pizza \/ Pizza Sauce 12\/14 Ardita 4,05 kg"}]},{"@type":"WebSite","@id":"https:\/\/gustoitaliano.md\/ro\/#website","url":"https:\/\/gustoitaliano.md\/ro\/","name":"Gusto Italiano","description":"\u0410\u0443\u0442\u0435\u043d\u0442\u0438\u0447\u043d\u044b\u0435 \u0438\u0442\u0430\u043b\u044c\u044f\u043d\u0441\u043a\u0438\u0435 \u043f\u0440\u043e\u0434\u0443\u043a\u0442\u044b","publisher":{"@id":"https:\/\/gustoitaliano.md\/ro\/#organization"},"potentialAction":[{"@type":"SearchAction","target":{"@type":"EntryPoint","urlTemplate":"https:\/\/gustoitaliano.md\/ro\/?s={search_term_string}"},"query-input":{"@type":"PropertyValueSpecification","valueRequired":true,"valueName":"search_term_string"}}],"inLanguage":"ru-RU"},{"@type":"Organization","@id":"https:\/\/gustoitaliano.md\/ro\/#organization","name":"Gusto Italiano","alternateName":"Golden Gates SRL","url":"https:\/\/gustoitaliano.md\/ro\/","logo":{"@type":"ImageObject","inLanguage":"ru-RU","@id":"https:\/\/gustoitaliano.md\/ro\/#\/schema\/logo\/image\/","url":"https:\/\/gustoitaliano.md\/wp-content\/uploads\/2025\/05\/logo-gusutoitaliano-2-2.png","contentUrl":"https:\/\/gustoitaliano.md\/wp-content\/uploads\/2025\/05\/logo-gusutoitaliano-2-2.png","width":180,"height":180,"caption":"Gusto Italiano"},"image":{"@id":"https:\/\/gustoitaliano.md\/ro\/#\/schema\/logo\/image\/"},"sameAs":["https:\/\/www.facebook.com\/GoldenGates.Moldova"]}]}},"_links":{"self":[{"href":"https:\/\/gustoitaliano.md\/ru\/wp-json\/wp\/v2\/product\/44523","targetHints":{"allow":["GET"]}}],"collection":[{"href":"https:\/\/gustoitaliano.md\/ru\/wp-json\/wp\/v2\/product"}],"about":[{"href":"https:\/\/gustoitaliano.md\/ru\/wp-json\/wp\/v2\/types\/product"}],"version-history":[{"count":0,"href":"https:\/\/gustoitaliano.md\/ru\/wp-json\/wp\/v2\/product\/44523\/revisions"}],"wp:featuredmedia":[{"embeddable":true,"href":"https:\/\/gustoitaliano.md\/ru\/wp-json\/wp\/v2\/media\/50559"}],"wp:attachment":[{"href":"https:\/\/gustoitaliano.md\/ru\/wp-json\/wp\/v2\/media?parent=44523"}],"wp:term":[{"taxonomy":"product_brand","embeddable":true,"href":"https:\/\/gustoitaliano.md\/ru\/wp-json\/wp\/v2\/product_brand?post=44523"},{"taxonomy":"product_cat","embeddable":true,"href":"https:\/\/gustoitaliano.md\/ru\/wp-json\/wp\/v2\/product_cat?post=44523"},{"taxonomy":"product_tag","embeddable":true,"href":"https:\/\/gustoitaliano.md\/ru\/wp-json\/wp\/v2\/product_tag?post=44523"}],"curies":[{"name":"wp","href":"https:\/\/api.w.org\/{rel}","templated":true}]}}