{"id":44525,"date":"2025-01-21T12:23:26","date_gmt":"2025-01-21T10:23:26","guid":{"rendered":"https:\/\/gustoitaliano.md\/?post_type=product&#038;p=44525"},"modified":"2026-04-14T09:58:10","modified_gmt":"2026-04-14T06:58:10","slug":"faina-0-din-grau-moale-p-u-pizza-denti-w250-270-1kg","status":"publish","type":"product","link":"https:\/\/gustoitaliano.md\/ru\/product\/faina-0-din-grau-moale-p-u-pizza-denti-w250-270-1kg\/","title":{"rendered":"\u041c\u0443\u043a\u0430 \"0\" \u0438\u0437 \u043c\u044f\u0433\u043a\u043e\u0439 \u043f\u0448\u0435\u043d\u0438\u0446\u044b Pizza DENTI W250-270 1kg."},"content":{"rendered":"<p data-start=\"318\" data-end=\"781\">\u041c\u0443\u043a\u0430 \"0\" <strong data-start=\"328\" data-end=\"346\">DENTI W250-270<\/strong> \u0438\u0434\u0435\u0430\u043b\u044c\u043d\u043e \u043f\u043e\u0434\u0445\u043e\u0434\u0438\u0442 \u0434\u043b\u044f \u043f\u0440\u0438\u0433\u043e\u0442\u043e\u0432\u043b\u0435\u043d\u0438\u044f \u043d\u0430\u0441\u0442\u043e\u044f\u0449\u0435\u0439 \u0438\u0442\u0430\u043b\u044c\u044f\u043d\u0441\u043a\u043e\u0439 \u043f\u0438\u0446\u0446\u044b \u0441 \u044d\u043b\u0430\u0441\u0442\u0438\u0447\u043d\u044b\u043c \u0442\u0435\u0441\u0442\u043e\u043c \u0438 \u0441\u0431\u0430\u043b\u0430\u043d\u0441\u0438\u0440\u043e\u0432\u0430\u043d\u043d\u044b\u043c \u0432\u043a\u0443\u0441\u043e\u043c. \u0418\u0437\u0433\u043e\u0442\u043e\u0432\u043b\u0435\u043d\u043d\u043e\u0435 \u0438\u0437 \u043e\u0442\u0431\u043e\u0440\u043d\u043e\u0439 \u043c\u044f\u0433\u043a\u043e\u0439 \u043f\u0448\u0435\u043d\u0438\u0446\u044b, \u043e\u043d\u043e \u043e\u0431\u043b\u0430\u0434\u0430\u0435\u0442 <strong data-start=\"484\" data-end=\"523\">\u0421\u0440\u0435\u0434\u043d\u044f\u044f \u043f\u0440\u043e\u0447\u043d\u043e\u0441\u0442\u044c \u043a\u043b\u0435\u0439\u043a\u043e\u0432\u0438\u043d\u044b (W250-270)<\/strong>\u0438\u0434\u0435\u0430\u043b\u044c\u043d\u043e \u043f\u043e\u0434\u0445\u043e\u0434\u0438\u0442 \u0434\u043b\u044f <strong data-start=\"541\" data-end=\"581\">\u0422\u0435\u0441\u0442\u043e \u0441\u0440\u0435\u0434\u043d\u0435\u0433\u043e \u043f\u043e\u0434\u044a\u0435\u043c\u0430 (6-12 \u0447\u0430\u0441\u043e\u0432)<\/strong>.<br data-start=\"582\" data-end=\"585\" \/>\u042d\u0442\u0430 \u043c\u0443\u043a\u0430 \u043e\u0431\u0435\u0441\u043f\u0435\u0447\u0438\u0432\u0430\u0435\u0442 \u0441\u043b\u0435\u0433\u043a\u0430 \u0445\u0440\u0443\u0441\u0442\u044f\u0449\u0443\u044e \u0442\u0435\u043a\u0441\u0442\u0443\u0440\u0443 \u0441\u043d\u0430\u0440\u0443\u0436\u0438 \u0438 \u043c\u044f\u0433\u043a\u0443\u044e \u0442\u0435\u043a\u0441\u0442\u0443\u0440\u0443 \u0432\u043d\u0443\u0442\u0440\u0438, \u0447\u0442\u043e \u0434\u0435\u043b\u0430\u0435\u0442 \u0435\u0435 \u0438\u0437\u043b\u044e\u0431\u043b\u0435\u043d\u043d\u044b\u043c \u0432\u044b\u0431\u043e\u0440\u043e\u043c \u0438\u0442\u0430\u043b\u044c\u044f\u043d\u0441\u043a\u0438\u0445 \u043c\u0430\u0441\u0442\u0435\u0440\u043e\u0432 \u043f\u043e \u043f\u0440\u0438\u0433\u043e\u0442\u043e\u0432\u043b\u0435\u043d\u0438\u044e \u043f\u0438\u0446\u0446\u044b. \u0420\u0435\u043a\u043e\u043c\u0435\u043d\u0434\u0443\u0435\u0442\u0441\u044f \u0434\u043b\u044f <strong data-start=\"734\" data-end=\"778\">\u041a\u043b\u0430\u0441\u0441\u0438\u0447\u0435\u0441\u043a\u0430\u044f \u043f\u0438\u0446\u0446\u0430, \u0444\u043e\u043a\u0430\u0447\u0447\u0430 \u0438 \u0434\u043e\u043c\u0430\u0448\u043d\u0438\u0439 \u0445\u043b\u0435\u0431<\/strong>.<\/p>\n<ul data-start=\"783\" data-end=\"942\">\n<li data-start=\"783\" data-end=\"816\">\n<p data-start=\"785\" data-end=\"816\">\u0422\u0438\u043f \u043c\u0443\u043a\u0438: '0' \u043c\u0443\u043a\u0430 \u0438\u0437 \u043c\u044f\u0433\u043a\u043e\u0439 \u043f\u0448\u0435\u043d\u0438\u0446\u044b<\/p>\n<\/li>\n<li data-start=\"817\" data-end=\"846\">\n<p data-start=\"819\" data-end=\"846\">\u041f\u0440\u043e\u0447\u043d\u043e\u0441\u0442\u044c \u043a\u043b\u0435\u0439\u043a\u043e\u0432\u0438\u043d\u044b (W): 250-270<\/p>\n<\/li>\n<li data-start=\"847\" data-end=\"875\">\n<p data-start=\"849\" data-end=\"875\">\u0418\u0434\u0435\u0430\u043b\u044c\u043d\u0430\u044f \u043f\u0440\u043e\u0434\u043e\u043b\u0436\u0438\u0442\u0435\u043b\u044c\u043d\u043e\u0441\u0442\u044c: 6-12 \u0447\u0430\u0441\u043e\u0432<\/p>\n<\/li>\n<li data-start=\"876\" data-end=\"893\">\n<p data-start=\"878\" data-end=\"893\">\u0423\u043f\u0430\u043a\u043e\u0432\u043a\u0430: 1 \u043a\u0433<\/p>\n<\/li>\n<li data-start=\"894\" data-end=\"913\">\n<p data-start=\"896\" data-end=\"913\">\u041f\u0440\u043e\u0438\u0441\u0445\u043e\u0436\u0434\u0435\u043d\u0438\u0435: \u0418\u0442\u0430\u043b\u0438\u044f<\/p>\n<\/li>\n<li data-start=\"914\" data-end=\"942\">\n<p data-start=\"916\" data-end=\"942\">\u041f\u0440\u043e\u0438\u0437\u0432\u043e\u0434\u0438\u0442\u0435\u043b\u044c: Molino Denti<\/p>\n<\/li>\n<\/ul>","protected":false},"excerpt":{"rendered":"<p>\ud83c\udf3e\u00a0<strong><em>\u043f\u0440\u043e\u0442\u0435\u0438\u043d 12 \u0433\u0440.<\/em><\/strong><\/p>","protected":false},"featured_media":47633,"template":"","meta":[],"product_brand":[2411],"product_cat":[2410],"product_tag":[2420],"class_list":{"0":"post-44525","1":"product","2":"type-product","3":"status-publish","4":"has-post-thumbnail","6":"product_brand-denti","7":"product_cat-faina-selectionata-1-5-kg","8":"product_tag-retail","10":"first","11":"instock","12":"downloadable","13":"taxable","14":"shipping-taxable","15":"purchasable","16":"product-type-simple"},"yoast_head":"<!-- This site is optimized with the Yoast SEO Premium plugin v26.5 (Yoast SEO v27.4) - https:\/\/yoast.com\/product\/yoast-seo-premium-wordpress\/ -->\n<title>Faina &quot;0&quot; din grau moale Pizza DENTI W250-270 1kg. - Gusto Italiano<\/title>\n<meta name=\"description\" content=\"F\u0103in\u0103 italian\u0103 \u201e0\u201d DENTI W250-270, ideal\u0103 pentru pizza autentic\u0103. Textur\u0103 crocant\u0103, gust echilibrat \u0219i performan\u021b\u0103 constant\u0103 pentru profesioni\u0219ti \u0219i pasiona\u021bi.\" \/>\n<meta name=\"robots\" content=\"index, follow, max-snippet:-1, max-image-preview:large, max-video-preview:-1\" \/>\n<link rel=\"canonical\" href=\"https:\/\/gustoitaliano.md\/ru\/product\/faina-0-din-grau-moale-p-u-pizza-denti-w250-270-1kg\/\" \/>\n<meta property=\"og:locale\" content=\"ru_RU\" \/>\n<meta property=\"og:type\" content=\"article\" \/>\n<meta property=\"og:title\" content=\"Faina &quot;0&quot; din grau moale Pizza DENTI W250-270 1kg.\" \/>\n<meta property=\"og:description\" content=\"F\u0103in\u0103 italian\u0103 \u201e0\u201d DENTI W250-270, ideal\u0103 pentru pizza autentic\u0103. Textur\u0103 crocant\u0103, gust echilibrat \u0219i performan\u021b\u0103 constant\u0103 pentru profesioni\u0219ti \u0219i pasiona\u021bi.\" \/>\n<meta property=\"og:url\" content=\"https:\/\/gustoitaliano.md\/ru\/product\/faina-0-din-grau-moale-p-u-pizza-denti-w250-270-1kg\/\" \/>\n<meta property=\"og:site_name\" content=\"Gusto Italiano\" \/>\n<meta property=\"article:publisher\" content=\"https:\/\/www.facebook.com\/GoldenGates.Moldova\" \/>\n<meta property=\"article:modified_time\" content=\"2026-04-14T06:58:10+00:00\" \/>\n<meta property=\"og:image\" content=\"https:\/\/gustoitaliano.md\/wp-content\/uploads\/2025\/01\/Faina-\u201e0-din-grau-moale-p-u-Pizza-DENTI-W250-270-1kg-1.png\" \/>\n\t<meta property=\"og:image:width\" content=\"1000\" \/>\n\t<meta property=\"og:image:height\" content=\"1000\" \/>\n\t<meta property=\"og:image:type\" content=\"image\/png\" \/>\n<meta name=\"twitter:card\" content=\"summary_large_image\" \/>\n<meta name=\"twitter:label1\" content=\"\u041f\u0440\u0438\u043c\u0435\u0440\u043d\u043e\u0435 \u0432\u0440\u0435\u043c\u044f \u0434\u043b\u044f \u0447\u0442\u0435\u043d\u0438\u044f\" \/>\n\t<meta name=\"twitter:data1\" content=\"1 \u043c\u0438\u043d\u0443\u0442\u0430\" \/>\n<script type=\"application\/ld+json\" class=\"yoast-schema-graph\">{\"@context\":\"https:\\\/\\\/schema.org\",\"@graph\":[{\"@type\":\"WebPage\",\"@id\":\"https:\\\/\\\/gustoitaliano.md\\\/product\\\/faina-0-din-grau-moale-p-u-pizza-denti-w250-270-1kg\\\/\",\"url\":\"https:\\\/\\\/gustoitaliano.md\\\/product\\\/faina-0-din-grau-moale-p-u-pizza-denti-w250-270-1kg\\\/\",\"name\":\"Faina \\\"0\\\" din grau moale Pizza DENTI W250-270 1kg. - Gusto Italiano\",\"isPartOf\":{\"@id\":\"https:\\\/\\\/gustoitaliano.md\\\/ro\\\/#website\"},\"primaryImageOfPage\":{\"@id\":\"https:\\\/\\\/gustoitaliano.md\\\/product\\\/faina-0-din-grau-moale-p-u-pizza-denti-w250-270-1kg\\\/#primaryimage\"},\"image\":{\"@id\":\"https:\\\/\\\/gustoitaliano.md\\\/product\\\/faina-0-din-grau-moale-p-u-pizza-denti-w250-270-1kg\\\/#primaryimage\"},\"thumbnailUrl\":\"https:\\\/\\\/gustoitaliano.md\\\/wp-content\\\/uploads\\\/2025\\\/01\\\/Faina-\u201e0-din-grau-moale-p-u-Pizza-DENTI-W250-270-1kg-1.png\",\"datePublished\":\"2025-01-21T10:23:26+00:00\",\"dateModified\":\"2026-04-14T06:58:10+00:00\",\"description\":\"F\u0103in\u0103 italian\u0103 \u201e0\u201d DENTI W250-270, ideal\u0103 pentru pizza autentic\u0103. Textur\u0103 crocant\u0103, gust echilibrat \u0219i performan\u021b\u0103 constant\u0103 pentru profesioni\u0219ti \u0219i pasiona\u021bi.\",\"breadcrumb\":{\"@id\":\"https:\\\/\\\/gustoitaliano.md\\\/product\\\/faina-0-din-grau-moale-p-u-pizza-denti-w250-270-1kg\\\/#breadcrumb\"},\"inLanguage\":\"ru-RU\",\"potentialAction\":[{\"@type\":\"ReadAction\",\"target\":[\"https:\\\/\\\/gustoitaliano.md\\\/product\\\/faina-0-din-grau-moale-p-u-pizza-denti-w250-270-1kg\\\/\"]}]},{\"@type\":\"ImageObject\",\"inLanguage\":\"ru-RU\",\"@id\":\"https:\\\/\\\/gustoitaliano.md\\\/product\\\/faina-0-din-grau-moale-p-u-pizza-denti-w250-270-1kg\\\/#primaryimage\",\"url\":\"https:\\\/\\\/gustoitaliano.md\\\/wp-content\\\/uploads\\\/2025\\\/01\\\/Faina-\u201e0-din-grau-moale-p-u-Pizza-DENTI-W250-270-1kg-1.png\",\"contentUrl\":\"https:\\\/\\\/gustoitaliano.md\\\/wp-content\\\/uploads\\\/2025\\\/01\\\/Faina-\u201e0-din-grau-moale-p-u-Pizza-DENTI-W250-270-1kg-1.png\",\"width\":1000,\"height\":1000},{\"@type\":\"BreadcrumbList\",\"@id\":\"https:\\\/\\\/gustoitaliano.md\\\/product\\\/faina-0-din-grau-moale-p-u-pizza-denti-w250-270-1kg\\\/#breadcrumb\",\"itemListElement\":[{\"@type\":\"ListItem\",\"position\":1,\"name\":\"Prima pagin\u0103\",\"item\":\"https:\\\/\\\/gustoitaliano.md\\\/\"},{\"@type\":\"ListItem\",\"position\":2,\"name\":\"Magazin\",\"item\":\"https:\\\/\\\/gustoitaliano.md\\\/ro\\\/magazin\\\/\"},{\"@type\":\"ListItem\",\"position\":3,\"name\":\"F\u0103ina Denti\",\"item\":\"https:\\\/\\\/gustoitaliano.md\\\/product-category\\\/faina-denti\\\/\"},{\"@type\":\"ListItem\",\"position\":4,\"name\":\"Faina selectionata 1 kg\",\"item\":\"https:\\\/\\\/gustoitaliano.md\\\/product-category\\\/faina-denti\\\/faina-selectionata-1-5-kg\\\/\"},{\"@type\":\"ListItem\",\"position\":5,\"name\":\"Faina &#8222;0&#8221; din grau moale Pizza DENTI W250-270 1kg.\"}]},{\"@type\":\"WebSite\",\"@id\":\"https:\\\/\\\/gustoitaliano.md\\\/ro\\\/#website\",\"url\":\"https:\\\/\\\/gustoitaliano.md\\\/ro\\\/\",\"name\":\"Gusto Italiano\",\"description\":\"Produse Autentice Italiene\",\"publisher\":{\"@id\":\"https:\\\/\\\/gustoitaliano.md\\\/ro\\\/#organization\"},\"potentialAction\":[{\"@type\":\"SearchAction\",\"target\":{\"@type\":\"EntryPoint\",\"urlTemplate\":\"https:\\\/\\\/gustoitaliano.md\\\/ro\\\/?s={search_term_string}\"},\"query-input\":{\"@type\":\"PropertyValueSpecification\",\"valueRequired\":true,\"valueName\":\"search_term_string\"}}],\"inLanguage\":\"ru-RU\"},{\"@type\":\"Organization\",\"@id\":\"https:\\\/\\\/gustoitaliano.md\\\/ro\\\/#organization\",\"name\":\"Gusto Italiano\",\"alternateName\":\"Golden Gates SRL\",\"url\":\"https:\\\/\\\/gustoitaliano.md\\\/ro\\\/\",\"logo\":{\"@type\":\"ImageObject\",\"inLanguage\":\"ru-RU\",\"@id\":\"https:\\\/\\\/gustoitaliano.md\\\/ro\\\/#\\\/schema\\\/logo\\\/image\\\/\",\"url\":\"https:\\\/\\\/gustoitaliano.md\\\/wp-content\\\/uploads\\\/2025\\\/05\\\/logo-gusutoitaliano-2-2.png\",\"contentUrl\":\"https:\\\/\\\/gustoitaliano.md\\\/wp-content\\\/uploads\\\/2025\\\/05\\\/logo-gusutoitaliano-2-2.png\",\"width\":180,\"height\":180,\"caption\":\"Gusto Italiano\"},\"image\":{\"@id\":\"https:\\\/\\\/gustoitaliano.md\\\/ro\\\/#\\\/schema\\\/logo\\\/image\\\/\"},\"sameAs\":[\"https:\\\/\\\/www.facebook.com\\\/GoldenGates.Moldova\"]}]}<\/script>\n<!-- \/ Yoast SEO Premium plugin. -->","yoast_head_json":{"title":"Faina \"0\" din grau moale Pizza DENTI W250-270 1kg. - Gusto Italiano","description":"F\u0103in\u0103 italian\u0103 \u201e0\u201d DENTI W250-270, ideal\u0103 pentru pizza autentic\u0103. Textur\u0103 crocant\u0103, gust echilibrat \u0219i performan\u021b\u0103 constant\u0103 pentru profesioni\u0219ti \u0219i pasiona\u021bi.","robots":{"index":"index","follow":"follow","max-snippet":"max-snippet:-1","max-image-preview":"max-image-preview:large","max-video-preview":"max-video-preview:-1"},"canonical":"https:\/\/gustoitaliano.md\/ru\/product\/faina-0-din-grau-moale-p-u-pizza-denti-w250-270-1kg\/","og_locale":"ru_RU","og_type":"article","og_title":"Faina \"0\" din grau moale Pizza DENTI W250-270 1kg.","og_description":"F\u0103in\u0103 italian\u0103 \u201e0\u201d DENTI W250-270, ideal\u0103 pentru pizza autentic\u0103. Textur\u0103 crocant\u0103, gust echilibrat \u0219i performan\u021b\u0103 constant\u0103 pentru profesioni\u0219ti \u0219i pasiona\u021bi.","og_url":"https:\/\/gustoitaliano.md\/ru\/product\/faina-0-din-grau-moale-p-u-pizza-denti-w250-270-1kg\/","og_site_name":"Gusto Italiano","article_publisher":"https:\/\/www.facebook.com\/GoldenGates.Moldova","article_modified_time":"2026-04-14T06:58:10+00:00","og_image":[{"width":1000,"height":1000,"url":"https:\/\/gustoitaliano.md\/wp-content\/uploads\/2025\/01\/Faina-\u201e0-din-grau-moale-p-u-Pizza-DENTI-W250-270-1kg-1.png","type":"image\/png"}],"twitter_card":"summary_large_image","twitter_misc":{"\u041f\u0440\u0438\u043c\u0435\u0440\u043d\u043e\u0435 \u0432\u0440\u0435\u043c\u044f \u0434\u043b\u044f \u0447\u0442\u0435\u043d\u0438\u044f":"1 \u043c\u0438\u043d\u0443\u0442\u0430"},"schema":{"@context":"https:\/\/schema.org","@graph":[{"@type":"WebPage","@id":"https:\/\/gustoitaliano.md\/product\/faina-0-din-grau-moale-p-u-pizza-denti-w250-270-1kg\/","url":"https:\/\/gustoitaliano.md\/product\/faina-0-din-grau-moale-p-u-pizza-denti-w250-270-1kg\/","name":"Faina \"0\" din grau moale Pizza DENTI W250-270 1kg. - Gusto Italiano","isPartOf":{"@id":"https:\/\/gustoitaliano.md\/ro\/#website"},"primaryImageOfPage":{"@id":"https:\/\/gustoitaliano.md\/product\/faina-0-din-grau-moale-p-u-pizza-denti-w250-270-1kg\/#primaryimage"},"image":{"@id":"https:\/\/gustoitaliano.md\/product\/faina-0-din-grau-moale-p-u-pizza-denti-w250-270-1kg\/#primaryimage"},"thumbnailUrl":"https:\/\/gustoitaliano.md\/wp-content\/uploads\/2025\/01\/Faina-\u201e0-din-grau-moale-p-u-Pizza-DENTI-W250-270-1kg-1.png","datePublished":"2025-01-21T10:23:26+00:00","dateModified":"2026-04-14T06:58:10+00:00","description":"F\u0103in\u0103 italian\u0103 \u201e0\u201d DENTI W250-270, ideal\u0103 pentru pizza autentic\u0103. Textur\u0103 crocant\u0103, gust echilibrat \u0219i performan\u021b\u0103 constant\u0103 pentru profesioni\u0219ti \u0219i pasiona\u021bi.","breadcrumb":{"@id":"https:\/\/gustoitaliano.md\/product\/faina-0-din-grau-moale-p-u-pizza-denti-w250-270-1kg\/#breadcrumb"},"inLanguage":"ru-RU","potentialAction":[{"@type":"ReadAction","target":["https:\/\/gustoitaliano.md\/product\/faina-0-din-grau-moale-p-u-pizza-denti-w250-270-1kg\/"]}]},{"@type":"ImageObject","inLanguage":"ru-RU","@id":"https:\/\/gustoitaliano.md\/product\/faina-0-din-grau-moale-p-u-pizza-denti-w250-270-1kg\/#primaryimage","url":"https:\/\/gustoitaliano.md\/wp-content\/uploads\/2025\/01\/Faina-\u201e0-din-grau-moale-p-u-Pizza-DENTI-W250-270-1kg-1.png","contentUrl":"https:\/\/gustoitaliano.md\/wp-content\/uploads\/2025\/01\/Faina-\u201e0-din-grau-moale-p-u-Pizza-DENTI-W250-270-1kg-1.png","width":1000,"height":1000},{"@type":"BreadcrumbList","@id":"https:\/\/gustoitaliano.md\/product\/faina-0-din-grau-moale-p-u-pizza-denti-w250-270-1kg\/#breadcrumb","itemListElement":[{"@type":"ListItem","position":1,"name":"Prima pagin\u0103","item":"https:\/\/gustoitaliano.md\/"},{"@type":"ListItem","position":2,"name":"Magazin","item":"https:\/\/gustoitaliano.md\/ro\/magazin\/"},{"@type":"ListItem","position":3,"name":"F\u0103ina Denti","item":"https:\/\/gustoitaliano.md\/product-category\/faina-denti\/"},{"@type":"ListItem","position":4,"name":"Faina selectionata 1 kg","item":"https:\/\/gustoitaliano.md\/product-category\/faina-denti\/faina-selectionata-1-5-kg\/"},{"@type":"ListItem","position":5,"name":"Faina &#8222;0&#8221; din grau moale Pizza DENTI W250-270 1kg."}]},{"@type":"WebSite","@id":"https:\/\/gustoitaliano.md\/ro\/#website","url":"https:\/\/gustoitaliano.md\/ro\/","name":"Gusto Italiano","description":"\u0410\u0443\u0442\u0435\u043d\u0442\u0438\u0447\u043d\u044b\u0435 \u0438\u0442\u0430\u043b\u044c\u044f\u043d\u0441\u043a\u0438\u0435 \u043f\u0440\u043e\u0434\u0443\u043a\u0442\u044b","publisher":{"@id":"https:\/\/gustoitaliano.md\/ro\/#organization"},"potentialAction":[{"@type":"SearchAction","target":{"@type":"EntryPoint","urlTemplate":"https:\/\/gustoitaliano.md\/ro\/?s={search_term_string}"},"query-input":{"@type":"PropertyValueSpecification","valueRequired":true,"valueName":"search_term_string"}}],"inLanguage":"ru-RU"},{"@type":"Organization","@id":"https:\/\/gustoitaliano.md\/ro\/#organization","name":"Gusto Italiano","alternateName":"Golden Gates SRL","url":"https:\/\/gustoitaliano.md\/ro\/","logo":{"@type":"ImageObject","inLanguage":"ru-RU","@id":"https:\/\/gustoitaliano.md\/ro\/#\/schema\/logo\/image\/","url":"https:\/\/gustoitaliano.md\/wp-content\/uploads\/2025\/05\/logo-gusutoitaliano-2-2.png","contentUrl":"https:\/\/gustoitaliano.md\/wp-content\/uploads\/2025\/05\/logo-gusutoitaliano-2-2.png","width":180,"height":180,"caption":"Gusto Italiano"},"image":{"@id":"https:\/\/gustoitaliano.md\/ro\/#\/schema\/logo\/image\/"},"sameAs":["https:\/\/www.facebook.com\/GoldenGates.Moldova"]}]}},"_links":{"self":[{"href":"https:\/\/gustoitaliano.md\/ru\/wp-json\/wp\/v2\/product\/44525","targetHints":{"allow":["GET"]}}],"collection":[{"href":"https:\/\/gustoitaliano.md\/ru\/wp-json\/wp\/v2\/product"}],"about":[{"href":"https:\/\/gustoitaliano.md\/ru\/wp-json\/wp\/v2\/types\/product"}],"version-history":[{"count":1,"href":"https:\/\/gustoitaliano.md\/ru\/wp-json\/wp\/v2\/product\/44525\/revisions"}],"predecessor-version":[{"id":51522,"href":"https:\/\/gustoitaliano.md\/ru\/wp-json\/wp\/v2\/product\/44525\/revisions\/51522"}],"wp:featuredmedia":[{"embeddable":true,"href":"https:\/\/gustoitaliano.md\/ru\/wp-json\/wp\/v2\/media\/47633"}],"wp:attachment":[{"href":"https:\/\/gustoitaliano.md\/ru\/wp-json\/wp\/v2\/media?parent=44525"}],"wp:term":[{"taxonomy":"product_brand","embeddable":true,"href":"https:\/\/gustoitaliano.md\/ru\/wp-json\/wp\/v2\/product_brand?post=44525"},{"taxonomy":"product_cat","embeddable":true,"href":"https:\/\/gustoitaliano.md\/ru\/wp-json\/wp\/v2\/product_cat?post=44525"},{"taxonomy":"product_tag","embeddable":true,"href":"https:\/\/gustoitaliano.md\/ru\/wp-json\/wp\/v2\/product_tag?post=44525"}],"curies":[{"name":"wp","href":"https:\/\/api.w.org\/{rel}","templated":true}]}}