{"id":44530,"date":"2025-01-21T12:23:26","date_gmt":"2025-01-21T10:23:26","guid":{"rendered":"https:\/\/gustoitaliano.md\/?post_type=product&#038;p=44530"},"modified":"2026-01-26T14:48:06","modified_gmt":"2026-01-26T12:48:06","slug":"pulpa-de-rosii-in-bucati-polpa-ortolina-rodolfi-400-gr","status":"publish","type":"product","link":"https:\/\/gustoitaliano.md\/ru\/product\/pulpa-de-rosii-in-bucati-polpa-ortolina-rodolfi-400-gr\/","title":{"rendered":"Pulpa de rosii in bucati \/ Polpa RODOLFI 400 gr."},"content":{"rendered":"<p data-start=\"365\" data-end=\"639\"><strong data-start=\"365\" data-end=\"382\">Polpa Rodolfi<\/strong> este o pulp\u0103 de ro\u0219ii \u00een buc\u0103\u021bi, ob\u021binut\u0103 din <strong data-start=\"429\" data-end=\"466\">ro\u0219ii italiene atent selec\u021bionate<\/strong>, tocate \u0219i conservate pentru a p\u0103stra gustul natural \u0219i textura autentic\u0103. Este un produs versatil, ideal pentru prepararea rapid\u0103 a sosurilor \u0219i re\u021betelor mediteraneene.<\/p>\n<p data-start=\"641\" data-end=\"791\">\u0418\u0434\u0435\u0430\u043b\u044c\u043d\u043e \u043f\u043e\u0434\u0445\u043e\u0434\u0438\u0442 \u0434\u043b\u044f <strong data-start=\"657\" data-end=\"708\">paste, pizza, supe, toc\u0103ni\u021be, lasagna \u0219i sosuri<\/strong>, aceast\u0103 polpa ofer\u0103 culoare intens\u0103, arom\u0103 natural\u0103 \u0219i consisten\u021b\u0103 echilibrat\u0103.<\/p>\n<ul data-start=\"793\" data-end=\"971\">\n<li data-start=\"793\" data-end=\"833\">\n<p data-start=\"795\" data-end=\"833\">Tip produs: pulp\u0103 de ro\u0219ii \u00een buc\u0103\u021bi<\/p>\n<\/li>\n<li data-start=\"834\" data-end=\"854\">\n<p data-start=\"836\" data-end=\"854\">Cantitate: 400 g<\/p>\n<\/li>\n<li data-start=\"855\" data-end=\"890\">\n<p data-start=\"857\" data-end=\"890\">Textur\u0103: buc\u0103\u021bi de ro\u0219ii tocate<\/p>\n<\/li>\n<li data-start=\"891\" data-end=\"932\">\n<p data-start=\"893\" data-end=\"932\">Utilizare: sosuri, paste, pizza, supe<\/p>\n<\/li>\n<li data-start=\"933\" data-end=\"951\">\n<p data-start=\"935\" data-end=\"951\">Brand: Rodolfi<\/p>\n<\/li>\n<li data-start=\"952\" data-end=\"971\">\n<p data-start=\"954\" data-end=\"971\">\u041f\u0440\u043e\u0438\u0441\u0445\u043e\u0436\u0434\u0435\u043d\u0438\u0435: \u0418\u0442\u0430\u043b\u0438\u044f<\/p>\n<\/li>\n<\/ul>","protected":false},"excerpt":{"rendered":"<p>Polpa Rodolfi este o pulp\u0103 de ro\u0219ii \u00een buc\u0103\u021bi, ob\u021binut\u0103 din ro\u0219ii italiene atent selec\u021bionate, tocate \u0219i conservate pentru a<\/p>","protected":false},"featured_media":50555,"template":"","meta":[],"product_brand":[2424],"product_cat":[2346,2348,2347],"product_tag":[2420],"class_list":{"0":"post-44530","1":"product","2":"type-product","3":"status-publish","4":"has-post-thumbnail","6":"product_brand-rodolfi","7":"product_cat-conserve-si-semipreparate","8":"product_cat-rosii-conservate","9":"product_cat-semifabricate-legume-conservate","10":"product_tag-retail","12":"first","13":"instock","14":"downloadable","15":"taxable","16":"shipping-taxable","17":"purchasable","18":"product-type-simple"},"yoast_head":"<!-- This site is optimized with the Yoast SEO Premium plugin v26.5 (Yoast SEO v27.3) - https:\/\/yoast.com\/product\/yoast-seo-premium-wordpress\/ -->\n<title>Pulpa de rosii in bucati \/ Polpa RODOLFI 400 gr. - Gusto Italiano<\/title>\n<meta name=\"description\" content=\"Polpa Rodolfi 400 g \u2013 pulp\u0103 de ro\u0219ii italian\u0103 \u00een buc\u0103\u021bi, ideal\u0103 pentru sosuri, paste \u0219i pizza. Gust natural \u0219i calitate autentic\u0103.\" \/>\n<meta name=\"robots\" content=\"index, follow, max-snippet:-1, max-image-preview:large, max-video-preview:-1\" \/>\n<link rel=\"canonical\" href=\"https:\/\/gustoitaliano.md\/ru\/product\/pulpa-de-rosii-in-bucati-polpa-ortolina-rodolfi-400-gr\/\" \/>\n<meta property=\"og:locale\" content=\"ru_RU\" \/>\n<meta property=\"og:type\" content=\"article\" \/>\n<meta property=\"og:title\" content=\"Pulpa de rosii in bucati \/ Polpa RODOLFI 400 gr.\" \/>\n<meta property=\"og:description\" content=\"Polpa Rodolfi 400 g \u2013 pulp\u0103 de ro\u0219ii italian\u0103 \u00een buc\u0103\u021bi, ideal\u0103 pentru sosuri, paste \u0219i pizza. Gust natural \u0219i calitate autentic\u0103.\" \/>\n<meta property=\"og:url\" content=\"https:\/\/gustoitaliano.md\/ru\/product\/pulpa-de-rosii-in-bucati-polpa-ortolina-rodolfi-400-gr\/\" \/>\n<meta property=\"og:site_name\" content=\"Gusto Italiano\" \/>\n<meta property=\"article:publisher\" content=\"https:\/\/www.facebook.com\/GoldenGates.Moldova\" \/>\n<meta property=\"article:modified_time\" content=\"2026-01-26T12:48:06+00:00\" \/>\n<meta property=\"og:image\" content=\"https:\/\/gustoitaliano.md\/wp-content\/uploads\/2025\/01\/Rodolfi-Polpa-pezzi-1.png\" \/>\n\t<meta property=\"og:image:width\" content=\"700\" \/>\n\t<meta property=\"og:image:height\" content=\"700\" \/>\n\t<meta property=\"og:image:type\" content=\"image\/png\" \/>\n<meta name=\"twitter:card\" content=\"summary_large_image\" \/>\n<meta name=\"twitter:label1\" content=\"\u041f\u0440\u0438\u043c\u0435\u0440\u043d\u043e\u0435 \u0432\u0440\u0435\u043c\u044f \u0434\u043b\u044f \u0447\u0442\u0435\u043d\u0438\u044f\" \/>\n\t<meta name=\"twitter:data1\" content=\"1 \u043c\u0438\u043d\u0443\u0442\u0430\" \/>\n<script type=\"application\/ld+json\" class=\"yoast-schema-graph\">{\"@context\":\"https:\\\/\\\/schema.org\",\"@graph\":[{\"@type\":\"WebPage\",\"@id\":\"https:\\\/\\\/gustoitaliano.md\\\/product\\\/pulpa-de-rosii-in-bucati-polpa-ortolina-rodolfi-400-gr\\\/\",\"url\":\"https:\\\/\\\/gustoitaliano.md\\\/product\\\/pulpa-de-rosii-in-bucati-polpa-ortolina-rodolfi-400-gr\\\/\",\"name\":\"Pulpa de rosii in bucati \\\/ Polpa RODOLFI 400 gr. - Gusto Italiano\",\"isPartOf\":{\"@id\":\"https:\\\/\\\/gustoitaliano.md\\\/ro\\\/#website\"},\"primaryImageOfPage\":{\"@id\":\"https:\\\/\\\/gustoitaliano.md\\\/product\\\/pulpa-de-rosii-in-bucati-polpa-ortolina-rodolfi-400-gr\\\/#primaryimage\"},\"image\":{\"@id\":\"https:\\\/\\\/gustoitaliano.md\\\/product\\\/pulpa-de-rosii-in-bucati-polpa-ortolina-rodolfi-400-gr\\\/#primaryimage\"},\"thumbnailUrl\":\"https:\\\/\\\/gustoitaliano.md\\\/wp-content\\\/uploads\\\/2025\\\/01\\\/Rodolfi-Polpa-pezzi-1.png\",\"datePublished\":\"2025-01-21T10:23:26+00:00\",\"dateModified\":\"2026-01-26T12:48:06+00:00\",\"description\":\"Polpa Rodolfi 400 g \u2013 pulp\u0103 de ro\u0219ii italian\u0103 \u00een buc\u0103\u021bi, ideal\u0103 pentru sosuri, paste \u0219i pizza. Gust natural \u0219i calitate autentic\u0103.\",\"breadcrumb\":{\"@id\":\"https:\\\/\\\/gustoitaliano.md\\\/product\\\/pulpa-de-rosii-in-bucati-polpa-ortolina-rodolfi-400-gr\\\/#breadcrumb\"},\"inLanguage\":\"ru-RU\",\"potentialAction\":[{\"@type\":\"ReadAction\",\"target\":[\"https:\\\/\\\/gustoitaliano.md\\\/product\\\/pulpa-de-rosii-in-bucati-polpa-ortolina-rodolfi-400-gr\\\/\"]}]},{\"@type\":\"ImageObject\",\"inLanguage\":\"ru-RU\",\"@id\":\"https:\\\/\\\/gustoitaliano.md\\\/product\\\/pulpa-de-rosii-in-bucati-polpa-ortolina-rodolfi-400-gr\\\/#primaryimage\",\"url\":\"https:\\\/\\\/gustoitaliano.md\\\/wp-content\\\/uploads\\\/2025\\\/01\\\/Rodolfi-Polpa-pezzi-1.png\",\"contentUrl\":\"https:\\\/\\\/gustoitaliano.md\\\/wp-content\\\/uploads\\\/2025\\\/01\\\/Rodolfi-Polpa-pezzi-1.png\",\"width\":700,\"height\":700},{\"@type\":\"BreadcrumbList\",\"@id\":\"https:\\\/\\\/gustoitaliano.md\\\/product\\\/pulpa-de-rosii-in-bucati-polpa-ortolina-rodolfi-400-gr\\\/#breadcrumb\",\"itemListElement\":[{\"@type\":\"ListItem\",\"position\":1,\"name\":\"Prima pagin\u0103\",\"item\":\"https:\\\/\\\/gustoitaliano.md\\\/\"},{\"@type\":\"ListItem\",\"position\":2,\"name\":\"Magazin\",\"item\":\"https:\\\/\\\/gustoitaliano.md\\\/ro\\\/magazin\\\/\"},{\"@type\":\"ListItem\",\"position\":3,\"name\":\"Conserve \u0219i semipreparate\",\"item\":\"https:\\\/\\\/gustoitaliano.md\\\/product-category\\\/conserve-si-semipreparate\\\/\"},{\"@type\":\"ListItem\",\"position\":4,\"name\":\"Rosii conservate\",\"item\":\"https:\\\/\\\/gustoitaliano.md\\\/product-category\\\/conserve-si-semipreparate\\\/rosii-conservate\\\/\"},{\"@type\":\"ListItem\",\"position\":5,\"name\":\"Pulpa de rosii in bucati \\\/ Polpa RODOLFI 400 gr.\"}]},{\"@type\":\"WebSite\",\"@id\":\"https:\\\/\\\/gustoitaliano.md\\\/ro\\\/#website\",\"url\":\"https:\\\/\\\/gustoitaliano.md\\\/ro\\\/\",\"name\":\"Gusto Italiano\",\"description\":\"Produse Autentice Italiene\",\"publisher\":{\"@id\":\"https:\\\/\\\/gustoitaliano.md\\\/ro\\\/#organization\"},\"potentialAction\":[{\"@type\":\"SearchAction\",\"target\":{\"@type\":\"EntryPoint\",\"urlTemplate\":\"https:\\\/\\\/gustoitaliano.md\\\/ro\\\/?s={search_term_string}\"},\"query-input\":{\"@type\":\"PropertyValueSpecification\",\"valueRequired\":true,\"valueName\":\"search_term_string\"}}],\"inLanguage\":\"ru-RU\"},{\"@type\":\"Organization\",\"@id\":\"https:\\\/\\\/gustoitaliano.md\\\/ro\\\/#organization\",\"name\":\"Gusto Italiano\",\"alternateName\":\"Golden Gates SRL\",\"url\":\"https:\\\/\\\/gustoitaliano.md\\\/ro\\\/\",\"logo\":{\"@type\":\"ImageObject\",\"inLanguage\":\"ru-RU\",\"@id\":\"https:\\\/\\\/gustoitaliano.md\\\/ro\\\/#\\\/schema\\\/logo\\\/image\\\/\",\"url\":\"https:\\\/\\\/gustoitaliano.md\\\/wp-content\\\/uploads\\\/2025\\\/05\\\/logo-gusutoitaliano-2-2.png\",\"contentUrl\":\"https:\\\/\\\/gustoitaliano.md\\\/wp-content\\\/uploads\\\/2025\\\/05\\\/logo-gusutoitaliano-2-2.png\",\"width\":180,\"height\":180,\"caption\":\"Gusto Italiano\"},\"image\":{\"@id\":\"https:\\\/\\\/gustoitaliano.md\\\/ro\\\/#\\\/schema\\\/logo\\\/image\\\/\"},\"sameAs\":[\"https:\\\/\\\/www.facebook.com\\\/GoldenGates.Moldova\"]}]}<\/script>\n<!-- \/ Yoast SEO Premium plugin. -->","yoast_head_json":{"title":"Pulpa de rosii in bucati \/ Polpa RODOLFI 400 gr. - Gusto Italiano","description":"Polpa Rodolfi 400 g \u2013 pulp\u0103 de ro\u0219ii italian\u0103 \u00een buc\u0103\u021bi, ideal\u0103 pentru sosuri, paste \u0219i pizza. Gust natural \u0219i calitate autentic\u0103.","robots":{"index":"index","follow":"follow","max-snippet":"max-snippet:-1","max-image-preview":"max-image-preview:large","max-video-preview":"max-video-preview:-1"},"canonical":"https:\/\/gustoitaliano.md\/ru\/product\/pulpa-de-rosii-in-bucati-polpa-ortolina-rodolfi-400-gr\/","og_locale":"ru_RU","og_type":"article","og_title":"Pulpa de rosii in bucati \/ Polpa RODOLFI 400 gr.","og_description":"Polpa Rodolfi 400 g \u2013 pulp\u0103 de ro\u0219ii italian\u0103 \u00een buc\u0103\u021bi, ideal\u0103 pentru sosuri, paste \u0219i pizza. Gust natural \u0219i calitate autentic\u0103.","og_url":"https:\/\/gustoitaliano.md\/ru\/product\/pulpa-de-rosii-in-bucati-polpa-ortolina-rodolfi-400-gr\/","og_site_name":"Gusto Italiano","article_publisher":"https:\/\/www.facebook.com\/GoldenGates.Moldova","article_modified_time":"2026-01-26T12:48:06+00:00","og_image":[{"width":700,"height":700,"url":"https:\/\/gustoitaliano.md\/wp-content\/uploads\/2025\/01\/Rodolfi-Polpa-pezzi-1.png","type":"image\/png"}],"twitter_card":"summary_large_image","twitter_misc":{"\u041f\u0440\u0438\u043c\u0435\u0440\u043d\u043e\u0435 \u0432\u0440\u0435\u043c\u044f \u0434\u043b\u044f \u0447\u0442\u0435\u043d\u0438\u044f":"1 \u043c\u0438\u043d\u0443\u0442\u0430"},"schema":{"@context":"https:\/\/schema.org","@graph":[{"@type":"WebPage","@id":"https:\/\/gustoitaliano.md\/product\/pulpa-de-rosii-in-bucati-polpa-ortolina-rodolfi-400-gr\/","url":"https:\/\/gustoitaliano.md\/product\/pulpa-de-rosii-in-bucati-polpa-ortolina-rodolfi-400-gr\/","name":"Pulpa de rosii in bucati \/ Polpa RODOLFI 400 gr. - Gusto Italiano","isPartOf":{"@id":"https:\/\/gustoitaliano.md\/ro\/#website"},"primaryImageOfPage":{"@id":"https:\/\/gustoitaliano.md\/product\/pulpa-de-rosii-in-bucati-polpa-ortolina-rodolfi-400-gr\/#primaryimage"},"image":{"@id":"https:\/\/gustoitaliano.md\/product\/pulpa-de-rosii-in-bucati-polpa-ortolina-rodolfi-400-gr\/#primaryimage"},"thumbnailUrl":"https:\/\/gustoitaliano.md\/wp-content\/uploads\/2025\/01\/Rodolfi-Polpa-pezzi-1.png","datePublished":"2025-01-21T10:23:26+00:00","dateModified":"2026-01-26T12:48:06+00:00","description":"Polpa Rodolfi 400 g \u2013 pulp\u0103 de ro\u0219ii italian\u0103 \u00een buc\u0103\u021bi, ideal\u0103 pentru sosuri, paste \u0219i pizza. Gust natural \u0219i calitate autentic\u0103.","breadcrumb":{"@id":"https:\/\/gustoitaliano.md\/product\/pulpa-de-rosii-in-bucati-polpa-ortolina-rodolfi-400-gr\/#breadcrumb"},"inLanguage":"ru-RU","potentialAction":[{"@type":"ReadAction","target":["https:\/\/gustoitaliano.md\/product\/pulpa-de-rosii-in-bucati-polpa-ortolina-rodolfi-400-gr\/"]}]},{"@type":"ImageObject","inLanguage":"ru-RU","@id":"https:\/\/gustoitaliano.md\/product\/pulpa-de-rosii-in-bucati-polpa-ortolina-rodolfi-400-gr\/#primaryimage","url":"https:\/\/gustoitaliano.md\/wp-content\/uploads\/2025\/01\/Rodolfi-Polpa-pezzi-1.png","contentUrl":"https:\/\/gustoitaliano.md\/wp-content\/uploads\/2025\/01\/Rodolfi-Polpa-pezzi-1.png","width":700,"height":700},{"@type":"BreadcrumbList","@id":"https:\/\/gustoitaliano.md\/product\/pulpa-de-rosii-in-bucati-polpa-ortolina-rodolfi-400-gr\/#breadcrumb","itemListElement":[{"@type":"ListItem","position":1,"name":"Prima pagin\u0103","item":"https:\/\/gustoitaliano.md\/"},{"@type":"ListItem","position":2,"name":"Magazin","item":"https:\/\/gustoitaliano.md\/ro\/magazin\/"},{"@type":"ListItem","position":3,"name":"Conserve \u0219i semipreparate","item":"https:\/\/gustoitaliano.md\/product-category\/conserve-si-semipreparate\/"},{"@type":"ListItem","position":4,"name":"Rosii conservate","item":"https:\/\/gustoitaliano.md\/product-category\/conserve-si-semipreparate\/rosii-conservate\/"},{"@type":"ListItem","position":5,"name":"Pulpa de rosii in bucati \/ Polpa RODOLFI 400 gr."}]},{"@type":"WebSite","@id":"https:\/\/gustoitaliano.md\/ro\/#website","url":"https:\/\/gustoitaliano.md\/ro\/","name":"Gusto Italiano","description":"\u0410\u0443\u0442\u0435\u043d\u0442\u0438\u0447\u043d\u044b\u0435 \u0438\u0442\u0430\u043b\u044c\u044f\u043d\u0441\u043a\u0438\u0435 \u043f\u0440\u043e\u0434\u0443\u043a\u0442\u044b","publisher":{"@id":"https:\/\/gustoitaliano.md\/ro\/#organization"},"potentialAction":[{"@type":"SearchAction","target":{"@type":"EntryPoint","urlTemplate":"https:\/\/gustoitaliano.md\/ro\/?s={search_term_string}"},"query-input":{"@type":"PropertyValueSpecification","valueRequired":true,"valueName":"search_term_string"}}],"inLanguage":"ru-RU"},{"@type":"Organization","@id":"https:\/\/gustoitaliano.md\/ro\/#organization","name":"Gusto Italiano","alternateName":"Golden Gates SRL","url":"https:\/\/gustoitaliano.md\/ro\/","logo":{"@type":"ImageObject","inLanguage":"ru-RU","@id":"https:\/\/gustoitaliano.md\/ro\/#\/schema\/logo\/image\/","url":"https:\/\/gustoitaliano.md\/wp-content\/uploads\/2025\/05\/logo-gusutoitaliano-2-2.png","contentUrl":"https:\/\/gustoitaliano.md\/wp-content\/uploads\/2025\/05\/logo-gusutoitaliano-2-2.png","width":180,"height":180,"caption":"Gusto Italiano"},"image":{"@id":"https:\/\/gustoitaliano.md\/ro\/#\/schema\/logo\/image\/"},"sameAs":["https:\/\/www.facebook.com\/GoldenGates.Moldova"]}]}},"_links":{"self":[{"href":"https:\/\/gustoitaliano.md\/ru\/wp-json\/wp\/v2\/product\/44530","targetHints":{"allow":["GET"]}}],"collection":[{"href":"https:\/\/gustoitaliano.md\/ru\/wp-json\/wp\/v2\/product"}],"about":[{"href":"https:\/\/gustoitaliano.md\/ru\/wp-json\/wp\/v2\/types\/product"}],"version-history":[{"count":0,"href":"https:\/\/gustoitaliano.md\/ru\/wp-json\/wp\/v2\/product\/44530\/revisions"}],"wp:featuredmedia":[{"embeddable":true,"href":"https:\/\/gustoitaliano.md\/ru\/wp-json\/wp\/v2\/media\/50555"}],"wp:attachment":[{"href":"https:\/\/gustoitaliano.md\/ru\/wp-json\/wp\/v2\/media?parent=44530"}],"wp:term":[{"taxonomy":"product_brand","embeddable":true,"href":"https:\/\/gustoitaliano.md\/ru\/wp-json\/wp\/v2\/product_brand?post=44530"},{"taxonomy":"product_cat","embeddable":true,"href":"https:\/\/gustoitaliano.md\/ru\/wp-json\/wp\/v2\/product_cat?post=44530"},{"taxonomy":"product_tag","embeddable":true,"href":"https:\/\/gustoitaliano.md\/ru\/wp-json\/wp\/v2\/product_tag?post=44530"}],"curies":[{"name":"wp","href":"https:\/\/api.w.org\/{rel}","templated":true}]}}