{"id":44545,"date":"2025-01-21T12:23:27","date_gmt":"2025-01-21T10:23:27","guid":{"rendered":"https:\/\/gustoitaliano.md\/?post_type=product&#038;p=44545"},"modified":"2026-04-14T09:59:37","modified_gmt":"2026-04-14T06:59:37","slug":"faina-00-calibrata-profesionala-pt-pasta-fresca-w-200-220-1kg","status":"publish","type":"product","link":"https:\/\/gustoitaliano.md\/ru\/product\/faina-00-calibrata-profesionala-pt-pasta-fresca-w-200-220-1kg\/","title":{"rendered":"\u041f\u0440\u043e\u0444\u0435\u0441\u0441\u0438\u043e\u043d\u0430\u043b\u044c\u043d\u0430\u044f \u043a\u0430\u043b\u0438\u0431\u0440\u043e\u0432\u0430\u043d\u043d\u0430\u044f \u043c\u0443\u043a\u0430 \"00\" \u0434\u043b\u044f \u0441\u0432\u0435\u0436\u0438\u0445 \u043c\u0430\u043a\u0430\u0440\u043e\u043d\u043d\u044b\u0445 \u0438\u0437\u0434\u0435\u043b\u0438\u0439 W 200-220 1 \u043a\u0433."},"content":{"rendered":"<p data-start=\"362\" data-end=\"715\">\u041c\u0443\u043a\u0430 \"00\" <strong data-start=\"373\" data-end=\"391\">DENTI W200-220<\/strong> \u044d\u0442\u043e \u043c\u0443\u043a\u0430 <strong data-start=\"405\" data-end=\"438\">\u0442\u043e\u043d\u043a\u043e \u0432\u044b\u0432\u0435\u0440\u0435\u043d\u043d\u044b\u0439 \u0438 \u043f\u0440\u043e\u0444\u0435\u0441\u0441\u0438\u043e\u043d\u0430\u043b\u044c\u043d\u044b\u0439<\/strong>\u041f\u0440\u0435\u0434\u043d\u0430\u0437\u043d\u0430\u0447\u0435\u043d \u0434\u043b\u044f \u043f\u0440\u0438\u0433\u043e\u0442\u043e\u0432\u043b\u0435\u043d\u0438\u044f \u0441\u0432\u0435\u0436\u0435\u0439 \u043f\u0430\u0441\u0442\u044b \u0432\u044b\u0441\u0448\u0435\u0433\u043e \u043a\u0430\u0447\u0435\u0441\u0442\u0432\u0430. \u0411\u043b\u0430\u0433\u043e\u0434\u0430\u0440\u044f \u0432\u044b\u0441\u043e\u043a\u043e\u0439 \u0441\u0442\u0435\u043f\u0435\u043d\u0438 \u0440\u0430\u0444\u0438\u043d\u0438\u0440\u043e\u0432\u0430\u043d\u0438\u044f \u0438 \u043f\u0440\u043e\u0447\u043d\u043e\u0441\u0442\u0438 \u043a\u043b\u0435\u0439\u043a\u043e\u0432\u0438\u043d\u044b (W200-220), \u0442\u0435\u0441\u0442\u043e \u043f\u043e\u043b\u0443\u0447\u0430\u0435\u0442\u0441\u044f <strong data-start=\"604\" data-end=\"640\">\u0413\u043b\u0430\u0434\u043a\u0438\u0439, \u043e\u0434\u043d\u043e\u0440\u043e\u0434\u043d\u044b\u0439 \u0438 \u043b\u0435\u0433\u043a\u043e \u043f\u043e\u0434\u0434\u0430\u044e\u0449\u0438\u0439\u0441\u044f \u0444\u043e\u0440\u043c\u043e\u0432\u043a\u0435<\/strong>\u0438\u0434\u0435\u0430\u043b\u044c\u043d\u043e \u043f\u043e\u0434\u0445\u043e\u0434\u0438\u0442 \u0434\u043b\u044f <strong data-start=\"655\" data-end=\"712\">\u0442\u0430\u043b\u044c\u044f\u0442\u0435\u043b\u043b\u0435, \u0440\u0430\u0432\u0438\u043e\u043b\u0438, \u043b\u0430\u0437\u0430\u043d\u044c\u044f, \u0442\u043e\u0440\u0442\u0435\u043b\u043b\u0438\u043d\u0438 \u0438\u043b\u0438 \u043d\u044c\u043e\u043a\u043a\u0438<\/strong>.<\/p>\n<p data-start=\"717\" data-end=\"936\">\u042d\u0442\u0430 \u043c\u0443\u043a\u0430 \u0441\u043e\u0445\u0440\u0430\u043d\u044f\u0435\u0442 \u0442\u0432\u0435\u0440\u0434\u0443\u044e \u0442\u0435\u043a\u0441\u0442\u0443\u0440\u0443 \u043c\u0430\u043a\u0430\u0440\u043e\u043d \u043f\u043e\u0441\u043b\u0435 \u043f\u0440\u0438\u0433\u043e\u0442\u043e\u0432\u043b\u0435\u043d\u0438\u044f, \u043d\u0435 \u0441\u043b\u0438\u043f\u0430\u044f\u0441\u044c, \u043f\u0440\u0438\u0434\u0430\u0432\u0430\u044f \u0438\u043c \u043d\u0435\u0436\u043d\u044b\u0439 \u0438 \u043d\u0430\u0441\u0442\u043e\u044f\u0449\u0438\u0439 \u0438\u0442\u0430\u043b\u044c\u044f\u043d\u0441\u043a\u0438\u0439 \u0432\u043a\u0443\u0441. \u0418\u0434\u0435\u0430\u043b\u044c\u043d\u043e \u043f\u043e\u0434\u0445\u043e\u0434\u0438\u0442 \u0434\u043b\u044f \u043f\u0440\u043e\u0444\u0435\u0441\u0441\u0438\u043e\u043d\u0430\u043b\u044c\u043d\u043e\u0433\u043e \u0438\u0441\u043f\u043e\u043b\u044c\u0437\u043e\u0432\u0430\u043d\u0438\u044f \u0438 \u0434\u043b\u044f \u044d\u043d\u0442\u0443\u0437\u0438\u0430\u0441\u0442\u043e\u0432, \u043a\u043e\u0442\u043e\u0440\u044b\u0435 \u0445\u043e\u0442\u044f\u0442 \u043f\u0440\u0438\u0433\u043e\u0442\u043e\u0432\u0438\u0442\u044c \u043f\u0430\u0441\u0442\u0443, \u043a\u0430\u043a \u0432 \u0418\u0442\u0430\u043b\u0438\u0438.<\/p>\n<ul data-start=\"938\" data-end=\"1146\">\n<li data-start=\"938\" data-end=\"982\">\n<p data-start=\"940\" data-end=\"982\">\u0422\u0438\u043f \u043c\u0443\u043a\u0438: \u043c\u0443\u043a\u0430 \u0438\u0437 \u043c\u044f\u0433\u043a\u043e\u0439 \u043f\u0448\u0435\u043d\u0438\u0446\u044b \u0440\u0430\u0437\u043c\u0435\u0440\u0430 '00'<\/p>\n<\/li>\n<li data-start=\"983\" data-end=\"1012\">\n<p data-start=\"985\" data-end=\"1012\">\u041f\u0440\u043e\u0447\u043d\u043e\u0441\u0442\u044c \u043a\u043b\u0435\u0439\u043a\u043e\u0432\u0438\u043d\u044b (W): 200-220<\/p>\n<\/li>\n<li data-start=\"1013\" data-end=\"1030\">\n<p data-start=\"1015\" data-end=\"1030\">\u0423\u043f\u0430\u043a\u043e\u0432\u043a\u0430: 1 \u043a\u0433<\/p>\n<\/li>\n<li data-start=\"1031\" data-end=\"1097\">\n<p data-start=\"1033\" data-end=\"1097\">\u0420\u0435\u043a\u043e\u043c\u0435\u043d\u0434\u0443\u0435\u0442\u0441\u044f \u0434\u043b\u044f: \u0441\u0432\u0435\u0436\u0435\u0439 \u043f\u0430\u0441\u0442\u044b, \u043d\u044c\u043e\u043a\u043a\u0438, \u0440\u0430\u0432\u0438\u043e\u043b\u0438, \u043b\u0430\u0437\u0430\u043d\u044c\u0438<\/p>\n<\/li>\n<li data-start=\"1098\" data-end=\"1117\">\n<p data-start=\"1100\" data-end=\"1117\">\u041f\u0440\u043e\u0438\u0441\u0445\u043e\u0436\u0434\u0435\u043d\u0438\u0435: \u0418\u0442\u0430\u043b\u0438\u044f<\/p>\n<\/li>\n<li data-start=\"1118\" data-end=\"1146\">\n<p data-start=\"1120\" data-end=\"1146\">\u041f\u0440\u043e\u0438\u0437\u0432\u043e\u0434\u0438\u0442\u0435\u043b\u044c: Molino Denti<\/p>\n<\/li>\n<\/ul>","protected":false},"excerpt":{"rendered":"<p>F\u0103ina \u201e00\u201d DENTI W200-220 este o f\u0103in\u0103 fin calibrat\u0103 \u0219i profesional\u0103, destinat\u0103 prepar\u0103rii pastelor proaspete de calitate superioar\u0103. Datorit\u0103 gradului<\/p>","protected":false},"featured_media":49897,"template":"","meta":[],"product_brand":[2411],"product_cat":[2410],"product_tag":[2420],"class_list":{"0":"post-44545","1":"product","2":"type-product","3":"status-publish","4":"has-post-thumbnail","6":"product_brand-denti","7":"product_cat-faina-selectionata-1-5-kg","8":"product_tag-retail","10":"first","11":"outofstock","12":"downloadable","13":"taxable","14":"shipping-taxable","15":"purchasable","16":"product-type-simple"},"yoast_head":"<!-- This site is optimized with the Yoast SEO Premium plugin v26.5 (Yoast SEO v27.4) - https:\/\/yoast.com\/product\/yoast-seo-premium-wordpress\/ -->\n<title>Faina &quot;00&quot; calibrata profesionala pt pasta fresca W 200-220 1kg. - Gusto Italiano<\/title>\n<meta name=\"description\" content=\"F\u0103in\u0103 \u201e00\u201d profesional\u0103 DENTI W200-220, special\u0103 pentru paste proaspete. Calibrare fin\u0103, elasticitate perfect\u0103 \u0219i gust autentic italian.\" \/>\n<meta name=\"robots\" content=\"index, follow, max-snippet:-1, max-image-preview:large, max-video-preview:-1\" \/>\n<link rel=\"canonical\" href=\"https:\/\/gustoitaliano.md\/ru\/product\/faina-00-calibrata-profesionala-pt-pasta-fresca-w-200-220-1kg\/\" \/>\n<meta property=\"og:locale\" content=\"ru_RU\" \/>\n<meta property=\"og:type\" content=\"article\" \/>\n<meta property=\"og:title\" content=\"Faina &quot;00&quot; calibrata profesionala pt pasta fresca W 200-220 1kg.\" \/>\n<meta property=\"og:description\" content=\"F\u0103in\u0103 \u201e00\u201d profesional\u0103 DENTI W200-220, special\u0103 pentru paste proaspete. Calibrare fin\u0103, elasticitate perfect\u0103 \u0219i gust autentic italian.\" \/>\n<meta property=\"og:url\" content=\"https:\/\/gustoitaliano.md\/ru\/product\/faina-00-calibrata-profesionala-pt-pasta-fresca-w-200-220-1kg\/\" \/>\n<meta property=\"og:site_name\" content=\"Gusto Italiano\" \/>\n<meta property=\"article:publisher\" content=\"https:\/\/www.facebook.com\/GoldenGates.Moldova\" \/>\n<meta property=\"article:modified_time\" content=\"2026-04-14T06:59:37+00:00\" \/>\n<meta property=\"og:image\" content=\"https:\/\/gustoitaliano.md\/wp-content\/uploads\/2025\/03\/fsd_pasta_1kg.jpg\" \/>\n\t<meta property=\"og:image:width\" content=\"1543\" \/>\n\t<meta property=\"og:image:height\" content=\"1710\" \/>\n\t<meta property=\"og:image:type\" content=\"image\/jpeg\" \/>\n<meta name=\"twitter:card\" content=\"summary_large_image\" \/>\n<meta name=\"twitter:label1\" content=\"\u041f\u0440\u0438\u043c\u0435\u0440\u043d\u043e\u0435 \u0432\u0440\u0435\u043c\u044f \u0434\u043b\u044f \u0447\u0442\u0435\u043d\u0438\u044f\" \/>\n\t<meta name=\"twitter:data1\" content=\"1 \u043c\u0438\u043d\u0443\u0442\u0430\" \/>\n<script type=\"application\/ld+json\" class=\"yoast-schema-graph\">{\"@context\":\"https:\\\/\\\/schema.org\",\"@graph\":[{\"@type\":\"WebPage\",\"@id\":\"https:\\\/\\\/gustoitaliano.md\\\/product\\\/faina-00-calibrata-profesionala-pt-pasta-fresca-w-200-220-1kg\\\/\",\"url\":\"https:\\\/\\\/gustoitaliano.md\\\/product\\\/faina-00-calibrata-profesionala-pt-pasta-fresca-w-200-220-1kg\\\/\",\"name\":\"Faina \\\"00\\\" calibrata profesionala pt pasta fresca W 200-220 1kg. - Gusto Italiano\",\"isPartOf\":{\"@id\":\"https:\\\/\\\/gustoitaliano.md\\\/ro\\\/#website\"},\"primaryImageOfPage\":{\"@id\":\"https:\\\/\\\/gustoitaliano.md\\\/product\\\/faina-00-calibrata-profesionala-pt-pasta-fresca-w-200-220-1kg\\\/#primaryimage\"},\"image\":{\"@id\":\"https:\\\/\\\/gustoitaliano.md\\\/product\\\/faina-00-calibrata-profesionala-pt-pasta-fresca-w-200-220-1kg\\\/#primaryimage\"},\"thumbnailUrl\":\"https:\\\/\\\/gustoitaliano.md\\\/wp-content\\\/uploads\\\/2025\\\/03\\\/fsd_pasta_1kg.jpg\",\"datePublished\":\"2025-01-21T10:23:27+00:00\",\"dateModified\":\"2026-04-14T06:59:37+00:00\",\"description\":\"F\u0103in\u0103 \u201e00\u201d profesional\u0103 DENTI W200-220, special\u0103 pentru paste proaspete. Calibrare fin\u0103, elasticitate perfect\u0103 \u0219i gust autentic italian.\",\"breadcrumb\":{\"@id\":\"https:\\\/\\\/gustoitaliano.md\\\/product\\\/faina-00-calibrata-profesionala-pt-pasta-fresca-w-200-220-1kg\\\/#breadcrumb\"},\"inLanguage\":\"ru-RU\",\"potentialAction\":[{\"@type\":\"ReadAction\",\"target\":[\"https:\\\/\\\/gustoitaliano.md\\\/product\\\/faina-00-calibrata-profesionala-pt-pasta-fresca-w-200-220-1kg\\\/\"]}]},{\"@type\":\"ImageObject\",\"inLanguage\":\"ru-RU\",\"@id\":\"https:\\\/\\\/gustoitaliano.md\\\/product\\\/faina-00-calibrata-profesionala-pt-pasta-fresca-w-200-220-1kg\\\/#primaryimage\",\"url\":\"https:\\\/\\\/gustoitaliano.md\\\/wp-content\\\/uploads\\\/2025\\\/03\\\/fsd_pasta_1kg.jpg\",\"contentUrl\":\"https:\\\/\\\/gustoitaliano.md\\\/wp-content\\\/uploads\\\/2025\\\/03\\\/fsd_pasta_1kg.jpg\",\"width\":1543,\"height\":1710},{\"@type\":\"BreadcrumbList\",\"@id\":\"https:\\\/\\\/gustoitaliano.md\\\/product\\\/faina-00-calibrata-profesionala-pt-pasta-fresca-w-200-220-1kg\\\/#breadcrumb\",\"itemListElement\":[{\"@type\":\"ListItem\",\"position\":1,\"name\":\"Prima pagin\u0103\",\"item\":\"https:\\\/\\\/gustoitaliano.md\\\/\"},{\"@type\":\"ListItem\",\"position\":2,\"name\":\"Magazin\",\"item\":\"https:\\\/\\\/gustoitaliano.md\\\/ro\\\/magazin\\\/\"},{\"@type\":\"ListItem\",\"position\":3,\"name\":\"F\u0103ina Denti\",\"item\":\"https:\\\/\\\/gustoitaliano.md\\\/product-category\\\/faina-denti\\\/\"},{\"@type\":\"ListItem\",\"position\":4,\"name\":\"Faina selectionata 1 kg\",\"item\":\"https:\\\/\\\/gustoitaliano.md\\\/product-category\\\/faina-denti\\\/faina-selectionata-1-5-kg\\\/\"},{\"@type\":\"ListItem\",\"position\":5,\"name\":\"Faina &#8222;00&#8221; calibrata profesionala pt pasta fresca W 200-220 1kg.\"}]},{\"@type\":\"WebSite\",\"@id\":\"https:\\\/\\\/gustoitaliano.md\\\/ro\\\/#website\",\"url\":\"https:\\\/\\\/gustoitaliano.md\\\/ro\\\/\",\"name\":\"Gusto Italiano\",\"description\":\"Produse Autentice Italiene\",\"publisher\":{\"@id\":\"https:\\\/\\\/gustoitaliano.md\\\/ro\\\/#organization\"},\"potentialAction\":[{\"@type\":\"SearchAction\",\"target\":{\"@type\":\"EntryPoint\",\"urlTemplate\":\"https:\\\/\\\/gustoitaliano.md\\\/ro\\\/?s={search_term_string}\"},\"query-input\":{\"@type\":\"PropertyValueSpecification\",\"valueRequired\":true,\"valueName\":\"search_term_string\"}}],\"inLanguage\":\"ru-RU\"},{\"@type\":\"Organization\",\"@id\":\"https:\\\/\\\/gustoitaliano.md\\\/ro\\\/#organization\",\"name\":\"Gusto Italiano\",\"alternateName\":\"Golden Gates SRL\",\"url\":\"https:\\\/\\\/gustoitaliano.md\\\/ro\\\/\",\"logo\":{\"@type\":\"ImageObject\",\"inLanguage\":\"ru-RU\",\"@id\":\"https:\\\/\\\/gustoitaliano.md\\\/ro\\\/#\\\/schema\\\/logo\\\/image\\\/\",\"url\":\"https:\\\/\\\/gustoitaliano.md\\\/wp-content\\\/uploads\\\/2025\\\/05\\\/logo-gusutoitaliano-2-2.png\",\"contentUrl\":\"https:\\\/\\\/gustoitaliano.md\\\/wp-content\\\/uploads\\\/2025\\\/05\\\/logo-gusutoitaliano-2-2.png\",\"width\":180,\"height\":180,\"caption\":\"Gusto Italiano\"},\"image\":{\"@id\":\"https:\\\/\\\/gustoitaliano.md\\\/ro\\\/#\\\/schema\\\/logo\\\/image\\\/\"},\"sameAs\":[\"https:\\\/\\\/www.facebook.com\\\/GoldenGates.Moldova\"]}]}<\/script>\n<!-- \/ Yoast SEO Premium plugin. -->","yoast_head_json":{"title":"Faina \"00\" calibrata profesionala pt pasta fresca W 200-220 1kg. - Gusto Italiano","description":"F\u0103in\u0103 \u201e00\u201d profesional\u0103 DENTI W200-220, special\u0103 pentru paste proaspete. Calibrare fin\u0103, elasticitate perfect\u0103 \u0219i gust autentic italian.","robots":{"index":"index","follow":"follow","max-snippet":"max-snippet:-1","max-image-preview":"max-image-preview:large","max-video-preview":"max-video-preview:-1"},"canonical":"https:\/\/gustoitaliano.md\/ru\/product\/faina-00-calibrata-profesionala-pt-pasta-fresca-w-200-220-1kg\/","og_locale":"ru_RU","og_type":"article","og_title":"Faina \"00\" calibrata profesionala pt pasta fresca W 200-220 1kg.","og_description":"F\u0103in\u0103 \u201e00\u201d profesional\u0103 DENTI W200-220, special\u0103 pentru paste proaspete. Calibrare fin\u0103, elasticitate perfect\u0103 \u0219i gust autentic italian.","og_url":"https:\/\/gustoitaliano.md\/ru\/product\/faina-00-calibrata-profesionala-pt-pasta-fresca-w-200-220-1kg\/","og_site_name":"Gusto Italiano","article_publisher":"https:\/\/www.facebook.com\/GoldenGates.Moldova","article_modified_time":"2026-04-14T06:59:37+00:00","og_image":[{"width":1543,"height":1710,"url":"https:\/\/gustoitaliano.md\/wp-content\/uploads\/2025\/03\/fsd_pasta_1kg.jpg","type":"image\/jpeg"}],"twitter_card":"summary_large_image","twitter_misc":{"\u041f\u0440\u0438\u043c\u0435\u0440\u043d\u043e\u0435 \u0432\u0440\u0435\u043c\u044f \u0434\u043b\u044f \u0447\u0442\u0435\u043d\u0438\u044f":"1 \u043c\u0438\u043d\u0443\u0442\u0430"},"schema":{"@context":"https:\/\/schema.org","@graph":[{"@type":"WebPage","@id":"https:\/\/gustoitaliano.md\/product\/faina-00-calibrata-profesionala-pt-pasta-fresca-w-200-220-1kg\/","url":"https:\/\/gustoitaliano.md\/product\/faina-00-calibrata-profesionala-pt-pasta-fresca-w-200-220-1kg\/","name":"Faina \"00\" calibrata profesionala pt pasta fresca W 200-220 1kg. - Gusto Italiano","isPartOf":{"@id":"https:\/\/gustoitaliano.md\/ro\/#website"},"primaryImageOfPage":{"@id":"https:\/\/gustoitaliano.md\/product\/faina-00-calibrata-profesionala-pt-pasta-fresca-w-200-220-1kg\/#primaryimage"},"image":{"@id":"https:\/\/gustoitaliano.md\/product\/faina-00-calibrata-profesionala-pt-pasta-fresca-w-200-220-1kg\/#primaryimage"},"thumbnailUrl":"https:\/\/gustoitaliano.md\/wp-content\/uploads\/2025\/03\/fsd_pasta_1kg.jpg","datePublished":"2025-01-21T10:23:27+00:00","dateModified":"2026-04-14T06:59:37+00:00","description":"F\u0103in\u0103 \u201e00\u201d profesional\u0103 DENTI W200-220, special\u0103 pentru paste proaspete. Calibrare fin\u0103, elasticitate perfect\u0103 \u0219i gust autentic italian.","breadcrumb":{"@id":"https:\/\/gustoitaliano.md\/product\/faina-00-calibrata-profesionala-pt-pasta-fresca-w-200-220-1kg\/#breadcrumb"},"inLanguage":"ru-RU","potentialAction":[{"@type":"ReadAction","target":["https:\/\/gustoitaliano.md\/product\/faina-00-calibrata-profesionala-pt-pasta-fresca-w-200-220-1kg\/"]}]},{"@type":"ImageObject","inLanguage":"ru-RU","@id":"https:\/\/gustoitaliano.md\/product\/faina-00-calibrata-profesionala-pt-pasta-fresca-w-200-220-1kg\/#primaryimage","url":"https:\/\/gustoitaliano.md\/wp-content\/uploads\/2025\/03\/fsd_pasta_1kg.jpg","contentUrl":"https:\/\/gustoitaliano.md\/wp-content\/uploads\/2025\/03\/fsd_pasta_1kg.jpg","width":1543,"height":1710},{"@type":"BreadcrumbList","@id":"https:\/\/gustoitaliano.md\/product\/faina-00-calibrata-profesionala-pt-pasta-fresca-w-200-220-1kg\/#breadcrumb","itemListElement":[{"@type":"ListItem","position":1,"name":"Prima pagin\u0103","item":"https:\/\/gustoitaliano.md\/"},{"@type":"ListItem","position":2,"name":"Magazin","item":"https:\/\/gustoitaliano.md\/ro\/magazin\/"},{"@type":"ListItem","position":3,"name":"F\u0103ina Denti","item":"https:\/\/gustoitaliano.md\/product-category\/faina-denti\/"},{"@type":"ListItem","position":4,"name":"Faina selectionata 1 kg","item":"https:\/\/gustoitaliano.md\/product-category\/faina-denti\/faina-selectionata-1-5-kg\/"},{"@type":"ListItem","position":5,"name":"Faina &#8222;00&#8221; calibrata profesionala pt pasta fresca W 200-220 1kg."}]},{"@type":"WebSite","@id":"https:\/\/gustoitaliano.md\/ro\/#website","url":"https:\/\/gustoitaliano.md\/ro\/","name":"Gusto Italiano","description":"\u0410\u0443\u0442\u0435\u043d\u0442\u0438\u0447\u043d\u044b\u0435 \u0438\u0442\u0430\u043b\u044c\u044f\u043d\u0441\u043a\u0438\u0435 \u043f\u0440\u043e\u0434\u0443\u043a\u0442\u044b","publisher":{"@id":"https:\/\/gustoitaliano.md\/ro\/#organization"},"potentialAction":[{"@type":"SearchAction","target":{"@type":"EntryPoint","urlTemplate":"https:\/\/gustoitaliano.md\/ro\/?s={search_term_string}"},"query-input":{"@type":"PropertyValueSpecification","valueRequired":true,"valueName":"search_term_string"}}],"inLanguage":"ru-RU"},{"@type":"Organization","@id":"https:\/\/gustoitaliano.md\/ro\/#organization","name":"Gusto Italiano","alternateName":"Golden Gates SRL","url":"https:\/\/gustoitaliano.md\/ro\/","logo":{"@type":"ImageObject","inLanguage":"ru-RU","@id":"https:\/\/gustoitaliano.md\/ro\/#\/schema\/logo\/image\/","url":"https:\/\/gustoitaliano.md\/wp-content\/uploads\/2025\/05\/logo-gusutoitaliano-2-2.png","contentUrl":"https:\/\/gustoitaliano.md\/wp-content\/uploads\/2025\/05\/logo-gusutoitaliano-2-2.png","width":180,"height":180,"caption":"Gusto Italiano"},"image":{"@id":"https:\/\/gustoitaliano.md\/ro\/#\/schema\/logo\/image\/"},"sameAs":["https:\/\/www.facebook.com\/GoldenGates.Moldova"]}]}},"_links":{"self":[{"href":"https:\/\/gustoitaliano.md\/ru\/wp-json\/wp\/v2\/product\/44545","targetHints":{"allow":["GET"]}}],"collection":[{"href":"https:\/\/gustoitaliano.md\/ru\/wp-json\/wp\/v2\/product"}],"about":[{"href":"https:\/\/gustoitaliano.md\/ru\/wp-json\/wp\/v2\/types\/product"}],"version-history":[{"count":1,"href":"https:\/\/gustoitaliano.md\/ru\/wp-json\/wp\/v2\/product\/44545\/revisions"}],"predecessor-version":[{"id":51442,"href":"https:\/\/gustoitaliano.md\/ru\/wp-json\/wp\/v2\/product\/44545\/revisions\/51442"}],"wp:featuredmedia":[{"embeddable":true,"href":"https:\/\/gustoitaliano.md\/ru\/wp-json\/wp\/v2\/media\/49897"}],"wp:attachment":[{"href":"https:\/\/gustoitaliano.md\/ru\/wp-json\/wp\/v2\/media?parent=44545"}],"wp:term":[{"taxonomy":"product_brand","embeddable":true,"href":"https:\/\/gustoitaliano.md\/ru\/wp-json\/wp\/v2\/product_brand?post=44545"},{"taxonomy":"product_cat","embeddable":true,"href":"https:\/\/gustoitaliano.md\/ru\/wp-json\/wp\/v2\/product_cat?post=44545"},{"taxonomy":"product_tag","embeddable":true,"href":"https:\/\/gustoitaliano.md\/ru\/wp-json\/wp\/v2\/product_tag?post=44545"}],"curies":[{"name":"wp","href":"https:\/\/api.w.org\/{rel}","templated":true}]}}