{"id":44627,"date":"2025-01-21T12:23:45","date_gmt":"2025-01-21T10:23:45","guid":{"rendered":"https:\/\/gustoitaliano.md\/?post_type=product&#038;p=44627"},"modified":"2026-01-26T15:00:14","modified_gmt":"2026-01-26T13:00:14","slug":"pesto-genovese-rodolfi-190-gr","status":"publish","type":"product","link":"https:\/\/gustoitaliano.md\/ru\/product\/pesto-genovese-rodolfi-190-gr\/","title":{"rendered":"\u041f\u0435\u0441\u0442\u043e \u0414\u0436\u0435\u043d\u043e\u0432\u0435\u0437\u0435 RODOLFI 190 \u0433\u0440."},"content":{"rendered":"<p data-start=\"329\" data-end=\"592\"><strong data-start=\"329\" data-end=\"355\">\u041f\u0435\u0441\u0442\u043e \u0420\u043e\u0434\u043e\u043b\u044c\u0444\u0438 \u0414\u0436\u0435\u043d\u043e\u0432\u0435\u0437\u0435<\/strong> este un sos clasic italian, preparat din <strong data-start=\"397\" data-end=\"417\">\u0441\u0432\u0435\u0436\u0438\u0439 \u0431\u0430\u0437\u0438\u043b\u0438\u043a<\/strong>, ulei, nuci \u0219i br\u00e2nzeturi, conform re\u021betei tradi\u021bionale din Liguria. Are o arom\u0103 intens\u0103 de busuioc \u0219i o textur\u0103 cremoas\u0103, fiind ideal pentru preparate rapide \u0219i autentice.<\/p>\n<p data-start=\"594\" data-end=\"771\">\u0418\u0434\u0435\u0430\u043b\u044c\u043d\u043e \u043f\u043e\u0434\u0445\u043e\u0434\u0438\u0442 \u0434\u043b\u044f <strong data-start=\"609\" data-end=\"692\">paste, gnocchi, bruschette, pizza, sandvi\u0219uri, salate sau ca baz\u0103 pentru sosuri<\/strong>, acest pesto aduce gustul autentic al buc\u0103t\u0103riei italiene \u00een orice farfurie.<\/p>\n<ul data-start=\"773\" data-end=\"976\">\n<li data-start=\"773\" data-end=\"811\">\n<p data-start=\"775\" data-end=\"811\">Tip produs: pesto verde (Genovese)<\/p>\n<\/li>\n<li data-start=\"812\" data-end=\"832\">\n<p data-start=\"814\" data-end=\"832\">\u041a\u043e\u043b\u0438\u0447\u0435\u0441\u0442\u0432\u043e: 190 \u0433<\/p>\n<\/li>\n<li data-start=\"833\" data-end=\"866\">\n<p data-start=\"835\" data-end=\"866\">Ingredient principal: busuioc<\/p>\n<\/li>\n<li data-start=\"867\" data-end=\"888\">\n<p data-start=\"869\" data-end=\"888\">\u0422\u0435\u043a\u0441\u0442\u0443\u0440\u0430: \u043a\u0440\u0435\u043c\u043e\u0432\u0430\u044f<\/p>\n<\/li>\n<li data-start=\"889\" data-end=\"937\">\n<p data-start=\"891\" data-end=\"937\">Utilizare: paste, gnocchi, bruschette, pizza<\/p>\n<\/li>\n<li data-start=\"938\" data-end=\"956\">\n<p data-start=\"940\" data-end=\"956\">Brand: Rodolfi<\/p>\n<\/li>\n<li data-start=\"957\" data-end=\"976\">\n<p data-start=\"959\" data-end=\"976\">\u041f\u0440\u043e\u0438\u0441\u0445\u043e\u0436\u0434\u0435\u043d\u0438\u0435: \u0418\u0442\u0430\u043b\u0438\u044f<\/p>\n<\/li>\n<\/ul>","protected":false},"excerpt":{"rendered":"<p>Pesto Genovese Rodolfi este un sos clasic italian, preparat din busuioc proasp\u0103t, ulei, nuci \u0219i br\u00e2nzeturi, conform re\u021betei tradi\u021bionale din<\/p>","protected":false},"featured_media":50562,"template":"","meta":[],"product_brand":[2424],"product_cat":[2361],"product_tag":[2420],"class_list":{"0":"post-44627","1":"product","2":"type-product","3":"status-publish","4":"has-post-thumbnail","6":"product_brand-rodolfi","7":"product_cat-sosuri","8":"product_tag-retail","10":"first","11":"instock","12":"downloadable","13":"taxable","14":"shipping-taxable","15":"purchasable","16":"product-type-simple"},"yoast_head":"<!-- This site is optimized with the Yoast SEO Premium plugin v26.5 (Yoast SEO v27.4) - https:\/\/yoast.com\/product\/yoast-seo-premium-wordpress\/ -->\n<title>Pesto Genovese RODOLFI 190 gr. - Gusto Italiano<\/title>\n<meta name=\"description\" content=\"Pesto Genovese Rodolfi 190 g \u2013 sos italian clasic cu busuioc, arom\u0103 intens\u0103 \u0219i textur\u0103 cremoas\u0103. Ideal pentru paste, gnocchi \u0219i bruschette.\" \/>\n<meta name=\"robots\" content=\"index, follow, max-snippet:-1, max-image-preview:large, max-video-preview:-1\" \/>\n<link rel=\"canonical\" href=\"https:\/\/gustoitaliano.md\/ru\/product\/pesto-genovese-rodolfi-190-gr\/\" \/>\n<meta property=\"og:locale\" content=\"ru_RU\" \/>\n<meta property=\"og:type\" content=\"article\" \/>\n<meta property=\"og:title\" content=\"Pesto Genovese RODOLFI 190 gr.\" \/>\n<meta property=\"og:description\" content=\"Pesto Genovese Rodolfi 190 g \u2013 sos italian clasic cu busuioc, arom\u0103 intens\u0103 \u0219i textur\u0103 cremoas\u0103. Ideal pentru paste, gnocchi \u0219i bruschette.\" \/>\n<meta property=\"og:url\" content=\"https:\/\/gustoitaliano.md\/ru\/product\/pesto-genovese-rodolfi-190-gr\/\" \/>\n<meta property=\"og:site_name\" content=\"Gusto Italiano\" \/>\n<meta property=\"article:publisher\" content=\"https:\/\/www.facebook.com\/GoldenGates.Moldova\" \/>\n<meta property=\"article:modified_time\" content=\"2026-01-26T13:00:14+00:00\" \/>\n<meta property=\"og:image\" content=\"https:\/\/gustoitaliano.md\/wp-content\/uploads\/2025\/01\/Rodolfi-Pesto-verde.png\" \/>\n\t<meta property=\"og:image:width\" content=\"700\" \/>\n\t<meta property=\"og:image:height\" content=\"700\" \/>\n\t<meta property=\"og:image:type\" content=\"image\/png\" \/>\n<meta name=\"twitter:card\" content=\"summary_large_image\" \/>\n<meta name=\"twitter:label1\" content=\"\u041f\u0440\u0438\u043c\u0435\u0440\u043d\u043e\u0435 \u0432\u0440\u0435\u043c\u044f \u0434\u043b\u044f \u0447\u0442\u0435\u043d\u0438\u044f\" \/>\n\t<meta name=\"twitter:data1\" content=\"1 \u043c\u0438\u043d\u0443\u0442\u0430\" \/>\n<script type=\"application\/ld+json\" class=\"yoast-schema-graph\">{\"@context\":\"https:\\\/\\\/schema.org\",\"@graph\":[{\"@type\":\"WebPage\",\"@id\":\"https:\\\/\\\/gustoitaliano.md\\\/product\\\/pesto-genovese-rodolfi-190-gr\\\/\",\"url\":\"https:\\\/\\\/gustoitaliano.md\\\/product\\\/pesto-genovese-rodolfi-190-gr\\\/\",\"name\":\"Pesto Genovese RODOLFI 190 gr. - Gusto Italiano\",\"isPartOf\":{\"@id\":\"https:\\\/\\\/gustoitaliano.md\\\/ro\\\/#website\"},\"primaryImageOfPage\":{\"@id\":\"https:\\\/\\\/gustoitaliano.md\\\/product\\\/pesto-genovese-rodolfi-190-gr\\\/#primaryimage\"},\"image\":{\"@id\":\"https:\\\/\\\/gustoitaliano.md\\\/product\\\/pesto-genovese-rodolfi-190-gr\\\/#primaryimage\"},\"thumbnailUrl\":\"https:\\\/\\\/gustoitaliano.md\\\/wp-content\\\/uploads\\\/2025\\\/01\\\/Rodolfi-Pesto-verde.png\",\"datePublished\":\"2025-01-21T10:23:45+00:00\",\"dateModified\":\"2026-01-26T13:00:14+00:00\",\"description\":\"Pesto Genovese Rodolfi 190 g \u2013 sos italian clasic cu busuioc, arom\u0103 intens\u0103 \u0219i textur\u0103 cremoas\u0103. Ideal pentru paste, gnocchi \u0219i bruschette.\",\"breadcrumb\":{\"@id\":\"https:\\\/\\\/gustoitaliano.md\\\/product\\\/pesto-genovese-rodolfi-190-gr\\\/#breadcrumb\"},\"inLanguage\":\"ru-RU\",\"potentialAction\":[{\"@type\":\"ReadAction\",\"target\":[\"https:\\\/\\\/gustoitaliano.md\\\/product\\\/pesto-genovese-rodolfi-190-gr\\\/\"]}]},{\"@type\":\"ImageObject\",\"inLanguage\":\"ru-RU\",\"@id\":\"https:\\\/\\\/gustoitaliano.md\\\/product\\\/pesto-genovese-rodolfi-190-gr\\\/#primaryimage\",\"url\":\"https:\\\/\\\/gustoitaliano.md\\\/wp-content\\\/uploads\\\/2025\\\/01\\\/Rodolfi-Pesto-verde.png\",\"contentUrl\":\"https:\\\/\\\/gustoitaliano.md\\\/wp-content\\\/uploads\\\/2025\\\/01\\\/Rodolfi-Pesto-verde.png\",\"width\":700,\"height\":700},{\"@type\":\"BreadcrumbList\",\"@id\":\"https:\\\/\\\/gustoitaliano.md\\\/product\\\/pesto-genovese-rodolfi-190-gr\\\/#breadcrumb\",\"itemListElement\":[{\"@type\":\"ListItem\",\"position\":1,\"name\":\"Prima pagin\u0103\",\"item\":\"https:\\\/\\\/gustoitaliano.md\\\/\"},{\"@type\":\"ListItem\",\"position\":2,\"name\":\"Magazin\",\"item\":\"https:\\\/\\\/gustoitaliano.md\\\/ro\\\/magazin\\\/\"},{\"@type\":\"ListItem\",\"position\":3,\"name\":\"Sosuri \u0219i Uleiuri\",\"item\":\"https:\\\/\\\/gustoitaliano.md\\\/product-category\\\/sosuri-si-uleiuri\\\/\"},{\"@type\":\"ListItem\",\"position\":4,\"name\":\"Sosuri\",\"item\":\"https:\\\/\\\/gustoitaliano.md\\\/product-category\\\/sosuri-si-uleiuri\\\/sosuri\\\/\"},{\"@type\":\"ListItem\",\"position\":5,\"name\":\"Pesto Genovese RODOLFI 190 gr.\"}]},{\"@type\":\"WebSite\",\"@id\":\"https:\\\/\\\/gustoitaliano.md\\\/ro\\\/#website\",\"url\":\"https:\\\/\\\/gustoitaliano.md\\\/ro\\\/\",\"name\":\"Gusto Italiano\",\"description\":\"Produse Autentice Italiene\",\"publisher\":{\"@id\":\"https:\\\/\\\/gustoitaliano.md\\\/ro\\\/#organization\"},\"potentialAction\":[{\"@type\":\"SearchAction\",\"target\":{\"@type\":\"EntryPoint\",\"urlTemplate\":\"https:\\\/\\\/gustoitaliano.md\\\/ro\\\/?s={search_term_string}\"},\"query-input\":{\"@type\":\"PropertyValueSpecification\",\"valueRequired\":true,\"valueName\":\"search_term_string\"}}],\"inLanguage\":\"ru-RU\"},{\"@type\":\"Organization\",\"@id\":\"https:\\\/\\\/gustoitaliano.md\\\/ro\\\/#organization\",\"name\":\"Gusto Italiano\",\"alternateName\":\"Golden Gates SRL\",\"url\":\"https:\\\/\\\/gustoitaliano.md\\\/ro\\\/\",\"logo\":{\"@type\":\"ImageObject\",\"inLanguage\":\"ru-RU\",\"@id\":\"https:\\\/\\\/gustoitaliano.md\\\/ro\\\/#\\\/schema\\\/logo\\\/image\\\/\",\"url\":\"https:\\\/\\\/gustoitaliano.md\\\/wp-content\\\/uploads\\\/2025\\\/05\\\/logo-gusutoitaliano-2-2.png\",\"contentUrl\":\"https:\\\/\\\/gustoitaliano.md\\\/wp-content\\\/uploads\\\/2025\\\/05\\\/logo-gusutoitaliano-2-2.png\",\"width\":180,\"height\":180,\"caption\":\"Gusto Italiano\"},\"image\":{\"@id\":\"https:\\\/\\\/gustoitaliano.md\\\/ro\\\/#\\\/schema\\\/logo\\\/image\\\/\"},\"sameAs\":[\"https:\\\/\\\/www.facebook.com\\\/GoldenGates.Moldova\"]}]}<\/script>\n<!-- \/ Yoast SEO Premium plugin. -->","yoast_head_json":{"title":"Pesto Genovese RODOLFI 190 gr. - Gusto Italiano","description":"Pesto Genovese Rodolfi 190 g \u2013 sos italian clasic cu busuioc, arom\u0103 intens\u0103 \u0219i textur\u0103 cremoas\u0103. Ideal pentru paste, gnocchi \u0219i bruschette.","robots":{"index":"index","follow":"follow","max-snippet":"max-snippet:-1","max-image-preview":"max-image-preview:large","max-video-preview":"max-video-preview:-1"},"canonical":"https:\/\/gustoitaliano.md\/ru\/product\/pesto-genovese-rodolfi-190-gr\/","og_locale":"ru_RU","og_type":"article","og_title":"Pesto Genovese RODOLFI 190 gr.","og_description":"Pesto Genovese Rodolfi 190 g \u2013 sos italian clasic cu busuioc, arom\u0103 intens\u0103 \u0219i textur\u0103 cremoas\u0103. Ideal pentru paste, gnocchi \u0219i bruschette.","og_url":"https:\/\/gustoitaliano.md\/ru\/product\/pesto-genovese-rodolfi-190-gr\/","og_site_name":"Gusto Italiano","article_publisher":"https:\/\/www.facebook.com\/GoldenGates.Moldova","article_modified_time":"2026-01-26T13:00:14+00:00","og_image":[{"width":700,"height":700,"url":"https:\/\/gustoitaliano.md\/wp-content\/uploads\/2025\/01\/Rodolfi-Pesto-verde.png","type":"image\/png"}],"twitter_card":"summary_large_image","twitter_misc":{"\u041f\u0440\u0438\u043c\u0435\u0440\u043d\u043e\u0435 \u0432\u0440\u0435\u043c\u044f \u0434\u043b\u044f \u0447\u0442\u0435\u043d\u0438\u044f":"1 \u043c\u0438\u043d\u0443\u0442\u0430"},"schema":{"@context":"https:\/\/schema.org","@graph":[{"@type":"WebPage","@id":"https:\/\/gustoitaliano.md\/product\/pesto-genovese-rodolfi-190-gr\/","url":"https:\/\/gustoitaliano.md\/product\/pesto-genovese-rodolfi-190-gr\/","name":"Pesto Genovese RODOLFI 190 gr. - Gusto Italiano","isPartOf":{"@id":"https:\/\/gustoitaliano.md\/ro\/#website"},"primaryImageOfPage":{"@id":"https:\/\/gustoitaliano.md\/product\/pesto-genovese-rodolfi-190-gr\/#primaryimage"},"image":{"@id":"https:\/\/gustoitaliano.md\/product\/pesto-genovese-rodolfi-190-gr\/#primaryimage"},"thumbnailUrl":"https:\/\/gustoitaliano.md\/wp-content\/uploads\/2025\/01\/Rodolfi-Pesto-verde.png","datePublished":"2025-01-21T10:23:45+00:00","dateModified":"2026-01-26T13:00:14+00:00","description":"Pesto Genovese Rodolfi 190 g \u2013 sos italian clasic cu busuioc, arom\u0103 intens\u0103 \u0219i textur\u0103 cremoas\u0103. Ideal pentru paste, gnocchi \u0219i bruschette.","breadcrumb":{"@id":"https:\/\/gustoitaliano.md\/product\/pesto-genovese-rodolfi-190-gr\/#breadcrumb"},"inLanguage":"ru-RU","potentialAction":[{"@type":"ReadAction","target":["https:\/\/gustoitaliano.md\/product\/pesto-genovese-rodolfi-190-gr\/"]}]},{"@type":"ImageObject","inLanguage":"ru-RU","@id":"https:\/\/gustoitaliano.md\/product\/pesto-genovese-rodolfi-190-gr\/#primaryimage","url":"https:\/\/gustoitaliano.md\/wp-content\/uploads\/2025\/01\/Rodolfi-Pesto-verde.png","contentUrl":"https:\/\/gustoitaliano.md\/wp-content\/uploads\/2025\/01\/Rodolfi-Pesto-verde.png","width":700,"height":700},{"@type":"BreadcrumbList","@id":"https:\/\/gustoitaliano.md\/product\/pesto-genovese-rodolfi-190-gr\/#breadcrumb","itemListElement":[{"@type":"ListItem","position":1,"name":"Prima pagin\u0103","item":"https:\/\/gustoitaliano.md\/"},{"@type":"ListItem","position":2,"name":"Magazin","item":"https:\/\/gustoitaliano.md\/ro\/magazin\/"},{"@type":"ListItem","position":3,"name":"Sosuri \u0219i Uleiuri","item":"https:\/\/gustoitaliano.md\/product-category\/sosuri-si-uleiuri\/"},{"@type":"ListItem","position":4,"name":"Sosuri","item":"https:\/\/gustoitaliano.md\/product-category\/sosuri-si-uleiuri\/sosuri\/"},{"@type":"ListItem","position":5,"name":"Pesto Genovese RODOLFI 190 gr."}]},{"@type":"WebSite","@id":"https:\/\/gustoitaliano.md\/ro\/#website","url":"https:\/\/gustoitaliano.md\/ro\/","name":"Gusto Italiano","description":"\u0410\u0443\u0442\u0435\u043d\u0442\u0438\u0447\u043d\u044b\u0435 \u0438\u0442\u0430\u043b\u044c\u044f\u043d\u0441\u043a\u0438\u0435 \u043f\u0440\u043e\u0434\u0443\u043a\u0442\u044b","publisher":{"@id":"https:\/\/gustoitaliano.md\/ro\/#organization"},"potentialAction":[{"@type":"SearchAction","target":{"@type":"EntryPoint","urlTemplate":"https:\/\/gustoitaliano.md\/ro\/?s={search_term_string}"},"query-input":{"@type":"PropertyValueSpecification","valueRequired":true,"valueName":"search_term_string"}}],"inLanguage":"ru-RU"},{"@type":"Organization","@id":"https:\/\/gustoitaliano.md\/ro\/#organization","name":"Gusto Italiano","alternateName":"Golden Gates SRL","url":"https:\/\/gustoitaliano.md\/ro\/","logo":{"@type":"ImageObject","inLanguage":"ru-RU","@id":"https:\/\/gustoitaliano.md\/ro\/#\/schema\/logo\/image\/","url":"https:\/\/gustoitaliano.md\/wp-content\/uploads\/2025\/05\/logo-gusutoitaliano-2-2.png","contentUrl":"https:\/\/gustoitaliano.md\/wp-content\/uploads\/2025\/05\/logo-gusutoitaliano-2-2.png","width":180,"height":180,"caption":"Gusto Italiano"},"image":{"@id":"https:\/\/gustoitaliano.md\/ro\/#\/schema\/logo\/image\/"},"sameAs":["https:\/\/www.facebook.com\/GoldenGates.Moldova"]}]}},"_links":{"self":[{"href":"https:\/\/gustoitaliano.md\/ru\/wp-json\/wp\/v2\/product\/44627","targetHints":{"allow":["GET"]}}],"collection":[{"href":"https:\/\/gustoitaliano.md\/ru\/wp-json\/wp\/v2\/product"}],"about":[{"href":"https:\/\/gustoitaliano.md\/ru\/wp-json\/wp\/v2\/types\/product"}],"version-history":[{"count":0,"href":"https:\/\/gustoitaliano.md\/ru\/wp-json\/wp\/v2\/product\/44627\/revisions"}],"wp:featuredmedia":[{"embeddable":true,"href":"https:\/\/gustoitaliano.md\/ru\/wp-json\/wp\/v2\/media\/50562"}],"wp:attachment":[{"href":"https:\/\/gustoitaliano.md\/ru\/wp-json\/wp\/v2\/media?parent=44627"}],"wp:term":[{"taxonomy":"product_brand","embeddable":true,"href":"https:\/\/gustoitaliano.md\/ru\/wp-json\/wp\/v2\/product_brand?post=44627"},{"taxonomy":"product_cat","embeddable":true,"href":"https:\/\/gustoitaliano.md\/ru\/wp-json\/wp\/v2\/product_cat?post=44627"},{"taxonomy":"product_tag","embeddable":true,"href":"https:\/\/gustoitaliano.md\/ru\/wp-json\/wp\/v2\/product_tag?post=44627"}],"curies":[{"name":"wp","href":"https:\/\/api.w.org\/{rel}","templated":true}]}}