{"id":44719,"date":"2025-01-21T12:24:06","date_gmt":"2025-01-21T10:24:06","guid":{"rendered":"https:\/\/gustoitaliano.md\/?post_type=product&#038;p=44719"},"modified":"2025-08-19T14:55:46","modified_gmt":"2025-08-19T11:55:46","slug":"frutti-del-cappero-all-aceto-zuccato-690-gr","status":"publish","type":"product","link":"https:\/\/gustoitaliano.md\/ru\/product\/frutti-del-cappero-all-aceto-zuccato-690-gr\/","title":{"rendered":"Frutti del Cappero all aceto ZUCCATO 690 gr."},"content":{"rendered":"<p><strong>\u041f\u043b\u043e\u0434\u044b \u043a\u0430\u043f\u0435\u0440\u0441\u043e\u0432 \u0441 \u043f\u043e\u0434\u0441\u043b\u0430\u0449\u0435\u043d\u043d\u044b\u043c \u0443\u043a\u0441\u0443\u0441\u043e\u043c<\/strong> \u044d\u0442\u043e \u043a\u043e\u043d\u0441\u0435\u0440\u0432\u0438\u0440\u043e\u0432\u0430\u043d\u043d\u044b\u0435 \u0432 \u0443\u043a\u0441\u0443\u0441\u0435 \u043f\u043b\u043e\u0434\u044b \u043a\u0430\u043f\u0435\u0440\u0441\u043e\u0432, \u043f\u0435\u0440\u0432\u043e\u043a\u043b\u0430\u0441\u0441\u043d\u044b\u0439 \u0438\u043d\u0433\u0440\u0435\u0434\u0438\u0435\u043d\u0442 \u0438\u0442\u0430\u043b\u044c\u044f\u043d\u0441\u043a\u043e\u0439 \u043a\u0443\u0445\u043d\u0438. \u041e\u0431\u043b\u0430\u0434\u0430\u044f \u0443\u043d\u0438\u043a\u0430\u043b\u044c\u043d\u044b\u043c, \u0441\u043b\u0435\u0433\u043a\u0430 \u0442\u0435\u0440\u043f\u043a\u0438\u043c \u0432\u043a\u0443\u0441\u043e\u043c \u0438 \u0445\u0440\u0443\u0441\u0442\u044f\u0449\u0435\u0439 \u0442\u0435\u043a\u0441\u0442\u0443\u0440\u043e\u0439, \u044d\u0442\u0438 \u0434\u0435\u043b\u0438\u043a\u0430\u0442\u0435\u0441\u044b \u0438\u0434\u0435\u0430\u043b\u044c\u043d\u043e \u043f\u043e\u0434\u0445\u043e\u0434\u044f\u0442 \u0434\u043b\u044f \u043e\u0431\u043e\u0433\u0430\u0449\u0435\u043d\u0438\u044f \u0438\u0437\u044b\u0441\u043a\u0430\u043d\u043d\u044b\u0445 \u0431\u043b\u044e\u0434. \u0423\u043f\u0430\u043a\u043e\u0432\u043a\u0430 690 \u0433 \u0438\u0434\u0435\u0430\u043b\u044c\u043d\u043e \u043f\u043e\u0434\u0445\u043e\u0434\u0438\u0442 \u0434\u043b\u044f \u0440\u0435\u0441\u0442\u043e\u0440\u0430\u043d\u043e\u0432 \u0438 \u0434\u043e\u043c\u0430\u0448\u043d\u0438\u0445 \u0445\u043e\u0437\u044f\u0439\u0441\u0442\u0432, \u043a\u043e\u0442\u043e\u0440\u044b\u0435 \u0446\u0435\u043d\u044f\u0442 \u043f\u043e\u0434\u043b\u0438\u043d\u043d\u044b\u0439 \u0441\u0440\u0435\u0434\u0438\u0437\u0435\u043c\u043d\u043e\u043c\u043e\u0440\u0441\u043a\u0438\u0439 \u0432\u043a\u0443\u0441.<\/p>\n<p>\u0420\u0435\u043a\u043e\u043c\u0435\u043d\u0434\u0430\u0446\u0438\u0438 \u043f\u043e \u043f\u0440\u0438\u043c\u0435\u043d\u0435\u043d\u0438\u044e:<\/p>\n<p>\u0414\u043b\u044f \u0441\u0430\u043b\u0430\u0442\u043e\u0432: \u0414\u043e\u0431\u0430\u0432\u044c\u0442\u0435 \u043a\u0430\u043f\u0435\u0440\u0441\u044b \u0432 \u0441\u0432\u0435\u0436\u0438\u0435 \u0441\u0430\u043b\u0430\u0442\u044b, \u0441\u0430\u043b\u0430\u0442\u044b \u0441 \u0442\u0443\u043d\u0446\u043e\u043c \u0438\u043b\u0438 \u043e\u0432\u043e\u0449\u043d\u044b\u0435 \u0441\u0430\u043b\u0430\u0442\u044b.<\/p>\n<p>\u0414\u043b\u044f \u0437\u0430\u043a\u0443\u0441\u043e\u043a: \u0438\u0441\u043f\u043e\u043b\u044c\u0437\u0443\u0439\u0442\u0435 \u0438\u0445 \u0434\u043b\u044f \u0441\u044b\u0440\u043d\u044b\u0445 \u0442\u0430\u0440\u0435\u043b\u043e\u043a, \u0445\u043e\u043b\u043e\u0434\u043d\u043e\u0433\u043e \u043c\u044f\u0441\u0430 \u0438\u043b\u0438 \u0431\u0440\u0443\u0441\u043a\u0435\u0442\u0442.<\/p>\n<p>\u0414\u043b\u044f \u0440\u044b\u0431\u044b \u0438 \u043c\u043e\u0440\u0435\u043f\u0440\u043e\u0434\u0443\u043a\u0442\u043e\u0432: \u041f\u043e\u0434\u0430\u0432\u0430\u0439\u0442\u0435 \u0441 \u0436\u0430\u0440\u0435\u043d\u043e\u0439 \u0440\u044b\u0431\u043e\u0439, \u0442\u0430\u0440\u0442\u0430\u0440\u043e\u043c \u0438\u0437 \u0442\u0443\u043d\u0446\u0430 \u0438\u043b\u0438 \u043c\u043e\u0440\u0435\u043f\u0440\u043e\u0434\u0443\u043a\u0442\u0430\u043c\u0438.<\/p>\n<p>\u0414\u043b\u044f \u0441\u043e\u0443\u0441\u043e\u0432: \u0421\u043e\u0447\u0435\u0442\u0430\u0439\u0442\u0435 \u0441 \u0441\u043e\u0443\u0441\u0430\u043c\u0438 \u043d\u0430 \u043e\u0441\u043d\u043e\u0432\u0435 \u0442\u043e\u043c\u0430\u0442\u043e\u0432 \u0438\u043b\u0438 \u0431\u0435\u043b\u044b\u043c \u0432\u0438\u043d\u043e\u043c \u0434\u043b\u044f \u043f\u0440\u0438\u0434\u0430\u043d\u0438\u044f \u0434\u043e\u043f\u043e\u043b\u043d\u0438\u0442\u0435\u043b\u044c\u043d\u043e\u0433\u043e \u0432\u043a\u0443\u0441\u0430.<\/p>\n<p><strong>\u0420\u0435\u0446\u0435\u043f\u0442: \u0421\u0430\u043b\u0430\u0442 \u0438\u0437 \u0442\u0443\u043d\u0446\u0430 \u0441 \u0444\u0440\u0443\u0442\u0442\u0438 \u0434\u0435\u043b\u044c \u043a\u0430\u043f\u043f\u0435\u0440\u043e<\/strong><\/p>\n<p>\u0418\u043d\u0433\u0440\u0435\u0434\u0438\u0435\u043d\u0442:<\/p>\n<p>2 <a href=\"https:\/\/gustoitaliano.md\/ru\/produs\/ton-in-ulei-de-masline-tonno-capri-olio-oliva-3-buc80-gr\/\">\u041a\u043e\u043d\u0441\u0435\u0440\u0432\u0438\u0440\u043e\u0432\u0430\u043d\u043d\u044b\u0439 \u0442\u0443\u043d\u0435\u0446 \u0432 \u043e\u043b\u0438\u0432\u043a\u043e\u0432\u043e\u043c \u043c\u0430\u0441\u043b\u0435<\/a><\/p>\n<p>1 \u0442\u043e\u043d\u043a\u043e \u043d\u0430\u0440\u0435\u0437\u0430\u043d\u043d\u044b\u0439 \u043a\u0440\u0430\u0441\u043d\u044b\u0439 \u043b\u0443\u043a<\/p>\n<p>100 \u0433\u0440 \u043f\u043e\u0434\u0441\u043b\u0430\u0449\u0435\u043d\u043d\u043e\u0433\u043e \u0443\u043a\u0441\u0443\u0441\u0430 \u041a\u0430\u043f\u0435\u0440\u0441\u044b<\/p>\n<p>100 \u0433\u0440. \u043f\u043e\u043c\u0438\u0434\u043e\u0440\u043e\u0432 \u0447\u0435\u0440\u0440\u0438, \u0440\u0430\u0437\u0440\u0435\u0437\u0430\u043d\u043d\u044b\u0445 \u043d\u0430 \u043f\u043e\u043b\u043e\u0432\u0438\u043d\u043a\u0438<\/p>\n<p>1 \u0441\u0442\u043e\u043b\u043e\u0432\u0430\u044f \u043b\u043e\u0436\u043a\u0430 <a href=\"https:\/\/gustoitaliano.md\/ru\/produs\/olio-extravergine-non-filtrato-750-ml\/\">\u041e\u043b\u0438\u0432\u043a\u043e\u0432\u043e\u0435 \u043c\u0430\u0441\u043b\u043e \u044d\u043a\u0441\u0442\u0440\u0430-\u043a\u043b\u0430\u0441\u0441\u0430<\/a><\/p>\n<p>1 \u0441\u0442.\u043b. \u043b\u0438\u043c\u043e\u043d\u043d\u043e\u0433\u043e \u0441\u043e\u043a\u0430<\/p>\n<p>\u0421\u043e\u043b\u044c \u0438 \u043f\u0435\u0440\u0435\u0446 \u043f\u043e \u0432\u043a\u0443\u0441\u0443<\/p>\n<p><em>\u041f\u043e\u0434\u0433\u043e\u0442\u043e\u0432\u043a\u0430:<\/em><\/p>\n<p>\u0421\u043b\u0435\u0439\u0442\u0435 \u0432\u043e\u0434\u0443 \u0438\u0437 \u0442\u0443\u043d\u0446\u0430 \u0438 \u043f\u043e\u043b\u043e\u0436\u0438\u0442\u0435 \u0435\u0433\u043e \u0432 \u043c\u0438\u0441\u043a\u0443.<\/p>\n<p>\u0414\u043e\u0431\u0430\u0432\u044c\u0442\u0435 \u043b\u0443\u043a, \u043f\u043e\u043c\u0438\u0434\u043e\u0440\u044b \u0438 \u043a\u0430\u043f\u0435\u0440\u0441\u044b \u043f\u043e\u0432\u0435\u0440\u0445 \u0442\u0443\u043d\u0446\u0430.<\/p>\n<p>\u0421\u0431\u0440\u044b\u0437\u043d\u0438\u0442\u0435 \u0441\u0430\u043b\u0430\u0442 \u043e\u043b\u0438\u0432\u043a\u043e\u0432\u044b\u043c \u043c\u0430\u0441\u043b\u043e\u043c \u0438 \u043b\u0438\u043c\u043e\u043d\u043d\u044b\u043c \u0441\u043e\u043a\u043e\u043c.<\/p>\n<p>\u041f\u0440\u0438\u043f\u0440\u0430\u0432\u044c\u0442\u0435 \u0441\u043e\u043b\u044c\u044e \u0438 \u043f\u0435\u0440\u0446\u0435\u043c, \u0430\u043a\u043a\u0443\u0440\u0430\u0442\u043d\u043e \u043f\u0435\u0440\u0435\u043c\u0435\u0448\u0430\u0439\u0442\u0435 \u0438 \u043f\u043e\u0434\u0430\u0432\u0430\u0439\u0442\u0435 \u0445\u043e\u043b\u043e\u0434\u043d\u044b\u043c.<\/p>\n<p>\u0421\u043e\u0432\u0435\u0442: \u0414\u043e\u043f\u043e\u043b\u043d\u0438\u0442\u0435 \u044d\u0442\u043e\u0442 \u0441\u0430\u043b\u0430\u0442 \u0445\u0440\u0443\u0441\u0442\u044f\u0449\u0438\u043c\u0438 \u0433\u0440\u0435\u043d\u043a\u0430\u043c\u0438 \u0434\u043b\u044f \u043f\u0440\u0438\u0434\u0430\u043d\u0438\u044f \u0435\u043c\u0443 \u0434\u043e\u043f\u043e\u043b\u043d\u0438\u0442\u0435\u043b\u044c\u043d\u043e\u0439 \u0442\u0435\u043a\u0441\u0442\u0443\u0440\u044b.<\/p>\n<p><strong>\u0417\u0430\u043a\u0430\u0436\u0438\u0442\u0435 Frutti del Cappero all'Aceto Zuccato \u0438 \u0434\u0440\u0443\u0433\u0438\u0435 \u043d\u0430\u0441\u0442\u043e\u044f\u0449\u0438\u0435 \u0438\u0442\u0430\u043b\u044c\u044f\u043d\u0441\u043a\u0438\u0435 \u043f\u0440\u043e\u0434\u0443\u043a\u0442\u044b \u043d\u0430 Gusto Italiano \u0434\u043b\u044f \u043f\u0440\u0438\u0433\u043e\u0442\u043e\u0432\u043b\u0435\u043d\u0438\u044f \u043f\u0438\u043a\u0430\u043d\u0442\u043d\u044b\u0445 \u0438 \u0438\u0437\u044b\u0441\u043a\u0430\u043d\u043d\u044b\u0445 \u0431\u043b\u044e\u0434!<\/strong><\/p>","protected":false},"excerpt":{"rendered":"<p>Frutti del Cappero all\u2019Aceto Zuccato sunt fructele caperelor conservate \u00een o\u021bet, un ingredient premium din buc\u0103t\u0103ria italian\u0103. Cu un gust<\/p>","protected":false},"featured_media":47329,"template":"","meta":[],"product_brand":[2422],"product_cat":[2347],"product_tag":[2419],"class_list":{"0":"post-44719","1":"product","2":"type-product","3":"status-publish","4":"has-post-thumbnail","6":"product_brand-inalca-fb","7":"product_cat-semifabricate-legume-conservate","8":"product_tag-horeca","10":"first","11":"instock","12":"downloadable","13":"taxable","14":"shipping-taxable","15":"purchasable","16":"product-type-simple"},"yoast_head":"<!-- This site is optimized with the Yoast SEO Premium plugin v26.5 (Yoast SEO v27.3) - https:\/\/yoast.com\/product\/yoast-seo-premium-wordpress\/ -->\n<title>Frutti del Cappero all aceto ZUCCATO 690 gr. - Gusto Italiano<\/title>\n<meta name=\"robots\" content=\"index, follow, max-snippet:-1, max-image-preview:large, max-video-preview:-1\" \/>\n<link rel=\"canonical\" href=\"https:\/\/gustoitaliano.md\/ru\/product\/frutti-del-cappero-all-aceto-zuccato-690-gr\/\" \/>\n<meta property=\"og:locale\" content=\"ru_RU\" \/>\n<meta property=\"og:type\" content=\"article\" \/>\n<meta property=\"og:title\" content=\"Frutti del Cappero all aceto ZUCCATO 690 gr.\" \/>\n<meta property=\"og:description\" content=\"Frutti del Cappero all\u2019Aceto Zuccato sunt fructele caperelor conservate \u00een o\u021bet, un ingredient premium din buc\u0103t\u0103ria italian\u0103. Cu un gust\" \/>\n<meta property=\"og:url\" content=\"https:\/\/gustoitaliano.md\/ru\/product\/frutti-del-cappero-all-aceto-zuccato-690-gr\/\" \/>\n<meta property=\"og:site_name\" content=\"Gusto Italiano\" \/>\n<meta property=\"article:publisher\" content=\"https:\/\/www.facebook.com\/GoldenGates.Moldova\" \/>\n<meta property=\"article:modified_time\" content=\"2025-08-19T11:55:46+00:00\" \/>\n<meta property=\"og:image\" content=\"https:\/\/gustoitaliano.md\/wp-content\/uploads\/2025\/01\/Frutti-del-Cappero-all-aceto-ZUCCATO-690-gr-1.png\" \/>\n\t<meta property=\"og:image:width\" content=\"1000\" \/>\n\t<meta property=\"og:image:height\" content=\"1000\" \/>\n\t<meta property=\"og:image:type\" content=\"image\/png\" \/>\n<meta name=\"twitter:card\" content=\"summary_large_image\" \/>\n<meta name=\"twitter:label1\" content=\"\u041f\u0440\u0438\u043c\u0435\u0440\u043d\u043e\u0435 \u0432\u0440\u0435\u043c\u044f \u0434\u043b\u044f \u0447\u0442\u0435\u043d\u0438\u044f\" \/>\n\t<meta name=\"twitter:data1\" content=\"1 \u043c\u0438\u043d\u0443\u0442\u0430\" \/>\n<script type=\"application\/ld+json\" class=\"yoast-schema-graph\">{\"@context\":\"https:\\\/\\\/schema.org\",\"@graph\":[{\"@type\":\"WebPage\",\"@id\":\"https:\\\/\\\/gustoitaliano.md\\\/product\\\/frutti-del-cappero-all-aceto-zuccato-690-gr\\\/\",\"url\":\"https:\\\/\\\/gustoitaliano.md\\\/product\\\/frutti-del-cappero-all-aceto-zuccato-690-gr\\\/\",\"name\":\"Frutti del Cappero all aceto ZUCCATO 690 gr. - Gusto Italiano\",\"isPartOf\":{\"@id\":\"https:\\\/\\\/gustoitaliano.md\\\/ro\\\/#website\"},\"primaryImageOfPage\":{\"@id\":\"https:\\\/\\\/gustoitaliano.md\\\/product\\\/frutti-del-cappero-all-aceto-zuccato-690-gr\\\/#primaryimage\"},\"image\":{\"@id\":\"https:\\\/\\\/gustoitaliano.md\\\/product\\\/frutti-del-cappero-all-aceto-zuccato-690-gr\\\/#primaryimage\"},\"thumbnailUrl\":\"https:\\\/\\\/gustoitaliano.md\\\/wp-content\\\/uploads\\\/2025\\\/01\\\/Frutti-del-Cappero-all-aceto-ZUCCATO-690-gr-1.png\",\"datePublished\":\"2025-01-21T10:24:06+00:00\",\"dateModified\":\"2025-08-19T11:55:46+00:00\",\"breadcrumb\":{\"@id\":\"https:\\\/\\\/gustoitaliano.md\\\/product\\\/frutti-del-cappero-all-aceto-zuccato-690-gr\\\/#breadcrumb\"},\"inLanguage\":\"ru-RU\",\"potentialAction\":[{\"@type\":\"ReadAction\",\"target\":[\"https:\\\/\\\/gustoitaliano.md\\\/product\\\/frutti-del-cappero-all-aceto-zuccato-690-gr\\\/\"]}]},{\"@type\":\"ImageObject\",\"inLanguage\":\"ru-RU\",\"@id\":\"https:\\\/\\\/gustoitaliano.md\\\/product\\\/frutti-del-cappero-all-aceto-zuccato-690-gr\\\/#primaryimage\",\"url\":\"https:\\\/\\\/gustoitaliano.md\\\/wp-content\\\/uploads\\\/2025\\\/01\\\/Frutti-del-Cappero-all-aceto-ZUCCATO-690-gr-1.png\",\"contentUrl\":\"https:\\\/\\\/gustoitaliano.md\\\/wp-content\\\/uploads\\\/2025\\\/01\\\/Frutti-del-Cappero-all-aceto-ZUCCATO-690-gr-1.png\",\"width\":1000,\"height\":1000},{\"@type\":\"BreadcrumbList\",\"@id\":\"https:\\\/\\\/gustoitaliano.md\\\/product\\\/frutti-del-cappero-all-aceto-zuccato-690-gr\\\/#breadcrumb\",\"itemListElement\":[{\"@type\":\"ListItem\",\"position\":1,\"name\":\"Prima pagin\u0103\",\"item\":\"https:\\\/\\\/gustoitaliano.md\\\/\"},{\"@type\":\"ListItem\",\"position\":2,\"name\":\"Magazin\",\"item\":\"https:\\\/\\\/gustoitaliano.md\\\/ro\\\/magazin\\\/\"},{\"@type\":\"ListItem\",\"position\":3,\"name\":\"Conserve \u0219i semipreparate\",\"item\":\"https:\\\/\\\/gustoitaliano.md\\\/product-category\\\/conserve-si-semipreparate\\\/\"},{\"@type\":\"ListItem\",\"position\":4,\"name\":\"Semifabricate Legume conservate\",\"item\":\"https:\\\/\\\/gustoitaliano.md\\\/product-category\\\/conserve-si-semipreparate\\\/semifabricate-legume-conservate\\\/\"},{\"@type\":\"ListItem\",\"position\":5,\"name\":\"Frutti del Cappero all aceto ZUCCATO 690 gr.\"}]},{\"@type\":\"WebSite\",\"@id\":\"https:\\\/\\\/gustoitaliano.md\\\/ro\\\/#website\",\"url\":\"https:\\\/\\\/gustoitaliano.md\\\/ro\\\/\",\"name\":\"Gusto Italiano\",\"description\":\"Produse Autentice Italiene\",\"publisher\":{\"@id\":\"https:\\\/\\\/gustoitaliano.md\\\/ro\\\/#organization\"},\"potentialAction\":[{\"@type\":\"SearchAction\",\"target\":{\"@type\":\"EntryPoint\",\"urlTemplate\":\"https:\\\/\\\/gustoitaliano.md\\\/ro\\\/?s={search_term_string}\"},\"query-input\":{\"@type\":\"PropertyValueSpecification\",\"valueRequired\":true,\"valueName\":\"search_term_string\"}}],\"inLanguage\":\"ru-RU\"},{\"@type\":\"Organization\",\"@id\":\"https:\\\/\\\/gustoitaliano.md\\\/ro\\\/#organization\",\"name\":\"Gusto Italiano\",\"alternateName\":\"Golden Gates SRL\",\"url\":\"https:\\\/\\\/gustoitaliano.md\\\/ro\\\/\",\"logo\":{\"@type\":\"ImageObject\",\"inLanguage\":\"ru-RU\",\"@id\":\"https:\\\/\\\/gustoitaliano.md\\\/ro\\\/#\\\/schema\\\/logo\\\/image\\\/\",\"url\":\"https:\\\/\\\/gustoitaliano.md\\\/wp-content\\\/uploads\\\/2025\\\/05\\\/logo-gusutoitaliano-2-2.png\",\"contentUrl\":\"https:\\\/\\\/gustoitaliano.md\\\/wp-content\\\/uploads\\\/2025\\\/05\\\/logo-gusutoitaliano-2-2.png\",\"width\":180,\"height\":180,\"caption\":\"Gusto Italiano\"},\"image\":{\"@id\":\"https:\\\/\\\/gustoitaliano.md\\\/ro\\\/#\\\/schema\\\/logo\\\/image\\\/\"},\"sameAs\":[\"https:\\\/\\\/www.facebook.com\\\/GoldenGates.Moldova\"]}]}<\/script>\n<!-- \/ Yoast SEO Premium plugin. -->","yoast_head_json":{"title":"Frutti del Cappero all aceto ZUCCATO 690 gr. - Gusto Italiano","robots":{"index":"index","follow":"follow","max-snippet":"max-snippet:-1","max-image-preview":"max-image-preview:large","max-video-preview":"max-video-preview:-1"},"canonical":"https:\/\/gustoitaliano.md\/ru\/product\/frutti-del-cappero-all-aceto-zuccato-690-gr\/","og_locale":"ru_RU","og_type":"article","og_title":"Frutti del Cappero all aceto ZUCCATO 690 gr.","og_description":"Frutti del Cappero all\u2019Aceto Zuccato sunt fructele caperelor conservate \u00een o\u021bet, un ingredient premium din buc\u0103t\u0103ria italian\u0103. Cu un gust","og_url":"https:\/\/gustoitaliano.md\/ru\/product\/frutti-del-cappero-all-aceto-zuccato-690-gr\/","og_site_name":"Gusto Italiano","article_publisher":"https:\/\/www.facebook.com\/GoldenGates.Moldova","article_modified_time":"2025-08-19T11:55:46+00:00","og_image":[{"width":1000,"height":1000,"url":"https:\/\/gustoitaliano.md\/wp-content\/uploads\/2025\/01\/Frutti-del-Cappero-all-aceto-ZUCCATO-690-gr-1.png","type":"image\/png"}],"twitter_card":"summary_large_image","twitter_misc":{"\u041f\u0440\u0438\u043c\u0435\u0440\u043d\u043e\u0435 \u0432\u0440\u0435\u043c\u044f \u0434\u043b\u044f \u0447\u0442\u0435\u043d\u0438\u044f":"1 \u043c\u0438\u043d\u0443\u0442\u0430"},"schema":{"@context":"https:\/\/schema.org","@graph":[{"@type":"WebPage","@id":"https:\/\/gustoitaliano.md\/product\/frutti-del-cappero-all-aceto-zuccato-690-gr\/","url":"https:\/\/gustoitaliano.md\/product\/frutti-del-cappero-all-aceto-zuccato-690-gr\/","name":"Frutti del Cappero all aceto ZUCCATO 690 gr. - Gusto Italiano","isPartOf":{"@id":"https:\/\/gustoitaliano.md\/ro\/#website"},"primaryImageOfPage":{"@id":"https:\/\/gustoitaliano.md\/product\/frutti-del-cappero-all-aceto-zuccato-690-gr\/#primaryimage"},"image":{"@id":"https:\/\/gustoitaliano.md\/product\/frutti-del-cappero-all-aceto-zuccato-690-gr\/#primaryimage"},"thumbnailUrl":"https:\/\/gustoitaliano.md\/wp-content\/uploads\/2025\/01\/Frutti-del-Cappero-all-aceto-ZUCCATO-690-gr-1.png","datePublished":"2025-01-21T10:24:06+00:00","dateModified":"2025-08-19T11:55:46+00:00","breadcrumb":{"@id":"https:\/\/gustoitaliano.md\/product\/frutti-del-cappero-all-aceto-zuccato-690-gr\/#breadcrumb"},"inLanguage":"ru-RU","potentialAction":[{"@type":"ReadAction","target":["https:\/\/gustoitaliano.md\/product\/frutti-del-cappero-all-aceto-zuccato-690-gr\/"]}]},{"@type":"ImageObject","inLanguage":"ru-RU","@id":"https:\/\/gustoitaliano.md\/product\/frutti-del-cappero-all-aceto-zuccato-690-gr\/#primaryimage","url":"https:\/\/gustoitaliano.md\/wp-content\/uploads\/2025\/01\/Frutti-del-Cappero-all-aceto-ZUCCATO-690-gr-1.png","contentUrl":"https:\/\/gustoitaliano.md\/wp-content\/uploads\/2025\/01\/Frutti-del-Cappero-all-aceto-ZUCCATO-690-gr-1.png","width":1000,"height":1000},{"@type":"BreadcrumbList","@id":"https:\/\/gustoitaliano.md\/product\/frutti-del-cappero-all-aceto-zuccato-690-gr\/#breadcrumb","itemListElement":[{"@type":"ListItem","position":1,"name":"Prima pagin\u0103","item":"https:\/\/gustoitaliano.md\/"},{"@type":"ListItem","position":2,"name":"Magazin","item":"https:\/\/gustoitaliano.md\/ro\/magazin\/"},{"@type":"ListItem","position":3,"name":"Conserve \u0219i semipreparate","item":"https:\/\/gustoitaliano.md\/product-category\/conserve-si-semipreparate\/"},{"@type":"ListItem","position":4,"name":"Semifabricate Legume conservate","item":"https:\/\/gustoitaliano.md\/product-category\/conserve-si-semipreparate\/semifabricate-legume-conservate\/"},{"@type":"ListItem","position":5,"name":"Frutti del Cappero all aceto ZUCCATO 690 gr."}]},{"@type":"WebSite","@id":"https:\/\/gustoitaliano.md\/ro\/#website","url":"https:\/\/gustoitaliano.md\/ro\/","name":"Gusto Italiano","description":"\u0410\u0443\u0442\u0435\u043d\u0442\u0438\u0447\u043d\u044b\u0435 \u0438\u0442\u0430\u043b\u044c\u044f\u043d\u0441\u043a\u0438\u0435 \u043f\u0440\u043e\u0434\u0443\u043a\u0442\u044b","publisher":{"@id":"https:\/\/gustoitaliano.md\/ro\/#organization"},"potentialAction":[{"@type":"SearchAction","target":{"@type":"EntryPoint","urlTemplate":"https:\/\/gustoitaliano.md\/ro\/?s={search_term_string}"},"query-input":{"@type":"PropertyValueSpecification","valueRequired":true,"valueName":"search_term_string"}}],"inLanguage":"ru-RU"},{"@type":"Organization","@id":"https:\/\/gustoitaliano.md\/ro\/#organization","name":"Gusto Italiano","alternateName":"Golden Gates SRL","url":"https:\/\/gustoitaliano.md\/ro\/","logo":{"@type":"ImageObject","inLanguage":"ru-RU","@id":"https:\/\/gustoitaliano.md\/ro\/#\/schema\/logo\/image\/","url":"https:\/\/gustoitaliano.md\/wp-content\/uploads\/2025\/05\/logo-gusutoitaliano-2-2.png","contentUrl":"https:\/\/gustoitaliano.md\/wp-content\/uploads\/2025\/05\/logo-gusutoitaliano-2-2.png","width":180,"height":180,"caption":"Gusto Italiano"},"image":{"@id":"https:\/\/gustoitaliano.md\/ro\/#\/schema\/logo\/image\/"},"sameAs":["https:\/\/www.facebook.com\/GoldenGates.Moldova"]}]}},"_links":{"self":[{"href":"https:\/\/gustoitaliano.md\/ru\/wp-json\/wp\/v2\/product\/44719","targetHints":{"allow":["GET"]}}],"collection":[{"href":"https:\/\/gustoitaliano.md\/ru\/wp-json\/wp\/v2\/product"}],"about":[{"href":"https:\/\/gustoitaliano.md\/ru\/wp-json\/wp\/v2\/types\/product"}],"version-history":[{"count":0,"href":"https:\/\/gustoitaliano.md\/ru\/wp-json\/wp\/v2\/product\/44719\/revisions"}],"wp:featuredmedia":[{"embeddable":true,"href":"https:\/\/gustoitaliano.md\/ru\/wp-json\/wp\/v2\/media\/47329"}],"wp:attachment":[{"href":"https:\/\/gustoitaliano.md\/ru\/wp-json\/wp\/v2\/media?parent=44719"}],"wp:term":[{"taxonomy":"product_brand","embeddable":true,"href":"https:\/\/gustoitaliano.md\/ru\/wp-json\/wp\/v2\/product_brand?post=44719"},{"taxonomy":"product_cat","embeddable":true,"href":"https:\/\/gustoitaliano.md\/ru\/wp-json\/wp\/v2\/product_cat?post=44719"},{"taxonomy":"product_tag","embeddable":true,"href":"https:\/\/gustoitaliano.md\/ru\/wp-json\/wp\/v2\/product_tag?post=44719"}],"curies":[{"name":"wp","href":"https:\/\/api.w.org\/{rel}","templated":true}]}}