{"id":44823,"date":"2025-01-21T12:24:27","date_gmt":"2025-01-21T10:24:27","guid":{"rendered":"https:\/\/gustoitaliano.md\/?post_type=product&#038;p=44823"},"modified":"2026-01-26T15:54:20","modified_gmt":"2026-01-26T13:54:20","slug":"rosii-decojite-pomodori-pelati-rodolfi-400-gr","status":"publish","type":"product","link":"https:\/\/gustoitaliano.md\/ru\/product\/rosii-decojite-pomodori-pelati-rodolfi-400-gr\/","title":{"rendered":"Rosii decojite in suc propriu \/ Pomodori pelati RODOLFI &#8211; 400 gr."},"content":{"rendered":"<p data-start=\"395\" data-end=\"640\"><strong data-start=\"395\" data-end=\"422\">Pomodori Pelati Rodolfi<\/strong> sunt ro\u0219ii italiene atent selec\u021bionate, decojite \u0219i conservate \u00een suc propriu pentru a p\u0103stra <strong data-start=\"517\" data-end=\"563\">gustul natural, aroma \u0219i textura autentic\u0103<\/strong>. Sunt ideale pentru preparate tradi\u021bionale italiene \u0219i sosuri g\u0103tite lent.<\/p>\n<p data-start=\"642\" data-end=\"806\">\u0418\u0434\u0435\u0430\u043b\u044c\u043d\u043e \u043f\u043e\u0434\u0445\u043e\u0434\u0438\u0442 \u0434\u043b\u044f <strong data-start=\"658\" data-end=\"742\">sosuri de paste, pizza, supe, toc\u0103ni\u021be, ragu, lasagna \u0219i m\u00e2nc\u0103ruri mediteraneene<\/strong>, aceste ro\u0219ii ofer\u0103 o baz\u0103 excelent\u0103 pentru re\u021bete autentice.<\/p>\n<ul data-start=\"808\" data-end=\"992\">\n<li data-start=\"808\" data-end=\"853\">\n<p data-start=\"810\" data-end=\"853\">Tip produs: ro\u0219ii decojite \u00een suc propriu<\/p>\n<\/li>\n<li data-start=\"854\" data-end=\"874\">\n<p data-start=\"856\" data-end=\"874\">Cantitate: 400 g<\/p>\n<\/li>\n<li data-start=\"875\" data-end=\"911\">\n<p data-start=\"877\" data-end=\"911\">Textur\u0103: ro\u0219ii \u00eentregi, decojite<\/p>\n<\/li>\n<li data-start=\"912\" data-end=\"953\">\n<p data-start=\"914\" data-end=\"953\">Utilizare: sosuri, paste, pizza, supe<\/p>\n<\/li>\n<li data-start=\"954\" data-end=\"972\">\n<p data-start=\"956\" data-end=\"972\">Brand: Rodolfi<\/p>\n<\/li>\n<li data-start=\"973\" data-end=\"992\">\n<p data-start=\"975\" data-end=\"992\">\u041f\u0440\u043e\u0438\u0441\u0445\u043e\u0436\u0434\u0435\u043d\u0438\u0435: \u0418\u0442\u0430\u043b\u0438\u044f<\/p>\n<\/li>\n<\/ul>","protected":false},"excerpt":{"rendered":"<p>Pomodori Pelati Rodolfi sunt ro\u0219ii italiene atent selec\u021bionate, decojite \u0219i conservate \u00een suc propriu pentru a p\u0103stra gustul natural, aroma<\/p>","protected":false},"featured_media":50548,"template":"","meta":[],"product_brand":[2424],"product_cat":[2348,2361,2344],"product_tag":[2420],"class_list":{"0":"post-44823","1":"product","2":"type-product","3":"status-publish","4":"has-post-thumbnail","6":"product_brand-rodolfi","7":"product_cat-rosii-conservate","8":"product_cat-sosuri","9":"product_cat-sosuri-si-uleiuri","10":"product_tag-retail","12":"first","13":"instock","14":"downloadable","15":"taxable","16":"shipping-taxable","17":"purchasable","18":"product-type-simple"},"yoast_head":"<!-- This site is optimized with the Yoast SEO Premium plugin v26.5 (Yoast SEO v27.3) - https:\/\/yoast.com\/product\/yoast-seo-premium-wordpress\/ -->\n<title>Rosii decojite in suc propriu \/ Pomodori pelati RODOLFI - 400 gr. - Gusto Italiano<\/title>\n<meta name=\"description\" content=\"Pomodori Pelati Rodolfi 400 g \u2013 ro\u0219ii italiene decojite \u00een suc propriu, ideale pentru sosuri, paste \u0219i re\u021bete autentice italiene.\" \/>\n<meta name=\"robots\" content=\"index, follow, max-snippet:-1, max-image-preview:large, max-video-preview:-1\" \/>\n<link rel=\"canonical\" href=\"https:\/\/gustoitaliano.md\/ru\/product\/rosii-decojite-pomodori-pelati-rodolfi-400-gr\/\" \/>\n<meta property=\"og:locale\" content=\"ru_RU\" \/>\n<meta property=\"og:type\" content=\"article\" \/>\n<meta property=\"og:title\" content=\"Rosii decojite in suc propriu \/ Pomodori pelati RODOLFI - 400 gr.\" \/>\n<meta property=\"og:description\" content=\"Pomodori Pelati Rodolfi 400 g \u2013 ro\u0219ii italiene decojite \u00een suc propriu, ideale pentru sosuri, paste \u0219i re\u021bete autentice italiene.\" \/>\n<meta property=\"og:url\" content=\"https:\/\/gustoitaliano.md\/ru\/product\/rosii-decojite-pomodori-pelati-rodolfi-400-gr\/\" \/>\n<meta property=\"og:site_name\" content=\"Gusto Italiano\" \/>\n<meta property=\"article:publisher\" content=\"https:\/\/www.facebook.com\/GoldenGates.Moldova\" \/>\n<meta property=\"article:modified_time\" content=\"2026-01-26T13:54:20+00:00\" \/>\n<meta property=\"og:image\" content=\"https:\/\/gustoitaliano.md\/wp-content\/uploads\/2025\/01\/Rodolfi-Pelati.png\" \/>\n\t<meta property=\"og:image:width\" content=\"700\" \/>\n\t<meta property=\"og:image:height\" content=\"700\" \/>\n\t<meta property=\"og:image:type\" content=\"image\/png\" \/>\n<meta name=\"twitter:card\" content=\"summary_large_image\" \/>\n<meta name=\"twitter:label1\" content=\"\u041f\u0440\u0438\u043c\u0435\u0440\u043d\u043e\u0435 \u0432\u0440\u0435\u043c\u044f \u0434\u043b\u044f \u0447\u0442\u0435\u043d\u0438\u044f\" \/>\n\t<meta name=\"twitter:data1\" content=\"1 \u043c\u0438\u043d\u0443\u0442\u0430\" \/>\n<script type=\"application\/ld+json\" class=\"yoast-schema-graph\">{\"@context\":\"https:\\\/\\\/schema.org\",\"@graph\":[{\"@type\":\"WebPage\",\"@id\":\"https:\\\/\\\/gustoitaliano.md\\\/product\\\/rosii-decojite-pomodori-pelati-rodolfi-400-gr\\\/\",\"url\":\"https:\\\/\\\/gustoitaliano.md\\\/product\\\/rosii-decojite-pomodori-pelati-rodolfi-400-gr\\\/\",\"name\":\"Rosii decojite in suc propriu \\\/ Pomodori pelati RODOLFI - 400 gr. - Gusto Italiano\",\"isPartOf\":{\"@id\":\"https:\\\/\\\/gustoitaliano.md\\\/ro\\\/#website\"},\"primaryImageOfPage\":{\"@id\":\"https:\\\/\\\/gustoitaliano.md\\\/product\\\/rosii-decojite-pomodori-pelati-rodolfi-400-gr\\\/#primaryimage\"},\"image\":{\"@id\":\"https:\\\/\\\/gustoitaliano.md\\\/product\\\/rosii-decojite-pomodori-pelati-rodolfi-400-gr\\\/#primaryimage\"},\"thumbnailUrl\":\"https:\\\/\\\/gustoitaliano.md\\\/wp-content\\\/uploads\\\/2025\\\/01\\\/Rodolfi-Pelati.png\",\"datePublished\":\"2025-01-21T10:24:27+00:00\",\"dateModified\":\"2026-01-26T13:54:20+00:00\",\"description\":\"Pomodori Pelati Rodolfi 400 g \u2013 ro\u0219ii italiene decojite \u00een suc propriu, ideale pentru sosuri, paste \u0219i re\u021bete autentice italiene.\",\"breadcrumb\":{\"@id\":\"https:\\\/\\\/gustoitaliano.md\\\/product\\\/rosii-decojite-pomodori-pelati-rodolfi-400-gr\\\/#breadcrumb\"},\"inLanguage\":\"ru-RU\",\"potentialAction\":[{\"@type\":\"ReadAction\",\"target\":[\"https:\\\/\\\/gustoitaliano.md\\\/product\\\/rosii-decojite-pomodori-pelati-rodolfi-400-gr\\\/\"]}]},{\"@type\":\"ImageObject\",\"inLanguage\":\"ru-RU\",\"@id\":\"https:\\\/\\\/gustoitaliano.md\\\/product\\\/rosii-decojite-pomodori-pelati-rodolfi-400-gr\\\/#primaryimage\",\"url\":\"https:\\\/\\\/gustoitaliano.md\\\/wp-content\\\/uploads\\\/2025\\\/01\\\/Rodolfi-Pelati.png\",\"contentUrl\":\"https:\\\/\\\/gustoitaliano.md\\\/wp-content\\\/uploads\\\/2025\\\/01\\\/Rodolfi-Pelati.png\",\"width\":700,\"height\":700},{\"@type\":\"BreadcrumbList\",\"@id\":\"https:\\\/\\\/gustoitaliano.md\\\/product\\\/rosii-decojite-pomodori-pelati-rodolfi-400-gr\\\/#breadcrumb\",\"itemListElement\":[{\"@type\":\"ListItem\",\"position\":1,\"name\":\"Prima pagin\u0103\",\"item\":\"https:\\\/\\\/gustoitaliano.md\\\/\"},{\"@type\":\"ListItem\",\"position\":2,\"name\":\"Magazin\",\"item\":\"https:\\\/\\\/gustoitaliano.md\\\/ro\\\/magazin\\\/\"},{\"@type\":\"ListItem\",\"position\":3,\"name\":\"Conserve \u0219i semipreparate\",\"item\":\"https:\\\/\\\/gustoitaliano.md\\\/product-category\\\/conserve-si-semipreparate\\\/\"},{\"@type\":\"ListItem\",\"position\":4,\"name\":\"Rosii conservate\",\"item\":\"https:\\\/\\\/gustoitaliano.md\\\/product-category\\\/conserve-si-semipreparate\\\/rosii-conservate\\\/\"},{\"@type\":\"ListItem\",\"position\":5,\"name\":\"Rosii decojite in suc propriu \\\/ Pomodori pelati RODOLFI &#8211; 400 gr.\"}]},{\"@type\":\"WebSite\",\"@id\":\"https:\\\/\\\/gustoitaliano.md\\\/ro\\\/#website\",\"url\":\"https:\\\/\\\/gustoitaliano.md\\\/ro\\\/\",\"name\":\"Gusto Italiano\",\"description\":\"Produse Autentice Italiene\",\"publisher\":{\"@id\":\"https:\\\/\\\/gustoitaliano.md\\\/ro\\\/#organization\"},\"potentialAction\":[{\"@type\":\"SearchAction\",\"target\":{\"@type\":\"EntryPoint\",\"urlTemplate\":\"https:\\\/\\\/gustoitaliano.md\\\/ro\\\/?s={search_term_string}\"},\"query-input\":{\"@type\":\"PropertyValueSpecification\",\"valueRequired\":true,\"valueName\":\"search_term_string\"}}],\"inLanguage\":\"ru-RU\"},{\"@type\":\"Organization\",\"@id\":\"https:\\\/\\\/gustoitaliano.md\\\/ro\\\/#organization\",\"name\":\"Gusto Italiano\",\"alternateName\":\"Golden Gates SRL\",\"url\":\"https:\\\/\\\/gustoitaliano.md\\\/ro\\\/\",\"logo\":{\"@type\":\"ImageObject\",\"inLanguage\":\"ru-RU\",\"@id\":\"https:\\\/\\\/gustoitaliano.md\\\/ro\\\/#\\\/schema\\\/logo\\\/image\\\/\",\"url\":\"https:\\\/\\\/gustoitaliano.md\\\/wp-content\\\/uploads\\\/2025\\\/05\\\/logo-gusutoitaliano-2-2.png\",\"contentUrl\":\"https:\\\/\\\/gustoitaliano.md\\\/wp-content\\\/uploads\\\/2025\\\/05\\\/logo-gusutoitaliano-2-2.png\",\"width\":180,\"height\":180,\"caption\":\"Gusto Italiano\"},\"image\":{\"@id\":\"https:\\\/\\\/gustoitaliano.md\\\/ro\\\/#\\\/schema\\\/logo\\\/image\\\/\"},\"sameAs\":[\"https:\\\/\\\/www.facebook.com\\\/GoldenGates.Moldova\"]}]}<\/script>\n<!-- \/ Yoast SEO Premium plugin. -->","yoast_head_json":{"title":"Rosii decojite in suc propriu \/ Pomodori pelati RODOLFI - 400 gr. - Gusto Italiano","description":"Pomodori Pelati Rodolfi 400 g \u2013 ro\u0219ii italiene decojite \u00een suc propriu, ideale pentru sosuri, paste \u0219i re\u021bete autentice italiene.","robots":{"index":"index","follow":"follow","max-snippet":"max-snippet:-1","max-image-preview":"max-image-preview:large","max-video-preview":"max-video-preview:-1"},"canonical":"https:\/\/gustoitaliano.md\/ru\/product\/rosii-decojite-pomodori-pelati-rodolfi-400-gr\/","og_locale":"ru_RU","og_type":"article","og_title":"Rosii decojite in suc propriu \/ Pomodori pelati RODOLFI - 400 gr.","og_description":"Pomodori Pelati Rodolfi 400 g \u2013 ro\u0219ii italiene decojite \u00een suc propriu, ideale pentru sosuri, paste \u0219i re\u021bete autentice italiene.","og_url":"https:\/\/gustoitaliano.md\/ru\/product\/rosii-decojite-pomodori-pelati-rodolfi-400-gr\/","og_site_name":"Gusto Italiano","article_publisher":"https:\/\/www.facebook.com\/GoldenGates.Moldova","article_modified_time":"2026-01-26T13:54:20+00:00","og_image":[{"width":700,"height":700,"url":"https:\/\/gustoitaliano.md\/wp-content\/uploads\/2025\/01\/Rodolfi-Pelati.png","type":"image\/png"}],"twitter_card":"summary_large_image","twitter_misc":{"\u041f\u0440\u0438\u043c\u0435\u0440\u043d\u043e\u0435 \u0432\u0440\u0435\u043c\u044f \u0434\u043b\u044f \u0447\u0442\u0435\u043d\u0438\u044f":"1 \u043c\u0438\u043d\u0443\u0442\u0430"},"schema":{"@context":"https:\/\/schema.org","@graph":[{"@type":"WebPage","@id":"https:\/\/gustoitaliano.md\/product\/rosii-decojite-pomodori-pelati-rodolfi-400-gr\/","url":"https:\/\/gustoitaliano.md\/product\/rosii-decojite-pomodori-pelati-rodolfi-400-gr\/","name":"Rosii decojite in suc propriu \/ Pomodori pelati RODOLFI - 400 gr. - Gusto Italiano","isPartOf":{"@id":"https:\/\/gustoitaliano.md\/ro\/#website"},"primaryImageOfPage":{"@id":"https:\/\/gustoitaliano.md\/product\/rosii-decojite-pomodori-pelati-rodolfi-400-gr\/#primaryimage"},"image":{"@id":"https:\/\/gustoitaliano.md\/product\/rosii-decojite-pomodori-pelati-rodolfi-400-gr\/#primaryimage"},"thumbnailUrl":"https:\/\/gustoitaliano.md\/wp-content\/uploads\/2025\/01\/Rodolfi-Pelati.png","datePublished":"2025-01-21T10:24:27+00:00","dateModified":"2026-01-26T13:54:20+00:00","description":"Pomodori Pelati Rodolfi 400 g \u2013 ro\u0219ii italiene decojite \u00een suc propriu, ideale pentru sosuri, paste \u0219i re\u021bete autentice italiene.","breadcrumb":{"@id":"https:\/\/gustoitaliano.md\/product\/rosii-decojite-pomodori-pelati-rodolfi-400-gr\/#breadcrumb"},"inLanguage":"ru-RU","potentialAction":[{"@type":"ReadAction","target":["https:\/\/gustoitaliano.md\/product\/rosii-decojite-pomodori-pelati-rodolfi-400-gr\/"]}]},{"@type":"ImageObject","inLanguage":"ru-RU","@id":"https:\/\/gustoitaliano.md\/product\/rosii-decojite-pomodori-pelati-rodolfi-400-gr\/#primaryimage","url":"https:\/\/gustoitaliano.md\/wp-content\/uploads\/2025\/01\/Rodolfi-Pelati.png","contentUrl":"https:\/\/gustoitaliano.md\/wp-content\/uploads\/2025\/01\/Rodolfi-Pelati.png","width":700,"height":700},{"@type":"BreadcrumbList","@id":"https:\/\/gustoitaliano.md\/product\/rosii-decojite-pomodori-pelati-rodolfi-400-gr\/#breadcrumb","itemListElement":[{"@type":"ListItem","position":1,"name":"Prima pagin\u0103","item":"https:\/\/gustoitaliano.md\/"},{"@type":"ListItem","position":2,"name":"Magazin","item":"https:\/\/gustoitaliano.md\/ro\/magazin\/"},{"@type":"ListItem","position":3,"name":"Conserve \u0219i semipreparate","item":"https:\/\/gustoitaliano.md\/product-category\/conserve-si-semipreparate\/"},{"@type":"ListItem","position":4,"name":"Rosii conservate","item":"https:\/\/gustoitaliano.md\/product-category\/conserve-si-semipreparate\/rosii-conservate\/"},{"@type":"ListItem","position":5,"name":"Rosii decojite in suc propriu \/ Pomodori pelati RODOLFI &#8211; 400 gr."}]},{"@type":"WebSite","@id":"https:\/\/gustoitaliano.md\/ro\/#website","url":"https:\/\/gustoitaliano.md\/ro\/","name":"Gusto Italiano","description":"\u0410\u0443\u0442\u0435\u043d\u0442\u0438\u0447\u043d\u044b\u0435 \u0438\u0442\u0430\u043b\u044c\u044f\u043d\u0441\u043a\u0438\u0435 \u043f\u0440\u043e\u0434\u0443\u043a\u0442\u044b","publisher":{"@id":"https:\/\/gustoitaliano.md\/ro\/#organization"},"potentialAction":[{"@type":"SearchAction","target":{"@type":"EntryPoint","urlTemplate":"https:\/\/gustoitaliano.md\/ro\/?s={search_term_string}"},"query-input":{"@type":"PropertyValueSpecification","valueRequired":true,"valueName":"search_term_string"}}],"inLanguage":"ru-RU"},{"@type":"Organization","@id":"https:\/\/gustoitaliano.md\/ro\/#organization","name":"Gusto Italiano","alternateName":"Golden Gates SRL","url":"https:\/\/gustoitaliano.md\/ro\/","logo":{"@type":"ImageObject","inLanguage":"ru-RU","@id":"https:\/\/gustoitaliano.md\/ro\/#\/schema\/logo\/image\/","url":"https:\/\/gustoitaliano.md\/wp-content\/uploads\/2025\/05\/logo-gusutoitaliano-2-2.png","contentUrl":"https:\/\/gustoitaliano.md\/wp-content\/uploads\/2025\/05\/logo-gusutoitaliano-2-2.png","width":180,"height":180,"caption":"Gusto Italiano"},"image":{"@id":"https:\/\/gustoitaliano.md\/ro\/#\/schema\/logo\/image\/"},"sameAs":["https:\/\/www.facebook.com\/GoldenGates.Moldova"]}]}},"_links":{"self":[{"href":"https:\/\/gustoitaliano.md\/ru\/wp-json\/wp\/v2\/product\/44823","targetHints":{"allow":["GET"]}}],"collection":[{"href":"https:\/\/gustoitaliano.md\/ru\/wp-json\/wp\/v2\/product"}],"about":[{"href":"https:\/\/gustoitaliano.md\/ru\/wp-json\/wp\/v2\/types\/product"}],"version-history":[{"count":0,"href":"https:\/\/gustoitaliano.md\/ru\/wp-json\/wp\/v2\/product\/44823\/revisions"}],"wp:featuredmedia":[{"embeddable":true,"href":"https:\/\/gustoitaliano.md\/ru\/wp-json\/wp\/v2\/media\/50548"}],"wp:attachment":[{"href":"https:\/\/gustoitaliano.md\/ru\/wp-json\/wp\/v2\/media?parent=44823"}],"wp:term":[{"taxonomy":"product_brand","embeddable":true,"href":"https:\/\/gustoitaliano.md\/ru\/wp-json\/wp\/v2\/product_brand?post=44823"},{"taxonomy":"product_cat","embeddable":true,"href":"https:\/\/gustoitaliano.md\/ru\/wp-json\/wp\/v2\/product_cat?post=44823"},{"taxonomy":"product_tag","embeddable":true,"href":"https:\/\/gustoitaliano.md\/ru\/wp-json\/wp\/v2\/product_tag?post=44823"}],"curies":[{"name":"wp","href":"https:\/\/api.w.org\/{rel}","templated":true}]}}