{"id":44944,"date":"2025-01-21T12:24:49","date_gmt":"2025-01-21T10:24:49","guid":{"rendered":"https:\/\/gustoitaliano.md\/?post_type=product&#038;p=44944"},"modified":"2026-01-24T08:03:15","modified_gmt":"2026-01-24T06:03:15","slug":"salsiccia-fresca-carnaciori-proaspeti-de-porc-0-400-kg","status":"publish","type":"product","link":"https:\/\/gustoitaliano.md\/ru\/product\/salsiccia-fresca-carnaciori-proaspeti-de-porc-0-400-kg\/","title":{"rendered":"Salsiccia fresca \/ \u0441\u0432\u0435\u0436\u0438\u0435 \u0441\u0432\u0438\u043d\u044b\u0435 \u043a\u043e\u043b\u0431\u0430\u0441\u043a\u0438 ~ 0.400 \u043a\u0433"},"content":{"rendered":"<p><em data-start=\"186\" data-end=\"204\">\u0421\u0432\u0435\u0436\u0430\u044f \u043a\u043e\u043b\u0431\u0430\u0441\u0430<\/em> \u042d\u0442\u043e \u0441\u0432\u0435\u0436\u0438\u0435 \u0441\u0432\u0438\u043d\u044b\u0435 \u043a\u043e\u043b\u0431\u0430\u0441\u043a\u0438, \u043f\u0440\u0438\u0433\u043e\u0442\u043e\u0432\u043b\u0435\u043d\u043d\u044b\u0435 \u043f\u043e \u0442\u0440\u0430\u0434\u0438\u0446\u0438\u043e\u043d\u043d\u043e\u043c\u0443 \u0438\u0442\u0430\u043b\u044c\u044f\u043d\u0441\u043a\u043e\u043c\u0443 \u0440\u0435\u0446\u0435\u043f\u0442\u0443, \u0441\u043e \u0441\u0431\u0430\u043b\u0430\u043d\u0441\u0438\u0440\u043e\u0432\u0430\u043d\u043d\u043e\u0439 \u0441\u043c\u0435\u0441\u044c\u044e \u043d\u0430\u0442\u0443\u0440\u0430\u043b\u044c\u043d\u044b\u0445 \u0441\u043f\u0435\u0446\u0438\u0439, \u043a\u043e\u0442\u043e\u0440\u044b\u0435 \u043f\u0440\u0438\u0434\u0430\u044e\u0442 \u0438\u043c \u0430\u0443\u0442\u0435\u043d\u0442\u0438\u0447\u043d\u044b\u0439 \u0438 \u0430\u0440\u043e\u043c\u0430\u0442\u043d\u044b\u0439 \u0432\u043a\u0443\u0441. \u0418\u0445 \u043c\u043e\u0436\u043d\u043e \u0436\u0430\u0440\u0438\u0442\u044c \u043d\u0430 \u0433\u0440\u0438\u043b\u0435, \u0441\u043a\u043e\u0432\u043e\u0440\u043e\u0434\u0435 \u0438\u043b\u0438 \u0437\u0430\u043f\u0435\u043a\u0430\u0442\u044c, \u043e\u043d\u0438 \u0438\u0434\u0435\u0430\u043b\u044c\u043d\u043e \u043f\u043e\u0434\u0445\u043e\u0434\u044f\u0442 \u043a \u043f\u0430\u0441\u0442\u0435, \u0440\u0438\u0437\u043e\u0442\u0442\u043e, \u043f\u0438\u0446\u0446\u0435 \u0438\u043b\u0438 \u043f\u043e\u0434\u0430\u044e\u0442\u0441\u044f \u043f\u0440\u043e\u0441\u0442\u043e \u0442\u0430\u043a \u0441 \u0434\u0435\u0440\u0435\u0432\u0435\u043d\u0441\u043a\u0438\u043c\u0438 \u043d\u0430\u0447\u0438\u043d\u043a\u0430\u043c\u0438. \u041e\u0445\u043b\u0430\u0436\u0434\u0435\u043d\u043d\u044b\u0435, \u0431\u0435\u0437 \u0434\u043e\u0431\u0430\u0432\u043e\u043a \u0438 \u0438\u0441\u043a\u0443\u0441\u0441\u0442\u0432\u0435\u043d\u043d\u044b\u0445 \u043a\u043e\u043d\u0441\u0435\u0440\u0432\u0430\u043d\u0442\u043e\u0432.<\/p>","protected":false},"excerpt":{"rendered":"<p>Salsiccia Fresca sunt c\u00e2rna\u021biori proaspe\u021bi din carne de porc, prepara\u021bi dup\u0103 re\u021beta tradi\u021bional\u0103 italian\u0103, cu un amestec echilibrat de condimente<\/p>","protected":false},"featured_media":47237,"template":"","meta":[],"product_brand":[2427],"product_cat":[2359,2397,2358],"product_tag":[2419,2420],"class_list":{"0":"post-44944","1":"product","2":"type-product","3":"status-publish","4":"has-post-thumbnail","6":"product_brand-sant-orso","7":"product_cat-mezeluri-traditionale-italiene","8":"product_cat-salamuri-italiene","9":"product_cat-mezeluri-si-prosciutto","10":"product_tag-horeca","11":"product_tag-retail","13":"first","14":"instock","15":"downloadable","16":"taxable","17":"shipping-taxable","18":"purchasable","19":"product-type-simple"},"yoast_head":"<!-- This site is optimized with the Yoast SEO Premium plugin v26.5 (Yoast SEO v27.3) - https:\/\/yoast.com\/product\/yoast-seo-premium-wordpress\/ -->\n<title>Salsiccia fresca \/ carnaciori proaspeti de porc ~ 0.400 kg - Gusto Italiano<\/title>\n<meta name=\"description\" content=\"Salsiccia Fresca \u2013 c\u00e2rna\u021biori proaspe\u021bi de porc, prepara\u021bi dup\u0103 re\u021beta tradi\u021bional\u0103 italian\u0103. Gust autentic, ideali pentru gr\u0103tar, paste sau pizza. Produs refrigerat ~0.400 kg, disponibil pe gustoitaliano.md.\" \/>\n<meta name=\"robots\" content=\"index, follow, max-snippet:-1, max-image-preview:large, max-video-preview:-1\" \/>\n<link rel=\"canonical\" href=\"https:\/\/gustoitaliano.md\/ru\/product\/salsiccia-fresca-carnaciori-proaspeti-de-porc-0-400-kg\/\" \/>\n<meta property=\"og:locale\" content=\"ru_RU\" \/>\n<meta property=\"og:type\" content=\"article\" \/>\n<meta property=\"og:title\" content=\"Salsiccia fresca \/ carnaciori proaspeti de porc ~ 0.400 kg\" \/>\n<meta property=\"og:description\" content=\"Salsiccia Fresca \u2013 c\u00e2rna\u021biori proaspe\u021bi de porc, prepara\u021bi dup\u0103 re\u021beta tradi\u021bional\u0103 italian\u0103. Gust autentic, ideali pentru gr\u0103tar, paste sau pizza. Produs refrigerat ~0.400 kg, disponibil pe gustoitaliano.md.\" \/>\n<meta property=\"og:url\" content=\"https:\/\/gustoitaliano.md\/ru\/product\/salsiccia-fresca-carnaciori-proaspeti-de-porc-0-400-kg\/\" \/>\n<meta property=\"og:site_name\" content=\"Gusto Italiano\" \/>\n<meta property=\"article:publisher\" content=\"https:\/\/www.facebook.com\/GoldenGates.Moldova\" \/>\n<meta property=\"article:modified_time\" content=\"2026-01-24T06:03:15+00:00\" \/>\n<meta property=\"og:image\" content=\"https:\/\/gustoitaliano.md\/wp-content\/uploads\/2025\/01\/Salsiccia-fresca-_-carnaciori-proaspeti-de-porc-0.400-kg-1.png\" \/>\n\t<meta property=\"og:image:width\" content=\"1000\" \/>\n\t<meta property=\"og:image:height\" content=\"1000\" \/>\n\t<meta property=\"og:image:type\" content=\"image\/png\" \/>\n<meta name=\"twitter:card\" content=\"summary_large_image\" \/>\n<meta name=\"twitter:label1\" content=\"\u041f\u0440\u0438\u043c\u0435\u0440\u043d\u043e\u0435 \u0432\u0440\u0435\u043c\u044f \u0434\u043b\u044f \u0447\u0442\u0435\u043d\u0438\u044f\" \/>\n\t<meta name=\"twitter:data1\" content=\"1 \u043c\u0438\u043d\u0443\u0442\u0430\" \/>\n<script type=\"application\/ld+json\" class=\"yoast-schema-graph\">{\"@context\":\"https:\\\/\\\/schema.org\",\"@graph\":[{\"@type\":\"WebPage\",\"@id\":\"https:\\\/\\\/gustoitaliano.md\\\/product\\\/salsiccia-fresca-carnaciori-proaspeti-de-porc-0-400-kg\\\/\",\"url\":\"https:\\\/\\\/gustoitaliano.md\\\/product\\\/salsiccia-fresca-carnaciori-proaspeti-de-porc-0-400-kg\\\/\",\"name\":\"Salsiccia fresca \\\/ carnaciori proaspeti de porc ~ 0.400 kg - Gusto Italiano\",\"isPartOf\":{\"@id\":\"https:\\\/\\\/gustoitaliano.md\\\/ro\\\/#website\"},\"primaryImageOfPage\":{\"@id\":\"https:\\\/\\\/gustoitaliano.md\\\/product\\\/salsiccia-fresca-carnaciori-proaspeti-de-porc-0-400-kg\\\/#primaryimage\"},\"image\":{\"@id\":\"https:\\\/\\\/gustoitaliano.md\\\/product\\\/salsiccia-fresca-carnaciori-proaspeti-de-porc-0-400-kg\\\/#primaryimage\"},\"thumbnailUrl\":\"https:\\\/\\\/gustoitaliano.md\\\/wp-content\\\/uploads\\\/2025\\\/01\\\/Salsiccia-fresca-_-carnaciori-proaspeti-de-porc-0.400-kg-1.png\",\"datePublished\":\"2025-01-21T10:24:49+00:00\",\"dateModified\":\"2026-01-24T06:03:15+00:00\",\"description\":\"Salsiccia Fresca \u2013 c\u00e2rna\u021biori proaspe\u021bi de porc, prepara\u021bi dup\u0103 re\u021beta tradi\u021bional\u0103 italian\u0103. Gust autentic, ideali pentru gr\u0103tar, paste sau pizza. Produs refrigerat ~0.400 kg, disponibil pe gustoitaliano.md.\",\"breadcrumb\":{\"@id\":\"https:\\\/\\\/gustoitaliano.md\\\/product\\\/salsiccia-fresca-carnaciori-proaspeti-de-porc-0-400-kg\\\/#breadcrumb\"},\"inLanguage\":\"ru-RU\",\"potentialAction\":[{\"@type\":\"ReadAction\",\"target\":[\"https:\\\/\\\/gustoitaliano.md\\\/product\\\/salsiccia-fresca-carnaciori-proaspeti-de-porc-0-400-kg\\\/\"]}]},{\"@type\":\"ImageObject\",\"inLanguage\":\"ru-RU\",\"@id\":\"https:\\\/\\\/gustoitaliano.md\\\/product\\\/salsiccia-fresca-carnaciori-proaspeti-de-porc-0-400-kg\\\/#primaryimage\",\"url\":\"https:\\\/\\\/gustoitaliano.md\\\/wp-content\\\/uploads\\\/2025\\\/01\\\/Salsiccia-fresca-_-carnaciori-proaspeti-de-porc-0.400-kg-1.png\",\"contentUrl\":\"https:\\\/\\\/gustoitaliano.md\\\/wp-content\\\/uploads\\\/2025\\\/01\\\/Salsiccia-fresca-_-carnaciori-proaspeti-de-porc-0.400-kg-1.png\",\"width\":1000,\"height\":1000},{\"@type\":\"BreadcrumbList\",\"@id\":\"https:\\\/\\\/gustoitaliano.md\\\/product\\\/salsiccia-fresca-carnaciori-proaspeti-de-porc-0-400-kg\\\/#breadcrumb\",\"itemListElement\":[{\"@type\":\"ListItem\",\"position\":1,\"name\":\"Prima pagin\u0103\",\"item\":\"https:\\\/\\\/gustoitaliano.md\\\/\"},{\"@type\":\"ListItem\",\"position\":2,\"name\":\"Magazin\",\"item\":\"https:\\\/\\\/gustoitaliano.md\\\/ro\\\/magazin\\\/\"},{\"@type\":\"ListItem\",\"position\":3,\"name\":\"Salamuri \u0219i Mezeluri\",\"item\":\"https:\\\/\\\/gustoitaliano.md\\\/product-category\\\/mezeluri-si-prosciutto\\\/\"},{\"@type\":\"ListItem\",\"position\":4,\"name\":\"Salsiccia fresca \\\/ carnaciori proaspeti de porc ~ 0.400 kg\"}]},{\"@type\":\"WebSite\",\"@id\":\"https:\\\/\\\/gustoitaliano.md\\\/ro\\\/#website\",\"url\":\"https:\\\/\\\/gustoitaliano.md\\\/ro\\\/\",\"name\":\"Gusto Italiano\",\"description\":\"Produse Autentice Italiene\",\"publisher\":{\"@id\":\"https:\\\/\\\/gustoitaliano.md\\\/ro\\\/#organization\"},\"potentialAction\":[{\"@type\":\"SearchAction\",\"target\":{\"@type\":\"EntryPoint\",\"urlTemplate\":\"https:\\\/\\\/gustoitaliano.md\\\/ro\\\/?s={search_term_string}\"},\"query-input\":{\"@type\":\"PropertyValueSpecification\",\"valueRequired\":true,\"valueName\":\"search_term_string\"}}],\"inLanguage\":\"ru-RU\"},{\"@type\":\"Organization\",\"@id\":\"https:\\\/\\\/gustoitaliano.md\\\/ro\\\/#organization\",\"name\":\"Gusto Italiano\",\"alternateName\":\"Golden Gates SRL\",\"url\":\"https:\\\/\\\/gustoitaliano.md\\\/ro\\\/\",\"logo\":{\"@type\":\"ImageObject\",\"inLanguage\":\"ru-RU\",\"@id\":\"https:\\\/\\\/gustoitaliano.md\\\/ro\\\/#\\\/schema\\\/logo\\\/image\\\/\",\"url\":\"https:\\\/\\\/gustoitaliano.md\\\/wp-content\\\/uploads\\\/2025\\\/05\\\/logo-gusutoitaliano-2-2.png\",\"contentUrl\":\"https:\\\/\\\/gustoitaliano.md\\\/wp-content\\\/uploads\\\/2025\\\/05\\\/logo-gusutoitaliano-2-2.png\",\"width\":180,\"height\":180,\"caption\":\"Gusto Italiano\"},\"image\":{\"@id\":\"https:\\\/\\\/gustoitaliano.md\\\/ro\\\/#\\\/schema\\\/logo\\\/image\\\/\"},\"sameAs\":[\"https:\\\/\\\/www.facebook.com\\\/GoldenGates.Moldova\"]}]}<\/script>\n<!-- \/ Yoast SEO Premium plugin. -->","yoast_head_json":{"title":"Salsiccia fresca \/ carnaciori proaspeti de porc ~ 0.400 kg - Gusto Italiano","description":"Salsiccia Fresca \u2013 c\u00e2rna\u021biori proaspe\u021bi de porc, prepara\u021bi dup\u0103 re\u021beta tradi\u021bional\u0103 italian\u0103. Gust autentic, ideali pentru gr\u0103tar, paste sau pizza. Produs refrigerat ~0.400 kg, disponibil pe gustoitaliano.md.","robots":{"index":"index","follow":"follow","max-snippet":"max-snippet:-1","max-image-preview":"max-image-preview:large","max-video-preview":"max-video-preview:-1"},"canonical":"https:\/\/gustoitaliano.md\/ru\/product\/salsiccia-fresca-carnaciori-proaspeti-de-porc-0-400-kg\/","og_locale":"ru_RU","og_type":"article","og_title":"Salsiccia fresca \/ carnaciori proaspeti de porc ~ 0.400 kg","og_description":"Salsiccia Fresca \u2013 c\u00e2rna\u021biori proaspe\u021bi de porc, prepara\u021bi dup\u0103 re\u021beta tradi\u021bional\u0103 italian\u0103. Gust autentic, ideali pentru gr\u0103tar, paste sau pizza. Produs refrigerat ~0.400 kg, disponibil pe gustoitaliano.md.","og_url":"https:\/\/gustoitaliano.md\/ru\/product\/salsiccia-fresca-carnaciori-proaspeti-de-porc-0-400-kg\/","og_site_name":"Gusto Italiano","article_publisher":"https:\/\/www.facebook.com\/GoldenGates.Moldova","article_modified_time":"2026-01-24T06:03:15+00:00","og_image":[{"width":1000,"height":1000,"url":"https:\/\/gustoitaliano.md\/wp-content\/uploads\/2025\/01\/Salsiccia-fresca-_-carnaciori-proaspeti-de-porc-0.400-kg-1.png","type":"image\/png"}],"twitter_card":"summary_large_image","twitter_misc":{"\u041f\u0440\u0438\u043c\u0435\u0440\u043d\u043e\u0435 \u0432\u0440\u0435\u043c\u044f \u0434\u043b\u044f \u0447\u0442\u0435\u043d\u0438\u044f":"1 \u043c\u0438\u043d\u0443\u0442\u0430"},"schema":{"@context":"https:\/\/schema.org","@graph":[{"@type":"WebPage","@id":"https:\/\/gustoitaliano.md\/product\/salsiccia-fresca-carnaciori-proaspeti-de-porc-0-400-kg\/","url":"https:\/\/gustoitaliano.md\/product\/salsiccia-fresca-carnaciori-proaspeti-de-porc-0-400-kg\/","name":"Salsiccia fresca \/ carnaciori proaspeti de porc ~ 0.400 kg - Gusto Italiano","isPartOf":{"@id":"https:\/\/gustoitaliano.md\/ro\/#website"},"primaryImageOfPage":{"@id":"https:\/\/gustoitaliano.md\/product\/salsiccia-fresca-carnaciori-proaspeti-de-porc-0-400-kg\/#primaryimage"},"image":{"@id":"https:\/\/gustoitaliano.md\/product\/salsiccia-fresca-carnaciori-proaspeti-de-porc-0-400-kg\/#primaryimage"},"thumbnailUrl":"https:\/\/gustoitaliano.md\/wp-content\/uploads\/2025\/01\/Salsiccia-fresca-_-carnaciori-proaspeti-de-porc-0.400-kg-1.png","datePublished":"2025-01-21T10:24:49+00:00","dateModified":"2026-01-24T06:03:15+00:00","description":"Salsiccia Fresca \u2013 c\u00e2rna\u021biori proaspe\u021bi de porc, prepara\u021bi dup\u0103 re\u021beta tradi\u021bional\u0103 italian\u0103. Gust autentic, ideali pentru gr\u0103tar, paste sau pizza. Produs refrigerat ~0.400 kg, disponibil pe gustoitaliano.md.","breadcrumb":{"@id":"https:\/\/gustoitaliano.md\/product\/salsiccia-fresca-carnaciori-proaspeti-de-porc-0-400-kg\/#breadcrumb"},"inLanguage":"ru-RU","potentialAction":[{"@type":"ReadAction","target":["https:\/\/gustoitaliano.md\/product\/salsiccia-fresca-carnaciori-proaspeti-de-porc-0-400-kg\/"]}]},{"@type":"ImageObject","inLanguage":"ru-RU","@id":"https:\/\/gustoitaliano.md\/product\/salsiccia-fresca-carnaciori-proaspeti-de-porc-0-400-kg\/#primaryimage","url":"https:\/\/gustoitaliano.md\/wp-content\/uploads\/2025\/01\/Salsiccia-fresca-_-carnaciori-proaspeti-de-porc-0.400-kg-1.png","contentUrl":"https:\/\/gustoitaliano.md\/wp-content\/uploads\/2025\/01\/Salsiccia-fresca-_-carnaciori-proaspeti-de-porc-0.400-kg-1.png","width":1000,"height":1000},{"@type":"BreadcrumbList","@id":"https:\/\/gustoitaliano.md\/product\/salsiccia-fresca-carnaciori-proaspeti-de-porc-0-400-kg\/#breadcrumb","itemListElement":[{"@type":"ListItem","position":1,"name":"Prima pagin\u0103","item":"https:\/\/gustoitaliano.md\/"},{"@type":"ListItem","position":2,"name":"Magazin","item":"https:\/\/gustoitaliano.md\/ro\/magazin\/"},{"@type":"ListItem","position":3,"name":"Salamuri \u0219i Mezeluri","item":"https:\/\/gustoitaliano.md\/product-category\/mezeluri-si-prosciutto\/"},{"@type":"ListItem","position":4,"name":"Salsiccia fresca \/ carnaciori proaspeti de porc ~ 0.400 kg"}]},{"@type":"WebSite","@id":"https:\/\/gustoitaliano.md\/ro\/#website","url":"https:\/\/gustoitaliano.md\/ro\/","name":"Gusto Italiano","description":"\u0410\u0443\u0442\u0435\u043d\u0442\u0438\u0447\u043d\u044b\u0435 \u0438\u0442\u0430\u043b\u044c\u044f\u043d\u0441\u043a\u0438\u0435 \u043f\u0440\u043e\u0434\u0443\u043a\u0442\u044b","publisher":{"@id":"https:\/\/gustoitaliano.md\/ro\/#organization"},"potentialAction":[{"@type":"SearchAction","target":{"@type":"EntryPoint","urlTemplate":"https:\/\/gustoitaliano.md\/ro\/?s={search_term_string}"},"query-input":{"@type":"PropertyValueSpecification","valueRequired":true,"valueName":"search_term_string"}}],"inLanguage":"ru-RU"},{"@type":"Organization","@id":"https:\/\/gustoitaliano.md\/ro\/#organization","name":"Gusto Italiano","alternateName":"Golden Gates SRL","url":"https:\/\/gustoitaliano.md\/ro\/","logo":{"@type":"ImageObject","inLanguage":"ru-RU","@id":"https:\/\/gustoitaliano.md\/ro\/#\/schema\/logo\/image\/","url":"https:\/\/gustoitaliano.md\/wp-content\/uploads\/2025\/05\/logo-gusutoitaliano-2-2.png","contentUrl":"https:\/\/gustoitaliano.md\/wp-content\/uploads\/2025\/05\/logo-gusutoitaliano-2-2.png","width":180,"height":180,"caption":"Gusto Italiano"},"image":{"@id":"https:\/\/gustoitaliano.md\/ro\/#\/schema\/logo\/image\/"},"sameAs":["https:\/\/www.facebook.com\/GoldenGates.Moldova"]}]}},"_links":{"self":[{"href":"https:\/\/gustoitaliano.md\/ru\/wp-json\/wp\/v2\/product\/44944","targetHints":{"allow":["GET"]}}],"collection":[{"href":"https:\/\/gustoitaliano.md\/ru\/wp-json\/wp\/v2\/product"}],"about":[{"href":"https:\/\/gustoitaliano.md\/ru\/wp-json\/wp\/v2\/types\/product"}],"version-history":[{"count":0,"href":"https:\/\/gustoitaliano.md\/ru\/wp-json\/wp\/v2\/product\/44944\/revisions"}],"wp:featuredmedia":[{"embeddable":true,"href":"https:\/\/gustoitaliano.md\/ru\/wp-json\/wp\/v2\/media\/47237"}],"wp:attachment":[{"href":"https:\/\/gustoitaliano.md\/ru\/wp-json\/wp\/v2\/media?parent=44944"}],"wp:term":[{"taxonomy":"product_brand","embeddable":true,"href":"https:\/\/gustoitaliano.md\/ru\/wp-json\/wp\/v2\/product_brand?post=44944"},{"taxonomy":"product_cat","embeddable":true,"href":"https:\/\/gustoitaliano.md\/ru\/wp-json\/wp\/v2\/product_cat?post=44944"},{"taxonomy":"product_tag","embeddable":true,"href":"https:\/\/gustoitaliano.md\/ru\/wp-json\/wp\/v2\/product_tag?post=44944"}],"curies":[{"name":"wp","href":"https:\/\/api.w.org\/{rel}","templated":true}]}}