{"id":45044,"date":"2025-01-21T12:25:11","date_gmt":"2025-01-21T10:25:11","guid":{"rendered":"https:\/\/gustoitaliano.md\/?post_type=product&#038;p=45044"},"modified":"2025-11-05T17:33:29","modified_gmt":"2025-11-05T15:33:29","slug":"branza-semitare-asiago-dop-250-gr","status":"publish","type":"product","link":"https:\/\/gustoitaliano.md\/ru\/product\/branza-semitare-asiago-dop-250-gr\/","title":{"rendered":"\u041f\u043e\u043b\u0443\u0442\u0432\u0435\u0440\u0434\u044b\u0439 \u0441\u044b\u0440 \u0410\u0437\u0438\u0430\u0433\u043e PDO 250 \u0433\u0440."},"content":{"rendered":"<p><strong>\u0410\u0437\u0438\u0430\u0433\u043e D.O.P.<\/strong> \u044d\u0442\u043e \u0442\u0440\u0430\u0434\u0438\u0446\u0438\u043e\u043d\u043d\u044b\u0439 \u0438\u0442\u0430\u043b\u044c\u044f\u043d\u0441\u043a\u0438\u0439 \u043f\u043e\u043b\u0443\u0442\u0432\u0435\u0440\u0434\u044b\u0439 \u0441\u044b\u0440, \u0438\u0437\u0433\u043e\u0442\u043e\u0432\u043b\u0435\u043d\u043d\u044b\u0439 \u0438\u0437 \u043a\u043e\u0440\u043e\u0432\u044c\u0435\u0433\u043e \u043c\u043e\u043b\u043e\u043a\u0430 \u0432 \u0441\u043e\u043e\u0442\u0432\u0435\u0442\u0441\u0442\u0432\u0438\u0438 \u0441\u043e \u0441\u0442\u0430\u043d\u0434\u0430\u0440\u0442\u0430\u043c\u0438 \u0417\u0430\u0449\u0438\u0449\u0435\u043d\u043d\u043e\u0433\u043e \u043d\u0430\u0438\u043c\u0435\u043d\u043e\u0432\u0430\u043d\u0438\u044f \u043c\u0435\u0441\u0442\u0430 \u043f\u0440\u043e\u0438\u0441\u0445\u043e\u0436\u0434\u0435\u043d\u0438\u044f (P.D.O.). \u041e\u0431\u043b\u0430\u0434\u0430\u044f \u043d\u0435\u0436\u043d\u043e\u0439 \u0442\u0435\u043a\u0441\u0442\u0443\u0440\u043e\u0439 \u0438 \u0441\u0431\u0430\u043b\u0430\u043d\u0441\u0438\u0440\u043e\u0432\u0430\u043d\u043d\u044b\u043c, \u0441\u043b\u0435\u0433\u043a\u0430 \u0441\u043b\u0430\u0434\u043a\u043e\u0432\u0430\u0442\u044b\u043c \u0432\u043a\u0443\u0441\u043e\u043c, \u0410\u0437\u0438\u0430\u0433\u043e \u0443\u043d\u0438\u0432\u0435\u0440\u0441\u0430\u043b\u0435\u043d \u0438 \u043f\u043e\u0434\u0445\u043e\u0434\u0438\u0442 \u0434\u043b\u044f \u0437\u0430\u043a\u0443\u0441\u043e\u043a, \u0441\u0430\u043b\u0430\u0442\u043e\u0432 \u0438 \u043f\u0440\u0438\u0433\u043e\u0442\u043e\u0432\u043b\u0435\u043d\u0438\u044f \u043f\u0438\u0449\u0438. \u0423\u043f\u0430\u043a\u043e\u0432\u043a\u0430 250 \u0433\u0440. \u0438\u0434\u0435\u0430\u043b\u044c\u043d\u043e \u043f\u043e\u0434\u0445\u043e\u0434\u0438\u0442 \u0434\u043b\u044f \u0434\u043e\u043c\u0430\u0448\u043d\u0435\u0433\u043e \u0438\u0441\u043f\u043e\u043b\u044c\u0437\u043e\u0432\u0430\u043d\u0438\u044f, \u043f\u0440\u0435\u0434\u043b\u0430\u0433\u0430\u044f \u043f\u043e\u0434\u043b\u0438\u043d\u043d\u044b\u0439 \u043e\u043f\u044b\u0442 \u0438\u0442\u0430\u043b\u044c\u044f\u043d\u0441\u043a\u043e\u0439 \u043a\u0443\u0445\u043d\u0438.<\/p>\n<p><strong>\u041e\u0441\u043e\u0431\u0435\u043d\u043d\u043e\u0441\u0442\u0438:<\/strong><\/p>\n<p>\u0422\u0435\u043a\u0441\u0442\u0443\u0440\u0430: \u043f\u043e\u043b\u0443\u0442\u0435\u043a\u0441\u0442\u0443\u0440\u043d\u0430\u044f, \u0442\u043e\u043d\u043a\u0430\u044f \u0438 \u0441\u043b\u0435\u0433\u043a\u0430 \u044d\u043b\u0430\u0441\u0442\u0438\u0447\u043d\u0430\u044f.<\/p>\n<p>\u0412\u043a\u0443\u0441: \u0421\u043b\u0430\u0434\u043a\u0438\u0439, \u0441 \u0442\u043e\u043d\u043a\u0438\u043c\u0438 \u043d\u043e\u0442\u043a\u0430\u043c\u0438 \u0437\u0440\u0435\u043b\u043e\u0433\u043e \u043c\u043e\u043b\u043e\u043a\u0430 \u0438 \u043b\u0435\u0441\u043d\u044b\u0445 \u043e\u0440\u0435\u0445\u043e\u0432.<\/p>\n<p>\u0421\u0435\u0440\u0442\u0438\u0444\u0438\u043a\u0430\u0446\u0438\u044f: D.O.P. (\u0417\u0430\u0449\u0438\u0449\u0435\u043d\u043d\u043e\u0435 \u043e\u0431\u043e\u0437\u043d\u0430\u0447\u0435\u043d\u0438\u0435 \u043f\u0440\u043e\u0438\u0441\u0445\u043e\u0436\u0434\u0435\u043d\u0438\u044f), \u0433\u0430\u0440\u0430\u043d\u0442\u0438\u0440\u0443\u044e\u0449\u0435\u0435 \u043f\u043e\u0434\u043b\u0438\u043d\u043d\u043e\u0441\u0442\u044c \u0438 \u043a\u0430\u0447\u0435\u0441\u0442\u0432\u043e.<\/p>\n<p>\u0418\u0441\u043f\u043e\u043b\u044c\u0437\u043e\u0432\u0430\u043d\u0438\u0435: \u0418\u0434\u0435\u0430\u043b\u044c\u043d\u043e \u043f\u043e\u0434\u0445\u043e\u0434\u0438\u0442 \u0434\u043b\u044f \u043f\u0440\u0438\u0433\u043e\u0442\u043e\u0432\u043b\u0435\u043d\u0438\u044f \u043f\u0438\u0449\u0438, \u0441\u043e\u0441\u043a\u0430\u0431\u043b\u0438\u0432\u0430\u043d\u0438\u044f \u0438\u043b\u0438 \u043d\u0435\u043f\u043e\u0441\u0440\u0435\u0434\u0441\u0442\u0432\u0435\u043d\u043d\u043e\u0439 \u043f\u043e\u0434\u0430\u0447\u0438.<\/p>\n<p><strong>\u0420\u0435\u043a\u043e\u043c\u0435\u043d\u0434\u0430\u0446\u0438\u0438 \u043f\u043e \u043f\u0440\u0438\u043c\u0435\u043d\u0435\u043d\u0438\u044e:<\/strong><\/p>\n<p>\u0414\u043b\u044f \u0441\u044b\u0440\u043d\u044b\u0445 \u0442\u0430\u0440\u0435\u043b\u043e\u043a: \u041f\u043e\u0434\u0430\u0432\u0430\u0439\u0442\u0435 \u0410\u0437\u0438\u0430\u0433\u043e \u0432\u043c\u0435\u0441\u0442\u0435 \u0441\u043e \u0441\u0432\u0435\u0436\u0438\u043c\u0438 \u0444\u0440\u0443\u043a\u0442\u0430\u043c\u0438 \u0438 \u043e\u0440\u0435\u0445\u0430\u043c\u0438.<\/p>\n<p>\u0414\u043b\u044f \u043f\u0430\u0441\u0442\u044b: \u041d\u0430\u0442\u0440\u0438\u0442\u0435 \u0435\u0433\u043e \u043d\u0430 \u043f\u0430\u0441\u0442\u0443 \u0438\u043b\u0438 \u0440\u0438\u0437\u043e\u0442\u0442\u043e, \u0447\u0442\u043e\u0431\u044b \u043f\u043e\u043b\u0443\u0447\u0438\u0442\u044c \u043d\u0430\u0441\u044b\u0449\u0435\u043d\u043d\u044b\u0439 \u0432\u043a\u0443\u0441.<\/p>\n<p>\u0414\u043b\u044f \u0441\u0430\u043b\u0430\u0442\u043e\u0432: \u0414\u043e\u0431\u0430\u0432\u044c\u0442\u0435 \u043a\u0443\u0431\u0438\u043a\u0438 \u0430\u0437\u0438\u0430\u0433\u043e \u0432 \u0441\u0430\u043b\u0430\u0442\u044b \u0441 \u0440\u0443\u043a\u043a\u043e\u043b\u043e\u0439, \u0433\u0440\u0443\u0448\u0430\u043c\u0438 \u0438 \u0433\u0440\u0435\u0446\u043a\u0438\u043c\u0438 \u043e\u0440\u0435\u0445\u0430\u043c\u0438.<\/p>\n<p>\u0414\u043b\u044f \u0441\u044d\u043d\u0434\u0432\u0438\u0447\u0435\u0439: \u0418\u0441\u043f\u043e\u043b\u044c\u0437\u0443\u0439\u0442\u0435 \u0434\u043b\u044f \u043e\u0431\u043e\u0433\u0430\u0449\u0435\u043d\u0438\u044f \u0432\u043a\u0443\u0441\u0430 \u0442\u0435\u043f\u043b\u043e\u0433\u043e \u043f\u0430\u043d\u0438\u043d\u0438.<\/p>\n<p>\u0414\u043b\u044f \u043f\u0440\u0438\u0433\u043e\u0442\u043e\u0432\u043b\u0435\u043d\u0438\u044f: \u0420\u0430\u0441\u0442\u043e\u043f\u0438\u0442\u0435 \u0435\u0433\u043e \u043d\u0430\u0434 \u0437\u0430\u043f\u0435\u0447\u0435\u043d\u043d\u044b\u043c\u0438 \u043e\u0432\u043e\u0449\u0430\u043c\u0438 \u0438\u043b\u0438 \u0432 \u0441\u043e\u0443\u0441\u0430\u0445.<\/p>\n<p><strong>\u0420\u0435\u0446\u0435\u043f\u0442: \u0421\u0430\u043b\u0430\u0442 \u0441 \u0430\u0437\u0438\u0430\u0433\u043e, \u0433\u0440\u0443\u0448\u0430\u043c\u0438 \u0438 \u0433\u0440\u0435\u0446\u043a\u0438\u043c\u0438 \u043e\u0440\u0435\u0445\u0430\u043c\u0438<\/strong><\/p>\n<p>\u0418\u043d\u0433\u0440\u0435\u0434\u0438\u0435\u043d\u0442:<\/p>\n<p>100 \u0433\u0440. \u0441\u0432\u0435\u0436\u0435\u0439 \u0440\u0443\u043a\u043a\u043e\u043b\u044b<\/p>\n<p>1 \u0442\u043e\u043d\u043a\u043e \u043d\u0430\u0440\u0435\u0437\u0430\u043d\u043d\u0430\u044f \u0433\u0440\u0443\u0448\u0430<\/p>\n<p>50 \u0433\u0440. \u0441\u044b\u0440\u0430 \u0410\u0437\u0438\u0430\u0433\u043e, \u043c\u0430\u043b\u0435\u043d\u044c\u043a\u0438\u0435 \u043a\u0443\u0431\u0438\u043a\u0438<\/p>\n<p>30 \u0433\u0440. \u043f\u043e\u0434\u0436\u0430\u0440\u0435\u043d\u043d\u044b\u0445 \u0433\u0440\u0435\u0446\u043a\u0438\u0445 \u043e\u0440\u0435\u0445\u043e\u0432<\/p>\n<p>2 \u0441\u0442. \u043b. <a href=\"https:\/\/gustoitaliano.md\/ru\/produs\/ulei-de-masline-olio-extra-vergine-dante-1-lt-sticla\/\">\u041e\u043b\u0438\u0432\u043a\u043e\u0432\u043e\u0435 \u043c\u0430\u0441\u043b\u043e \u044d\u043a\u0441\u0442\u0440\u0430-\u043a\u043b\u0430\u0441\u0441\u0430<\/a><\/p>\n<p>1 \u0441\u0442.\u043b. \u043b\u0438\u043c\u043e\u043d\u043d\u043e\u0433\u043e \u0441\u043e\u043a\u0430<\/p>\n<p>\u0421\u043e\u043b\u044c \u0438 \u043f\u0435\u0440\u0435\u0446 \u043f\u043e \u0432\u043a\u0443\u0441\u0443<\/p>\n<p><em>\u041f\u043e\u0434\u0433\u043e\u0442\u043e\u0432\u043a\u0430:<\/em><\/p>\n<p>\u0412\u044b\u043b\u043e\u0436\u0438\u0442\u0435 \u0440\u0443\u043a\u043a\u043e\u043b\u0443 \u043d\u0430 \u0442\u0430\u0440\u0435\u043b\u043a\u0443 \u0438 \u0434\u043e\u0431\u0430\u0432\u044c\u0442\u0435 \u043b\u043e\u043c\u0442\u0438\u043a\u0438 \u0433\u0440\u0443\u0448\u0438.<\/p>\n<p>\u041f\u043e\u0441\u044b\u043f\u044c\u0442\u0435 \u043a\u0443\u0431\u0438\u043a\u0430\u043c\u0438 \u0430\u0437\u0438\u0430\u0433\u043e \u0438 \u043f\u043e\u0434\u0436\u0430\u0440\u0435\u043d\u043d\u044b\u043c\u0438 \u0433\u0440\u0435\u0446\u043a\u0438\u043c\u0438 \u043e\u0440\u0435\u0445\u0430\u043c\u0438.<\/p>\n<p>\u0414\u043b\u044f \u0437\u0430\u043f\u0440\u0430\u0432\u043a\u0438 \u0441\u043c\u0435\u0448\u0430\u0439\u0442\u0435 \u043e\u043b\u0438\u0432\u043a\u043e\u0432\u043e\u0435 \u043c\u0430\u0441\u043b\u043e \u0441 \u043b\u0438\u043c\u043e\u043d\u043d\u044b\u043c \u0441\u043e\u043a\u043e\u043c, \u0441\u043e\u043b\u044c\u044e \u0438 \u043f\u0435\u0440\u0446\u0435\u043c.<\/p>\n<p>\u041f\u043e\u043b\u0435\u0439\u0442\u0435 \u0441\u0430\u043b\u0430\u0442 \u0437\u0430\u043f\u0440\u0430\u0432\u043a\u043e\u0439 \u0438 \u0441\u0440\u0430\u0437\u0443 \u0436\u0435 \u043f\u043e\u0434\u0430\u0432\u0430\u0439\u0442\u0435.<\/p>\n<p>\u0421\u043e\u0432\u0435\u0442: \u0414\u043e\u043f\u043e\u043b\u043d\u0438\u0442\u0435 \u044d\u0442\u043e \u0431\u043b\u044e\u0434\u043e \u0431\u043e\u043a\u0430\u043b\u043e\u043c \u0441\u0443\u0445\u043e\u0433\u043e \u0431\u0435\u043b\u043e\u0433\u043e \u0432\u0438\u043d\u0430, \u043d\u0430\u043f\u0440\u0438\u043c\u0435\u0440, Pinot Grigio, \u0447\u0442\u043e\u0431\u044b \u043f\u043e\u0447\u0443\u0432\u0441\u0442\u0432\u043e\u0432\u0430\u0442\u044c \u0441\u0435\u0431\u044f \u043d\u0430\u0441\u0442\u043e\u044f\u0449\u0438\u043c \u0438\u0442\u0430\u043b\u044c\u044f\u043d\u0446\u0435\u043c.<\/p>\n<p><strong>\u0417\u0430\u043a\u0430\u0436\u0438\u0442\u0435 \u0441\u044b\u0440 Asiago P.D.O.P. \u0438 \u0434\u0440\u0443\u0433\u0438\u0435 \u043d\u0430\u0441\u0442\u043e\u044f\u0449\u0438\u0435 \u0438\u0442\u0430\u043b\u044c\u044f\u043d\u0441\u043a\u0438\u0435 \u043f\u0440\u043e\u0434\u0443\u043a\u0442\u044b \u0432 Gusto Italiano \u0434\u043b\u044f \u043f\u0440\u0438\u0433\u043e\u0442\u043e\u0432\u043b\u0435\u043d\u0438\u044f \u043f\u0438\u043a\u0430\u043d\u0442\u043d\u044b\u0445 \u0438 \u0430\u0443\u0442\u0435\u043d\u0442\u0438\u0447\u043d\u044b\u0445 \u0431\u043b\u044e\u0434!<\/strong><\/p>","protected":false},"excerpt":{"rendered":"<p>Asiago D.O.P. este o br\u00e2nz\u0103 semitare tradi\u021bional\u0103 italian\u0103, fabricat\u0103 din lapte de vac\u0103 conform standardelor Denumirii de Origine Protejat\u0103 (D.O.P.).<\/p>","protected":false},"featured_media":47413,"template":"","meta":[],"product_brand":[2416],"product_cat":[2351,2352],"product_tag":[2420],"class_list":{"0":"post-45044","1":"product","2":"type-product","3":"status-publish","4":"has-post-thumbnail","6":"product_brand-zarpellon","7":"product_cat-branzeturi","8":"product_cat-branzeturi-portionate","9":"product_tag-retail","11":"first","12":"instock","13":"downloadable","14":"taxable","15":"shipping-taxable","16":"purchasable","17":"product-type-simple"},"yoast_head":"<!-- This site is optimized with the Yoast SEO Premium plugin v26.5 (Yoast SEO v27.4) - https:\/\/yoast.com\/product\/yoast-seo-premium-wordpress\/ -->\n<title>Branza semitare Asiago DOP 250 gr. - Gusto Italiano<\/title>\n<meta name=\"robots\" content=\"index, follow, max-snippet:-1, max-image-preview:large, max-video-preview:-1\" \/>\n<link rel=\"canonical\" href=\"https:\/\/gustoitaliano.md\/ru\/product\/branza-semitare-asiago-dop-250-gr\/\" \/>\n<meta property=\"og:locale\" content=\"ru_RU\" \/>\n<meta property=\"og:type\" content=\"article\" \/>\n<meta property=\"og:title\" content=\"Branza semitare Asiago DOP 250 gr.\" \/>\n<meta property=\"og:description\" content=\"Asiago D.O.P. este o br\u00e2nz\u0103 semitare tradi\u021bional\u0103 italian\u0103, fabricat\u0103 din lapte de vac\u0103 conform standardelor Denumirii de Origine Protejat\u0103 (D.O.P.).\" \/>\n<meta property=\"og:url\" content=\"https:\/\/gustoitaliano.md\/ru\/product\/branza-semitare-asiago-dop-250-gr\/\" \/>\n<meta property=\"og:site_name\" content=\"Gusto Italiano\" \/>\n<meta property=\"article:publisher\" content=\"https:\/\/www.facebook.com\/GoldenGates.Moldova\" \/>\n<meta property=\"article:modified_time\" content=\"2025-11-05T15:33:29+00:00\" \/>\n<meta property=\"og:image\" content=\"https:\/\/gustoitaliano.md\/wp-content\/uploads\/2025\/01\/Branza-semitare-Asiago-DOP.png\" \/>\n\t<meta property=\"og:image:width\" content=\"1000\" \/>\n\t<meta property=\"og:image:height\" content=\"1000\" \/>\n\t<meta property=\"og:image:type\" content=\"image\/png\" \/>\n<meta name=\"twitter:card\" content=\"summary_large_image\" \/>\n<meta name=\"twitter:label1\" content=\"\u041f\u0440\u0438\u043c\u0435\u0440\u043d\u043e\u0435 \u0432\u0440\u0435\u043c\u044f \u0434\u043b\u044f \u0447\u0442\u0435\u043d\u0438\u044f\" \/>\n\t<meta name=\"twitter:data1\" content=\"2 \u043c\u0438\u043d\u0443\u0442\u044b\" \/>\n<script type=\"application\/ld+json\" class=\"yoast-schema-graph\">{\"@context\":\"https:\\\/\\\/schema.org\",\"@graph\":[{\"@type\":\"WebPage\",\"@id\":\"https:\\\/\\\/gustoitaliano.md\\\/product\\\/branza-semitare-asiago-dop-250-gr\\\/\",\"url\":\"https:\\\/\\\/gustoitaliano.md\\\/product\\\/branza-semitare-asiago-dop-250-gr\\\/\",\"name\":\"Branza semitare Asiago DOP 250 gr. - Gusto Italiano\",\"isPartOf\":{\"@id\":\"https:\\\/\\\/gustoitaliano.md\\\/ro\\\/#website\"},\"primaryImageOfPage\":{\"@id\":\"https:\\\/\\\/gustoitaliano.md\\\/product\\\/branza-semitare-asiago-dop-250-gr\\\/#primaryimage\"},\"image\":{\"@id\":\"https:\\\/\\\/gustoitaliano.md\\\/product\\\/branza-semitare-asiago-dop-250-gr\\\/#primaryimage\"},\"thumbnailUrl\":\"https:\\\/\\\/gustoitaliano.md\\\/wp-content\\\/uploads\\\/2025\\\/01\\\/Branza-semitare-Asiago-DOP.png\",\"datePublished\":\"2025-01-21T10:25:11+00:00\",\"dateModified\":\"2025-11-05T15:33:29+00:00\",\"breadcrumb\":{\"@id\":\"https:\\\/\\\/gustoitaliano.md\\\/product\\\/branza-semitare-asiago-dop-250-gr\\\/#breadcrumb\"},\"inLanguage\":\"ru-RU\",\"potentialAction\":[{\"@type\":\"ReadAction\",\"target\":[\"https:\\\/\\\/gustoitaliano.md\\\/product\\\/branza-semitare-asiago-dop-250-gr\\\/\"]}]},{\"@type\":\"ImageObject\",\"inLanguage\":\"ru-RU\",\"@id\":\"https:\\\/\\\/gustoitaliano.md\\\/product\\\/branza-semitare-asiago-dop-250-gr\\\/#primaryimage\",\"url\":\"https:\\\/\\\/gustoitaliano.md\\\/wp-content\\\/uploads\\\/2025\\\/01\\\/Branza-semitare-Asiago-DOP.png\",\"contentUrl\":\"https:\\\/\\\/gustoitaliano.md\\\/wp-content\\\/uploads\\\/2025\\\/01\\\/Branza-semitare-Asiago-DOP.png\",\"width\":1000,\"height\":1000},{\"@type\":\"BreadcrumbList\",\"@id\":\"https:\\\/\\\/gustoitaliano.md\\\/product\\\/branza-semitare-asiago-dop-250-gr\\\/#breadcrumb\",\"itemListElement\":[{\"@type\":\"ListItem\",\"position\":1,\"name\":\"Prima pagin\u0103\",\"item\":\"https:\\\/\\\/gustoitaliano.md\\\/\"},{\"@type\":\"ListItem\",\"position\":2,\"name\":\"Magazin\",\"item\":\"https:\\\/\\\/gustoitaliano.md\\\/ro\\\/magazin\\\/\"},{\"@type\":\"ListItem\",\"position\":3,\"name\":\"Br\u00e2nzeturi\",\"item\":\"https:\\\/\\\/gustoitaliano.md\\\/product-category\\\/branzeturi\\\/\"},{\"@type\":\"ListItem\",\"position\":4,\"name\":\"Br\u00e2nzeturi por\u021bionate\",\"item\":\"https:\\\/\\\/gustoitaliano.md\\\/product-category\\\/branzeturi\\\/branzeturi-portionate\\\/\"},{\"@type\":\"ListItem\",\"position\":5,\"name\":\"Branza semitare Asiago DOP 250 gr.\"}]},{\"@type\":\"WebSite\",\"@id\":\"https:\\\/\\\/gustoitaliano.md\\\/ro\\\/#website\",\"url\":\"https:\\\/\\\/gustoitaliano.md\\\/ro\\\/\",\"name\":\"Gusto Italiano\",\"description\":\"Produse Autentice Italiene\",\"publisher\":{\"@id\":\"https:\\\/\\\/gustoitaliano.md\\\/ro\\\/#organization\"},\"potentialAction\":[{\"@type\":\"SearchAction\",\"target\":{\"@type\":\"EntryPoint\",\"urlTemplate\":\"https:\\\/\\\/gustoitaliano.md\\\/ro\\\/?s={search_term_string}\"},\"query-input\":{\"@type\":\"PropertyValueSpecification\",\"valueRequired\":true,\"valueName\":\"search_term_string\"}}],\"inLanguage\":\"ru-RU\"},{\"@type\":\"Organization\",\"@id\":\"https:\\\/\\\/gustoitaliano.md\\\/ro\\\/#organization\",\"name\":\"Gusto Italiano\",\"alternateName\":\"Golden Gates SRL\",\"url\":\"https:\\\/\\\/gustoitaliano.md\\\/ro\\\/\",\"logo\":{\"@type\":\"ImageObject\",\"inLanguage\":\"ru-RU\",\"@id\":\"https:\\\/\\\/gustoitaliano.md\\\/ro\\\/#\\\/schema\\\/logo\\\/image\\\/\",\"url\":\"https:\\\/\\\/gustoitaliano.md\\\/wp-content\\\/uploads\\\/2025\\\/05\\\/logo-gusutoitaliano-2-2.png\",\"contentUrl\":\"https:\\\/\\\/gustoitaliano.md\\\/wp-content\\\/uploads\\\/2025\\\/05\\\/logo-gusutoitaliano-2-2.png\",\"width\":180,\"height\":180,\"caption\":\"Gusto Italiano\"},\"image\":{\"@id\":\"https:\\\/\\\/gustoitaliano.md\\\/ro\\\/#\\\/schema\\\/logo\\\/image\\\/\"},\"sameAs\":[\"https:\\\/\\\/www.facebook.com\\\/GoldenGates.Moldova\"]}]}<\/script>\n<!-- \/ Yoast SEO Premium plugin. -->","yoast_head_json":{"title":"Branza semitare Asiago DOP 250 gr. - Gusto Italiano","robots":{"index":"index","follow":"follow","max-snippet":"max-snippet:-1","max-image-preview":"max-image-preview:large","max-video-preview":"max-video-preview:-1"},"canonical":"https:\/\/gustoitaliano.md\/ru\/product\/branza-semitare-asiago-dop-250-gr\/","og_locale":"ru_RU","og_type":"article","og_title":"Branza semitare Asiago DOP 250 gr.","og_description":"Asiago D.O.P. este o br\u00e2nz\u0103 semitare tradi\u021bional\u0103 italian\u0103, fabricat\u0103 din lapte de vac\u0103 conform standardelor Denumirii de Origine Protejat\u0103 (D.O.P.).","og_url":"https:\/\/gustoitaliano.md\/ru\/product\/branza-semitare-asiago-dop-250-gr\/","og_site_name":"Gusto Italiano","article_publisher":"https:\/\/www.facebook.com\/GoldenGates.Moldova","article_modified_time":"2025-11-05T15:33:29+00:00","og_image":[{"width":1000,"height":1000,"url":"https:\/\/gustoitaliano.md\/wp-content\/uploads\/2025\/01\/Branza-semitare-Asiago-DOP.png","type":"image\/png"}],"twitter_card":"summary_large_image","twitter_misc":{"\u041f\u0440\u0438\u043c\u0435\u0440\u043d\u043e\u0435 \u0432\u0440\u0435\u043c\u044f \u0434\u043b\u044f \u0447\u0442\u0435\u043d\u0438\u044f":"2 \u043c\u0438\u043d\u0443\u0442\u044b"},"schema":{"@context":"https:\/\/schema.org","@graph":[{"@type":"WebPage","@id":"https:\/\/gustoitaliano.md\/product\/branza-semitare-asiago-dop-250-gr\/","url":"https:\/\/gustoitaliano.md\/product\/branza-semitare-asiago-dop-250-gr\/","name":"Branza semitare Asiago DOP 250 gr. - Gusto Italiano","isPartOf":{"@id":"https:\/\/gustoitaliano.md\/ro\/#website"},"primaryImageOfPage":{"@id":"https:\/\/gustoitaliano.md\/product\/branza-semitare-asiago-dop-250-gr\/#primaryimage"},"image":{"@id":"https:\/\/gustoitaliano.md\/product\/branza-semitare-asiago-dop-250-gr\/#primaryimage"},"thumbnailUrl":"https:\/\/gustoitaliano.md\/wp-content\/uploads\/2025\/01\/Branza-semitare-Asiago-DOP.png","datePublished":"2025-01-21T10:25:11+00:00","dateModified":"2025-11-05T15:33:29+00:00","breadcrumb":{"@id":"https:\/\/gustoitaliano.md\/product\/branza-semitare-asiago-dop-250-gr\/#breadcrumb"},"inLanguage":"ru-RU","potentialAction":[{"@type":"ReadAction","target":["https:\/\/gustoitaliano.md\/product\/branza-semitare-asiago-dop-250-gr\/"]}]},{"@type":"ImageObject","inLanguage":"ru-RU","@id":"https:\/\/gustoitaliano.md\/product\/branza-semitare-asiago-dop-250-gr\/#primaryimage","url":"https:\/\/gustoitaliano.md\/wp-content\/uploads\/2025\/01\/Branza-semitare-Asiago-DOP.png","contentUrl":"https:\/\/gustoitaliano.md\/wp-content\/uploads\/2025\/01\/Branza-semitare-Asiago-DOP.png","width":1000,"height":1000},{"@type":"BreadcrumbList","@id":"https:\/\/gustoitaliano.md\/product\/branza-semitare-asiago-dop-250-gr\/#breadcrumb","itemListElement":[{"@type":"ListItem","position":1,"name":"Prima pagin\u0103","item":"https:\/\/gustoitaliano.md\/"},{"@type":"ListItem","position":2,"name":"Magazin","item":"https:\/\/gustoitaliano.md\/ro\/magazin\/"},{"@type":"ListItem","position":3,"name":"Br\u00e2nzeturi","item":"https:\/\/gustoitaliano.md\/product-category\/branzeturi\/"},{"@type":"ListItem","position":4,"name":"Br\u00e2nzeturi por\u021bionate","item":"https:\/\/gustoitaliano.md\/product-category\/branzeturi\/branzeturi-portionate\/"},{"@type":"ListItem","position":5,"name":"Branza semitare Asiago DOP 250 gr."}]},{"@type":"WebSite","@id":"https:\/\/gustoitaliano.md\/ro\/#website","url":"https:\/\/gustoitaliano.md\/ro\/","name":"Gusto Italiano","description":"\u0410\u0443\u0442\u0435\u043d\u0442\u0438\u0447\u043d\u044b\u0435 \u0438\u0442\u0430\u043b\u044c\u044f\u043d\u0441\u043a\u0438\u0435 \u043f\u0440\u043e\u0434\u0443\u043a\u0442\u044b","publisher":{"@id":"https:\/\/gustoitaliano.md\/ro\/#organization"},"potentialAction":[{"@type":"SearchAction","target":{"@type":"EntryPoint","urlTemplate":"https:\/\/gustoitaliano.md\/ro\/?s={search_term_string}"},"query-input":{"@type":"PropertyValueSpecification","valueRequired":true,"valueName":"search_term_string"}}],"inLanguage":"ru-RU"},{"@type":"Organization","@id":"https:\/\/gustoitaliano.md\/ro\/#organization","name":"Gusto Italiano","alternateName":"Golden Gates SRL","url":"https:\/\/gustoitaliano.md\/ro\/","logo":{"@type":"ImageObject","inLanguage":"ru-RU","@id":"https:\/\/gustoitaliano.md\/ro\/#\/schema\/logo\/image\/","url":"https:\/\/gustoitaliano.md\/wp-content\/uploads\/2025\/05\/logo-gusutoitaliano-2-2.png","contentUrl":"https:\/\/gustoitaliano.md\/wp-content\/uploads\/2025\/05\/logo-gusutoitaliano-2-2.png","width":180,"height":180,"caption":"Gusto Italiano"},"image":{"@id":"https:\/\/gustoitaliano.md\/ro\/#\/schema\/logo\/image\/"},"sameAs":["https:\/\/www.facebook.com\/GoldenGates.Moldova"]}]}},"_links":{"self":[{"href":"https:\/\/gustoitaliano.md\/ru\/wp-json\/wp\/v2\/product\/45044","targetHints":{"allow":["GET"]}}],"collection":[{"href":"https:\/\/gustoitaliano.md\/ru\/wp-json\/wp\/v2\/product"}],"about":[{"href":"https:\/\/gustoitaliano.md\/ru\/wp-json\/wp\/v2\/types\/product"}],"version-history":[{"count":0,"href":"https:\/\/gustoitaliano.md\/ru\/wp-json\/wp\/v2\/product\/45044\/revisions"}],"wp:featuredmedia":[{"embeddable":true,"href":"https:\/\/gustoitaliano.md\/ru\/wp-json\/wp\/v2\/media\/47413"}],"wp:attachment":[{"href":"https:\/\/gustoitaliano.md\/ru\/wp-json\/wp\/v2\/media?parent=45044"}],"wp:term":[{"taxonomy":"product_brand","embeddable":true,"href":"https:\/\/gustoitaliano.md\/ru\/wp-json\/wp\/v2\/product_brand?post=45044"},{"taxonomy":"product_cat","embeddable":true,"href":"https:\/\/gustoitaliano.md\/ru\/wp-json\/wp\/v2\/product_cat?post=45044"},{"taxonomy":"product_tag","embeddable":true,"href":"https:\/\/gustoitaliano.md\/ru\/wp-json\/wp\/v2\/product_tag?post=45044"}],"curies":[{"name":"wp","href":"https:\/\/api.w.org\/{rel}","templated":true}]}}