{"id":45228,"date":"2025-01-21T12:25:54","date_gmt":"2025-01-21T10:25:54","guid":{"rendered":"https:\/\/gustoitaliano.md\/?post_type=product&#038;p=45228"},"modified":"2026-01-19T10:37:29","modified_gmt":"2026-01-19T08:37:29","slug":"ton-in-ulei-f-s-tonno-capri-olio-semi-1-kg","status":"publish","type":"product","link":"https:\/\/gustoitaliano.md\/ru\/product\/ton-in-ulei-f-s-tonno-capri-olio-semi-1-kg\/","title":{"rendered":"\u0422\u0443\u043d\u0435\u0446 \u0432 \u043c\u0430\u0441\u043b\u0435 \u0444.\u0441. \/ Tonno Capri Olio semi 1 kg"},"content":{"rendered":"<p data-start=\"390\" data-end=\"651\"><strong data-start=\"390\" data-end=\"418\">\u041c\u0430\u0441\u043b\u043e \u0441\u0435\u043c\u044f\u043d \u0442\u0443\u043d\u0446\u0430 \u041a\u0430\u043f\u0440\u0438<\/strong> \u042d\u0442\u043e \u0442\u0449\u0430\u0442\u0435\u043b\u044c\u043d\u043e \u043e\u0442\u043e\u0431\u0440\u0430\u043d\u043d\u044b\u0439 \u0438\u0442\u0430\u043b\u044c\u044f\u043d\u0441\u043a\u0438\u0439 \u0442\u0443\u043d\u0435\u0446, \u043a\u043e\u043d\u0441\u0435\u0440\u0432\u0438\u0440\u043e\u0432\u0430\u043d\u043d\u044b\u0439 \u0432 <strong data-start=\"471\" data-end=\"490\">\u043c\u0430\u0441\u043b\u043e \u0441\u0435\u043c\u044f\u043d<\/strong>, \u0434\u043b\u044f \u043d\u0435\u0436\u043d\u043e\u0433\u043e \u0432\u043a\u0443\u0441\u0430 \u0438 \u043d\u0435\u0439\u0442\u0440\u0430\u043b\u044c\u043d\u043e\u0433\u043e \u0430\u0440\u043e\u043c\u0430\u0442\u0430, \u0438\u0434\u0435\u0430\u043b\u044c\u043d\u043e\u0433\u043e \u0434\u043b\u044f \u0443\u043d\u0438\u0432\u0435\u0440\u0441\u0430\u043b\u044c\u043d\u043e\u0433\u043e \u0438\u0441\u043f\u043e\u043b\u044c\u0437\u043e\u0432\u0430\u043d\u0438\u044f. \u0422\u0435\u043a\u0441\u0442\u0443\u0440\u0430 \u043d\u0435\u0436\u043d\u0430\u044f \u0438 \u0441\u043e\u0447\u043d\u0430\u044f, \u043f\u043e\u0434\u0445\u043e\u0434\u0438\u0442 \u0434\u043b\u044f \u0445\u043e\u043b\u043e\u0434\u043d\u044b\u0445 \u0438 \u0433\u043e\u0440\u044f\u0447\u0438\u0445 \u0431\u043b\u044e\u0434.<\/p>\n<p data-start=\"653\" data-end=\"845\">\u0424\u043e\u0440\u043c\u0430\u0442 <strong data-start=\"662\" data-end=\"680\">1 \u043a\u0433 HoReCa<\/strong> \u0438\u0434\u0435\u0430\u043b\u044c\u043d\u043e \u043f\u043e\u0434\u0445\u043e\u0434\u0438\u0442 \u0434\u043b\u044f \u0440\u0435\u0441\u0442\u043e\u0440\u0430\u043d\u043e\u0432, \u0441\u0442\u043e\u043b\u043e\u0432\u044b\u0445, \u0431\u0443\u0444\u0435\u0442\u043e\u0432, \u043a\u0435\u0439\u0442\u0435\u0440\u0438\u043d\u0433\u0430 \u0438 \u043f\u0440\u043e\u0444\u0435\u0441\u0441\u0438\u043e\u043d\u0430\u043b\u044c\u043d\u044b\u0445 \u043a\u0443\u0445\u043e\u043d\u044c, \u0438\u0434\u0435\u0430\u043b\u044c\u043d\u043e \u043f\u043e\u0434\u0445\u043e\u0434\u0438\u0442 \u0434\u043b\u044f <strong data-start=\"778\" data-end=\"842\">\u0421\u0430\u043b\u0430\u0442\u044b, \u043f\u0430\u0441\u0442\u0430, \u043f\u0438\u0446\u0446\u0430, \u0441\u044d\u043d\u0434\u0432\u0438\u0447\u0438, \u0437\u0430\u043a\u0443\u0441\u043a\u0438 \u0438 \u0445\u043e\u043b\u043e\u0434\u043d\u044b\u0435 \u0442\u0430\u0440\u0435\u043b\u043a\u0438<\/strong>.<\/p>\n<ul data-start=\"847\" data-end=\"1038\">\n<li data-start=\"847\" data-end=\"885\">\n<p data-start=\"849\" data-end=\"885\">\u0422\u0438\u043f \u043f\u0440\u043e\u0434\u0443\u043a\u0442\u0430: \u0442\u0443\u043d\u0435\u0446 \u0432 \u043c\u0430\u0441\u043b\u0435 \u0438\u0437 \u0441\u0435\u043c\u044f\u043d<\/p>\n<\/li>\n<li data-start=\"886\" data-end=\"905\">\n<p data-start=\"888\" data-end=\"905\">\u041a\u043e\u043b\u0438\u0447\u0435\u0441\u0442\u0432\u043e: 1 \u043a\u0433<\/p>\n<\/li>\n<li data-start=\"906\" data-end=\"926\">\n<p data-start=\"908\" data-end=\"926\">\u0422\u0435\u043a\u0441\u0442\u0443\u0440\u0430: \u043d\u0435\u0436\u043d\u0430\u044f<\/p>\n<\/li>\n<li data-start=\"927\" data-end=\"956\">\n<p data-start=\"929\" data-end=\"956\">\u0412\u043a\u0443\u0441: \u043d\u0435\u0436\u043d\u044b\u0439, \u0441\u0431\u0430\u043b\u0430\u043d\u0441\u0438\u0440\u043e\u0432\u0430\u043d\u043d\u044b\u0439<\/p>\n<\/li>\n<li data-start=\"957\" data-end=\"1018\">\n<p data-start=\"959\" data-end=\"1018\">\u0420\u0435\u043a\u043e\u043c\u0435\u043d\u0434\u0443\u0435\u0442\u0441\u044f \u0434\u043b\u044f: \u0441\u0430\u043b\u0430\u0442\u043e\u0432, \u043f\u0430\u0441\u0442\u044b, \u043f\u0438\u0446\u0446\u044b, \u043a\u0435\u0439\u0442\u0435\u0440\u0438\u043d\u0433\u0430, HoReCa<\/p>\n<\/li>\n<li data-start=\"1019\" data-end=\"1038\">\n<p data-start=\"1021\" data-end=\"1038\">\u041f\u0440\u043e\u0438\u0441\u0445\u043e\u0436\u0434\u0435\u043d\u0438\u0435: \u0418\u0442\u0430\u043b\u0438\u044f<\/p>\n<\/li>\n<\/ul>","protected":false},"excerpt":{"rendered":"<p>Tonno Capri Olio di Semi este un ton italian atent selec\u021bionat, conservat \u00een ulei de semin\u021be, pentru un gust delicat<\/p>","protected":false},"featured_media":50476,"template":"","meta":[],"product_brand":[2434],"product_cat":[2360],"product_tag":[2419],"class_list":{"0":"post-45228","1":"product","2":"type-product","3":"status-publish","4":"has-post-thumbnail","6":"product_brand-igino-mazzola","7":"product_cat-conserve-si-semipreparate-din-peste","8":"product_tag-horeca","10":"first","11":"instock","12":"taxable","13":"shipping-taxable","14":"purchasable","15":"product-type-simple"},"yoast_head":"<!-- This site is optimized with the Yoast SEO Premium plugin v26.5 (Yoast SEO v27.3) - https:\/\/yoast.com\/product\/yoast-seo-premium-wordpress\/ -->\n<title>Ton in ulei f.s. \/ Tonno Capri Olio semi 1 kg - Gusto Italiano<\/title>\n<meta name=\"description\" content=\"Tonno Capri Olio di Semi 1 kg \u2013 ton italian \u00een ulei de semin\u021be, format HoReCa, gust delicat \u0219i utilizare versatil\u0103 pentru buc\u0103t\u0103rii profesionale.\" \/>\n<meta name=\"robots\" content=\"index, follow, max-snippet:-1, max-image-preview:large, max-video-preview:-1\" \/>\n<link rel=\"canonical\" href=\"https:\/\/gustoitaliano.md\/ru\/product\/ton-in-ulei-f-s-tonno-capri-olio-semi-1-kg\/\" \/>\n<meta property=\"og:locale\" content=\"ru_RU\" \/>\n<meta property=\"og:type\" content=\"article\" \/>\n<meta property=\"og:title\" content=\"Ton in ulei f.s. \/ Tonno Capri Olio semi 1 kg\" \/>\n<meta property=\"og:description\" content=\"Tonno Capri Olio di Semi 1 kg \u2013 ton italian \u00een ulei de semin\u021be, format HoReCa, gust delicat \u0219i utilizare versatil\u0103 pentru buc\u0103t\u0103rii profesionale.\" \/>\n<meta property=\"og:url\" content=\"https:\/\/gustoitaliano.md\/ru\/product\/ton-in-ulei-f-s-tonno-capri-olio-semi-1-kg\/\" \/>\n<meta property=\"og:site_name\" content=\"Gusto Italiano\" \/>\n<meta property=\"article:publisher\" content=\"https:\/\/www.facebook.com\/GoldenGates.Moldova\" \/>\n<meta property=\"article:modified_time\" content=\"2026-01-19T08:37:29+00:00\" \/>\n<meta property=\"og:image\" content=\"https:\/\/gustoitaliano.md\/wp-content\/uploads\/2025\/01\/tonno-girsaole-1000g-busta-catering-capri.jpg\" \/>\n\t<meta property=\"og:image:width\" content=\"657\" \/>\n\t<meta property=\"og:image:height\" content=\"430\" \/>\n\t<meta property=\"og:image:type\" content=\"image\/jpeg\" \/>\n<meta name=\"twitter:card\" content=\"summary_large_image\" \/>\n<meta name=\"twitter:label1\" content=\"\u041f\u0440\u0438\u043c\u0435\u0440\u043d\u043e\u0435 \u0432\u0440\u0435\u043c\u044f \u0434\u043b\u044f \u0447\u0442\u0435\u043d\u0438\u044f\" \/>\n\t<meta name=\"twitter:data1\" content=\"1 \u043c\u0438\u043d\u0443\u0442\u0430\" \/>\n<script type=\"application\/ld+json\" class=\"yoast-schema-graph\">{\"@context\":\"https:\\\/\\\/schema.org\",\"@graph\":[{\"@type\":\"WebPage\",\"@id\":\"https:\\\/\\\/gustoitaliano.md\\\/product\\\/ton-in-ulei-f-s-tonno-capri-olio-semi-1-kg\\\/\",\"url\":\"https:\\\/\\\/gustoitaliano.md\\\/product\\\/ton-in-ulei-f-s-tonno-capri-olio-semi-1-kg\\\/\",\"name\":\"Ton in ulei f.s. \\\/ Tonno Capri Olio semi 1 kg - Gusto Italiano\",\"isPartOf\":{\"@id\":\"https:\\\/\\\/gustoitaliano.md\\\/ro\\\/#website\"},\"primaryImageOfPage\":{\"@id\":\"https:\\\/\\\/gustoitaliano.md\\\/product\\\/ton-in-ulei-f-s-tonno-capri-olio-semi-1-kg\\\/#primaryimage\"},\"image\":{\"@id\":\"https:\\\/\\\/gustoitaliano.md\\\/product\\\/ton-in-ulei-f-s-tonno-capri-olio-semi-1-kg\\\/#primaryimage\"},\"thumbnailUrl\":\"https:\\\/\\\/gustoitaliano.md\\\/wp-content\\\/uploads\\\/2025\\\/01\\\/tonno-girsaole-1000g-busta-catering-capri.jpg\",\"datePublished\":\"2025-01-21T10:25:54+00:00\",\"dateModified\":\"2026-01-19T08:37:29+00:00\",\"description\":\"Tonno Capri Olio di Semi 1 kg \u2013 ton italian \u00een ulei de semin\u021be, format HoReCa, gust delicat \u0219i utilizare versatil\u0103 pentru buc\u0103t\u0103rii profesionale.\",\"breadcrumb\":{\"@id\":\"https:\\\/\\\/gustoitaliano.md\\\/product\\\/ton-in-ulei-f-s-tonno-capri-olio-semi-1-kg\\\/#breadcrumb\"},\"inLanguage\":\"ru-RU\",\"potentialAction\":[{\"@type\":\"ReadAction\",\"target\":[\"https:\\\/\\\/gustoitaliano.md\\\/product\\\/ton-in-ulei-f-s-tonno-capri-olio-semi-1-kg\\\/\"]}]},{\"@type\":\"ImageObject\",\"inLanguage\":\"ru-RU\",\"@id\":\"https:\\\/\\\/gustoitaliano.md\\\/product\\\/ton-in-ulei-f-s-tonno-capri-olio-semi-1-kg\\\/#primaryimage\",\"url\":\"https:\\\/\\\/gustoitaliano.md\\\/wp-content\\\/uploads\\\/2025\\\/01\\\/tonno-girsaole-1000g-busta-catering-capri.jpg\",\"contentUrl\":\"https:\\\/\\\/gustoitaliano.md\\\/wp-content\\\/uploads\\\/2025\\\/01\\\/tonno-girsaole-1000g-busta-catering-capri.jpg\",\"width\":657,\"height\":430},{\"@type\":\"BreadcrumbList\",\"@id\":\"https:\\\/\\\/gustoitaliano.md\\\/product\\\/ton-in-ulei-f-s-tonno-capri-olio-semi-1-kg\\\/#breadcrumb\",\"itemListElement\":[{\"@type\":\"ListItem\",\"position\":1,\"name\":\"Prima pagin\u0103\",\"item\":\"https:\\\/\\\/gustoitaliano.md\\\/\"},{\"@type\":\"ListItem\",\"position\":2,\"name\":\"Magazin\",\"item\":\"https:\\\/\\\/gustoitaliano.md\\\/ro\\\/magazin\\\/\"},{\"@type\":\"ListItem\",\"position\":3,\"name\":\"Conserve \u0219i semipreparate\",\"item\":\"https:\\\/\\\/gustoitaliano.md\\\/product-category\\\/conserve-si-semipreparate\\\/\"},{\"@type\":\"ListItem\",\"position\":4,\"name\":\"Conserve si semipreparate din peste\",\"item\":\"https:\\\/\\\/gustoitaliano.md\\\/product-category\\\/conserve-si-semipreparate\\\/conserve-si-semipreparate-din-peste\\\/\"},{\"@type\":\"ListItem\",\"position\":5,\"name\":\"Ton in ulei f.s. \\\/ Tonno Capri Olio semi 1 kg\"}]},{\"@type\":\"WebSite\",\"@id\":\"https:\\\/\\\/gustoitaliano.md\\\/ro\\\/#website\",\"url\":\"https:\\\/\\\/gustoitaliano.md\\\/ro\\\/\",\"name\":\"Gusto Italiano\",\"description\":\"Produse Autentice Italiene\",\"publisher\":{\"@id\":\"https:\\\/\\\/gustoitaliano.md\\\/ro\\\/#organization\"},\"potentialAction\":[{\"@type\":\"SearchAction\",\"target\":{\"@type\":\"EntryPoint\",\"urlTemplate\":\"https:\\\/\\\/gustoitaliano.md\\\/ro\\\/?s={search_term_string}\"},\"query-input\":{\"@type\":\"PropertyValueSpecification\",\"valueRequired\":true,\"valueName\":\"search_term_string\"}}],\"inLanguage\":\"ru-RU\"},{\"@type\":\"Organization\",\"@id\":\"https:\\\/\\\/gustoitaliano.md\\\/ro\\\/#organization\",\"name\":\"Gusto Italiano\",\"alternateName\":\"Golden Gates SRL\",\"url\":\"https:\\\/\\\/gustoitaliano.md\\\/ro\\\/\",\"logo\":{\"@type\":\"ImageObject\",\"inLanguage\":\"ru-RU\",\"@id\":\"https:\\\/\\\/gustoitaliano.md\\\/ro\\\/#\\\/schema\\\/logo\\\/image\\\/\",\"url\":\"https:\\\/\\\/gustoitaliano.md\\\/wp-content\\\/uploads\\\/2025\\\/05\\\/logo-gusutoitaliano-2-2.png\",\"contentUrl\":\"https:\\\/\\\/gustoitaliano.md\\\/wp-content\\\/uploads\\\/2025\\\/05\\\/logo-gusutoitaliano-2-2.png\",\"width\":180,\"height\":180,\"caption\":\"Gusto Italiano\"},\"image\":{\"@id\":\"https:\\\/\\\/gustoitaliano.md\\\/ro\\\/#\\\/schema\\\/logo\\\/image\\\/\"},\"sameAs\":[\"https:\\\/\\\/www.facebook.com\\\/GoldenGates.Moldova\"]}]}<\/script>\n<!-- \/ Yoast SEO Premium plugin. -->","yoast_head_json":{"title":"Ton in ulei f.s. \/ Tonno Capri Olio semi 1 kg - Gusto Italiano","description":"Tonno Capri Olio di Semi 1 kg \u2013 ton italian \u00een ulei de semin\u021be, format HoReCa, gust delicat \u0219i utilizare versatil\u0103 pentru buc\u0103t\u0103rii profesionale.","robots":{"index":"index","follow":"follow","max-snippet":"max-snippet:-1","max-image-preview":"max-image-preview:large","max-video-preview":"max-video-preview:-1"},"canonical":"https:\/\/gustoitaliano.md\/ru\/product\/ton-in-ulei-f-s-tonno-capri-olio-semi-1-kg\/","og_locale":"ru_RU","og_type":"article","og_title":"Ton in ulei f.s. \/ Tonno Capri Olio semi 1 kg","og_description":"Tonno Capri Olio di Semi 1 kg \u2013 ton italian \u00een ulei de semin\u021be, format HoReCa, gust delicat \u0219i utilizare versatil\u0103 pentru buc\u0103t\u0103rii profesionale.","og_url":"https:\/\/gustoitaliano.md\/ru\/product\/ton-in-ulei-f-s-tonno-capri-olio-semi-1-kg\/","og_site_name":"Gusto Italiano","article_publisher":"https:\/\/www.facebook.com\/GoldenGates.Moldova","article_modified_time":"2026-01-19T08:37:29+00:00","og_image":[{"width":657,"height":430,"url":"https:\/\/gustoitaliano.md\/wp-content\/uploads\/2025\/01\/tonno-girsaole-1000g-busta-catering-capri.jpg","type":"image\/jpeg"}],"twitter_card":"summary_large_image","twitter_misc":{"\u041f\u0440\u0438\u043c\u0435\u0440\u043d\u043e\u0435 \u0432\u0440\u0435\u043c\u044f \u0434\u043b\u044f \u0447\u0442\u0435\u043d\u0438\u044f":"1 \u043c\u0438\u043d\u0443\u0442\u0430"},"schema":{"@context":"https:\/\/schema.org","@graph":[{"@type":"WebPage","@id":"https:\/\/gustoitaliano.md\/product\/ton-in-ulei-f-s-tonno-capri-olio-semi-1-kg\/","url":"https:\/\/gustoitaliano.md\/product\/ton-in-ulei-f-s-tonno-capri-olio-semi-1-kg\/","name":"Ton in ulei f.s. \/ Tonno Capri Olio semi 1 kg - Gusto Italiano","isPartOf":{"@id":"https:\/\/gustoitaliano.md\/ro\/#website"},"primaryImageOfPage":{"@id":"https:\/\/gustoitaliano.md\/product\/ton-in-ulei-f-s-tonno-capri-olio-semi-1-kg\/#primaryimage"},"image":{"@id":"https:\/\/gustoitaliano.md\/product\/ton-in-ulei-f-s-tonno-capri-olio-semi-1-kg\/#primaryimage"},"thumbnailUrl":"https:\/\/gustoitaliano.md\/wp-content\/uploads\/2025\/01\/tonno-girsaole-1000g-busta-catering-capri.jpg","datePublished":"2025-01-21T10:25:54+00:00","dateModified":"2026-01-19T08:37:29+00:00","description":"Tonno Capri Olio di Semi 1 kg \u2013 ton italian \u00een ulei de semin\u021be, format HoReCa, gust delicat \u0219i utilizare versatil\u0103 pentru buc\u0103t\u0103rii profesionale.","breadcrumb":{"@id":"https:\/\/gustoitaliano.md\/product\/ton-in-ulei-f-s-tonno-capri-olio-semi-1-kg\/#breadcrumb"},"inLanguage":"ru-RU","potentialAction":[{"@type":"ReadAction","target":["https:\/\/gustoitaliano.md\/product\/ton-in-ulei-f-s-tonno-capri-olio-semi-1-kg\/"]}]},{"@type":"ImageObject","inLanguage":"ru-RU","@id":"https:\/\/gustoitaliano.md\/product\/ton-in-ulei-f-s-tonno-capri-olio-semi-1-kg\/#primaryimage","url":"https:\/\/gustoitaliano.md\/wp-content\/uploads\/2025\/01\/tonno-girsaole-1000g-busta-catering-capri.jpg","contentUrl":"https:\/\/gustoitaliano.md\/wp-content\/uploads\/2025\/01\/tonno-girsaole-1000g-busta-catering-capri.jpg","width":657,"height":430},{"@type":"BreadcrumbList","@id":"https:\/\/gustoitaliano.md\/product\/ton-in-ulei-f-s-tonno-capri-olio-semi-1-kg\/#breadcrumb","itemListElement":[{"@type":"ListItem","position":1,"name":"Prima pagin\u0103","item":"https:\/\/gustoitaliano.md\/"},{"@type":"ListItem","position":2,"name":"Magazin","item":"https:\/\/gustoitaliano.md\/ro\/magazin\/"},{"@type":"ListItem","position":3,"name":"Conserve \u0219i semipreparate","item":"https:\/\/gustoitaliano.md\/product-category\/conserve-si-semipreparate\/"},{"@type":"ListItem","position":4,"name":"Conserve si semipreparate din peste","item":"https:\/\/gustoitaliano.md\/product-category\/conserve-si-semipreparate\/conserve-si-semipreparate-din-peste\/"},{"@type":"ListItem","position":5,"name":"Ton in ulei f.s. \/ Tonno Capri Olio semi 1 kg"}]},{"@type":"WebSite","@id":"https:\/\/gustoitaliano.md\/ro\/#website","url":"https:\/\/gustoitaliano.md\/ro\/","name":"Gusto Italiano","description":"\u0410\u0443\u0442\u0435\u043d\u0442\u0438\u0447\u043d\u044b\u0435 \u0438\u0442\u0430\u043b\u044c\u044f\u043d\u0441\u043a\u0438\u0435 \u043f\u0440\u043e\u0434\u0443\u043a\u0442\u044b","publisher":{"@id":"https:\/\/gustoitaliano.md\/ro\/#organization"},"potentialAction":[{"@type":"SearchAction","target":{"@type":"EntryPoint","urlTemplate":"https:\/\/gustoitaliano.md\/ro\/?s={search_term_string}"},"query-input":{"@type":"PropertyValueSpecification","valueRequired":true,"valueName":"search_term_string"}}],"inLanguage":"ru-RU"},{"@type":"Organization","@id":"https:\/\/gustoitaliano.md\/ro\/#organization","name":"Gusto Italiano","alternateName":"Golden Gates SRL","url":"https:\/\/gustoitaliano.md\/ro\/","logo":{"@type":"ImageObject","inLanguage":"ru-RU","@id":"https:\/\/gustoitaliano.md\/ro\/#\/schema\/logo\/image\/","url":"https:\/\/gustoitaliano.md\/wp-content\/uploads\/2025\/05\/logo-gusutoitaliano-2-2.png","contentUrl":"https:\/\/gustoitaliano.md\/wp-content\/uploads\/2025\/05\/logo-gusutoitaliano-2-2.png","width":180,"height":180,"caption":"Gusto Italiano"},"image":{"@id":"https:\/\/gustoitaliano.md\/ro\/#\/schema\/logo\/image\/"},"sameAs":["https:\/\/www.facebook.com\/GoldenGates.Moldova"]}]}},"_links":{"self":[{"href":"https:\/\/gustoitaliano.md\/ru\/wp-json\/wp\/v2\/product\/45228","targetHints":{"allow":["GET"]}}],"collection":[{"href":"https:\/\/gustoitaliano.md\/ru\/wp-json\/wp\/v2\/product"}],"about":[{"href":"https:\/\/gustoitaliano.md\/ru\/wp-json\/wp\/v2\/types\/product"}],"version-history":[{"count":0,"href":"https:\/\/gustoitaliano.md\/ru\/wp-json\/wp\/v2\/product\/45228\/revisions"}],"wp:featuredmedia":[{"embeddable":true,"href":"https:\/\/gustoitaliano.md\/ru\/wp-json\/wp\/v2\/media\/50476"}],"wp:attachment":[{"href":"https:\/\/gustoitaliano.md\/ru\/wp-json\/wp\/v2\/media?parent=45228"}],"wp:term":[{"taxonomy":"product_brand","embeddable":true,"href":"https:\/\/gustoitaliano.md\/ru\/wp-json\/wp\/v2\/product_brand?post=45228"},{"taxonomy":"product_cat","embeddable":true,"href":"https:\/\/gustoitaliano.md\/ru\/wp-json\/wp\/v2\/product_cat?post=45228"},{"taxonomy":"product_tag","embeddable":true,"href":"https:\/\/gustoitaliano.md\/ru\/wp-json\/wp\/v2\/product_tag?post=45228"}],"curies":[{"name":"wp","href":"https:\/\/api.w.org\/{rel}","templated":true}]}}