{"id":45604,"date":"2025-01-21T12:27:17","date_gmt":"2025-01-21T10:27:17","guid":{"rendered":"https:\/\/gustoitaliano.md\/?post_type=product&#038;p=45604"},"modified":"2025-05-01T01:00:03","modified_gmt":"2025-04-30T22:00:03","slug":"halloumi-225-gr","status":"publish","type":"product","link":"https:\/\/gustoitaliano.md\/ru\/product\/halloumi-225-gr\/","title":{"rendered":"\u0425\u0430\u043b\u043b\u0443\u043c\u0438 225 \u0433\u0440"},"content":{"rendered":"<h3 data-start=\"0\" data-end=\"80\"><strong data-start=\"4\" data-end=\"78\">\u0425\u0430\u043b\u043b\u0443\u043c\u0438 - \u0438\u0434\u0435\u0430\u043b\u044c\u043d\u044b\u0439 \u043a\u0438\u043f\u0440\u0441\u043a\u0438\u0439 \u0441\u044b\u0440 \u0434\u043b\u044f \u0433\u0440\u0438\u043b\u044f \u0438 \u0432\u043a\u0443\u0441\u043d\u044b\u0445 \u0440\u0435\u0446\u0435\u043f\u0442\u043e\u0432<\/strong><\/h3>\n<p data-start=\"82\" data-end=\"407\">\u041e\u0442\u043a\u0440\u043e\u0439\u0442\u0435 \u0434\u043b\u044f \u0441\u0435\u0431\u044f \u043f\u043e\u0434\u043b\u0438\u043d\u043d\u044b\u0439 \u0441\u0440\u0435\u0434\u0438\u0437\u0435\u043c\u043d\u043e\u043c\u043e\u0440\u0441\u043a\u0438\u0439 \u0432\u043a\u0443\u0441 \u0441 <strong data-start=\"124\" data-end=\"136\">\u0425\u0430\u043b\u043b\u0443\u043c\u0438<\/strong>, \u0442\u0440\u0430\u0434\u0438\u0446\u0438\u043e\u043d\u043d\u044b\u0439 \u043a\u0438\u043f\u0440\u0441\u043a\u0438\u0439 \u0441\u044b\u0440, \u043a\u043e\u0442\u043e\u0440\u044b\u0439 \u0446\u0435\u043d\u0438\u0442\u0441\u044f \u0437\u0430 \u0443\u043f\u0440\u0443\u0433\u0443\u044e \u0442\u0435\u043a\u0441\u0442\u0443\u0440\u0443 \u0438 \u0443\u043d\u0438\u043a\u0430\u043b\u044c\u043d\u0443\u044e \u0441\u043f\u043e\u0441\u043e\u0431\u043d\u043e\u0441\u0442\u044c \u0433\u043e\u0442\u043e\u0432\u0438\u0442\u044c\u0441\u044f, \u043d\u0435 \u043f\u043b\u0430\u0432\u044f\u0441\u044c. \u0418\u0434\u0435\u0430\u043b\u044c\u043d\u044b\u0439 \u0434\u043b\u044f \u0433\u0440\u0438\u043b\u044f, \u0436\u0430\u0440\u043a\u0438 \u043d\u0430 \u0441\u043a\u043e\u0432\u043e\u0440\u043e\u0434\u0435 \u0438\u043b\u0438 \u0437\u0430\u043f\u0435\u043a\u0430\u043d\u0438\u044f, \u044d\u0442\u043e\u0442 \u0441\u044b\u0440 \u043f\u0440\u0435\u0434\u043b\u0430\u0433\u0430\u0435\u0442 \u043f\u0438\u043a\u0430\u043d\u0442\u043d\u043e\u0435 \u043a\u0443\u043b\u0438\u043d\u0430\u0440\u043d\u043e\u0435 \u043d\u0430\u0441\u043b\u0430\u0436\u0434\u0435\u043d\u0438\u0435 \u0441\u043e \u0441\u043b\u0435\u0433\u043a\u0430 \u0441\u043e\u043b\u043e\u043d\u043e\u0432\u0430\u0442\u044b\u043c \u0432\u043a\u0443\u0441\u043e\u043c \u0438 \u043f\u0440\u0443\u0436\u0438\u043d\u0438\u0441\u0442\u043e\u0439 \u043a\u043e\u043d\u0441\u0438\u0441\u0442\u0435\u043d\u0446\u0438\u0435\u0439.<\/p>\n<p data-start=\"409\" data-end=\"444\">\ud83e\uddc0 <strong data-start=\"412\" data-end=\"442\">\u041e\u0441\u043d\u043e\u0432\u043d\u044b\u0435 \u0445\u0430\u0440\u0430\u043a\u0442\u0435\u0440\u0438\u0441\u0442\u0438\u043a\u0438:<\/strong><\/p>\n<ul data-start=\"445\" data-end=\"838\">\n<li data-start=\"445\" data-end=\"539\"><strong data-start=\"447\" data-end=\"476\">\u0422\u0432\u0435\u0440\u0434\u0430\u044f \u0438 \u044d\u043b\u0430\u0441\u0442\u0438\u0447\u043d\u0430\u044f \u0442\u0435\u043a\u0441\u0442\u0443\u0440\u0430<\/strong> - \u041e\u043d \u043d\u0435 \u043f\u043b\u0430\u0432\u0438\u0442\u0441\u044f \u043f\u0440\u0438 \u043f\u0440\u0438\u0433\u043e\u0442\u043e\u0432\u043b\u0435\u043d\u0438\u0438, \u0438\u0434\u0435\u0430\u043b\u044c\u043d\u043e \u043f\u043e\u0434\u0445\u043e\u0434\u0438\u0442 \u0434\u043b\u044f \u0433\u0440\u0438\u043b\u044f \u0438\u043b\u0438 \u0441\u043a\u043e\u0432\u043e\u0440\u043e\u0434\u044b.<\/li>\n<li data-start=\"540\" data-end=\"633\"><strong data-start=\"542\" data-end=\"571\">\u0421\u043b\u0435\u0433\u043a\u0430 \u0441\u043e\u043b\u0435\u043d\u044b\u0439 \u0438 \u0441\u043b\u0438\u0432\u043e\u0447\u043d\u044b\u0439 \u0432\u043a\u0443\u0441<\/strong> - \u0421\u0431\u0430\u043b\u0430\u043d\u0441\u0438\u0440\u043e\u0432\u0430\u043d\u043d\u043e\u0435 \u0441\u043e\u0447\u0435\u0442\u0430\u043d\u0438\u0435 \u043a\u043e\u0440\u043e\u0432\u044c\u0435\u0433\u043e, \u043e\u0432\u0435\u0447\u044c\u0435\u0433\u043e \u0438 \u043a\u043e\u0437\u044c\u0435\u0433\u043e \u043c\u043e\u043b\u043e\u043a\u0430.<\/li>\n<li data-start=\"634\" data-end=\"747\"><strong data-start=\"636\" data-end=\"662\">\u041a\u0443\u043b\u0438\u043d\u0430\u0440\u043d\u0430\u044f \u0443\u043d\u0438\u0432\u0435\u0440\u0441\u0430\u043b\u044c\u043d\u043e\u0441\u0442\u044c<\/strong> - \u0415\u0433\u043e \u043c\u043e\u0436\u043d\u043e \u0435\u0441\u0442\u044c \u0432 \u0447\u0438\u0441\u0442\u043e\u043c \u0432\u0438\u0434\u0435, \u043d\u0430 \u0433\u0440\u0438\u043b\u0435, \u0432 \u0441\u0430\u043b\u0430\u0442\u0430\u0445, \u0441\u044d\u043d\u0434\u0432\u0438\u0447\u0430\u0445 \u0438\u043b\u0438 \u0433\u043e\u0440\u044f\u0447\u0438\u0445 \u0431\u043b\u044e\u0434\u0430\u0445.<\/li>\n<li data-start=\"748\" data-end=\"838\"><strong data-start=\"750\" data-end=\"786\">\u0425\u043e\u0440\u043e\u0448\u0438\u0439 \u0438\u0441\u0442\u043e\u0447\u043d\u0438\u043a \u0431\u0435\u043b\u043a\u0430 \u0438 \u043a\u0430\u043b\u044c\u0446\u0438\u044f<\/strong> - \u041f\u0438\u0442\u0430\u0442\u0435\u043b\u044c\u043d\u044b\u0439 \u0432\u044b\u0431\u043e\u0440 \u0434\u043b\u044f \u0441\u0431\u0430\u043b\u0430\u043d\u0441\u0438\u0440\u043e\u0432\u0430\u043d\u043d\u043e\u0439 \u0434\u0438\u0435\u0442\u044b.<\/li>\n<\/ul>\n<p data-start=\"840\" data-end=\"864\">\ud83d\udca1 <strong data-start=\"843\" data-end=\"862\">\u0418\u0434\u0435\u0430\u043b\u044c\u043d\u043e \u043f\u043e\u0434\u0445\u043e\u0434\u0438\u0442 \u0434\u043b\u044f:<\/strong><\/p>\n<ul data-start=\"865\" data-end=\"1224\">\n<li data-start=\"865\" data-end=\"956\"><strong data-start=\"867\" data-end=\"887\">\u0413\u0440\u0438\u043b\u044c \u0438 \u0441\u043a\u043e\u0432\u043e\u0440\u043e\u0434\u0430<\/strong> - \u041e\u043d \u0445\u043e\u0440\u043e\u0448\u043e \u043a\u0430\u0440\u0430\u043c\u0435\u043b\u0438\u0437\u0443\u0435\u0442\u0441\u044f \u0441\u043d\u0430\u0440\u0443\u0436\u0438, \u0441\u043e\u0445\u0440\u0430\u043d\u044f\u044f \u043c\u044f\u0433\u043a\u043e\u0441\u0442\u044c \u0432\u043d\u0443\u0442\u0440\u0438.<\/li>\n<li data-start=\"957\" data-end=\"1046\"><strong data-start=\"959\" data-end=\"983\">\u0421\u0440\u0435\u0434\u0438\u0437\u0435\u043c\u043d\u043e\u043c\u043e\u0440\u0441\u043a\u0438\u0435 \u0441\u043e\u043b\u0435\u043d\u044b\u0435 \u0431\u043b\u044e\u0434\u0430<\/strong> - \u041e\u043d \u043f\u0440\u0435\u043a\u0440\u0430\u0441\u043d\u043e \u0441\u043e\u0447\u0435\u0442\u0430\u0435\u0442\u0441\u044f \u0441 \u043f\u043e\u043c\u0438\u0434\u043e\u0440\u0430\u043c\u0438, \u043e\u043b\u0438\u0432\u043a\u0430\u043c\u0438 \u0438 \u0442\u0440\u0430\u0432\u0430\u043c\u0438.<\/li>\n<li data-start=\"1047\" data-end=\"1145\"><strong data-start=\"1049\" data-end=\"1075\">\u041e\u0431\u0435\u0440\u0442\u043a\u0438 \u0438 \u0441\u044d\u043d\u0434\u0432\u0438\u0447\u0438<\/strong> - \u0412\u043a\u0443\u0441\u043d\u0430\u044f \u0430\u043b\u044c\u0442\u0435\u0440\u043d\u0430\u0442\u0438\u0432\u0430 \u043c\u044f\u0441\u0443, \u043f\u043e\u0434\u0445\u043e\u0434\u044f\u0449\u0430\u044f \u0438 \u0434\u043b\u044f \u0432\u0435\u0433\u0435\u0442\u0430\u0440\u0438\u0430\u043d\u0446\u0435\u0432.<\/li>\n<li data-start=\"1146\" data-end=\"1224\"><strong data-start=\"1148\" data-end=\"1182\">\u041d\u0430\u0447\u0438\u043d\u043a\u0430 \u0434\u043b\u044f \u043f\u0438\u0446\u0446\u044b \u0438\u043b\u0438 \u043f\u0430\u0441\u0442\u044b<\/strong> - \u041e\u043d \u043f\u0440\u0438\u0434\u0430\u0435\u0442 \u0434\u043e\u043f\u043e\u043b\u043d\u0438\u0442\u0435\u043b\u044c\u043d\u044b\u0439 \u0432\u043a\u0443\u0441 \u0438 \u0442\u0435\u043a\u0441\u0442\u0443\u0440\u0443.<\/li>\n<\/ul>\n<hr data-start=\"1226\" data-end=\"1229\" \/>\n<h3 data-start=\"1231\" data-end=\"1313\"><strong data-start=\"1235\" data-end=\"1311\">\u0421\u0440\u0435\u0434\u0438\u0437\u0435\u043c\u043d\u043e\u043c\u043e\u0440\u0441\u043a\u0438\u0439 \u0440\u0435\u0446\u0435\u043f\u0442: \u0445\u0430\u043b\u043b\u0443\u043c\u0438 \u043d\u0430 \u0433\u0440\u0438\u043b\u0435 \u0441 \u043e\u0432\u043e\u0449\u0430\u043c\u0438 \u0438 \u043b\u0438\u043c\u043e\u043d\u043d\u043e\u0439 \u0437\u0430\u043f\u0440\u0430\u0432\u043a\u043e\u0439<\/strong><\/h3>\n<p data-start=\"1315\" data-end=\"1370\">\ud83d\udcdd <strong data-start=\"1318\" data-end=\"1368\">\u0418\u043d\u0433\u0440\u0435\u0434\u0438\u0435\u043d\u0442\u044b (\u0435\u0441\u0442\u044c \u043d\u0430 \u0441\u0430\u0439\u0442\u0435 gustoitaliano.md):<\/strong><\/p>\n<ul data-start=\"1371\" data-end=\"1718\">\n<li data-start=\"1371\" data-end=\"1394\"><strong data-start=\"1373\" data-end=\"1385\">\u0425\u0430\u043b\u043b\u0443\u043c\u0438<\/strong> - 200g<\/li>\n<li data-start=\"1395\" data-end=\"1442\"><strong data-start=\"1397\" data-end=\"1428\">\u041e\u043b\u0438\u0432\u043a\u043e\u0432\u043e\u0435 \u043c\u0430\u0441\u043b\u043e \u044d\u043a\u0441\u0442\u0440\u0430-\u043a\u043b\u0430\u0441\u0441\u0430<\/strong> - 2 \u0441\u0442. \u043b.<\/li>\n<li data-start=\"1443\" data-end=\"1476\"><strong data-start=\"1445\" data-end=\"1462\">\u0411\u0430\u043b\u044c\u0437\u0430\u043c\u0438\u0447\u0435\u0441\u043a\u0438\u0439 \u0443\u043a\u0441\u0443\u0441<\/strong> - 1 \u0441\u0442\u043e\u043b\u043e\u0432\u0430\u044f \u043b\u043e\u0436\u043a\u0430<\/li>\n<li data-start=\"1477\" data-end=\"1513\"><strong data-start=\"1479\" data-end=\"1499\">\u041e\u043b\u0438\u0432\u043a\u0438 \u041a\u0430\u043b\u0430\u043c\u0430\u0442\u0430<\/strong> - 10 \u0448\u0442.<\/li>\n<li data-start=\"1514\" data-end=\"1541\"><strong data-start=\"1516\" data-end=\"1532\">\u041f\u043e\u043c\u0438\u0434\u043e\u0440\u044b \u0447\u0435\u0440\u0440\u0438<\/strong> - 200g<\/li>\n<li data-start=\"1542\" data-end=\"1573\"><strong data-start=\"1544\" data-end=\"1563\">\u041a\u0440\u0430\u0441\u043d\u044b\u0439 \u043f\u0435\u0440\u0435\u0446 \u0447\u0438\u043b\u0438<\/strong> - 1 \u0448\u0442.<\/li>\n<li data-start=\"1574\" data-end=\"1637\"><strong data-start=\"1576\" data-end=\"1623\">\u0417\u0430\u043f\u0440\u0430\u0432\u043a\u0430 \u0438\u0437 \u043b\u0438\u043c\u043e\u043d\u0430 \u0438 \u0441\u0440\u0435\u0434\u0438\u0437\u0435\u043c\u043d\u043e\u043c\u043e\u0440\u0441\u043a\u0438\u0445 \u0442\u0440\u0430\u0432<\/strong> - 2 \u0441\u0442. \u043b.<\/li>\n<li data-start=\"1638\" data-end=\"1678\"><strong data-start=\"1640\" data-end=\"1660\">\u0421\u0432\u0435\u0436\u0438\u0439 \u0431\u0430\u0437\u0438\u043b\u0438\u043a<\/strong> - \u043d\u0435\u0441\u043a\u043e\u043b\u044c\u043a\u043e \u043b\u0438\u0441\u0442\u044c\u0435\u0432<\/li>\n<li data-start=\"1679\" data-end=\"1718\"><strong data-start=\"1681\" data-end=\"1704\">\u041c\u043e\u043b\u043e\u0442\u044b\u0439 \u0447\u0435\u0440\u043d\u044b\u0439 \u043f\u0435\u0440\u0435\u0446<\/strong> - \u043f\u043e \u0432\u043a\u0443\u0441\u0443<\/li>\n<\/ul>\n<p data-start=\"1720\" data-end=\"1749\">\ud83d\udc68\u200d\ud83c\udf73 <strong data-start=\"1726\" data-end=\"1747\">\u041f\u043e\u0434\u0433\u043e\u0442\u043e\u0432\u043a\u0430:<\/strong><\/p>\n<ol data-start=\"1750\" data-end=\"2275\">\n<li data-start=\"1750\" data-end=\"1809\">\u0412\u044b\u0440\u0435\u0437\u0430\u0442\u044c <strong data-start=\"1758\" data-end=\"1770\">\u0425\u0430\u043b\u043b\u0443\u043c\u0438<\/strong> \u041d\u0430\u0440\u0435\u0436\u044c\u0442\u0435 \u043d\u0430 \u043b\u043e\u043c\u0442\u0438\u043a\u0438 \u0442\u043e\u043b\u0449\u0438\u043d\u043e\u0439 1 \u0441\u043c.<\/li>\n<li data-start=\"1810\" data-end=\"1946\">\u0420\u0430\u0437\u043e\u0436\u0433\u0438\u0442\u0435 \u0441\u043a\u043e\u0432\u043e\u0440\u043e\u0434\u0443-\u0433\u0440\u0438\u043b\u044c \u0438\u043b\u0438 \u0433\u0440\u0438\u043b\u044c \u0438 \u043f\u0440\u0438\u0433\u043e\u0442\u043e\u0432\u044c\u0442\u0435 \u0441\u044b\u0440 \u0432 \u0442\u0435\u0447\u0435\u043d\u0438\u0435 <strong data-start=\"1876\" data-end=\"1907\">2-3 \u043c\u0438\u043d\u0443\u0442\u044b \u0441 \u043a\u0430\u0436\u0434\u043e\u0439 \u0441\u0442\u043e\u0440\u043e\u043d\u044b<\/strong>\u0414\u043e \u0437\u043e\u043b\u043e\u0442\u0438\u0441\u0442\u043e\u0433\u043e \u0446\u0432\u0435\u0442\u0430 \u0438 \u043b\u0435\u0433\u043a\u043e\u0439 \u0445\u0440\u0443\u0441\u0442\u044f\u0449\u0435\u0439 \u043a\u043e\u0440\u043e\u0447\u043a\u0438.<\/li>\n<li data-start=\"1947\" data-end=\"2096\">\u0412\u044b\u0440\u0435\u0437\u0430\u0442\u044c <strong data-start=\"1955\" data-end=\"1973\">\u041f\u043e\u043c\u0438\u0434\u043e\u0440\u044b \u0447\u0435\u0440\u0440\u0438<\/strong> \u0438 <strong data-start=\"1977\" data-end=\"1993\">\u043f\u0435\u0440\u0435\u0446 \u0447\u0438\u043b\u0438<\/strong> \u041d\u0430\u0440\u0435\u0436\u044c\u0442\u0435 \u043d\u0430 \u043d\u0435\u0431\u043e\u043b\u044c\u0448\u0438\u0435 \u043a\u0443\u0441\u043e\u0447\u043a\u0438. \u0421\u043c\u0435\u0448\u0430\u0439\u0442\u0435 \u0438\u0445 \u0441 <strong data-start=\"2025\" data-end=\"2047\">\u041e\u043b\u0438\u0432\u043a\u0438 \u041a\u0430\u043b\u0430\u043c\u0430\u0442\u0430<\/strong>, <strong data-start=\"2049\" data-end=\"2070\">\u041e\u043b\u0438\u0432\u043a\u043e\u0432\u043e\u0435 \u043c\u0430\u0441\u043b\u043e<\/strong> \u0438 <strong data-start=\"2074\" data-end=\"2093\">\u0431\u0430\u043b\u044c\u0437\u0430\u043c\u0438\u0447\u0435\u0441\u043a\u0438\u0439 \u0443\u043a\u0441\u0443\u0441<\/strong>.<\/li>\n<li data-start=\"2097\" data-end=\"2215\">\u041f\u043e\u043c\u0435\u0441\u0442\u0438\u0442\u0435 \u043b\u043e\u043c\u0442\u0438\u043a\u0438 <strong data-start=\"2117\" data-end=\"2129\">\u0425\u0430\u043b\u043b\u0443\u043c\u0438<\/strong> \u043f\u043e\u0432\u0435\u0440\u0445 \u043e\u0432\u043e\u0449\u0435\u0439, \u0434\u043e\u0431\u0430\u0432\u044c\u0442\u0435 <strong data-start=\"2151\" data-end=\"2175\">\u041b\u0438\u043c\u043e\u043d\u043d\u0430\u044f \u0437\u0430\u043f\u0440\u0430\u0432\u043a\u0430<\/strong> \u0438 \u043f\u043e\u0441\u044b\u043f\u044c\u0442\u0435 <strong data-start=\"2187\" data-end=\"2202\">\u0447\u0435\u0440\u043d\u044b\u0439 \u043f\u0435\u0440\u0435\u0446<\/strong> \u041f\u043e \u0432\u043a\u0443\u0441\u0443.<\/li>\n<li data-start=\"2216\" data-end=\"2275\">\u0423\u043a\u0440\u0430\u0441\u044c\u0442\u0435 <strong data-start=\"2232\" data-end=\"2252\">\u0441\u0432\u0435\u0436\u0438\u0439 \u0431\u0430\u0437\u0438\u043b\u0438\u043a<\/strong> \u041f\u043e\u0434\u0430\u0432\u0430\u0439\u0442\u0435 \u043d\u0435\u043c\u0435\u0434\u043b\u0435\u043d\u043d\u043e.<\/li>\n<\/ol>\n<p data-start=\"2277\" data-end=\"2413\">\ud83d\udca1 <strong data-start=\"2280\" data-end=\"2289\">\u041c\u043e\u0441\u0442:<\/strong> \u041f\u043e\u0434\u0430\u0432\u0430\u0439\u0442\u0435 \u044d\u0442\u043e \u0431\u043b\u044e\u0434\u043e \u0441 \u043b\u043e\u043c\u0442\u0438\u043a\u043e\u043c <strong data-start=\"2336\" data-end=\"2357\">\u0418\u0442\u0430\u043b\u044c\u044f\u043d\u0441\u043a\u0430\u044f \u0444\u043e\u043a\u0430\u0447\u0447\u0430<\/strong> \u0438 \u0431\u043e\u043a\u0430\u043b \u0431\u0435\u043b\u043e\u0433\u043e \u0432\u0438\u043d\u0430 \u0434\u043b\u044f \u043f\u043e\u0434\u043b\u0438\u043d\u043d\u043e\u0433\u043e \u0432\u043f\u0435\u0447\u0430\u0442\u043b\u0435\u043d\u0438\u044f!<\/p>\n<p data-start=\"2415\" data-end=\"2542\" data-is-last-node=\"\">Savour <strong data-start=\"2425\" data-end=\"2437\">\u0425\u0430\u043b\u043b\u0443\u043c\u0438<\/strong>\u0418\u0434\u0435\u0430\u043b\u044c\u043d\u044b\u0439 \u0441\u044b\u0440 \u0434\u043b\u044f \u043f\u0440\u0438\u0433\u043e\u0442\u043e\u0432\u043b\u0435\u043d\u0438\u044f \u0432\u043a\u0443\u0441\u043d\u044b\u0445 \u0438 \u043f\u043e\u043b\u0435\u0437\u043d\u044b\u0445 \u0431\u043b\u044e\u0434 \u0432 \u0441\u0440\u0435\u0434\u0438\u0437\u0435\u043c\u043d\u043e\u043c\u043e\u0440\u0441\u043a\u043e\u043c \u0441\u0442\u0438\u043b\u0435! \ud83e\uddc0\ud83d\udd25\ud83e\udd57<\/p>\n<p data-start=\"1226\" data-end=\"1353\" data-is-last-node=\"\">\ud83e\udd57<\/p>","protected":false},"excerpt":{"rendered":"<p>Halloumi \u2013 Br\u00e2nza Cipriot\u0103 Perfect\u0103 pentru Gr\u0103tar \u0219i Re\u021bete Delicioase Descoper\u0103 gustul autentic mediteranean cu Halloumi, o br\u00e2nz\u0103 tradi\u021bional\u0103 cipriot\u0103,<\/p>","protected":false},"featured_media":47416,"template":"","meta":[],"product_brand":[2421],"product_cat":[2351,2352],"product_tag":[2419,2420],"class_list":{"0":"post-45604","1":"product","2":"type-product","3":"status-publish","4":"has-post-thumbnail","6":"product_brand-interoliva","7":"product_cat-branzeturi","8":"product_cat-branzeturi-portionate","9":"product_tag-horeca","10":"product_tag-retail","12":"first","13":"instock","14":"taxable","15":"shipping-taxable","16":"purchasable","17":"product-type-simple"},"yoast_head":"<!-- This site is optimized with the Yoast SEO Premium plugin v26.5 (Yoast SEO v27.5) - https:\/\/yoast.com\/product\/yoast-seo-premium-wordpress\/ -->\n<title>Halloumi 225 gr - Gusto Italiano<\/title>\n<meta name=\"robots\" content=\"index, follow, max-snippet:-1, max-image-preview:large, max-video-preview:-1\" \/>\n<link rel=\"canonical\" href=\"https:\/\/gustoitaliano.md\/ru\/product\/halloumi-225-gr\/\" \/>\n<meta property=\"og:locale\" content=\"ru_RU\" \/>\n<meta property=\"og:type\" content=\"article\" \/>\n<meta property=\"og:title\" content=\"Halloumi 225 gr\" \/>\n<meta property=\"og:description\" content=\"Halloumi \u2013 Br\u00e2nza Cipriot\u0103 Perfect\u0103 pentru Gr\u0103tar \u0219i Re\u021bete Delicioase Descoper\u0103 gustul autentic mediteranean cu Halloumi, o br\u00e2nz\u0103 tradi\u021bional\u0103 cipriot\u0103,\" \/>\n<meta property=\"og:url\" content=\"https:\/\/gustoitaliano.md\/ru\/product\/halloumi-225-gr\/\" \/>\n<meta property=\"og:site_name\" content=\"Gusto Italiano\" \/>\n<meta property=\"article:publisher\" content=\"https:\/\/www.facebook.com\/GoldenGates.Moldova\" \/>\n<meta property=\"article:modified_time\" content=\"2025-04-30T22:00:03+00:00\" \/>\n<meta property=\"og:image\" content=\"https:\/\/gustoitaliano.md\/wp-content\/uploads\/2025\/01\/Halloumi.png\" \/>\n\t<meta property=\"og:image:width\" content=\"1000\" \/>\n\t<meta property=\"og:image:height\" content=\"1000\" \/>\n\t<meta property=\"og:image:type\" content=\"image\/png\" \/>\n<meta name=\"twitter:card\" content=\"summary_large_image\" \/>\n<meta name=\"twitter:label1\" content=\"\u041f\u0440\u0438\u043c\u0435\u0440\u043d\u043e\u0435 \u0432\u0440\u0435\u043c\u044f \u0434\u043b\u044f \u0447\u0442\u0435\u043d\u0438\u044f\" \/>\n\t<meta name=\"twitter:data1\" content=\"3 \u043c\u0438\u043d\u0443\u0442\u044b\" \/>\n<script type=\"application\/ld+json\" class=\"yoast-schema-graph\">{\"@context\":\"https:\\\/\\\/schema.org\",\"@graph\":[{\"@type\":\"WebPage\",\"@id\":\"https:\\\/\\\/gustoitaliano.md\\\/product\\\/halloumi-225-gr\\\/\",\"url\":\"https:\\\/\\\/gustoitaliano.md\\\/product\\\/halloumi-225-gr\\\/\",\"name\":\"Halloumi 225 gr - Gusto Italiano\",\"isPartOf\":{\"@id\":\"https:\\\/\\\/gustoitaliano.md\\\/ro\\\/#website\"},\"primaryImageOfPage\":{\"@id\":\"https:\\\/\\\/gustoitaliano.md\\\/product\\\/halloumi-225-gr\\\/#primaryimage\"},\"image\":{\"@id\":\"https:\\\/\\\/gustoitaliano.md\\\/product\\\/halloumi-225-gr\\\/#primaryimage\"},\"thumbnailUrl\":\"https:\\\/\\\/gustoitaliano.md\\\/wp-content\\\/uploads\\\/2025\\\/01\\\/Halloumi.png\",\"datePublished\":\"2025-01-21T10:27:17+00:00\",\"dateModified\":\"2025-04-30T22:00:03+00:00\",\"breadcrumb\":{\"@id\":\"https:\\\/\\\/gustoitaliano.md\\\/product\\\/halloumi-225-gr\\\/#breadcrumb\"},\"inLanguage\":\"ru-RU\",\"potentialAction\":[{\"@type\":\"ReadAction\",\"target\":[\"https:\\\/\\\/gustoitaliano.md\\\/product\\\/halloumi-225-gr\\\/\"]}]},{\"@type\":\"ImageObject\",\"inLanguage\":\"ru-RU\",\"@id\":\"https:\\\/\\\/gustoitaliano.md\\\/product\\\/halloumi-225-gr\\\/#primaryimage\",\"url\":\"https:\\\/\\\/gustoitaliano.md\\\/wp-content\\\/uploads\\\/2025\\\/01\\\/Halloumi.png\",\"contentUrl\":\"https:\\\/\\\/gustoitaliano.md\\\/wp-content\\\/uploads\\\/2025\\\/01\\\/Halloumi.png\",\"width\":1000,\"height\":1000},{\"@type\":\"BreadcrumbList\",\"@id\":\"https:\\\/\\\/gustoitaliano.md\\\/product\\\/halloumi-225-gr\\\/#breadcrumb\",\"itemListElement\":[{\"@type\":\"ListItem\",\"position\":1,\"name\":\"Prima pagin\u0103\",\"item\":\"https:\\\/\\\/gustoitaliano.md\\\/\"},{\"@type\":\"ListItem\",\"position\":2,\"name\":\"Magazin\",\"item\":\"https:\\\/\\\/gustoitaliano.md\\\/ro\\\/magazin\\\/\"},{\"@type\":\"ListItem\",\"position\":3,\"name\":\"Br\u00e2nzeturi\",\"item\":\"https:\\\/\\\/gustoitaliano.md\\\/product-category\\\/branzeturi\\\/\"},{\"@type\":\"ListItem\",\"position\":4,\"name\":\"Br\u00e2nzeturi por\u021bionate\",\"item\":\"https:\\\/\\\/gustoitaliano.md\\\/product-category\\\/branzeturi\\\/branzeturi-portionate\\\/\"},{\"@type\":\"ListItem\",\"position\":5,\"name\":\"Halloumi 225 gr\"}]},{\"@type\":\"WebSite\",\"@id\":\"https:\\\/\\\/gustoitaliano.md\\\/ro\\\/#website\",\"url\":\"https:\\\/\\\/gustoitaliano.md\\\/ro\\\/\",\"name\":\"Gusto Italiano\",\"description\":\"Produse Autentice Italiene\",\"publisher\":{\"@id\":\"https:\\\/\\\/gustoitaliano.md\\\/ro\\\/#organization\"},\"potentialAction\":[{\"@type\":\"SearchAction\",\"target\":{\"@type\":\"EntryPoint\",\"urlTemplate\":\"https:\\\/\\\/gustoitaliano.md\\\/ro\\\/?s={search_term_string}\"},\"query-input\":{\"@type\":\"PropertyValueSpecification\",\"valueRequired\":true,\"valueName\":\"search_term_string\"}}],\"inLanguage\":\"ru-RU\"},{\"@type\":\"Organization\",\"@id\":\"https:\\\/\\\/gustoitaliano.md\\\/ro\\\/#organization\",\"name\":\"Gusto Italiano\",\"alternateName\":\"Golden Gates SRL\",\"url\":\"https:\\\/\\\/gustoitaliano.md\\\/ro\\\/\",\"logo\":{\"@type\":\"ImageObject\",\"inLanguage\":\"ru-RU\",\"@id\":\"https:\\\/\\\/gustoitaliano.md\\\/ro\\\/#\\\/schema\\\/logo\\\/image\\\/\",\"url\":\"https:\\\/\\\/gustoitaliano.md\\\/wp-content\\\/uploads\\\/2025\\\/05\\\/logo-gusutoitaliano-2-2.png\",\"contentUrl\":\"https:\\\/\\\/gustoitaliano.md\\\/wp-content\\\/uploads\\\/2025\\\/05\\\/logo-gusutoitaliano-2-2.png\",\"width\":180,\"height\":180,\"caption\":\"Gusto Italiano\"},\"image\":{\"@id\":\"https:\\\/\\\/gustoitaliano.md\\\/ro\\\/#\\\/schema\\\/logo\\\/image\\\/\"},\"sameAs\":[\"https:\\\/\\\/www.facebook.com\\\/GoldenGates.Moldova\"]}]}<\/script>\n<!-- \/ Yoast SEO Premium plugin. -->","yoast_head_json":{"title":"Halloumi 225 gr - Gusto Italiano","robots":{"index":"index","follow":"follow","max-snippet":"max-snippet:-1","max-image-preview":"max-image-preview:large","max-video-preview":"max-video-preview:-1"},"canonical":"https:\/\/gustoitaliano.md\/ru\/product\/halloumi-225-gr\/","og_locale":"ru_RU","og_type":"article","og_title":"Halloumi 225 gr","og_description":"Halloumi \u2013 Br\u00e2nza Cipriot\u0103 Perfect\u0103 pentru Gr\u0103tar \u0219i Re\u021bete Delicioase Descoper\u0103 gustul autentic mediteranean cu Halloumi, o br\u00e2nz\u0103 tradi\u021bional\u0103 cipriot\u0103,","og_url":"https:\/\/gustoitaliano.md\/ru\/product\/halloumi-225-gr\/","og_site_name":"Gusto Italiano","article_publisher":"https:\/\/www.facebook.com\/GoldenGates.Moldova","article_modified_time":"2025-04-30T22:00:03+00:00","og_image":[{"width":1000,"height":1000,"url":"https:\/\/gustoitaliano.md\/wp-content\/uploads\/2025\/01\/Halloumi.png","type":"image\/png"}],"twitter_card":"summary_large_image","twitter_misc":{"\u041f\u0440\u0438\u043c\u0435\u0440\u043d\u043e\u0435 \u0432\u0440\u0435\u043c\u044f \u0434\u043b\u044f \u0447\u0442\u0435\u043d\u0438\u044f":"3 \u043c\u0438\u043d\u0443\u0442\u044b"},"schema":{"@context":"https:\/\/schema.org","@graph":[{"@type":"WebPage","@id":"https:\/\/gustoitaliano.md\/product\/halloumi-225-gr\/","url":"https:\/\/gustoitaliano.md\/product\/halloumi-225-gr\/","name":"Halloumi 225 gr - Gusto Italiano","isPartOf":{"@id":"https:\/\/gustoitaliano.md\/ro\/#website"},"primaryImageOfPage":{"@id":"https:\/\/gustoitaliano.md\/product\/halloumi-225-gr\/#primaryimage"},"image":{"@id":"https:\/\/gustoitaliano.md\/product\/halloumi-225-gr\/#primaryimage"},"thumbnailUrl":"https:\/\/gustoitaliano.md\/wp-content\/uploads\/2025\/01\/Halloumi.png","datePublished":"2025-01-21T10:27:17+00:00","dateModified":"2025-04-30T22:00:03+00:00","breadcrumb":{"@id":"https:\/\/gustoitaliano.md\/product\/halloumi-225-gr\/#breadcrumb"},"inLanguage":"ru-RU","potentialAction":[{"@type":"ReadAction","target":["https:\/\/gustoitaliano.md\/product\/halloumi-225-gr\/"]}]},{"@type":"ImageObject","inLanguage":"ru-RU","@id":"https:\/\/gustoitaliano.md\/product\/halloumi-225-gr\/#primaryimage","url":"https:\/\/gustoitaliano.md\/wp-content\/uploads\/2025\/01\/Halloumi.png","contentUrl":"https:\/\/gustoitaliano.md\/wp-content\/uploads\/2025\/01\/Halloumi.png","width":1000,"height":1000},{"@type":"BreadcrumbList","@id":"https:\/\/gustoitaliano.md\/product\/halloumi-225-gr\/#breadcrumb","itemListElement":[{"@type":"ListItem","position":1,"name":"Prima pagin\u0103","item":"https:\/\/gustoitaliano.md\/"},{"@type":"ListItem","position":2,"name":"Magazin","item":"https:\/\/gustoitaliano.md\/ro\/magazin\/"},{"@type":"ListItem","position":3,"name":"Br\u00e2nzeturi","item":"https:\/\/gustoitaliano.md\/product-category\/branzeturi\/"},{"@type":"ListItem","position":4,"name":"Br\u00e2nzeturi por\u021bionate","item":"https:\/\/gustoitaliano.md\/product-category\/branzeturi\/branzeturi-portionate\/"},{"@type":"ListItem","position":5,"name":"Halloumi 225 gr"}]},{"@type":"WebSite","@id":"https:\/\/gustoitaliano.md\/ro\/#website","url":"https:\/\/gustoitaliano.md\/ro\/","name":"Gusto Italiano","description":"\u0410\u0443\u0442\u0435\u043d\u0442\u0438\u0447\u043d\u044b\u0435 \u0438\u0442\u0430\u043b\u044c\u044f\u043d\u0441\u043a\u0438\u0435 \u043f\u0440\u043e\u0434\u0443\u043a\u0442\u044b","publisher":{"@id":"https:\/\/gustoitaliano.md\/ro\/#organization"},"potentialAction":[{"@type":"SearchAction","target":{"@type":"EntryPoint","urlTemplate":"https:\/\/gustoitaliano.md\/ro\/?s={search_term_string}"},"query-input":{"@type":"PropertyValueSpecification","valueRequired":true,"valueName":"search_term_string"}}],"inLanguage":"ru-RU"},{"@type":"Organization","@id":"https:\/\/gustoitaliano.md\/ro\/#organization","name":"Gusto Italiano","alternateName":"Golden Gates SRL","url":"https:\/\/gustoitaliano.md\/ro\/","logo":{"@type":"ImageObject","inLanguage":"ru-RU","@id":"https:\/\/gustoitaliano.md\/ro\/#\/schema\/logo\/image\/","url":"https:\/\/gustoitaliano.md\/wp-content\/uploads\/2025\/05\/logo-gusutoitaliano-2-2.png","contentUrl":"https:\/\/gustoitaliano.md\/wp-content\/uploads\/2025\/05\/logo-gusutoitaliano-2-2.png","width":180,"height":180,"caption":"Gusto Italiano"},"image":{"@id":"https:\/\/gustoitaliano.md\/ro\/#\/schema\/logo\/image\/"},"sameAs":["https:\/\/www.facebook.com\/GoldenGates.Moldova"]}]}},"_links":{"self":[{"href":"https:\/\/gustoitaliano.md\/ru\/wp-json\/wp\/v2\/product\/45604","targetHints":{"allow":["GET"]}}],"collection":[{"href":"https:\/\/gustoitaliano.md\/ru\/wp-json\/wp\/v2\/product"}],"about":[{"href":"https:\/\/gustoitaliano.md\/ru\/wp-json\/wp\/v2\/types\/product"}],"version-history":[{"count":0,"href":"https:\/\/gustoitaliano.md\/ru\/wp-json\/wp\/v2\/product\/45604\/revisions"}],"wp:featuredmedia":[{"embeddable":true,"href":"https:\/\/gustoitaliano.md\/ru\/wp-json\/wp\/v2\/media\/47416"}],"wp:attachment":[{"href":"https:\/\/gustoitaliano.md\/ru\/wp-json\/wp\/v2\/media?parent=45604"}],"wp:term":[{"taxonomy":"product_brand","embeddable":true,"href":"https:\/\/gustoitaliano.md\/ru\/wp-json\/wp\/v2\/product_brand?post=45604"},{"taxonomy":"product_cat","embeddable":true,"href":"https:\/\/gustoitaliano.md\/ru\/wp-json\/wp\/v2\/product_cat?post=45604"},{"taxonomy":"product_tag","embeddable":true,"href":"https:\/\/gustoitaliano.md\/ru\/wp-json\/wp\/v2\/product_tag?post=45604"}],"curies":[{"name":"wp","href":"https:\/\/api.w.org\/{rel}","templated":true}]}}