{"id":46791,"date":"2025-02-18T18:46:42","date_gmt":"2025-02-18T16:46:42","guid":{"rendered":"https:\/\/gustoitaliano.md\/?post_type=product&#038;p=46791"},"modified":"2026-04-08T12:13:41","modified_gmt":"2026-04-08T09:13:41","slug":"faina-0m5-plus-din-grau-moale-denti-w500-520-25-kg","status":"publish","type":"product","link":"https:\/\/gustoitaliano.md\/ru\/product\/faina-0m5-plus-din-grau-moale-denti-w500-520-25-kg\/","title":{"rendered":"\"0M5\" PLUS \u041c\u0443\u043a\u0430 \u0438\u0437 \u043c\u044f\u0433\u043a\u043e\u0439 \u043f\u0448\u0435\u043d\u0438\u0446\u044b Denti W500-520 25 \u043a\u0433."},"content":{"rendered":"<p data-start=\"0\" data-end=\"480\">F\u0103ina <strong data-start=\"6\" data-end=\"20\">\u201e0M5 PLUS\u201d<\/strong> din gr\u00e2u moale, produs\u0103 de <strong data-start=\"48\" data-end=\"57\">Denti<\/strong>, este o f\u0103in\u0103 profesional\u0103 de tip <strong data-start=\"92\" data-end=\"99\">\u201e0\u201d<\/strong> cu un indice de for\u021b\u0103 cuprins \u00eentre <strong data-start=\"136\" data-end=\"152\">W500 \u0219i W520<\/strong>. Aceast\u0103 f\u0103in\u0103 este special conceput\u0103 pentru procese de dospire medie-lung\u0103 \u0219i lung\u0103, fiind ideal\u0103 pentru metode indirecte de prelucrare, precum utilizarea prefermentului <strong data-start=\"324\" data-end=\"332\">biga<\/strong>. Ambalat\u0103 \u00een saci de <strong data-start=\"354\" data-end=\"363\">25 kg<\/strong>, este destinat\u0103 \u00een principal utiliz\u0103rii profesionale \u00een brut\u0103rii \u0219i patiserii.<\/p>\n<div class=\"relative inline-flex items-center\"><a class=\"ml-1 inline-flex h-[22px] items-center rounded-xl bg-[#f4f4f4] px-2 text-[0.5em] font-medium text-token-text-secondary dark:bg-token-main-surface-secondary !text-token-text-secondary uppercase hover:bg-token-text-primary hover:!text-token-main-surface-secondary dark:hover:bg-token-text-primary group\" href=\"https:\/\/www.molinodenti.it\/tipo-0-w400-w520?utm_source=chatgpt.com\" target=\"_blank\" rel=\"noopener\"><span class=\"truncate\">molinodenti.it<\/span><\/a><\/div>\n<p data-start=\"482\" data-end=\"512\"><strong data-start=\"482\" data-end=\"512\">Caracteristici principale:<\/strong><\/p>\n<ul data-start=\"513\" data-end=\"896\">\n<li data-start=\"513\" data-end=\"636\"><strong data-start=\"515\" data-end=\"546\">For\u021b\u0103 ridicat\u0103 (W500\u2013W520):<\/strong> Asigur\u0103 o structur\u0103 robust\u0103 a aluatului, potrivit\u0103 pentru produse cu dospire \u00eendelungat\u0103.<\/li>\n<li data-start=\"637\" data-end=\"749\"><strong data-start=\"639\" data-end=\"651\">Tip \u201e0\u201d:<\/strong> Con\u021bine o propor\u021bie mai mare de proteine \u0219i gluten, oferind elasticitate \u0219i rezisten\u021b\u0103 aluatului.<\/li>\n<li data-start=\"750\" data-end=\"896\"><strong data-start=\"752\" data-end=\"770\">Versatilitate:<\/strong> Ideal\u0103 pentru o gam\u0103 larg\u0103 de produse de panifica\u021bie care necesit\u0103 fermenta\u021bie prelungit\u0103 \u0219i tehnici de prelucrare indirect\u0103.<\/li>\n<\/ul>\n<p data-start=\"898\" data-end=\"1147\">Utilizarea f\u0103inii \u201e0M5 PLUS\u201d permite ob\u021binerea unor produse de panifica\u021bie de \u00eenalt\u0103 calitate, cu textur\u0103 \u0219i arom\u0103 deosebite, datorit\u0103 capacit\u0103\u021bii sale de a sus\u021bine procese de dospire \u00eendelungat\u0103 \u0219i de a dezvolta un aluat elastic \u0219i bine structurat.<\/p>\n","protected":false},"excerpt":{"rendered":"<p>\u041f\u0440\u043e\u0442\u0435\u0438\u043d - 14 \u0433\u0440.<\/p>","protected":false},"featured_media":46792,"template":"","meta":[],"product_brand":[2411],"product_cat":[2349,2413],"product_tag":[2419],"class_list":{"0":"post-46791","1":"product","2":"type-product","3":"status-publish","4":"has-post-thumbnail","6":"product_brand-denti","7":"product_cat-faina-denti","8":"product_cat-linia-patiserie","9":"product_tag-horeca","11":"first","12":"instock","13":"taxable","14":"shipping-taxable","15":"purchasable","16":"product-type-simple"},"yoast_head":"<!-- This site is optimized with the Yoast SEO Premium plugin v26.5 (Yoast SEO v27.4) - https:\/\/yoast.com\/product\/yoast-seo-premium-wordpress\/ -->\n<title>Faina \u201e0M5\u201d PLUS din grau moale Denti W500\u2013520 25 kg. - Gusto Italiano<\/title>\n<meta name=\"robots\" content=\"index, follow, max-snippet:-1, max-image-preview:large, max-video-preview:-1\" \/>\n<link rel=\"canonical\" href=\"https:\/\/gustoitaliano.md\/ru\/product\/faina-0m5-plus-din-grau-moale-denti-w500-520-25-kg\/\" \/>\n<meta property=\"og:locale\" content=\"ru_RU\" \/>\n<meta property=\"og:type\" content=\"article\" \/>\n<meta property=\"og:title\" content=\"Faina \u201e0M5\u201d PLUS din grau moale Denti W500\u2013520 25 kg.\" \/>\n<meta property=\"og:description\" content=\"Proteine - 14 gr\" \/>\n<meta property=\"og:url\" content=\"https:\/\/gustoitaliano.md\/ru\/product\/faina-0m5-plus-din-grau-moale-denti-w500-520-25-kg\/\" \/>\n<meta property=\"og:site_name\" content=\"Gusto Italiano\" \/>\n<meta property=\"article:publisher\" content=\"https:\/\/www.facebook.com\/GoldenGates.Moldova\" \/>\n<meta property=\"article:modified_time\" content=\"2026-04-08T09:13:41+00:00\" \/>\n<meta property=\"og:image\" content=\"https:\/\/gustoitaliano.md\/wp-content\/uploads\/2025\/02\/panetteria_tipo0_purple.webp\" \/>\n\t<meta property=\"og:image:width\" content=\"740\" \/>\n\t<meta property=\"og:image:height\" content=\"820\" \/>\n\t<meta property=\"og:image:type\" content=\"image\/webp\" \/>\n<meta name=\"twitter:card\" content=\"summary_large_image\" \/>\n<meta name=\"twitter:label1\" content=\"\u041f\u0440\u0438\u043c\u0435\u0440\u043d\u043e\u0435 \u0432\u0440\u0435\u043c\u044f \u0434\u043b\u044f \u0447\u0442\u0435\u043d\u0438\u044f\" \/>\n\t<meta name=\"twitter:data1\" content=\"2 \u043c\u0438\u043d\u0443\u0442\u044b\" \/>\n<script type=\"application\/ld+json\" class=\"yoast-schema-graph\">{\"@context\":\"https:\\\/\\\/schema.org\",\"@graph\":[{\"@type\":\"WebPage\",\"@id\":\"https:\\\/\\\/gustoitaliano.md\\\/product\\\/faina-0m5-plus-din-grau-moale-denti-w500-520-25-kg\\\/\",\"url\":\"https:\\\/\\\/gustoitaliano.md\\\/product\\\/faina-0m5-plus-din-grau-moale-denti-w500-520-25-kg\\\/\",\"name\":\"Faina \u201e0M5\u201d PLUS din grau moale Denti W500\u2013520 25 kg. - Gusto Italiano\",\"isPartOf\":{\"@id\":\"https:\\\/\\\/gustoitaliano.md\\\/ro\\\/#website\"},\"primaryImageOfPage\":{\"@id\":\"https:\\\/\\\/gustoitaliano.md\\\/product\\\/faina-0m5-plus-din-grau-moale-denti-w500-520-25-kg\\\/#primaryimage\"},\"image\":{\"@id\":\"https:\\\/\\\/gustoitaliano.md\\\/product\\\/faina-0m5-plus-din-grau-moale-denti-w500-520-25-kg\\\/#primaryimage\"},\"thumbnailUrl\":\"https:\\\/\\\/gustoitaliano.md\\\/wp-content\\\/uploads\\\/2025\\\/02\\\/panetteria_tipo0_purple.webp\",\"datePublished\":\"2025-02-18T16:46:42+00:00\",\"dateModified\":\"2026-04-08T09:13:41+00:00\",\"breadcrumb\":{\"@id\":\"https:\\\/\\\/gustoitaliano.md\\\/product\\\/faina-0m5-plus-din-grau-moale-denti-w500-520-25-kg\\\/#breadcrumb\"},\"inLanguage\":\"ru-RU\",\"potentialAction\":[{\"@type\":\"ReadAction\",\"target\":[\"https:\\\/\\\/gustoitaliano.md\\\/product\\\/faina-0m5-plus-din-grau-moale-denti-w500-520-25-kg\\\/\"]}]},{\"@type\":\"ImageObject\",\"inLanguage\":\"ru-RU\",\"@id\":\"https:\\\/\\\/gustoitaliano.md\\\/product\\\/faina-0m5-plus-din-grau-moale-denti-w500-520-25-kg\\\/#primaryimage\",\"url\":\"https:\\\/\\\/gustoitaliano.md\\\/wp-content\\\/uploads\\\/2025\\\/02\\\/panetteria_tipo0_purple.webp\",\"contentUrl\":\"https:\\\/\\\/gustoitaliano.md\\\/wp-content\\\/uploads\\\/2025\\\/02\\\/panetteria_tipo0_purple.webp\",\"width\":740,\"height\":820},{\"@type\":\"BreadcrumbList\",\"@id\":\"https:\\\/\\\/gustoitaliano.md\\\/product\\\/faina-0m5-plus-din-grau-moale-denti-w500-520-25-kg\\\/#breadcrumb\",\"itemListElement\":[{\"@type\":\"ListItem\",\"position\":1,\"name\":\"Prima pagin\u0103\",\"item\":\"https:\\\/\\\/gustoitaliano.md\\\/\"},{\"@type\":\"ListItem\",\"position\":2,\"name\":\"Magazin\",\"item\":\"https:\\\/\\\/gustoitaliano.md\\\/ro\\\/magazin\\\/\"},{\"@type\":\"ListItem\",\"position\":3,\"name\":\"F\u0103ina Denti\",\"item\":\"https:\\\/\\\/gustoitaliano.md\\\/product-category\\\/faina-denti\\\/\"},{\"@type\":\"ListItem\",\"position\":4,\"name\":\"Linia Patiserie\",\"item\":\"https:\\\/\\\/gustoitaliano.md\\\/product-category\\\/faina-denti\\\/linia-patiserie\\\/\"},{\"@type\":\"ListItem\",\"position\":5,\"name\":\"Faina \u201e0M5\u201d PLUS din grau moale Denti W500\u2013520 25 kg.\"}]},{\"@type\":\"WebSite\",\"@id\":\"https:\\\/\\\/gustoitaliano.md\\\/ro\\\/#website\",\"url\":\"https:\\\/\\\/gustoitaliano.md\\\/ro\\\/\",\"name\":\"Gusto Italiano\",\"description\":\"Produse Autentice Italiene\",\"publisher\":{\"@id\":\"https:\\\/\\\/gustoitaliano.md\\\/ro\\\/#organization\"},\"potentialAction\":[{\"@type\":\"SearchAction\",\"target\":{\"@type\":\"EntryPoint\",\"urlTemplate\":\"https:\\\/\\\/gustoitaliano.md\\\/ro\\\/?s={search_term_string}\"},\"query-input\":{\"@type\":\"PropertyValueSpecification\",\"valueRequired\":true,\"valueName\":\"search_term_string\"}}],\"inLanguage\":\"ru-RU\"},{\"@type\":\"Organization\",\"@id\":\"https:\\\/\\\/gustoitaliano.md\\\/ro\\\/#organization\",\"name\":\"Gusto Italiano\",\"alternateName\":\"Golden Gates SRL\",\"url\":\"https:\\\/\\\/gustoitaliano.md\\\/ro\\\/\",\"logo\":{\"@type\":\"ImageObject\",\"inLanguage\":\"ru-RU\",\"@id\":\"https:\\\/\\\/gustoitaliano.md\\\/ro\\\/#\\\/schema\\\/logo\\\/image\\\/\",\"url\":\"https:\\\/\\\/gustoitaliano.md\\\/wp-content\\\/uploads\\\/2025\\\/05\\\/logo-gusutoitaliano-2-2.png\",\"contentUrl\":\"https:\\\/\\\/gustoitaliano.md\\\/wp-content\\\/uploads\\\/2025\\\/05\\\/logo-gusutoitaliano-2-2.png\",\"width\":180,\"height\":180,\"caption\":\"Gusto Italiano\"},\"image\":{\"@id\":\"https:\\\/\\\/gustoitaliano.md\\\/ro\\\/#\\\/schema\\\/logo\\\/image\\\/\"},\"sameAs\":[\"https:\\\/\\\/www.facebook.com\\\/GoldenGates.Moldova\"]}]}<\/script>\n<!-- \/ Yoast SEO Premium plugin. -->","yoast_head_json":{"title":"Faina \u201e0M5\u201d PLUS din grau moale Denti W500\u2013520 25 kg. - Gusto Italiano","robots":{"index":"index","follow":"follow","max-snippet":"max-snippet:-1","max-image-preview":"max-image-preview:large","max-video-preview":"max-video-preview:-1"},"canonical":"https:\/\/gustoitaliano.md\/ru\/product\/faina-0m5-plus-din-grau-moale-denti-w500-520-25-kg\/","og_locale":"ru_RU","og_type":"article","og_title":"Faina \u201e0M5\u201d PLUS din grau moale Denti W500\u2013520 25 kg.","og_description":"Proteine - 14 gr","og_url":"https:\/\/gustoitaliano.md\/ru\/product\/faina-0m5-plus-din-grau-moale-denti-w500-520-25-kg\/","og_site_name":"Gusto Italiano","article_publisher":"https:\/\/www.facebook.com\/GoldenGates.Moldova","article_modified_time":"2026-04-08T09:13:41+00:00","og_image":[{"width":740,"height":820,"url":"https:\/\/gustoitaliano.md\/wp-content\/uploads\/2025\/02\/panetteria_tipo0_purple.webp","type":"image\/webp"}],"twitter_card":"summary_large_image","twitter_misc":{"\u041f\u0440\u0438\u043c\u0435\u0440\u043d\u043e\u0435 \u0432\u0440\u0435\u043c\u044f \u0434\u043b\u044f \u0447\u0442\u0435\u043d\u0438\u044f":"2 \u043c\u0438\u043d\u0443\u0442\u044b"},"schema":{"@context":"https:\/\/schema.org","@graph":[{"@type":"WebPage","@id":"https:\/\/gustoitaliano.md\/product\/faina-0m5-plus-din-grau-moale-denti-w500-520-25-kg\/","url":"https:\/\/gustoitaliano.md\/product\/faina-0m5-plus-din-grau-moale-denti-w500-520-25-kg\/","name":"Faina \u201e0M5\u201d PLUS din grau moale Denti W500\u2013520 25 kg. - Gusto Italiano","isPartOf":{"@id":"https:\/\/gustoitaliano.md\/ro\/#website"},"primaryImageOfPage":{"@id":"https:\/\/gustoitaliano.md\/product\/faina-0m5-plus-din-grau-moale-denti-w500-520-25-kg\/#primaryimage"},"image":{"@id":"https:\/\/gustoitaliano.md\/product\/faina-0m5-plus-din-grau-moale-denti-w500-520-25-kg\/#primaryimage"},"thumbnailUrl":"https:\/\/gustoitaliano.md\/wp-content\/uploads\/2025\/02\/panetteria_tipo0_purple.webp","datePublished":"2025-02-18T16:46:42+00:00","dateModified":"2026-04-08T09:13:41+00:00","breadcrumb":{"@id":"https:\/\/gustoitaliano.md\/product\/faina-0m5-plus-din-grau-moale-denti-w500-520-25-kg\/#breadcrumb"},"inLanguage":"ru-RU","potentialAction":[{"@type":"ReadAction","target":["https:\/\/gustoitaliano.md\/product\/faina-0m5-plus-din-grau-moale-denti-w500-520-25-kg\/"]}]},{"@type":"ImageObject","inLanguage":"ru-RU","@id":"https:\/\/gustoitaliano.md\/product\/faina-0m5-plus-din-grau-moale-denti-w500-520-25-kg\/#primaryimage","url":"https:\/\/gustoitaliano.md\/wp-content\/uploads\/2025\/02\/panetteria_tipo0_purple.webp","contentUrl":"https:\/\/gustoitaliano.md\/wp-content\/uploads\/2025\/02\/panetteria_tipo0_purple.webp","width":740,"height":820},{"@type":"BreadcrumbList","@id":"https:\/\/gustoitaliano.md\/product\/faina-0m5-plus-din-grau-moale-denti-w500-520-25-kg\/#breadcrumb","itemListElement":[{"@type":"ListItem","position":1,"name":"Prima pagin\u0103","item":"https:\/\/gustoitaliano.md\/"},{"@type":"ListItem","position":2,"name":"Magazin","item":"https:\/\/gustoitaliano.md\/ro\/magazin\/"},{"@type":"ListItem","position":3,"name":"F\u0103ina Denti","item":"https:\/\/gustoitaliano.md\/product-category\/faina-denti\/"},{"@type":"ListItem","position":4,"name":"Linia Patiserie","item":"https:\/\/gustoitaliano.md\/product-category\/faina-denti\/linia-patiserie\/"},{"@type":"ListItem","position":5,"name":"Faina \u201e0M5\u201d PLUS din grau moale Denti W500\u2013520 25 kg."}]},{"@type":"WebSite","@id":"https:\/\/gustoitaliano.md\/ro\/#website","url":"https:\/\/gustoitaliano.md\/ro\/","name":"Gusto Italiano","description":"\u0410\u0443\u0442\u0435\u043d\u0442\u0438\u0447\u043d\u044b\u0435 \u0438\u0442\u0430\u043b\u044c\u044f\u043d\u0441\u043a\u0438\u0435 \u043f\u0440\u043e\u0434\u0443\u043a\u0442\u044b","publisher":{"@id":"https:\/\/gustoitaliano.md\/ro\/#organization"},"potentialAction":[{"@type":"SearchAction","target":{"@type":"EntryPoint","urlTemplate":"https:\/\/gustoitaliano.md\/ro\/?s={search_term_string}"},"query-input":{"@type":"PropertyValueSpecification","valueRequired":true,"valueName":"search_term_string"}}],"inLanguage":"ru-RU"},{"@type":"Organization","@id":"https:\/\/gustoitaliano.md\/ro\/#organization","name":"Gusto Italiano","alternateName":"Golden Gates SRL","url":"https:\/\/gustoitaliano.md\/ro\/","logo":{"@type":"ImageObject","inLanguage":"ru-RU","@id":"https:\/\/gustoitaliano.md\/ro\/#\/schema\/logo\/image\/","url":"https:\/\/gustoitaliano.md\/wp-content\/uploads\/2025\/05\/logo-gusutoitaliano-2-2.png","contentUrl":"https:\/\/gustoitaliano.md\/wp-content\/uploads\/2025\/05\/logo-gusutoitaliano-2-2.png","width":180,"height":180,"caption":"Gusto Italiano"},"image":{"@id":"https:\/\/gustoitaliano.md\/ro\/#\/schema\/logo\/image\/"},"sameAs":["https:\/\/www.facebook.com\/GoldenGates.Moldova"]}]}},"_links":{"self":[{"href":"https:\/\/gustoitaliano.md\/ru\/wp-json\/wp\/v2\/product\/46791","targetHints":{"allow":["GET"]}}],"collection":[{"href":"https:\/\/gustoitaliano.md\/ru\/wp-json\/wp\/v2\/product"}],"about":[{"href":"https:\/\/gustoitaliano.md\/ru\/wp-json\/wp\/v2\/types\/product"}],"version-history":[{"count":1,"href":"https:\/\/gustoitaliano.md\/ru\/wp-json\/wp\/v2\/product\/46791\/revisions"}],"predecessor-version":[{"id":51093,"href":"https:\/\/gustoitaliano.md\/ru\/wp-json\/wp\/v2\/product\/46791\/revisions\/51093"}],"wp:featuredmedia":[{"embeddable":true,"href":"https:\/\/gustoitaliano.md\/ru\/wp-json\/wp\/v2\/media\/46792"}],"wp:attachment":[{"href":"https:\/\/gustoitaliano.md\/ru\/wp-json\/wp\/v2\/media?parent=46791"}],"wp:term":[{"taxonomy":"product_brand","embeddable":true,"href":"https:\/\/gustoitaliano.md\/ru\/wp-json\/wp\/v2\/product_brand?post=46791"},{"taxonomy":"product_cat","embeddable":true,"href":"https:\/\/gustoitaliano.md\/ru\/wp-json\/wp\/v2\/product_cat?post=46791"},{"taxonomy":"product_tag","embeddable":true,"href":"https:\/\/gustoitaliano.md\/ru\/wp-json\/wp\/v2\/product_tag?post=46791"}],"curies":[{"name":"wp","href":"https:\/\/api.w.org\/{rel}","templated":true}]}}