{"id":48060,"date":"2025-03-21T17:00:03","date_gmt":"2025-03-21T15:00:03","guid":{"rendered":"https:\/\/gustoitaliano.md\/?post_type=product&#038;p=48060"},"modified":"2026-03-17T09:07:27","modified_gmt":"2026-03-17T07:07:27","slug":"lievi-pizza-maia-naturala-in-pulbere-10-kg","status":"publish","type":"product","link":"https:\/\/gustoitaliano.md\/ru\/product\/lievi-pizza-maia-naturala-in-pulbere-10-kg\/","title":{"rendered":"Lievi Pane \/\u0417\u0430\u043a\u0432\u0430\u0441\u043a\u0430 \u043d\u0430\u0442\u0443\u0440\u0430\u043b\u044c\u043d\u0430\u044f \u0432 \u043f\u043e\u0440\u043e\u0448\u043a\u0435 10 \u043a\u0433"},"content":{"rendered":"<p data-start=\"517\" data-end=\"845\"><strong data-start=\"517\" data-end=\"534\">\u041c\u0430\u0442\u043e\u0447\u043d\u044b\u0435 \u0434\u0440\u043e\u0436\u0436\u0438<\/strong>, \u0442\u0430\u043a\u0436\u0435 \u0438\u0437\u0432\u0435\u0441\u0442\u043d\u044b\u0439 \u043a\u0430\u043a <em data-start=\"552\" data-end=\"563\">\u041c\u0430\u043c\u0430 \u041c\u0430\u0439\u044f<\/em>\u044d\u0442\u043e \u0441\u0443\u0449\u043d\u043e\u0441\u0442\u044c \u043d\u0430\u0441\u0442\u043e\u044f\u0449\u0435\u0433\u043e \u0438\u0442\u0430\u043b\u044c\u044f\u043d\u0441\u043a\u043e\u0433\u043e \u0445\u043b\u0435\u0431\u043e\u043f\u0435\u0447\u0435\u043d\u0438\u044f. \u0418\u0437\u0433\u043e\u0442\u043e\u0432\u043b\u0435\u043d\u043d\u044b\u0435 \u0438\u0437 \u043c\u0443\u043a\u0438 \u0438 \u0432\u043e\u0434\u044b, \u043c\u0435\u0434\u043b\u0435\u043d\u043d\u043e \u0431\u0440\u043e\u0434\u0438\u0432\u0448\u0438\u0435 \u0438 \u0442\u0435\u0440\u043f\u0435\u043b\u0438\u0432\u043e \u0443\u0445\u0430\u0436\u0438\u0432\u0430\u0432\u0448\u0438\u0435, \u044d\u0442\u0438 \u043d\u0430\u0442\u0443\u0440\u0430\u043b\u044c\u043d\u044b\u0435 \u0434\u0440\u043e\u0436\u0436\u0438 \u043f\u0440\u0438\u0434\u0430\u044e\u0442 \u0445\u043b\u0435\u0431\u0443 \u0438 \u0442\u0435\u0441\u0442\u0443 \u0441\u043b\u0435\u0433\u043a\u0430 \u044d\u043b\u0430\u0441\u0442\u0438\u0447\u043d\u0443\u044e \u0442\u0435\u043a\u0441\u0442\u0443\u0440\u0443, \u0445\u0440\u0443\u0441\u0442\u044f\u0449\u0443\u044e \u043a\u043e\u0440\u043e\u0447\u043a\u0443 \u0438 \u0441\u043b\u0435\u0433\u043a\u0430 \u043a\u0438\u0441\u043b\u043e\u0432\u0430\u0442\u044b\u0439 \u0432\u043a\u0443\u0441 - \u0445\u0430\u0440\u0430\u043a\u0442\u0435\u0440\u043d\u044b\u0435 \u0447\u0435\u0440\u0442\u044b \u0440\u0435\u043c\u0435\u0441\u043b\u0435\u043d\u043d\u044b\u0445 \u043f\u0440\u043e\u0434\u0443\u043a\u0442\u043e\u0432 \u0441 \u0434\u0443\u0448\u043e\u0439.<\/p>\n<p data-start=\"847\" data-end=\"1104\">\u0418\u0434\u0435\u0430\u043b\u044c\u043d\u043e \u043f\u043e\u0434\u0445\u043e\u0434\u0438\u0442 \u0434\u043b\u044f \u043f\u0440\u0438\u0433\u043e\u0442\u043e\u0432\u043b\u0435\u043d\u0438\u044f \u0434\u043e\u043c\u0430\u0448\u043d\u0435\u0433\u043e <strong data-start=\"881\" data-end=\"898\">\u0414\u0435\u0440\u0435\u0432\u0435\u043d\u0441\u043a\u0438\u0439 \u0445\u043b\u0435\u0431<\/strong>, <strong data-start=\"900\" data-end=\"912\">\u0447\u0438\u0430\u0431\u0430\u0442\u0442\u0430<\/strong>, <strong data-start=\"914\" data-end=\"940\">\u041f\u0438\u0446\u0446\u0430 \u0438\u0437 \u0437\u0440\u0435\u043b\u043e\u0433\u043e \u0442\u0435\u0441\u0442\u0430<\/strong> \u0438\u043b\u0438 \u0434\u0430\u0436\u0435 <strong data-start=\"954\" data-end=\"979\">\u0422\u0440\u0430\u0434\u0438\u0446\u0438\u043e\u043d\u043d\u044b\u0439 \u041f\u0430\u043d\u0435\u0442\u0442\u043e\u043d\u0435<\/strong>. \u041c\u0435\u0434\u043b\u0435\u043d\u043d\u0430\u044f \u0444\u0435\u0440\u043c\u0435\u043d\u0442\u0430\u0446\u0438\u044f, \u043f\u043e\u0434\u0434\u0435\u0440\u0436\u0438\u0432\u0430\u0435\u043c\u0430\u044f <strong data-start=\"1012\" data-end=\"1029\">\u041c\u0430\u0442\u043e\u0447\u043d\u044b\u0435 \u0434\u0440\u043e\u0436\u0436\u0438<\/strong> \u041e\u043d \u043f\u043e\u043b\u0435\u0437\u0435\u043d \u0434\u043b\u044f \u043f\u0438\u0449\u0435\u0432\u0430\u0440\u0435\u043d\u0438\u044f, \u0430 \u0442\u0430\u043a\u0436\u0435 \u043e\u0431\u043b\u0430\u0434\u0430\u0435\u0442 \u0433\u043b\u0443\u0431\u043e\u043a\u0438\u043c, \u0441\u043b\u043e\u0436\u043d\u044b\u043c \u0432\u043a\u0443\u0441\u043e\u043c, \u043a\u043e\u0442\u043e\u0440\u044b\u0439 \u0442\u0440\u0443\u0434\u043d\u043e \u0437\u0430\u0431\u044b\u0442\u044c.<\/p>\n<hr data-start=\"1106\" data-end=\"1109\" \/>\n<h3 data-start=\"1111\" data-end=\"1149\">\ud83c\udf5e \u0411\u044b\u0441\u0442\u0440\u044b\u0439 \u0441\u043e\u0432\u0435\u0442:<\/h3>\n<p data-start=\"1150\" data-end=\"1382\">Mix <strong data-start=\"1159\" data-end=\"1176\">\u041c\u0430\u0442\u043e\u0447\u043d\u044b\u0435 \u0434\u0440\u043e\u0436\u0436\u0438<\/strong> \u0441 \u043a\u0430\u0447\u0435\u0441\u0442\u0432\u0435\u043d\u043d\u043e\u0439 \u043c\u0443\u043a\u043e\u0439 (\u0432 \u0438\u0434\u0435\u0430\u043b\u0435, <strong data-start=\"1206\" data-end=\"1223\">\u041c\u0443\u043a\u0430 Infibra<\/strong>), \u0432\u043e\u0434\u0430 \u0438 \u043d\u0435\u043c\u043d\u043e\u0433\u043e \u0441\u043e\u043b\u0438. \u041e\u0441\u0442\u0430\u0432\u044c\u0442\u0435 \u0442\u0435\u0441\u0442\u043e \u043f\u043e\u0434\u043d\u0438\u043c\u0430\u0442\u044c\u0441\u044f \u043d\u0430 \u043d\u043e\u0447\u044c, \u0437\u0430\u0442\u0435\u043c \u0432\u044b\u043f\u0435\u043a\u0430\u0439\u0442\u0435 \u0445\u043b\u0435\u0431 \u043f\u0440\u0438 230\u00b0C \u0432 \u0442\u0435\u0447\u0435\u043d\u0438\u0435 30-35 \u043c\u0438\u043d\u0443\u0442. \u0420\u0435\u0437\u0443\u043b\u044c\u0442\u0430\u0442? \u0425\u043b\u0435\u0431, \u043a\u0430\u043a \u0432 \u0442\u043e\u0441\u043a\u0430\u043d\u0441\u043a\u0438\u0445 \u043f\u0435\u0447\u0430\u0445!<\/p>","protected":false},"excerpt":{"rendered":"<p>Lievito Madre, cunoscut\u0103 \u0219i ca maia mam\u0103, este esen\u021ba panifica\u021biei italiene autentice. Ob\u021binut\u0103 din f\u0103in\u0103 \u0219i ap\u0103, fermentat\u0103 lent \u0219i<\/p>","protected":false},"featured_media":48062,"template":"","meta":[],"product_brand":[2411],"product_cat":[2349,2410,2414],"product_tag":[2419],"class_list":{"0":"post-48060","1":"product","2":"type-product","3":"status-publish","4":"has-post-thumbnail","6":"product_brand-denti","7":"product_cat-faina-denti","8":"product_cat-faina-selectionata-1-5-kg","9":"product_cat-linia-pane","10":"product_tag-horeca","12":"first","13":"onbackorder","14":"taxable","15":"shipping-taxable","16":"purchasable","17":"product-type-simple"},"yoast_head":"<!-- This site is optimized with the Yoast SEO Premium plugin v26.5 (Yoast SEO v27.3) - https:\/\/yoast.com\/product\/yoast-seo-premium-wordpress\/ -->\n<title>Lievi Pane \/ Maia naturala in pulbere 10 kg - Gusto Italiano<\/title>\n<meta name=\"description\" content=\"\u201eLievito Madre \u2013 drojdie natural\u0103 activ\u0103, ideal\u0103 pentru p\u00e2ine, pizza \u0219i produse de patiserie artizanale, cu fermenta\u021bie lent\u0103 \u0219i gust autentic.\u201d\" \/>\n<meta name=\"robots\" content=\"index, follow, max-snippet:-1, max-image-preview:large, max-video-preview:-1\" \/>\n<link rel=\"canonical\" href=\"https:\/\/gustoitaliano.md\/ru\/product\/lievi-pizza-maia-naturala-in-pulbere-10-kg\/\" \/>\n<meta property=\"og:locale\" content=\"ru_RU\" \/>\n<meta property=\"og:type\" content=\"article\" \/>\n<meta property=\"og:title\" content=\"Lievi Pane \/ Maia naturala in pulbere 10 kg\" \/>\n<meta property=\"og:description\" content=\"\u201eLievito Madre \u2013 drojdie natural\u0103 activ\u0103, ideal\u0103 pentru p\u00e2ine, pizza \u0219i produse de patiserie artizanale, cu fermenta\u021bie lent\u0103 \u0219i gust autentic.\u201d\" \/>\n<meta property=\"og:url\" content=\"https:\/\/gustoitaliano.md\/ru\/product\/lievi-pizza-maia-naturala-in-pulbere-10-kg\/\" \/>\n<meta property=\"og:site_name\" content=\"Gusto Italiano\" \/>\n<meta property=\"article:publisher\" content=\"https:\/\/www.facebook.com\/GoldenGates.Moldova\" \/>\n<meta property=\"article:modified_time\" content=\"2026-03-17T07:07:27+00:00\" \/>\n<meta property=\"og:image\" content=\"https:\/\/gustoitaliano.md\/wp-content\/uploads\/2025\/03\/INFIBRA_lievi_pane.webp\" \/>\n\t<meta property=\"og:image:width\" content=\"740\" \/>\n\t<meta property=\"og:image:height\" content=\"820\" \/>\n\t<meta property=\"og:image:type\" content=\"image\/webp\" \/>\n<meta name=\"twitter:card\" content=\"summary_large_image\" \/>\n<meta name=\"twitter:label1\" content=\"\u041f\u0440\u0438\u043c\u0435\u0440\u043d\u043e\u0435 \u0432\u0440\u0435\u043c\u044f \u0434\u043b\u044f \u0447\u0442\u0435\u043d\u0438\u044f\" \/>\n\t<meta name=\"twitter:data1\" content=\"1 \u043c\u0438\u043d\u0443\u0442\u0430\" \/>\n<script type=\"application\/ld+json\" class=\"yoast-schema-graph\">{\"@context\":\"https:\\\/\\\/schema.org\",\"@graph\":[{\"@type\":\"WebPage\",\"@id\":\"https:\\\/\\\/gustoitaliano.md\\\/product\\\/lievi-pizza-maia-naturala-in-pulbere-10-kg\\\/\",\"url\":\"https:\\\/\\\/gustoitaliano.md\\\/product\\\/lievi-pizza-maia-naturala-in-pulbere-10-kg\\\/\",\"name\":\"Lievi Pane \\\/ Maia naturala in pulbere 10 kg - Gusto Italiano\",\"isPartOf\":{\"@id\":\"https:\\\/\\\/gustoitaliano.md\\\/ro\\\/#website\"},\"primaryImageOfPage\":{\"@id\":\"https:\\\/\\\/gustoitaliano.md\\\/product\\\/lievi-pizza-maia-naturala-in-pulbere-10-kg\\\/#primaryimage\"},\"image\":{\"@id\":\"https:\\\/\\\/gustoitaliano.md\\\/product\\\/lievi-pizza-maia-naturala-in-pulbere-10-kg\\\/#primaryimage\"},\"thumbnailUrl\":\"https:\\\/\\\/gustoitaliano.md\\\/wp-content\\\/uploads\\\/2025\\\/03\\\/INFIBRA_lievi_pane.webp\",\"datePublished\":\"2025-03-21T15:00:03+00:00\",\"dateModified\":\"2026-03-17T07:07:27+00:00\",\"description\":\"\u201eLievito Madre \u2013 drojdie natural\u0103 activ\u0103, ideal\u0103 pentru p\u00e2ine, pizza \u0219i produse de patiserie artizanale, cu fermenta\u021bie lent\u0103 \u0219i gust autentic.\u201d\",\"breadcrumb\":{\"@id\":\"https:\\\/\\\/gustoitaliano.md\\\/product\\\/lievi-pizza-maia-naturala-in-pulbere-10-kg\\\/#breadcrumb\"},\"inLanguage\":\"ru-RU\",\"potentialAction\":[{\"@type\":\"ReadAction\",\"target\":[\"https:\\\/\\\/gustoitaliano.md\\\/product\\\/lievi-pizza-maia-naturala-in-pulbere-10-kg\\\/\"]}]},{\"@type\":\"ImageObject\",\"inLanguage\":\"ru-RU\",\"@id\":\"https:\\\/\\\/gustoitaliano.md\\\/product\\\/lievi-pizza-maia-naturala-in-pulbere-10-kg\\\/#primaryimage\",\"url\":\"https:\\\/\\\/gustoitaliano.md\\\/wp-content\\\/uploads\\\/2025\\\/03\\\/INFIBRA_lievi_pane.webp\",\"contentUrl\":\"https:\\\/\\\/gustoitaliano.md\\\/wp-content\\\/uploads\\\/2025\\\/03\\\/INFIBRA_lievi_pane.webp\",\"width\":740,\"height\":820},{\"@type\":\"BreadcrumbList\",\"@id\":\"https:\\\/\\\/gustoitaliano.md\\\/product\\\/lievi-pizza-maia-naturala-in-pulbere-10-kg\\\/#breadcrumb\",\"itemListElement\":[{\"@type\":\"ListItem\",\"position\":1,\"name\":\"Prima pagin\u0103\",\"item\":\"https:\\\/\\\/gustoitaliano.md\\\/\"},{\"@type\":\"ListItem\",\"position\":2,\"name\":\"Magazin\",\"item\":\"https:\\\/\\\/gustoitaliano.md\\\/ro\\\/magazin\\\/\"},{\"@type\":\"ListItem\",\"position\":3,\"name\":\"F\u0103ina Denti\",\"item\":\"https:\\\/\\\/gustoitaliano.md\\\/product-category\\\/faina-denti\\\/\"},{\"@type\":\"ListItem\",\"position\":4,\"name\":\"Faina selectionata 1 kg\",\"item\":\"https:\\\/\\\/gustoitaliano.md\\\/product-category\\\/faina-denti\\\/faina-selectionata-1-5-kg\\\/\"},{\"@type\":\"ListItem\",\"position\":5,\"name\":\"Lievi Pane \\\/ Maia naturala in pulbere 10 kg\"}]},{\"@type\":\"WebSite\",\"@id\":\"https:\\\/\\\/gustoitaliano.md\\\/ro\\\/#website\",\"url\":\"https:\\\/\\\/gustoitaliano.md\\\/ro\\\/\",\"name\":\"Gusto Italiano\",\"description\":\"Produse Autentice Italiene\",\"publisher\":{\"@id\":\"https:\\\/\\\/gustoitaliano.md\\\/ro\\\/#organization\"},\"potentialAction\":[{\"@type\":\"SearchAction\",\"target\":{\"@type\":\"EntryPoint\",\"urlTemplate\":\"https:\\\/\\\/gustoitaliano.md\\\/ro\\\/?s={search_term_string}\"},\"query-input\":{\"@type\":\"PropertyValueSpecification\",\"valueRequired\":true,\"valueName\":\"search_term_string\"}}],\"inLanguage\":\"ru-RU\"},{\"@type\":\"Organization\",\"@id\":\"https:\\\/\\\/gustoitaliano.md\\\/ro\\\/#organization\",\"name\":\"Gusto Italiano\",\"alternateName\":\"Golden Gates SRL\",\"url\":\"https:\\\/\\\/gustoitaliano.md\\\/ro\\\/\",\"logo\":{\"@type\":\"ImageObject\",\"inLanguage\":\"ru-RU\",\"@id\":\"https:\\\/\\\/gustoitaliano.md\\\/ro\\\/#\\\/schema\\\/logo\\\/image\\\/\",\"url\":\"https:\\\/\\\/gustoitaliano.md\\\/wp-content\\\/uploads\\\/2025\\\/05\\\/logo-gusutoitaliano-2-2.png\",\"contentUrl\":\"https:\\\/\\\/gustoitaliano.md\\\/wp-content\\\/uploads\\\/2025\\\/05\\\/logo-gusutoitaliano-2-2.png\",\"width\":180,\"height\":180,\"caption\":\"Gusto Italiano\"},\"image\":{\"@id\":\"https:\\\/\\\/gustoitaliano.md\\\/ro\\\/#\\\/schema\\\/logo\\\/image\\\/\"},\"sameAs\":[\"https:\\\/\\\/www.facebook.com\\\/GoldenGates.Moldova\"]}]}<\/script>\n<!-- \/ Yoast SEO Premium plugin. -->","yoast_head_json":{"title":"Lievi Pane \/ Maia naturala in pulbere 10 kg - Gusto Italiano","description":"\u201eLievito Madre \u2013 drojdie natural\u0103 activ\u0103, ideal\u0103 pentru p\u00e2ine, pizza \u0219i produse de patiserie artizanale, cu fermenta\u021bie lent\u0103 \u0219i gust autentic.\u201d","robots":{"index":"index","follow":"follow","max-snippet":"max-snippet:-1","max-image-preview":"max-image-preview:large","max-video-preview":"max-video-preview:-1"},"canonical":"https:\/\/gustoitaliano.md\/ru\/product\/lievi-pizza-maia-naturala-in-pulbere-10-kg\/","og_locale":"ru_RU","og_type":"article","og_title":"Lievi Pane \/ Maia naturala in pulbere 10 kg","og_description":"\u201eLievito Madre \u2013 drojdie natural\u0103 activ\u0103, ideal\u0103 pentru p\u00e2ine, pizza \u0219i produse de patiserie artizanale, cu fermenta\u021bie lent\u0103 \u0219i gust autentic.\u201d","og_url":"https:\/\/gustoitaliano.md\/ru\/product\/lievi-pizza-maia-naturala-in-pulbere-10-kg\/","og_site_name":"Gusto Italiano","article_publisher":"https:\/\/www.facebook.com\/GoldenGates.Moldova","article_modified_time":"2026-03-17T07:07:27+00:00","og_image":[{"width":740,"height":820,"url":"https:\/\/gustoitaliano.md\/wp-content\/uploads\/2025\/03\/INFIBRA_lievi_pane.webp","type":"image\/webp"}],"twitter_card":"summary_large_image","twitter_misc":{"\u041f\u0440\u0438\u043c\u0435\u0440\u043d\u043e\u0435 \u0432\u0440\u0435\u043c\u044f \u0434\u043b\u044f \u0447\u0442\u0435\u043d\u0438\u044f":"1 \u043c\u0438\u043d\u0443\u0442\u0430"},"schema":{"@context":"https:\/\/schema.org","@graph":[{"@type":"WebPage","@id":"https:\/\/gustoitaliano.md\/product\/lievi-pizza-maia-naturala-in-pulbere-10-kg\/","url":"https:\/\/gustoitaliano.md\/product\/lievi-pizza-maia-naturala-in-pulbere-10-kg\/","name":"Lievi Pane \/ Maia naturala in pulbere 10 kg - Gusto Italiano","isPartOf":{"@id":"https:\/\/gustoitaliano.md\/ro\/#website"},"primaryImageOfPage":{"@id":"https:\/\/gustoitaliano.md\/product\/lievi-pizza-maia-naturala-in-pulbere-10-kg\/#primaryimage"},"image":{"@id":"https:\/\/gustoitaliano.md\/product\/lievi-pizza-maia-naturala-in-pulbere-10-kg\/#primaryimage"},"thumbnailUrl":"https:\/\/gustoitaliano.md\/wp-content\/uploads\/2025\/03\/INFIBRA_lievi_pane.webp","datePublished":"2025-03-21T15:00:03+00:00","dateModified":"2026-03-17T07:07:27+00:00","description":"\u201eLievito Madre \u2013 drojdie natural\u0103 activ\u0103, ideal\u0103 pentru p\u00e2ine, pizza \u0219i produse de patiserie artizanale, cu fermenta\u021bie lent\u0103 \u0219i gust autentic.\u201d","breadcrumb":{"@id":"https:\/\/gustoitaliano.md\/product\/lievi-pizza-maia-naturala-in-pulbere-10-kg\/#breadcrumb"},"inLanguage":"ru-RU","potentialAction":[{"@type":"ReadAction","target":["https:\/\/gustoitaliano.md\/product\/lievi-pizza-maia-naturala-in-pulbere-10-kg\/"]}]},{"@type":"ImageObject","inLanguage":"ru-RU","@id":"https:\/\/gustoitaliano.md\/product\/lievi-pizza-maia-naturala-in-pulbere-10-kg\/#primaryimage","url":"https:\/\/gustoitaliano.md\/wp-content\/uploads\/2025\/03\/INFIBRA_lievi_pane.webp","contentUrl":"https:\/\/gustoitaliano.md\/wp-content\/uploads\/2025\/03\/INFIBRA_lievi_pane.webp","width":740,"height":820},{"@type":"BreadcrumbList","@id":"https:\/\/gustoitaliano.md\/product\/lievi-pizza-maia-naturala-in-pulbere-10-kg\/#breadcrumb","itemListElement":[{"@type":"ListItem","position":1,"name":"Prima pagin\u0103","item":"https:\/\/gustoitaliano.md\/"},{"@type":"ListItem","position":2,"name":"Magazin","item":"https:\/\/gustoitaliano.md\/ro\/magazin\/"},{"@type":"ListItem","position":3,"name":"F\u0103ina Denti","item":"https:\/\/gustoitaliano.md\/product-category\/faina-denti\/"},{"@type":"ListItem","position":4,"name":"Faina selectionata 1 kg","item":"https:\/\/gustoitaliano.md\/product-category\/faina-denti\/faina-selectionata-1-5-kg\/"},{"@type":"ListItem","position":5,"name":"Lievi Pane \/ Maia naturala in pulbere 10 kg"}]},{"@type":"WebSite","@id":"https:\/\/gustoitaliano.md\/ro\/#website","url":"https:\/\/gustoitaliano.md\/ro\/","name":"Gusto Italiano","description":"\u0410\u0443\u0442\u0435\u043d\u0442\u0438\u0447\u043d\u044b\u0435 \u0438\u0442\u0430\u043b\u044c\u044f\u043d\u0441\u043a\u0438\u0435 \u043f\u0440\u043e\u0434\u0443\u043a\u0442\u044b","publisher":{"@id":"https:\/\/gustoitaliano.md\/ro\/#organization"},"potentialAction":[{"@type":"SearchAction","target":{"@type":"EntryPoint","urlTemplate":"https:\/\/gustoitaliano.md\/ro\/?s={search_term_string}"},"query-input":{"@type":"PropertyValueSpecification","valueRequired":true,"valueName":"search_term_string"}}],"inLanguage":"ru-RU"},{"@type":"Organization","@id":"https:\/\/gustoitaliano.md\/ro\/#organization","name":"Gusto Italiano","alternateName":"Golden Gates SRL","url":"https:\/\/gustoitaliano.md\/ro\/","logo":{"@type":"ImageObject","inLanguage":"ru-RU","@id":"https:\/\/gustoitaliano.md\/ro\/#\/schema\/logo\/image\/","url":"https:\/\/gustoitaliano.md\/wp-content\/uploads\/2025\/05\/logo-gusutoitaliano-2-2.png","contentUrl":"https:\/\/gustoitaliano.md\/wp-content\/uploads\/2025\/05\/logo-gusutoitaliano-2-2.png","width":180,"height":180,"caption":"Gusto Italiano"},"image":{"@id":"https:\/\/gustoitaliano.md\/ro\/#\/schema\/logo\/image\/"},"sameAs":["https:\/\/www.facebook.com\/GoldenGates.Moldova"]}]}},"_links":{"self":[{"href":"https:\/\/gustoitaliano.md\/ru\/wp-json\/wp\/v2\/product\/48060","targetHints":{"allow":["GET"]}}],"collection":[{"href":"https:\/\/gustoitaliano.md\/ru\/wp-json\/wp\/v2\/product"}],"about":[{"href":"https:\/\/gustoitaliano.md\/ru\/wp-json\/wp\/v2\/types\/product"}],"version-history":[{"count":0,"href":"https:\/\/gustoitaliano.md\/ru\/wp-json\/wp\/v2\/product\/48060\/revisions"}],"wp:featuredmedia":[{"embeddable":true,"href":"https:\/\/gustoitaliano.md\/ru\/wp-json\/wp\/v2\/media\/48062"}],"wp:attachment":[{"href":"https:\/\/gustoitaliano.md\/ru\/wp-json\/wp\/v2\/media?parent=48060"}],"wp:term":[{"taxonomy":"product_brand","embeddable":true,"href":"https:\/\/gustoitaliano.md\/ru\/wp-json\/wp\/v2\/product_brand?post=48060"},{"taxonomy":"product_cat","embeddable":true,"href":"https:\/\/gustoitaliano.md\/ru\/wp-json\/wp\/v2\/product_cat?post=48060"},{"taxonomy":"product_tag","embeddable":true,"href":"https:\/\/gustoitaliano.md\/ru\/wp-json\/wp\/v2\/product_tag?post=48060"}],"curies":[{"name":"wp","href":"https:\/\/api.w.org\/{rel}","templated":true}]}}