{"id":48065,"date":"2025-03-21T17:05:34","date_gmt":"2025-03-21T15:05:34","guid":{"rendered":"https:\/\/gustoitaliano.md\/?post_type=product&#038;p=48065"},"modified":"2025-04-23T16:32:50","modified_gmt":"2025-04-23T13:32:50","slug":"lievi-pizza-maia-naturala-in-pulbere-deshidratata-10-kg","status":"publish","type":"product","link":"https:\/\/gustoitaliano.md\/ru\/product\/lievi-pizza-maia-naturala-in-pulbere-deshidratata-10-kg\/","title":{"rendered":"Lievi Pizza \/ \u041d\u0430\u0442\u0443\u0440\u0430\u043b\u044c\u043d\u0430\u044f \u0437\u0430\u043a\u0432\u0430\u0441\u043a\u0430 \u0432 \u043f\u043e\u0440\u043e\u0448\u043a\u0435 (\u0441\u0443\u0445\u0430\u044f) 10 \u043a\u0433"},"content":{"rendered":"<h3 data-start=\"431\" data-end=\"469\">\ud83d\udc68\u200d\ud83c\udf73 <strong data-start=\"441\" data-end=\"467\">\u041e\u043f\u0438\u0441\u0430\u043d\u0438\u0435 \u0441\u0430\u0439\u0442\u0430:<\/strong><\/h3>\n<p data-start=\"470\" data-end=\"826\"><strong data-start=\"470\" data-end=\"485\">\u041b\u0435\u0433\u043a\u0430\u044f \u043f\u0438\u0446\u0446\u0430<\/strong> \u044d\u0442\u043e <strong data-start=\"493\" data-end=\"538\">\u041d\u0430\u0442\u0443\u0440\u0430\u043b\u044c\u043d\u044b\u0439 \u043f\u043e\u0440\u043e\u0448\u043e\u043a \u043c\u0430\u0439\u0438 (10 \u043a\u0433)<\/strong>\u041f\u043e\u043b\u0443\u0447\u0435\u043d\u043d\u0430\u044f \u043f\u0443\u0442\u0435\u043c \u0434\u0435\u0433\u0438\u0434\u0440\u0430\u0442\u0430\u0446\u0438\u0438 \u0436\u0438\u0432\u043e\u0439 \u043a\u0443\u043a\u0443\u0440\u0443\u0437\u043d\u043e\u0439 \u043c\u0443\u043a\u0438, \u043e\u043d\u0430 \u0438\u0434\u0435\u0430\u043b\u044c\u043d\u043e \u043f\u043e\u0434\u0445\u043e\u0434\u0438\u0442 \u0434\u043b\u044f \u043f\u0440\u043e\u0444\u0435\u0441\u0441\u0438\u043e\u043d\u0430\u043b\u044c\u043d\u043e\u0439 \u0432\u044b\u043f\u0435\u0447\u043a\u0438. \u0418\u0434\u0435\u0430\u043b\u044c\u043d\u043e \u043f\u043e\u0434\u0445\u043e\u0434\u0438\u0442 \u0434\u043b\u044f <strong data-start=\"637\" data-end=\"679\">\u0422\u0435\u0441\u0442\u043e \u0434\u043b\u044f \u043f\u0438\u0446\u0446\u044b \u043c\u0435\u0434\u043b\u0435\u043d\u043d\u043e\u0433\u043e \u0431\u0440\u043e\u0436\u0435\u043d\u0438\u044f<\/strong>\u042d\u0442\u0438 \u043d\u0430\u0442\u0443\u0440\u0430\u043b\u044c\u043d\u044b\u0435 \u0434\u0440\u043e\u0436\u0436\u0438 \u043f\u0440\u0438\u0434\u0430\u044e\u0442 \u0430\u0443\u0442\u0435\u043d\u0442\u0438\u0447\u043d\u044b\u0439 \u0432\u043a\u0443\u0441, \u043f\u0440\u0443\u0436\u0438\u043d\u0438\u0441\u0442\u0443\u044e \u0442\u0435\u043a\u0441\u0442\u0443\u0440\u0443 \u0438 \u043b\u0435\u0433\u043a\u043e\u0443\u0441\u0432\u043e\u044f\u0435\u043c\u043e\u0435 \u0442\u0435\u0441\u0442\u043e - \u043a\u0430\u043a \u0432 \u0442\u0440\u0430\u0434\u0438\u0446\u0438\u043e\u043d\u043d\u044b\u0445 \u043f\u0438\u0446\u0446\u0435\u0440\u0438\u044f\u0445 \u041d\u0435\u0430\u043f\u043e\u043b\u044f.<\/p>\n<p data-start=\"828\" data-end=\"1099\">\u041e\u0442\u043b\u0438\u0447\u043d\u043e \u0441\u043e\u0447\u0435\u0442\u0430\u0435\u0442\u0441\u044f \u0441 <strong data-start=\"851\" data-end=\"880\">\u043c\u0443\u043a\u0430 \u0442\u0438\u043f\u0430 0 \u0438\u043b\u0438 00<\/strong>, \u0434\u043e\u0431\u0430\u0432\u043b\u044f\u044f \u0433\u043b\u0443\u0431\u0438\u043d\u0443 \u0432\u043a\u0443\u0441\u0430 \u0438 \u0434\u043e\u043f\u043e\u043b\u043d\u0438\u0442\u0435\u043b\u044c\u043d\u0443\u044e \u044d\u043b\u0430\u0441\u0442\u0438\u0447\u043d\u043e\u0441\u0442\u044c \u0442\u0435\u0441\u0442\u0443. \u0412 \u043e\u0442\u043b\u0438\u0447\u0438\u0435 \u043e\u0442 \u0442\u0440\u0430\u0434\u0438\u0446\u0438\u043e\u043d\u043d\u044b\u0445 \u0434\u0440\u043e\u0436\u0436\u0435\u0439, <strong data-start=\"984\" data-end=\"999\">\u041b\u0435\u0433\u043a\u0430\u044f \u043f\u0438\u0446\u0446\u0430<\/strong> \u041c\u0435\u0434\u043b\u0435\u043d\u043d\u043e\u0435 \u0434\u0435\u0439\u0441\u0442\u0432\u0438\u0435, \u0434\u0430\u044e\u0449\u0435\u0435 \u0442\u0435\u0441\u0442\u0443 \u0432\u0440\u0435\u043c\u044f \u0441\u043e\u0437\u0440\u0435\u0442\u044c \u0438 \u0440\u0430\u0437\u0432\u0438\u0442\u044c \u0441\u043b\u043e\u0436\u043d\u044b\u0439 \u0432\u043a\u0443\u0441\u043e\u0432\u043e\u0439 \u043f\u0440\u043e\u0444\u0438\u043b\u044c.<\/p>\n<hr data-start=\"1101\" data-end=\"1104\" \/>\n<h3 data-start=\"1106\" data-end=\"1133\">\ud83c\udf55 \u0420\u0435\u043a\u043e\u043c\u0435\u043d\u0434\u0430\u0446\u0438\u0438 \u043f\u043e \u0438\u0441\u043f\u043e\u043b\u044c\u0437\u043e\u0432\u0430\u043d\u0438\u044e:<\/h3>\n<p data-start=\"1134\" data-end=\"1369\">\u0414\u043b\u044f \u043a\u043b\u0430\u0441\u0441\u0438\u0447\u0435\u0441\u043a\u043e\u0433\u043e \u0442\u0435\u0441\u0442\u0430 \u0434\u043b\u044f \u043f\u0438\u0446\u0446\u044b \u0438\u0441\u043f\u043e\u043b\u044c\u0437\u0443\u0439\u0442\u0435 1-2% <strong data-start=\"1182\" data-end=\"1197\">\u041b\u0435\u0433\u043a\u0430\u044f \u043f\u0438\u0446\u0446\u0430<\/strong> \u043f\u043e \u043e\u0442\u043d\u043e\u0448\u0435\u043d\u0438\u044e \u043a \u043a\u043e\u043b\u0438\u0447\u0435\u0441\u0442\u0432\u0443 \u043c\u0443\u043a\u0438. \u041e\u0441\u0442\u0430\u0432\u044c\u0442\u0435 \u0442\u0435\u0441\u0442\u043e \u043f\u043e\u0434\u043d\u0438\u043c\u0430\u0442\u044c\u0441\u044f \u043d\u0430 12-24 \u0447\u0430\u0441\u0430 \u0432 \u0445\u043e\u043b\u043e\u0434\u043d\u043e\u043c \u043c\u0435\u0441\u0442\u0435. \u041f\u043e\u0434\u0430\u0432\u0430\u0439\u0442\u0435 \u043f\u0438\u0446\u0446\u0443 \u0441 <strong data-start=\"1288\" data-end=\"1308\">\u0442\u043e\u043c\u0430\u0442\u043d\u0430\u044f \u043f\u0430\u0441\u0441\u0430\u0442\u0430<\/strong> \u0438 <strong data-start=\"1312\" data-end=\"1340\">\u043c\u043e\u0446\u0430\u0440\u0435\u043b\u043b\u0430 \u0444\u044c\u043e\u0440 \u0434\u0438 \u043b\u0430\u0442\u0442\u0435<\/strong> \u0434\u043b\u044f 100% \u0438\u0442\u0430\u043b\u044c\u044f\u043d\u0441\u043a\u043e\u0433\u043e \u0432\u043a\u0443\u0441\u0430!<\/p>","protected":false},"excerpt":{"rendered":"<p>\ud83d\udc68\u200d\ud83c\udf73 Descriere pentru site: Lievi Pizza este o maia natural\u0103 \u00een form\u0103 de pulbere (10 kg), ob\u021binut\u0103 prin deshidratarea maielei<\/p>","protected":false},"featured_media":48066,"template":"","meta":[],"product_brand":[2411],"product_cat":[2349,2412],"product_tag":[2419],"class_list":{"0":"post-48065","1":"product","2":"type-product","3":"status-publish","4":"has-post-thumbnail","6":"product_brand-denti","7":"product_cat-faina-denti","8":"product_cat-linia-pizza","9":"product_tag-horeca","11":"first","12":"instock","13":"taxable","14":"shipping-taxable","15":"purchasable","16":"product-type-simple"},"yoast_head":"<!-- This site is optimized with the Yoast SEO Premium plugin v26.5 (Yoast SEO v27.4) - https:\/\/yoast.com\/product\/yoast-seo-premium-wordpress\/ -->\n<title>Lievi Pizza \/ Maia naturala in pulbere (deshidratata) 10 kg - Gusto Italiano<\/title>\n<meta name=\"description\" content=\"\u201eLievi Pizza \u2013 maia natural\u0103 \u00een pulbere, ideal\u0103 pentru pizza artizanal\u0103 cu aluat maturat, arom\u0103 autentic\u0103 \u0219i digestibilitate excelent\u0103.\u201d\" \/>\n<meta name=\"robots\" content=\"index, follow, max-snippet:-1, max-image-preview:large, max-video-preview:-1\" \/>\n<link rel=\"canonical\" href=\"https:\/\/gustoitaliano.md\/ru\/product\/lievi-pizza-maia-naturala-in-pulbere-deshidratata-10-kg\/\" \/>\n<meta property=\"og:locale\" content=\"ru_RU\" \/>\n<meta property=\"og:type\" content=\"article\" \/>\n<meta property=\"og:title\" content=\"Lievi Pizza \/ Maia naturala in pulbere (deshidratata) 10 kg\" \/>\n<meta property=\"og:description\" content=\"\u201eLievi Pizza \u2013 maia natural\u0103 \u00een pulbere, ideal\u0103 pentru pizza artizanal\u0103 cu aluat maturat, arom\u0103 autentic\u0103 \u0219i digestibilitate excelent\u0103.\u201d\" \/>\n<meta property=\"og:url\" content=\"https:\/\/gustoitaliano.md\/ru\/product\/lievi-pizza-maia-naturala-in-pulbere-deshidratata-10-kg\/\" \/>\n<meta property=\"og:site_name\" content=\"Gusto Italiano\" \/>\n<meta property=\"article:publisher\" content=\"https:\/\/www.facebook.com\/GoldenGates.Moldova\" \/>\n<meta property=\"article:modified_time\" content=\"2025-04-23T13:32:50+00:00\" \/>\n<meta property=\"og:image\" content=\"https:\/\/gustoitaliano.md\/wp-content\/uploads\/2025\/03\/INFIBRA_lievi_pizza.webp\" \/>\n\t<meta property=\"og:image:width\" content=\"740\" \/>\n\t<meta property=\"og:image:height\" content=\"820\" \/>\n\t<meta property=\"og:image:type\" content=\"image\/webp\" \/>\n<meta name=\"twitter:card\" content=\"summary_large_image\" \/>\n<meta name=\"twitter:label1\" content=\"\u041f\u0440\u0438\u043c\u0435\u0440\u043d\u043e\u0435 \u0432\u0440\u0435\u043c\u044f \u0434\u043b\u044f \u0447\u0442\u0435\u043d\u0438\u044f\" \/>\n\t<meta name=\"twitter:data1\" content=\"1 \u043c\u0438\u043d\u0443\u0442\u0430\" \/>\n<script type=\"application\/ld+json\" class=\"yoast-schema-graph\">{\"@context\":\"https:\\\/\\\/schema.org\",\"@graph\":[{\"@type\":\"WebPage\",\"@id\":\"https:\\\/\\\/gustoitaliano.md\\\/product\\\/lievi-pizza-maia-naturala-in-pulbere-deshidratata-10-kg\\\/\",\"url\":\"https:\\\/\\\/gustoitaliano.md\\\/product\\\/lievi-pizza-maia-naturala-in-pulbere-deshidratata-10-kg\\\/\",\"name\":\"Lievi Pizza \\\/ Maia naturala in pulbere (deshidratata) 10 kg - Gusto Italiano\",\"isPartOf\":{\"@id\":\"https:\\\/\\\/gustoitaliano.md\\\/ro\\\/#website\"},\"primaryImageOfPage\":{\"@id\":\"https:\\\/\\\/gustoitaliano.md\\\/product\\\/lievi-pizza-maia-naturala-in-pulbere-deshidratata-10-kg\\\/#primaryimage\"},\"image\":{\"@id\":\"https:\\\/\\\/gustoitaliano.md\\\/product\\\/lievi-pizza-maia-naturala-in-pulbere-deshidratata-10-kg\\\/#primaryimage\"},\"thumbnailUrl\":\"https:\\\/\\\/gustoitaliano.md\\\/wp-content\\\/uploads\\\/2025\\\/03\\\/INFIBRA_lievi_pizza.webp\",\"datePublished\":\"2025-03-21T15:05:34+00:00\",\"dateModified\":\"2025-04-23T13:32:50+00:00\",\"description\":\"\u201eLievi Pizza \u2013 maia natural\u0103 \u00een pulbere, ideal\u0103 pentru pizza artizanal\u0103 cu aluat maturat, arom\u0103 autentic\u0103 \u0219i digestibilitate excelent\u0103.\u201d\",\"breadcrumb\":{\"@id\":\"https:\\\/\\\/gustoitaliano.md\\\/product\\\/lievi-pizza-maia-naturala-in-pulbere-deshidratata-10-kg\\\/#breadcrumb\"},\"inLanguage\":\"ru-RU\",\"potentialAction\":[{\"@type\":\"ReadAction\",\"target\":[\"https:\\\/\\\/gustoitaliano.md\\\/product\\\/lievi-pizza-maia-naturala-in-pulbere-deshidratata-10-kg\\\/\"]}]},{\"@type\":\"ImageObject\",\"inLanguage\":\"ru-RU\",\"@id\":\"https:\\\/\\\/gustoitaliano.md\\\/product\\\/lievi-pizza-maia-naturala-in-pulbere-deshidratata-10-kg\\\/#primaryimage\",\"url\":\"https:\\\/\\\/gustoitaliano.md\\\/wp-content\\\/uploads\\\/2025\\\/03\\\/INFIBRA_lievi_pizza.webp\",\"contentUrl\":\"https:\\\/\\\/gustoitaliano.md\\\/wp-content\\\/uploads\\\/2025\\\/03\\\/INFIBRA_lievi_pizza.webp\",\"width\":740,\"height\":820},{\"@type\":\"BreadcrumbList\",\"@id\":\"https:\\\/\\\/gustoitaliano.md\\\/product\\\/lievi-pizza-maia-naturala-in-pulbere-deshidratata-10-kg\\\/#breadcrumb\",\"itemListElement\":[{\"@type\":\"ListItem\",\"position\":1,\"name\":\"Prima pagin\u0103\",\"item\":\"https:\\\/\\\/gustoitaliano.md\\\/\"},{\"@type\":\"ListItem\",\"position\":2,\"name\":\"Magazin\",\"item\":\"https:\\\/\\\/gustoitaliano.md\\\/ro\\\/magazin\\\/\"},{\"@type\":\"ListItem\",\"position\":3,\"name\":\"F\u0103ina Denti\",\"item\":\"https:\\\/\\\/gustoitaliano.md\\\/product-category\\\/faina-denti\\\/\"},{\"@type\":\"ListItem\",\"position\":4,\"name\":\"Lievi Pizza \\\/ Maia naturala in pulbere (deshidratata) 10 kg\"}]},{\"@type\":\"WebSite\",\"@id\":\"https:\\\/\\\/gustoitaliano.md\\\/ro\\\/#website\",\"url\":\"https:\\\/\\\/gustoitaliano.md\\\/ro\\\/\",\"name\":\"Gusto Italiano\",\"description\":\"Produse Autentice Italiene\",\"publisher\":{\"@id\":\"https:\\\/\\\/gustoitaliano.md\\\/ro\\\/#organization\"},\"potentialAction\":[{\"@type\":\"SearchAction\",\"target\":{\"@type\":\"EntryPoint\",\"urlTemplate\":\"https:\\\/\\\/gustoitaliano.md\\\/ro\\\/?s={search_term_string}\"},\"query-input\":{\"@type\":\"PropertyValueSpecification\",\"valueRequired\":true,\"valueName\":\"search_term_string\"}}],\"inLanguage\":\"ru-RU\"},{\"@type\":\"Organization\",\"@id\":\"https:\\\/\\\/gustoitaliano.md\\\/ro\\\/#organization\",\"name\":\"Gusto Italiano\",\"alternateName\":\"Golden Gates SRL\",\"url\":\"https:\\\/\\\/gustoitaliano.md\\\/ro\\\/\",\"logo\":{\"@type\":\"ImageObject\",\"inLanguage\":\"ru-RU\",\"@id\":\"https:\\\/\\\/gustoitaliano.md\\\/ro\\\/#\\\/schema\\\/logo\\\/image\\\/\",\"url\":\"https:\\\/\\\/gustoitaliano.md\\\/wp-content\\\/uploads\\\/2025\\\/05\\\/logo-gusutoitaliano-2-2.png\",\"contentUrl\":\"https:\\\/\\\/gustoitaliano.md\\\/wp-content\\\/uploads\\\/2025\\\/05\\\/logo-gusutoitaliano-2-2.png\",\"width\":180,\"height\":180,\"caption\":\"Gusto Italiano\"},\"image\":{\"@id\":\"https:\\\/\\\/gustoitaliano.md\\\/ro\\\/#\\\/schema\\\/logo\\\/image\\\/\"},\"sameAs\":[\"https:\\\/\\\/www.facebook.com\\\/GoldenGates.Moldova\"]}]}<\/script>\n<!-- \/ Yoast SEO Premium plugin. -->","yoast_head_json":{"title":"Lievi Pizza \/ Maia naturala in pulbere (deshidratata) 10 kg - Gusto Italiano","description":"\u201eLievi Pizza \u2013 maia natural\u0103 \u00een pulbere, ideal\u0103 pentru pizza artizanal\u0103 cu aluat maturat, arom\u0103 autentic\u0103 \u0219i digestibilitate excelent\u0103.\u201d","robots":{"index":"index","follow":"follow","max-snippet":"max-snippet:-1","max-image-preview":"max-image-preview:large","max-video-preview":"max-video-preview:-1"},"canonical":"https:\/\/gustoitaliano.md\/ru\/product\/lievi-pizza-maia-naturala-in-pulbere-deshidratata-10-kg\/","og_locale":"ru_RU","og_type":"article","og_title":"Lievi Pizza \/ Maia naturala in pulbere (deshidratata) 10 kg","og_description":"\u201eLievi Pizza \u2013 maia natural\u0103 \u00een pulbere, ideal\u0103 pentru pizza artizanal\u0103 cu aluat maturat, arom\u0103 autentic\u0103 \u0219i digestibilitate excelent\u0103.\u201d","og_url":"https:\/\/gustoitaliano.md\/ru\/product\/lievi-pizza-maia-naturala-in-pulbere-deshidratata-10-kg\/","og_site_name":"Gusto Italiano","article_publisher":"https:\/\/www.facebook.com\/GoldenGates.Moldova","article_modified_time":"2025-04-23T13:32:50+00:00","og_image":[{"width":740,"height":820,"url":"https:\/\/gustoitaliano.md\/wp-content\/uploads\/2025\/03\/INFIBRA_lievi_pizza.webp","type":"image\/webp"}],"twitter_card":"summary_large_image","twitter_misc":{"\u041f\u0440\u0438\u043c\u0435\u0440\u043d\u043e\u0435 \u0432\u0440\u0435\u043c\u044f \u0434\u043b\u044f \u0447\u0442\u0435\u043d\u0438\u044f":"1 \u043c\u0438\u043d\u0443\u0442\u0430"},"schema":{"@context":"https:\/\/schema.org","@graph":[{"@type":"WebPage","@id":"https:\/\/gustoitaliano.md\/product\/lievi-pizza-maia-naturala-in-pulbere-deshidratata-10-kg\/","url":"https:\/\/gustoitaliano.md\/product\/lievi-pizza-maia-naturala-in-pulbere-deshidratata-10-kg\/","name":"Lievi Pizza \/ Maia naturala in pulbere (deshidratata) 10 kg - Gusto Italiano","isPartOf":{"@id":"https:\/\/gustoitaliano.md\/ro\/#website"},"primaryImageOfPage":{"@id":"https:\/\/gustoitaliano.md\/product\/lievi-pizza-maia-naturala-in-pulbere-deshidratata-10-kg\/#primaryimage"},"image":{"@id":"https:\/\/gustoitaliano.md\/product\/lievi-pizza-maia-naturala-in-pulbere-deshidratata-10-kg\/#primaryimage"},"thumbnailUrl":"https:\/\/gustoitaliano.md\/wp-content\/uploads\/2025\/03\/INFIBRA_lievi_pizza.webp","datePublished":"2025-03-21T15:05:34+00:00","dateModified":"2025-04-23T13:32:50+00:00","description":"\u201eLievi Pizza \u2013 maia natural\u0103 \u00een pulbere, ideal\u0103 pentru pizza artizanal\u0103 cu aluat maturat, arom\u0103 autentic\u0103 \u0219i digestibilitate excelent\u0103.\u201d","breadcrumb":{"@id":"https:\/\/gustoitaliano.md\/product\/lievi-pizza-maia-naturala-in-pulbere-deshidratata-10-kg\/#breadcrumb"},"inLanguage":"ru-RU","potentialAction":[{"@type":"ReadAction","target":["https:\/\/gustoitaliano.md\/product\/lievi-pizza-maia-naturala-in-pulbere-deshidratata-10-kg\/"]}]},{"@type":"ImageObject","inLanguage":"ru-RU","@id":"https:\/\/gustoitaliano.md\/product\/lievi-pizza-maia-naturala-in-pulbere-deshidratata-10-kg\/#primaryimage","url":"https:\/\/gustoitaliano.md\/wp-content\/uploads\/2025\/03\/INFIBRA_lievi_pizza.webp","contentUrl":"https:\/\/gustoitaliano.md\/wp-content\/uploads\/2025\/03\/INFIBRA_lievi_pizza.webp","width":740,"height":820},{"@type":"BreadcrumbList","@id":"https:\/\/gustoitaliano.md\/product\/lievi-pizza-maia-naturala-in-pulbere-deshidratata-10-kg\/#breadcrumb","itemListElement":[{"@type":"ListItem","position":1,"name":"Prima pagin\u0103","item":"https:\/\/gustoitaliano.md\/"},{"@type":"ListItem","position":2,"name":"Magazin","item":"https:\/\/gustoitaliano.md\/ro\/magazin\/"},{"@type":"ListItem","position":3,"name":"F\u0103ina Denti","item":"https:\/\/gustoitaliano.md\/product-category\/faina-denti\/"},{"@type":"ListItem","position":4,"name":"Lievi Pizza \/ Maia naturala in pulbere (deshidratata) 10 kg"}]},{"@type":"WebSite","@id":"https:\/\/gustoitaliano.md\/ro\/#website","url":"https:\/\/gustoitaliano.md\/ro\/","name":"Gusto Italiano","description":"\u0410\u0443\u0442\u0435\u043d\u0442\u0438\u0447\u043d\u044b\u0435 \u0438\u0442\u0430\u043b\u044c\u044f\u043d\u0441\u043a\u0438\u0435 \u043f\u0440\u043e\u0434\u0443\u043a\u0442\u044b","publisher":{"@id":"https:\/\/gustoitaliano.md\/ro\/#organization"},"potentialAction":[{"@type":"SearchAction","target":{"@type":"EntryPoint","urlTemplate":"https:\/\/gustoitaliano.md\/ro\/?s={search_term_string}"},"query-input":{"@type":"PropertyValueSpecification","valueRequired":true,"valueName":"search_term_string"}}],"inLanguage":"ru-RU"},{"@type":"Organization","@id":"https:\/\/gustoitaliano.md\/ro\/#organization","name":"Gusto Italiano","alternateName":"Golden Gates SRL","url":"https:\/\/gustoitaliano.md\/ro\/","logo":{"@type":"ImageObject","inLanguage":"ru-RU","@id":"https:\/\/gustoitaliano.md\/ro\/#\/schema\/logo\/image\/","url":"https:\/\/gustoitaliano.md\/wp-content\/uploads\/2025\/05\/logo-gusutoitaliano-2-2.png","contentUrl":"https:\/\/gustoitaliano.md\/wp-content\/uploads\/2025\/05\/logo-gusutoitaliano-2-2.png","width":180,"height":180,"caption":"Gusto Italiano"},"image":{"@id":"https:\/\/gustoitaliano.md\/ro\/#\/schema\/logo\/image\/"},"sameAs":["https:\/\/www.facebook.com\/GoldenGates.Moldova"]}]}},"_links":{"self":[{"href":"https:\/\/gustoitaliano.md\/ru\/wp-json\/wp\/v2\/product\/48065","targetHints":{"allow":["GET"]}}],"collection":[{"href":"https:\/\/gustoitaliano.md\/ru\/wp-json\/wp\/v2\/product"}],"about":[{"href":"https:\/\/gustoitaliano.md\/ru\/wp-json\/wp\/v2\/types\/product"}],"version-history":[{"count":0,"href":"https:\/\/gustoitaliano.md\/ru\/wp-json\/wp\/v2\/product\/48065\/revisions"}],"wp:featuredmedia":[{"embeddable":true,"href":"https:\/\/gustoitaliano.md\/ru\/wp-json\/wp\/v2\/media\/48066"}],"wp:attachment":[{"href":"https:\/\/gustoitaliano.md\/ru\/wp-json\/wp\/v2\/media?parent=48065"}],"wp:term":[{"taxonomy":"product_brand","embeddable":true,"href":"https:\/\/gustoitaliano.md\/ru\/wp-json\/wp\/v2\/product_brand?post=48065"},{"taxonomy":"product_cat","embeddable":true,"href":"https:\/\/gustoitaliano.md\/ru\/wp-json\/wp\/v2\/product_cat?post=48065"},{"taxonomy":"product_tag","embeddable":true,"href":"https:\/\/gustoitaliano.md\/ru\/wp-json\/wp\/v2\/product_tag?post=48065"}],"curies":[{"name":"wp","href":"https:\/\/api.w.org\/{rel}","templated":true}]}}