{"id":48522,"date":"2025-04-16T09:40:56","date_gmt":"2025-04-16T06:40:56","guid":{"rendered":"https:\/\/gustoitaliano.md\/?post_type=product&#038;p=48522"},"modified":"2026-04-16T15:11:48","modified_gmt":"2026-04-16T12:11:48","slug":"san-benedetto-minitower-naturale-05-l-pet","status":"publish","type":"product","link":"https:\/\/gustoitaliano.md\/ru\/product\/san-benedetto-minitower-naturale-05-l-pet\/","title":{"rendered":"San Benedetto MiniTower Natural 0,5 \u043b, \u041f\u042d\u0422"},"content":{"rendered":"<p><strong data-start=\"268\" data-end=\"313\">San Benedetto MiniTower Natural 0.5L PET<\/strong> \u044d\u0442\u043e \u043f\u0440\u0438\u0440\u043e\u0434\u043d\u0430\u044f \u043d\u0435\u0433\u0430\u0437\u0438\u0440\u043e\u0432\u0430\u043d\u043d\u0430\u044f \u043c\u0438\u043d\u0435\u0440\u0430\u043b\u044c\u043d\u0430\u044f \u0432\u043e\u0434\u0430 \u0438\u0441\u043a\u043b\u044e\u0447\u0438\u0442\u0435\u043b\u044c\u043d\u043e\u0439 \u0447\u0438\u0441\u0442\u043e\u0442\u044b, \u0440\u0430\u0437\u043b\u0438\u0442\u0430\u044f \u0432 \u043a\u043e\u043c\u043f\u0430\u043a\u0442\u043d\u0443\u044e \u0438 \u0441\u043e\u0432\u0440\u0435\u043c\u0435\u043d\u043d\u0443\u044e \u041f\u042d\u0422-\u0431\u0443\u0442\u044b\u043b\u043a\u0443. \u0424\u043e\u0440\u043c\u0430\u0442 MiniTower \u0438\u0434\u0435\u0430\u043b\u0435\u043d \u0434\u043b\u044f \u0438\u043d\u0434\u0438\u0432\u0438\u0434\u0443\u0430\u043b\u044c\u043d\u043e\u0433\u043e \u043f\u043e\u0442\u0440\u0435\u0431\u043b\u0435\u043d\u0438\u044f - \u0438\u0434\u0435\u0430\u043b\u044c\u043d\u043e \u043f\u043e\u0434\u0445\u043e\u0434\u0438\u0442 \u0434\u043b\u044f \u043e\u0444\u0438\u0441\u0430, \u0448\u043a\u043e\u043b\u044b, \u0441\u043f\u043e\u0440\u0442\u0430 \u0438\u043b\u0438 \u044d\u043b\u0435\u0433\u0430\u043d\u0442\u043d\u043e\u0439 \u043f\u043e\u0434\u0430\u0447\u0438 \u0432 \u043a\u0430\u0444\u0435 \u0438 \u0440\u0435\u0441\u0442\u043e\u0440\u0430\u043d\u0430\u0445.<\/p>","protected":false},"excerpt":{"rendered":"<p>\u0423\u043f\u0430\u043a\u043e\u0432\u043a\u0430: \u043a\u043e\u0440\u043e\u0431\u043a\u0430 28 \u0448\u0442. \u0445 500 \u043c\u043b<\/p>","protected":false},"featured_media":48494,"template":"","meta":[],"product_brand":[2440],"product_cat":[2438],"product_tag":[2458],"class_list":{"0":"post-48522","1":"product","2":"type-product","3":"status-publish","4":"has-post-thumbnail","6":"product_brand-san-benedetto","7":"product_cat-apa-naturala-italiana-bauturi","8":"product_tag-apa-naturala-italiana-bauturi","10":"first","11":"instock","12":"taxable","13":"shipping-taxable","14":"purchasable","15":"product-type-simple"},"yoast_head":"<!-- This site is optimized with the Yoast SEO Premium plugin v26.5 (Yoast SEO v27.5) - https:\/\/yoast.com\/product\/yoast-seo-premium-wordpress\/ -->\n<title>San Benedetto MiniTower Naturale 0,5 L, PET - Gusto Italiano<\/title>\n<meta name=\"description\" content=\"San Benedetto MiniTower Naturale 0.5L PET \u2013 ap\u0103 plat\u0103 premium, ideal\u0103 pentru hidratare zilnic\u0103 \u00een format individual. Gust echilibrat, sticl\u0103 modern\u0103, calitate italian\u0103.\" \/>\n<meta name=\"robots\" content=\"index, follow, max-snippet:-1, max-image-preview:large, max-video-preview:-1\" \/>\n<link rel=\"canonical\" href=\"https:\/\/gustoitaliano.md\/ru\/product\/san-benedetto-minitower-naturale-05-l-pet\/\" \/>\n<meta property=\"og:locale\" content=\"ru_RU\" \/>\n<meta property=\"og:type\" content=\"article\" \/>\n<meta property=\"og:title\" content=\"San Benedetto MiniTower Naturale 0,5 L, PET\" \/>\n<meta property=\"og:description\" content=\"San Benedetto MiniTower Naturale 0.5L PET \u2013 ap\u0103 plat\u0103 premium, ideal\u0103 pentru hidratare zilnic\u0103 \u00een format individual. Gust echilibrat, sticl\u0103 modern\u0103, calitate italian\u0103.\" \/>\n<meta property=\"og:url\" content=\"https:\/\/gustoitaliano.md\/ru\/product\/san-benedetto-minitower-naturale-05-l-pet\/\" \/>\n<meta property=\"og:site_name\" content=\"Gusto Italiano\" \/>\n<meta property=\"article:publisher\" content=\"https:\/\/www.facebook.com\/GoldenGates.Moldova\" \/>\n<meta property=\"article:modified_time\" content=\"2026-04-16T12:11:48+00:00\" \/>\n<meta property=\"og:image\" content=\"https:\/\/gustoitaliano.md\/wp-content\/uploads\/2025\/04\/San_Benedetto_Naturale_0.5l_pet.png\" \/>\n\t<meta property=\"og:image:width\" content=\"433\" \/>\n\t<meta property=\"og:image:height\" content=\"577\" \/>\n\t<meta property=\"og:image:type\" content=\"image\/png\" \/>\n<meta name=\"twitter:card\" content=\"summary_large_image\" \/>\n<meta name=\"twitter:label1\" content=\"\u041f\u0440\u0438\u043c\u0435\u0440\u043d\u043e\u0435 \u0432\u0440\u0435\u043c\u044f \u0434\u043b\u044f \u0447\u0442\u0435\u043d\u0438\u044f\" \/>\n\t<meta name=\"twitter:data1\" content=\"1 \u043c\u0438\u043d\u0443\u0442\u0430\" \/>\n<script type=\"application\/ld+json\" class=\"yoast-schema-graph\">{\"@context\":\"https:\\\/\\\/schema.org\",\"@graph\":[{\"@type\":\"WebPage\",\"@id\":\"https:\\\/\\\/gustoitaliano.md\\\/product\\\/san-benedetto-minitower-naturale-05-l-pet\\\/\",\"url\":\"https:\\\/\\\/gustoitaliano.md\\\/product\\\/san-benedetto-minitower-naturale-05-l-pet\\\/\",\"name\":\"San Benedetto MiniTower Naturale 0,5 L, PET - Gusto Italiano\",\"isPartOf\":{\"@id\":\"https:\\\/\\\/gustoitaliano.md\\\/ro\\\/#website\"},\"primaryImageOfPage\":{\"@id\":\"https:\\\/\\\/gustoitaliano.md\\\/product\\\/san-benedetto-minitower-naturale-05-l-pet\\\/#primaryimage\"},\"image\":{\"@id\":\"https:\\\/\\\/gustoitaliano.md\\\/product\\\/san-benedetto-minitower-naturale-05-l-pet\\\/#primaryimage\"},\"thumbnailUrl\":\"https:\\\/\\\/gustoitaliano.md\\\/wp-content\\\/uploads\\\/2025\\\/04\\\/San_Benedetto_Naturale_0.5l_pet.png\",\"datePublished\":\"2025-04-16T06:40:56+00:00\",\"dateModified\":\"2026-04-16T12:11:48+00:00\",\"description\":\"San Benedetto MiniTower Naturale 0.5L PET \u2013 ap\u0103 plat\u0103 premium, ideal\u0103 pentru hidratare zilnic\u0103 \u00een format individual. Gust echilibrat, sticl\u0103 modern\u0103, calitate italian\u0103.\",\"breadcrumb\":{\"@id\":\"https:\\\/\\\/gustoitaliano.md\\\/product\\\/san-benedetto-minitower-naturale-05-l-pet\\\/#breadcrumb\"},\"inLanguage\":\"ru-RU\",\"potentialAction\":[{\"@type\":\"ReadAction\",\"target\":[\"https:\\\/\\\/gustoitaliano.md\\\/product\\\/san-benedetto-minitower-naturale-05-l-pet\\\/\"]}]},{\"@type\":\"ImageObject\",\"inLanguage\":\"ru-RU\",\"@id\":\"https:\\\/\\\/gustoitaliano.md\\\/product\\\/san-benedetto-minitower-naturale-05-l-pet\\\/#primaryimage\",\"url\":\"https:\\\/\\\/gustoitaliano.md\\\/wp-content\\\/uploads\\\/2025\\\/04\\\/San_Benedetto_Naturale_0.5l_pet.png\",\"contentUrl\":\"https:\\\/\\\/gustoitaliano.md\\\/wp-content\\\/uploads\\\/2025\\\/04\\\/San_Benedetto_Naturale_0.5l_pet.png\",\"width\":433,\"height\":577},{\"@type\":\"BreadcrumbList\",\"@id\":\"https:\\\/\\\/gustoitaliano.md\\\/product\\\/san-benedetto-minitower-naturale-05-l-pet\\\/#breadcrumb\",\"itemListElement\":[{\"@type\":\"ListItem\",\"position\":1,\"name\":\"Prima pagin\u0103\",\"item\":\"https:\\\/\\\/gustoitaliano.md\\\/\"},{\"@type\":\"ListItem\",\"position\":2,\"name\":\"Magazin\",\"item\":\"https:\\\/\\\/gustoitaliano.md\\\/ro\\\/magazin\\\/\"},{\"@type\":\"ListItem\",\"position\":3,\"name\":\"Apa naturala italiana \\\/ Bauturi\",\"item\":\"https:\\\/\\\/gustoitaliano.md\\\/product-category\\\/apa-naturala-italiana-bauturi\\\/\"},{\"@type\":\"ListItem\",\"position\":4,\"name\":\"San Benedetto MiniTower Naturale 0,5 L, PET\"}]},{\"@type\":\"WebSite\",\"@id\":\"https:\\\/\\\/gustoitaliano.md\\\/ro\\\/#website\",\"url\":\"https:\\\/\\\/gustoitaliano.md\\\/ro\\\/\",\"name\":\"Gusto Italiano\",\"description\":\"Produse Autentice Italiene\",\"publisher\":{\"@id\":\"https:\\\/\\\/gustoitaliano.md\\\/ro\\\/#organization\"},\"potentialAction\":[{\"@type\":\"SearchAction\",\"target\":{\"@type\":\"EntryPoint\",\"urlTemplate\":\"https:\\\/\\\/gustoitaliano.md\\\/ro\\\/?s={search_term_string}\"},\"query-input\":{\"@type\":\"PropertyValueSpecification\",\"valueRequired\":true,\"valueName\":\"search_term_string\"}}],\"inLanguage\":\"ru-RU\"},{\"@type\":\"Organization\",\"@id\":\"https:\\\/\\\/gustoitaliano.md\\\/ro\\\/#organization\",\"name\":\"Gusto Italiano\",\"alternateName\":\"Golden Gates SRL\",\"url\":\"https:\\\/\\\/gustoitaliano.md\\\/ro\\\/\",\"logo\":{\"@type\":\"ImageObject\",\"inLanguage\":\"ru-RU\",\"@id\":\"https:\\\/\\\/gustoitaliano.md\\\/ro\\\/#\\\/schema\\\/logo\\\/image\\\/\",\"url\":\"https:\\\/\\\/gustoitaliano.md\\\/wp-content\\\/uploads\\\/2025\\\/05\\\/logo-gusutoitaliano-2-2.png\",\"contentUrl\":\"https:\\\/\\\/gustoitaliano.md\\\/wp-content\\\/uploads\\\/2025\\\/05\\\/logo-gusutoitaliano-2-2.png\",\"width\":180,\"height\":180,\"caption\":\"Gusto Italiano\"},\"image\":{\"@id\":\"https:\\\/\\\/gustoitaliano.md\\\/ro\\\/#\\\/schema\\\/logo\\\/image\\\/\"},\"sameAs\":[\"https:\\\/\\\/www.facebook.com\\\/GoldenGates.Moldova\"]}]}<\/script>\n<!-- \/ Yoast SEO Premium plugin. -->","yoast_head_json":{"title":"San Benedetto MiniTower Naturale 0,5 L, PET - Gusto Italiano","description":"San Benedetto MiniTower Naturale 0.5L PET \u2013 ap\u0103 plat\u0103 premium, ideal\u0103 pentru hidratare zilnic\u0103 \u00een format individual. Gust echilibrat, sticl\u0103 modern\u0103, calitate italian\u0103.","robots":{"index":"index","follow":"follow","max-snippet":"max-snippet:-1","max-image-preview":"max-image-preview:large","max-video-preview":"max-video-preview:-1"},"canonical":"https:\/\/gustoitaliano.md\/ru\/product\/san-benedetto-minitower-naturale-05-l-pet\/","og_locale":"ru_RU","og_type":"article","og_title":"San Benedetto MiniTower Naturale 0,5 L, PET","og_description":"San Benedetto MiniTower Naturale 0.5L PET \u2013 ap\u0103 plat\u0103 premium, ideal\u0103 pentru hidratare zilnic\u0103 \u00een format individual. Gust echilibrat, sticl\u0103 modern\u0103, calitate italian\u0103.","og_url":"https:\/\/gustoitaliano.md\/ru\/product\/san-benedetto-minitower-naturale-05-l-pet\/","og_site_name":"Gusto Italiano","article_publisher":"https:\/\/www.facebook.com\/GoldenGates.Moldova","article_modified_time":"2026-04-16T12:11:48+00:00","og_image":[{"width":433,"height":577,"url":"https:\/\/gustoitaliano.md\/wp-content\/uploads\/2025\/04\/San_Benedetto_Naturale_0.5l_pet.png","type":"image\/png"}],"twitter_card":"summary_large_image","twitter_misc":{"\u041f\u0440\u0438\u043c\u0435\u0440\u043d\u043e\u0435 \u0432\u0440\u0435\u043c\u044f \u0434\u043b\u044f \u0447\u0442\u0435\u043d\u0438\u044f":"1 \u043c\u0438\u043d\u0443\u0442\u0430"},"schema":{"@context":"https:\/\/schema.org","@graph":[{"@type":"WebPage","@id":"https:\/\/gustoitaliano.md\/product\/san-benedetto-minitower-naturale-05-l-pet\/","url":"https:\/\/gustoitaliano.md\/product\/san-benedetto-minitower-naturale-05-l-pet\/","name":"San Benedetto MiniTower Naturale 0,5 L, PET - Gusto Italiano","isPartOf":{"@id":"https:\/\/gustoitaliano.md\/ro\/#website"},"primaryImageOfPage":{"@id":"https:\/\/gustoitaliano.md\/product\/san-benedetto-minitower-naturale-05-l-pet\/#primaryimage"},"image":{"@id":"https:\/\/gustoitaliano.md\/product\/san-benedetto-minitower-naturale-05-l-pet\/#primaryimage"},"thumbnailUrl":"https:\/\/gustoitaliano.md\/wp-content\/uploads\/2025\/04\/San_Benedetto_Naturale_0.5l_pet.png","datePublished":"2025-04-16T06:40:56+00:00","dateModified":"2026-04-16T12:11:48+00:00","description":"San Benedetto MiniTower Naturale 0.5L PET \u2013 ap\u0103 plat\u0103 premium, ideal\u0103 pentru hidratare zilnic\u0103 \u00een format individual. Gust echilibrat, sticl\u0103 modern\u0103, calitate italian\u0103.","breadcrumb":{"@id":"https:\/\/gustoitaliano.md\/product\/san-benedetto-minitower-naturale-05-l-pet\/#breadcrumb"},"inLanguage":"ru-RU","potentialAction":[{"@type":"ReadAction","target":["https:\/\/gustoitaliano.md\/product\/san-benedetto-minitower-naturale-05-l-pet\/"]}]},{"@type":"ImageObject","inLanguage":"ru-RU","@id":"https:\/\/gustoitaliano.md\/product\/san-benedetto-minitower-naturale-05-l-pet\/#primaryimage","url":"https:\/\/gustoitaliano.md\/wp-content\/uploads\/2025\/04\/San_Benedetto_Naturale_0.5l_pet.png","contentUrl":"https:\/\/gustoitaliano.md\/wp-content\/uploads\/2025\/04\/San_Benedetto_Naturale_0.5l_pet.png","width":433,"height":577},{"@type":"BreadcrumbList","@id":"https:\/\/gustoitaliano.md\/product\/san-benedetto-minitower-naturale-05-l-pet\/#breadcrumb","itemListElement":[{"@type":"ListItem","position":1,"name":"Prima pagin\u0103","item":"https:\/\/gustoitaliano.md\/"},{"@type":"ListItem","position":2,"name":"Magazin","item":"https:\/\/gustoitaliano.md\/ro\/magazin\/"},{"@type":"ListItem","position":3,"name":"Apa naturala italiana \/ Bauturi","item":"https:\/\/gustoitaliano.md\/product-category\/apa-naturala-italiana-bauturi\/"},{"@type":"ListItem","position":4,"name":"San Benedetto MiniTower Naturale 0,5 L, PET"}]},{"@type":"WebSite","@id":"https:\/\/gustoitaliano.md\/ro\/#website","url":"https:\/\/gustoitaliano.md\/ro\/","name":"Gusto Italiano","description":"\u0410\u0443\u0442\u0435\u043d\u0442\u0438\u0447\u043d\u044b\u0435 \u0438\u0442\u0430\u043b\u044c\u044f\u043d\u0441\u043a\u0438\u0435 \u043f\u0440\u043e\u0434\u0443\u043a\u0442\u044b","publisher":{"@id":"https:\/\/gustoitaliano.md\/ro\/#organization"},"potentialAction":[{"@type":"SearchAction","target":{"@type":"EntryPoint","urlTemplate":"https:\/\/gustoitaliano.md\/ro\/?s={search_term_string}"},"query-input":{"@type":"PropertyValueSpecification","valueRequired":true,"valueName":"search_term_string"}}],"inLanguage":"ru-RU"},{"@type":"Organization","@id":"https:\/\/gustoitaliano.md\/ro\/#organization","name":"Gusto Italiano","alternateName":"Golden Gates SRL","url":"https:\/\/gustoitaliano.md\/ro\/","logo":{"@type":"ImageObject","inLanguage":"ru-RU","@id":"https:\/\/gustoitaliano.md\/ro\/#\/schema\/logo\/image\/","url":"https:\/\/gustoitaliano.md\/wp-content\/uploads\/2025\/05\/logo-gusutoitaliano-2-2.png","contentUrl":"https:\/\/gustoitaliano.md\/wp-content\/uploads\/2025\/05\/logo-gusutoitaliano-2-2.png","width":180,"height":180,"caption":"Gusto Italiano"},"image":{"@id":"https:\/\/gustoitaliano.md\/ro\/#\/schema\/logo\/image\/"},"sameAs":["https:\/\/www.facebook.com\/GoldenGates.Moldova"]}]}},"_links":{"self":[{"href":"https:\/\/gustoitaliano.md\/ru\/wp-json\/wp\/v2\/product\/48522","targetHints":{"allow":["GET"]}}],"collection":[{"href":"https:\/\/gustoitaliano.md\/ru\/wp-json\/wp\/v2\/product"}],"about":[{"href":"https:\/\/gustoitaliano.md\/ru\/wp-json\/wp\/v2\/types\/product"}],"version-history":[{"count":1,"href":"https:\/\/gustoitaliano.md\/ru\/wp-json\/wp\/v2\/product\/48522\/revisions"}],"predecessor-version":[{"id":51655,"href":"https:\/\/gustoitaliano.md\/ru\/wp-json\/wp\/v2\/product\/48522\/revisions\/51655"}],"wp:featuredmedia":[{"embeddable":true,"href":"https:\/\/gustoitaliano.md\/ru\/wp-json\/wp\/v2\/media\/48494"}],"wp:attachment":[{"href":"https:\/\/gustoitaliano.md\/ru\/wp-json\/wp\/v2\/media?parent=48522"}],"wp:term":[{"taxonomy":"product_brand","embeddable":true,"href":"https:\/\/gustoitaliano.md\/ru\/wp-json\/wp\/v2\/product_brand?post=48522"},{"taxonomy":"product_cat","embeddable":true,"href":"https:\/\/gustoitaliano.md\/ru\/wp-json\/wp\/v2\/product_cat?post=48522"},{"taxonomy":"product_tag","embeddable":true,"href":"https:\/\/gustoitaliano.md\/ru\/wp-json\/wp\/v2\/product_tag?post=48522"}],"curies":[{"name":"wp","href":"https:\/\/api.w.org\/{rel}","templated":true}]}}