{"id":49597,"date":"2025-10-02T15:50:08","date_gmt":"2025-10-02T12:50:08","guid":{"rendered":"https:\/\/gustoitaliano.md\/?post_type=product&#038;p=49597"},"modified":"2025-11-15T17:08:33","modified_gmt":"2025-11-15T15:08:33","slug":"acqua-panna-toscana-apa-plata-sticla-505-ml","status":"publish","type":"product","link":"https:\/\/gustoitaliano.md\/ru\/product\/acqua-panna-toscana-apa-plata-sticla-505-ml\/","title":{"rendered":"Acqua Panna Toscana, \u043d\u0435\u0433\u0430\u0437\u0438\u0440\u043e\u0432\u0430\u043d\u043d\u0430\u044f \u0432\u043e\u0434\u0430, \u0411\u0443\u0442\u044b\u043b\u043a\u0430 505 \u043c\u043b"},"content":{"rendered":"<p>\u041d\u0430\u0442\u0443\u0440\u0430\u043b\u044c\u043d\u0430\u044f \u043d\u0435\u0433\u0430\u0437\u0438\u0440\u043e\u0432\u0430\u043d\u043d\u0430\u044f \u0440\u043e\u0434\u043d\u0438\u043a\u043e\u0432\u0430\u044f \u0432\u043e\u0434\u0430 \u0438\u0437 \u0441\u0430\u043c\u043e\u0433\u043e \u0441\u0435\u0440\u0434\u0446\u0430 \u0422\u043e\u0441\u043a\u0430\u043d\u044b, Acqua Panna \u043e\u0442\u043b\u0438\u0447\u0430\u0435\u0442\u0441\u044f \u0441\u0432\u043e\u0438\u043c \u0447\u0438\u0441\u0442\u044b\u043c \u0438 \u0441\u0431\u0430\u043b\u0430\u043d\u0441\u0438\u0440\u043e\u0432\u0430\u043d\u043d\u044b\u043c \u0432\u043a\u0443\u0441\u043e\u043c. \u0420\u0430\u0437\u043b\u0438\u0442\u0430\u044f \u0432 \u044d\u043b\u0435\u0433\u0430\u043d\u0442\u043d\u0443\u044e \u0431\u0443\u0442\u044b\u043b\u043a\u0443 \u043e\u0431\u044a\u0435\u043c\u043e\u043c 505 \u043c\u043b, \u043e\u043d\u0430 \u0438\u0434\u0435\u0430\u043b\u044c\u043d\u043e \u043f\u043e\u0434\u0445\u043e\u0434\u0438\u0442 \u0434\u043b\u044f \u0440\u0435\u0441\u0442\u043e\u0440\u0430\u043d\u043e\u0432, \u043c\u0435\u0440\u043e\u043f\u0440\u0438\u044f\u0442\u0438\u0439 \u0438 \u043f\u043e\u0432\u0441\u0435\u0434\u043d\u0435\u0432\u043d\u044b\u0445 \u043e\u0431\u0435\u0434\u043e\u0432. \u041e\u043d\u0430 \u043f\u0440\u0435\u0434\u043b\u0430\u0433\u0430\u0435\u0442 \u043f\u0440\u0435\u043c\u0438\u0430\u043b\u044c\u043d\u044b\u0439 \u043e\u043f\u044b\u0442, \u043a\u043e\u0442\u043e\u0440\u044b\u0439 \u0438\u0434\u0435\u0430\u043b\u044c\u043d\u043e \u0434\u043e\u043f\u043e\u043b\u043d\u044f\u0435\u0442 \u0438\u0437\u044b\u0441\u043a\u0430\u043d\u043d\u044b\u0435 \u0431\u043b\u044e\u0434\u0430 \u0438 \u0437\u0434\u043e\u0440\u043e\u0432\u044b\u0439 \u043e\u0431\u0440\u0430\u0437 \u0436\u0438\u0437\u043d\u0438.<\/p>","protected":false},"excerpt":{"rendered":"<p>Ap\u0103 plat\u0103 natural\u0103 de izvor din inima Toscanei, Acqua Panna se remarc\u0103 prin gustul s\u0103u pur \u0219i echilibrat. \u00cembuteliat\u0103 \u00een<\/p>","protected":false},"featured_media":49598,"template":"","meta":[],"product_brand":[2448],"product_cat":[2438],"product_tag":[2458],"class_list":{"0":"post-49597","1":"product","2":"type-product","3":"status-publish","4":"has-post-thumbnail","6":"product_brand-acqua-panna","7":"product_cat-apa-naturala-italiana-bauturi","8":"product_tag-apa-naturala-italiana-bauturi","10":"first","11":"instock","12":"taxable","13":"shipping-taxable","14":"purchasable","15":"product-type-simple"},"yoast_head":"<!-- This site is optimized with the Yoast SEO Premium plugin v26.5 (Yoast SEO v27.3) - https:\/\/yoast.com\/product\/yoast-seo-premium-wordpress\/ -->\n<title>Acqua Panna Toscana, apa plata, STICLA 505 ml - Gusto Italiano<\/title>\n<meta name=\"description\" content=\"Acqua Panna Toscana \u2013 ap\u0103 plat\u0103 natural\u0103 din Italia, \u00eembuteliat\u0103 \u00een sticl\u0103 de 505 ml. Gust delicat \u0219i echilibrat, ideal\u0103 pentru mese rafinate, evenimente sau consum zilnic.\" \/>\n<meta name=\"robots\" content=\"index, follow, max-snippet:-1, max-image-preview:large, max-video-preview:-1\" \/>\n<link rel=\"canonical\" href=\"https:\/\/gustoitaliano.md\/ru\/product\/acqua-panna-toscana-apa-plata-sticla-505-ml\/\" \/>\n<meta property=\"og:locale\" content=\"ru_RU\" \/>\n<meta property=\"og:type\" content=\"article\" \/>\n<meta property=\"og:title\" content=\"Acqua Panna Toscana, apa plata, STICLA 505 ml\" \/>\n<meta property=\"og:description\" content=\"Acqua Panna Toscana \u2013 ap\u0103 plat\u0103 natural\u0103 din Italia, \u00eembuteliat\u0103 \u00een sticl\u0103 de 505 ml. Gust delicat \u0219i echilibrat, ideal\u0103 pentru mese rafinate, evenimente sau consum zilnic.\" \/>\n<meta property=\"og:url\" content=\"https:\/\/gustoitaliano.md\/ru\/product\/acqua-panna-toscana-apa-plata-sticla-505-ml\/\" \/>\n<meta property=\"og:site_name\" content=\"Gusto Italiano\" \/>\n<meta property=\"article:publisher\" content=\"https:\/\/www.facebook.com\/GoldenGates.Moldova\" \/>\n<meta property=\"article:modified_time\" content=\"2025-11-15T15:08:33+00:00\" \/>\n<meta property=\"og:image\" content=\"https:\/\/gustoitaliano.md\/wp-content\/uploads\/2025\/10\/Aqua-Panna-505-ml.png\" \/>\n\t<meta property=\"og:image:width\" content=\"433\" \/>\n\t<meta property=\"og:image:height\" content=\"577\" \/>\n\t<meta property=\"og:image:type\" content=\"image\/png\" \/>\n<meta name=\"twitter:card\" content=\"summary_large_image\" \/>\n<meta name=\"twitter:label1\" content=\"\u041f\u0440\u0438\u043c\u0435\u0440\u043d\u043e\u0435 \u0432\u0440\u0435\u043c\u044f \u0434\u043b\u044f \u0447\u0442\u0435\u043d\u0438\u044f\" \/>\n\t<meta name=\"twitter:data1\" content=\"1 \u043c\u0438\u043d\u0443\u0442\u0430\" \/>\n<script type=\"application\/ld+json\" class=\"yoast-schema-graph\">{\"@context\":\"https:\\\/\\\/schema.org\",\"@graph\":[{\"@type\":\"WebPage\",\"@id\":\"https:\\\/\\\/gustoitaliano.md\\\/product\\\/acqua-panna-toscana-apa-plata-sticla-505-ml\\\/\",\"url\":\"https:\\\/\\\/gustoitaliano.md\\\/product\\\/acqua-panna-toscana-apa-plata-sticla-505-ml\\\/\",\"name\":\"Acqua Panna Toscana, apa plata, STICLA 505 ml - Gusto Italiano\",\"isPartOf\":{\"@id\":\"https:\\\/\\\/gustoitaliano.md\\\/ro\\\/#website\"},\"primaryImageOfPage\":{\"@id\":\"https:\\\/\\\/gustoitaliano.md\\\/product\\\/acqua-panna-toscana-apa-plata-sticla-505-ml\\\/#primaryimage\"},\"image\":{\"@id\":\"https:\\\/\\\/gustoitaliano.md\\\/product\\\/acqua-panna-toscana-apa-plata-sticla-505-ml\\\/#primaryimage\"},\"thumbnailUrl\":\"https:\\\/\\\/gustoitaliano.md\\\/wp-content\\\/uploads\\\/2025\\\/10\\\/Aqua-Panna-505-ml.png\",\"datePublished\":\"2025-10-02T12:50:08+00:00\",\"dateModified\":\"2025-11-15T15:08:33+00:00\",\"description\":\"Acqua Panna Toscana \u2013 ap\u0103 plat\u0103 natural\u0103 din Italia, \u00eembuteliat\u0103 \u00een sticl\u0103 de 505 ml. Gust delicat \u0219i echilibrat, ideal\u0103 pentru mese rafinate, evenimente sau consum zilnic.\",\"breadcrumb\":{\"@id\":\"https:\\\/\\\/gustoitaliano.md\\\/product\\\/acqua-panna-toscana-apa-plata-sticla-505-ml\\\/#breadcrumb\"},\"inLanguage\":\"ru-RU\",\"potentialAction\":[{\"@type\":\"ReadAction\",\"target\":[\"https:\\\/\\\/gustoitaliano.md\\\/product\\\/acqua-panna-toscana-apa-plata-sticla-505-ml\\\/\"]}]},{\"@type\":\"ImageObject\",\"inLanguage\":\"ru-RU\",\"@id\":\"https:\\\/\\\/gustoitaliano.md\\\/product\\\/acqua-panna-toscana-apa-plata-sticla-505-ml\\\/#primaryimage\",\"url\":\"https:\\\/\\\/gustoitaliano.md\\\/wp-content\\\/uploads\\\/2025\\\/10\\\/Aqua-Panna-505-ml.png\",\"contentUrl\":\"https:\\\/\\\/gustoitaliano.md\\\/wp-content\\\/uploads\\\/2025\\\/10\\\/Aqua-Panna-505-ml.png\",\"width\":433,\"height\":577},{\"@type\":\"BreadcrumbList\",\"@id\":\"https:\\\/\\\/gustoitaliano.md\\\/product\\\/acqua-panna-toscana-apa-plata-sticla-505-ml\\\/#breadcrumb\",\"itemListElement\":[{\"@type\":\"ListItem\",\"position\":1,\"name\":\"Prima pagin\u0103\",\"item\":\"https:\\\/\\\/gustoitaliano.md\\\/\"},{\"@type\":\"ListItem\",\"position\":2,\"name\":\"Magazin\",\"item\":\"https:\\\/\\\/gustoitaliano.md\\\/ro\\\/magazin\\\/\"},{\"@type\":\"ListItem\",\"position\":3,\"name\":\"Apa naturala italiana \\\/ Bauturi\",\"item\":\"https:\\\/\\\/gustoitaliano.md\\\/product-category\\\/apa-naturala-italiana-bauturi\\\/\"},{\"@type\":\"ListItem\",\"position\":4,\"name\":\"Acqua Panna Toscana, apa plata, STICLA 505 ml\"}]},{\"@type\":\"WebSite\",\"@id\":\"https:\\\/\\\/gustoitaliano.md\\\/ro\\\/#website\",\"url\":\"https:\\\/\\\/gustoitaliano.md\\\/ro\\\/\",\"name\":\"Gusto Italiano\",\"description\":\"Produse Autentice Italiene\",\"publisher\":{\"@id\":\"https:\\\/\\\/gustoitaliano.md\\\/ro\\\/#organization\"},\"potentialAction\":[{\"@type\":\"SearchAction\",\"target\":{\"@type\":\"EntryPoint\",\"urlTemplate\":\"https:\\\/\\\/gustoitaliano.md\\\/ro\\\/?s={search_term_string}\"},\"query-input\":{\"@type\":\"PropertyValueSpecification\",\"valueRequired\":true,\"valueName\":\"search_term_string\"}}],\"inLanguage\":\"ru-RU\"},{\"@type\":\"Organization\",\"@id\":\"https:\\\/\\\/gustoitaliano.md\\\/ro\\\/#organization\",\"name\":\"Gusto Italiano\",\"alternateName\":\"Golden Gates SRL\",\"url\":\"https:\\\/\\\/gustoitaliano.md\\\/ro\\\/\",\"logo\":{\"@type\":\"ImageObject\",\"inLanguage\":\"ru-RU\",\"@id\":\"https:\\\/\\\/gustoitaliano.md\\\/ro\\\/#\\\/schema\\\/logo\\\/image\\\/\",\"url\":\"https:\\\/\\\/gustoitaliano.md\\\/wp-content\\\/uploads\\\/2025\\\/05\\\/logo-gusutoitaliano-2-2.png\",\"contentUrl\":\"https:\\\/\\\/gustoitaliano.md\\\/wp-content\\\/uploads\\\/2025\\\/05\\\/logo-gusutoitaliano-2-2.png\",\"width\":180,\"height\":180,\"caption\":\"Gusto Italiano\"},\"image\":{\"@id\":\"https:\\\/\\\/gustoitaliano.md\\\/ro\\\/#\\\/schema\\\/logo\\\/image\\\/\"},\"sameAs\":[\"https:\\\/\\\/www.facebook.com\\\/GoldenGates.Moldova\"]}]}<\/script>\n<!-- \/ Yoast SEO Premium plugin. -->","yoast_head_json":{"title":"Acqua Panna Toscana, apa plata, STICLA 505 ml - Gusto Italiano","description":"Acqua Panna Toscana \u2013 ap\u0103 plat\u0103 natural\u0103 din Italia, \u00eembuteliat\u0103 \u00een sticl\u0103 de 505 ml. Gust delicat \u0219i echilibrat, ideal\u0103 pentru mese rafinate, evenimente sau consum zilnic.","robots":{"index":"index","follow":"follow","max-snippet":"max-snippet:-1","max-image-preview":"max-image-preview:large","max-video-preview":"max-video-preview:-1"},"canonical":"https:\/\/gustoitaliano.md\/ru\/product\/acqua-panna-toscana-apa-plata-sticla-505-ml\/","og_locale":"ru_RU","og_type":"article","og_title":"Acqua Panna Toscana, apa plata, STICLA 505 ml","og_description":"Acqua Panna Toscana \u2013 ap\u0103 plat\u0103 natural\u0103 din Italia, \u00eembuteliat\u0103 \u00een sticl\u0103 de 505 ml. Gust delicat \u0219i echilibrat, ideal\u0103 pentru mese rafinate, evenimente sau consum zilnic.","og_url":"https:\/\/gustoitaliano.md\/ru\/product\/acqua-panna-toscana-apa-plata-sticla-505-ml\/","og_site_name":"Gusto Italiano","article_publisher":"https:\/\/www.facebook.com\/GoldenGates.Moldova","article_modified_time":"2025-11-15T15:08:33+00:00","og_image":[{"width":433,"height":577,"url":"https:\/\/gustoitaliano.md\/wp-content\/uploads\/2025\/10\/Aqua-Panna-505-ml.png","type":"image\/png"}],"twitter_card":"summary_large_image","twitter_misc":{"\u041f\u0440\u0438\u043c\u0435\u0440\u043d\u043e\u0435 \u0432\u0440\u0435\u043c\u044f \u0434\u043b\u044f \u0447\u0442\u0435\u043d\u0438\u044f":"1 \u043c\u0438\u043d\u0443\u0442\u0430"},"schema":{"@context":"https:\/\/schema.org","@graph":[{"@type":"WebPage","@id":"https:\/\/gustoitaliano.md\/product\/acqua-panna-toscana-apa-plata-sticla-505-ml\/","url":"https:\/\/gustoitaliano.md\/product\/acqua-panna-toscana-apa-plata-sticla-505-ml\/","name":"Acqua Panna Toscana, apa plata, STICLA 505 ml - Gusto Italiano","isPartOf":{"@id":"https:\/\/gustoitaliano.md\/ro\/#website"},"primaryImageOfPage":{"@id":"https:\/\/gustoitaliano.md\/product\/acqua-panna-toscana-apa-plata-sticla-505-ml\/#primaryimage"},"image":{"@id":"https:\/\/gustoitaliano.md\/product\/acqua-panna-toscana-apa-plata-sticla-505-ml\/#primaryimage"},"thumbnailUrl":"https:\/\/gustoitaliano.md\/wp-content\/uploads\/2025\/10\/Aqua-Panna-505-ml.png","datePublished":"2025-10-02T12:50:08+00:00","dateModified":"2025-11-15T15:08:33+00:00","description":"Acqua Panna Toscana \u2013 ap\u0103 plat\u0103 natural\u0103 din Italia, \u00eembuteliat\u0103 \u00een sticl\u0103 de 505 ml. Gust delicat \u0219i echilibrat, ideal\u0103 pentru mese rafinate, evenimente sau consum zilnic.","breadcrumb":{"@id":"https:\/\/gustoitaliano.md\/product\/acqua-panna-toscana-apa-plata-sticla-505-ml\/#breadcrumb"},"inLanguage":"ru-RU","potentialAction":[{"@type":"ReadAction","target":["https:\/\/gustoitaliano.md\/product\/acqua-panna-toscana-apa-plata-sticla-505-ml\/"]}]},{"@type":"ImageObject","inLanguage":"ru-RU","@id":"https:\/\/gustoitaliano.md\/product\/acqua-panna-toscana-apa-plata-sticla-505-ml\/#primaryimage","url":"https:\/\/gustoitaliano.md\/wp-content\/uploads\/2025\/10\/Aqua-Panna-505-ml.png","contentUrl":"https:\/\/gustoitaliano.md\/wp-content\/uploads\/2025\/10\/Aqua-Panna-505-ml.png","width":433,"height":577},{"@type":"BreadcrumbList","@id":"https:\/\/gustoitaliano.md\/product\/acqua-panna-toscana-apa-plata-sticla-505-ml\/#breadcrumb","itemListElement":[{"@type":"ListItem","position":1,"name":"Prima pagin\u0103","item":"https:\/\/gustoitaliano.md\/"},{"@type":"ListItem","position":2,"name":"Magazin","item":"https:\/\/gustoitaliano.md\/ro\/magazin\/"},{"@type":"ListItem","position":3,"name":"Apa naturala italiana \/ Bauturi","item":"https:\/\/gustoitaliano.md\/product-category\/apa-naturala-italiana-bauturi\/"},{"@type":"ListItem","position":4,"name":"Acqua Panna Toscana, apa plata, STICLA 505 ml"}]},{"@type":"WebSite","@id":"https:\/\/gustoitaliano.md\/ro\/#website","url":"https:\/\/gustoitaliano.md\/ro\/","name":"Gusto Italiano","description":"\u0410\u0443\u0442\u0435\u043d\u0442\u0438\u0447\u043d\u044b\u0435 \u0438\u0442\u0430\u043b\u044c\u044f\u043d\u0441\u043a\u0438\u0435 \u043f\u0440\u043e\u0434\u0443\u043a\u0442\u044b","publisher":{"@id":"https:\/\/gustoitaliano.md\/ro\/#organization"},"potentialAction":[{"@type":"SearchAction","target":{"@type":"EntryPoint","urlTemplate":"https:\/\/gustoitaliano.md\/ro\/?s={search_term_string}"},"query-input":{"@type":"PropertyValueSpecification","valueRequired":true,"valueName":"search_term_string"}}],"inLanguage":"ru-RU"},{"@type":"Organization","@id":"https:\/\/gustoitaliano.md\/ro\/#organization","name":"Gusto Italiano","alternateName":"Golden Gates SRL","url":"https:\/\/gustoitaliano.md\/ro\/","logo":{"@type":"ImageObject","inLanguage":"ru-RU","@id":"https:\/\/gustoitaliano.md\/ro\/#\/schema\/logo\/image\/","url":"https:\/\/gustoitaliano.md\/wp-content\/uploads\/2025\/05\/logo-gusutoitaliano-2-2.png","contentUrl":"https:\/\/gustoitaliano.md\/wp-content\/uploads\/2025\/05\/logo-gusutoitaliano-2-2.png","width":180,"height":180,"caption":"Gusto Italiano"},"image":{"@id":"https:\/\/gustoitaliano.md\/ro\/#\/schema\/logo\/image\/"},"sameAs":["https:\/\/www.facebook.com\/GoldenGates.Moldova"]}]}},"_links":{"self":[{"href":"https:\/\/gustoitaliano.md\/ru\/wp-json\/wp\/v2\/product\/49597","targetHints":{"allow":["GET"]}}],"collection":[{"href":"https:\/\/gustoitaliano.md\/ru\/wp-json\/wp\/v2\/product"}],"about":[{"href":"https:\/\/gustoitaliano.md\/ru\/wp-json\/wp\/v2\/types\/product"}],"version-history":[{"count":0,"href":"https:\/\/gustoitaliano.md\/ru\/wp-json\/wp\/v2\/product\/49597\/revisions"}],"wp:featuredmedia":[{"embeddable":true,"href":"https:\/\/gustoitaliano.md\/ru\/wp-json\/wp\/v2\/media\/49598"}],"wp:attachment":[{"href":"https:\/\/gustoitaliano.md\/ru\/wp-json\/wp\/v2\/media?parent=49597"}],"wp:term":[{"taxonomy":"product_brand","embeddable":true,"href":"https:\/\/gustoitaliano.md\/ru\/wp-json\/wp\/v2\/product_brand?post=49597"},{"taxonomy":"product_cat","embeddable":true,"href":"https:\/\/gustoitaliano.md\/ru\/wp-json\/wp\/v2\/product_cat?post=49597"},{"taxonomy":"product_tag","embeddable":true,"href":"https:\/\/gustoitaliano.md\/ru\/wp-json\/wp\/v2\/product_tag?post=49597"}],"curies":[{"name":"wp","href":"https:\/\/api.w.org\/{rel}","templated":true}]}}