{"id":49656,"date":"2025-10-09T18:30:41","date_gmt":"2025-10-09T15:30:41","guid":{"rendered":"https:\/\/gustoitaliano.md\/?post_type=product&#038;p=49656"},"modified":"2025-10-09T18:30:43","modified_gmt":"2025-10-09T15:30:43","slug":"tondini-fasole-in-sos-de-rosii-la-cuptor-400-gr","status":"publish","type":"product","link":"https:\/\/gustoitaliano.md\/ru\/product\/tondini-fasole-in-sos-de-rosii-la-cuptor-400-gr\/","title":{"rendered":"Tondini \/ \u0417\u0430\u043f\u0435\u0447\u0435\u043d\u043d\u044b\u0435 \u0431\u043e\u0431\u044b \u0432 \u0442\u043e\u043c\u0430\u0442\u043d\u043e\u043c \u0441\u043e\u0443\u0441\u0435 400 \u0433\u0440."},"content":{"rendered":"<p>\u0422\u043e\u043d\u0434\u0438\u043d\u0438 - \u0438\u0442\u0430\u043b\u044c\u044f\u043d\u0441\u043a\u0430\u044f \u0444\u0430\u0441\u043e\u043b\u044c \u0432 \u0442\u043e\u043c\u0430\u0442\u043d\u043e\u043c \u0441\u043e\u0443\u0441\u0435, \u043f\u0440\u0438\u0433\u043e\u0442\u043e\u0432\u043b\u0435\u043d\u043d\u0430\u044f \u043f\u043e \u0442\u0440\u0430\u0434\u0438\u0446\u0438\u043e\u043d\u043d\u043e\u043c\u0443 \u0440\u0435\u0446\u0435\u043f\u0442\u0443, \u0441 \u0431\u043e\u0433\u0430\u0442\u044b\u043c \u0438 \u0441\u0431\u0430\u043b\u0430\u043d\u0441\u0438\u0440\u043e\u0432\u0430\u043d\u043d\u044b\u043c \u0432\u043a\u0443\u0441\u043e\u043c. \u041d\u0435\u0436\u043d\u0430\u044f \u0444\u0430\u0441\u043e\u043b\u044c, \u043f\u0440\u0438\u0433\u043e\u0442\u043e\u0432\u043b\u0435\u043d\u043d\u0430\u044f \u043d\u0430 \u043c\u0435\u0434\u043b\u0435\u043d\u043d\u043e\u043c \u043e\u0433\u043d\u0435 \u0432 \u0430\u0440\u043e\u043c\u0430\u0442\u043d\u043e\u043c \u0442\u043e\u043c\u0430\u0442\u043d\u043e\u043c \u0441\u043e\u0443\u0441\u0435, \u043e\u0431\u0435\u0441\u043f\u0435\u0447\u0438\u0432\u0430\u0435\u0442 \u0430\u0443\u0442\u0435\u043d\u0442\u0438\u0447\u043d\u044b\u0439 \u0438 \u043d\u0430\u0442\u0443\u0440\u0430\u043b\u044c\u043d\u044b\u0439 \u0432\u043a\u0443\u0441. \u0418\u0434\u0435\u0430\u043b\u044c\u043d\u043e \u043f\u043e\u0434\u0445\u043e\u0434\u0438\u0442 \u0432 \u043a\u0430\u0447\u0435\u0441\u0442\u0432\u0435 \u0433\u0430\u0440\u043d\u0438\u0440\u0430 \u043a \u0431\u044b\u0441\u0442\u0440\u044b\u043c \u0431\u043b\u044e\u0434\u0430\u043c \u0438\u043b\u0438 \u043a\u0430\u043a \u043e\u0441\u043d\u043e\u0432\u0430 \u0434\u043b\u044f \u0441\u0440\u0435\u0434\u0438\u0437\u0435\u043c\u043d\u043e\u043c\u043e\u0440\u0441\u043a\u0438\u0445 \u0440\u0435\u0446\u0435\u043f\u0442\u043e\u0432. \u041d\u0430\u0442\u0443\u0440\u0430\u043b\u044c\u043d\u044b\u0435, \u0431\u0435\u0437 \u043a\u043e\u043d\u0441\u0435\u0440\u0432\u0430\u043d\u0442\u043e\u0432, \u0433\u043e\u0442\u043e\u0432\u044b \u043a \u043f\u043e\u0434\u0430\u0447\u0435.<\/p>","protected":false},"excerpt":{"rendered":"<p>Tondini \u2013 fasole italian\u0103 \u00een sos de ro\u0219ii, preparat\u0103 dup\u0103 re\u021beta tradi\u021bional\u0103, cu un gust bogat \u0219i echilibrat. Boabele de<\/p>","protected":false},"featured_media":49640,"template":"","meta":[],"product_brand":[2450],"product_cat":[2347],"product_tag":[],"class_list":{"0":"post-49656","1":"product","2":"type-product","3":"status-publish","4":"has-post-thumbnail","6":"product_brand-mazza","7":"product_cat-semifabricate-legume-conservate","9":"first","10":"instock","11":"taxable","12":"shipping-taxable","13":"purchasable","14":"product-type-simple"},"yoast_head":"<!-- This site is optimized with the Yoast SEO Premium plugin v26.5 (Yoast SEO v27.3) - https:\/\/yoast.com\/product\/yoast-seo-premium-wordpress\/ -->\n<title>Tondini \/ Fasole in sos de rosii la cuptor 400 gr - Gusto Italiano<\/title>\n<meta name=\"description\" content=\"Tondini \u2013 fasole \u00een sos de ro\u0219ii la cuptor 400g. Re\u021bet\u0103 italian\u0103 autentic\u0103, gust bogat \u0219i natural, perfect\u0103 pentru garnituri \u0219i m\u00e2nc\u0103ruri mediteraneene. F\u0103r\u0103 conservan\u021bi.\" \/>\n<meta name=\"robots\" content=\"index, follow, max-snippet:-1, max-image-preview:large, max-video-preview:-1\" \/>\n<link rel=\"canonical\" href=\"https:\/\/gustoitaliano.md\/ru\/product\/tondini-fasole-in-sos-de-rosii-la-cuptor-400-gr\/\" \/>\n<meta property=\"og:locale\" content=\"ru_RU\" \/>\n<meta property=\"og:type\" content=\"article\" \/>\n<meta property=\"og:title\" content=\"Tondini \/ Fasole in sos de rosii la cuptor 400 gr\" \/>\n<meta property=\"og:description\" content=\"Tondini \u2013 fasole \u00een sos de ro\u0219ii la cuptor 400g. Re\u021bet\u0103 italian\u0103 autentic\u0103, gust bogat \u0219i natural, perfect\u0103 pentru garnituri \u0219i m\u00e2nc\u0103ruri mediteraneene. F\u0103r\u0103 conservan\u021bi.\" \/>\n<meta property=\"og:url\" content=\"https:\/\/gustoitaliano.md\/ru\/product\/tondini-fasole-in-sos-de-rosii-la-cuptor-400-gr\/\" \/>\n<meta property=\"og:site_name\" content=\"Gusto Italiano\" \/>\n<meta property=\"article:publisher\" content=\"https:\/\/www.facebook.com\/GoldenGates.Moldova\" \/>\n<meta property=\"article:modified_time\" content=\"2025-10-09T15:30:43+00:00\" \/>\n<meta property=\"og:image\" content=\"https:\/\/gustoitaliano.md\/wp-content\/uploads\/2025\/10\/Fagioli-Tondini.png\" \/>\n\t<meta property=\"og:image:width\" content=\"433\" \/>\n\t<meta property=\"og:image:height\" content=\"577\" \/>\n\t<meta property=\"og:image:type\" content=\"image\/png\" \/>\n<meta name=\"twitter:card\" content=\"summary_large_image\" \/>\n<meta name=\"twitter:label1\" content=\"\u041f\u0440\u0438\u043c\u0435\u0440\u043d\u043e\u0435 \u0432\u0440\u0435\u043c\u044f \u0434\u043b\u044f \u0447\u0442\u0435\u043d\u0438\u044f\" \/>\n\t<meta name=\"twitter:data1\" content=\"1 \u043c\u0438\u043d\u0443\u0442\u0430\" \/>\n<script type=\"application\/ld+json\" class=\"yoast-schema-graph\">{\"@context\":\"https:\\\/\\\/schema.org\",\"@graph\":[{\"@type\":\"WebPage\",\"@id\":\"https:\\\/\\\/gustoitaliano.md\\\/product\\\/tondini-fasole-in-sos-de-rosii-la-cuptor-400-gr\\\/\",\"url\":\"https:\\\/\\\/gustoitaliano.md\\\/product\\\/tondini-fasole-in-sos-de-rosii-la-cuptor-400-gr\\\/\",\"name\":\"Tondini \\\/ Fasole in sos de rosii la cuptor 400 gr - Gusto Italiano\",\"isPartOf\":{\"@id\":\"https:\\\/\\\/gustoitaliano.md\\\/ro\\\/#website\"},\"primaryImageOfPage\":{\"@id\":\"https:\\\/\\\/gustoitaliano.md\\\/product\\\/tondini-fasole-in-sos-de-rosii-la-cuptor-400-gr\\\/#primaryimage\"},\"image\":{\"@id\":\"https:\\\/\\\/gustoitaliano.md\\\/product\\\/tondini-fasole-in-sos-de-rosii-la-cuptor-400-gr\\\/#primaryimage\"},\"thumbnailUrl\":\"https:\\\/\\\/gustoitaliano.md\\\/wp-content\\\/uploads\\\/2025\\\/10\\\/Fagioli-Tondini.png\",\"datePublished\":\"2025-10-09T15:30:41+00:00\",\"dateModified\":\"2025-10-09T15:30:43+00:00\",\"description\":\"Tondini \u2013 fasole \u00een sos de ro\u0219ii la cuptor 400g. Re\u021bet\u0103 italian\u0103 autentic\u0103, gust bogat \u0219i natural, perfect\u0103 pentru garnituri \u0219i m\u00e2nc\u0103ruri mediteraneene. F\u0103r\u0103 conservan\u021bi.\",\"breadcrumb\":{\"@id\":\"https:\\\/\\\/gustoitaliano.md\\\/product\\\/tondini-fasole-in-sos-de-rosii-la-cuptor-400-gr\\\/#breadcrumb\"},\"inLanguage\":\"ru-RU\",\"potentialAction\":[{\"@type\":\"ReadAction\",\"target\":[\"https:\\\/\\\/gustoitaliano.md\\\/product\\\/tondini-fasole-in-sos-de-rosii-la-cuptor-400-gr\\\/\"]}]},{\"@type\":\"ImageObject\",\"inLanguage\":\"ru-RU\",\"@id\":\"https:\\\/\\\/gustoitaliano.md\\\/product\\\/tondini-fasole-in-sos-de-rosii-la-cuptor-400-gr\\\/#primaryimage\",\"url\":\"https:\\\/\\\/gustoitaliano.md\\\/wp-content\\\/uploads\\\/2025\\\/10\\\/Fagioli-Tondini.png\",\"contentUrl\":\"https:\\\/\\\/gustoitaliano.md\\\/wp-content\\\/uploads\\\/2025\\\/10\\\/Fagioli-Tondini.png\",\"width\":433,\"height\":577},{\"@type\":\"BreadcrumbList\",\"@id\":\"https:\\\/\\\/gustoitaliano.md\\\/product\\\/tondini-fasole-in-sos-de-rosii-la-cuptor-400-gr\\\/#breadcrumb\",\"itemListElement\":[{\"@type\":\"ListItem\",\"position\":1,\"name\":\"Prima pagin\u0103\",\"item\":\"https:\\\/\\\/gustoitaliano.md\\\/\"},{\"@type\":\"ListItem\",\"position\":2,\"name\":\"Magazin\",\"item\":\"https:\\\/\\\/gustoitaliano.md\\\/ro\\\/magazin\\\/\"},{\"@type\":\"ListItem\",\"position\":3,\"name\":\"Conserve \u0219i semipreparate\",\"item\":\"https:\\\/\\\/gustoitaliano.md\\\/product-category\\\/conserve-si-semipreparate\\\/\"},{\"@type\":\"ListItem\",\"position\":4,\"name\":\"Semifabricate Legume conservate\",\"item\":\"https:\\\/\\\/gustoitaliano.md\\\/product-category\\\/conserve-si-semipreparate\\\/semifabricate-legume-conservate\\\/\"},{\"@type\":\"ListItem\",\"position\":5,\"name\":\"Tondini \\\/ Fasole in sos de rosii la cuptor 400 gr\"}]},{\"@type\":\"WebSite\",\"@id\":\"https:\\\/\\\/gustoitaliano.md\\\/ro\\\/#website\",\"url\":\"https:\\\/\\\/gustoitaliano.md\\\/ro\\\/\",\"name\":\"Gusto Italiano\",\"description\":\"Produse Autentice Italiene\",\"publisher\":{\"@id\":\"https:\\\/\\\/gustoitaliano.md\\\/ro\\\/#organization\"},\"potentialAction\":[{\"@type\":\"SearchAction\",\"target\":{\"@type\":\"EntryPoint\",\"urlTemplate\":\"https:\\\/\\\/gustoitaliano.md\\\/ro\\\/?s={search_term_string}\"},\"query-input\":{\"@type\":\"PropertyValueSpecification\",\"valueRequired\":true,\"valueName\":\"search_term_string\"}}],\"inLanguage\":\"ru-RU\"},{\"@type\":\"Organization\",\"@id\":\"https:\\\/\\\/gustoitaliano.md\\\/ro\\\/#organization\",\"name\":\"Gusto Italiano\",\"alternateName\":\"Golden Gates SRL\",\"url\":\"https:\\\/\\\/gustoitaliano.md\\\/ro\\\/\",\"logo\":{\"@type\":\"ImageObject\",\"inLanguage\":\"ru-RU\",\"@id\":\"https:\\\/\\\/gustoitaliano.md\\\/ro\\\/#\\\/schema\\\/logo\\\/image\\\/\",\"url\":\"https:\\\/\\\/gustoitaliano.md\\\/wp-content\\\/uploads\\\/2025\\\/05\\\/logo-gusutoitaliano-2-2.png\",\"contentUrl\":\"https:\\\/\\\/gustoitaliano.md\\\/wp-content\\\/uploads\\\/2025\\\/05\\\/logo-gusutoitaliano-2-2.png\",\"width\":180,\"height\":180,\"caption\":\"Gusto Italiano\"},\"image\":{\"@id\":\"https:\\\/\\\/gustoitaliano.md\\\/ro\\\/#\\\/schema\\\/logo\\\/image\\\/\"},\"sameAs\":[\"https:\\\/\\\/www.facebook.com\\\/GoldenGates.Moldova\"]}]}<\/script>\n<!-- \/ Yoast SEO Premium plugin. -->","yoast_head_json":{"title":"Tondini \/ Fasole in sos de rosii la cuptor 400 gr - Gusto Italiano","description":"Tondini \u2013 fasole \u00een sos de ro\u0219ii la cuptor 400g. Re\u021bet\u0103 italian\u0103 autentic\u0103, gust bogat \u0219i natural, perfect\u0103 pentru garnituri \u0219i m\u00e2nc\u0103ruri mediteraneene. F\u0103r\u0103 conservan\u021bi.","robots":{"index":"index","follow":"follow","max-snippet":"max-snippet:-1","max-image-preview":"max-image-preview:large","max-video-preview":"max-video-preview:-1"},"canonical":"https:\/\/gustoitaliano.md\/ru\/product\/tondini-fasole-in-sos-de-rosii-la-cuptor-400-gr\/","og_locale":"ru_RU","og_type":"article","og_title":"Tondini \/ Fasole in sos de rosii la cuptor 400 gr","og_description":"Tondini \u2013 fasole \u00een sos de ro\u0219ii la cuptor 400g. Re\u021bet\u0103 italian\u0103 autentic\u0103, gust bogat \u0219i natural, perfect\u0103 pentru garnituri \u0219i m\u00e2nc\u0103ruri mediteraneene. F\u0103r\u0103 conservan\u021bi.","og_url":"https:\/\/gustoitaliano.md\/ru\/product\/tondini-fasole-in-sos-de-rosii-la-cuptor-400-gr\/","og_site_name":"Gusto Italiano","article_publisher":"https:\/\/www.facebook.com\/GoldenGates.Moldova","article_modified_time":"2025-10-09T15:30:43+00:00","og_image":[{"width":433,"height":577,"url":"https:\/\/gustoitaliano.md\/wp-content\/uploads\/2025\/10\/Fagioli-Tondini.png","type":"image\/png"}],"twitter_card":"summary_large_image","twitter_misc":{"\u041f\u0440\u0438\u043c\u0435\u0440\u043d\u043e\u0435 \u0432\u0440\u0435\u043c\u044f \u0434\u043b\u044f \u0447\u0442\u0435\u043d\u0438\u044f":"1 \u043c\u0438\u043d\u0443\u0442\u0430"},"schema":{"@context":"https:\/\/schema.org","@graph":[{"@type":"WebPage","@id":"https:\/\/gustoitaliano.md\/product\/tondini-fasole-in-sos-de-rosii-la-cuptor-400-gr\/","url":"https:\/\/gustoitaliano.md\/product\/tondini-fasole-in-sos-de-rosii-la-cuptor-400-gr\/","name":"Tondini \/ Fasole in sos de rosii la cuptor 400 gr - Gusto Italiano","isPartOf":{"@id":"https:\/\/gustoitaliano.md\/ro\/#website"},"primaryImageOfPage":{"@id":"https:\/\/gustoitaliano.md\/product\/tondini-fasole-in-sos-de-rosii-la-cuptor-400-gr\/#primaryimage"},"image":{"@id":"https:\/\/gustoitaliano.md\/product\/tondini-fasole-in-sos-de-rosii-la-cuptor-400-gr\/#primaryimage"},"thumbnailUrl":"https:\/\/gustoitaliano.md\/wp-content\/uploads\/2025\/10\/Fagioli-Tondini.png","datePublished":"2025-10-09T15:30:41+00:00","dateModified":"2025-10-09T15:30:43+00:00","description":"Tondini \u2013 fasole \u00een sos de ro\u0219ii la cuptor 400g. Re\u021bet\u0103 italian\u0103 autentic\u0103, gust bogat \u0219i natural, perfect\u0103 pentru garnituri \u0219i m\u00e2nc\u0103ruri mediteraneene. F\u0103r\u0103 conservan\u021bi.","breadcrumb":{"@id":"https:\/\/gustoitaliano.md\/product\/tondini-fasole-in-sos-de-rosii-la-cuptor-400-gr\/#breadcrumb"},"inLanguage":"ru-RU","potentialAction":[{"@type":"ReadAction","target":["https:\/\/gustoitaliano.md\/product\/tondini-fasole-in-sos-de-rosii-la-cuptor-400-gr\/"]}]},{"@type":"ImageObject","inLanguage":"ru-RU","@id":"https:\/\/gustoitaliano.md\/product\/tondini-fasole-in-sos-de-rosii-la-cuptor-400-gr\/#primaryimage","url":"https:\/\/gustoitaliano.md\/wp-content\/uploads\/2025\/10\/Fagioli-Tondini.png","contentUrl":"https:\/\/gustoitaliano.md\/wp-content\/uploads\/2025\/10\/Fagioli-Tondini.png","width":433,"height":577},{"@type":"BreadcrumbList","@id":"https:\/\/gustoitaliano.md\/product\/tondini-fasole-in-sos-de-rosii-la-cuptor-400-gr\/#breadcrumb","itemListElement":[{"@type":"ListItem","position":1,"name":"Prima pagin\u0103","item":"https:\/\/gustoitaliano.md\/"},{"@type":"ListItem","position":2,"name":"Magazin","item":"https:\/\/gustoitaliano.md\/ro\/magazin\/"},{"@type":"ListItem","position":3,"name":"Conserve \u0219i semipreparate","item":"https:\/\/gustoitaliano.md\/product-category\/conserve-si-semipreparate\/"},{"@type":"ListItem","position":4,"name":"Semifabricate Legume conservate","item":"https:\/\/gustoitaliano.md\/product-category\/conserve-si-semipreparate\/semifabricate-legume-conservate\/"},{"@type":"ListItem","position":5,"name":"Tondini \/ Fasole in sos de rosii la cuptor 400 gr"}]},{"@type":"WebSite","@id":"https:\/\/gustoitaliano.md\/ro\/#website","url":"https:\/\/gustoitaliano.md\/ro\/","name":"Gusto Italiano","description":"\u0410\u0443\u0442\u0435\u043d\u0442\u0438\u0447\u043d\u044b\u0435 \u0438\u0442\u0430\u043b\u044c\u044f\u043d\u0441\u043a\u0438\u0435 \u043f\u0440\u043e\u0434\u0443\u043a\u0442\u044b","publisher":{"@id":"https:\/\/gustoitaliano.md\/ro\/#organization"},"potentialAction":[{"@type":"SearchAction","target":{"@type":"EntryPoint","urlTemplate":"https:\/\/gustoitaliano.md\/ro\/?s={search_term_string}"},"query-input":{"@type":"PropertyValueSpecification","valueRequired":true,"valueName":"search_term_string"}}],"inLanguage":"ru-RU"},{"@type":"Organization","@id":"https:\/\/gustoitaliano.md\/ro\/#organization","name":"Gusto Italiano","alternateName":"Golden Gates SRL","url":"https:\/\/gustoitaliano.md\/ro\/","logo":{"@type":"ImageObject","inLanguage":"ru-RU","@id":"https:\/\/gustoitaliano.md\/ro\/#\/schema\/logo\/image\/","url":"https:\/\/gustoitaliano.md\/wp-content\/uploads\/2025\/05\/logo-gusutoitaliano-2-2.png","contentUrl":"https:\/\/gustoitaliano.md\/wp-content\/uploads\/2025\/05\/logo-gusutoitaliano-2-2.png","width":180,"height":180,"caption":"Gusto Italiano"},"image":{"@id":"https:\/\/gustoitaliano.md\/ro\/#\/schema\/logo\/image\/"},"sameAs":["https:\/\/www.facebook.com\/GoldenGates.Moldova"]}]}},"_links":{"self":[{"href":"https:\/\/gustoitaliano.md\/ru\/wp-json\/wp\/v2\/product\/49656","targetHints":{"allow":["GET"]}}],"collection":[{"href":"https:\/\/gustoitaliano.md\/ru\/wp-json\/wp\/v2\/product"}],"about":[{"href":"https:\/\/gustoitaliano.md\/ru\/wp-json\/wp\/v2\/types\/product"}],"version-history":[{"count":0,"href":"https:\/\/gustoitaliano.md\/ru\/wp-json\/wp\/v2\/product\/49656\/revisions"}],"wp:featuredmedia":[{"embeddable":true,"href":"https:\/\/gustoitaliano.md\/ru\/wp-json\/wp\/v2\/media\/49640"}],"wp:attachment":[{"href":"https:\/\/gustoitaliano.md\/ru\/wp-json\/wp\/v2\/media?parent=49656"}],"wp:term":[{"taxonomy":"product_brand","embeddable":true,"href":"https:\/\/gustoitaliano.md\/ru\/wp-json\/wp\/v2\/product_brand?post=49656"},{"taxonomy":"product_cat","embeddable":true,"href":"https:\/\/gustoitaliano.md\/ru\/wp-json\/wp\/v2\/product_cat?post=49656"},{"taxonomy":"product_tag","embeddable":true,"href":"https:\/\/gustoitaliano.md\/ru\/wp-json\/wp\/v2\/product_tag?post=49656"}],"curies":[{"name":"wp","href":"https:\/\/api.w.org\/{rel}","templated":true}]}}