{"id":49681,"date":"2025-10-10T08:47:19","date_gmt":"2025-10-10T05:47:19","guid":{"rendered":"https:\/\/gustoitaliano.md\/?post_type=product&#038;p=49681"},"modified":"2026-03-11T08:10:35","modified_gmt":"2026-03-11T06:10:35","slug":"brie-ma-cremiere-branza-franceza-fina-cu-mucegai-alb","status":"publish","type":"product","link":"https:\/\/gustoitaliano.md\/ru\/product\/brie-ma-cremiere-branza-franceza-fina-cu-mucegai-alb\/","title":{"rendered":"Brie Ma Cremiere \/ \u0418\u0437\u044b\u0441\u043a\u0430\u043d\u043d\u044b\u0439 \u0444\u0440\u0430\u043d\u0446\u0443\u0437\u0441\u043a\u0438\u0439 \u0441\u044b\u0440 \u0441 \u0431\u0435\u043b\u043e\u0439 \u043f\u043b\u0435\u0441\u0435\u043d\u044c\u044e"},"content":{"rendered":"<p>Brie Ma Cr\u00e8mi\u00e8re - \u044d\u0442\u043e \u043f\u0440\u0435\u043a\u0440\u0430\u0441\u043d\u044b\u0439 \u0441\u044b\u0440 \u0441 \u0431\u0435\u043b\u043e\u0439 \u043f\u043b\u0435\u0441\u0435\u043d\u044c\u044e, \u0438\u0437\u0433\u043e\u0442\u043e\u0432\u043b\u0435\u043d\u043d\u044b\u0439 \u0438\u0437 \u043f\u0430\u0441\u0442\u0435\u0440\u0438\u0437\u043e\u0432\u0430\u043d\u043d\u043e\u0433\u043e \u043a\u043e\u0440\u043e\u0432\u044c\u0435\u0433\u043e \u043c\u043e\u043b\u043e\u043a\u0430, \u0441 \u043a\u0440\u0435\u043c\u043e\u0432\u043e\u0439 \u0442\u0435\u043a\u0441\u0442\u0443\u0440\u043e\u0439 \u0438 \u043d\u0435\u0436\u043d\u044b\u043c, \u0441\u043b\u0435\u0433\u043a\u0430 \u0441\u043b\u0430\u0434\u043a\u043e\u0432\u0430\u0442\u044b\u043c \u0432\u043a\u0443\u0441\u043e\u043c. \u042d\u0442\u043e\u0442 \u0441\u044b\u0440, \u0440\u043e\u0434\u043e\u043c \u0438\u0437 \u0444\u0440\u0430\u043d\u0446\u0443\u0437\u0441\u043a\u043e\u0439 \u0442\u0440\u0430\u0434\u0438\u0446\u0438\u0438, \u043e\u0442\u043b\u0438\u0447\u0430\u0435\u0442\u0441\u044f \u0441\u0431\u0430\u043b\u0430\u043d\u0441\u0438\u0440\u043e\u0432\u0430\u043d\u043d\u044b\u043c \u0438 \u0431\u0430\u0440\u0445\u0430\u0442\u0438\u0441\u0442\u044b\u043c \u0432\u043a\u0443\u0441\u043e\u043c, \u0447\u0442\u043e \u0434\u0435\u043b\u0430\u0435\u0442 \u0435\u0433\u043e \u0438\u0434\u0435\u0430\u043b\u044c\u043d\u044b\u043c \u0432\u044b\u0431\u043e\u0440\u043e\u043c \u0434\u043b\u044f \u0441\u044b\u0440\u043d\u044b\u0445 \u0442\u0430\u0440\u0435\u043b\u043e\u043a, \u0438\u0437\u044b\u0441\u043a\u0430\u043d\u043d\u044b\u0445 \u0437\u0430\u043a\u0443\u0441\u043e\u043a \u0438\u043b\u0438 \u043f\u043e\u0434\u0430\u0447\u0438 \u0441 \u0444\u0440\u0443\u043a\u0442\u0430\u043c\u0438 \u0438 \u0431\u0435\u043b\u044b\u043c\u0438 \u0432\u0438\u043d\u0430\u043c\u0438.<\/p>","protected":false},"excerpt":{"rendered":"<p>Brie Ma Cr\u00e8mi\u00e8re este o br\u00e2nz\u0103 fin\u0103 cu mucegai alb, produs\u0103 din lapte de vac\u0103 pasteurizat, cu o textur\u0103 cremoas\u0103<\/p>","protected":false},"featured_media":49684,"template":"","meta":[],"product_brand":[2416],"product_cat":[2401],"product_tag":[],"class_list":{"0":"post-49681","1":"product","2":"type-product","3":"status-publish","4":"has-post-thumbnail","6":"product_brand-zarpellon","7":"product_cat-branzeturi-moi-cremoase","9":"first","10":"instock","11":"taxable","12":"shipping-taxable","13":"purchasable","14":"product-type-simple"},"yoast_head":"<!-- This site is optimized with the Yoast SEO Premium plugin v26.5 (Yoast SEO v27.3) - https:\/\/yoast.com\/product\/yoast-seo-premium-wordpress\/ -->\n<title>Brie Ma Cremiere \/ Branza franceza fina cu mucegai alb - Gusto Italiano<\/title>\n<meta name=\"description\" content=\"Descoper\u0103 br\u00e2nza Brie La Cr\u00e8mi\u00e8re \u2013 o specialitate fran\u021buzeasc\u0103 cu textur\u0103 cremoas\u0103 \u0219i arom\u0103 delicat\u0103, perfect\u0103 pentru platouri gourmet \u0219i combina\u021bii rafinate cu vin alb. Disponibil\u0103 acum pe gustoitaliano.md.\" \/>\n<meta name=\"robots\" content=\"index, follow, max-snippet:-1, max-image-preview:large, max-video-preview:-1\" \/>\n<link rel=\"canonical\" href=\"https:\/\/gustoitaliano.md\/ru\/product\/brie-ma-cremiere-branza-franceza-fina-cu-mucegai-alb\/\" \/>\n<meta property=\"og:locale\" content=\"ru_RU\" \/>\n<meta property=\"og:type\" content=\"article\" \/>\n<meta property=\"og:title\" content=\"Brie Ma Cremiere \/ Branza franceza fina cu mucegai alb\" \/>\n<meta property=\"og:description\" content=\"Descoper\u0103 br\u00e2nza Brie La Cr\u00e8mi\u00e8re \u2013 o specialitate fran\u021buzeasc\u0103 cu textur\u0103 cremoas\u0103 \u0219i arom\u0103 delicat\u0103, perfect\u0103 pentru platouri gourmet \u0219i combina\u021bii rafinate cu vin alb. Disponibil\u0103 acum pe gustoitaliano.md.\" \/>\n<meta property=\"og:url\" content=\"https:\/\/gustoitaliano.md\/ru\/product\/brie-ma-cremiere-branza-franceza-fina-cu-mucegai-alb\/\" \/>\n<meta property=\"og:site_name\" content=\"Gusto Italiano\" \/>\n<meta property=\"article:publisher\" content=\"https:\/\/www.facebook.com\/GoldenGates.Moldova\" \/>\n<meta property=\"article:modified_time\" content=\"2026-03-11T06:10:35+00:00\" \/>\n<meta property=\"og:image\" content=\"https:\/\/gustoitaliano.md\/wp-content\/uploads\/2025\/10\/Brie-Ma-Cremiere-1-kg.jpg\" \/>\n\t<meta property=\"og:image:width\" content=\"900\" \/>\n\t<meta property=\"og:image:height\" content=\"900\" \/>\n\t<meta property=\"og:image:type\" content=\"image\/jpeg\" \/>\n<meta name=\"twitter:card\" content=\"summary_large_image\" \/>\n<meta name=\"twitter:label1\" content=\"\u041f\u0440\u0438\u043c\u0435\u0440\u043d\u043e\u0435 \u0432\u0440\u0435\u043c\u044f \u0434\u043b\u044f \u0447\u0442\u0435\u043d\u0438\u044f\" \/>\n\t<meta name=\"twitter:data1\" content=\"1 \u043c\u0438\u043d\u0443\u0442\u0430\" \/>\n<script type=\"application\/ld+json\" class=\"yoast-schema-graph\">{\"@context\":\"https:\\\/\\\/schema.org\",\"@graph\":[{\"@type\":\"WebPage\",\"@id\":\"https:\\\/\\\/gustoitaliano.md\\\/product\\\/brie-ma-cremiere-branza-franceza-fina-cu-mucegai-alb\\\/\",\"url\":\"https:\\\/\\\/gustoitaliano.md\\\/product\\\/brie-ma-cremiere-branza-franceza-fina-cu-mucegai-alb\\\/\",\"name\":\"Brie Ma Cremiere \\\/ Branza franceza fina cu mucegai alb - Gusto Italiano\",\"isPartOf\":{\"@id\":\"https:\\\/\\\/gustoitaliano.md\\\/ro\\\/#website\"},\"primaryImageOfPage\":{\"@id\":\"https:\\\/\\\/gustoitaliano.md\\\/product\\\/brie-ma-cremiere-branza-franceza-fina-cu-mucegai-alb\\\/#primaryimage\"},\"image\":{\"@id\":\"https:\\\/\\\/gustoitaliano.md\\\/product\\\/brie-ma-cremiere-branza-franceza-fina-cu-mucegai-alb\\\/#primaryimage\"},\"thumbnailUrl\":\"https:\\\/\\\/gustoitaliano.md\\\/wp-content\\\/uploads\\\/2025\\\/10\\\/Brie-Ma-Cremiere-1-kg.jpg\",\"datePublished\":\"2025-10-10T05:47:19+00:00\",\"dateModified\":\"2026-03-11T06:10:35+00:00\",\"description\":\"Descoper\u0103 br\u00e2nza Brie La Cr\u00e8mi\u00e8re \u2013 o specialitate fran\u021buzeasc\u0103 cu textur\u0103 cremoas\u0103 \u0219i arom\u0103 delicat\u0103, perfect\u0103 pentru platouri gourmet \u0219i combina\u021bii rafinate cu vin alb. Disponibil\u0103 acum pe gustoitaliano.md.\",\"breadcrumb\":{\"@id\":\"https:\\\/\\\/gustoitaliano.md\\\/product\\\/brie-ma-cremiere-branza-franceza-fina-cu-mucegai-alb\\\/#breadcrumb\"},\"inLanguage\":\"ru-RU\",\"potentialAction\":[{\"@type\":\"ReadAction\",\"target\":[\"https:\\\/\\\/gustoitaliano.md\\\/product\\\/brie-ma-cremiere-branza-franceza-fina-cu-mucegai-alb\\\/\"]}]},{\"@type\":\"ImageObject\",\"inLanguage\":\"ru-RU\",\"@id\":\"https:\\\/\\\/gustoitaliano.md\\\/product\\\/brie-ma-cremiere-branza-franceza-fina-cu-mucegai-alb\\\/#primaryimage\",\"url\":\"https:\\\/\\\/gustoitaliano.md\\\/wp-content\\\/uploads\\\/2025\\\/10\\\/Brie-Ma-Cremiere-1-kg.jpg\",\"contentUrl\":\"https:\\\/\\\/gustoitaliano.md\\\/wp-content\\\/uploads\\\/2025\\\/10\\\/Brie-Ma-Cremiere-1-kg.jpg\",\"width\":900,\"height\":900},{\"@type\":\"BreadcrumbList\",\"@id\":\"https:\\\/\\\/gustoitaliano.md\\\/product\\\/brie-ma-cremiere-branza-franceza-fina-cu-mucegai-alb\\\/#breadcrumb\",\"itemListElement\":[{\"@type\":\"ListItem\",\"position\":1,\"name\":\"Prima pagin\u0103\",\"item\":\"https:\\\/\\\/gustoitaliano.md\\\/\"},{\"@type\":\"ListItem\",\"position\":2,\"name\":\"Magazin\",\"item\":\"https:\\\/\\\/gustoitaliano.md\\\/ro\\\/magazin\\\/\"},{\"@type\":\"ListItem\",\"position\":3,\"name\":\"Br\u00e2nzeturi\",\"item\":\"https:\\\/\\\/gustoitaliano.md\\\/product-category\\\/branzeturi\\\/\"},{\"@type\":\"ListItem\",\"position\":4,\"name\":\"Br\u00e2nzeturi moi &amp; cremoase\",\"item\":\"https:\\\/\\\/gustoitaliano.md\\\/product-category\\\/branzeturi\\\/branzeturi-moi-cremoase\\\/\"},{\"@type\":\"ListItem\",\"position\":5,\"name\":\"Brie Ma Cremiere \\\/ Branza franceza fina cu mucegai alb\"}]},{\"@type\":\"WebSite\",\"@id\":\"https:\\\/\\\/gustoitaliano.md\\\/ro\\\/#website\",\"url\":\"https:\\\/\\\/gustoitaliano.md\\\/ro\\\/\",\"name\":\"Gusto Italiano\",\"description\":\"Produse Autentice Italiene\",\"publisher\":{\"@id\":\"https:\\\/\\\/gustoitaliano.md\\\/ro\\\/#organization\"},\"potentialAction\":[{\"@type\":\"SearchAction\",\"target\":{\"@type\":\"EntryPoint\",\"urlTemplate\":\"https:\\\/\\\/gustoitaliano.md\\\/ro\\\/?s={search_term_string}\"},\"query-input\":{\"@type\":\"PropertyValueSpecification\",\"valueRequired\":true,\"valueName\":\"search_term_string\"}}],\"inLanguage\":\"ru-RU\"},{\"@type\":\"Organization\",\"@id\":\"https:\\\/\\\/gustoitaliano.md\\\/ro\\\/#organization\",\"name\":\"Gusto Italiano\",\"alternateName\":\"Golden Gates SRL\",\"url\":\"https:\\\/\\\/gustoitaliano.md\\\/ro\\\/\",\"logo\":{\"@type\":\"ImageObject\",\"inLanguage\":\"ru-RU\",\"@id\":\"https:\\\/\\\/gustoitaliano.md\\\/ro\\\/#\\\/schema\\\/logo\\\/image\\\/\",\"url\":\"https:\\\/\\\/gustoitaliano.md\\\/wp-content\\\/uploads\\\/2025\\\/05\\\/logo-gusutoitaliano-2-2.png\",\"contentUrl\":\"https:\\\/\\\/gustoitaliano.md\\\/wp-content\\\/uploads\\\/2025\\\/05\\\/logo-gusutoitaliano-2-2.png\",\"width\":180,\"height\":180,\"caption\":\"Gusto Italiano\"},\"image\":{\"@id\":\"https:\\\/\\\/gustoitaliano.md\\\/ro\\\/#\\\/schema\\\/logo\\\/image\\\/\"},\"sameAs\":[\"https:\\\/\\\/www.facebook.com\\\/GoldenGates.Moldova\"]}]}<\/script>\n<!-- \/ Yoast SEO Premium plugin. -->","yoast_head_json":{"title":"Brie Ma Cremiere \/ Branza franceza fina cu mucegai alb - Gusto Italiano","description":"Descoper\u0103 br\u00e2nza Brie La Cr\u00e8mi\u00e8re \u2013 o specialitate fran\u021buzeasc\u0103 cu textur\u0103 cremoas\u0103 \u0219i arom\u0103 delicat\u0103, perfect\u0103 pentru platouri gourmet \u0219i combina\u021bii rafinate cu vin alb. Disponibil\u0103 acum pe gustoitaliano.md.","robots":{"index":"index","follow":"follow","max-snippet":"max-snippet:-1","max-image-preview":"max-image-preview:large","max-video-preview":"max-video-preview:-1"},"canonical":"https:\/\/gustoitaliano.md\/ru\/product\/brie-ma-cremiere-branza-franceza-fina-cu-mucegai-alb\/","og_locale":"ru_RU","og_type":"article","og_title":"Brie Ma Cremiere \/ Branza franceza fina cu mucegai alb","og_description":"Descoper\u0103 br\u00e2nza Brie La Cr\u00e8mi\u00e8re \u2013 o specialitate fran\u021buzeasc\u0103 cu textur\u0103 cremoas\u0103 \u0219i arom\u0103 delicat\u0103, perfect\u0103 pentru platouri gourmet \u0219i combina\u021bii rafinate cu vin alb. Disponibil\u0103 acum pe gustoitaliano.md.","og_url":"https:\/\/gustoitaliano.md\/ru\/product\/brie-ma-cremiere-branza-franceza-fina-cu-mucegai-alb\/","og_site_name":"Gusto Italiano","article_publisher":"https:\/\/www.facebook.com\/GoldenGates.Moldova","article_modified_time":"2026-03-11T06:10:35+00:00","og_image":[{"width":900,"height":900,"url":"https:\/\/gustoitaliano.md\/wp-content\/uploads\/2025\/10\/Brie-Ma-Cremiere-1-kg.jpg","type":"image\/jpeg"}],"twitter_card":"summary_large_image","twitter_misc":{"\u041f\u0440\u0438\u043c\u0435\u0440\u043d\u043e\u0435 \u0432\u0440\u0435\u043c\u044f \u0434\u043b\u044f \u0447\u0442\u0435\u043d\u0438\u044f":"1 \u043c\u0438\u043d\u0443\u0442\u0430"},"schema":{"@context":"https:\/\/schema.org","@graph":[{"@type":"WebPage","@id":"https:\/\/gustoitaliano.md\/product\/brie-ma-cremiere-branza-franceza-fina-cu-mucegai-alb\/","url":"https:\/\/gustoitaliano.md\/product\/brie-ma-cremiere-branza-franceza-fina-cu-mucegai-alb\/","name":"Brie Ma Cremiere \/ Branza franceza fina cu mucegai alb - Gusto Italiano","isPartOf":{"@id":"https:\/\/gustoitaliano.md\/ro\/#website"},"primaryImageOfPage":{"@id":"https:\/\/gustoitaliano.md\/product\/brie-ma-cremiere-branza-franceza-fina-cu-mucegai-alb\/#primaryimage"},"image":{"@id":"https:\/\/gustoitaliano.md\/product\/brie-ma-cremiere-branza-franceza-fina-cu-mucegai-alb\/#primaryimage"},"thumbnailUrl":"https:\/\/gustoitaliano.md\/wp-content\/uploads\/2025\/10\/Brie-Ma-Cremiere-1-kg.jpg","datePublished":"2025-10-10T05:47:19+00:00","dateModified":"2026-03-11T06:10:35+00:00","description":"Descoper\u0103 br\u00e2nza Brie La Cr\u00e8mi\u00e8re \u2013 o specialitate fran\u021buzeasc\u0103 cu textur\u0103 cremoas\u0103 \u0219i arom\u0103 delicat\u0103, perfect\u0103 pentru platouri gourmet \u0219i combina\u021bii rafinate cu vin alb. Disponibil\u0103 acum pe gustoitaliano.md.","breadcrumb":{"@id":"https:\/\/gustoitaliano.md\/product\/brie-ma-cremiere-branza-franceza-fina-cu-mucegai-alb\/#breadcrumb"},"inLanguage":"ru-RU","potentialAction":[{"@type":"ReadAction","target":["https:\/\/gustoitaliano.md\/product\/brie-ma-cremiere-branza-franceza-fina-cu-mucegai-alb\/"]}]},{"@type":"ImageObject","inLanguage":"ru-RU","@id":"https:\/\/gustoitaliano.md\/product\/brie-ma-cremiere-branza-franceza-fina-cu-mucegai-alb\/#primaryimage","url":"https:\/\/gustoitaliano.md\/wp-content\/uploads\/2025\/10\/Brie-Ma-Cremiere-1-kg.jpg","contentUrl":"https:\/\/gustoitaliano.md\/wp-content\/uploads\/2025\/10\/Brie-Ma-Cremiere-1-kg.jpg","width":900,"height":900},{"@type":"BreadcrumbList","@id":"https:\/\/gustoitaliano.md\/product\/brie-ma-cremiere-branza-franceza-fina-cu-mucegai-alb\/#breadcrumb","itemListElement":[{"@type":"ListItem","position":1,"name":"Prima pagin\u0103","item":"https:\/\/gustoitaliano.md\/"},{"@type":"ListItem","position":2,"name":"Magazin","item":"https:\/\/gustoitaliano.md\/ro\/magazin\/"},{"@type":"ListItem","position":3,"name":"Br\u00e2nzeturi","item":"https:\/\/gustoitaliano.md\/product-category\/branzeturi\/"},{"@type":"ListItem","position":4,"name":"Br\u00e2nzeturi moi &amp; cremoase","item":"https:\/\/gustoitaliano.md\/product-category\/branzeturi\/branzeturi-moi-cremoase\/"},{"@type":"ListItem","position":5,"name":"Brie Ma Cremiere \/ Branza franceza fina cu mucegai alb"}]},{"@type":"WebSite","@id":"https:\/\/gustoitaliano.md\/ro\/#website","url":"https:\/\/gustoitaliano.md\/ro\/","name":"Gusto Italiano","description":"\u0410\u0443\u0442\u0435\u043d\u0442\u0438\u0447\u043d\u044b\u0435 \u0438\u0442\u0430\u043b\u044c\u044f\u043d\u0441\u043a\u0438\u0435 \u043f\u0440\u043e\u0434\u0443\u043a\u0442\u044b","publisher":{"@id":"https:\/\/gustoitaliano.md\/ro\/#organization"},"potentialAction":[{"@type":"SearchAction","target":{"@type":"EntryPoint","urlTemplate":"https:\/\/gustoitaliano.md\/ro\/?s={search_term_string}"},"query-input":{"@type":"PropertyValueSpecification","valueRequired":true,"valueName":"search_term_string"}}],"inLanguage":"ru-RU"},{"@type":"Organization","@id":"https:\/\/gustoitaliano.md\/ro\/#organization","name":"Gusto Italiano","alternateName":"Golden Gates SRL","url":"https:\/\/gustoitaliano.md\/ro\/","logo":{"@type":"ImageObject","inLanguage":"ru-RU","@id":"https:\/\/gustoitaliano.md\/ro\/#\/schema\/logo\/image\/","url":"https:\/\/gustoitaliano.md\/wp-content\/uploads\/2025\/05\/logo-gusutoitaliano-2-2.png","contentUrl":"https:\/\/gustoitaliano.md\/wp-content\/uploads\/2025\/05\/logo-gusutoitaliano-2-2.png","width":180,"height":180,"caption":"Gusto Italiano"},"image":{"@id":"https:\/\/gustoitaliano.md\/ro\/#\/schema\/logo\/image\/"},"sameAs":["https:\/\/www.facebook.com\/GoldenGates.Moldova"]}]}},"_links":{"self":[{"href":"https:\/\/gustoitaliano.md\/ru\/wp-json\/wp\/v2\/product\/49681","targetHints":{"allow":["GET"]}}],"collection":[{"href":"https:\/\/gustoitaliano.md\/ru\/wp-json\/wp\/v2\/product"}],"about":[{"href":"https:\/\/gustoitaliano.md\/ru\/wp-json\/wp\/v2\/types\/product"}],"version-history":[{"count":0,"href":"https:\/\/gustoitaliano.md\/ru\/wp-json\/wp\/v2\/product\/49681\/revisions"}],"wp:featuredmedia":[{"embeddable":true,"href":"https:\/\/gustoitaliano.md\/ru\/wp-json\/wp\/v2\/media\/49684"}],"wp:attachment":[{"href":"https:\/\/gustoitaliano.md\/ru\/wp-json\/wp\/v2\/media?parent=49681"}],"wp:term":[{"taxonomy":"product_brand","embeddable":true,"href":"https:\/\/gustoitaliano.md\/ru\/wp-json\/wp\/v2\/product_brand?post=49681"},{"taxonomy":"product_cat","embeddable":true,"href":"https:\/\/gustoitaliano.md\/ru\/wp-json\/wp\/v2\/product_cat?post=49681"},{"taxonomy":"product_tag","embeddable":true,"href":"https:\/\/gustoitaliano.md\/ru\/wp-json\/wp\/v2\/product_tag?post=49681"}],"curies":[{"name":"wp","href":"https:\/\/api.w.org\/{rel}","templated":true}]}}