{"id":49720,"date":"2025-10-10T12:40:27","date_gmt":"2025-10-10T09:40:27","guid":{"rendered":"https:\/\/gustoitaliano.md\/?post_type=product&#038;p=49720"},"modified":"2026-01-19T12:10:52","modified_gmt":"2026-01-19T10:10:52","slug":"filetti-di-acciughe-maruzzella-olio-doliva-file-hamsii-in-ulei-de-masline-48-gr","status":"publish","type":"product","link":"https:\/\/gustoitaliano.md\/ru\/product\/filetti-di-acciughe-maruzzella-olio-doliva-file-hamsii-in-ulei-de-masline-48-gr\/","title":{"rendered":"\u0424\u0438\u043b\u0435 \u0430\u043d\u0447\u043e\u0443\u0441\u043e\u0432 Hamsii \/ Maruzzella \u043e\u043b\u0438\u0432\u043a\u043e\u0432\u043e\u0435 \u043c\u0430\u0441\u043b\u043e 48 \u0433\u0440."},"content":{"rendered":"<p data-start=\"430\" data-end=\"719\"><strong data-start=\"430\" data-end=\"481\">Maruzzella \u0424\u0438\u043b\u0435 \u0430\u043d\u0447\u043e\u0443\u0441\u043e\u0432 \u0432 \u043e\u043b\u0438\u0432\u043a\u043e\u0432\u043e\u043c \u043c\u0430\u0441\u043b\u0435<\/strong> \u042d\u0442\u043e \u0442\u0449\u0430\u0442\u0435\u043b\u044c\u043d\u043e \u043e\u0442\u043e\u0431\u0440\u0430\u043d\u043d\u044b\u0435 \u0438\u0442\u0430\u043b\u044c\u044f\u043d\u0441\u043a\u0438\u0435 \u0430\u043d\u0447\u043e\u0443\u0441\u044b, \u043a\u043e\u043d\u0441\u0435\u0440\u0432\u0438\u0440\u043e\u0432\u0430\u043d\u043d\u044b\u0435 \u0432 <strong data-start=\"537\" data-end=\"556\">\u041e\u043b\u0438\u0432\u043a\u043e\u0432\u043e\u0435 \u043c\u0430\u0441\u043b\u043e<\/strong>, \u0434\u043b\u044f \u0438\u043d\u0442\u0435\u043d\u0441\u0438\u0432\u043d\u043e\u0433\u043e \u0438 \u0441\u0431\u0430\u043b\u0430\u043d\u0441\u0438\u0440\u043e\u0432\u0430\u043d\u043d\u043e\u0433\u043e \u0432\u043a\u0443\u0441\u0430, \u0445\u0430\u0440\u0430\u043a\u0442\u0435\u0440\u043d\u043e\u0433\u043e \u0434\u043b\u044f \u0441\u0440\u0435\u0434\u0438\u0437\u0435\u043c\u043d\u043e\u043c\u043e\u0440\u0441\u043a\u043e\u0439 \u043a\u0443\u0445\u043d\u0438. \u0424\u0438\u043b\u0435 \u043d\u0435\u0436\u043d\u043e\u0435, \u0447\u0438\u0441\u0442\u043e\u0435 \u0438 \u0445\u043e\u0440\u043e\u0448\u043e \u043f\u0440\u043e\u0440\u0430\u0431\u043e\u0442\u0430\u043d\u043d\u043e\u0435, \u0438\u0434\u0435\u0430\u043b\u044c\u043d\u043e \u043f\u043e\u0434\u0445\u043e\u0434\u0438\u0442 \u0434\u043b\u044f \u043a\u043b\u0430\u0441\u0441\u0438\u0447\u0435\u0441\u043a\u0438\u0445 \u0438\u0442\u0430\u043b\u044c\u044f\u043d\u0441\u043a\u0438\u0445 \u0440\u0435\u0446\u0435\u043f\u0442\u043e\u0432.<\/p>\n<p data-start=\"721\" data-end=\"906\">\u0424\u043e\u0440\u043c\u0430\u0442 <strong data-start=\"733\" data-end=\"741\">48 g<\/strong> \u041e\u043d \u043f\u0440\u0430\u043a\u0442\u0438\u0447\u0435\u043d \u0438 \u043f\u043e\u0434\u0445\u043e\u0434\u0438\u0442 \u0434\u043b\u044f \u0431\u044b\u0441\u0442\u0440\u043e\u0433\u043e \u0443\u043f\u043e\u0442\u0440\u0435\u0431\u043b\u0435\u043d\u0438\u044f, \u0442\u043e\u0447\u043d\u043e\u0433\u043e \u043f\u043e\u0440\u0446\u0438\u043e\u043d\u0438\u0440\u043e\u0432\u0430\u043d\u0438\u044f \u0438\u043b\u0438 \u0434\u043b\u044f \u0438\u0441\u043f\u043e\u043b\u044c\u0437\u043e\u0432\u0430\u043d\u0438\u044f \u0432 \u043f\u0440\u0435\u043f\u0430\u0440\u0430\u0442\u0430\u0445, \u0433\u0434\u0435 \u0442\u0440\u0435\u0431\u0443\u0435\u0442\u0441\u044f \u043d\u0435\u0431\u043e\u043b\u044c\u0448\u043e\u0435, \u043d\u043e \u043a\u0430\u0447\u0435\u0441\u0442\u0432\u0435\u043d\u043d\u043e\u0435 \u043a\u043e\u043b\u0438\u0447\u0435\u0441\u0442\u0432\u043e.<\/p>\n<p data-start=\"908\" data-end=\"992\">\u0418\u0434\u0435\u0430\u043b\u044c\u043d\u043e \u043f\u043e\u0434\u0445\u043e\u0434\u0438\u0442 \u0434\u043b\u044f <strong data-start=\"924\" data-end=\"989\">\u041f\u0438\u0446\u0446\u0430, \u043f\u0430\u0441\u0442\u0430, \u0431\u0440\u0443\u0441\u043a\u0435\u0442\u0442\u044b, \u0441\u043e\u0443\u0441\u044b, \u0441\u0430\u043b\u0430\u0442\u044b \u0438 \u0438\u0437\u044b\u0441\u043a\u0430\u043d\u043d\u044b\u0435 \u0437\u0430\u043a\u0443\u0441\u043a\u0438<\/strong>.<\/p>\n<ul data-start=\"994\" data-end=\"1215\">\n<li data-start=\"994\" data-end=\"1035\">\n<p data-start=\"996\" data-end=\"1035\">\u0422\u0438\u043f \u043f\u0440\u043e\u0434\u0443\u043a\u0442\u0430: \u0444\u0438\u043b\u0435 \u0430\u043d\u0447\u043e\u0443\u0441\u0430<\/p>\n<\/li>\n<li data-start=\"1036\" data-end=\"1067\">\n<p data-start=\"1038\" data-end=\"1067\">\u041a\u043e\u043d\u0441\u0435\u0440\u0432\u0430\u0446\u0438\u044f: \u043e\u043b\u0438\u0432\u043a\u043e\u0432\u043e\u0435 \u043c\u0430\u0441\u043b\u043e<\/p>\n<\/li>\n<li data-start=\"1068\" data-end=\"1087\">\n<p data-start=\"1070\" data-end=\"1087\">\u041a\u043e\u043b\u0438\u0447\u0435\u0441\u0442\u0432\u043e: 48 \u0433<\/p>\n<\/li>\n<li data-start=\"1088\" data-end=\"1108\">\n<p data-start=\"1090\" data-end=\"1108\">\u0422\u0435\u043a\u0441\u0442\u0443\u0440\u0430: \u043d\u0435\u0436\u043d\u0430\u044f<\/p>\n<\/li>\n<li data-start=\"1109\" data-end=\"1139\">\n<p data-start=\"1111\" data-end=\"1139\">\u0412\u043a\u0443\u0441: \u0438\u043d\u0442\u0435\u043d\u0441\u0438\u0432\u043d\u044b\u0439, \u0441\u0440\u0435\u0434\u0438\u0437\u0435\u043c\u043d\u043e\u043c\u043e\u0440\u0441\u043a\u0438\u0439<\/p>\n<\/li>\n<li data-start=\"1140\" data-end=\"1195\">\n<p data-start=\"1142\" data-end=\"1195\">\u0420\u0435\u043a\u043e\u043c\u0435\u043d\u0434\u0443\u0435\u0442\u0441\u044f \u0434\u043b\u044f: \u043f\u0438\u0446\u0446\u044b, \u043f\u0430\u0441\u0442\u044b, \u0441\u043e\u0443\u0441\u043e\u0432, \u0437\u0430\u043a\u0443\u0441\u043e\u043a<\/p>\n<\/li>\n<li data-start=\"1196\" data-end=\"1215\">\n<p data-start=\"1198\" data-end=\"1215\">\u041f\u0440\u043e\u0438\u0441\u0445\u043e\u0436\u0434\u0435\u043d\u0438\u0435: \u0418\u0442\u0430\u043b\u0438\u044f<\/p>\n<\/li>\n<\/ul>","protected":false},"excerpt":{"rendered":"<p>Filetti di Acciughe Maruzzella all\u2019Olio d\u2019Oliva sunt hamsii italiene atent selec\u021bionate, conservate \u00een ulei de m\u0103sline, pentru un gust intens<\/p>","protected":false},"featured_media":50492,"template":"","meta":[],"product_brand":[2434],"product_cat":[2346,2360],"product_tag":[2420],"class_list":{"0":"post-49720","1":"product","2":"type-product","3":"status-publish","4":"has-post-thumbnail","6":"product_brand-igino-mazzola","7":"product_cat-conserve-si-semipreparate","8":"product_cat-conserve-si-semipreparate-din-peste","9":"product_tag-retail","11":"first","12":"instock","13":"taxable","14":"shipping-taxable","15":"purchasable","16":"product-type-simple"},"yoast_head":"<!-- This site is optimized with the Yoast SEO Premium plugin v26.5 (Yoast SEO v27.3) - https:\/\/yoast.com\/product\/yoast-seo-premium-wordpress\/ -->\n<title>Hamsii \/ Filetti di acciughe Maruzzella olio d&#039;oliva 48 gr - Gusto Italiano<\/title>\n<meta name=\"description\" content=\"Filetti di Acciughe Maruzzella all\u2019Olio d\u2019Oliva 48 g \u2013 hamsii italiene premium \u00een ulei de m\u0103sline, arom\u0103 intens\u0103 \u0219i calitate superioar\u0103 pentru re\u021bete mediteraneene.\" \/>\n<meta name=\"robots\" content=\"index, follow, max-snippet:-1, max-image-preview:large, max-video-preview:-1\" \/>\n<link rel=\"canonical\" href=\"https:\/\/gustoitaliano.md\/ru\/product\/filetti-di-acciughe-maruzzella-olio-doliva-file-hamsii-in-ulei-de-masline-48-gr\/\" \/>\n<meta property=\"og:locale\" content=\"ru_RU\" \/>\n<meta property=\"og:type\" content=\"article\" \/>\n<meta property=\"og:title\" content=\"Hamsii \/ Filetti di acciughe Maruzzella olio d&#039;oliva 48 gr\" \/>\n<meta property=\"og:description\" content=\"Filetti di Acciughe Maruzzella all\u2019Olio d\u2019Oliva 48 g \u2013 hamsii italiene premium \u00een ulei de m\u0103sline, arom\u0103 intens\u0103 \u0219i calitate superioar\u0103 pentru re\u021bete mediteraneene.\" \/>\n<meta property=\"og:url\" content=\"https:\/\/gustoitaliano.md\/ru\/product\/filetti-di-acciughe-maruzzella-olio-doliva-file-hamsii-in-ulei-de-masline-48-gr\/\" \/>\n<meta property=\"og:site_name\" content=\"Gusto Italiano\" \/>\n<meta property=\"article:publisher\" content=\"https:\/\/www.facebook.com\/GoldenGates.Moldova\" \/>\n<meta property=\"article:modified_time\" content=\"2026-01-19T10:10:52+00:00\" \/>\n<meta property=\"og:image\" content=\"https:\/\/gustoitaliano.md\/wp-content\/uploads\/2025\/10\/filetti-di-acciughe-all-olio-di-oliva-maruzzella.png\" \/>\n\t<meta property=\"og:image:width\" content=\"240\" \/>\n\t<meta property=\"og:image:height\" content=\"200\" \/>\n\t<meta property=\"og:image:type\" content=\"image\/png\" \/>\n<meta name=\"twitter:card\" content=\"summary_large_image\" \/>\n<meta name=\"twitter:label1\" content=\"\u041f\u0440\u0438\u043c\u0435\u0440\u043d\u043e\u0435 \u0432\u0440\u0435\u043c\u044f \u0434\u043b\u044f \u0447\u0442\u0435\u043d\u0438\u044f\" \/>\n\t<meta name=\"twitter:data1\" content=\"1 \u043c\u0438\u043d\u0443\u0442\u0430\" \/>\n<script type=\"application\/ld+json\" class=\"yoast-schema-graph\">{\"@context\":\"https:\\\/\\\/schema.org\",\"@graph\":[{\"@type\":\"WebPage\",\"@id\":\"https:\\\/\\\/gustoitaliano.md\\\/product\\\/filetti-di-acciughe-maruzzella-olio-doliva-file-hamsii-in-ulei-de-masline-48-gr\\\/\",\"url\":\"https:\\\/\\\/gustoitaliano.md\\\/product\\\/filetti-di-acciughe-maruzzella-olio-doliva-file-hamsii-in-ulei-de-masline-48-gr\\\/\",\"name\":\"Hamsii \\\/ Filetti di acciughe Maruzzella olio d'oliva 48 gr - Gusto Italiano\",\"isPartOf\":{\"@id\":\"https:\\\/\\\/gustoitaliano.md\\\/ro\\\/#website\"},\"primaryImageOfPage\":{\"@id\":\"https:\\\/\\\/gustoitaliano.md\\\/product\\\/filetti-di-acciughe-maruzzella-olio-doliva-file-hamsii-in-ulei-de-masline-48-gr\\\/#primaryimage\"},\"image\":{\"@id\":\"https:\\\/\\\/gustoitaliano.md\\\/product\\\/filetti-di-acciughe-maruzzella-olio-doliva-file-hamsii-in-ulei-de-masline-48-gr\\\/#primaryimage\"},\"thumbnailUrl\":\"https:\\\/\\\/gustoitaliano.md\\\/wp-content\\\/uploads\\\/2025\\\/10\\\/filetti-di-acciughe-all-olio-di-oliva-maruzzella.png\",\"datePublished\":\"2025-10-10T09:40:27+00:00\",\"dateModified\":\"2026-01-19T10:10:52+00:00\",\"description\":\"Filetti di Acciughe Maruzzella all\u2019Olio d\u2019Oliva 48 g \u2013 hamsii italiene premium \u00een ulei de m\u0103sline, arom\u0103 intens\u0103 \u0219i calitate superioar\u0103 pentru re\u021bete mediteraneene.\",\"breadcrumb\":{\"@id\":\"https:\\\/\\\/gustoitaliano.md\\\/product\\\/filetti-di-acciughe-maruzzella-olio-doliva-file-hamsii-in-ulei-de-masline-48-gr\\\/#breadcrumb\"},\"inLanguage\":\"ru-RU\",\"potentialAction\":[{\"@type\":\"ReadAction\",\"target\":[\"https:\\\/\\\/gustoitaliano.md\\\/product\\\/filetti-di-acciughe-maruzzella-olio-doliva-file-hamsii-in-ulei-de-masline-48-gr\\\/\"]}]},{\"@type\":\"ImageObject\",\"inLanguage\":\"ru-RU\",\"@id\":\"https:\\\/\\\/gustoitaliano.md\\\/product\\\/filetti-di-acciughe-maruzzella-olio-doliva-file-hamsii-in-ulei-de-masline-48-gr\\\/#primaryimage\",\"url\":\"https:\\\/\\\/gustoitaliano.md\\\/wp-content\\\/uploads\\\/2025\\\/10\\\/filetti-di-acciughe-all-olio-di-oliva-maruzzella.png\",\"contentUrl\":\"https:\\\/\\\/gustoitaliano.md\\\/wp-content\\\/uploads\\\/2025\\\/10\\\/filetti-di-acciughe-all-olio-di-oliva-maruzzella.png\",\"width\":240,\"height\":200},{\"@type\":\"BreadcrumbList\",\"@id\":\"https:\\\/\\\/gustoitaliano.md\\\/product\\\/filetti-di-acciughe-maruzzella-olio-doliva-file-hamsii-in-ulei-de-masline-48-gr\\\/#breadcrumb\",\"itemListElement\":[{\"@type\":\"ListItem\",\"position\":1,\"name\":\"Prima pagin\u0103\",\"item\":\"https:\\\/\\\/gustoitaliano.md\\\/\"},{\"@type\":\"ListItem\",\"position\":2,\"name\":\"Magazin\",\"item\":\"https:\\\/\\\/gustoitaliano.md\\\/ro\\\/magazin\\\/\"},{\"@type\":\"ListItem\",\"position\":3,\"name\":\"Conserve \u0219i semipreparate\",\"item\":\"https:\\\/\\\/gustoitaliano.md\\\/product-category\\\/conserve-si-semipreparate\\\/\"},{\"@type\":\"ListItem\",\"position\":4,\"name\":\"Conserve si semipreparate din peste\",\"item\":\"https:\\\/\\\/gustoitaliano.md\\\/product-category\\\/conserve-si-semipreparate\\\/conserve-si-semipreparate-din-peste\\\/\"},{\"@type\":\"ListItem\",\"position\":5,\"name\":\"Hamsii \\\/ Filetti di acciughe Maruzzella olio d&#8217;oliva 48 gr\"}]},{\"@type\":\"WebSite\",\"@id\":\"https:\\\/\\\/gustoitaliano.md\\\/ro\\\/#website\",\"url\":\"https:\\\/\\\/gustoitaliano.md\\\/ro\\\/\",\"name\":\"Gusto Italiano\",\"description\":\"Produse Autentice Italiene\",\"publisher\":{\"@id\":\"https:\\\/\\\/gustoitaliano.md\\\/ro\\\/#organization\"},\"potentialAction\":[{\"@type\":\"SearchAction\",\"target\":{\"@type\":\"EntryPoint\",\"urlTemplate\":\"https:\\\/\\\/gustoitaliano.md\\\/ro\\\/?s={search_term_string}\"},\"query-input\":{\"@type\":\"PropertyValueSpecification\",\"valueRequired\":true,\"valueName\":\"search_term_string\"}}],\"inLanguage\":\"ru-RU\"},{\"@type\":\"Organization\",\"@id\":\"https:\\\/\\\/gustoitaliano.md\\\/ro\\\/#organization\",\"name\":\"Gusto Italiano\",\"alternateName\":\"Golden Gates SRL\",\"url\":\"https:\\\/\\\/gustoitaliano.md\\\/ro\\\/\",\"logo\":{\"@type\":\"ImageObject\",\"inLanguage\":\"ru-RU\",\"@id\":\"https:\\\/\\\/gustoitaliano.md\\\/ro\\\/#\\\/schema\\\/logo\\\/image\\\/\",\"url\":\"https:\\\/\\\/gustoitaliano.md\\\/wp-content\\\/uploads\\\/2025\\\/05\\\/logo-gusutoitaliano-2-2.png\",\"contentUrl\":\"https:\\\/\\\/gustoitaliano.md\\\/wp-content\\\/uploads\\\/2025\\\/05\\\/logo-gusutoitaliano-2-2.png\",\"width\":180,\"height\":180,\"caption\":\"Gusto Italiano\"},\"image\":{\"@id\":\"https:\\\/\\\/gustoitaliano.md\\\/ro\\\/#\\\/schema\\\/logo\\\/image\\\/\"},\"sameAs\":[\"https:\\\/\\\/www.facebook.com\\\/GoldenGates.Moldova\"]}]}<\/script>\n<!-- \/ Yoast SEO Premium plugin. -->","yoast_head_json":{"title":"Hamsii \/ Filetti di acciughe Maruzzella olio d'oliva 48 gr - Gusto Italiano","description":"Filetti di Acciughe Maruzzella all\u2019Olio d\u2019Oliva 48 g \u2013 hamsii italiene premium \u00een ulei de m\u0103sline, arom\u0103 intens\u0103 \u0219i calitate superioar\u0103 pentru re\u021bete mediteraneene.","robots":{"index":"index","follow":"follow","max-snippet":"max-snippet:-1","max-image-preview":"max-image-preview:large","max-video-preview":"max-video-preview:-1"},"canonical":"https:\/\/gustoitaliano.md\/ru\/product\/filetti-di-acciughe-maruzzella-olio-doliva-file-hamsii-in-ulei-de-masline-48-gr\/","og_locale":"ru_RU","og_type":"article","og_title":"Hamsii \/ Filetti di acciughe Maruzzella olio d'oliva 48 gr","og_description":"Filetti di Acciughe Maruzzella all\u2019Olio d\u2019Oliva 48 g \u2013 hamsii italiene premium \u00een ulei de m\u0103sline, arom\u0103 intens\u0103 \u0219i calitate superioar\u0103 pentru re\u021bete mediteraneene.","og_url":"https:\/\/gustoitaliano.md\/ru\/product\/filetti-di-acciughe-maruzzella-olio-doliva-file-hamsii-in-ulei-de-masline-48-gr\/","og_site_name":"Gusto Italiano","article_publisher":"https:\/\/www.facebook.com\/GoldenGates.Moldova","article_modified_time":"2026-01-19T10:10:52+00:00","og_image":[{"width":240,"height":200,"url":"https:\/\/gustoitaliano.md\/wp-content\/uploads\/2025\/10\/filetti-di-acciughe-all-olio-di-oliva-maruzzella.png","type":"image\/png"}],"twitter_card":"summary_large_image","twitter_misc":{"\u041f\u0440\u0438\u043c\u0435\u0440\u043d\u043e\u0435 \u0432\u0440\u0435\u043c\u044f \u0434\u043b\u044f \u0447\u0442\u0435\u043d\u0438\u044f":"1 \u043c\u0438\u043d\u0443\u0442\u0430"},"schema":{"@context":"https:\/\/schema.org","@graph":[{"@type":"WebPage","@id":"https:\/\/gustoitaliano.md\/product\/filetti-di-acciughe-maruzzella-olio-doliva-file-hamsii-in-ulei-de-masline-48-gr\/","url":"https:\/\/gustoitaliano.md\/product\/filetti-di-acciughe-maruzzella-olio-doliva-file-hamsii-in-ulei-de-masline-48-gr\/","name":"Hamsii \/ Filetti di acciughe Maruzzella olio d'oliva 48 gr - Gusto Italiano","isPartOf":{"@id":"https:\/\/gustoitaliano.md\/ro\/#website"},"primaryImageOfPage":{"@id":"https:\/\/gustoitaliano.md\/product\/filetti-di-acciughe-maruzzella-olio-doliva-file-hamsii-in-ulei-de-masline-48-gr\/#primaryimage"},"image":{"@id":"https:\/\/gustoitaliano.md\/product\/filetti-di-acciughe-maruzzella-olio-doliva-file-hamsii-in-ulei-de-masline-48-gr\/#primaryimage"},"thumbnailUrl":"https:\/\/gustoitaliano.md\/wp-content\/uploads\/2025\/10\/filetti-di-acciughe-all-olio-di-oliva-maruzzella.png","datePublished":"2025-10-10T09:40:27+00:00","dateModified":"2026-01-19T10:10:52+00:00","description":"Filetti di Acciughe Maruzzella all\u2019Olio d\u2019Oliva 48 g \u2013 hamsii italiene premium \u00een ulei de m\u0103sline, arom\u0103 intens\u0103 \u0219i calitate superioar\u0103 pentru re\u021bete mediteraneene.","breadcrumb":{"@id":"https:\/\/gustoitaliano.md\/product\/filetti-di-acciughe-maruzzella-olio-doliva-file-hamsii-in-ulei-de-masline-48-gr\/#breadcrumb"},"inLanguage":"ru-RU","potentialAction":[{"@type":"ReadAction","target":["https:\/\/gustoitaliano.md\/product\/filetti-di-acciughe-maruzzella-olio-doliva-file-hamsii-in-ulei-de-masline-48-gr\/"]}]},{"@type":"ImageObject","inLanguage":"ru-RU","@id":"https:\/\/gustoitaliano.md\/product\/filetti-di-acciughe-maruzzella-olio-doliva-file-hamsii-in-ulei-de-masline-48-gr\/#primaryimage","url":"https:\/\/gustoitaliano.md\/wp-content\/uploads\/2025\/10\/filetti-di-acciughe-all-olio-di-oliva-maruzzella.png","contentUrl":"https:\/\/gustoitaliano.md\/wp-content\/uploads\/2025\/10\/filetti-di-acciughe-all-olio-di-oliva-maruzzella.png","width":240,"height":200},{"@type":"BreadcrumbList","@id":"https:\/\/gustoitaliano.md\/product\/filetti-di-acciughe-maruzzella-olio-doliva-file-hamsii-in-ulei-de-masline-48-gr\/#breadcrumb","itemListElement":[{"@type":"ListItem","position":1,"name":"Prima pagin\u0103","item":"https:\/\/gustoitaliano.md\/"},{"@type":"ListItem","position":2,"name":"Magazin","item":"https:\/\/gustoitaliano.md\/ro\/magazin\/"},{"@type":"ListItem","position":3,"name":"Conserve \u0219i semipreparate","item":"https:\/\/gustoitaliano.md\/product-category\/conserve-si-semipreparate\/"},{"@type":"ListItem","position":4,"name":"Conserve si semipreparate din peste","item":"https:\/\/gustoitaliano.md\/product-category\/conserve-si-semipreparate\/conserve-si-semipreparate-din-peste\/"},{"@type":"ListItem","position":5,"name":"Hamsii \/ Filetti di acciughe Maruzzella olio d&#8217;oliva 48 gr"}]},{"@type":"WebSite","@id":"https:\/\/gustoitaliano.md\/ro\/#website","url":"https:\/\/gustoitaliano.md\/ro\/","name":"Gusto Italiano","description":"\u0410\u0443\u0442\u0435\u043d\u0442\u0438\u0447\u043d\u044b\u0435 \u0438\u0442\u0430\u043b\u044c\u044f\u043d\u0441\u043a\u0438\u0435 \u043f\u0440\u043e\u0434\u0443\u043a\u0442\u044b","publisher":{"@id":"https:\/\/gustoitaliano.md\/ro\/#organization"},"potentialAction":[{"@type":"SearchAction","target":{"@type":"EntryPoint","urlTemplate":"https:\/\/gustoitaliano.md\/ro\/?s={search_term_string}"},"query-input":{"@type":"PropertyValueSpecification","valueRequired":true,"valueName":"search_term_string"}}],"inLanguage":"ru-RU"},{"@type":"Organization","@id":"https:\/\/gustoitaliano.md\/ro\/#organization","name":"Gusto Italiano","alternateName":"Golden Gates SRL","url":"https:\/\/gustoitaliano.md\/ro\/","logo":{"@type":"ImageObject","inLanguage":"ru-RU","@id":"https:\/\/gustoitaliano.md\/ro\/#\/schema\/logo\/image\/","url":"https:\/\/gustoitaliano.md\/wp-content\/uploads\/2025\/05\/logo-gusutoitaliano-2-2.png","contentUrl":"https:\/\/gustoitaliano.md\/wp-content\/uploads\/2025\/05\/logo-gusutoitaliano-2-2.png","width":180,"height":180,"caption":"Gusto Italiano"},"image":{"@id":"https:\/\/gustoitaliano.md\/ro\/#\/schema\/logo\/image\/"},"sameAs":["https:\/\/www.facebook.com\/GoldenGates.Moldova"]}]}},"_links":{"self":[{"href":"https:\/\/gustoitaliano.md\/ru\/wp-json\/wp\/v2\/product\/49720","targetHints":{"allow":["GET"]}}],"collection":[{"href":"https:\/\/gustoitaliano.md\/ru\/wp-json\/wp\/v2\/product"}],"about":[{"href":"https:\/\/gustoitaliano.md\/ru\/wp-json\/wp\/v2\/types\/product"}],"version-history":[{"count":0,"href":"https:\/\/gustoitaliano.md\/ru\/wp-json\/wp\/v2\/product\/49720\/revisions"}],"wp:featuredmedia":[{"embeddable":true,"href":"https:\/\/gustoitaliano.md\/ru\/wp-json\/wp\/v2\/media\/50492"}],"wp:attachment":[{"href":"https:\/\/gustoitaliano.md\/ru\/wp-json\/wp\/v2\/media?parent=49720"}],"wp:term":[{"taxonomy":"product_brand","embeddable":true,"href":"https:\/\/gustoitaliano.md\/ru\/wp-json\/wp\/v2\/product_brand?post=49720"},{"taxonomy":"product_cat","embeddable":true,"href":"https:\/\/gustoitaliano.md\/ru\/wp-json\/wp\/v2\/product_cat?post=49720"},{"taxonomy":"product_tag","embeddable":true,"href":"https:\/\/gustoitaliano.md\/ru\/wp-json\/wp\/v2\/product_tag?post=49720"}],"curies":[{"name":"wp","href":"https:\/\/api.w.org\/{rel}","templated":true}]}}