{"id":49749,"date":"2025-10-10T18:22:20","date_gmt":"2025-10-10T15:22:20","guid":{"rendered":"https:\/\/gustoitaliano.md\/?post_type=product&#038;p=49749"},"modified":"2025-10-10T18:22:21","modified_gmt":"2025-10-10T15:22:21","slug":"funghi-champignon-tagliate-ciuperci-feliate-in-saramura-2400-gr","status":"publish","type":"product","link":"https:\/\/gustoitaliano.md\/ru\/product\/funghi-champignon-tagliate-ciuperci-feliate-in-saramura-2400-gr\/","title":{"rendered":"Funghi Champignon tagliate \/ \u041d\u0430\u0440\u0435\u0437\u0430\u043d\u043d\u044b\u0435 \u0433\u0440\u0438\u0431\u044b \u0432 \u0440\u0430\u0441\u0441\u043e\u043b\u0435 2400 \u0433\u0440."},"content":{"rendered":"<p>Funghi Champignon Tagliate - \u044d\u0442\u043e \u0431\u0435\u043b\u044b\u0435 \u0448\u0430\u043c\u043f\u0438\u043d\u044c\u043e\u043d\u044b, \u0442\u0449\u0430\u0442\u0435\u043b\u044c\u043d\u043e \u043e\u0442\u043e\u0431\u0440\u0430\u043d\u043d\u044b\u0435, \u0440\u0430\u0432\u043d\u043e\u043c\u0435\u0440\u043d\u043e \u043d\u0430\u0440\u0435\u0437\u0430\u043d\u043d\u044b\u0435 \u0438 \u0437\u0430\u043a\u043e\u043d\u0441\u0435\u0440\u0432\u0438\u0440\u043e\u0432\u0430\u043d\u043d\u044b\u0435 \u0432 \u0440\u0430\u0441\u0441\u043e\u043b\u0435, \u0447\u0442\u043e\u0431\u044b \u0441\u043e\u0445\u0440\u0430\u043d\u0438\u0442\u044c \u0438\u0445 \u0442\u0432\u0435\u0440\u0434\u0443\u044e \u0442\u0435\u043a\u0441\u0442\u0443\u0440\u0443 \u0438 \u043d\u0430\u0442\u0443\u0440\u0430\u043b\u044c\u043d\u044b\u0439 \u0432\u043a\u0443\u0441. \u0418\u0434\u0435\u0430\u043b\u044c\u043d\u043e \u043f\u043e\u0434\u0445\u043e\u0434\u044f\u0449\u0438\u0435 \u0434\u043b\u044f \u043f\u0438\u0446\u0446\u044b, \u043f\u0430\u0441\u0442\u044b, \u0441\u0430\u043b\u0430\u0442\u043e\u0432, \u0440\u0438\u0437\u043e\u0442\u0442\u043e \u0438\u043b\u0438 \u0432\u0430\u0440\u0435\u043d\u044b\u0445 \u0431\u043b\u044e\u0434, \u044d\u0442\u0438 \u0433\u0440\u0438\u0431\u044b - \u043f\u0440\u0430\u043a\u0442\u0438\u0447\u043d\u043e\u0435 \u0438 \u0432\u043a\u0443\u0441\u043d\u043e\u0435 \u0440\u0435\u0448\u0435\u043d\u0438\u0435 \u0434\u043b\u044f \u043f\u0440\u043e\u0444\u0435\u0441\u0441\u0438\u043e\u043d\u0430\u043b\u044c\u043d\u043e\u0439 \u043a\u0443\u0445\u043d\u0438. \u041d\u0430\u0442\u0443\u0440\u0430\u043b\u044c\u043d\u044b\u0439 \u043f\u0440\u043e\u0434\u0443\u043a\u0442 \u0431\u0435\u0437 \u0438\u0441\u043a\u0443\u0441\u0441\u0442\u0432\u0435\u043d\u043d\u044b\u0445 \u043a\u043e\u043d\u0441\u0435\u0440\u0432\u0430\u043d\u0442\u043e\u0432, \u0443\u043f\u0430\u043a\u043e\u0432\u0430\u043d\u043d\u044b\u0439 \u0432 \u044d\u043a\u043e\u043d\u043e\u043c\u0438\u0447\u043d\u044b\u0439 \u0444\u043e\u0440\u043c\u0430\u0442 2400 \u0433 - \u0438\u0434\u0435\u0430\u043b\u044c\u043d\u043e\u0435 \u0440\u0435\u0448\u0435\u043d\u0438\u0435 \u0434\u043b\u044f HoReCa.<\/p>","protected":false},"excerpt":{"rendered":"<p>Funghi Champignon Tagliate sunt ciuperci albe champignon, atent selec\u021bionate, feliate uniform \u0219i conservate \u00een saramur\u0103 pentru a-\u0219i p\u0103stra textura ferm\u0103<\/p>","protected":false},"featured_media":49667,"template":"","meta":[],"product_brand":[2450],"product_cat":[2405,2346],"product_tag":[2419],"class_list":{"0":"post-49749","1":"product","2":"type-product","3":"status-publish","4":"has-post-thumbnail","6":"product_brand-mazza","7":"product_cat-ciuperci-conservate","8":"product_cat-conserve-si-semipreparate","9":"product_tag-horeca","11":"first","12":"instock","13":"taxable","14":"shipping-taxable","15":"purchasable","16":"product-type-simple"},"yoast_head":"<!-- This site is optimized with the Yoast SEO Premium plugin v26.5 (Yoast SEO v27.3) - https:\/\/yoast.com\/product\/yoast-seo-premium-wordpress\/ -->\n<title>Funghi Champignon tagliate \/ Ciuperci feliate in saramura 2400 gr - Gusto Italiano<\/title>\n<meta name=\"description\" content=\"Funghi Champignon Tagliate \u2013 ciuperci feliate \u00een saramur\u0103, ideale pentru pizza, paste, salate \u0219i preparate HoReCa. Gust natural \u0219i prospe\u021bime garantat\u0103. Conserv\u0103 2400 g, disponibil\u0103 pe gustoitaliano.md.\" \/>\n<meta name=\"robots\" content=\"index, follow, max-snippet:-1, max-image-preview:large, max-video-preview:-1\" \/>\n<link rel=\"canonical\" href=\"https:\/\/gustoitaliano.md\/ru\/product\/funghi-champignon-tagliate-ciuperci-feliate-in-saramura-2400-gr\/\" \/>\n<meta property=\"og:locale\" content=\"ru_RU\" \/>\n<meta property=\"og:type\" content=\"article\" \/>\n<meta property=\"og:title\" content=\"Funghi Champignon tagliate \/ Ciuperci feliate in saramura 2400 gr\" \/>\n<meta property=\"og:description\" content=\"Funghi Champignon Tagliate \u2013 ciuperci feliate \u00een saramur\u0103, ideale pentru pizza, paste, salate \u0219i preparate HoReCa. Gust natural \u0219i prospe\u021bime garantat\u0103. Conserv\u0103 2400 g, disponibil\u0103 pe gustoitaliano.md.\" \/>\n<meta property=\"og:url\" content=\"https:\/\/gustoitaliano.md\/ru\/product\/funghi-champignon-tagliate-ciuperci-feliate-in-saramura-2400-gr\/\" \/>\n<meta property=\"og:site_name\" content=\"Gusto Italiano\" \/>\n<meta property=\"article:publisher\" content=\"https:\/\/www.facebook.com\/GoldenGates.Moldova\" \/>\n<meta property=\"article:modified_time\" content=\"2025-10-10T15:22:21+00:00\" \/>\n<meta property=\"og:image\" content=\"https:\/\/gustoitaliano.md\/wp-content\/uploads\/2025\/10\/Ciperci-feliate.png\" \/>\n\t<meta property=\"og:image:width\" content=\"433\" \/>\n\t<meta property=\"og:image:height\" content=\"577\" \/>\n\t<meta property=\"og:image:type\" content=\"image\/png\" \/>\n<meta name=\"twitter:card\" content=\"summary_large_image\" \/>\n<meta name=\"twitter:label1\" content=\"\u041f\u0440\u0438\u043c\u0435\u0440\u043d\u043e\u0435 \u0432\u0440\u0435\u043c\u044f \u0434\u043b\u044f \u0447\u0442\u0435\u043d\u0438\u044f\" \/>\n\t<meta name=\"twitter:data1\" content=\"1 \u043c\u0438\u043d\u0443\u0442\u0430\" \/>\n<script type=\"application\/ld+json\" class=\"yoast-schema-graph\">{\"@context\":\"https:\\\/\\\/schema.org\",\"@graph\":[{\"@type\":\"WebPage\",\"@id\":\"https:\\\/\\\/gustoitaliano.md\\\/product\\\/funghi-champignon-tagliate-ciuperci-feliate-in-saramura-2400-gr\\\/\",\"url\":\"https:\\\/\\\/gustoitaliano.md\\\/product\\\/funghi-champignon-tagliate-ciuperci-feliate-in-saramura-2400-gr\\\/\",\"name\":\"Funghi Champignon tagliate \\\/ Ciuperci feliate in saramura 2400 gr - Gusto Italiano\",\"isPartOf\":{\"@id\":\"https:\\\/\\\/gustoitaliano.md\\\/ro\\\/#website\"},\"primaryImageOfPage\":{\"@id\":\"https:\\\/\\\/gustoitaliano.md\\\/product\\\/funghi-champignon-tagliate-ciuperci-feliate-in-saramura-2400-gr\\\/#primaryimage\"},\"image\":{\"@id\":\"https:\\\/\\\/gustoitaliano.md\\\/product\\\/funghi-champignon-tagliate-ciuperci-feliate-in-saramura-2400-gr\\\/#primaryimage\"},\"thumbnailUrl\":\"https:\\\/\\\/gustoitaliano.md\\\/wp-content\\\/uploads\\\/2025\\\/10\\\/Ciperci-feliate.png\",\"datePublished\":\"2025-10-10T15:22:20+00:00\",\"dateModified\":\"2025-10-10T15:22:21+00:00\",\"description\":\"Funghi Champignon Tagliate \u2013 ciuperci feliate \u00een saramur\u0103, ideale pentru pizza, paste, salate \u0219i preparate HoReCa. Gust natural \u0219i prospe\u021bime garantat\u0103. Conserv\u0103 2400 g, disponibil\u0103 pe gustoitaliano.md.\",\"breadcrumb\":{\"@id\":\"https:\\\/\\\/gustoitaliano.md\\\/product\\\/funghi-champignon-tagliate-ciuperci-feliate-in-saramura-2400-gr\\\/#breadcrumb\"},\"inLanguage\":\"ru-RU\",\"potentialAction\":[{\"@type\":\"ReadAction\",\"target\":[\"https:\\\/\\\/gustoitaliano.md\\\/product\\\/funghi-champignon-tagliate-ciuperci-feliate-in-saramura-2400-gr\\\/\"]}]},{\"@type\":\"ImageObject\",\"inLanguage\":\"ru-RU\",\"@id\":\"https:\\\/\\\/gustoitaliano.md\\\/product\\\/funghi-champignon-tagliate-ciuperci-feliate-in-saramura-2400-gr\\\/#primaryimage\",\"url\":\"https:\\\/\\\/gustoitaliano.md\\\/wp-content\\\/uploads\\\/2025\\\/10\\\/Ciperci-feliate.png\",\"contentUrl\":\"https:\\\/\\\/gustoitaliano.md\\\/wp-content\\\/uploads\\\/2025\\\/10\\\/Ciperci-feliate.png\",\"width\":433,\"height\":577},{\"@type\":\"BreadcrumbList\",\"@id\":\"https:\\\/\\\/gustoitaliano.md\\\/product\\\/funghi-champignon-tagliate-ciuperci-feliate-in-saramura-2400-gr\\\/#breadcrumb\",\"itemListElement\":[{\"@type\":\"ListItem\",\"position\":1,\"name\":\"Prima pagin\u0103\",\"item\":\"https:\\\/\\\/gustoitaliano.md\\\/\"},{\"@type\":\"ListItem\",\"position\":2,\"name\":\"Magazin\",\"item\":\"https:\\\/\\\/gustoitaliano.md\\\/ro\\\/magazin\\\/\"},{\"@type\":\"ListItem\",\"position\":3,\"name\":\"Conserve \u0219i semipreparate\",\"item\":\"https:\\\/\\\/gustoitaliano.md\\\/product-category\\\/conserve-si-semipreparate\\\/\"},{\"@type\":\"ListItem\",\"position\":4,\"name\":\"Funghi Champignon tagliate \\\/ Ciuperci feliate in saramura 2400 gr\"}]},{\"@type\":\"WebSite\",\"@id\":\"https:\\\/\\\/gustoitaliano.md\\\/ro\\\/#website\",\"url\":\"https:\\\/\\\/gustoitaliano.md\\\/ro\\\/\",\"name\":\"Gusto Italiano\",\"description\":\"Produse Autentice Italiene\",\"publisher\":{\"@id\":\"https:\\\/\\\/gustoitaliano.md\\\/ro\\\/#organization\"},\"potentialAction\":[{\"@type\":\"SearchAction\",\"target\":{\"@type\":\"EntryPoint\",\"urlTemplate\":\"https:\\\/\\\/gustoitaliano.md\\\/ro\\\/?s={search_term_string}\"},\"query-input\":{\"@type\":\"PropertyValueSpecification\",\"valueRequired\":true,\"valueName\":\"search_term_string\"}}],\"inLanguage\":\"ru-RU\"},{\"@type\":\"Organization\",\"@id\":\"https:\\\/\\\/gustoitaliano.md\\\/ro\\\/#organization\",\"name\":\"Gusto Italiano\",\"alternateName\":\"Golden Gates SRL\",\"url\":\"https:\\\/\\\/gustoitaliano.md\\\/ro\\\/\",\"logo\":{\"@type\":\"ImageObject\",\"inLanguage\":\"ru-RU\",\"@id\":\"https:\\\/\\\/gustoitaliano.md\\\/ro\\\/#\\\/schema\\\/logo\\\/image\\\/\",\"url\":\"https:\\\/\\\/gustoitaliano.md\\\/wp-content\\\/uploads\\\/2025\\\/05\\\/logo-gusutoitaliano-2-2.png\",\"contentUrl\":\"https:\\\/\\\/gustoitaliano.md\\\/wp-content\\\/uploads\\\/2025\\\/05\\\/logo-gusutoitaliano-2-2.png\",\"width\":180,\"height\":180,\"caption\":\"Gusto Italiano\"},\"image\":{\"@id\":\"https:\\\/\\\/gustoitaliano.md\\\/ro\\\/#\\\/schema\\\/logo\\\/image\\\/\"},\"sameAs\":[\"https:\\\/\\\/www.facebook.com\\\/GoldenGates.Moldova\"]}]}<\/script>\n<!-- \/ Yoast SEO Premium plugin. -->","yoast_head_json":{"title":"Funghi Champignon tagliate \/ Ciuperci feliate in saramura 2400 gr - Gusto Italiano","description":"Funghi Champignon Tagliate \u2013 ciuperci feliate \u00een saramur\u0103, ideale pentru pizza, paste, salate \u0219i preparate HoReCa. Gust natural \u0219i prospe\u021bime garantat\u0103. Conserv\u0103 2400 g, disponibil\u0103 pe gustoitaliano.md.","robots":{"index":"index","follow":"follow","max-snippet":"max-snippet:-1","max-image-preview":"max-image-preview:large","max-video-preview":"max-video-preview:-1"},"canonical":"https:\/\/gustoitaliano.md\/ru\/product\/funghi-champignon-tagliate-ciuperci-feliate-in-saramura-2400-gr\/","og_locale":"ru_RU","og_type":"article","og_title":"Funghi Champignon tagliate \/ Ciuperci feliate in saramura 2400 gr","og_description":"Funghi Champignon Tagliate \u2013 ciuperci feliate \u00een saramur\u0103, ideale pentru pizza, paste, salate \u0219i preparate HoReCa. Gust natural \u0219i prospe\u021bime garantat\u0103. Conserv\u0103 2400 g, disponibil\u0103 pe gustoitaliano.md.","og_url":"https:\/\/gustoitaliano.md\/ru\/product\/funghi-champignon-tagliate-ciuperci-feliate-in-saramura-2400-gr\/","og_site_name":"Gusto Italiano","article_publisher":"https:\/\/www.facebook.com\/GoldenGates.Moldova","article_modified_time":"2025-10-10T15:22:21+00:00","og_image":[{"width":433,"height":577,"url":"https:\/\/gustoitaliano.md\/wp-content\/uploads\/2025\/10\/Ciperci-feliate.png","type":"image\/png"}],"twitter_card":"summary_large_image","twitter_misc":{"\u041f\u0440\u0438\u043c\u0435\u0440\u043d\u043e\u0435 \u0432\u0440\u0435\u043c\u044f \u0434\u043b\u044f \u0447\u0442\u0435\u043d\u0438\u044f":"1 \u043c\u0438\u043d\u0443\u0442\u0430"},"schema":{"@context":"https:\/\/schema.org","@graph":[{"@type":"WebPage","@id":"https:\/\/gustoitaliano.md\/product\/funghi-champignon-tagliate-ciuperci-feliate-in-saramura-2400-gr\/","url":"https:\/\/gustoitaliano.md\/product\/funghi-champignon-tagliate-ciuperci-feliate-in-saramura-2400-gr\/","name":"Funghi Champignon tagliate \/ Ciuperci feliate in saramura 2400 gr - Gusto Italiano","isPartOf":{"@id":"https:\/\/gustoitaliano.md\/ro\/#website"},"primaryImageOfPage":{"@id":"https:\/\/gustoitaliano.md\/product\/funghi-champignon-tagliate-ciuperci-feliate-in-saramura-2400-gr\/#primaryimage"},"image":{"@id":"https:\/\/gustoitaliano.md\/product\/funghi-champignon-tagliate-ciuperci-feliate-in-saramura-2400-gr\/#primaryimage"},"thumbnailUrl":"https:\/\/gustoitaliano.md\/wp-content\/uploads\/2025\/10\/Ciperci-feliate.png","datePublished":"2025-10-10T15:22:20+00:00","dateModified":"2025-10-10T15:22:21+00:00","description":"Funghi Champignon Tagliate \u2013 ciuperci feliate \u00een saramur\u0103, ideale pentru pizza, paste, salate \u0219i preparate HoReCa. Gust natural \u0219i prospe\u021bime garantat\u0103. Conserv\u0103 2400 g, disponibil\u0103 pe gustoitaliano.md.","breadcrumb":{"@id":"https:\/\/gustoitaliano.md\/product\/funghi-champignon-tagliate-ciuperci-feliate-in-saramura-2400-gr\/#breadcrumb"},"inLanguage":"ru-RU","potentialAction":[{"@type":"ReadAction","target":["https:\/\/gustoitaliano.md\/product\/funghi-champignon-tagliate-ciuperci-feliate-in-saramura-2400-gr\/"]}]},{"@type":"ImageObject","inLanguage":"ru-RU","@id":"https:\/\/gustoitaliano.md\/product\/funghi-champignon-tagliate-ciuperci-feliate-in-saramura-2400-gr\/#primaryimage","url":"https:\/\/gustoitaliano.md\/wp-content\/uploads\/2025\/10\/Ciperci-feliate.png","contentUrl":"https:\/\/gustoitaliano.md\/wp-content\/uploads\/2025\/10\/Ciperci-feliate.png","width":433,"height":577},{"@type":"BreadcrumbList","@id":"https:\/\/gustoitaliano.md\/product\/funghi-champignon-tagliate-ciuperci-feliate-in-saramura-2400-gr\/#breadcrumb","itemListElement":[{"@type":"ListItem","position":1,"name":"Prima pagin\u0103","item":"https:\/\/gustoitaliano.md\/"},{"@type":"ListItem","position":2,"name":"Magazin","item":"https:\/\/gustoitaliano.md\/ro\/magazin\/"},{"@type":"ListItem","position":3,"name":"Conserve \u0219i semipreparate","item":"https:\/\/gustoitaliano.md\/product-category\/conserve-si-semipreparate\/"},{"@type":"ListItem","position":4,"name":"Funghi Champignon tagliate \/ Ciuperci feliate in saramura 2400 gr"}]},{"@type":"WebSite","@id":"https:\/\/gustoitaliano.md\/ro\/#website","url":"https:\/\/gustoitaliano.md\/ro\/","name":"Gusto Italiano","description":"\u0410\u0443\u0442\u0435\u043d\u0442\u0438\u0447\u043d\u044b\u0435 \u0438\u0442\u0430\u043b\u044c\u044f\u043d\u0441\u043a\u0438\u0435 \u043f\u0440\u043e\u0434\u0443\u043a\u0442\u044b","publisher":{"@id":"https:\/\/gustoitaliano.md\/ro\/#organization"},"potentialAction":[{"@type":"SearchAction","target":{"@type":"EntryPoint","urlTemplate":"https:\/\/gustoitaliano.md\/ro\/?s={search_term_string}"},"query-input":{"@type":"PropertyValueSpecification","valueRequired":true,"valueName":"search_term_string"}}],"inLanguage":"ru-RU"},{"@type":"Organization","@id":"https:\/\/gustoitaliano.md\/ro\/#organization","name":"Gusto Italiano","alternateName":"Golden Gates SRL","url":"https:\/\/gustoitaliano.md\/ro\/","logo":{"@type":"ImageObject","inLanguage":"ru-RU","@id":"https:\/\/gustoitaliano.md\/ro\/#\/schema\/logo\/image\/","url":"https:\/\/gustoitaliano.md\/wp-content\/uploads\/2025\/05\/logo-gusutoitaliano-2-2.png","contentUrl":"https:\/\/gustoitaliano.md\/wp-content\/uploads\/2025\/05\/logo-gusutoitaliano-2-2.png","width":180,"height":180,"caption":"Gusto Italiano"},"image":{"@id":"https:\/\/gustoitaliano.md\/ro\/#\/schema\/logo\/image\/"},"sameAs":["https:\/\/www.facebook.com\/GoldenGates.Moldova"]}]}},"_links":{"self":[{"href":"https:\/\/gustoitaliano.md\/ru\/wp-json\/wp\/v2\/product\/49749","targetHints":{"allow":["GET"]}}],"collection":[{"href":"https:\/\/gustoitaliano.md\/ru\/wp-json\/wp\/v2\/product"}],"about":[{"href":"https:\/\/gustoitaliano.md\/ru\/wp-json\/wp\/v2\/types\/product"}],"version-history":[{"count":0,"href":"https:\/\/gustoitaliano.md\/ru\/wp-json\/wp\/v2\/product\/49749\/revisions"}],"wp:featuredmedia":[{"embeddable":true,"href":"https:\/\/gustoitaliano.md\/ru\/wp-json\/wp\/v2\/media\/49667"}],"wp:attachment":[{"href":"https:\/\/gustoitaliano.md\/ru\/wp-json\/wp\/v2\/media?parent=49749"}],"wp:term":[{"taxonomy":"product_brand","embeddable":true,"href":"https:\/\/gustoitaliano.md\/ru\/wp-json\/wp\/v2\/product_brand?post=49749"},{"taxonomy":"product_cat","embeddable":true,"href":"https:\/\/gustoitaliano.md\/ru\/wp-json\/wp\/v2\/product_cat?post=49749"},{"taxonomy":"product_tag","embeddable":true,"href":"https:\/\/gustoitaliano.md\/ru\/wp-json\/wp\/v2\/product_tag?post=49749"}],"curies":[{"name":"wp","href":"https:\/\/api.w.org\/{rel}","templated":true}]}}