{"id":49758,"date":"2025-10-10T18:36:32","date_gmt":"2025-10-10T15:36:32","guid":{"rendered":"https:\/\/gustoitaliano.md\/?post_type=product&#038;p=49758"},"modified":"2025-10-10T18:36:33","modified_gmt":"2025-10-10T15:36:33","slug":"polpa-di-pomodoro-per-pizza-bag-in-box-pulpa-de-rosii-10-kg","status":"publish","type":"product","link":"https:\/\/gustoitaliano.md\/ru\/product\/polpa-di-pomodoro-per-pizza-bag-in-box-pulpa-de-rosii-10-kg\/","title":{"rendered":"Polpa di pomodoro per pizza Bag in Box \/ \u041c\u044f\u043a\u043e\u0442\u044c \u043f\u043e\u043c\u0438\u0434\u043e\u0440\u043e\u0432 10 \u043a\u0433"},"content":{"rendered":"<p>\u0422\u043e\u043c\u0430\u0442\u043d\u0430\u044f \u043c\u044f\u043a\u043e\u0442\u044c \u0434\u043b\u044f \u043f\u0438\u0446\u0446\u044b <em data-start=\"242\" data-end=\"254\">\u0421\u0443\u043c\u043a\u0430 \u0432 \u043a\u043e\u0440\u043e\u0431\u043a\u0435<\/em> \u044d\u0442\u043e \u0438\u0442\u0430\u043b\u044c\u044f\u043d\u0441\u043a\u0430\u044f \u0442\u043e\u043c\u0430\u0442\u043d\u0430\u044f \u043c\u044f\u043a\u043e\u0442\u044c 100%, \u043f\u0440\u0435\u0434\u043d\u0430\u0437\u043d\u0430\u0447\u0435\u043d\u043d\u0430\u044f \u0434\u043b\u044f \u043f\u0440\u043e\u0444\u0435\u0441\u0441\u0438\u043e\u043d\u0430\u043b\u044c\u043d\u043e\u0433\u043e \u0438\u0441\u043f\u043e\u043b\u044c\u0437\u043e\u0432\u0430\u043d\u0438\u044f \u0432 \u043f\u0438\u0446\u0446\u0435\u0440\u0438\u044f\u0445 \u0438 \u0440\u0435\u0441\u0442\u043e\u0440\u0430\u043d\u0430\u0445. \u041f\u043e\u043b\u0443\u0447\u0435\u043d\u043d\u0430\u044f \u0438\u0437 \u0441\u043e\u0437\u0440\u0435\u0432\u0448\u0438\u0445 \u043d\u0430 \u0441\u043e\u043b\u043d\u0446\u0435 \u0442\u043e\u043c\u0430\u0442\u043e\u0432, \u043c\u0435\u043b\u043a\u043e \u0438\u0437\u043c\u0435\u043b\u044c\u0447\u0435\u043d\u043d\u0430\u044f \u0438 \u0433\u0438\u0433\u0438\u0435\u043d\u0438\u0447\u043d\u043e \u0443\u043f\u0430\u043a\u043e\u0432\u0430\u043d\u043d\u0430\u044f \u0432 10 \u043a\u0433 \u043f\u0430\u043a\u0435\u0442 \u0432 \u043a\u043e\u0440\u043e\u0431\u043a\u0435, \u043e\u043d\u0430 \u0433\u0430\u0440\u0430\u043d\u0442\u0438\u0440\u0443\u0435\u0442 \u0441\u0432\u0435\u0436\u0435\u0441\u0442\u044c, \u043f\u043e\u0434\u043b\u0438\u043d\u043d\u044b\u0439 \u0432\u043a\u0443\u0441 \u0438 \u043f\u0440\u0435\u0432\u043e\u0441\u0445\u043e\u0434\u043d\u044b\u0439 \u0432\u044b\u0445\u043e\u0434 \u043f\u0440\u0438 \u043f\u0440\u0438\u0433\u043e\u0442\u043e\u0432\u043b\u0435\u043d\u0438\u0438. \u041f\u043b\u043e\u0442\u043d\u0430\u044f \u0442\u0435\u043a\u0441\u0442\u0443\u0440\u0430 \u0438 \u0441\u0431\u0430\u043b\u0430\u043d\u0441\u0438\u0440\u043e\u0432\u0430\u043d\u043d\u044b\u0439 \u0432\u043a\u0443\u0441 \u0434\u0435\u043b\u0430\u044e\u0442 \u0435\u0433\u043e \u0438\u0434\u0435\u0430\u043b\u044c\u043d\u043e\u0439 \u043e\u0441\u043d\u043e\u0432\u043e\u0439 \u0434\u043b\u044f \u043b\u044e\u0431\u043e\u0439 \u043d\u0430\u0441\u0442\u043e\u044f\u0449\u0435\u0439 \u0438\u0442\u0430\u043b\u044c\u044f\u043d\u0441\u043a\u043e\u0439 \u043f\u0438\u0446\u0446\u044b. \u041d\u0430\u0442\u0443\u0440\u0430\u043b\u044c\u043d\u043e\u0435 \u043f\u0440\u043e\u0438\u0437\u0432\u043e\u0434\u0441\u0442\u0432\u043e \u0431\u0435\u0437 \u043a\u043e\u043d\u0441\u0435\u0440\u0432\u0430\u043d\u0442\u043e\u0432 \u0438 \u0438\u0441\u043a\u0443\u0441\u0441\u0442\u0432\u0435\u043d\u043d\u044b\u0445 \u043a\u0440\u0430\u0441\u0438\u0442\u0435\u043b\u0435\u0439.<\/p>","protected":false},"excerpt":{"rendered":"<p>Polpa di Pomodoro per Pizza Bag in Box este o pulp\u0103 de ro\u0219ii 100% italian\u0103, destinat\u0103 utiliz\u0103rii profesionale \u00een pizzerii<\/p>","protected":false},"featured_media":49665,"template":"","meta":[],"product_brand":[2450],"product_cat":[2346,2348,2347,2361],"product_tag":[2419],"class_list":{"0":"post-49758","1":"product","2":"type-product","3":"status-publish","4":"has-post-thumbnail","6":"product_brand-mazza","7":"product_cat-conserve-si-semipreparate","8":"product_cat-rosii-conservate","9":"product_cat-semifabricate-legume-conservate","10":"product_cat-sosuri","11":"product_tag-horeca","13":"first","14":"instock","15":"taxable","16":"shipping-taxable","17":"purchasable","18":"product-type-simple"},"yoast_head":"<!-- This site is optimized with the Yoast SEO Premium plugin v26.5 (Yoast SEO v27.3) - https:\/\/yoast.com\/product\/yoast-seo-premium-wordpress\/ -->\n<title>Polpa di pomodoro per pizza Bag in Box \/ Pulpa de rosii 10 kg - Gusto Italiano<\/title>\n<meta name=\"description\" content=\"Polpa di Pomodoro per Pizza Bag in Box \u2013 pulp\u0103 de ro\u0219ii italian\u0103, ideal\u0103 pentru pizzerii \u0219i buc\u0103t\u0103rii profesionale. Gust intens, textur\u0103 dens\u0103 \u0219i ambalaj practic de 10 kg. Produs 100% natural, disponibil pe gustoitaliano.md.\" \/>\n<meta name=\"robots\" content=\"index, follow, max-snippet:-1, max-image-preview:large, max-video-preview:-1\" \/>\n<link rel=\"canonical\" href=\"https:\/\/gustoitaliano.md\/ru\/product\/polpa-di-pomodoro-per-pizza-bag-in-box-pulpa-de-rosii-10-kg\/\" \/>\n<meta property=\"og:locale\" content=\"ru_RU\" \/>\n<meta property=\"og:type\" content=\"article\" \/>\n<meta property=\"og:title\" content=\"Polpa di pomodoro per pizza Bag in Box \/ Pulpa de rosii 10 kg\" \/>\n<meta property=\"og:description\" content=\"Polpa di Pomodoro per Pizza Bag in Box \u2013 pulp\u0103 de ro\u0219ii italian\u0103, ideal\u0103 pentru pizzerii \u0219i buc\u0103t\u0103rii profesionale. Gust intens, textur\u0103 dens\u0103 \u0219i ambalaj practic de 10 kg. Produs 100% natural, disponibil pe gustoitaliano.md.\" \/>\n<meta property=\"og:url\" content=\"https:\/\/gustoitaliano.md\/ru\/product\/polpa-di-pomodoro-per-pizza-bag-in-box-pulpa-de-rosii-10-kg\/\" \/>\n<meta property=\"og:site_name\" content=\"Gusto Italiano\" \/>\n<meta property=\"article:publisher\" content=\"https:\/\/www.facebook.com\/GoldenGates.Moldova\" \/>\n<meta property=\"article:modified_time\" content=\"2025-10-10T15:36:33+00:00\" \/>\n<meta property=\"og:image\" content=\"https:\/\/gustoitaliano.md\/wp-content\/uploads\/2025\/10\/Polpa.png\" \/>\n\t<meta property=\"og:image:width\" content=\"433\" \/>\n\t<meta property=\"og:image:height\" content=\"577\" \/>\n\t<meta property=\"og:image:type\" content=\"image\/png\" \/>\n<meta name=\"twitter:card\" content=\"summary_large_image\" \/>\n<meta name=\"twitter:label1\" content=\"\u041f\u0440\u0438\u043c\u0435\u0440\u043d\u043e\u0435 \u0432\u0440\u0435\u043c\u044f \u0434\u043b\u044f \u0447\u0442\u0435\u043d\u0438\u044f\" \/>\n\t<meta name=\"twitter:data1\" content=\"1 \u043c\u0438\u043d\u0443\u0442\u0430\" \/>\n<script type=\"application\/ld+json\" class=\"yoast-schema-graph\">{\"@context\":\"https:\\\/\\\/schema.org\",\"@graph\":[{\"@type\":\"WebPage\",\"@id\":\"https:\\\/\\\/gustoitaliano.md\\\/product\\\/polpa-di-pomodoro-per-pizza-bag-in-box-pulpa-de-rosii-10-kg\\\/\",\"url\":\"https:\\\/\\\/gustoitaliano.md\\\/product\\\/polpa-di-pomodoro-per-pizza-bag-in-box-pulpa-de-rosii-10-kg\\\/\",\"name\":\"Polpa di pomodoro per pizza Bag in Box \\\/ Pulpa de rosii 10 kg - Gusto Italiano\",\"isPartOf\":{\"@id\":\"https:\\\/\\\/gustoitaliano.md\\\/ro\\\/#website\"},\"primaryImageOfPage\":{\"@id\":\"https:\\\/\\\/gustoitaliano.md\\\/product\\\/polpa-di-pomodoro-per-pizza-bag-in-box-pulpa-de-rosii-10-kg\\\/#primaryimage\"},\"image\":{\"@id\":\"https:\\\/\\\/gustoitaliano.md\\\/product\\\/polpa-di-pomodoro-per-pizza-bag-in-box-pulpa-de-rosii-10-kg\\\/#primaryimage\"},\"thumbnailUrl\":\"https:\\\/\\\/gustoitaliano.md\\\/wp-content\\\/uploads\\\/2025\\\/10\\\/Polpa.png\",\"datePublished\":\"2025-10-10T15:36:32+00:00\",\"dateModified\":\"2025-10-10T15:36:33+00:00\",\"description\":\"Polpa di Pomodoro per Pizza Bag in Box \u2013 pulp\u0103 de ro\u0219ii italian\u0103, ideal\u0103 pentru pizzerii \u0219i buc\u0103t\u0103rii profesionale. Gust intens, textur\u0103 dens\u0103 \u0219i ambalaj practic de 10 kg. Produs 100% natural, disponibil pe gustoitaliano.md.\",\"breadcrumb\":{\"@id\":\"https:\\\/\\\/gustoitaliano.md\\\/product\\\/polpa-di-pomodoro-per-pizza-bag-in-box-pulpa-de-rosii-10-kg\\\/#breadcrumb\"},\"inLanguage\":\"ru-RU\",\"potentialAction\":[{\"@type\":\"ReadAction\",\"target\":[\"https:\\\/\\\/gustoitaliano.md\\\/product\\\/polpa-di-pomodoro-per-pizza-bag-in-box-pulpa-de-rosii-10-kg\\\/\"]}]},{\"@type\":\"ImageObject\",\"inLanguage\":\"ru-RU\",\"@id\":\"https:\\\/\\\/gustoitaliano.md\\\/product\\\/polpa-di-pomodoro-per-pizza-bag-in-box-pulpa-de-rosii-10-kg\\\/#primaryimage\",\"url\":\"https:\\\/\\\/gustoitaliano.md\\\/wp-content\\\/uploads\\\/2025\\\/10\\\/Polpa.png\",\"contentUrl\":\"https:\\\/\\\/gustoitaliano.md\\\/wp-content\\\/uploads\\\/2025\\\/10\\\/Polpa.png\",\"width\":433,\"height\":577},{\"@type\":\"BreadcrumbList\",\"@id\":\"https:\\\/\\\/gustoitaliano.md\\\/product\\\/polpa-di-pomodoro-per-pizza-bag-in-box-pulpa-de-rosii-10-kg\\\/#breadcrumb\",\"itemListElement\":[{\"@type\":\"ListItem\",\"position\":1,\"name\":\"Prima pagin\u0103\",\"item\":\"https:\\\/\\\/gustoitaliano.md\\\/\"},{\"@type\":\"ListItem\",\"position\":2,\"name\":\"Magazin\",\"item\":\"https:\\\/\\\/gustoitaliano.md\\\/ro\\\/magazin\\\/\"},{\"@type\":\"ListItem\",\"position\":3,\"name\":\"Conserve \u0219i semipreparate\",\"item\":\"https:\\\/\\\/gustoitaliano.md\\\/product-category\\\/conserve-si-semipreparate\\\/\"},{\"@type\":\"ListItem\",\"position\":4,\"name\":\"Polpa di pomodoro per pizza Bag in Box \\\/ Pulpa de rosii 10 kg\"}]},{\"@type\":\"WebSite\",\"@id\":\"https:\\\/\\\/gustoitaliano.md\\\/ro\\\/#website\",\"url\":\"https:\\\/\\\/gustoitaliano.md\\\/ro\\\/\",\"name\":\"Gusto Italiano\",\"description\":\"Produse Autentice Italiene\",\"publisher\":{\"@id\":\"https:\\\/\\\/gustoitaliano.md\\\/ro\\\/#organization\"},\"potentialAction\":[{\"@type\":\"SearchAction\",\"target\":{\"@type\":\"EntryPoint\",\"urlTemplate\":\"https:\\\/\\\/gustoitaliano.md\\\/ro\\\/?s={search_term_string}\"},\"query-input\":{\"@type\":\"PropertyValueSpecification\",\"valueRequired\":true,\"valueName\":\"search_term_string\"}}],\"inLanguage\":\"ru-RU\"},{\"@type\":\"Organization\",\"@id\":\"https:\\\/\\\/gustoitaliano.md\\\/ro\\\/#organization\",\"name\":\"Gusto Italiano\",\"alternateName\":\"Golden Gates SRL\",\"url\":\"https:\\\/\\\/gustoitaliano.md\\\/ro\\\/\",\"logo\":{\"@type\":\"ImageObject\",\"inLanguage\":\"ru-RU\",\"@id\":\"https:\\\/\\\/gustoitaliano.md\\\/ro\\\/#\\\/schema\\\/logo\\\/image\\\/\",\"url\":\"https:\\\/\\\/gustoitaliano.md\\\/wp-content\\\/uploads\\\/2025\\\/05\\\/logo-gusutoitaliano-2-2.png\",\"contentUrl\":\"https:\\\/\\\/gustoitaliano.md\\\/wp-content\\\/uploads\\\/2025\\\/05\\\/logo-gusutoitaliano-2-2.png\",\"width\":180,\"height\":180,\"caption\":\"Gusto Italiano\"},\"image\":{\"@id\":\"https:\\\/\\\/gustoitaliano.md\\\/ro\\\/#\\\/schema\\\/logo\\\/image\\\/\"},\"sameAs\":[\"https:\\\/\\\/www.facebook.com\\\/GoldenGates.Moldova\"]}]}<\/script>\n<!-- \/ Yoast SEO Premium plugin. -->","yoast_head_json":{"title":"Polpa di pomodoro per pizza Bag in Box \/ Pulpa de rosii 10 kg - Gusto Italiano","description":"Polpa di Pomodoro per Pizza Bag in Box \u2013 pulp\u0103 de ro\u0219ii italian\u0103, ideal\u0103 pentru pizzerii \u0219i buc\u0103t\u0103rii profesionale. Gust intens, textur\u0103 dens\u0103 \u0219i ambalaj practic de 10 kg. Produs 100% natural, disponibil pe gustoitaliano.md.","robots":{"index":"index","follow":"follow","max-snippet":"max-snippet:-1","max-image-preview":"max-image-preview:large","max-video-preview":"max-video-preview:-1"},"canonical":"https:\/\/gustoitaliano.md\/ru\/product\/polpa-di-pomodoro-per-pizza-bag-in-box-pulpa-de-rosii-10-kg\/","og_locale":"ru_RU","og_type":"article","og_title":"Polpa di pomodoro per pizza Bag in Box \/ Pulpa de rosii 10 kg","og_description":"Polpa di Pomodoro per Pizza Bag in Box \u2013 pulp\u0103 de ro\u0219ii italian\u0103, ideal\u0103 pentru pizzerii \u0219i buc\u0103t\u0103rii profesionale. Gust intens, textur\u0103 dens\u0103 \u0219i ambalaj practic de 10 kg. Produs 100% natural, disponibil pe gustoitaliano.md.","og_url":"https:\/\/gustoitaliano.md\/ru\/product\/polpa-di-pomodoro-per-pizza-bag-in-box-pulpa-de-rosii-10-kg\/","og_site_name":"Gusto Italiano","article_publisher":"https:\/\/www.facebook.com\/GoldenGates.Moldova","article_modified_time":"2025-10-10T15:36:33+00:00","og_image":[{"width":433,"height":577,"url":"https:\/\/gustoitaliano.md\/wp-content\/uploads\/2025\/10\/Polpa.png","type":"image\/png"}],"twitter_card":"summary_large_image","twitter_misc":{"\u041f\u0440\u0438\u043c\u0435\u0440\u043d\u043e\u0435 \u0432\u0440\u0435\u043c\u044f \u0434\u043b\u044f \u0447\u0442\u0435\u043d\u0438\u044f":"1 \u043c\u0438\u043d\u0443\u0442\u0430"},"schema":{"@context":"https:\/\/schema.org","@graph":[{"@type":"WebPage","@id":"https:\/\/gustoitaliano.md\/product\/polpa-di-pomodoro-per-pizza-bag-in-box-pulpa-de-rosii-10-kg\/","url":"https:\/\/gustoitaliano.md\/product\/polpa-di-pomodoro-per-pizza-bag-in-box-pulpa-de-rosii-10-kg\/","name":"Polpa di pomodoro per pizza Bag in Box \/ Pulpa de rosii 10 kg - Gusto Italiano","isPartOf":{"@id":"https:\/\/gustoitaliano.md\/ro\/#website"},"primaryImageOfPage":{"@id":"https:\/\/gustoitaliano.md\/product\/polpa-di-pomodoro-per-pizza-bag-in-box-pulpa-de-rosii-10-kg\/#primaryimage"},"image":{"@id":"https:\/\/gustoitaliano.md\/product\/polpa-di-pomodoro-per-pizza-bag-in-box-pulpa-de-rosii-10-kg\/#primaryimage"},"thumbnailUrl":"https:\/\/gustoitaliano.md\/wp-content\/uploads\/2025\/10\/Polpa.png","datePublished":"2025-10-10T15:36:32+00:00","dateModified":"2025-10-10T15:36:33+00:00","description":"Polpa di Pomodoro per Pizza Bag in Box \u2013 pulp\u0103 de ro\u0219ii italian\u0103, ideal\u0103 pentru pizzerii \u0219i buc\u0103t\u0103rii profesionale. Gust intens, textur\u0103 dens\u0103 \u0219i ambalaj practic de 10 kg. Produs 100% natural, disponibil pe gustoitaliano.md.","breadcrumb":{"@id":"https:\/\/gustoitaliano.md\/product\/polpa-di-pomodoro-per-pizza-bag-in-box-pulpa-de-rosii-10-kg\/#breadcrumb"},"inLanguage":"ru-RU","potentialAction":[{"@type":"ReadAction","target":["https:\/\/gustoitaliano.md\/product\/polpa-di-pomodoro-per-pizza-bag-in-box-pulpa-de-rosii-10-kg\/"]}]},{"@type":"ImageObject","inLanguage":"ru-RU","@id":"https:\/\/gustoitaliano.md\/product\/polpa-di-pomodoro-per-pizza-bag-in-box-pulpa-de-rosii-10-kg\/#primaryimage","url":"https:\/\/gustoitaliano.md\/wp-content\/uploads\/2025\/10\/Polpa.png","contentUrl":"https:\/\/gustoitaliano.md\/wp-content\/uploads\/2025\/10\/Polpa.png","width":433,"height":577},{"@type":"BreadcrumbList","@id":"https:\/\/gustoitaliano.md\/product\/polpa-di-pomodoro-per-pizza-bag-in-box-pulpa-de-rosii-10-kg\/#breadcrumb","itemListElement":[{"@type":"ListItem","position":1,"name":"Prima pagin\u0103","item":"https:\/\/gustoitaliano.md\/"},{"@type":"ListItem","position":2,"name":"Magazin","item":"https:\/\/gustoitaliano.md\/ro\/magazin\/"},{"@type":"ListItem","position":3,"name":"Conserve \u0219i semipreparate","item":"https:\/\/gustoitaliano.md\/product-category\/conserve-si-semipreparate\/"},{"@type":"ListItem","position":4,"name":"Polpa di pomodoro per pizza Bag in Box \/ Pulpa de rosii 10 kg"}]},{"@type":"WebSite","@id":"https:\/\/gustoitaliano.md\/ro\/#website","url":"https:\/\/gustoitaliano.md\/ro\/","name":"Gusto Italiano","description":"\u0410\u0443\u0442\u0435\u043d\u0442\u0438\u0447\u043d\u044b\u0435 \u0438\u0442\u0430\u043b\u044c\u044f\u043d\u0441\u043a\u0438\u0435 \u043f\u0440\u043e\u0434\u0443\u043a\u0442\u044b","publisher":{"@id":"https:\/\/gustoitaliano.md\/ro\/#organization"},"potentialAction":[{"@type":"SearchAction","target":{"@type":"EntryPoint","urlTemplate":"https:\/\/gustoitaliano.md\/ro\/?s={search_term_string}"},"query-input":{"@type":"PropertyValueSpecification","valueRequired":true,"valueName":"search_term_string"}}],"inLanguage":"ru-RU"},{"@type":"Organization","@id":"https:\/\/gustoitaliano.md\/ro\/#organization","name":"Gusto Italiano","alternateName":"Golden Gates SRL","url":"https:\/\/gustoitaliano.md\/ro\/","logo":{"@type":"ImageObject","inLanguage":"ru-RU","@id":"https:\/\/gustoitaliano.md\/ro\/#\/schema\/logo\/image\/","url":"https:\/\/gustoitaliano.md\/wp-content\/uploads\/2025\/05\/logo-gusutoitaliano-2-2.png","contentUrl":"https:\/\/gustoitaliano.md\/wp-content\/uploads\/2025\/05\/logo-gusutoitaliano-2-2.png","width":180,"height":180,"caption":"Gusto Italiano"},"image":{"@id":"https:\/\/gustoitaliano.md\/ro\/#\/schema\/logo\/image\/"},"sameAs":["https:\/\/www.facebook.com\/GoldenGates.Moldova"]}]}},"_links":{"self":[{"href":"https:\/\/gustoitaliano.md\/ru\/wp-json\/wp\/v2\/product\/49758","targetHints":{"allow":["GET"]}}],"collection":[{"href":"https:\/\/gustoitaliano.md\/ru\/wp-json\/wp\/v2\/product"}],"about":[{"href":"https:\/\/gustoitaliano.md\/ru\/wp-json\/wp\/v2\/types\/product"}],"version-history":[{"count":0,"href":"https:\/\/gustoitaliano.md\/ru\/wp-json\/wp\/v2\/product\/49758\/revisions"}],"wp:featuredmedia":[{"embeddable":true,"href":"https:\/\/gustoitaliano.md\/ru\/wp-json\/wp\/v2\/media\/49665"}],"wp:attachment":[{"href":"https:\/\/gustoitaliano.md\/ru\/wp-json\/wp\/v2\/media?parent=49758"}],"wp:term":[{"taxonomy":"product_brand","embeddable":true,"href":"https:\/\/gustoitaliano.md\/ru\/wp-json\/wp\/v2\/product_brand?post=49758"},{"taxonomy":"product_cat","embeddable":true,"href":"https:\/\/gustoitaliano.md\/ru\/wp-json\/wp\/v2\/product_cat?post=49758"},{"taxonomy":"product_tag","embeddable":true,"href":"https:\/\/gustoitaliano.md\/ru\/wp-json\/wp\/v2\/product_tag?post=49758"}],"curies":[{"name":"wp","href":"https:\/\/api.w.org\/{rel}","templated":true}]}}