{"id":50088,"date":"2025-11-20T10:15:40","date_gmt":"2025-11-20T08:15:40","guid":{"rendered":"https:\/\/gustoitaliano.md\/?post_type=product&#038;p=50088"},"modified":"2025-12-05T12:17:01","modified_gmt":"2025-12-05T10:17:01","slug":"crema-de-fistic-crema-di-pistacchio-40-200-gr","status":"publish","type":"product","link":"https:\/\/gustoitaliano.md\/ru\/product\/crema-de-fistic-crema-di-pistacchio-40-200-gr\/","title":{"rendered":"\u0424\u0438\u0441\u0442\u0430\u0448\u043a\u043e\u0432\u044b\u0439 \u043a\u0440\u0435\u043c \/ Crema di Pistacchio 40% - 200 \u0433\u0440."},"content":{"rendered":"<p data-start=\"328\" data-end=\"574\">\u0424\u0438\u0441\u0442\u0430\u0448\u043a\u043e\u0432\u044b\u0439 \u043a\u0440\u0435\u043c \u043f\u0440\u0435\u043c\u0438\u0443\u043c-\u043a\u043b\u0430\u0441\u0441\u0430 \u0441 <strong data-start=\"355\" data-end=\"381\">40% \u0421\u043e\u0434\u0435\u0440\u0436\u0430\u043d\u0438\u0435 \u0444\u0438\u0441\u0442\u0430\u0448\u0435\u043a<\/strong>, \u0438\u0434\u0435\u0430\u043b\u044c\u043d\u043e \u043f\u043e\u0434\u0445\u043e\u0434\u0438\u0442 \u0434\u043b\u044f \u0438\u0437\u044b\u0441\u043a\u0430\u043d\u043d\u044b\u0445 \u0434\u0435\u0441\u0435\u0440\u0442\u043e\u0432 \u0438 \u0431\u043b\u044e\u0434 \u0434\u043b\u044f \u0433\u0443\u0440\u043c\u0430\u043d\u043e\u0432. \u0413\u043b\u0430\u0434\u043a\u0430\u044f, \u0431\u0430\u0440\u0445\u0430\u0442\u0438\u0441\u0442\u0430\u044f \u0442\u0435\u043a\u0441\u0442\u0443\u0440\u0430 \u0438 \u043d\u0430\u0441\u044b\u0449\u0435\u043d\u043d\u044b\u0439 \u0430\u0440\u043e\u043c\u0430\u0442, \u0445\u0430\u0440\u0430\u043a\u0442\u0435\u0440\u043d\u044b\u0439 \u0434\u043b\u044f \u0441\u0438\u0446\u0438\u043b\u0438\u0439\u0441\u043a\u0438\u0445 \u0444\u0438\u0441\u0442\u0430\u0448\u0435\u043a, \u043f\u0440\u0435\u0432\u0440\u0430\u0449\u0430\u044e\u0442 \u043b\u044e\u0431\u043e\u0439 \u0440\u0435\u0446\u0435\u043f\u0442 \u0432 \u043f\u043e\u0434\u043b\u0438\u043d\u043d\u043e\u0435 \u0438\u0442\u0430\u043b\u044c\u044f\u043d\u0441\u043a\u043e\u0435 \u043d\u0430\u0441\u043b\u0430\u0436\u0434\u0435\u043d\u0438\u0435.<\/p>\n<p data-start=\"576\" data-end=\"790\">\u0418\u0434\u0435\u0430\u043b\u044c\u043d\u043e \u043f\u043e\u0434\u0445\u043e\u0434\u0438\u0442 \u0434\u043b\u044f <strong data-start=\"592\" data-end=\"684\">\u041a\u0440\u0443\u0430\u0441\u0441\u0430\u043d\u044b, \u0431\u043b\u0438\u043d\u0447\u0438\u043a\u0438, \u0442\u043e\u0440\u0442\u044b, \u043c\u0443\u0441\u0441\u044b, \u043f\u0438\u0440\u043e\u0436\u043d\u044b\u0435, \u0447\u0438\u0437\u043a\u0435\u0439\u043a \u0438\u043b\u0438 \u0435\u0448\u044c\u0442\u0435 \u043f\u0440\u044f\u043c\u043e \u043d\u0430 \u0445\u043b\u0435\u0431\u0435<\/strong>.<br data-start=\"685\" data-end=\"688\" \/>\u041f\u0440\u0435\u0432\u043e\u0441\u0445\u043e\u0434\u043d\u043e\u0435 \u043a\u0430\u0447\u0435\u0441\u0442\u0432\u043e \u0438 \u0432\u044b\u0441\u043e\u043a\u043e\u0435 \u0441\u043e\u0434\u0435\u0440\u0436\u0430\u043d\u0438\u0435 \u0444\u0438\u0441\u0442\u0430\u0448\u0435\u043a \u043e\u0442\u043b\u0438\u0447\u0430\u044e\u0442 \u0435\u0433\u043e \u043e\u0442 \u043e\u0431\u044b\u0447\u043d\u044b\u0445 \u043a\u043e\u043c\u043c\u0435\u0440\u0447\u0435\u0441\u043a\u0438\u0445 \u043a\u0440\u0435\u043c\u043e\u0432.<\/p>\n<ul data-start=\"792\" data-end=\"974\">\n<li data-start=\"792\" data-end=\"819\">\n<p data-start=\"794\" data-end=\"819\">\u0421\u043e\u0434\u0435\u0440\u0436\u0430\u043d\u0438\u0435 \u0444\u0438\u0441\u0442\u0430\u0448\u0435\u043a: 40%<\/p>\n<\/li>\n<li data-start=\"820\" data-end=\"845\">\n<p data-start=\"822\" data-end=\"845\">\u0423\u043f\u0430\u043a\u043e\u0432\u043a\u0430: \u0431\u0430\u043d\u043a\u0430 200 \u0433<\/p>\n<\/li>\n<li data-start=\"846\" data-end=\"893\">\n<p data-start=\"848\" data-end=\"893\">\u0412\u043a\u0443\u0441: \u0438\u043d\u0442\u0435\u043d\u0441\u0438\u0432\u043d\u044b\u0439, \u043d\u0430\u0442\u0443\u0440\u0430\u043b\u044c\u043d\u044b\u0439, \u0441 \u043b\u0435\u0433\u043a\u0438\u043c\u0438 \u043d\u043e\u0442\u043a\u0430\u043c\u0438 \u0442\u043e\u0441\u0442\u0430<\/p>\n<\/li>\n<li data-start=\"894\" data-end=\"954\">\n<p data-start=\"896\" data-end=\"954\">\u0420\u0435\u043a\u043e\u043c\u0435\u043d\u0434\u0443\u0435\u0442\u0441\u044f \u0434\u043b\u044f: \u0434\u0435\u0441\u0435\u0440\u0442\u043e\u0432, \u0437\u0430\u0432\u0430\u0440\u043d\u044b\u0445 \u043a\u0440\u0435\u043c\u043e\u0432, \u043d\u0430\u0447\u0438\u043d\u043e\u043a, \u0441\u043f\u0440\u0435\u0434\u043e\u0432<\/p>\n<\/li>\n<li data-start=\"955\" data-end=\"974\">\n<p data-start=\"957\" data-end=\"974\">\u041f\u0440\u043e\u0438\u0441\u0445\u043e\u0436\u0434\u0435\u043d\u0438\u0435: \u0418\u0442\u0430\u043b\u0438\u044f<\/p>\n<\/li>\n<\/ul>","protected":false},"excerpt":{"rendered":"<p>Crem\u0103 premium de fistic cu 40% con\u021binut de fistic, ideal\u0103 pentru deserturi rafinate \u0219i preparate gourmet. Textura fin\u0103, catifelat\u0103 \u0219i<\/p>","protected":false},"featured_media":50090,"template":"","meta":[],"product_brand":[2459],"product_cat":[2354,2355,2373],"product_tag":[2420],"class_list":{"0":"post-50088","1":"product","2":"type-product","3":"status-publish","4":"has-post-thumbnail","6":"product_brand-etnatost","7":"product_cat-pentru-deserturi","8":"product_cat-semifabricate-pt-deserturi-biscuiti-patiserie","9":"product_cat-topping-uri-pentru-deserturi","10":"product_tag-retail","12":"first","13":"instock","14":"taxable","15":"shipping-taxable","16":"purchasable","17":"product-type-simple"},"yoast_head":"<!-- This site is optimized with the Yoast SEO Premium plugin v26.5 (Yoast SEO v27.3) - https:\/\/yoast.com\/product\/yoast-seo-premium-wordpress\/ -->\n<title>Crema de fistic \/ Crema di Pistacchio 40% - 200 gr - Gusto Italiano<\/title>\n<meta name=\"description\" content=\"Crem\u0103 de fistic 40% \u2013 200 g. Arom\u0103 intens\u0103, textur\u0103 fin\u0103 \u0219i gust autentic italian. Perfect\u0103 pentru deserturi premium \u0219i preparate gourmet.\" \/>\n<meta name=\"robots\" content=\"index, follow, max-snippet:-1, max-image-preview:large, max-video-preview:-1\" \/>\n<link rel=\"canonical\" href=\"https:\/\/gustoitaliano.md\/ru\/product\/crema-de-fistic-crema-di-pistacchio-40-200-gr\/\" \/>\n<meta property=\"og:locale\" content=\"ru_RU\" \/>\n<meta property=\"og:type\" content=\"article\" \/>\n<meta property=\"og:title\" content=\"Crema de fistic \/ Crema di Pistacchio 40% - 200 gr\" \/>\n<meta property=\"og:description\" content=\"Crem\u0103 de fistic 40% \u2013 200 g. Arom\u0103 intens\u0103, textur\u0103 fin\u0103 \u0219i gust autentic italian. Perfect\u0103 pentru deserturi premium \u0219i preparate gourmet.\" \/>\n<meta property=\"og:url\" content=\"https:\/\/gustoitaliano.md\/ru\/product\/crema-de-fistic-crema-di-pistacchio-40-200-gr\/\" \/>\n<meta property=\"og:site_name\" content=\"Gusto Italiano\" \/>\n<meta property=\"article:publisher\" content=\"https:\/\/www.facebook.com\/GoldenGates.Moldova\" \/>\n<meta property=\"article:modified_time\" content=\"2025-12-05T10:17:01+00:00\" \/>\n<meta property=\"og:image\" content=\"https:\/\/gustoitaliano.md\/wp-content\/uploads\/2025\/11\/Crema-di-pistacchio-etnatost-200-gr.png\" \/>\n\t<meta property=\"og:image:width\" content=\"433\" \/>\n\t<meta property=\"og:image:height\" content=\"577\" \/>\n\t<meta property=\"og:image:type\" content=\"image\/png\" \/>\n<meta name=\"twitter:card\" content=\"summary_large_image\" \/>\n<meta name=\"twitter:label1\" content=\"\u041f\u0440\u0438\u043c\u0435\u0440\u043d\u043e\u0435 \u0432\u0440\u0435\u043c\u044f \u0434\u043b\u044f \u0447\u0442\u0435\u043d\u0438\u044f\" \/>\n\t<meta name=\"twitter:data1\" content=\"1 \u043c\u0438\u043d\u0443\u0442\u0430\" \/>\n<script type=\"application\/ld+json\" class=\"yoast-schema-graph\">{\"@context\":\"https:\\\/\\\/schema.org\",\"@graph\":[{\"@type\":\"WebPage\",\"@id\":\"https:\\\/\\\/gustoitaliano.md\\\/product\\\/crema-de-fistic-crema-di-pistacchio-40-200-gr\\\/\",\"url\":\"https:\\\/\\\/gustoitaliano.md\\\/product\\\/crema-de-fistic-crema-di-pistacchio-40-200-gr\\\/\",\"name\":\"Crema de fistic \\\/ Crema di Pistacchio 40% - 200 gr - Gusto Italiano\",\"isPartOf\":{\"@id\":\"https:\\\/\\\/gustoitaliano.md\\\/ro\\\/#website\"},\"primaryImageOfPage\":{\"@id\":\"https:\\\/\\\/gustoitaliano.md\\\/product\\\/crema-de-fistic-crema-di-pistacchio-40-200-gr\\\/#primaryimage\"},\"image\":{\"@id\":\"https:\\\/\\\/gustoitaliano.md\\\/product\\\/crema-de-fistic-crema-di-pistacchio-40-200-gr\\\/#primaryimage\"},\"thumbnailUrl\":\"https:\\\/\\\/gustoitaliano.md\\\/wp-content\\\/uploads\\\/2025\\\/11\\\/Crema-di-pistacchio-etnatost-200-gr.png\",\"datePublished\":\"2025-11-20T08:15:40+00:00\",\"dateModified\":\"2025-12-05T10:17:01+00:00\",\"description\":\"Crem\u0103 de fistic 40% \u2013 200 g. Arom\u0103 intens\u0103, textur\u0103 fin\u0103 \u0219i gust autentic italian. Perfect\u0103 pentru deserturi premium \u0219i preparate gourmet.\",\"breadcrumb\":{\"@id\":\"https:\\\/\\\/gustoitaliano.md\\\/product\\\/crema-de-fistic-crema-di-pistacchio-40-200-gr\\\/#breadcrumb\"},\"inLanguage\":\"ru-RU\",\"potentialAction\":[{\"@type\":\"ReadAction\",\"target\":[\"https:\\\/\\\/gustoitaliano.md\\\/product\\\/crema-de-fistic-crema-di-pistacchio-40-200-gr\\\/\"]}]},{\"@type\":\"ImageObject\",\"inLanguage\":\"ru-RU\",\"@id\":\"https:\\\/\\\/gustoitaliano.md\\\/product\\\/crema-de-fistic-crema-di-pistacchio-40-200-gr\\\/#primaryimage\",\"url\":\"https:\\\/\\\/gustoitaliano.md\\\/wp-content\\\/uploads\\\/2025\\\/11\\\/Crema-di-pistacchio-etnatost-200-gr.png\",\"contentUrl\":\"https:\\\/\\\/gustoitaliano.md\\\/wp-content\\\/uploads\\\/2025\\\/11\\\/Crema-di-pistacchio-etnatost-200-gr.png\",\"width\":433,\"height\":577},{\"@type\":\"BreadcrumbList\",\"@id\":\"https:\\\/\\\/gustoitaliano.md\\\/product\\\/crema-de-fistic-crema-di-pistacchio-40-200-gr\\\/#breadcrumb\",\"itemListElement\":[{\"@type\":\"ListItem\",\"position\":1,\"name\":\"Prima pagin\u0103\",\"item\":\"https:\\\/\\\/gustoitaliano.md\\\/\"},{\"@type\":\"ListItem\",\"position\":2,\"name\":\"Magazin\",\"item\":\"https:\\\/\\\/gustoitaliano.md\\\/ro\\\/magazin\\\/\"},{\"@type\":\"ListItem\",\"position\":3,\"name\":\"Pentru Deserturi\",\"item\":\"https:\\\/\\\/gustoitaliano.md\\\/product-category\\\/pentru-deserturi\\\/\"},{\"@type\":\"ListItem\",\"position\":4,\"name\":\"Crema de fistic \\\/ Crema di Pistacchio 40% &#8211; 200 gr\"}]},{\"@type\":\"WebSite\",\"@id\":\"https:\\\/\\\/gustoitaliano.md\\\/ro\\\/#website\",\"url\":\"https:\\\/\\\/gustoitaliano.md\\\/ro\\\/\",\"name\":\"Gusto Italiano\",\"description\":\"Produse Autentice Italiene\",\"publisher\":{\"@id\":\"https:\\\/\\\/gustoitaliano.md\\\/ro\\\/#organization\"},\"potentialAction\":[{\"@type\":\"SearchAction\",\"target\":{\"@type\":\"EntryPoint\",\"urlTemplate\":\"https:\\\/\\\/gustoitaliano.md\\\/ro\\\/?s={search_term_string}\"},\"query-input\":{\"@type\":\"PropertyValueSpecification\",\"valueRequired\":true,\"valueName\":\"search_term_string\"}}],\"inLanguage\":\"ru-RU\"},{\"@type\":\"Organization\",\"@id\":\"https:\\\/\\\/gustoitaliano.md\\\/ro\\\/#organization\",\"name\":\"Gusto Italiano\",\"alternateName\":\"Golden Gates SRL\",\"url\":\"https:\\\/\\\/gustoitaliano.md\\\/ro\\\/\",\"logo\":{\"@type\":\"ImageObject\",\"inLanguage\":\"ru-RU\",\"@id\":\"https:\\\/\\\/gustoitaliano.md\\\/ro\\\/#\\\/schema\\\/logo\\\/image\\\/\",\"url\":\"https:\\\/\\\/gustoitaliano.md\\\/wp-content\\\/uploads\\\/2025\\\/05\\\/logo-gusutoitaliano-2-2.png\",\"contentUrl\":\"https:\\\/\\\/gustoitaliano.md\\\/wp-content\\\/uploads\\\/2025\\\/05\\\/logo-gusutoitaliano-2-2.png\",\"width\":180,\"height\":180,\"caption\":\"Gusto Italiano\"},\"image\":{\"@id\":\"https:\\\/\\\/gustoitaliano.md\\\/ro\\\/#\\\/schema\\\/logo\\\/image\\\/\"},\"sameAs\":[\"https:\\\/\\\/www.facebook.com\\\/GoldenGates.Moldova\"]}]}<\/script>\n<!-- \/ Yoast SEO Premium plugin. -->","yoast_head_json":{"title":"Crema de fistic \/ Crema di Pistacchio 40% - 200 gr - Gusto Italiano","description":"Crem\u0103 de fistic 40% \u2013 200 g. Arom\u0103 intens\u0103, textur\u0103 fin\u0103 \u0219i gust autentic italian. Perfect\u0103 pentru deserturi premium \u0219i preparate gourmet.","robots":{"index":"index","follow":"follow","max-snippet":"max-snippet:-1","max-image-preview":"max-image-preview:large","max-video-preview":"max-video-preview:-1"},"canonical":"https:\/\/gustoitaliano.md\/ru\/product\/crema-de-fistic-crema-di-pistacchio-40-200-gr\/","og_locale":"ru_RU","og_type":"article","og_title":"Crema de fistic \/ Crema di Pistacchio 40% - 200 gr","og_description":"Crem\u0103 de fistic 40% \u2013 200 g. Arom\u0103 intens\u0103, textur\u0103 fin\u0103 \u0219i gust autentic italian. Perfect\u0103 pentru deserturi premium \u0219i preparate gourmet.","og_url":"https:\/\/gustoitaliano.md\/ru\/product\/crema-de-fistic-crema-di-pistacchio-40-200-gr\/","og_site_name":"Gusto Italiano","article_publisher":"https:\/\/www.facebook.com\/GoldenGates.Moldova","article_modified_time":"2025-12-05T10:17:01+00:00","og_image":[{"width":433,"height":577,"url":"https:\/\/gustoitaliano.md\/wp-content\/uploads\/2025\/11\/Crema-di-pistacchio-etnatost-200-gr.png","type":"image\/png"}],"twitter_card":"summary_large_image","twitter_misc":{"\u041f\u0440\u0438\u043c\u0435\u0440\u043d\u043e\u0435 \u0432\u0440\u0435\u043c\u044f \u0434\u043b\u044f \u0447\u0442\u0435\u043d\u0438\u044f":"1 \u043c\u0438\u043d\u0443\u0442\u0430"},"schema":{"@context":"https:\/\/schema.org","@graph":[{"@type":"WebPage","@id":"https:\/\/gustoitaliano.md\/product\/crema-de-fistic-crema-di-pistacchio-40-200-gr\/","url":"https:\/\/gustoitaliano.md\/product\/crema-de-fistic-crema-di-pistacchio-40-200-gr\/","name":"Crema de fistic \/ Crema di Pistacchio 40% - 200 gr - Gusto Italiano","isPartOf":{"@id":"https:\/\/gustoitaliano.md\/ro\/#website"},"primaryImageOfPage":{"@id":"https:\/\/gustoitaliano.md\/product\/crema-de-fistic-crema-di-pistacchio-40-200-gr\/#primaryimage"},"image":{"@id":"https:\/\/gustoitaliano.md\/product\/crema-de-fistic-crema-di-pistacchio-40-200-gr\/#primaryimage"},"thumbnailUrl":"https:\/\/gustoitaliano.md\/wp-content\/uploads\/2025\/11\/Crema-di-pistacchio-etnatost-200-gr.png","datePublished":"2025-11-20T08:15:40+00:00","dateModified":"2025-12-05T10:17:01+00:00","description":"Crem\u0103 de fistic 40% \u2013 200 g. Arom\u0103 intens\u0103, textur\u0103 fin\u0103 \u0219i gust autentic italian. Perfect\u0103 pentru deserturi premium \u0219i preparate gourmet.","breadcrumb":{"@id":"https:\/\/gustoitaliano.md\/product\/crema-de-fistic-crema-di-pistacchio-40-200-gr\/#breadcrumb"},"inLanguage":"ru-RU","potentialAction":[{"@type":"ReadAction","target":["https:\/\/gustoitaliano.md\/product\/crema-de-fistic-crema-di-pistacchio-40-200-gr\/"]}]},{"@type":"ImageObject","inLanguage":"ru-RU","@id":"https:\/\/gustoitaliano.md\/product\/crema-de-fistic-crema-di-pistacchio-40-200-gr\/#primaryimage","url":"https:\/\/gustoitaliano.md\/wp-content\/uploads\/2025\/11\/Crema-di-pistacchio-etnatost-200-gr.png","contentUrl":"https:\/\/gustoitaliano.md\/wp-content\/uploads\/2025\/11\/Crema-di-pistacchio-etnatost-200-gr.png","width":433,"height":577},{"@type":"BreadcrumbList","@id":"https:\/\/gustoitaliano.md\/product\/crema-de-fistic-crema-di-pistacchio-40-200-gr\/#breadcrumb","itemListElement":[{"@type":"ListItem","position":1,"name":"Prima pagin\u0103","item":"https:\/\/gustoitaliano.md\/"},{"@type":"ListItem","position":2,"name":"Magazin","item":"https:\/\/gustoitaliano.md\/ro\/magazin\/"},{"@type":"ListItem","position":3,"name":"Pentru Deserturi","item":"https:\/\/gustoitaliano.md\/product-category\/pentru-deserturi\/"},{"@type":"ListItem","position":4,"name":"Crema de fistic \/ Crema di Pistacchio 40% &#8211; 200 gr"}]},{"@type":"WebSite","@id":"https:\/\/gustoitaliano.md\/ro\/#website","url":"https:\/\/gustoitaliano.md\/ro\/","name":"Gusto Italiano","description":"\u0410\u0443\u0442\u0435\u043d\u0442\u0438\u0447\u043d\u044b\u0435 \u0438\u0442\u0430\u043b\u044c\u044f\u043d\u0441\u043a\u0438\u0435 \u043f\u0440\u043e\u0434\u0443\u043a\u0442\u044b","publisher":{"@id":"https:\/\/gustoitaliano.md\/ro\/#organization"},"potentialAction":[{"@type":"SearchAction","target":{"@type":"EntryPoint","urlTemplate":"https:\/\/gustoitaliano.md\/ro\/?s={search_term_string}"},"query-input":{"@type":"PropertyValueSpecification","valueRequired":true,"valueName":"search_term_string"}}],"inLanguage":"ru-RU"},{"@type":"Organization","@id":"https:\/\/gustoitaliano.md\/ro\/#organization","name":"Gusto Italiano","alternateName":"Golden Gates SRL","url":"https:\/\/gustoitaliano.md\/ro\/","logo":{"@type":"ImageObject","inLanguage":"ru-RU","@id":"https:\/\/gustoitaliano.md\/ro\/#\/schema\/logo\/image\/","url":"https:\/\/gustoitaliano.md\/wp-content\/uploads\/2025\/05\/logo-gusutoitaliano-2-2.png","contentUrl":"https:\/\/gustoitaliano.md\/wp-content\/uploads\/2025\/05\/logo-gusutoitaliano-2-2.png","width":180,"height":180,"caption":"Gusto Italiano"},"image":{"@id":"https:\/\/gustoitaliano.md\/ro\/#\/schema\/logo\/image\/"},"sameAs":["https:\/\/www.facebook.com\/GoldenGates.Moldova"]}]}},"_links":{"self":[{"href":"https:\/\/gustoitaliano.md\/ru\/wp-json\/wp\/v2\/product\/50088","targetHints":{"allow":["GET"]}}],"collection":[{"href":"https:\/\/gustoitaliano.md\/ru\/wp-json\/wp\/v2\/product"}],"about":[{"href":"https:\/\/gustoitaliano.md\/ru\/wp-json\/wp\/v2\/types\/product"}],"version-history":[{"count":0,"href":"https:\/\/gustoitaliano.md\/ru\/wp-json\/wp\/v2\/product\/50088\/revisions"}],"wp:featuredmedia":[{"embeddable":true,"href":"https:\/\/gustoitaliano.md\/ru\/wp-json\/wp\/v2\/media\/50090"}],"wp:attachment":[{"href":"https:\/\/gustoitaliano.md\/ru\/wp-json\/wp\/v2\/media?parent=50088"}],"wp:term":[{"taxonomy":"product_brand","embeddable":true,"href":"https:\/\/gustoitaliano.md\/ru\/wp-json\/wp\/v2\/product_brand?post=50088"},{"taxonomy":"product_cat","embeddable":true,"href":"https:\/\/gustoitaliano.md\/ru\/wp-json\/wp\/v2\/product_cat?post=50088"},{"taxonomy":"product_tag","embeddable":true,"href":"https:\/\/gustoitaliano.md\/ru\/wp-json\/wp\/v2\/product_tag?post=50088"}],"curies":[{"name":"wp","href":"https:\/\/api.w.org\/{rel}","templated":true}]}}