{"id":50094,"date":"2025-11-20T10:31:17","date_gmt":"2025-11-20T08:31:17","guid":{"rendered":"https:\/\/gustoitaliano.md\/?post_type=product&#038;p=50094"},"modified":"2025-12-05T12:17:19","modified_gmt":"2025-12-05T10:17:19","slug":"crema-de-fistic-crema-di-pistacchio-40-1-kg","status":"publish","type":"product","link":"https:\/\/gustoitaliano.md\/ru\/product\/crema-de-fistic-crema-di-pistacchio-40-1-kg\/","title":{"rendered":"\u0424\u0438\u0441\u0442\u0430\u0448\u043a\u043e\u0432\u044b\u0439 \u043a\u0440\u0435\u043c \/ Crema di Pistacchio 40% \u2013 1 kg"},"content":{"rendered":"<p data-start=\"356\" data-end=\"664\">\u041f\u0440\u043e\u0444\u0435\u0441\u0441\u0438\u043e\u043d\u0430\u043b\u044c\u043d\u044b\u0439 \u0444\u0438\u0441\u0442\u0430\u0448\u043a\u043e\u0432\u044b\u0439 \u043a\u0440\u0435\u043c \u0441 <strong data-start=\"388\" data-end=\"423\">40% \u043f\u043e\u0434\u043b\u0438\u043d\u043d\u043e\u0435 \u0441\u043e\u0434\u0435\u0440\u0436\u0430\u043d\u0438\u0435 \u0444\u0438\u0441\u0442\u0430\u0448\u0435\u043a<\/strong>, \u0414\u043b\u044f \u0438\u0441\u043f\u043e\u043b\u044c\u0437\u043e\u0432\u0430\u043d\u0438\u044f \u0432 \u043f\u0435\u043a\u0430\u0440\u043d\u044f\u0445, \u043a\u043e\u043d\u0434\u0438\u0442\u0435\u0440\u0441\u043a\u0438\u0445, \u043a\u0430\u0444\u0435-\u043c\u043e\u0440\u043e\u0436\u0435\u043d\u044b\u0445 \u0438\u043b\u0438 \u0434\u043b\u044f \u0442\u0435\u0445, \u043a\u0442\u043e \u0445\u043e\u0447\u0435\u0442 \u043f\u043e\u043b\u0443\u0447\u0438\u0442\u044c \u043f\u0440\u0435\u043c\u0438\u0430\u043b\u044c\u043d\u044b\u0439 \u043f\u0440\u043e\u0434\u0443\u043a\u0442 \u0432 \u0434\u043e\u043c\u0430\u0448\u043d\u0438\u0445 \u0443\u0441\u043b\u043e\u0432\u0438\u044f\u0445.<br data-start=\"529\" data-end=\"532\" \/>\u041e\u043d \u0438\u043c\u0435\u0435\u0442 \u0442\u0435\u043a\u0441\u0442\u0443\u0440\u0443 <strong data-start=\"546\" data-end=\"575\">\u043f\u043b\u043e\u0442\u043d\u044b\u0439, \u0433\u043b\u0430\u0434\u043a\u0438\u0439 \u0438 \u0431\u0430\u0440\u0445\u0430\u0442\u0438\u0441\u0442\u044b\u0439<\/strong>, \u0421 \u0438\u043d\u0442\u0435\u043d\u0441\u0438\u0432\u043d\u044b\u043c, \u0438\u0437\u044b\u0441\u043a\u0430\u043d\u043d\u044b\u043c \u0438 \u043d\u0430\u0442\u0443\u0440\u0430\u043b\u044c\u043d\u044b\u043c \u0432\u043a\u0443\u0441\u043e\u043c \u0441\u0438\u0446\u0438\u043b\u0438\u0439\u0441\u043a\u0438\u0445 \u0444\u0438\u0441\u0442\u0430\u0448\u0435\u043a - \u0438\u0434\u0435\u0430\u043b\u044c\u043d\u043e \u0434\u043b\u044f \u0440\u0435\u0446\u0435\u043f\u0442\u043e\u0432 \u0434\u043b\u044f \u0433\u0443\u0440\u043c\u0430\u043d\u043e\u0432.<\/p>\n<p data-start=\"666\" data-end=\"906\">\u041f\u043e\u0434\u0445\u043e\u0434\u0438\u0442 \u0434\u043b\u044f <strong data-start=\"683\" data-end=\"778\">\u041d\u0430\u0447\u0438\u043d\u043a\u0438 \u0434\u043b\u044f \u043f\u0438\u0440\u043e\u0433\u043e\u0432, \u0442\u0430\u0440\u0442\u043e\u0432, \u043f\u0438\u0440\u043e\u0436\u043d\u044b\u0445, \u043a\u0440\u0443\u0430\u0441\u0441\u0430\u043d\u043e\u0432, \u043a\u0430\u043d\u043d\u043e\u043b\u0438, \u0437\u0430\u0432\u0430\u0440\u043d\u044b\u0435 \u043a\u0440\u0435\u043c\u044b, \u0434\u043e\u043c\u0430\u0448\u043d\u0435\u0435 \u043c\u043e\u0440\u043e\u0436\u0435\u043d\u043e\u0435, \u043c\u0443\u0441\u0441\u044b<\/strong> \u0418\u043b\u0438 \u043d\u0430\u043c\u0430\u0436\u044c\u0442\u0435 \u043d\u0430 \u0445\u043b\u0435\u0431.<br data-start=\"800\" data-end=\"803\" \/>\u0412\u044b\u0441\u043e\u043a\u043e\u0435 \u043a\u0430\u0447\u0435\u0441\u0442\u0432\u043e \u0438 \u0432\u044b\u0441\u043e\u043a\u043e\u0435 \u0441\u043e\u0434\u0435\u0440\u0436\u0430\u043d\u0438\u0435 \u0444\u0438\u0441\u0442\u0430\u0448\u0435\u043a \u044f\u0432\u043d\u043e \u043e\u0442\u043b\u0438\u0447\u0430\u044e\u0442 \u0435\u0433\u043e \u043e\u0442 \u043e\u0431\u044b\u0447\u043d\u044b\u0445 \u043a\u043e\u043c\u043c\u0435\u0440\u0447\u0435\u0441\u043a\u0438\u0445 \u043a\u0440\u0435\u043c\u043e\u0432.<\/p>\n<ul data-start=\"908\" data-end=\"1138\">\n<li data-start=\"908\" data-end=\"935\">\n<p data-start=\"910\" data-end=\"935\">\u0421\u043e\u0434\u0435\u0440\u0436\u0430\u043d\u0438\u0435 \u0444\u0438\u0441\u0442\u0430\u0448\u0435\u043a: 40%<\/p>\n<\/li>\n<li data-start=\"936\" data-end=\"972\">\n<p data-start=\"938\" data-end=\"972\">\u0423\u043f\u0430\u043a\u043e\u0432\u043a\u0430: \u0431\u0430\u043d\u043a\u0430\/\u043a\u043e\u043d\u0442\u0435\u0439\u043d\u0435\u0440 1 \u043a\u0433<\/p>\n<\/li>\n<li data-start=\"973\" data-end=\"1009\">\n<p data-start=\"975\" data-end=\"1009\">\u0422\u0435\u043a\u0441\u0442\u0443\u0440\u0430: \u0433\u043b\u0430\u0434\u043a\u0430\u044f, \u043a\u0440\u0435\u043c\u043e\u043e\u0431\u0440\u0430\u0437\u043d\u0430\u044f, \u043e\u0434\u043d\u043e\u0440\u043e\u0434\u043d\u0430\u044f<\/p>\n<\/li>\n<li data-start=\"1010\" data-end=\"1048\">\n<p data-start=\"1012\" data-end=\"1048\">\u041f\u0440\u0438\u043c\u0435\u043d\u0435\u043d\u0438\u0435: \u043f\u0440\u043e\u0444\u0435\u0441\u0441\u0438\u043e\u043d\u0430\u043b\u044c\u043d\u043e\u0435 \u0438 \u0431\u044b\u0442\u043e\u0432\u043e\u0435<\/p>\n<\/li>\n<li data-start=\"1049\" data-end=\"1118\">\n<p data-start=\"1051\" data-end=\"1118\">\u0418\u0434\u0435\u0430\u043b\u044c\u043d\u043e \u043f\u043e\u0434\u0445\u043e\u0434\u0438\u0442 \u0434\u043b\u044f: \u0442\u043e\u0440\u0442\u043e\u0432, \u043f\u0438\u0440\u043e\u0436\u043d\u044b\u0445, \u043c\u043e\u0440\u043e\u0436\u0435\u043d\u043e\u0433\u043e, \u0438\u0437\u044b\u0441\u043a\u0430\u043d\u043d\u044b\u0445 \u0434\u0435\u0441\u0435\u0440\u0442\u043e\u0432<\/p>\n<\/li>\n<li data-start=\"1119\" data-end=\"1138\">\n<p data-start=\"1121\" data-end=\"1138\">\u041f\u0440\u043e\u0438\u0441\u0445\u043e\u0436\u0434\u0435\u043d\u0438\u0435: \u0418\u0442\u0430\u043b\u0438\u044f<\/p>\n<\/li>\n<\/ul>","protected":false},"excerpt":{"rendered":"<p>Crem\u0103 profesional\u0103 de fistic cu 40% con\u021binut autentic de fistic, destinat\u0103 utiliz\u0103rii \u00een patiserii, cofet\u0103rii, gelaterii sau pentru cei care<\/p>","protected":false},"featured_media":50091,"template":"","meta":[],"product_brand":[2459],"product_cat":[2354,2355,2373],"product_tag":[2419],"class_list":{"0":"post-50094","1":"product","2":"type-product","3":"status-publish","4":"has-post-thumbnail","6":"product_brand-etnatost","7":"product_cat-pentru-deserturi","8":"product_cat-semifabricate-pt-deserturi-biscuiti-patiserie","9":"product_cat-topping-uri-pentru-deserturi","10":"product_tag-horeca","12":"first","13":"instock","14":"taxable","15":"shipping-taxable","16":"purchasable","17":"product-type-simple"},"yoast_head":"<!-- This site is optimized with the Yoast SEO Premium plugin v26.5 (Yoast SEO v27.3) - https:\/\/yoast.com\/product\/yoast-seo-premium-wordpress\/ -->\n<title>Crema de fistic \/ Crema di Pistacchio 40% - 1 kg - Gusto Italiano<\/title>\n<meta name=\"description\" content=\"Crem\u0103 de fistic 40% \u2013 1 kg. Textur\u0103 fin\u0103, gust intens de fistic sicilian, ideal\u0103 pentru patiserie profesional\u0103 \u0219i deserturi premium.\" \/>\n<meta name=\"robots\" content=\"index, follow, max-snippet:-1, max-image-preview:large, max-video-preview:-1\" \/>\n<link rel=\"canonical\" href=\"https:\/\/gustoitaliano.md\/ru\/product\/crema-de-fistic-crema-di-pistacchio-40-1-kg\/\" \/>\n<meta property=\"og:locale\" content=\"ru_RU\" \/>\n<meta property=\"og:type\" content=\"article\" \/>\n<meta property=\"og:title\" content=\"Crema de fistic \/ Crema di Pistacchio 40% - 1 kg\" \/>\n<meta property=\"og:description\" content=\"Crem\u0103 de fistic 40% \u2013 1 kg. Textur\u0103 fin\u0103, gust intens de fistic sicilian, ideal\u0103 pentru patiserie profesional\u0103 \u0219i deserturi premium.\" \/>\n<meta property=\"og:url\" content=\"https:\/\/gustoitaliano.md\/ru\/product\/crema-de-fistic-crema-di-pistacchio-40-1-kg\/\" \/>\n<meta property=\"og:site_name\" content=\"Gusto Italiano\" \/>\n<meta property=\"article:publisher\" content=\"https:\/\/www.facebook.com\/GoldenGates.Moldova\" \/>\n<meta property=\"article:modified_time\" content=\"2025-12-05T10:17:19+00:00\" \/>\n<meta property=\"og:image\" content=\"https:\/\/gustoitaliano.md\/wp-content\/uploads\/2025\/11\/Crema-di-Pistacchio-Etnatost-1-kg.png\" \/>\n\t<meta property=\"og:image:width\" content=\"433\" \/>\n\t<meta property=\"og:image:height\" content=\"577\" \/>\n\t<meta property=\"og:image:type\" content=\"image\/png\" \/>\n<meta name=\"twitter:card\" content=\"summary_large_image\" \/>\n<meta name=\"twitter:label1\" content=\"\u041f\u0440\u0438\u043c\u0435\u0440\u043d\u043e\u0435 \u0432\u0440\u0435\u043c\u044f \u0434\u043b\u044f \u0447\u0442\u0435\u043d\u0438\u044f\" \/>\n\t<meta name=\"twitter:data1\" content=\"1 \u043c\u0438\u043d\u0443\u0442\u0430\" \/>\n<script type=\"application\/ld+json\" class=\"yoast-schema-graph\">{\"@context\":\"https:\\\/\\\/schema.org\",\"@graph\":[{\"@type\":\"WebPage\",\"@id\":\"https:\\\/\\\/gustoitaliano.md\\\/product\\\/crema-de-fistic-crema-di-pistacchio-40-1-kg\\\/\",\"url\":\"https:\\\/\\\/gustoitaliano.md\\\/product\\\/crema-de-fistic-crema-di-pistacchio-40-1-kg\\\/\",\"name\":\"Crema de fistic \\\/ Crema di Pistacchio 40% - 1 kg - Gusto Italiano\",\"isPartOf\":{\"@id\":\"https:\\\/\\\/gustoitaliano.md\\\/ro\\\/#website\"},\"primaryImageOfPage\":{\"@id\":\"https:\\\/\\\/gustoitaliano.md\\\/product\\\/crema-de-fistic-crema-di-pistacchio-40-1-kg\\\/#primaryimage\"},\"image\":{\"@id\":\"https:\\\/\\\/gustoitaliano.md\\\/product\\\/crema-de-fistic-crema-di-pistacchio-40-1-kg\\\/#primaryimage\"},\"thumbnailUrl\":\"https:\\\/\\\/gustoitaliano.md\\\/wp-content\\\/uploads\\\/2025\\\/11\\\/Crema-di-Pistacchio-Etnatost-1-kg.png\",\"datePublished\":\"2025-11-20T08:31:17+00:00\",\"dateModified\":\"2025-12-05T10:17:19+00:00\",\"description\":\"Crem\u0103 de fistic 40% \u2013 1 kg. Textur\u0103 fin\u0103, gust intens de fistic sicilian, ideal\u0103 pentru patiserie profesional\u0103 \u0219i deserturi premium.\",\"breadcrumb\":{\"@id\":\"https:\\\/\\\/gustoitaliano.md\\\/product\\\/crema-de-fistic-crema-di-pistacchio-40-1-kg\\\/#breadcrumb\"},\"inLanguage\":\"ru-RU\",\"potentialAction\":[{\"@type\":\"ReadAction\",\"target\":[\"https:\\\/\\\/gustoitaliano.md\\\/product\\\/crema-de-fistic-crema-di-pistacchio-40-1-kg\\\/\"]}]},{\"@type\":\"ImageObject\",\"inLanguage\":\"ru-RU\",\"@id\":\"https:\\\/\\\/gustoitaliano.md\\\/product\\\/crema-de-fistic-crema-di-pistacchio-40-1-kg\\\/#primaryimage\",\"url\":\"https:\\\/\\\/gustoitaliano.md\\\/wp-content\\\/uploads\\\/2025\\\/11\\\/Crema-di-Pistacchio-Etnatost-1-kg.png\",\"contentUrl\":\"https:\\\/\\\/gustoitaliano.md\\\/wp-content\\\/uploads\\\/2025\\\/11\\\/Crema-di-Pistacchio-Etnatost-1-kg.png\",\"width\":433,\"height\":577},{\"@type\":\"BreadcrumbList\",\"@id\":\"https:\\\/\\\/gustoitaliano.md\\\/product\\\/crema-de-fistic-crema-di-pistacchio-40-1-kg\\\/#breadcrumb\",\"itemListElement\":[{\"@type\":\"ListItem\",\"position\":1,\"name\":\"Prima pagin\u0103\",\"item\":\"https:\\\/\\\/gustoitaliano.md\\\/\"},{\"@type\":\"ListItem\",\"position\":2,\"name\":\"Magazin\",\"item\":\"https:\\\/\\\/gustoitaliano.md\\\/ro\\\/magazin\\\/\"},{\"@type\":\"ListItem\",\"position\":3,\"name\":\"Pentru Deserturi\",\"item\":\"https:\\\/\\\/gustoitaliano.md\\\/product-category\\\/pentru-deserturi\\\/\"},{\"@type\":\"ListItem\",\"position\":4,\"name\":\"Crema de fistic \\\/ Crema di Pistacchio 40% &#8211; 1 kg\"}]},{\"@type\":\"WebSite\",\"@id\":\"https:\\\/\\\/gustoitaliano.md\\\/ro\\\/#website\",\"url\":\"https:\\\/\\\/gustoitaliano.md\\\/ro\\\/\",\"name\":\"Gusto Italiano\",\"description\":\"Produse Autentice Italiene\",\"publisher\":{\"@id\":\"https:\\\/\\\/gustoitaliano.md\\\/ro\\\/#organization\"},\"potentialAction\":[{\"@type\":\"SearchAction\",\"target\":{\"@type\":\"EntryPoint\",\"urlTemplate\":\"https:\\\/\\\/gustoitaliano.md\\\/ro\\\/?s={search_term_string}\"},\"query-input\":{\"@type\":\"PropertyValueSpecification\",\"valueRequired\":true,\"valueName\":\"search_term_string\"}}],\"inLanguage\":\"ru-RU\"},{\"@type\":\"Organization\",\"@id\":\"https:\\\/\\\/gustoitaliano.md\\\/ro\\\/#organization\",\"name\":\"Gusto Italiano\",\"alternateName\":\"Golden Gates SRL\",\"url\":\"https:\\\/\\\/gustoitaliano.md\\\/ro\\\/\",\"logo\":{\"@type\":\"ImageObject\",\"inLanguage\":\"ru-RU\",\"@id\":\"https:\\\/\\\/gustoitaliano.md\\\/ro\\\/#\\\/schema\\\/logo\\\/image\\\/\",\"url\":\"https:\\\/\\\/gustoitaliano.md\\\/wp-content\\\/uploads\\\/2025\\\/05\\\/logo-gusutoitaliano-2-2.png\",\"contentUrl\":\"https:\\\/\\\/gustoitaliano.md\\\/wp-content\\\/uploads\\\/2025\\\/05\\\/logo-gusutoitaliano-2-2.png\",\"width\":180,\"height\":180,\"caption\":\"Gusto Italiano\"},\"image\":{\"@id\":\"https:\\\/\\\/gustoitaliano.md\\\/ro\\\/#\\\/schema\\\/logo\\\/image\\\/\"},\"sameAs\":[\"https:\\\/\\\/www.facebook.com\\\/GoldenGates.Moldova\"]}]}<\/script>\n<!-- \/ Yoast SEO Premium plugin. -->","yoast_head_json":{"title":"Crema de fistic \/ Crema di Pistacchio 40% - 1 kg - Gusto Italiano","description":"Crem\u0103 de fistic 40% \u2013 1 kg. Textur\u0103 fin\u0103, gust intens de fistic sicilian, ideal\u0103 pentru patiserie profesional\u0103 \u0219i deserturi premium.","robots":{"index":"index","follow":"follow","max-snippet":"max-snippet:-1","max-image-preview":"max-image-preview:large","max-video-preview":"max-video-preview:-1"},"canonical":"https:\/\/gustoitaliano.md\/ru\/product\/crema-de-fistic-crema-di-pistacchio-40-1-kg\/","og_locale":"ru_RU","og_type":"article","og_title":"Crema de fistic \/ Crema di Pistacchio 40% - 1 kg","og_description":"Crem\u0103 de fistic 40% \u2013 1 kg. Textur\u0103 fin\u0103, gust intens de fistic sicilian, ideal\u0103 pentru patiserie profesional\u0103 \u0219i deserturi premium.","og_url":"https:\/\/gustoitaliano.md\/ru\/product\/crema-de-fistic-crema-di-pistacchio-40-1-kg\/","og_site_name":"Gusto Italiano","article_publisher":"https:\/\/www.facebook.com\/GoldenGates.Moldova","article_modified_time":"2025-12-05T10:17:19+00:00","og_image":[{"width":433,"height":577,"url":"https:\/\/gustoitaliano.md\/wp-content\/uploads\/2025\/11\/Crema-di-Pistacchio-Etnatost-1-kg.png","type":"image\/png"}],"twitter_card":"summary_large_image","twitter_misc":{"\u041f\u0440\u0438\u043c\u0435\u0440\u043d\u043e\u0435 \u0432\u0440\u0435\u043c\u044f \u0434\u043b\u044f \u0447\u0442\u0435\u043d\u0438\u044f":"1 \u043c\u0438\u043d\u0443\u0442\u0430"},"schema":{"@context":"https:\/\/schema.org","@graph":[{"@type":"WebPage","@id":"https:\/\/gustoitaliano.md\/product\/crema-de-fistic-crema-di-pistacchio-40-1-kg\/","url":"https:\/\/gustoitaliano.md\/product\/crema-de-fistic-crema-di-pistacchio-40-1-kg\/","name":"Crema de fistic \/ Crema di Pistacchio 40% - 1 kg - Gusto Italiano","isPartOf":{"@id":"https:\/\/gustoitaliano.md\/ro\/#website"},"primaryImageOfPage":{"@id":"https:\/\/gustoitaliano.md\/product\/crema-de-fistic-crema-di-pistacchio-40-1-kg\/#primaryimage"},"image":{"@id":"https:\/\/gustoitaliano.md\/product\/crema-de-fistic-crema-di-pistacchio-40-1-kg\/#primaryimage"},"thumbnailUrl":"https:\/\/gustoitaliano.md\/wp-content\/uploads\/2025\/11\/Crema-di-Pistacchio-Etnatost-1-kg.png","datePublished":"2025-11-20T08:31:17+00:00","dateModified":"2025-12-05T10:17:19+00:00","description":"Crem\u0103 de fistic 40% \u2013 1 kg. Textur\u0103 fin\u0103, gust intens de fistic sicilian, ideal\u0103 pentru patiserie profesional\u0103 \u0219i deserturi premium.","breadcrumb":{"@id":"https:\/\/gustoitaliano.md\/product\/crema-de-fistic-crema-di-pistacchio-40-1-kg\/#breadcrumb"},"inLanguage":"ru-RU","potentialAction":[{"@type":"ReadAction","target":["https:\/\/gustoitaliano.md\/product\/crema-de-fistic-crema-di-pistacchio-40-1-kg\/"]}]},{"@type":"ImageObject","inLanguage":"ru-RU","@id":"https:\/\/gustoitaliano.md\/product\/crema-de-fistic-crema-di-pistacchio-40-1-kg\/#primaryimage","url":"https:\/\/gustoitaliano.md\/wp-content\/uploads\/2025\/11\/Crema-di-Pistacchio-Etnatost-1-kg.png","contentUrl":"https:\/\/gustoitaliano.md\/wp-content\/uploads\/2025\/11\/Crema-di-Pistacchio-Etnatost-1-kg.png","width":433,"height":577},{"@type":"BreadcrumbList","@id":"https:\/\/gustoitaliano.md\/product\/crema-de-fistic-crema-di-pistacchio-40-1-kg\/#breadcrumb","itemListElement":[{"@type":"ListItem","position":1,"name":"Prima pagin\u0103","item":"https:\/\/gustoitaliano.md\/"},{"@type":"ListItem","position":2,"name":"Magazin","item":"https:\/\/gustoitaliano.md\/ro\/magazin\/"},{"@type":"ListItem","position":3,"name":"Pentru Deserturi","item":"https:\/\/gustoitaliano.md\/product-category\/pentru-deserturi\/"},{"@type":"ListItem","position":4,"name":"Crema de fistic \/ Crema di Pistacchio 40% &#8211; 1 kg"}]},{"@type":"WebSite","@id":"https:\/\/gustoitaliano.md\/ro\/#website","url":"https:\/\/gustoitaliano.md\/ro\/","name":"Gusto Italiano","description":"\u0410\u0443\u0442\u0435\u043d\u0442\u0438\u0447\u043d\u044b\u0435 \u0438\u0442\u0430\u043b\u044c\u044f\u043d\u0441\u043a\u0438\u0435 \u043f\u0440\u043e\u0434\u0443\u043a\u0442\u044b","publisher":{"@id":"https:\/\/gustoitaliano.md\/ro\/#organization"},"potentialAction":[{"@type":"SearchAction","target":{"@type":"EntryPoint","urlTemplate":"https:\/\/gustoitaliano.md\/ro\/?s={search_term_string}"},"query-input":{"@type":"PropertyValueSpecification","valueRequired":true,"valueName":"search_term_string"}}],"inLanguage":"ru-RU"},{"@type":"Organization","@id":"https:\/\/gustoitaliano.md\/ro\/#organization","name":"Gusto Italiano","alternateName":"Golden Gates SRL","url":"https:\/\/gustoitaliano.md\/ro\/","logo":{"@type":"ImageObject","inLanguage":"ru-RU","@id":"https:\/\/gustoitaliano.md\/ro\/#\/schema\/logo\/image\/","url":"https:\/\/gustoitaliano.md\/wp-content\/uploads\/2025\/05\/logo-gusutoitaliano-2-2.png","contentUrl":"https:\/\/gustoitaliano.md\/wp-content\/uploads\/2025\/05\/logo-gusutoitaliano-2-2.png","width":180,"height":180,"caption":"Gusto Italiano"},"image":{"@id":"https:\/\/gustoitaliano.md\/ro\/#\/schema\/logo\/image\/"},"sameAs":["https:\/\/www.facebook.com\/GoldenGates.Moldova"]}]}},"_links":{"self":[{"href":"https:\/\/gustoitaliano.md\/ru\/wp-json\/wp\/v2\/product\/50094","targetHints":{"allow":["GET"]}}],"collection":[{"href":"https:\/\/gustoitaliano.md\/ru\/wp-json\/wp\/v2\/product"}],"about":[{"href":"https:\/\/gustoitaliano.md\/ru\/wp-json\/wp\/v2\/types\/product"}],"version-history":[{"count":0,"href":"https:\/\/gustoitaliano.md\/ru\/wp-json\/wp\/v2\/product\/50094\/revisions"}],"wp:featuredmedia":[{"embeddable":true,"href":"https:\/\/gustoitaliano.md\/ru\/wp-json\/wp\/v2\/media\/50091"}],"wp:attachment":[{"href":"https:\/\/gustoitaliano.md\/ru\/wp-json\/wp\/v2\/media?parent=50094"}],"wp:term":[{"taxonomy":"product_brand","embeddable":true,"href":"https:\/\/gustoitaliano.md\/ru\/wp-json\/wp\/v2\/product_brand?post=50094"},{"taxonomy":"product_cat","embeddable":true,"href":"https:\/\/gustoitaliano.md\/ru\/wp-json\/wp\/v2\/product_cat?post=50094"},{"taxonomy":"product_tag","embeddable":true,"href":"https:\/\/gustoitaliano.md\/ru\/wp-json\/wp\/v2\/product_tag?post=50094"}],"curies":[{"name":"wp","href":"https:\/\/api.w.org\/{rel}","templated":true}]}}