{"id":50208,"date":"2025-12-03T15:14:47","date_gmt":"2025-12-03T13:14:47","guid":{"rendered":"https:\/\/gustoitaliano.md\/?post_type=product&#038;p=50208"},"modified":"2026-04-16T14:14:14","modified_gmt":"2026-04-16T11:14:14","slug":"coda-daragosta-media-75-g-produs-predospit-congelat-100-buc","status":"publish","type":"product","link":"https:\/\/gustoitaliano.md\/ru\/product\/coda-daragosta-media-75-g-produs-predospit-congelat-100-buc\/","title":{"rendered":"\u0425\u0432\u043e\u0441\u0442 \u0441\u0440\u0435\u0434\u043d\u0435\u0433\u043e \u043e\u043c\u0430\u0440\u0430 - 75 \u0433 (\u043f\u0440\u0435\u0434\u0432\u0430\u0440\u0438\u0442\u0435\u043b\u044c\u043d\u043e \u0432\u044b\u0441\u0443\u0448\u0435\u043d\u043d\u044b\u0439, \u0437\u0430\u043c\u043e\u0440\u043e\u0436\u0435\u043d\u043d\u044b\u0439 - 100 \u0448\u0442.)"},"content":{"rendered":"<p data-start=\"387\" data-end=\"695\"><strong data-start=\"387\" data-end=\"417\">\u0425\u0432\u043e\u0441\u0442 \u0441\u0440\u0435\u0434\u043d\u0435\u0433\u043e \u043e\u043c\u0430\u0440\u0430 75 \u0433.<\/strong> \u044d\u0442\u043e \u0442\u0440\u0430\u0434\u0438\u0446\u0438\u043e\u043d\u043d\u0430\u044f \u043d\u0435\u0430\u043f\u043e\u043b\u0438\u0442\u0430\u043d\u0441\u043a\u0430\u044f \u0438\u0442\u0430\u043b\u044c\u044f\u043d\u0441\u043a\u0430\u044f \u0432\u044b\u043f\u0435\u0447\u043a\u0430, \u0438\u0437\u0433\u043e\u0442\u043e\u0432\u043b\u0435\u043d\u043d\u0430\u044f \u0438\u0437 \u0445\u0440\u0443\u0441\u0442\u044f\u0449\u0435\u0439 \u0444\u0443\u0430-\u0433\u0440\u0430, \u0441\u0444\u043e\u0440\u043c\u0438\u0440\u043e\u0432\u0430\u043d\u043d\u043e\u0439 \u0432 \u0442\u043e\u043d\u043a\u0438\u0435 \u043f\u043b\u0430\u0441\u0442\u044b, \u0438\u043c\u0438\u0442\u0438\u0440\u0443\u044e\u0449\u0438\u0435 \u0444\u043e\u0440\u043c\u0443 \u0445\u0432\u043e\u0441\u0442\u0430 \u043e\u043c\u0430\u0440\u0430. \u041f\u0440\u043e\u0434\u0443\u043a\u0442 \u0433\u043e\u0442\u043e\u0432 \u043a \u043d\u0430\u043f\u043e\u043b\u043d\u0435\u043d\u0438\u044e \u0438 \u0437\u0430\u043f\u0435\u043a\u0430\u043d\u0438\u044e \u0438 \u043e\u0441\u043e\u0431\u0435\u043d\u043d\u043e \u0446\u0435\u043d\u0438\u0442\u0441\u044f \u043a\u043e\u043d\u0434\u0438\u0442\u0435\u0440\u0430\u043c\u0438 \u0438 \u043a\u043e\u043d\u0434\u0438\u0442\u0435\u0440\u0441\u043a\u0438\u043c\u0438 \u0437\u0430 \u044d\u0444\u0444\u0435\u043a\u0442\u043d\u044b\u0439 \u0432\u043d\u0435\u0448\u043d\u0438\u0439 \u0432\u0438\u0434 \u0438 \u0443\u043d\u0438\u043a\u0430\u043b\u044c\u043d\u0443\u044e \u0442\u0435\u043a\u0441\u0442\u0443\u0440\u0443.<\/p>\n<p data-start=\"697\" data-end=\"758\">\u0412\u043d\u0443\u0442\u0440\u0435\u043d\u043d\u0435\u0435 \u043f\u0440\u043e\u0441\u0442\u0440\u0430\u043d\u0441\u0442\u0432\u043e \u043c\u043e\u0436\u043d\u043e \u0437\u0430\u043f\u043e\u043b\u043d\u0438\u0442\u044c \u043f\u043e \u0441\u0432\u043e\u0435\u043c\u0443 \u0443\u0441\u043c\u043e\u0442\u0440\u0435\u043d\u0438\u044e, \u0447\u0430\u0449\u0435 \u0432\u0441\u0435\u0433\u043e \u0441 \u043f\u043e\u043c\u043e\u0449\u044c\u044e:<\/p>\n<ul data-start=\"759\" data-end=\"859\">\n<li data-start=\"759\" data-end=\"780\">\n<p data-start=\"761\" data-end=\"780\">\u0412\u0430\u043d\u0438\u043b\u044c\u043d\u044b\u0439 \u043a\u0440\u0435\u043c,<\/p>\n<\/li>\n<li data-start=\"781\" data-end=\"802\">\n<p data-start=\"783\" data-end=\"802\">\u041a\u0440\u0435\u043c \u0438\u0437 \u0440\u0438\u043a\u043e\u0442\u0442\u044b,<\/p>\n<\/li>\n<li data-start=\"803\" data-end=\"823\">\n<p data-start=\"805\" data-end=\"823\">\u0424\u0438\u0441\u0442\u0430\u0448\u043a\u043e\u0432\u044b\u0439 \u043a\u0440\u0435\u043c,<\/p>\n<\/li>\n<li data-start=\"824\" data-end=\"844\">\n<p data-start=\"826\" data-end=\"844\">\u0432\u0437\u0431\u0438\u0442\u044b\u0435 \u0441\u043b\u0438\u0432\u043a\u0438,<\/p>\n<\/li>\n<li data-start=\"845\" data-end=\"859\">\n<p data-start=\"847\" data-end=\"859\">\u0448\u043e\u043a\u043e\u043b\u0430\u0434.<\/p>\n<\/li>\n<\/ul>\n<p data-start=\"861\" data-end=\"995\">\u041f\u0440\u043e\u0434\u0443\u043a\u0442 \u043f\u0440\u0435\u0434\u0441\u0442\u0430\u0432\u043b\u044f\u0435\u0442 \u0441\u043e\u0431\u043e\u0439 <strong data-start=\"875\" data-end=\"887\">\u0437\u0430\u043c\u043e\u0440\u043e\u0436\u0435\u043d\u043d\u044b\u0439<\/strong>, <strong data-start=\"889\" data-end=\"902\">predospit<\/strong> \u0438 \u0437\u0430\u043f\u0435\u043a\u0430\u0435\u0442\u0441\u044f \u043f\u0440\u044f\u043c\u043e \u0438\u0437 \u043c\u043e\u0440\u043e\u0437\u0438\u043b\u043a\u0438, \u0432 \u0440\u0435\u0437\u0443\u043b\u044c\u0442\u0430\u0442\u0435 \u0447\u0435\u0433\u043e \u043f\u043e\u043b\u0443\u0447\u0430\u0435\u0442\u0441\u044f \u0445\u0440\u0443\u0441\u0442\u044f\u0449\u0430\u044f, \u0437\u043e\u043b\u043e\u0442\u0438\u0441\u0442\u0430\u044f \u0438 \u0438\u0434\u0435\u0430\u043b\u044c\u043d\u043e \u0441\u043b\u043e\u0438\u0441\u0442\u0430\u044f \u043a\u043e\u0440\u043e\u0447\u043a\u0430.<\/p>\n<ul data-start=\"997\" data-end=\"1309\">\n<li data-start=\"997\" data-end=\"1049\">\n<p data-start=\"999\" data-end=\"1049\">\u0422\u0438\u043f \u043f\u0440\u043e\u0434\u0443\u043a\u0442\u0430: \u0438\u0442\u0430\u043b\u044c\u044f\u043d\u0441\u043a\u0430\u044f \u0432\u044b\u043f\u0435\u0447\u043a\u0430 - Coda d'Aragosta<\/p>\n<\/li>\n<li data-start=\"1050\" data-end=\"1073\">\n<p data-start=\"1052\" data-end=\"1073\">\u0412\u0435\u0441: 75 \u0433 \/ \u0448\u0442.<\/p>\n<\/li>\n<li data-start=\"1074\" data-end=\"1122\">\n<p data-start=\"1076\" data-end=\"1122\">\u0422\u0435\u043a\u0441\u0442\u0443\u0440\u0430: \u043e\u0447\u0435\u043d\u044c \u0445\u0440\u0443\u0441\u0442\u044f\u0449\u0430\u044f, \u0441\u043b\u043e\u0438\u0441\u0442\u0430\u044f \u0444\u0443\u0430-\u0433\u0440\u0430<\/p>\n<\/li>\n<li data-start=\"1123\" data-end=\"1176\">\n<p data-start=\"1125\" data-end=\"1176\">\u041d\u0430\u0447\u0438\u043d\u043a\u0430: \u0431\u0435\u0437 \u043d\u0430\u0447\u0438\u043d\u043a\u0438 (\u043d\u0430\u043f\u043e\u043b\u043d\u0438\u0442\u0435 \u043f\u043e\u0441\u043b\u0435 \u0432\u044b\u043f\u0435\u0447\u043a\u0438)<\/p>\n<\/li>\n<li data-start=\"1177\" data-end=\"1221\">\n<p data-start=\"1179\" data-end=\"1221\">\u041f\u0440\u0438\u0433\u043e\u0442\u043e\u0432\u043b\u0435\u043d\u0438\u0435: \u0432\u044b\u043f\u0435\u043a\u0430\u0439\u0442\u0435 \u043f\u0440\u044f\u043c\u043e \u0438\u0437 \u043c\u043e\u0440\u043e\u0437\u0438\u043b\u043a\u0438<\/p>\n<\/li>\n<li data-start=\"1222\" data-end=\"1289\">\n<p data-start=\"1224\" data-end=\"1289\">\u0418\u0434\u0435\u0430\u043b\u044c\u043d\u043e \u043f\u043e\u0434\u0445\u043e\u0434\u0438\u0442 \u0434\u043b\u044f: \u043f\u0435\u043a\u0430\u0440\u0435\u043d, \u043a\u043e\u043d\u0434\u0438\u0442\u0435\u0440\u0441\u043a\u0438\u0445, \u0440\u0435\u0441\u0442\u043e\u0440\u0430\u043d\u043e\u0432, \u043a\u0435\u0439\u0442\u0435\u0440\u0438\u043d\u0433\u0430 \u043f\u0440\u0435\u043c\u0438\u0443\u043c-\u043a\u043b\u0430\u0441\u0441\u0430<\/p>\n<\/li>\n<li data-start=\"1290\" data-end=\"1309\">\n<p data-start=\"1292\" data-end=\"1309\">\u041f\u0440\u043e\u0438\u0441\u0445\u043e\u0436\u0434\u0435\u043d\u0438\u0435: \u0418\u0442\u0430\u043b\u0438\u044f<\/p>\n<\/li>\n<\/ul>","protected":false},"excerpt":{"rendered":"<table class=\"woocommerce-product-attributes shop_attributes\" aria-label=\"\u0414\u0435\u0442\u0430\u043b\u0438 \u043f\u0440\u043e\u0434\u0443\u043a\u0442\u0430\">\n<tbody>\n<tr class=\"woocommerce-product-attributes-item woocommerce-product-attributes-item--attribute_pa_temperatura\">\n<th class=\"woocommerce-product-attributes-item__label\" scope=\"row\">\u0422\u0435\u043c\u043f\u0435\u0440\u0430\u0442\u0443\u0440\u0430 \u0432\u044b\u043f\u0435\u0447\u043a\u0438<\/th>\n<td class=\"woocommerce-product-attributes-item__value\"><a href=\"https:\/\/www.sangiorgiospa.eu\/attribute-name\/attribute\/temperatura\/165-170-c\/\" rel=\"tag\">190\u00b0\/200\u00b0 C<\/a><\/td>\n<\/tr>\n<tr class=\"woocommerce-product-attributes-item woocommerce-product-attributes-item--attribute_pa_tempi_di_cottura\">\n<th class=\"woocommerce-product-attributes-item__label\" scope=\"row\">\u0420\u0435\u043a\u043e\u043c\u0435\u043d\u0434\u0443\u0435\u043c\u043e\u0435 \u0432\u0440\u0435\u043c\u044f \u0432\u044b\u043f\u0435\u043a\u0430\u043d\u0438\u044f<\/th>\n<td class=\"woocommerce-product-attributes-item__value\"><a href=\"https:\/\/www.sangiorgiospa.eu\/attribute-name\/attribute\/tempi_di_cottura\/18-20\/\" rel=\"tag\">30-35\u2032<\/a><\/td>\n<\/tr>\n<\/tbody>\n<\/table>","protected":false},"featured_media":50209,"template":"","meta":[],"product_brand":[2462],"product_cat":[2456,2453],"product_tag":[2419,2420],"class_list":{"0":"post-50208","1":"product","2":"type-product","3":"status-publish","4":"has-post-thumbnail","6":"product_brand-san-giorgio","7":"product_cat-foietaj-congelat","8":"product_cat-produse-congelate","9":"product_tag-horeca","10":"product_tag-retail","12":"first","13":"instock","14":"taxable","15":"shipping-taxable","16":"purchasable","17":"product-type-simple"},"yoast_head":"<!-- This site is optimized with the Yoast SEO Premium plugin v26.5 (Yoast SEO v27.4) - https:\/\/yoast.com\/product\/yoast-seo-premium-wordpress\/ -->\n<title>Coda d\u2019Aragosta media \u2013 75 g (produs predospit, congelat - 100 buc) - Gusto Italiano<\/title>\n<meta name=\"description\" content=\"Coda d\u2019Aragosta media 75 g \u2013 patiserie italian\u0103 congelat\u0103, foietaj crocant ideal pentru umpleri cu crem\u0103. Produs premium pentru HoReCa.\" \/>\n<meta name=\"robots\" content=\"index, follow, max-snippet:-1, max-image-preview:large, max-video-preview:-1\" \/>\n<link rel=\"canonical\" href=\"https:\/\/gustoitaliano.md\/ru\/product\/coda-daragosta-media-75-g-produs-predospit-congelat-100-buc\/\" \/>\n<meta property=\"og:locale\" content=\"ru_RU\" \/>\n<meta property=\"og:type\" content=\"article\" \/>\n<meta property=\"og:title\" content=\"Coda d\u2019Aragosta media \u2013 75 g (produs predospit, congelat - 100 buc)\" \/>\n<meta property=\"og:description\" content=\"Coda d\u2019Aragosta media 75 g \u2013 patiserie italian\u0103 congelat\u0103, foietaj crocant ideal pentru umpleri cu crem\u0103. Produs premium pentru HoReCa.\" \/>\n<meta property=\"og:url\" content=\"https:\/\/gustoitaliano.md\/ru\/product\/coda-daragosta-media-75-g-produs-predospit-congelat-100-buc\/\" \/>\n<meta property=\"og:site_name\" content=\"Gusto Italiano\" \/>\n<meta property=\"article:publisher\" content=\"https:\/\/www.facebook.com\/GoldenGates.Moldova\" \/>\n<meta property=\"article:modified_time\" content=\"2026-04-16T11:14:14+00:00\" \/>\n<meta property=\"og:image\" content=\"https:\/\/gustoitaliano.md\/wp-content\/uploads\/2025\/12\/Coda-daragosta.png\" \/>\n\t<meta property=\"og:image:width\" content=\"579\" \/>\n\t<meta property=\"og:image:height\" content=\"422\" \/>\n\t<meta property=\"og:image:type\" content=\"image\/png\" \/>\n<meta name=\"twitter:card\" content=\"summary_large_image\" \/>\n<meta name=\"twitter:label1\" content=\"\u041f\u0440\u0438\u043c\u0435\u0440\u043d\u043e\u0435 \u0432\u0440\u0435\u043c\u044f \u0434\u043b\u044f \u0447\u0442\u0435\u043d\u0438\u044f\" \/>\n\t<meta name=\"twitter:data1\" content=\"1 \u043c\u0438\u043d\u0443\u0442\u0430\" \/>\n<script type=\"application\/ld+json\" class=\"yoast-schema-graph\">{\"@context\":\"https:\\\/\\\/schema.org\",\"@graph\":[{\"@type\":\"WebPage\",\"@id\":\"https:\\\/\\\/gustoitaliano.md\\\/product\\\/coda-daragosta-media-75-g-produs-predospit-congelat-100-buc\\\/\",\"url\":\"https:\\\/\\\/gustoitaliano.md\\\/product\\\/coda-daragosta-media-75-g-produs-predospit-congelat-100-buc\\\/\",\"name\":\"Coda d\u2019Aragosta media \u2013 75 g (produs predospit, congelat - 100 buc) - Gusto Italiano\",\"isPartOf\":{\"@id\":\"https:\\\/\\\/gustoitaliano.md\\\/ro\\\/#website\"},\"primaryImageOfPage\":{\"@id\":\"https:\\\/\\\/gustoitaliano.md\\\/product\\\/coda-daragosta-media-75-g-produs-predospit-congelat-100-buc\\\/#primaryimage\"},\"image\":{\"@id\":\"https:\\\/\\\/gustoitaliano.md\\\/product\\\/coda-daragosta-media-75-g-produs-predospit-congelat-100-buc\\\/#primaryimage\"},\"thumbnailUrl\":\"https:\\\/\\\/gustoitaliano.md\\\/wp-content\\\/uploads\\\/2025\\\/12\\\/Coda-daragosta.png\",\"datePublished\":\"2025-12-03T13:14:47+00:00\",\"dateModified\":\"2026-04-16T11:14:14+00:00\",\"description\":\"Coda d\u2019Aragosta media 75 g \u2013 patiserie italian\u0103 congelat\u0103, foietaj crocant ideal pentru umpleri cu crem\u0103. Produs premium pentru HoReCa.\",\"breadcrumb\":{\"@id\":\"https:\\\/\\\/gustoitaliano.md\\\/product\\\/coda-daragosta-media-75-g-produs-predospit-congelat-100-buc\\\/#breadcrumb\"},\"inLanguage\":\"ru-RU\",\"potentialAction\":[{\"@type\":\"ReadAction\",\"target\":[\"https:\\\/\\\/gustoitaliano.md\\\/product\\\/coda-daragosta-media-75-g-produs-predospit-congelat-100-buc\\\/\"]}]},{\"@type\":\"ImageObject\",\"inLanguage\":\"ru-RU\",\"@id\":\"https:\\\/\\\/gustoitaliano.md\\\/product\\\/coda-daragosta-media-75-g-produs-predospit-congelat-100-buc\\\/#primaryimage\",\"url\":\"https:\\\/\\\/gustoitaliano.md\\\/wp-content\\\/uploads\\\/2025\\\/12\\\/Coda-daragosta.png\",\"contentUrl\":\"https:\\\/\\\/gustoitaliano.md\\\/wp-content\\\/uploads\\\/2025\\\/12\\\/Coda-daragosta.png\",\"width\":579,\"height\":422},{\"@type\":\"BreadcrumbList\",\"@id\":\"https:\\\/\\\/gustoitaliano.md\\\/product\\\/coda-daragosta-media-75-g-produs-predospit-congelat-100-buc\\\/#breadcrumb\",\"itemListElement\":[{\"@type\":\"ListItem\",\"position\":1,\"name\":\"Prima pagin\u0103\",\"item\":\"https:\\\/\\\/gustoitaliano.md\\\/\"},{\"@type\":\"ListItem\",\"position\":2,\"name\":\"Magazin\",\"item\":\"https:\\\/\\\/gustoitaliano.md\\\/ro\\\/magazin\\\/\"},{\"@type\":\"ListItem\",\"position\":3,\"name\":\"Produse Congelate\",\"item\":\"https:\\\/\\\/gustoitaliano.md\\\/product-category\\\/produse-congelate\\\/\"},{\"@type\":\"ListItem\",\"position\":4,\"name\":\"Coda d\u2019Aragosta media \u2013 75 g (produs predospit, congelat &#8211; 100 buc)\"}]},{\"@type\":\"WebSite\",\"@id\":\"https:\\\/\\\/gustoitaliano.md\\\/ro\\\/#website\",\"url\":\"https:\\\/\\\/gustoitaliano.md\\\/ro\\\/\",\"name\":\"Gusto Italiano\",\"description\":\"Produse Autentice Italiene\",\"publisher\":{\"@id\":\"https:\\\/\\\/gustoitaliano.md\\\/ro\\\/#organization\"},\"potentialAction\":[{\"@type\":\"SearchAction\",\"target\":{\"@type\":\"EntryPoint\",\"urlTemplate\":\"https:\\\/\\\/gustoitaliano.md\\\/ro\\\/?s={search_term_string}\"},\"query-input\":{\"@type\":\"PropertyValueSpecification\",\"valueRequired\":true,\"valueName\":\"search_term_string\"}}],\"inLanguage\":\"ru-RU\"},{\"@type\":\"Organization\",\"@id\":\"https:\\\/\\\/gustoitaliano.md\\\/ro\\\/#organization\",\"name\":\"Gusto Italiano\",\"alternateName\":\"Golden Gates SRL\",\"url\":\"https:\\\/\\\/gustoitaliano.md\\\/ro\\\/\",\"logo\":{\"@type\":\"ImageObject\",\"inLanguage\":\"ru-RU\",\"@id\":\"https:\\\/\\\/gustoitaliano.md\\\/ro\\\/#\\\/schema\\\/logo\\\/image\\\/\",\"url\":\"https:\\\/\\\/gustoitaliano.md\\\/wp-content\\\/uploads\\\/2025\\\/05\\\/logo-gusutoitaliano-2-2.png\",\"contentUrl\":\"https:\\\/\\\/gustoitaliano.md\\\/wp-content\\\/uploads\\\/2025\\\/05\\\/logo-gusutoitaliano-2-2.png\",\"width\":180,\"height\":180,\"caption\":\"Gusto Italiano\"},\"image\":{\"@id\":\"https:\\\/\\\/gustoitaliano.md\\\/ro\\\/#\\\/schema\\\/logo\\\/image\\\/\"},\"sameAs\":[\"https:\\\/\\\/www.facebook.com\\\/GoldenGates.Moldova\"]}]}<\/script>\n<!-- \/ Yoast SEO Premium plugin. -->","yoast_head_json":{"title":"Coda d\u2019Aragosta media \u2013 75 g (produs predospit, congelat - 100 buc) - Gusto Italiano","description":"Coda d\u2019Aragosta media 75 g \u2013 patiserie italian\u0103 congelat\u0103, foietaj crocant ideal pentru umpleri cu crem\u0103. Produs premium pentru HoReCa.","robots":{"index":"index","follow":"follow","max-snippet":"max-snippet:-1","max-image-preview":"max-image-preview:large","max-video-preview":"max-video-preview:-1"},"canonical":"https:\/\/gustoitaliano.md\/ru\/product\/coda-daragosta-media-75-g-produs-predospit-congelat-100-buc\/","og_locale":"ru_RU","og_type":"article","og_title":"Coda d\u2019Aragosta media \u2013 75 g (produs predospit, congelat - 100 buc)","og_description":"Coda d\u2019Aragosta media 75 g \u2013 patiserie italian\u0103 congelat\u0103, foietaj crocant ideal pentru umpleri cu crem\u0103. Produs premium pentru HoReCa.","og_url":"https:\/\/gustoitaliano.md\/ru\/product\/coda-daragosta-media-75-g-produs-predospit-congelat-100-buc\/","og_site_name":"Gusto Italiano","article_publisher":"https:\/\/www.facebook.com\/GoldenGates.Moldova","article_modified_time":"2026-04-16T11:14:14+00:00","og_image":[{"width":579,"height":422,"url":"https:\/\/gustoitaliano.md\/wp-content\/uploads\/2025\/12\/Coda-daragosta.png","type":"image\/png"}],"twitter_card":"summary_large_image","twitter_misc":{"\u041f\u0440\u0438\u043c\u0435\u0440\u043d\u043e\u0435 \u0432\u0440\u0435\u043c\u044f \u0434\u043b\u044f \u0447\u0442\u0435\u043d\u0438\u044f":"1 \u043c\u0438\u043d\u0443\u0442\u0430"},"schema":{"@context":"https:\/\/schema.org","@graph":[{"@type":"WebPage","@id":"https:\/\/gustoitaliano.md\/product\/coda-daragosta-media-75-g-produs-predospit-congelat-100-buc\/","url":"https:\/\/gustoitaliano.md\/product\/coda-daragosta-media-75-g-produs-predospit-congelat-100-buc\/","name":"Coda d\u2019Aragosta media \u2013 75 g (produs predospit, congelat - 100 buc) - Gusto Italiano","isPartOf":{"@id":"https:\/\/gustoitaliano.md\/ro\/#website"},"primaryImageOfPage":{"@id":"https:\/\/gustoitaliano.md\/product\/coda-daragosta-media-75-g-produs-predospit-congelat-100-buc\/#primaryimage"},"image":{"@id":"https:\/\/gustoitaliano.md\/product\/coda-daragosta-media-75-g-produs-predospit-congelat-100-buc\/#primaryimage"},"thumbnailUrl":"https:\/\/gustoitaliano.md\/wp-content\/uploads\/2025\/12\/Coda-daragosta.png","datePublished":"2025-12-03T13:14:47+00:00","dateModified":"2026-04-16T11:14:14+00:00","description":"Coda d\u2019Aragosta media 75 g \u2013 patiserie italian\u0103 congelat\u0103, foietaj crocant ideal pentru umpleri cu crem\u0103. Produs premium pentru HoReCa.","breadcrumb":{"@id":"https:\/\/gustoitaliano.md\/product\/coda-daragosta-media-75-g-produs-predospit-congelat-100-buc\/#breadcrumb"},"inLanguage":"ru-RU","potentialAction":[{"@type":"ReadAction","target":["https:\/\/gustoitaliano.md\/product\/coda-daragosta-media-75-g-produs-predospit-congelat-100-buc\/"]}]},{"@type":"ImageObject","inLanguage":"ru-RU","@id":"https:\/\/gustoitaliano.md\/product\/coda-daragosta-media-75-g-produs-predospit-congelat-100-buc\/#primaryimage","url":"https:\/\/gustoitaliano.md\/wp-content\/uploads\/2025\/12\/Coda-daragosta.png","contentUrl":"https:\/\/gustoitaliano.md\/wp-content\/uploads\/2025\/12\/Coda-daragosta.png","width":579,"height":422},{"@type":"BreadcrumbList","@id":"https:\/\/gustoitaliano.md\/product\/coda-daragosta-media-75-g-produs-predospit-congelat-100-buc\/#breadcrumb","itemListElement":[{"@type":"ListItem","position":1,"name":"Prima pagin\u0103","item":"https:\/\/gustoitaliano.md\/"},{"@type":"ListItem","position":2,"name":"Magazin","item":"https:\/\/gustoitaliano.md\/ro\/magazin\/"},{"@type":"ListItem","position":3,"name":"Produse Congelate","item":"https:\/\/gustoitaliano.md\/product-category\/produse-congelate\/"},{"@type":"ListItem","position":4,"name":"Coda d\u2019Aragosta media \u2013 75 g (produs predospit, congelat &#8211; 100 buc)"}]},{"@type":"WebSite","@id":"https:\/\/gustoitaliano.md\/ro\/#website","url":"https:\/\/gustoitaliano.md\/ro\/","name":"Gusto Italiano","description":"\u0410\u0443\u0442\u0435\u043d\u0442\u0438\u0447\u043d\u044b\u0435 \u0438\u0442\u0430\u043b\u044c\u044f\u043d\u0441\u043a\u0438\u0435 \u043f\u0440\u043e\u0434\u0443\u043a\u0442\u044b","publisher":{"@id":"https:\/\/gustoitaliano.md\/ro\/#organization"},"potentialAction":[{"@type":"SearchAction","target":{"@type":"EntryPoint","urlTemplate":"https:\/\/gustoitaliano.md\/ro\/?s={search_term_string}"},"query-input":{"@type":"PropertyValueSpecification","valueRequired":true,"valueName":"search_term_string"}}],"inLanguage":"ru-RU"},{"@type":"Organization","@id":"https:\/\/gustoitaliano.md\/ro\/#organization","name":"Gusto Italiano","alternateName":"Golden Gates SRL","url":"https:\/\/gustoitaliano.md\/ro\/","logo":{"@type":"ImageObject","inLanguage":"ru-RU","@id":"https:\/\/gustoitaliano.md\/ro\/#\/schema\/logo\/image\/","url":"https:\/\/gustoitaliano.md\/wp-content\/uploads\/2025\/05\/logo-gusutoitaliano-2-2.png","contentUrl":"https:\/\/gustoitaliano.md\/wp-content\/uploads\/2025\/05\/logo-gusutoitaliano-2-2.png","width":180,"height":180,"caption":"Gusto Italiano"},"image":{"@id":"https:\/\/gustoitaliano.md\/ro\/#\/schema\/logo\/image\/"},"sameAs":["https:\/\/www.facebook.com\/GoldenGates.Moldova"]}]}},"_links":{"self":[{"href":"https:\/\/gustoitaliano.md\/ru\/wp-json\/wp\/v2\/product\/50208","targetHints":{"allow":["GET"]}}],"collection":[{"href":"https:\/\/gustoitaliano.md\/ru\/wp-json\/wp\/v2\/product"}],"about":[{"href":"https:\/\/gustoitaliano.md\/ru\/wp-json\/wp\/v2\/types\/product"}],"version-history":[{"count":1,"href":"https:\/\/gustoitaliano.md\/ru\/wp-json\/wp\/v2\/product\/50208\/revisions"}],"predecessor-version":[{"id":51596,"href":"https:\/\/gustoitaliano.md\/ru\/wp-json\/wp\/v2\/product\/50208\/revisions\/51596"}],"wp:featuredmedia":[{"embeddable":true,"href":"https:\/\/gustoitaliano.md\/ru\/wp-json\/wp\/v2\/media\/50209"}],"wp:attachment":[{"href":"https:\/\/gustoitaliano.md\/ru\/wp-json\/wp\/v2\/media?parent=50208"}],"wp:term":[{"taxonomy":"product_brand","embeddable":true,"href":"https:\/\/gustoitaliano.md\/ru\/wp-json\/wp\/v2\/product_brand?post=50208"},{"taxonomy":"product_cat","embeddable":true,"href":"https:\/\/gustoitaliano.md\/ru\/wp-json\/wp\/v2\/product_cat?post=50208"},{"taxonomy":"product_tag","embeddable":true,"href":"https:\/\/gustoitaliano.md\/ru\/wp-json\/wp\/v2\/product_tag?post=50208"}],"curies":[{"name":"wp","href":"https:\/\/api.w.org\/{rel}","templated":true}]}}