{"id":50495,"date":"2026-01-19T12:52:46","date_gmt":"2026-01-19T10:52:46","guid":{"rendered":"https:\/\/gustoitaliano.md\/?post_type=product&#038;p=50495"},"modified":"2026-01-19T12:52:46","modified_gmt":"2026-01-19T10:52:46","slug":"cafea-kimbo-aroma-gold-100-arabica-250gr","status":"publish","type":"product","link":"https:\/\/gustoitaliano.md\/ru\/product\/cafea-kimbo-aroma-gold-100-arabica-250gr\/","title":{"rendered":"Kimbo Coffee \u201eAroma Gold\u201d 100% \u0410\u0440\u0430\u0431\u0438\u043a\u0430 250\u0433\u0440"},"content":{"rendered":"<p data-start=\"367\" data-end=\"669\"><strong data-start=\"367\" data-end=\"402\">Kimbo \u201eAroma Gold\u201d 100% \u0410\u0440\u0430\u0431\u0438\u043a\u0430<\/strong> \u042d\u0442\u043e \u0438\u0442\u0430\u043b\u044c\u044f\u043d\u0441\u043a\u0438\u0439 \u043a\u043e\u0444\u0435 \u043f\u0440\u0435\u043c\u0438\u0443\u043c-\u043a\u043b\u0430\u0441\u0441\u0430, \u043f\u0440\u0438\u0433\u043e\u0442\u043e\u0432\u043b\u0435\u043d\u043d\u044b\u0439 \u0438\u0437 \u0442\u0449\u0430\u0442\u0435\u043b\u044c\u043d\u043e \u043e\u0442\u043e\u0431\u0440\u0430\u043d\u043d\u044b\u0445 \u0437\u0435\u0440\u0435\u043d \u0430\u0440\u0430\u0431\u0438\u043a\u0438, \u0442\u0440\u0430\u0434\u0438\u0446\u0438\u043e\u043d\u043d\u043e \u043e\u0431\u0436\u0430\u0440\u0435\u043d\u043d\u044b\u0445 \u0432 \u041d\u0435\u0430\u043f\u043e\u043b\u0435. \u041e\u043d \u043e\u0431\u043b\u0430\u0434\u0430\u0435\u0442 \u0433\u043b\u0430\u0434\u043a\u0438\u043c \u0438 \u0441\u0431\u0430\u043b\u0430\u043d\u0441\u0438\u0440\u043e\u0432\u0430\u043d\u043d\u044b\u043c \u0432\u043a\u0443\u0441\u043e\u043c \u0441 <strong data-start=\"548\" data-end=\"614\">\u042d\u043b\u0435\u0433\u0430\u043d\u0442\u043d\u044b\u0435 \u0430\u0440\u043e\u043c\u0430\u0442\u044b, \u0442\u043e\u043d\u043a\u0430\u044f \u043a\u0438\u0441\u043b\u043e\u0442\u043d\u043e\u0441\u0442\u044c, \u0446\u0432\u0435\u0442\u043e\u0447\u043d\u044b\u0435 \u0438 \u0444\u0440\u0443\u043a\u0442\u043e\u0432\u044b\u0435 \u043d\u043e\u0442\u043a\u0438<\/strong>, \u0441\u043f\u0435\u0446\u0438\u0444\u0438\u0447\u0435\u0441\u043a\u0438\u0439 \u0434\u043b\u044f \u0432\u044b\u0441\u043e\u043a\u043e\u043a\u0430\u0447\u0435\u0441\u0442\u0432\u0435\u043d\u043d\u044b\u0445 \u0441\u043e\u0440\u0442\u043e\u0432 \u043a\u043e\u0444\u0435 \u0410\u0440\u0430\u0431\u0438\u043a\u0430.<\/p>\n<p data-start=\"671\" data-end=\"815\">\u0418\u0434\u0435\u0430\u043b\u044c\u043d\u043e \u043f\u043e\u0434\u0445\u043e\u0434\u0438\u0442 \u0434\u043b\u044f <strong data-start=\"685\" data-end=\"714\">\u042d\u0441\u043f\u0440\u0435\u0441\u0441\u043e, \u043c\u043e\u043a\u043a\u043e \u0438\u043b\u0438 \u0444\u0438\u043b\u044c\u0442\u0440<\/strong>, \u042d\u0442\u043e\u0442 \u043a\u043e\u0444\u0435 \u0438\u0434\u0435\u0430\u043b\u044c\u043d\u043e \u043f\u043e\u0434\u0445\u043e\u0434\u0438\u0442 \u0434\u043b\u044f \u0442\u0435\u0445, \u043a\u0442\u043e \u0446\u0435\u043d\u0438\u0442 \u0438\u0437\u044b\u0441\u043a\u0430\u043d\u043d\u044b\u0439 \u0438 \u0430\u0443\u0442\u0435\u043d\u0442\u0438\u0447\u043d\u044b\u0439 \u0438\u0442\u0430\u043b\u044c\u044f\u043d\u0441\u043a\u0438\u0439 \u043e\u043f\u044b\u0442.<\/p>\n<ul data-start=\"817\" data-end=\"1016\">\n<li data-start=\"817\" data-end=\"844\">\n<p data-start=\"819\" data-end=\"844\">\u0422\u0438\u043f \u043a\u043e\u0444\u0435: 100% \u0410\u0440\u0430\u0431\u0438\u043a\u0430<\/p>\n<\/li>\n<li data-start=\"845\" data-end=\"861\">\n<p data-start=\"847\" data-end=\"861\">\u0411\u0440\u0435\u043d\u0434: Kimbo<\/p>\n<\/li>\n<li data-start=\"862\" data-end=\"879\">\n<p data-start=\"864\" data-end=\"879\">\u0412\u0435\u0441: 250 \u0433<\/p>\n<\/li>\n<li data-start=\"880\" data-end=\"930\">\n<p data-start=\"882\" data-end=\"930\">\u0410\u0440\u043e\u043c\u0430\u0442\u0438\u0447\u0435\u0441\u043a\u0438\u0439 \u043f\u0440\u043e\u0444\u0438\u043b\u044c: \u0442\u043e\u043d\u043a\u0438\u0439, \u0441\u0431\u0430\u043b\u0430\u043d\u0441\u0438\u0440\u043e\u0432\u0430\u043d\u043d\u044b\u0439, \u0446\u0432\u0435\u0442\u043e\u0447\u043d\u044b\u0435 \u043d\u043e\u0442\u044b<\/p>\n<\/li>\n<li data-start=\"931\" data-end=\"949\">\n<p data-start=\"933\" data-end=\"949\">\u041f\u043e\u0434\u0436\u0430\u0440\u0438\u0432\u0430\u043d\u0438\u0435: \u0441\u0440\u0435\u0434\u043d\u0435\u0435<\/p>\n<\/li>\n<li data-start=\"950\" data-end=\"996\">\n<p data-start=\"952\" data-end=\"996\">\u0420\u0435\u043a\u043e\u043c\u0435\u043d\u0434\u0443\u0435\u0442\u0441\u044f \u0434\u043b\u044f: \u044d\u0441\u043f\u0440\u0435\u0441\u0441\u043e, \u043c\u043e\u043a\u0430, \u0444\u0438\u043b\u044c\u0442\u0440<\/p>\n<\/li>\n<li data-start=\"997\" data-end=\"1016\">\n<p data-start=\"999\" data-end=\"1016\">\u041f\u0440\u043e\u0438\u0441\u0445\u043e\u0436\u0434\u0435\u043d\u0438\u0435: \u0418\u0442\u0430\u043b\u0438\u044f<\/p>\n<\/li>\n<\/ul>","protected":false},"excerpt":{"rendered":"<p>Kimbo \u201eAroma Gold\u201d 100% Arabica este o cafea italian\u0103 premium, ob\u021binut\u0103 din boabe Arabica atent selec\u021bionate, pr\u0103jite tradi\u021bional \u00een Napoli.<\/p>","protected":false},"featured_media":50496,"template":"","meta":[],"product_brand":[2389],"product_cat":[2380,2388],"product_tag":[2420],"class_list":{"0":"post-50495","1":"product","2":"type-product","3":"status-publish","4":"has-post-thumbnail","6":"product_brand-kimbo","7":"product_cat-cafea","8":"product_cat-cafea-bauturi","9":"product_tag-retail","11":"first","12":"instock","13":"taxable","14":"shipping-taxable","15":"purchasable","16":"product-type-simple"},"yoast_head":"<!-- This site is optimized with the Yoast SEO Premium plugin v26.5 (Yoast SEO v27.4) - https:\/\/yoast.com\/product\/yoast-seo-premium-wordpress\/ -->\n<title>Cafea Kimbo &quot;Aroma Gold&quot; 100% Arabica 250gr - Gusto Italiano<\/title>\n<meta name=\"description\" content=\"Cafea Kimbo \u201eAroma Gold\u201d 100% Arabica 250 g \u2013 cafea italian\u0103 premium cu arom\u0103 fin\u0103, echilibrat\u0103 \u0219i note elegante. Ideal\u0103 pentru espresso autentic.\" \/>\n<meta name=\"robots\" content=\"index, follow, max-snippet:-1, max-image-preview:large, max-video-preview:-1\" \/>\n<link rel=\"canonical\" href=\"https:\/\/gustoitaliano.md\/ru\/product\/cafea-kimbo-aroma-gold-100-arabica-250gr\/\" \/>\n<meta property=\"og:locale\" content=\"ru_RU\" \/>\n<meta property=\"og:type\" content=\"article\" \/>\n<meta property=\"og:title\" content=\"Cafea Kimbo &quot;Aroma Gold&quot; 100% Arabica 250gr\" \/>\n<meta property=\"og:description\" content=\"Cafea Kimbo \u201eAroma Gold\u201d 100% Arabica 250 g \u2013 cafea italian\u0103 premium cu arom\u0103 fin\u0103, echilibrat\u0103 \u0219i note elegante. Ideal\u0103 pentru espresso autentic.\" \/>\n<meta property=\"og:url\" content=\"https:\/\/gustoitaliano.md\/ru\/product\/cafea-kimbo-aroma-gold-100-arabica-250gr\/\" \/>\n<meta property=\"og:site_name\" content=\"Gusto Italiano\" \/>\n<meta property=\"article:publisher\" content=\"https:\/\/www.facebook.com\/GoldenGates.Moldova\" \/>\n<meta property=\"og:image\" content=\"https:\/\/gustoitaliano.md\/wp-content\/uploads\/2026\/01\/Kimbo-aroma-gold-250-gr.jpg\" \/>\n\t<meta property=\"og:image:width\" content=\"225\" \/>\n\t<meta property=\"og:image:height\" content=\"225\" \/>\n\t<meta property=\"og:image:type\" content=\"image\/jpeg\" \/>\n<meta name=\"twitter:card\" content=\"summary_large_image\" \/>\n<meta name=\"twitter:label1\" content=\"\u041f\u0440\u0438\u043c\u0435\u0440\u043d\u043e\u0435 \u0432\u0440\u0435\u043c\u044f \u0434\u043b\u044f \u0447\u0442\u0435\u043d\u0438\u044f\" \/>\n\t<meta name=\"twitter:data1\" content=\"1 \u043c\u0438\u043d\u0443\u0442\u0430\" \/>\n<script type=\"application\/ld+json\" class=\"yoast-schema-graph\">{\"@context\":\"https:\\\/\\\/schema.org\",\"@graph\":[{\"@type\":\"WebPage\",\"@id\":\"https:\\\/\\\/gustoitaliano.md\\\/product\\\/cafea-kimbo-aroma-gold-100-arabica-250gr\\\/\",\"url\":\"https:\\\/\\\/gustoitaliano.md\\\/product\\\/cafea-kimbo-aroma-gold-100-arabica-250gr\\\/\",\"name\":\"Cafea Kimbo \\\"Aroma Gold\\\" 100% Arabica 250gr - Gusto Italiano\",\"isPartOf\":{\"@id\":\"https:\\\/\\\/gustoitaliano.md\\\/ro\\\/#website\"},\"primaryImageOfPage\":{\"@id\":\"https:\\\/\\\/gustoitaliano.md\\\/product\\\/cafea-kimbo-aroma-gold-100-arabica-250gr\\\/#primaryimage\"},\"image\":{\"@id\":\"https:\\\/\\\/gustoitaliano.md\\\/product\\\/cafea-kimbo-aroma-gold-100-arabica-250gr\\\/#primaryimage\"},\"thumbnailUrl\":\"https:\\\/\\\/gustoitaliano.md\\\/wp-content\\\/uploads\\\/2026\\\/01\\\/Kimbo-aroma-gold-250-gr.jpg\",\"datePublished\":\"2026-01-19T10:52:46+00:00\",\"description\":\"Cafea Kimbo \u201eAroma Gold\u201d 100% Arabica 250 g \u2013 cafea italian\u0103 premium cu arom\u0103 fin\u0103, echilibrat\u0103 \u0219i note elegante. Ideal\u0103 pentru espresso autentic.\",\"breadcrumb\":{\"@id\":\"https:\\\/\\\/gustoitaliano.md\\\/product\\\/cafea-kimbo-aroma-gold-100-arabica-250gr\\\/#breadcrumb\"},\"inLanguage\":\"ru-RU\",\"potentialAction\":[{\"@type\":\"ReadAction\",\"target\":[\"https:\\\/\\\/gustoitaliano.md\\\/product\\\/cafea-kimbo-aroma-gold-100-arabica-250gr\\\/\"]}]},{\"@type\":\"ImageObject\",\"inLanguage\":\"ru-RU\",\"@id\":\"https:\\\/\\\/gustoitaliano.md\\\/product\\\/cafea-kimbo-aroma-gold-100-arabica-250gr\\\/#primaryimage\",\"url\":\"https:\\\/\\\/gustoitaliano.md\\\/wp-content\\\/uploads\\\/2026\\\/01\\\/Kimbo-aroma-gold-250-gr.jpg\",\"contentUrl\":\"https:\\\/\\\/gustoitaliano.md\\\/wp-content\\\/uploads\\\/2026\\\/01\\\/Kimbo-aroma-gold-250-gr.jpg\",\"width\":225,\"height\":225},{\"@type\":\"BreadcrumbList\",\"@id\":\"https:\\\/\\\/gustoitaliano.md\\\/product\\\/cafea-kimbo-aroma-gold-100-arabica-250gr\\\/#breadcrumb\",\"itemListElement\":[{\"@type\":\"ListItem\",\"position\":1,\"name\":\"Prima pagin\u0103\",\"item\":\"https:\\\/\\\/gustoitaliano.md\\\/\"},{\"@type\":\"ListItem\",\"position\":2,\"name\":\"Magazin\",\"item\":\"https:\\\/\\\/gustoitaliano.md\\\/ro\\\/magazin\\\/\"},{\"@type\":\"ListItem\",\"position\":3,\"name\":\"Cafea &amp; bauturi\",\"item\":\"https:\\\/\\\/gustoitaliano.md\\\/product-category\\\/cafea-bauturi\\\/\"},{\"@type\":\"ListItem\",\"position\":4,\"name\":\"Cafea\",\"item\":\"https:\\\/\\\/gustoitaliano.md\\\/product-category\\\/cafea-bauturi\\\/cafea\\\/\"},{\"@type\":\"ListItem\",\"position\":5,\"name\":\"Cafea Kimbo &#8222;Aroma Gold&#8221; 100% Arabica 250gr\"}]},{\"@type\":\"WebSite\",\"@id\":\"https:\\\/\\\/gustoitaliano.md\\\/ro\\\/#website\",\"url\":\"https:\\\/\\\/gustoitaliano.md\\\/ro\\\/\",\"name\":\"Gusto Italiano\",\"description\":\"Produse Autentice Italiene\",\"publisher\":{\"@id\":\"https:\\\/\\\/gustoitaliano.md\\\/ro\\\/#organization\"},\"potentialAction\":[{\"@type\":\"SearchAction\",\"target\":{\"@type\":\"EntryPoint\",\"urlTemplate\":\"https:\\\/\\\/gustoitaliano.md\\\/ro\\\/?s={search_term_string}\"},\"query-input\":{\"@type\":\"PropertyValueSpecification\",\"valueRequired\":true,\"valueName\":\"search_term_string\"}}],\"inLanguage\":\"ru-RU\"},{\"@type\":\"Organization\",\"@id\":\"https:\\\/\\\/gustoitaliano.md\\\/ro\\\/#organization\",\"name\":\"Gusto Italiano\",\"alternateName\":\"Golden Gates SRL\",\"url\":\"https:\\\/\\\/gustoitaliano.md\\\/ro\\\/\",\"logo\":{\"@type\":\"ImageObject\",\"inLanguage\":\"ru-RU\",\"@id\":\"https:\\\/\\\/gustoitaliano.md\\\/ro\\\/#\\\/schema\\\/logo\\\/image\\\/\",\"url\":\"https:\\\/\\\/gustoitaliano.md\\\/wp-content\\\/uploads\\\/2025\\\/05\\\/logo-gusutoitaliano-2-2.png\",\"contentUrl\":\"https:\\\/\\\/gustoitaliano.md\\\/wp-content\\\/uploads\\\/2025\\\/05\\\/logo-gusutoitaliano-2-2.png\",\"width\":180,\"height\":180,\"caption\":\"Gusto Italiano\"},\"image\":{\"@id\":\"https:\\\/\\\/gustoitaliano.md\\\/ro\\\/#\\\/schema\\\/logo\\\/image\\\/\"},\"sameAs\":[\"https:\\\/\\\/www.facebook.com\\\/GoldenGates.Moldova\"]}]}<\/script>\n<!-- \/ Yoast SEO Premium plugin. -->","yoast_head_json":{"title":"Cafea Kimbo \"Aroma Gold\" 100% Arabica 250gr - Gusto Italiano","description":"Cafea Kimbo \u201eAroma Gold\u201d 100% Arabica 250 g \u2013 cafea italian\u0103 premium cu arom\u0103 fin\u0103, echilibrat\u0103 \u0219i note elegante. Ideal\u0103 pentru espresso autentic.","robots":{"index":"index","follow":"follow","max-snippet":"max-snippet:-1","max-image-preview":"max-image-preview:large","max-video-preview":"max-video-preview:-1"},"canonical":"https:\/\/gustoitaliano.md\/ru\/product\/cafea-kimbo-aroma-gold-100-arabica-250gr\/","og_locale":"ru_RU","og_type":"article","og_title":"Cafea Kimbo \"Aroma Gold\" 100% Arabica 250gr","og_description":"Cafea Kimbo \u201eAroma Gold\u201d 100% Arabica 250 g \u2013 cafea italian\u0103 premium cu arom\u0103 fin\u0103, echilibrat\u0103 \u0219i note elegante. Ideal\u0103 pentru espresso autentic.","og_url":"https:\/\/gustoitaliano.md\/ru\/product\/cafea-kimbo-aroma-gold-100-arabica-250gr\/","og_site_name":"Gusto Italiano","article_publisher":"https:\/\/www.facebook.com\/GoldenGates.Moldova","og_image":[{"width":225,"height":225,"url":"https:\/\/gustoitaliano.md\/wp-content\/uploads\/2026\/01\/Kimbo-aroma-gold-250-gr.jpg","type":"image\/jpeg"}],"twitter_card":"summary_large_image","twitter_misc":{"\u041f\u0440\u0438\u043c\u0435\u0440\u043d\u043e\u0435 \u0432\u0440\u0435\u043c\u044f \u0434\u043b\u044f \u0447\u0442\u0435\u043d\u0438\u044f":"1 \u043c\u0438\u043d\u0443\u0442\u0430"},"schema":{"@context":"https:\/\/schema.org","@graph":[{"@type":"WebPage","@id":"https:\/\/gustoitaliano.md\/product\/cafea-kimbo-aroma-gold-100-arabica-250gr\/","url":"https:\/\/gustoitaliano.md\/product\/cafea-kimbo-aroma-gold-100-arabica-250gr\/","name":"Cafea Kimbo \"Aroma Gold\" 100% Arabica 250gr - Gusto Italiano","isPartOf":{"@id":"https:\/\/gustoitaliano.md\/ro\/#website"},"primaryImageOfPage":{"@id":"https:\/\/gustoitaliano.md\/product\/cafea-kimbo-aroma-gold-100-arabica-250gr\/#primaryimage"},"image":{"@id":"https:\/\/gustoitaliano.md\/product\/cafea-kimbo-aroma-gold-100-arabica-250gr\/#primaryimage"},"thumbnailUrl":"https:\/\/gustoitaliano.md\/wp-content\/uploads\/2026\/01\/Kimbo-aroma-gold-250-gr.jpg","datePublished":"2026-01-19T10:52:46+00:00","description":"Cafea Kimbo \u201eAroma Gold\u201d 100% Arabica 250 g \u2013 cafea italian\u0103 premium cu arom\u0103 fin\u0103, echilibrat\u0103 \u0219i note elegante. Ideal\u0103 pentru espresso autentic.","breadcrumb":{"@id":"https:\/\/gustoitaliano.md\/product\/cafea-kimbo-aroma-gold-100-arabica-250gr\/#breadcrumb"},"inLanguage":"ru-RU","potentialAction":[{"@type":"ReadAction","target":["https:\/\/gustoitaliano.md\/product\/cafea-kimbo-aroma-gold-100-arabica-250gr\/"]}]},{"@type":"ImageObject","inLanguage":"ru-RU","@id":"https:\/\/gustoitaliano.md\/product\/cafea-kimbo-aroma-gold-100-arabica-250gr\/#primaryimage","url":"https:\/\/gustoitaliano.md\/wp-content\/uploads\/2026\/01\/Kimbo-aroma-gold-250-gr.jpg","contentUrl":"https:\/\/gustoitaliano.md\/wp-content\/uploads\/2026\/01\/Kimbo-aroma-gold-250-gr.jpg","width":225,"height":225},{"@type":"BreadcrumbList","@id":"https:\/\/gustoitaliano.md\/product\/cafea-kimbo-aroma-gold-100-arabica-250gr\/#breadcrumb","itemListElement":[{"@type":"ListItem","position":1,"name":"Prima pagin\u0103","item":"https:\/\/gustoitaliano.md\/"},{"@type":"ListItem","position":2,"name":"Magazin","item":"https:\/\/gustoitaliano.md\/ro\/magazin\/"},{"@type":"ListItem","position":3,"name":"Cafea &amp; bauturi","item":"https:\/\/gustoitaliano.md\/product-category\/cafea-bauturi\/"},{"@type":"ListItem","position":4,"name":"Cafea","item":"https:\/\/gustoitaliano.md\/product-category\/cafea-bauturi\/cafea\/"},{"@type":"ListItem","position":5,"name":"Cafea Kimbo &#8222;Aroma Gold&#8221; 100% Arabica 250gr"}]},{"@type":"WebSite","@id":"https:\/\/gustoitaliano.md\/ro\/#website","url":"https:\/\/gustoitaliano.md\/ro\/","name":"Gusto Italiano","description":"\u0410\u0443\u0442\u0435\u043d\u0442\u0438\u0447\u043d\u044b\u0435 \u0438\u0442\u0430\u043b\u044c\u044f\u043d\u0441\u043a\u0438\u0435 \u043f\u0440\u043e\u0434\u0443\u043a\u0442\u044b","publisher":{"@id":"https:\/\/gustoitaliano.md\/ro\/#organization"},"potentialAction":[{"@type":"SearchAction","target":{"@type":"EntryPoint","urlTemplate":"https:\/\/gustoitaliano.md\/ro\/?s={search_term_string}"},"query-input":{"@type":"PropertyValueSpecification","valueRequired":true,"valueName":"search_term_string"}}],"inLanguage":"ru-RU"},{"@type":"Organization","@id":"https:\/\/gustoitaliano.md\/ro\/#organization","name":"Gusto Italiano","alternateName":"Golden Gates SRL","url":"https:\/\/gustoitaliano.md\/ro\/","logo":{"@type":"ImageObject","inLanguage":"ru-RU","@id":"https:\/\/gustoitaliano.md\/ro\/#\/schema\/logo\/image\/","url":"https:\/\/gustoitaliano.md\/wp-content\/uploads\/2025\/05\/logo-gusutoitaliano-2-2.png","contentUrl":"https:\/\/gustoitaliano.md\/wp-content\/uploads\/2025\/05\/logo-gusutoitaliano-2-2.png","width":180,"height":180,"caption":"Gusto Italiano"},"image":{"@id":"https:\/\/gustoitaliano.md\/ro\/#\/schema\/logo\/image\/"},"sameAs":["https:\/\/www.facebook.com\/GoldenGates.Moldova"]}]}},"_links":{"self":[{"href":"https:\/\/gustoitaliano.md\/ru\/wp-json\/wp\/v2\/product\/50495","targetHints":{"allow":["GET"]}}],"collection":[{"href":"https:\/\/gustoitaliano.md\/ru\/wp-json\/wp\/v2\/product"}],"about":[{"href":"https:\/\/gustoitaliano.md\/ru\/wp-json\/wp\/v2\/types\/product"}],"version-history":[{"count":0,"href":"https:\/\/gustoitaliano.md\/ru\/wp-json\/wp\/v2\/product\/50495\/revisions"}],"wp:featuredmedia":[{"embeddable":true,"href":"https:\/\/gustoitaliano.md\/ru\/wp-json\/wp\/v2\/media\/50496"}],"wp:attachment":[{"href":"https:\/\/gustoitaliano.md\/ru\/wp-json\/wp\/v2\/media?parent=50495"}],"wp:term":[{"taxonomy":"product_brand","embeddable":true,"href":"https:\/\/gustoitaliano.md\/ru\/wp-json\/wp\/v2\/product_brand?post=50495"},{"taxonomy":"product_cat","embeddable":true,"href":"https:\/\/gustoitaliano.md\/ru\/wp-json\/wp\/v2\/product_cat?post=50495"},{"taxonomy":"product_tag","embeddable":true,"href":"https:\/\/gustoitaliano.md\/ru\/wp-json\/wp\/v2\/product_tag?post=50495"}],"curies":[{"name":"wp","href":"https:\/\/api.w.org\/{rel}","templated":true}]}}