{"id":50501,"date":"2026-01-19T12:55:12","date_gmt":"2026-01-19T10:55:12","guid":{"rendered":"https:\/\/gustoitaliano.md\/?post_type=product&#038;p=50501"},"modified":"2026-01-19T13:00:42","modified_gmt":"2026-01-19T11:00:42","slug":"cafes-kimbo-classico-250-gr","status":"publish","type":"product","link":"https:\/\/gustoitaliano.md\/ru\/product\/cafes-kimbo-classico-250-gr\/","title":{"rendered":"\u041a\u043e\u0444\u0435 Kimbo \u201e\u041a\u043b\u0430\u0441\u0441\u0438\u0447\u0435\u0441\u043a\u0438\u0439\u201d 250 \u0433\u0440"},"content":{"rendered":"<p data-start=\"330\" data-end=\"574\"><strong data-start=\"330\" data-end=\"350\">\u041a\u0438\u043c\u0431\u043e \u201e\u041a\u043b\u0430\u0441\u0441\u0438\u043a\u201d<\/strong> \u044d\u0442\u043e \u0442\u0440\u0430\u0434\u0438\u0446\u0438\u043e\u043d\u043d\u044b\u0439 \u0438\u0442\u0430\u043b\u044c\u044f\u043d\u0441\u043a\u0438\u0439 \u043a\u043e\u0444\u0435 \u0441\u043e \u0441\u0431\u0430\u043b\u0430\u043d\u0441\u0438\u0440\u043e\u0432\u0430\u043d\u043d\u044b\u043c \u043f\u0440\u043e\u0444\u0438\u043b\u0435\u043c \u0438 \u0438\u043d\u0442\u0435\u043d\u0441\u0438\u0432\u043d\u044b\u043c \u0432\u043a\u0443\u0441\u043e\u043c, \u0445\u0430\u0440\u0430\u043a\u0442\u0435\u0440\u043d\u044b\u043c \u0434\u043b\u044f \u043d\u0435\u0430\u043f\u043e\u043b\u0438\u0442\u0430\u043d\u0441\u043a\u043e\u0433\u043e \u0441\u0442\u0438\u043b\u044f. \u0422\u0449\u0430\u0442\u0435\u043b\u044c\u043d\u043e \u043f\u043e\u0434\u043e\u0431\u0440\u0430\u043d\u043d\u0430\u044f \u0441\u043c\u0435\u0441\u044c \u043f\u0440\u0435\u0434\u043b\u0430\u0433\u0430\u0435\u0442 <strong data-start=\"490\" data-end=\"512\">\u043d\u0430\u0441\u044b\u0449\u0435\u043d\u043d\u044b\u0439 \u044d\u0441\u043f\u0440\u0435\u0441\u0441\u043e<\/strong>, \u0421 \u0437\u0430\u0442\u044f\u0436\u043d\u044b\u043c \u0430\u0440\u043e\u043c\u0430\u0442\u043e\u043c, \u043b\u0435\u0433\u043a\u0438\u043c\u0438 \u043f\u043e\u0434\u0436\u0430\u0440\u0438\u0441\u0442\u044b\u043c\u0438 \u043d\u043e\u0442\u043a\u0430\u043c\u0438 \u0438 \u043d\u0430\u0441\u044b\u0449\u0435\u043d\u043d\u044b\u043c \u043a\u0440\u0435\u043c\u043e\u043c.<\/p>\n<p data-start=\"576\" data-end=\"700\">\u0418\u0434\u0435\u0430\u043b\u044c\u043d\u043e \u043f\u043e\u0434\u0445\u043e\u0434\u0438\u0442 \u0434\u043b\u044f <strong data-start=\"590\" data-end=\"622\">\u042d\u0441\u043f\u0440\u0435\u0441\u0441\u043e, \u043c\u043e\u043a\u0430 \u0438\u043b\u0438 \u043a\u043e\u0444\u0435\u0432\u0430\u0440\u043a\u0430<\/strong>, \u044d\u0442\u043e \u0438\u0434\u0435\u0430\u043b\u044c\u043d\u044b\u0439 \u0432\u044b\u0431\u043e\u0440 \u0434\u043b\u044f \u0435\u0436\u0435\u0434\u043d\u0435\u0432\u043d\u043e\u0433\u043e \u0443\u043f\u043e\u0442\u0440\u0435\u0431\u043b\u0435\u043d\u0438\u044f, \u043a\u0430\u043a \u0434\u043e\u043c\u0430, \u0442\u0430\u043a \u0438 \u0432 HoReCa.<\/p>\n<ul data-start=\"702\" data-end=\"901\">\n<li data-start=\"702\" data-end=\"729\">\n<p data-start=\"704\" data-end=\"729\">\u0422\u0438\u043f \u043a\u043e\u0444\u0435: \u043a\u043b\u0430\u0441\u0441\u0438\u0447\u0435\u0441\u043a\u0430\u044f \u0441\u043c\u0435\u0441\u044c<\/p>\n<\/li>\n<li data-start=\"730\" data-end=\"746\">\n<p data-start=\"732\" data-end=\"746\">\u0411\u0440\u0435\u043d\u0434: Kimbo<\/p>\n<\/li>\n<li data-start=\"747\" data-end=\"764\">\n<p data-start=\"749\" data-end=\"764\">\u0412\u0435\u0441: 250 \u0433<\/p>\n<\/li>\n<li data-start=\"765\" data-end=\"804\">\n<p data-start=\"767\" data-end=\"804\">\u0412\u043a\u0443\u0441\u043e\u0432\u043e\u0439 \u043f\u0440\u043e\u0444\u0438\u043b\u044c: \u0438\u043d\u0442\u0435\u043d\u0441\u0438\u0432\u043d\u044b\u0439, \u0441\u0431\u0430\u043b\u0430\u043d\u0441\u0438\u0440\u043e\u0432\u0430\u043d\u043d\u044b\u0439<\/p>\n<\/li>\n<li data-start=\"805\" data-end=\"831\">\n<p data-start=\"807\" data-end=\"831\">\u041e\u0431\u0436\u0430\u0440\u0438\u0432\u0430\u043d\u0438\u0435: \u0441\u0440\u0435\u0434\u043d\u0435-\u043d\u0438\u0437\u043a\u043e\u0435<\/p>\n<\/li>\n<li data-start=\"832\" data-end=\"881\">\n<p data-start=\"834\" data-end=\"881\">\u0420\u0435\u043a\u043e\u043c\u0435\u043d\u0434\u0443\u0435\u0442\u0441\u044f \u0434\u043b\u044f: \u044d\u0441\u043f\u0440\u0435\u0441\u0441\u043e, \u043c\u043e\u043a\u0430, \u043a\u043e\u0444\u0435\u0432\u0430\u0440\u043a\u0438<\/p>\n<\/li>\n<li data-start=\"882\" data-end=\"901\">\n<p data-start=\"884\" data-end=\"901\">\u041f\u0440\u043e\u0438\u0441\u0445\u043e\u0436\u0434\u0435\u043d\u0438\u0435: \u0418\u0442\u0430\u043b\u0438\u044f<\/p>\n<\/li>\n<\/ul>","protected":false},"excerpt":{"rendered":"<p>Kimbo \u201eClassico\u201d este o cafea italian\u0103 tradi\u021bional\u0103, cu profil echilibrat \u0219i gust intens, specific stilului napoletan. Amestecul atent selec\u021bionat ofer\u0103<\/p>","protected":false},"featured_media":50498,"template":"","meta":[],"product_brand":[2389],"product_cat":[2380,2388],"product_tag":[2420],"class_list":{"0":"post-50501","1":"product","2":"type-product","3":"status-publish","4":"has-post-thumbnail","6":"product_brand-kimbo","7":"product_cat-cafea","8":"product_cat-cafea-bauturi","9":"product_tag-retail","11":"first","12":"instock","13":"taxable","14":"shipping-taxable","15":"purchasable","16":"product-type-simple"},"yoast_head":"<!-- This site is optimized with the Yoast SEO Premium plugin v26.5 (Yoast SEO v27.4) - https:\/\/yoast.com\/product\/yoast-seo-premium-wordpress\/ -->\n<title>Cafea Kimbo &quot;Classico&quot; 250 gr - Gusto Italiano<\/title>\n<meta name=\"description\" content=\"Cafea Kimbo \u201eClassico\u201d 250 g \u2013 cafea italian\u0103 cu gust intens \u0219i arom\u0103 echilibrat\u0103, ideal\u0103 pentru espresso autentic napoletan.\" \/>\n<meta name=\"robots\" content=\"index, follow, max-snippet:-1, max-image-preview:large, max-video-preview:-1\" \/>\n<link rel=\"canonical\" href=\"https:\/\/gustoitaliano.md\/ru\/product\/cafes-kimbo-classico-250-gr\/\" \/>\n<meta property=\"og:locale\" content=\"ru_RU\" \/>\n<meta property=\"og:type\" content=\"article\" \/>\n<meta property=\"og:title\" content=\"Cafea Kimbo &quot;Classico&quot; 250 gr\" \/>\n<meta property=\"og:description\" content=\"Cafea Kimbo \u201eClassico\u201d 250 g \u2013 cafea italian\u0103 cu gust intens \u0219i arom\u0103 echilibrat\u0103, ideal\u0103 pentru espresso autentic napoletan.\" \/>\n<meta property=\"og:url\" content=\"https:\/\/gustoitaliano.md\/ru\/product\/cafes-kimbo-classico-250-gr\/\" \/>\n<meta property=\"og:site_name\" content=\"Gusto Italiano\" \/>\n<meta property=\"article:publisher\" content=\"https:\/\/www.facebook.com\/GoldenGates.Moldova\" \/>\n<meta property=\"article:modified_time\" content=\"2026-01-19T11:00:42+00:00\" \/>\n<meta property=\"og:image\" content=\"https:\/\/gustoitaliano.md\/wp-content\/uploads\/2026\/01\/kimbo-classico-250-gr.jpg\" \/>\n\t<meta property=\"og:image:width\" content=\"225\" \/>\n\t<meta property=\"og:image:height\" content=\"225\" \/>\n\t<meta property=\"og:image:type\" content=\"image\/jpeg\" \/>\n<meta name=\"twitter:card\" content=\"summary_large_image\" \/>\n<meta name=\"twitter:label1\" content=\"\u041f\u0440\u0438\u043c\u0435\u0440\u043d\u043e\u0435 \u0432\u0440\u0435\u043c\u044f \u0434\u043b\u044f \u0447\u0442\u0435\u043d\u0438\u044f\" \/>\n\t<meta name=\"twitter:data1\" content=\"1 \u043c\u0438\u043d\u0443\u0442\u0430\" \/>\n<script type=\"application\/ld+json\" class=\"yoast-schema-graph\">{\"@context\":\"https:\\\/\\\/schema.org\",\"@graph\":[{\"@type\":\"WebPage\",\"@id\":\"https:\\\/\\\/gustoitaliano.md\\\/product\\\/cafes-kimbo-classico-250-gr\\\/\",\"url\":\"https:\\\/\\\/gustoitaliano.md\\\/product\\\/cafes-kimbo-classico-250-gr\\\/\",\"name\":\"Cafea Kimbo \\\"Classico\\\" 250 gr - Gusto Italiano\",\"isPartOf\":{\"@id\":\"https:\\\/\\\/gustoitaliano.md\\\/ro\\\/#website\"},\"primaryImageOfPage\":{\"@id\":\"https:\\\/\\\/gustoitaliano.md\\\/product\\\/cafes-kimbo-classico-250-gr\\\/#primaryimage\"},\"image\":{\"@id\":\"https:\\\/\\\/gustoitaliano.md\\\/product\\\/cafes-kimbo-classico-250-gr\\\/#primaryimage\"},\"thumbnailUrl\":\"https:\\\/\\\/gustoitaliano.md\\\/wp-content\\\/uploads\\\/2026\\\/01\\\/kimbo-classico-250-gr.jpg\",\"datePublished\":\"2026-01-19T10:55:12+00:00\",\"dateModified\":\"2026-01-19T11:00:42+00:00\",\"description\":\"Cafea Kimbo \u201eClassico\u201d 250 g \u2013 cafea italian\u0103 cu gust intens \u0219i arom\u0103 echilibrat\u0103, ideal\u0103 pentru espresso autentic napoletan.\",\"breadcrumb\":{\"@id\":\"https:\\\/\\\/gustoitaliano.md\\\/product\\\/cafes-kimbo-classico-250-gr\\\/#breadcrumb\"},\"inLanguage\":\"ru-RU\",\"potentialAction\":[{\"@type\":\"ReadAction\",\"target\":[\"https:\\\/\\\/gustoitaliano.md\\\/product\\\/cafes-kimbo-classico-250-gr\\\/\"]}]},{\"@type\":\"ImageObject\",\"inLanguage\":\"ru-RU\",\"@id\":\"https:\\\/\\\/gustoitaliano.md\\\/product\\\/cafes-kimbo-classico-250-gr\\\/#primaryimage\",\"url\":\"https:\\\/\\\/gustoitaliano.md\\\/wp-content\\\/uploads\\\/2026\\\/01\\\/kimbo-classico-250-gr.jpg\",\"contentUrl\":\"https:\\\/\\\/gustoitaliano.md\\\/wp-content\\\/uploads\\\/2026\\\/01\\\/kimbo-classico-250-gr.jpg\",\"width\":225,\"height\":225},{\"@type\":\"BreadcrumbList\",\"@id\":\"https:\\\/\\\/gustoitaliano.md\\\/product\\\/cafes-kimbo-classico-250-gr\\\/#breadcrumb\",\"itemListElement\":[{\"@type\":\"ListItem\",\"position\":1,\"name\":\"Prima pagin\u0103\",\"item\":\"https:\\\/\\\/gustoitaliano.md\\\/\"},{\"@type\":\"ListItem\",\"position\":2,\"name\":\"Magazin\",\"item\":\"https:\\\/\\\/gustoitaliano.md\\\/ro\\\/magazin\\\/\"},{\"@type\":\"ListItem\",\"position\":3,\"name\":\"Cafea &amp; bauturi\",\"item\":\"https:\\\/\\\/gustoitaliano.md\\\/product-category\\\/cafea-bauturi\\\/\"},{\"@type\":\"ListItem\",\"position\":4,\"name\":\"Cafea Kimbo &#8222;Classico&#8221; 250 gr\"}]},{\"@type\":\"WebSite\",\"@id\":\"https:\\\/\\\/gustoitaliano.md\\\/ro\\\/#website\",\"url\":\"https:\\\/\\\/gustoitaliano.md\\\/ro\\\/\",\"name\":\"Gusto Italiano\",\"description\":\"Produse Autentice Italiene\",\"publisher\":{\"@id\":\"https:\\\/\\\/gustoitaliano.md\\\/ro\\\/#organization\"},\"potentialAction\":[{\"@type\":\"SearchAction\",\"target\":{\"@type\":\"EntryPoint\",\"urlTemplate\":\"https:\\\/\\\/gustoitaliano.md\\\/ro\\\/?s={search_term_string}\"},\"query-input\":{\"@type\":\"PropertyValueSpecification\",\"valueRequired\":true,\"valueName\":\"search_term_string\"}}],\"inLanguage\":\"ru-RU\"},{\"@type\":\"Organization\",\"@id\":\"https:\\\/\\\/gustoitaliano.md\\\/ro\\\/#organization\",\"name\":\"Gusto Italiano\",\"alternateName\":\"Golden Gates SRL\",\"url\":\"https:\\\/\\\/gustoitaliano.md\\\/ro\\\/\",\"logo\":{\"@type\":\"ImageObject\",\"inLanguage\":\"ru-RU\",\"@id\":\"https:\\\/\\\/gustoitaliano.md\\\/ro\\\/#\\\/schema\\\/logo\\\/image\\\/\",\"url\":\"https:\\\/\\\/gustoitaliano.md\\\/wp-content\\\/uploads\\\/2025\\\/05\\\/logo-gusutoitaliano-2-2.png\",\"contentUrl\":\"https:\\\/\\\/gustoitaliano.md\\\/wp-content\\\/uploads\\\/2025\\\/05\\\/logo-gusutoitaliano-2-2.png\",\"width\":180,\"height\":180,\"caption\":\"Gusto Italiano\"},\"image\":{\"@id\":\"https:\\\/\\\/gustoitaliano.md\\\/ro\\\/#\\\/schema\\\/logo\\\/image\\\/\"},\"sameAs\":[\"https:\\\/\\\/www.facebook.com\\\/GoldenGates.Moldova\"]}]}<\/script>\n<!-- \/ Yoast SEO Premium plugin. -->","yoast_head_json":{"title":"Cafea Kimbo \"Classico\" 250 gr - Gusto Italiano","description":"Cafea Kimbo \u201eClassico\u201d 250 g \u2013 cafea italian\u0103 cu gust intens \u0219i arom\u0103 echilibrat\u0103, ideal\u0103 pentru espresso autentic napoletan.","robots":{"index":"index","follow":"follow","max-snippet":"max-snippet:-1","max-image-preview":"max-image-preview:large","max-video-preview":"max-video-preview:-1"},"canonical":"https:\/\/gustoitaliano.md\/ru\/product\/cafes-kimbo-classico-250-gr\/","og_locale":"ru_RU","og_type":"article","og_title":"Cafea Kimbo \"Classico\" 250 gr","og_description":"Cafea Kimbo \u201eClassico\u201d 250 g \u2013 cafea italian\u0103 cu gust intens \u0219i arom\u0103 echilibrat\u0103, ideal\u0103 pentru espresso autentic napoletan.","og_url":"https:\/\/gustoitaliano.md\/ru\/product\/cafes-kimbo-classico-250-gr\/","og_site_name":"Gusto Italiano","article_publisher":"https:\/\/www.facebook.com\/GoldenGates.Moldova","article_modified_time":"2026-01-19T11:00:42+00:00","og_image":[{"width":225,"height":225,"url":"https:\/\/gustoitaliano.md\/wp-content\/uploads\/2026\/01\/kimbo-classico-250-gr.jpg","type":"image\/jpeg"}],"twitter_card":"summary_large_image","twitter_misc":{"\u041f\u0440\u0438\u043c\u0435\u0440\u043d\u043e\u0435 \u0432\u0440\u0435\u043c\u044f \u0434\u043b\u044f \u0447\u0442\u0435\u043d\u0438\u044f":"1 \u043c\u0438\u043d\u0443\u0442\u0430"},"schema":{"@context":"https:\/\/schema.org","@graph":[{"@type":"WebPage","@id":"https:\/\/gustoitaliano.md\/product\/cafes-kimbo-classico-250-gr\/","url":"https:\/\/gustoitaliano.md\/product\/cafes-kimbo-classico-250-gr\/","name":"Cafea Kimbo \"Classico\" 250 gr - Gusto Italiano","isPartOf":{"@id":"https:\/\/gustoitaliano.md\/ro\/#website"},"primaryImageOfPage":{"@id":"https:\/\/gustoitaliano.md\/product\/cafes-kimbo-classico-250-gr\/#primaryimage"},"image":{"@id":"https:\/\/gustoitaliano.md\/product\/cafes-kimbo-classico-250-gr\/#primaryimage"},"thumbnailUrl":"https:\/\/gustoitaliano.md\/wp-content\/uploads\/2026\/01\/kimbo-classico-250-gr.jpg","datePublished":"2026-01-19T10:55:12+00:00","dateModified":"2026-01-19T11:00:42+00:00","description":"Cafea Kimbo \u201eClassico\u201d 250 g \u2013 cafea italian\u0103 cu gust intens \u0219i arom\u0103 echilibrat\u0103, ideal\u0103 pentru espresso autentic napoletan.","breadcrumb":{"@id":"https:\/\/gustoitaliano.md\/product\/cafes-kimbo-classico-250-gr\/#breadcrumb"},"inLanguage":"ru-RU","potentialAction":[{"@type":"ReadAction","target":["https:\/\/gustoitaliano.md\/product\/cafes-kimbo-classico-250-gr\/"]}]},{"@type":"ImageObject","inLanguage":"ru-RU","@id":"https:\/\/gustoitaliano.md\/product\/cafes-kimbo-classico-250-gr\/#primaryimage","url":"https:\/\/gustoitaliano.md\/wp-content\/uploads\/2026\/01\/kimbo-classico-250-gr.jpg","contentUrl":"https:\/\/gustoitaliano.md\/wp-content\/uploads\/2026\/01\/kimbo-classico-250-gr.jpg","width":225,"height":225},{"@type":"BreadcrumbList","@id":"https:\/\/gustoitaliano.md\/product\/cafes-kimbo-classico-250-gr\/#breadcrumb","itemListElement":[{"@type":"ListItem","position":1,"name":"Prima pagin\u0103","item":"https:\/\/gustoitaliano.md\/"},{"@type":"ListItem","position":2,"name":"Magazin","item":"https:\/\/gustoitaliano.md\/ro\/magazin\/"},{"@type":"ListItem","position":3,"name":"Cafea &amp; bauturi","item":"https:\/\/gustoitaliano.md\/product-category\/cafea-bauturi\/"},{"@type":"ListItem","position":4,"name":"Cafea Kimbo &#8222;Classico&#8221; 250 gr"}]},{"@type":"WebSite","@id":"https:\/\/gustoitaliano.md\/ro\/#website","url":"https:\/\/gustoitaliano.md\/ro\/","name":"Gusto Italiano","description":"\u0410\u0443\u0442\u0435\u043d\u0442\u0438\u0447\u043d\u044b\u0435 \u0438\u0442\u0430\u043b\u044c\u044f\u043d\u0441\u043a\u0438\u0435 \u043f\u0440\u043e\u0434\u0443\u043a\u0442\u044b","publisher":{"@id":"https:\/\/gustoitaliano.md\/ro\/#organization"},"potentialAction":[{"@type":"SearchAction","target":{"@type":"EntryPoint","urlTemplate":"https:\/\/gustoitaliano.md\/ro\/?s={search_term_string}"},"query-input":{"@type":"PropertyValueSpecification","valueRequired":true,"valueName":"search_term_string"}}],"inLanguage":"ru-RU"},{"@type":"Organization","@id":"https:\/\/gustoitaliano.md\/ro\/#organization","name":"Gusto Italiano","alternateName":"Golden Gates SRL","url":"https:\/\/gustoitaliano.md\/ro\/","logo":{"@type":"ImageObject","inLanguage":"ru-RU","@id":"https:\/\/gustoitaliano.md\/ro\/#\/schema\/logo\/image\/","url":"https:\/\/gustoitaliano.md\/wp-content\/uploads\/2025\/05\/logo-gusutoitaliano-2-2.png","contentUrl":"https:\/\/gustoitaliano.md\/wp-content\/uploads\/2025\/05\/logo-gusutoitaliano-2-2.png","width":180,"height":180,"caption":"Gusto Italiano"},"image":{"@id":"https:\/\/gustoitaliano.md\/ro\/#\/schema\/logo\/image\/"},"sameAs":["https:\/\/www.facebook.com\/GoldenGates.Moldova"]}]}},"_links":{"self":[{"href":"https:\/\/gustoitaliano.md\/ru\/wp-json\/wp\/v2\/product\/50501","targetHints":{"allow":["GET"]}}],"collection":[{"href":"https:\/\/gustoitaliano.md\/ru\/wp-json\/wp\/v2\/product"}],"about":[{"href":"https:\/\/gustoitaliano.md\/ru\/wp-json\/wp\/v2\/types\/product"}],"version-history":[{"count":0,"href":"https:\/\/gustoitaliano.md\/ru\/wp-json\/wp\/v2\/product\/50501\/revisions"}],"wp:featuredmedia":[{"embeddable":true,"href":"https:\/\/gustoitaliano.md\/ru\/wp-json\/wp\/v2\/media\/50498"}],"wp:attachment":[{"href":"https:\/\/gustoitaliano.md\/ru\/wp-json\/wp\/v2\/media?parent=50501"}],"wp:term":[{"taxonomy":"product_brand","embeddable":true,"href":"https:\/\/gustoitaliano.md\/ru\/wp-json\/wp\/v2\/product_brand?post=50501"},{"taxonomy":"product_cat","embeddable":true,"href":"https:\/\/gustoitaliano.md\/ru\/wp-json\/wp\/v2\/product_cat?post=50501"},{"taxonomy":"product_tag","embeddable":true,"href":"https:\/\/gustoitaliano.md\/ru\/wp-json\/wp\/v2\/product_tag?post=50501"}],"curies":[{"name":"wp","href":"https:\/\/api.w.org\/{rel}","templated":true}]}}