{"id":50569,"date":"2026-01-26T15:31:53","date_gmt":"2026-01-26T13:31:53","guid":{"rendered":"https:\/\/gustoitaliano.md\/?post_type=product&#038;p=50569"},"modified":"2026-04-16T16:31:27","modified_gmt":"2026-04-16T13:31:27","slug":"sugo-arrabbiata-rodolfi-400-gr","status":"publish","type":"product","link":"https:\/\/gustoitaliano.md\/ru\/product\/sugo-arrabbiata-rodolfi-400-gr\/","title":{"rendered":"Sugo Arrabbiata Rodolfi 400 gr."},"content":{"rendered":"<p data-start=\"341\" data-end=\"627\"><strong data-start=\"341\" data-end=\"368\">Sugo Arrabbiata Rodolfi<\/strong> este un sos italian clasic, preparat din <strong data-start=\"410\" data-end=\"426\">ro\u0219ii coapte<\/strong>, ardei iute \u0219i condimente atent dozate, oferind un gust <strong data-start=\"483\" data-end=\"526\">picant, intens \u0219i autentic mediteranean<\/strong>.<br data-start=\"527\" data-end=\"530\" \/>Are o textur\u0103 omogen\u0103 \u0219i o arom\u0103 echilibrat\u0103, ideal\u0103 pentru re\u021bete rapide, dar pline de caracter.<\/p>\n<p data-start=\"629\" data-end=\"770\">\u0418\u0434\u0435\u0430\u043b\u044c\u043d\u043e \u043f\u043e\u0434\u0445\u043e\u0434\u0438\u0442 \u0434\u043b\u044f <strong data-start=\"644\" data-end=\"706\">paste, penne, spaghetti, pizza, gnocchi sau sosuri picante<\/strong>, acest sugo aduce personalitate \u0219i savoare fiec\u0103rui preparat.<\/p>\n<ul data-start=\"772\" data-end=\"974\">\n<li data-start=\"772\" data-end=\"820\">\n<p data-start=\"774\" data-end=\"820\">Tip produs: sos de ro\u0219ii picant (Arrabbiata)<\/p>\n<\/li>\n<li data-start=\"821\" data-end=\"841\">\n<p data-start=\"823\" data-end=\"841\">Cantitate: 400 g<\/p>\n<\/li>\n<li data-start=\"842\" data-end=\"871\">\n<p data-start=\"844\" data-end=\"871\">Arom\u0103: ro\u0219ii + ardei iute<\/p>\n<\/li>\n<li data-start=\"872\" data-end=\"898\">\n<p data-start=\"874\" data-end=\"898\">Textur\u0103: fin\u0103, omogen\u0103<\/p>\n<\/li>\n<li data-start=\"899\" data-end=\"935\">\n<p data-start=\"901\" data-end=\"935\">Utilizare: paste, pizza, gnocchi<\/p>\n<\/li>\n<li data-start=\"936\" data-end=\"954\">\n<p data-start=\"938\" data-end=\"954\">Brand: Rodolfi<\/p>\n<\/li>\n<li data-start=\"955\" data-end=\"974\">\n<p data-start=\"957\" data-end=\"974\">\u041f\u0440\u043e\u0438\u0441\u0445\u043e\u0436\u0434\u0435\u043d\u0438\u0435: \u0418\u0442\u0430\u043b\u0438\u044f<\/p>\n<\/li>\n<\/ul>","protected":false},"excerpt":{"rendered":"<p>Sugo Arrabbiata Rodolfi este un sos italian clasic, preparat din ro\u0219ii coapte, ardei iute \u0219i condimente atent dozate, oferind un<\/p>","protected":false},"featured_media":50570,"template":"","meta":[],"product_brand":[2424],"product_cat":[2361],"product_tag":[2420],"class_list":{"0":"post-50569","1":"product","2":"type-product","3":"status-publish","4":"has-post-thumbnail","6":"product_brand-rodolfi","7":"product_cat-sosuri","8":"product_tag-retail","10":"first","11":"instock","12":"downloadable","13":"taxable","14":"shipping-taxable","15":"purchasable","16":"product-type-simple"},"yoast_head":"<!-- This site is optimized with the Yoast SEO Premium plugin v26.5 (Yoast SEO v27.5) - https:\/\/yoast.com\/product\/yoast-seo-premium-wordpress\/ -->\n<title>Sugo Arrabbiata Rodolfi 400 gr. - Gusto Italiano<\/title>\n<meta name=\"description\" content=\"Sugo Arrabbiata Rodolfi 400 g \u2013 sos italian picant din ro\u0219ii coapte \u0219i ardei iute. Ideal pentru paste \u0219i re\u021bete cu gust intens.\" \/>\n<meta name=\"robots\" content=\"index, follow, max-snippet:-1, max-image-preview:large, max-video-preview:-1\" \/>\n<link rel=\"canonical\" href=\"https:\/\/gustoitaliano.md\/ru\/product\/sugo-arrabbiata-rodolfi-400-gr\/\" \/>\n<meta property=\"og:locale\" content=\"ru_RU\" \/>\n<meta property=\"og:type\" content=\"article\" \/>\n<meta property=\"og:title\" content=\"Sugo Arrabbiata Rodolfi 400 gr.\" \/>\n<meta property=\"og:description\" content=\"Sugo Arrabbiata Rodolfi 400 g \u2013 sos italian picant din ro\u0219ii coapte \u0219i ardei iute. Ideal pentru paste \u0219i re\u021bete cu gust intens.\" \/>\n<meta property=\"og:url\" content=\"https:\/\/gustoitaliano.md\/ru\/product\/sugo-arrabbiata-rodolfi-400-gr\/\" \/>\n<meta property=\"og:site_name\" content=\"Gusto Italiano\" \/>\n<meta property=\"article:publisher\" content=\"https:\/\/www.facebook.com\/GoldenGates.Moldova\" \/>\n<meta property=\"article:modified_time\" content=\"2026-04-16T13:31:27+00:00\" \/>\n<meta property=\"og:image\" content=\"https:\/\/gustoitaliano.md\/wp-content\/uploads\/2026\/01\/Rodolfi-Sugo-Arrabbiata.png\" \/>\n\t<meta property=\"og:image:width\" content=\"700\" \/>\n\t<meta property=\"og:image:height\" content=\"700\" \/>\n\t<meta property=\"og:image:type\" content=\"image\/png\" \/>\n<meta name=\"twitter:card\" content=\"summary_large_image\" \/>\n<meta name=\"twitter:label1\" content=\"\u041f\u0440\u0438\u043c\u0435\u0440\u043d\u043e\u0435 \u0432\u0440\u0435\u043c\u044f \u0434\u043b\u044f \u0447\u0442\u0435\u043d\u0438\u044f\" \/>\n\t<meta name=\"twitter:data1\" content=\"1 \u043c\u0438\u043d\u0443\u0442\u0430\" \/>\n<script type=\"application\/ld+json\" class=\"yoast-schema-graph\">{\"@context\":\"https:\\\/\\\/schema.org\",\"@graph\":[{\"@type\":\"WebPage\",\"@id\":\"https:\\\/\\\/gustoitaliano.md\\\/product\\\/sugo-arrabbiata-rodolfi-400-gr\\\/\",\"url\":\"https:\\\/\\\/gustoitaliano.md\\\/product\\\/sugo-arrabbiata-rodolfi-400-gr\\\/\",\"name\":\"Sugo Arrabbiata Rodolfi 400 gr. - Gusto Italiano\",\"isPartOf\":{\"@id\":\"https:\\\/\\\/gustoitaliano.md\\\/ro\\\/#website\"},\"primaryImageOfPage\":{\"@id\":\"https:\\\/\\\/gustoitaliano.md\\\/product\\\/sugo-arrabbiata-rodolfi-400-gr\\\/#primaryimage\"},\"image\":{\"@id\":\"https:\\\/\\\/gustoitaliano.md\\\/product\\\/sugo-arrabbiata-rodolfi-400-gr\\\/#primaryimage\"},\"thumbnailUrl\":\"https:\\\/\\\/gustoitaliano.md\\\/wp-content\\\/uploads\\\/2026\\\/01\\\/Rodolfi-Sugo-Arrabbiata.png\",\"datePublished\":\"2026-01-26T13:31:53+00:00\",\"dateModified\":\"2026-04-16T13:31:27+00:00\",\"description\":\"Sugo Arrabbiata Rodolfi 400 g \u2013 sos italian picant din ro\u0219ii coapte \u0219i ardei iute. Ideal pentru paste \u0219i re\u021bete cu gust intens.\",\"breadcrumb\":{\"@id\":\"https:\\\/\\\/gustoitaliano.md\\\/product\\\/sugo-arrabbiata-rodolfi-400-gr\\\/#breadcrumb\"},\"inLanguage\":\"ru-RU\",\"potentialAction\":[{\"@type\":\"ReadAction\",\"target\":[\"https:\\\/\\\/gustoitaliano.md\\\/product\\\/sugo-arrabbiata-rodolfi-400-gr\\\/\"]}]},{\"@type\":\"ImageObject\",\"inLanguage\":\"ru-RU\",\"@id\":\"https:\\\/\\\/gustoitaliano.md\\\/product\\\/sugo-arrabbiata-rodolfi-400-gr\\\/#primaryimage\",\"url\":\"https:\\\/\\\/gustoitaliano.md\\\/wp-content\\\/uploads\\\/2026\\\/01\\\/Rodolfi-Sugo-Arrabbiata.png\",\"contentUrl\":\"https:\\\/\\\/gustoitaliano.md\\\/wp-content\\\/uploads\\\/2026\\\/01\\\/Rodolfi-Sugo-Arrabbiata.png\",\"width\":700,\"height\":700},{\"@type\":\"BreadcrumbList\",\"@id\":\"https:\\\/\\\/gustoitaliano.md\\\/product\\\/sugo-arrabbiata-rodolfi-400-gr\\\/#breadcrumb\",\"itemListElement\":[{\"@type\":\"ListItem\",\"position\":1,\"name\":\"Prima pagin\u0103\",\"item\":\"https:\\\/\\\/gustoitaliano.md\\\/\"},{\"@type\":\"ListItem\",\"position\":2,\"name\":\"Magazin\",\"item\":\"https:\\\/\\\/gustoitaliano.md\\\/ro\\\/magazin\\\/\"},{\"@type\":\"ListItem\",\"position\":3,\"name\":\"Sosuri \u0219i Uleiuri\",\"item\":\"https:\\\/\\\/gustoitaliano.md\\\/product-category\\\/sosuri-si-uleiuri\\\/\"},{\"@type\":\"ListItem\",\"position\":4,\"name\":\"Sosuri\",\"item\":\"https:\\\/\\\/gustoitaliano.md\\\/product-category\\\/sosuri-si-uleiuri\\\/sosuri\\\/\"},{\"@type\":\"ListItem\",\"position\":5,\"name\":\"Sugo Arrabbiata Rodolfi 400 gr.\"}]},{\"@type\":\"WebSite\",\"@id\":\"https:\\\/\\\/gustoitaliano.md\\\/ro\\\/#website\",\"url\":\"https:\\\/\\\/gustoitaliano.md\\\/ro\\\/\",\"name\":\"Gusto Italiano\",\"description\":\"Produse Autentice Italiene\",\"publisher\":{\"@id\":\"https:\\\/\\\/gustoitaliano.md\\\/ro\\\/#organization\"},\"potentialAction\":[{\"@type\":\"SearchAction\",\"target\":{\"@type\":\"EntryPoint\",\"urlTemplate\":\"https:\\\/\\\/gustoitaliano.md\\\/ro\\\/?s={search_term_string}\"},\"query-input\":{\"@type\":\"PropertyValueSpecification\",\"valueRequired\":true,\"valueName\":\"search_term_string\"}}],\"inLanguage\":\"ru-RU\"},{\"@type\":\"Organization\",\"@id\":\"https:\\\/\\\/gustoitaliano.md\\\/ro\\\/#organization\",\"name\":\"Gusto Italiano\",\"alternateName\":\"Golden Gates SRL\",\"url\":\"https:\\\/\\\/gustoitaliano.md\\\/ro\\\/\",\"logo\":{\"@type\":\"ImageObject\",\"inLanguage\":\"ru-RU\",\"@id\":\"https:\\\/\\\/gustoitaliano.md\\\/ro\\\/#\\\/schema\\\/logo\\\/image\\\/\",\"url\":\"https:\\\/\\\/gustoitaliano.md\\\/wp-content\\\/uploads\\\/2025\\\/05\\\/logo-gusutoitaliano-2-2.png\",\"contentUrl\":\"https:\\\/\\\/gustoitaliano.md\\\/wp-content\\\/uploads\\\/2025\\\/05\\\/logo-gusutoitaliano-2-2.png\",\"width\":180,\"height\":180,\"caption\":\"Gusto Italiano\"},\"image\":{\"@id\":\"https:\\\/\\\/gustoitaliano.md\\\/ro\\\/#\\\/schema\\\/logo\\\/image\\\/\"},\"sameAs\":[\"https:\\\/\\\/www.facebook.com\\\/GoldenGates.Moldova\"]}]}<\/script>\n<!-- \/ Yoast SEO Premium plugin. -->","yoast_head_json":{"title":"Sugo Arrabbiata Rodolfi 400 gr. - Gusto Italiano","description":"Sugo Arrabbiata Rodolfi 400 g \u2013 sos italian picant din ro\u0219ii coapte \u0219i ardei iute. Ideal pentru paste \u0219i re\u021bete cu gust intens.","robots":{"index":"index","follow":"follow","max-snippet":"max-snippet:-1","max-image-preview":"max-image-preview:large","max-video-preview":"max-video-preview:-1"},"canonical":"https:\/\/gustoitaliano.md\/ru\/product\/sugo-arrabbiata-rodolfi-400-gr\/","og_locale":"ru_RU","og_type":"article","og_title":"Sugo Arrabbiata Rodolfi 400 gr.","og_description":"Sugo Arrabbiata Rodolfi 400 g \u2013 sos italian picant din ro\u0219ii coapte \u0219i ardei iute. Ideal pentru paste \u0219i re\u021bete cu gust intens.","og_url":"https:\/\/gustoitaliano.md\/ru\/product\/sugo-arrabbiata-rodolfi-400-gr\/","og_site_name":"Gusto Italiano","article_publisher":"https:\/\/www.facebook.com\/GoldenGates.Moldova","article_modified_time":"2026-04-16T13:31:27+00:00","og_image":[{"width":700,"height":700,"url":"https:\/\/gustoitaliano.md\/wp-content\/uploads\/2026\/01\/Rodolfi-Sugo-Arrabbiata.png","type":"image\/png"}],"twitter_card":"summary_large_image","twitter_misc":{"\u041f\u0440\u0438\u043c\u0435\u0440\u043d\u043e\u0435 \u0432\u0440\u0435\u043c\u044f \u0434\u043b\u044f \u0447\u0442\u0435\u043d\u0438\u044f":"1 \u043c\u0438\u043d\u0443\u0442\u0430"},"schema":{"@context":"https:\/\/schema.org","@graph":[{"@type":"WebPage","@id":"https:\/\/gustoitaliano.md\/product\/sugo-arrabbiata-rodolfi-400-gr\/","url":"https:\/\/gustoitaliano.md\/product\/sugo-arrabbiata-rodolfi-400-gr\/","name":"Sugo Arrabbiata Rodolfi 400 gr. - Gusto Italiano","isPartOf":{"@id":"https:\/\/gustoitaliano.md\/ro\/#website"},"primaryImageOfPage":{"@id":"https:\/\/gustoitaliano.md\/product\/sugo-arrabbiata-rodolfi-400-gr\/#primaryimage"},"image":{"@id":"https:\/\/gustoitaliano.md\/product\/sugo-arrabbiata-rodolfi-400-gr\/#primaryimage"},"thumbnailUrl":"https:\/\/gustoitaliano.md\/wp-content\/uploads\/2026\/01\/Rodolfi-Sugo-Arrabbiata.png","datePublished":"2026-01-26T13:31:53+00:00","dateModified":"2026-04-16T13:31:27+00:00","description":"Sugo Arrabbiata Rodolfi 400 g \u2013 sos italian picant din ro\u0219ii coapte \u0219i ardei iute. Ideal pentru paste \u0219i re\u021bete cu gust intens.","breadcrumb":{"@id":"https:\/\/gustoitaliano.md\/product\/sugo-arrabbiata-rodolfi-400-gr\/#breadcrumb"},"inLanguage":"ru-RU","potentialAction":[{"@type":"ReadAction","target":["https:\/\/gustoitaliano.md\/product\/sugo-arrabbiata-rodolfi-400-gr\/"]}]},{"@type":"ImageObject","inLanguage":"ru-RU","@id":"https:\/\/gustoitaliano.md\/product\/sugo-arrabbiata-rodolfi-400-gr\/#primaryimage","url":"https:\/\/gustoitaliano.md\/wp-content\/uploads\/2026\/01\/Rodolfi-Sugo-Arrabbiata.png","contentUrl":"https:\/\/gustoitaliano.md\/wp-content\/uploads\/2026\/01\/Rodolfi-Sugo-Arrabbiata.png","width":700,"height":700},{"@type":"BreadcrumbList","@id":"https:\/\/gustoitaliano.md\/product\/sugo-arrabbiata-rodolfi-400-gr\/#breadcrumb","itemListElement":[{"@type":"ListItem","position":1,"name":"Prima pagin\u0103","item":"https:\/\/gustoitaliano.md\/"},{"@type":"ListItem","position":2,"name":"Magazin","item":"https:\/\/gustoitaliano.md\/ro\/magazin\/"},{"@type":"ListItem","position":3,"name":"Sosuri \u0219i Uleiuri","item":"https:\/\/gustoitaliano.md\/product-category\/sosuri-si-uleiuri\/"},{"@type":"ListItem","position":4,"name":"Sosuri","item":"https:\/\/gustoitaliano.md\/product-category\/sosuri-si-uleiuri\/sosuri\/"},{"@type":"ListItem","position":5,"name":"Sugo Arrabbiata Rodolfi 400 gr."}]},{"@type":"WebSite","@id":"https:\/\/gustoitaliano.md\/ro\/#website","url":"https:\/\/gustoitaliano.md\/ro\/","name":"Gusto Italiano","description":"\u0410\u0443\u0442\u0435\u043d\u0442\u0438\u0447\u043d\u044b\u0435 \u0438\u0442\u0430\u043b\u044c\u044f\u043d\u0441\u043a\u0438\u0435 \u043f\u0440\u043e\u0434\u0443\u043a\u0442\u044b","publisher":{"@id":"https:\/\/gustoitaliano.md\/ro\/#organization"},"potentialAction":[{"@type":"SearchAction","target":{"@type":"EntryPoint","urlTemplate":"https:\/\/gustoitaliano.md\/ro\/?s={search_term_string}"},"query-input":{"@type":"PropertyValueSpecification","valueRequired":true,"valueName":"search_term_string"}}],"inLanguage":"ru-RU"},{"@type":"Organization","@id":"https:\/\/gustoitaliano.md\/ro\/#organization","name":"Gusto Italiano","alternateName":"Golden Gates SRL","url":"https:\/\/gustoitaliano.md\/ro\/","logo":{"@type":"ImageObject","inLanguage":"ru-RU","@id":"https:\/\/gustoitaliano.md\/ro\/#\/schema\/logo\/image\/","url":"https:\/\/gustoitaliano.md\/wp-content\/uploads\/2025\/05\/logo-gusutoitaliano-2-2.png","contentUrl":"https:\/\/gustoitaliano.md\/wp-content\/uploads\/2025\/05\/logo-gusutoitaliano-2-2.png","width":180,"height":180,"caption":"Gusto Italiano"},"image":{"@id":"https:\/\/gustoitaliano.md\/ro\/#\/schema\/logo\/image\/"},"sameAs":["https:\/\/www.facebook.com\/GoldenGates.Moldova"]}]}},"_links":{"self":[{"href":"https:\/\/gustoitaliano.md\/ru\/wp-json\/wp\/v2\/product\/50569","targetHints":{"allow":["GET"]}}],"collection":[{"href":"https:\/\/gustoitaliano.md\/ru\/wp-json\/wp\/v2\/product"}],"about":[{"href":"https:\/\/gustoitaliano.md\/ru\/wp-json\/wp\/v2\/types\/product"}],"version-history":[{"count":1,"href":"https:\/\/gustoitaliano.md\/ru\/wp-json\/wp\/v2\/product\/50569\/revisions"}],"predecessor-version":[{"id":51859,"href":"https:\/\/gustoitaliano.md\/ru\/wp-json\/wp\/v2\/product\/50569\/revisions\/51859"}],"wp:featuredmedia":[{"embeddable":true,"href":"https:\/\/gustoitaliano.md\/ru\/wp-json\/wp\/v2\/media\/50570"}],"wp:attachment":[{"href":"https:\/\/gustoitaliano.md\/ru\/wp-json\/wp\/v2\/media?parent=50569"}],"wp:term":[{"taxonomy":"product_brand","embeddable":true,"href":"https:\/\/gustoitaliano.md\/ru\/wp-json\/wp\/v2\/product_brand?post=50569"},{"taxonomy":"product_cat","embeddable":true,"href":"https:\/\/gustoitaliano.md\/ru\/wp-json\/wp\/v2\/product_cat?post=50569"},{"taxonomy":"product_tag","embeddable":true,"href":"https:\/\/gustoitaliano.md\/ru\/wp-json\/wp\/v2\/product_tag?post=50569"}],"curies":[{"name":"wp","href":"https:\/\/api.w.org\/{rel}","templated":true}]}}