{"id":50626,"date":"2026-01-30T16:27:16","date_gmt":"2026-01-30T14:27:16","guid":{"rendered":"https:\/\/gustoitaliano.md\/?post_type=product&#038;p=50626"},"modified":"2026-04-16T14:08:56","modified_gmt":"2026-04-16T11:08:56","slug":"crema-al-tartufo-bianchetto-2-500-gr","status":"publish","type":"product","link":"https:\/\/gustoitaliano.md\/ru\/product\/crema-al-tartufo-bianchetto-2-500-gr\/","title":{"rendered":"Crema al tartufo bianchetto 2% 500 gr"},"content":{"rendered":"<p data-start=\"381\" data-end=\"718\"><strong data-start=\"381\" data-end=\"415\">Crema al Tartufo Bianchetto 2%<\/strong> este o crem\u0103 italian\u0103 fin\u0103, ob\u021binut\u0103 din ciuperci selec\u021bionate \u0219i <strong data-start=\"482\" data-end=\"525\">2% truf\u0103 alb\u0103 de prim\u0103var\u0103 (Bianchetto)<\/strong>, cu arom\u0103 delicat\u0103 \u0219i elegant\u0103. Are o textur\u0103 cremoas\u0103 \u0219i omogen\u0103, ideal\u0103 pentru preparate gourmet unde se dore\u0219te un parfum subtil de truf\u0103, f\u0103r\u0103 a acoperi gustul ingredientelor principale.<\/p>\n<p data-start=\"720\" data-end=\"890\">\u0418\u0434\u0435\u0430\u043b\u044c\u043d\u043e \u043f\u043e\u0434\u0445\u043e\u0434\u0438\u0442 \u0434\u043b\u044f <strong data-start=\"736\" data-end=\"824\">paste, risotto, bruschette, pizza, ou\u0103, cartofi, carne, sosuri \u0219i sandvi\u0219uri gourmet<\/strong>, aceast\u0103 crem\u0103 ofer\u0103 rafinament \u0219i echilibru \u00een fiecare re\u021bet\u0103.<\/p>\n<ul data-start=\"892\" data-end=\"1087\">\n<li data-start=\"892\" data-end=\"933\">\n<p data-start=\"894\" data-end=\"933\">Tip produs: crem\u0103 cu truf\u0103 Bianchetto<\/p>\n<\/li>\n<li data-start=\"934\" data-end=\"959\">\n<p data-start=\"936\" data-end=\"959\">Con\u021binut de truf\u0103: 2%<\/p>\n<\/li>\n<li data-start=\"960\" data-end=\"980\">\n<p data-start=\"962\" data-end=\"980\">\u041a\u043e\u043b\u0438\u0447\u0435\u0441\u0442\u0432\u043e: 500 \u0433<\/p>\n<\/li>\n<li data-start=\"981\" data-end=\"1011\">\n<p data-start=\"983\" data-end=\"1011\">Textur\u0103: cremoas\u0103, omogen\u0103<\/p>\n<\/li>\n<li data-start=\"1012\" data-end=\"1067\">\n<p data-start=\"1014\" data-end=\"1067\">Utilizare: paste, risotto, bruschette, pizza, carne<\/p>\n<\/li>\n<li data-start=\"1068\" data-end=\"1087\">\n<p data-start=\"1070\" data-end=\"1087\">\u041f\u0440\u043e\u0438\u0441\u0445\u043e\u0436\u0434\u0435\u043d\u0438\u0435: \u0418\u0442\u0430\u043b\u0438\u044f<\/p>\n<\/li>\n<\/ul>","protected":false},"excerpt":{"rendered":"<p>Crema al Tartufo Bianchetto 2% este o crem\u0103 italian\u0103 fin\u0103, ob\u021binut\u0103 din ciuperci selec\u021bionate \u0219i 2% truf\u0103 alb\u0103 de prim\u0103var\u0103<\/p>","protected":false},"featured_media":50627,"template":"","meta":[],"product_brand":[2463],"product_cat":[2361,2353],"product_tag":[2419],"class_list":{"0":"post-50626","1":"product","2":"type-product","3":"status-publish","4":"has-post-thumbnail","6":"product_brand-mirko-tartufi","7":"product_cat-sosuri","8":"product_cat-trufe-si-produse-din-trufe","9":"product_tag-horeca","11":"first","12":"instock","13":"taxable","14":"shipping-taxable","15":"purchasable","16":"product-type-simple"},"yoast_head":"<!-- This site is optimized with the Yoast SEO Premium plugin v26.5 (Yoast SEO v27.5) - https:\/\/yoast.com\/product\/yoast-seo-premium-wordpress\/ -->\n<title>Crema al tartufo bianchetto 2% 500 gr - Gusto Italiano<\/title>\n<meta name=\"description\" content=\"Crema al Tartufo Bianchetto 2% \u2013 500 g. Crem\u0103 italian\u0103 cu truf\u0103 alb\u0103 de prim\u0103var\u0103, arom\u0103 fin\u0103 \u0219i textur\u0103 cremoas\u0103, ideal\u0103 pentru preparate gourmet.\" \/>\n<meta name=\"robots\" content=\"index, follow, max-snippet:-1, max-image-preview:large, max-video-preview:-1\" \/>\n<link rel=\"canonical\" href=\"https:\/\/gustoitaliano.md\/ru\/product\/crema-al-tartufo-bianchetto-2-500-gr\/\" \/>\n<meta property=\"og:locale\" content=\"ru_RU\" \/>\n<meta property=\"og:type\" content=\"article\" \/>\n<meta property=\"og:title\" content=\"Crema al tartufo bianchetto 2% 500 gr\" \/>\n<meta property=\"og:description\" content=\"Crema al Tartufo Bianchetto 2% \u2013 500 g. Crem\u0103 italian\u0103 cu truf\u0103 alb\u0103 de prim\u0103var\u0103, arom\u0103 fin\u0103 \u0219i textur\u0103 cremoas\u0103, ideal\u0103 pentru preparate gourmet.\" \/>\n<meta property=\"og:url\" content=\"https:\/\/gustoitaliano.md\/ru\/product\/crema-al-tartufo-bianchetto-2-500-gr\/\" \/>\n<meta property=\"og:site_name\" content=\"Gusto Italiano\" \/>\n<meta property=\"article:publisher\" content=\"https:\/\/www.facebook.com\/GoldenGates.Moldova\" \/>\n<meta property=\"article:modified_time\" content=\"2026-04-16T11:08:56+00:00\" \/>\n<meta property=\"og:image\" content=\"https:\/\/gustoitaliano.md\/wp-content\/uploads\/2026\/01\/Crema-bianch-500-1.png\" \/>\n\t<meta property=\"og:image:width\" content=\"433\" \/>\n\t<meta property=\"og:image:height\" content=\"577\" \/>\n\t<meta property=\"og:image:type\" content=\"image\/png\" \/>\n<meta name=\"twitter:card\" content=\"summary_large_image\" \/>\n<meta name=\"twitter:label1\" content=\"\u041f\u0440\u0438\u043c\u0435\u0440\u043d\u043e\u0435 \u0432\u0440\u0435\u043c\u044f \u0434\u043b\u044f \u0447\u0442\u0435\u043d\u0438\u044f\" \/>\n\t<meta name=\"twitter:data1\" content=\"1 \u043c\u0438\u043d\u0443\u0442\u0430\" \/>\n<script type=\"application\/ld+json\" class=\"yoast-schema-graph\">{\"@context\":\"https:\\\/\\\/schema.org\",\"@graph\":[{\"@type\":\"WebPage\",\"@id\":\"https:\\\/\\\/gustoitaliano.md\\\/product\\\/crema-al-tartufo-bianchetto-2-500-gr\\\/\",\"url\":\"https:\\\/\\\/gustoitaliano.md\\\/product\\\/crema-al-tartufo-bianchetto-2-500-gr\\\/\",\"name\":\"Crema al tartufo bianchetto 2% 500 gr - Gusto Italiano\",\"isPartOf\":{\"@id\":\"https:\\\/\\\/gustoitaliano.md\\\/ro\\\/#website\"},\"primaryImageOfPage\":{\"@id\":\"https:\\\/\\\/gustoitaliano.md\\\/product\\\/crema-al-tartufo-bianchetto-2-500-gr\\\/#primaryimage\"},\"image\":{\"@id\":\"https:\\\/\\\/gustoitaliano.md\\\/product\\\/crema-al-tartufo-bianchetto-2-500-gr\\\/#primaryimage\"},\"thumbnailUrl\":\"https:\\\/\\\/gustoitaliano.md\\\/wp-content\\\/uploads\\\/2026\\\/01\\\/Crema-bianch-500-1.png\",\"datePublished\":\"2026-01-30T14:27:16+00:00\",\"dateModified\":\"2026-04-16T11:08:56+00:00\",\"description\":\"Crema al Tartufo Bianchetto 2% \u2013 500 g. Crem\u0103 italian\u0103 cu truf\u0103 alb\u0103 de prim\u0103var\u0103, arom\u0103 fin\u0103 \u0219i textur\u0103 cremoas\u0103, ideal\u0103 pentru preparate gourmet.\",\"breadcrumb\":{\"@id\":\"https:\\\/\\\/gustoitaliano.md\\\/product\\\/crema-al-tartufo-bianchetto-2-500-gr\\\/#breadcrumb\"},\"inLanguage\":\"ru-RU\",\"potentialAction\":[{\"@type\":\"ReadAction\",\"target\":[\"https:\\\/\\\/gustoitaliano.md\\\/product\\\/crema-al-tartufo-bianchetto-2-500-gr\\\/\"]}]},{\"@type\":\"ImageObject\",\"inLanguage\":\"ru-RU\",\"@id\":\"https:\\\/\\\/gustoitaliano.md\\\/product\\\/crema-al-tartufo-bianchetto-2-500-gr\\\/#primaryimage\",\"url\":\"https:\\\/\\\/gustoitaliano.md\\\/wp-content\\\/uploads\\\/2026\\\/01\\\/Crema-bianch-500-1.png\",\"contentUrl\":\"https:\\\/\\\/gustoitaliano.md\\\/wp-content\\\/uploads\\\/2026\\\/01\\\/Crema-bianch-500-1.png\",\"width\":433,\"height\":577},{\"@type\":\"BreadcrumbList\",\"@id\":\"https:\\\/\\\/gustoitaliano.md\\\/product\\\/crema-al-tartufo-bianchetto-2-500-gr\\\/#breadcrumb\",\"itemListElement\":[{\"@type\":\"ListItem\",\"position\":1,\"name\":\"Prima pagin\u0103\",\"item\":\"https:\\\/\\\/gustoitaliano.md\\\/\"},{\"@type\":\"ListItem\",\"position\":2,\"name\":\"Magazin\",\"item\":\"https:\\\/\\\/gustoitaliano.md\\\/ro\\\/magazin\\\/\"},{\"@type\":\"ListItem\",\"position\":3,\"name\":\"Condimente \u0219i Mirodenii\",\"item\":\"https:\\\/\\\/gustoitaliano.md\\\/product-category\\\/condimente-si-mirodenii\\\/\"},{\"@type\":\"ListItem\",\"position\":4,\"name\":\"Trufe si produse din trufe\",\"item\":\"https:\\\/\\\/gustoitaliano.md\\\/product-category\\\/condimente-si-mirodenii\\\/trufe-si-produse-din-trufe\\\/\"},{\"@type\":\"ListItem\",\"position\":5,\"name\":\"Crema al tartufo bianchetto 2% 500 gr\"}]},{\"@type\":\"WebSite\",\"@id\":\"https:\\\/\\\/gustoitaliano.md\\\/ro\\\/#website\",\"url\":\"https:\\\/\\\/gustoitaliano.md\\\/ro\\\/\",\"name\":\"Gusto Italiano\",\"description\":\"Produse Autentice Italiene\",\"publisher\":{\"@id\":\"https:\\\/\\\/gustoitaliano.md\\\/ro\\\/#organization\"},\"potentialAction\":[{\"@type\":\"SearchAction\",\"target\":{\"@type\":\"EntryPoint\",\"urlTemplate\":\"https:\\\/\\\/gustoitaliano.md\\\/ro\\\/?s={search_term_string}\"},\"query-input\":{\"@type\":\"PropertyValueSpecification\",\"valueRequired\":true,\"valueName\":\"search_term_string\"}}],\"inLanguage\":\"ru-RU\"},{\"@type\":\"Organization\",\"@id\":\"https:\\\/\\\/gustoitaliano.md\\\/ro\\\/#organization\",\"name\":\"Gusto Italiano\",\"alternateName\":\"Golden Gates SRL\",\"url\":\"https:\\\/\\\/gustoitaliano.md\\\/ro\\\/\",\"logo\":{\"@type\":\"ImageObject\",\"inLanguage\":\"ru-RU\",\"@id\":\"https:\\\/\\\/gustoitaliano.md\\\/ro\\\/#\\\/schema\\\/logo\\\/image\\\/\",\"url\":\"https:\\\/\\\/gustoitaliano.md\\\/wp-content\\\/uploads\\\/2025\\\/05\\\/logo-gusutoitaliano-2-2.png\",\"contentUrl\":\"https:\\\/\\\/gustoitaliano.md\\\/wp-content\\\/uploads\\\/2025\\\/05\\\/logo-gusutoitaliano-2-2.png\",\"width\":180,\"height\":180,\"caption\":\"Gusto Italiano\"},\"image\":{\"@id\":\"https:\\\/\\\/gustoitaliano.md\\\/ro\\\/#\\\/schema\\\/logo\\\/image\\\/\"},\"sameAs\":[\"https:\\\/\\\/www.facebook.com\\\/GoldenGates.Moldova\"]}]}<\/script>\n<!-- \/ Yoast SEO Premium plugin. -->","yoast_head_json":{"title":"Crema al tartufo bianchetto 2% 500 gr - Gusto Italiano","description":"Crema al Tartufo Bianchetto 2% \u2013 500 g. Crem\u0103 italian\u0103 cu truf\u0103 alb\u0103 de prim\u0103var\u0103, arom\u0103 fin\u0103 \u0219i textur\u0103 cremoas\u0103, ideal\u0103 pentru preparate gourmet.","robots":{"index":"index","follow":"follow","max-snippet":"max-snippet:-1","max-image-preview":"max-image-preview:large","max-video-preview":"max-video-preview:-1"},"canonical":"https:\/\/gustoitaliano.md\/ru\/product\/crema-al-tartufo-bianchetto-2-500-gr\/","og_locale":"ru_RU","og_type":"article","og_title":"Crema al tartufo bianchetto 2% 500 gr","og_description":"Crema al Tartufo Bianchetto 2% \u2013 500 g. Crem\u0103 italian\u0103 cu truf\u0103 alb\u0103 de prim\u0103var\u0103, arom\u0103 fin\u0103 \u0219i textur\u0103 cremoas\u0103, ideal\u0103 pentru preparate gourmet.","og_url":"https:\/\/gustoitaliano.md\/ru\/product\/crema-al-tartufo-bianchetto-2-500-gr\/","og_site_name":"Gusto Italiano","article_publisher":"https:\/\/www.facebook.com\/GoldenGates.Moldova","article_modified_time":"2026-04-16T11:08:56+00:00","og_image":[{"width":433,"height":577,"url":"https:\/\/gustoitaliano.md\/wp-content\/uploads\/2026\/01\/Crema-bianch-500-1.png","type":"image\/png"}],"twitter_card":"summary_large_image","twitter_misc":{"\u041f\u0440\u0438\u043c\u0435\u0440\u043d\u043e\u0435 \u0432\u0440\u0435\u043c\u044f \u0434\u043b\u044f \u0447\u0442\u0435\u043d\u0438\u044f":"1 \u043c\u0438\u043d\u0443\u0442\u0430"},"schema":{"@context":"https:\/\/schema.org","@graph":[{"@type":"WebPage","@id":"https:\/\/gustoitaliano.md\/product\/crema-al-tartufo-bianchetto-2-500-gr\/","url":"https:\/\/gustoitaliano.md\/product\/crema-al-tartufo-bianchetto-2-500-gr\/","name":"Crema al tartufo bianchetto 2% 500 gr - Gusto Italiano","isPartOf":{"@id":"https:\/\/gustoitaliano.md\/ro\/#website"},"primaryImageOfPage":{"@id":"https:\/\/gustoitaliano.md\/product\/crema-al-tartufo-bianchetto-2-500-gr\/#primaryimage"},"image":{"@id":"https:\/\/gustoitaliano.md\/product\/crema-al-tartufo-bianchetto-2-500-gr\/#primaryimage"},"thumbnailUrl":"https:\/\/gustoitaliano.md\/wp-content\/uploads\/2026\/01\/Crema-bianch-500-1.png","datePublished":"2026-01-30T14:27:16+00:00","dateModified":"2026-04-16T11:08:56+00:00","description":"Crema al Tartufo Bianchetto 2% \u2013 500 g. Crem\u0103 italian\u0103 cu truf\u0103 alb\u0103 de prim\u0103var\u0103, arom\u0103 fin\u0103 \u0219i textur\u0103 cremoas\u0103, ideal\u0103 pentru preparate gourmet.","breadcrumb":{"@id":"https:\/\/gustoitaliano.md\/product\/crema-al-tartufo-bianchetto-2-500-gr\/#breadcrumb"},"inLanguage":"ru-RU","potentialAction":[{"@type":"ReadAction","target":["https:\/\/gustoitaliano.md\/product\/crema-al-tartufo-bianchetto-2-500-gr\/"]}]},{"@type":"ImageObject","inLanguage":"ru-RU","@id":"https:\/\/gustoitaliano.md\/product\/crema-al-tartufo-bianchetto-2-500-gr\/#primaryimage","url":"https:\/\/gustoitaliano.md\/wp-content\/uploads\/2026\/01\/Crema-bianch-500-1.png","contentUrl":"https:\/\/gustoitaliano.md\/wp-content\/uploads\/2026\/01\/Crema-bianch-500-1.png","width":433,"height":577},{"@type":"BreadcrumbList","@id":"https:\/\/gustoitaliano.md\/product\/crema-al-tartufo-bianchetto-2-500-gr\/#breadcrumb","itemListElement":[{"@type":"ListItem","position":1,"name":"Prima pagin\u0103","item":"https:\/\/gustoitaliano.md\/"},{"@type":"ListItem","position":2,"name":"Magazin","item":"https:\/\/gustoitaliano.md\/ro\/magazin\/"},{"@type":"ListItem","position":3,"name":"Condimente \u0219i Mirodenii","item":"https:\/\/gustoitaliano.md\/product-category\/condimente-si-mirodenii\/"},{"@type":"ListItem","position":4,"name":"Trufe si produse din trufe","item":"https:\/\/gustoitaliano.md\/product-category\/condimente-si-mirodenii\/trufe-si-produse-din-trufe\/"},{"@type":"ListItem","position":5,"name":"Crema al tartufo bianchetto 2% 500 gr"}]},{"@type":"WebSite","@id":"https:\/\/gustoitaliano.md\/ro\/#website","url":"https:\/\/gustoitaliano.md\/ro\/","name":"Gusto Italiano","description":"\u0410\u0443\u0442\u0435\u043d\u0442\u0438\u0447\u043d\u044b\u0435 \u0438\u0442\u0430\u043b\u044c\u044f\u043d\u0441\u043a\u0438\u0435 \u043f\u0440\u043e\u0434\u0443\u043a\u0442\u044b","publisher":{"@id":"https:\/\/gustoitaliano.md\/ro\/#organization"},"potentialAction":[{"@type":"SearchAction","target":{"@type":"EntryPoint","urlTemplate":"https:\/\/gustoitaliano.md\/ro\/?s={search_term_string}"},"query-input":{"@type":"PropertyValueSpecification","valueRequired":true,"valueName":"search_term_string"}}],"inLanguage":"ru-RU"},{"@type":"Organization","@id":"https:\/\/gustoitaliano.md\/ro\/#organization","name":"Gusto Italiano","alternateName":"Golden Gates SRL","url":"https:\/\/gustoitaliano.md\/ro\/","logo":{"@type":"ImageObject","inLanguage":"ru-RU","@id":"https:\/\/gustoitaliano.md\/ro\/#\/schema\/logo\/image\/","url":"https:\/\/gustoitaliano.md\/wp-content\/uploads\/2025\/05\/logo-gusutoitaliano-2-2.png","contentUrl":"https:\/\/gustoitaliano.md\/wp-content\/uploads\/2025\/05\/logo-gusutoitaliano-2-2.png","width":180,"height":180,"caption":"Gusto Italiano"},"image":{"@id":"https:\/\/gustoitaliano.md\/ro\/#\/schema\/logo\/image\/"},"sameAs":["https:\/\/www.facebook.com\/GoldenGates.Moldova"]}]}},"_links":{"self":[{"href":"https:\/\/gustoitaliano.md\/ru\/wp-json\/wp\/v2\/product\/50626","targetHints":{"allow":["GET"]}}],"collection":[{"href":"https:\/\/gustoitaliano.md\/ru\/wp-json\/wp\/v2\/product"}],"about":[{"href":"https:\/\/gustoitaliano.md\/ru\/wp-json\/wp\/v2\/types\/product"}],"version-history":[{"count":1,"href":"https:\/\/gustoitaliano.md\/ru\/wp-json\/wp\/v2\/product\/50626\/revisions"}],"predecessor-version":[{"id":51584,"href":"https:\/\/gustoitaliano.md\/ru\/wp-json\/wp\/v2\/product\/50626\/revisions\/51584"}],"wp:featuredmedia":[{"embeddable":true,"href":"https:\/\/gustoitaliano.md\/ru\/wp-json\/wp\/v2\/media\/50627"}],"wp:attachment":[{"href":"https:\/\/gustoitaliano.md\/ru\/wp-json\/wp\/v2\/media?parent=50626"}],"wp:term":[{"taxonomy":"product_brand","embeddable":true,"href":"https:\/\/gustoitaliano.md\/ru\/wp-json\/wp\/v2\/product_brand?post=50626"},{"taxonomy":"product_cat","embeddable":true,"href":"https:\/\/gustoitaliano.md\/ru\/wp-json\/wp\/v2\/product_cat?post=50626"},{"taxonomy":"product_tag","embeddable":true,"href":"https:\/\/gustoitaliano.md\/ru\/wp-json\/wp\/v2\/product_tag?post=50626"}],"curies":[{"name":"wp","href":"https:\/\/api.w.org\/{rel}","templated":true}]}}