{"id":50643,"date":"2026-02-01T11:39:27","date_gmt":"2026-02-01T09:39:27","guid":{"rendered":"https:\/\/gustoitaliano.md\/?post_type=product&#038;p=50643"},"modified":"2026-04-29T15:55:20","modified_gmt":"2026-04-29T12:55:20","slug":"crema-de-hribi-crema-di-porcini-180-g","status":"publish","type":"product","link":"https:\/\/gustoitaliano.md\/ru\/product\/crema-de-hribi-crema-di-porcini-180-g\/","title":{"rendered":"Crema de hribi \/ Crema di Porcini 180 g"},"content":{"rendered":"<p data-start=\"350\" data-end=\"607\"><strong data-start=\"350\" data-end=\"376\">Crema di Porcini MAZZA<\/strong> este o crem\u0103 italian\u0103 fin\u0103, preparat\u0103 din <strong data-start=\"419\" data-end=\"447\">ciuperci porcini (hribi)<\/strong> atent selec\u021bionate, cu arom\u0103 intens\u0103 \u0219i gust bogat, specific buc\u0103t\u0103riei italiene. Are o textur\u0103 cremoas\u0103 \u0219i omogen\u0103, ideal\u0103 pentru re\u021bete rapide \u0219i rafinate.<\/p>\n<p data-start=\"609\" data-end=\"766\">\u0418\u0434\u0435\u0430\u043b\u044c\u043d\u043e \u043f\u043e\u0434\u0445\u043e\u0434\u0438\u0442 \u0434\u043b\u044f <strong data-start=\"625\" data-end=\"701\">paste, risotto, bruschette, pizza, carne, cartofi, ou\u0103 \u0219i sosuri gourmet<\/strong>, aceast\u0103 crem\u0103 adaug\u0103 profunzime \u0219i savoare oric\u0103rui preparat.<\/p>\n<ul data-start=\"768\" data-end=\"983\">\n<li data-start=\"768\" data-end=\"808\">\n<p data-start=\"770\" data-end=\"808\">Tip produs: crem\u0103 de hribi (porcini)<\/p>\n<\/li>\n<li data-start=\"809\" data-end=\"829\">\n<p data-start=\"811\" data-end=\"829\">\u041a\u043e\u043b\u0438\u0447\u0435\u0441\u0442\u0432\u043e: 180 \u0433<\/p>\n<\/li>\n<li data-start=\"830\" data-end=\"860\">\n<p data-start=\"832\" data-end=\"860\">Textur\u0103: cremoas\u0103, omogen\u0103<\/p>\n<\/li>\n<li data-start=\"861\" data-end=\"890\">\n<p data-start=\"863\" data-end=\"890\">Arom\u0103: intens\u0103 de porcini<\/p>\n<\/li>\n<li data-start=\"891\" data-end=\"946\">\n<p data-start=\"893\" data-end=\"946\">Utilizare: paste, risotto, bruschette, pizza, carne<\/p>\n<\/li>\n<li data-start=\"947\" data-end=\"963\">\n<p data-start=\"949\" data-end=\"963\">\u0411\u0440\u0435\u043d\u0434: MAZZA<\/p>\n<\/li>\n<li data-start=\"964\" data-end=\"983\">\n<p data-start=\"966\" data-end=\"983\">\u041f\u0440\u043e\u0438\u0441\u0445\u043e\u0436\u0434\u0435\u043d\u0438\u0435: \u0418\u0442\u0430\u043b\u0438\u044f<\/p>\n<\/li>\n<\/ul>","protected":false},"excerpt":{"rendered":"<p>Crema di Porcini MAZZA este o crem\u0103 italian\u0103 fin\u0103, preparat\u0103 din ciuperci porcini (hribi) atent selec\u021bionate, cu arom\u0103 intens\u0103 \u0219i<\/p>","protected":false},"featured_media":50644,"template":"","meta":[],"product_brand":[2450],"product_cat":[2405,2404],"product_tag":[2420],"class_list":{"0":"post-50643","1":"product","2":"type-product","3":"status-publish","4":"has-post-thumbnail","6":"product_brand-mazza","7":"product_cat-ciuperci-conservate","8":"product_cat-condimente","9":"product_tag-retail","11":"first","12":"instock","13":"taxable","14":"shipping-taxable","15":"purchasable","16":"product-type-simple"},"yoast_head":"<!-- This site is optimized with the Yoast SEO Premium plugin v26.5 (Yoast SEO v27.5) - https:\/\/yoast.com\/product\/yoast-seo-premium-wordpress\/ -->\n<title>Crema de hribi \/ Crema di Porcini 180 g - Gusto Italiano<\/title>\n<meta name=\"description\" content=\"Crema di Porcini MAZZA 180 g \u2013 crem\u0103 italian\u0103 cu hribi, arom\u0103 intens\u0103 \u0219i textur\u0103 cremoas\u0103. Ideal\u0103 pentru paste, risotto \u0219i preparate gourmet.\" \/>\n<meta name=\"robots\" content=\"index, follow, max-snippet:-1, max-image-preview:large, max-video-preview:-1\" \/>\n<link rel=\"canonical\" href=\"https:\/\/gustoitaliano.md\/ru\/product\/crema-de-hribi-crema-di-porcini-180-g\/\" \/>\n<meta property=\"og:locale\" content=\"ru_RU\" \/>\n<meta property=\"og:type\" content=\"article\" \/>\n<meta property=\"og:title\" content=\"Crema de hribi \/ Crema di Porcini 180 g\" \/>\n<meta property=\"og:description\" content=\"Crema di Porcini MAZZA 180 g \u2013 crem\u0103 italian\u0103 cu hribi, arom\u0103 intens\u0103 \u0219i textur\u0103 cremoas\u0103. Ideal\u0103 pentru paste, risotto \u0219i preparate gourmet.\" \/>\n<meta property=\"og:url\" content=\"https:\/\/gustoitaliano.md\/ru\/product\/crema-de-hribi-crema-di-porcini-180-g\/\" \/>\n<meta property=\"og:site_name\" content=\"Gusto Italiano\" \/>\n<meta property=\"article:publisher\" content=\"https:\/\/www.facebook.com\/GoldenGates.Moldova\" \/>\n<meta property=\"article:modified_time\" content=\"2026-04-29T12:55:20+00:00\" \/>\n<meta property=\"og:image\" content=\"https:\/\/gustoitaliano.md\/wp-content\/uploads\/2026\/02\/Mazza_crema_porcini_180.png\" \/>\n\t<meta property=\"og:image:width\" content=\"433\" \/>\n\t<meta property=\"og:image:height\" content=\"577\" \/>\n\t<meta property=\"og:image:type\" content=\"image\/png\" \/>\n<meta name=\"twitter:card\" content=\"summary_large_image\" \/>\n<meta name=\"twitter:label1\" content=\"\u041f\u0440\u0438\u043c\u0435\u0440\u043d\u043e\u0435 \u0432\u0440\u0435\u043c\u044f \u0434\u043b\u044f \u0447\u0442\u0435\u043d\u0438\u044f\" \/>\n\t<meta name=\"twitter:data1\" content=\"1 \u043c\u0438\u043d\u0443\u0442\u0430\" \/>\n<script type=\"application\/ld+json\" class=\"yoast-schema-graph\">{\"@context\":\"https:\\\/\\\/schema.org\",\"@graph\":[{\"@type\":\"WebPage\",\"@id\":\"https:\\\/\\\/gustoitaliano.md\\\/product\\\/crema-de-hribi-crema-di-porcini-180-g\\\/\",\"url\":\"https:\\\/\\\/gustoitaliano.md\\\/product\\\/crema-de-hribi-crema-di-porcini-180-g\\\/\",\"name\":\"Crema de hribi \\\/ Crema di Porcini 180 g - Gusto Italiano\",\"isPartOf\":{\"@id\":\"https:\\\/\\\/gustoitaliano.md\\\/ro\\\/#website\"},\"primaryImageOfPage\":{\"@id\":\"https:\\\/\\\/gustoitaliano.md\\\/product\\\/crema-de-hribi-crema-di-porcini-180-g\\\/#primaryimage\"},\"image\":{\"@id\":\"https:\\\/\\\/gustoitaliano.md\\\/product\\\/crema-de-hribi-crema-di-porcini-180-g\\\/#primaryimage\"},\"thumbnailUrl\":\"https:\\\/\\\/gustoitaliano.md\\\/wp-content\\\/uploads\\\/2026\\\/02\\\/Mazza_crema_porcini_180.png\",\"datePublished\":\"2026-02-01T09:39:27+00:00\",\"dateModified\":\"2026-04-29T12:55:20+00:00\",\"description\":\"Crema di Porcini MAZZA 180 g \u2013 crem\u0103 italian\u0103 cu hribi, arom\u0103 intens\u0103 \u0219i textur\u0103 cremoas\u0103. Ideal\u0103 pentru paste, risotto \u0219i preparate gourmet.\",\"breadcrumb\":{\"@id\":\"https:\\\/\\\/gustoitaliano.md\\\/product\\\/crema-de-hribi-crema-di-porcini-180-g\\\/#breadcrumb\"},\"inLanguage\":\"ru-RU\",\"potentialAction\":[{\"@type\":\"ReadAction\",\"target\":[\"https:\\\/\\\/gustoitaliano.md\\\/product\\\/crema-de-hribi-crema-di-porcini-180-g\\\/\"]}]},{\"@type\":\"ImageObject\",\"inLanguage\":\"ru-RU\",\"@id\":\"https:\\\/\\\/gustoitaliano.md\\\/product\\\/crema-de-hribi-crema-di-porcini-180-g\\\/#primaryimage\",\"url\":\"https:\\\/\\\/gustoitaliano.md\\\/wp-content\\\/uploads\\\/2026\\\/02\\\/Mazza_crema_porcini_180.png\",\"contentUrl\":\"https:\\\/\\\/gustoitaliano.md\\\/wp-content\\\/uploads\\\/2026\\\/02\\\/Mazza_crema_porcini_180.png\",\"width\":433,\"height\":577},{\"@type\":\"BreadcrumbList\",\"@id\":\"https:\\\/\\\/gustoitaliano.md\\\/product\\\/crema-de-hribi-crema-di-porcini-180-g\\\/#breadcrumb\",\"itemListElement\":[{\"@type\":\"ListItem\",\"position\":1,\"name\":\"Prima pagin\u0103\",\"item\":\"https:\\\/\\\/gustoitaliano.md\\\/\"},{\"@type\":\"ListItem\",\"position\":2,\"name\":\"Magazin\",\"item\":\"https:\\\/\\\/gustoitaliano.md\\\/ro\\\/magazin\\\/\"},{\"@type\":\"ListItem\",\"position\":3,\"name\":\"Condimente \u0219i Mirodenii\",\"item\":\"https:\\\/\\\/gustoitaliano.md\\\/product-category\\\/condimente-si-mirodenii\\\/\"},{\"@type\":\"ListItem\",\"position\":4,\"name\":\"Condimente\",\"item\":\"https:\\\/\\\/gustoitaliano.md\\\/product-category\\\/condimente-si-mirodenii\\\/condimente\\\/\"},{\"@type\":\"ListItem\",\"position\":5,\"name\":\"Crema de hribi \\\/ Crema di Porcini 180 g\"}]},{\"@type\":\"WebSite\",\"@id\":\"https:\\\/\\\/gustoitaliano.md\\\/ro\\\/#website\",\"url\":\"https:\\\/\\\/gustoitaliano.md\\\/ro\\\/\",\"name\":\"Gusto Italiano\",\"description\":\"Produse Autentice Italiene\",\"publisher\":{\"@id\":\"https:\\\/\\\/gustoitaliano.md\\\/ro\\\/#organization\"},\"potentialAction\":[{\"@type\":\"SearchAction\",\"target\":{\"@type\":\"EntryPoint\",\"urlTemplate\":\"https:\\\/\\\/gustoitaliano.md\\\/ro\\\/?s={search_term_string}\"},\"query-input\":{\"@type\":\"PropertyValueSpecification\",\"valueRequired\":true,\"valueName\":\"search_term_string\"}}],\"inLanguage\":\"ru-RU\"},{\"@type\":\"Organization\",\"@id\":\"https:\\\/\\\/gustoitaliano.md\\\/ro\\\/#organization\",\"name\":\"Gusto Italiano\",\"alternateName\":\"Golden Gates SRL\",\"url\":\"https:\\\/\\\/gustoitaliano.md\\\/ro\\\/\",\"logo\":{\"@type\":\"ImageObject\",\"inLanguage\":\"ru-RU\",\"@id\":\"https:\\\/\\\/gustoitaliano.md\\\/ro\\\/#\\\/schema\\\/logo\\\/image\\\/\",\"url\":\"https:\\\/\\\/gustoitaliano.md\\\/wp-content\\\/uploads\\\/2025\\\/05\\\/logo-gusutoitaliano-2-2.png\",\"contentUrl\":\"https:\\\/\\\/gustoitaliano.md\\\/wp-content\\\/uploads\\\/2025\\\/05\\\/logo-gusutoitaliano-2-2.png\",\"width\":180,\"height\":180,\"caption\":\"Gusto Italiano\"},\"image\":{\"@id\":\"https:\\\/\\\/gustoitaliano.md\\\/ro\\\/#\\\/schema\\\/logo\\\/image\\\/\"},\"sameAs\":[\"https:\\\/\\\/www.facebook.com\\\/GoldenGates.Moldova\"]}]}<\/script>\n<!-- \/ Yoast SEO Premium plugin. -->","yoast_head_json":{"title":"Crema de hribi \/ Crema di Porcini 180 g - Gusto Italiano","description":"Crema di Porcini MAZZA 180 g \u2013 crem\u0103 italian\u0103 cu hribi, arom\u0103 intens\u0103 \u0219i textur\u0103 cremoas\u0103. Ideal\u0103 pentru paste, risotto \u0219i preparate gourmet.","robots":{"index":"index","follow":"follow","max-snippet":"max-snippet:-1","max-image-preview":"max-image-preview:large","max-video-preview":"max-video-preview:-1"},"canonical":"https:\/\/gustoitaliano.md\/ru\/product\/crema-de-hribi-crema-di-porcini-180-g\/","og_locale":"ru_RU","og_type":"article","og_title":"Crema de hribi \/ Crema di Porcini 180 g","og_description":"Crema di Porcini MAZZA 180 g \u2013 crem\u0103 italian\u0103 cu hribi, arom\u0103 intens\u0103 \u0219i textur\u0103 cremoas\u0103. Ideal\u0103 pentru paste, risotto \u0219i preparate gourmet.","og_url":"https:\/\/gustoitaliano.md\/ru\/product\/crema-de-hribi-crema-di-porcini-180-g\/","og_site_name":"Gusto Italiano","article_publisher":"https:\/\/www.facebook.com\/GoldenGates.Moldova","article_modified_time":"2026-04-29T12:55:20+00:00","og_image":[{"width":433,"height":577,"url":"https:\/\/gustoitaliano.md\/wp-content\/uploads\/2026\/02\/Mazza_crema_porcini_180.png","type":"image\/png"}],"twitter_card":"summary_large_image","twitter_misc":{"\u041f\u0440\u0438\u043c\u0435\u0440\u043d\u043e\u0435 \u0432\u0440\u0435\u043c\u044f \u0434\u043b\u044f \u0447\u0442\u0435\u043d\u0438\u044f":"1 \u043c\u0438\u043d\u0443\u0442\u0430"},"schema":{"@context":"https:\/\/schema.org","@graph":[{"@type":"WebPage","@id":"https:\/\/gustoitaliano.md\/product\/crema-de-hribi-crema-di-porcini-180-g\/","url":"https:\/\/gustoitaliano.md\/product\/crema-de-hribi-crema-di-porcini-180-g\/","name":"Crema de hribi \/ Crema di Porcini 180 g - Gusto Italiano","isPartOf":{"@id":"https:\/\/gustoitaliano.md\/ro\/#website"},"primaryImageOfPage":{"@id":"https:\/\/gustoitaliano.md\/product\/crema-de-hribi-crema-di-porcini-180-g\/#primaryimage"},"image":{"@id":"https:\/\/gustoitaliano.md\/product\/crema-de-hribi-crema-di-porcini-180-g\/#primaryimage"},"thumbnailUrl":"https:\/\/gustoitaliano.md\/wp-content\/uploads\/2026\/02\/Mazza_crema_porcini_180.png","datePublished":"2026-02-01T09:39:27+00:00","dateModified":"2026-04-29T12:55:20+00:00","description":"Crema di Porcini MAZZA 180 g \u2013 crem\u0103 italian\u0103 cu hribi, arom\u0103 intens\u0103 \u0219i textur\u0103 cremoas\u0103. Ideal\u0103 pentru paste, risotto \u0219i preparate gourmet.","breadcrumb":{"@id":"https:\/\/gustoitaliano.md\/product\/crema-de-hribi-crema-di-porcini-180-g\/#breadcrumb"},"inLanguage":"ru-RU","potentialAction":[{"@type":"ReadAction","target":["https:\/\/gustoitaliano.md\/product\/crema-de-hribi-crema-di-porcini-180-g\/"]}]},{"@type":"ImageObject","inLanguage":"ru-RU","@id":"https:\/\/gustoitaliano.md\/product\/crema-de-hribi-crema-di-porcini-180-g\/#primaryimage","url":"https:\/\/gustoitaliano.md\/wp-content\/uploads\/2026\/02\/Mazza_crema_porcini_180.png","contentUrl":"https:\/\/gustoitaliano.md\/wp-content\/uploads\/2026\/02\/Mazza_crema_porcini_180.png","width":433,"height":577},{"@type":"BreadcrumbList","@id":"https:\/\/gustoitaliano.md\/product\/crema-de-hribi-crema-di-porcini-180-g\/#breadcrumb","itemListElement":[{"@type":"ListItem","position":1,"name":"Prima pagin\u0103","item":"https:\/\/gustoitaliano.md\/"},{"@type":"ListItem","position":2,"name":"Magazin","item":"https:\/\/gustoitaliano.md\/ro\/magazin\/"},{"@type":"ListItem","position":3,"name":"Condimente \u0219i Mirodenii","item":"https:\/\/gustoitaliano.md\/product-category\/condimente-si-mirodenii\/"},{"@type":"ListItem","position":4,"name":"Condimente","item":"https:\/\/gustoitaliano.md\/product-category\/condimente-si-mirodenii\/condimente\/"},{"@type":"ListItem","position":5,"name":"Crema de hribi \/ Crema di Porcini 180 g"}]},{"@type":"WebSite","@id":"https:\/\/gustoitaliano.md\/ro\/#website","url":"https:\/\/gustoitaliano.md\/ro\/","name":"Gusto Italiano","description":"\u0410\u0443\u0442\u0435\u043d\u0442\u0438\u0447\u043d\u044b\u0435 \u0438\u0442\u0430\u043b\u044c\u044f\u043d\u0441\u043a\u0438\u0435 \u043f\u0440\u043e\u0434\u0443\u043a\u0442\u044b","publisher":{"@id":"https:\/\/gustoitaliano.md\/ro\/#organization"},"potentialAction":[{"@type":"SearchAction","target":{"@type":"EntryPoint","urlTemplate":"https:\/\/gustoitaliano.md\/ro\/?s={search_term_string}"},"query-input":{"@type":"PropertyValueSpecification","valueRequired":true,"valueName":"search_term_string"}}],"inLanguage":"ru-RU"},{"@type":"Organization","@id":"https:\/\/gustoitaliano.md\/ro\/#organization","name":"Gusto Italiano","alternateName":"Golden Gates SRL","url":"https:\/\/gustoitaliano.md\/ro\/","logo":{"@type":"ImageObject","inLanguage":"ru-RU","@id":"https:\/\/gustoitaliano.md\/ro\/#\/schema\/logo\/image\/","url":"https:\/\/gustoitaliano.md\/wp-content\/uploads\/2025\/05\/logo-gusutoitaliano-2-2.png","contentUrl":"https:\/\/gustoitaliano.md\/wp-content\/uploads\/2025\/05\/logo-gusutoitaliano-2-2.png","width":180,"height":180,"caption":"Gusto Italiano"},"image":{"@id":"https:\/\/gustoitaliano.md\/ro\/#\/schema\/logo\/image\/"},"sameAs":["https:\/\/www.facebook.com\/GoldenGates.Moldova"]}]}},"_links":{"self":[{"href":"https:\/\/gustoitaliano.md\/ru\/wp-json\/wp\/v2\/product\/50643","targetHints":{"allow":["GET"]}}],"collection":[{"href":"https:\/\/gustoitaliano.md\/ru\/wp-json\/wp\/v2\/product"}],"about":[{"href":"https:\/\/gustoitaliano.md\/ru\/wp-json\/wp\/v2\/types\/product"}],"version-history":[{"count":1,"href":"https:\/\/gustoitaliano.md\/ru\/wp-json\/wp\/v2\/product\/50643\/revisions"}],"predecessor-version":[{"id":51909,"href":"https:\/\/gustoitaliano.md\/ru\/wp-json\/wp\/v2\/product\/50643\/revisions\/51909"}],"wp:featuredmedia":[{"embeddable":true,"href":"https:\/\/gustoitaliano.md\/ru\/wp-json\/wp\/v2\/media\/50644"}],"wp:attachment":[{"href":"https:\/\/gustoitaliano.md\/ru\/wp-json\/wp\/v2\/media?parent=50643"}],"wp:term":[{"taxonomy":"product_brand","embeddable":true,"href":"https:\/\/gustoitaliano.md\/ru\/wp-json\/wp\/v2\/product_brand?post=50643"},{"taxonomy":"product_cat","embeddable":true,"href":"https:\/\/gustoitaliano.md\/ru\/wp-json\/wp\/v2\/product_cat?post=50643"},{"taxonomy":"product_tag","embeddable":true,"href":"https:\/\/gustoitaliano.md\/ru\/wp-json\/wp\/v2\/product_tag?post=50643"}],"curies":[{"name":"wp","href":"https:\/\/api.w.org\/{rel}","templated":true}]}}