{"id":50678,"date":"2026-02-05T10:39:31","date_gmt":"2026-02-05T08:39:31","guid":{"rendered":"https:\/\/gustoitaliano.md\/?post_type=product&#038;p=50678"},"modified":"2026-04-16T14:06:59","modified_gmt":"2026-04-16T11:06:59","slug":"filetti-di-sgombro-macrou-olio-oliva-125-gr","status":"publish","type":"product","link":"https:\/\/gustoitaliano.md\/ru\/product\/filetti-di-sgombro-macrou-olio-oliva-125-gr\/","title":{"rendered":"Filetti di sgombro (macrou) olio oliva 125 gr"},"content":{"rendered":"<p data-start=\"412\" data-end=\"709\"><strong data-start=\"412\" data-end=\"452\">Filetti di Sgombro all\u2019Olio di Oliva<\/strong> sunt fileuri de macrou atent selec\u021bionate, conservate \u00een <strong data-start=\"510\" data-end=\"529\">\u041e\u043b\u0438\u0432\u043a\u043e\u0432\u043e\u0435 \u043c\u0430\u0441\u043b\u043e<\/strong>, pentru un gust bogat \u0219i o textur\u0103 fraged\u0103. Macroul este un pe\u0219te apreciat pentru con\u021binutul ridicat de <strong data-start=\"634\" data-end=\"645\">Omega-3<\/strong>, fiind o alegere s\u0103n\u0103toas\u0103 \u0219i gustoas\u0103 pentru mesele zilnice.<\/p>\n<p data-start=\"711\" data-end=\"863\">\u0418\u0434\u0435\u0430\u043b\u044c\u043d\u043e \u043f\u043e\u0434\u0445\u043e\u0434\u0438\u0442 \u0434\u043b\u044f <strong data-start=\"727\" data-end=\"785\">salate, paste, sandvi\u0219uri, aperitive sau platouri reci<\/strong>, aceste fileuri sunt ideale at\u00e2t pentru consum acas\u0103, c\u00e2t \u0219i pentru HoReCa.<\/p>\n<ul data-start=\"865\" data-end=\"1080\">\n<li data-start=\"865\" data-end=\"898\">\n<p data-start=\"867\" data-end=\"898\">Tip produs: fileuri de macrou<\/p>\n<\/li>\n<li data-start=\"899\" data-end=\"930\">\n<p data-start=\"901\" data-end=\"930\">\u041a\u043e\u043d\u0441\u0435\u0440\u0432\u0430\u0446\u0438\u044f: \u043e\u043b\u0438\u0432\u043a\u043e\u0432\u043e\u0435 \u043c\u0430\u0441\u043b\u043e<\/p>\n<\/li>\n<li data-start=\"931\" data-end=\"951\">\n<p data-start=\"933\" data-end=\"951\">Cantitate: 125 g<\/p>\n<\/li>\n<li data-start=\"952\" data-end=\"983\">\n<p data-start=\"954\" data-end=\"983\">\u0422\u0435\u043a\u0441\u0442\u0443\u0440\u0430: \u043d\u0435\u0436\u043d\u0430\u044f, \u0441\u043e\u0447\u043d\u0430\u044f<\/p>\n<\/li>\n<li data-start=\"984\" data-end=\"1011\">\n<p data-start=\"986\" data-end=\"1011\">\u0412\u043a\u0443\u0441: \u0431\u043e\u0433\u0430\u0442\u044b\u0439, \u0441\u0431\u0430\u043b\u0430\u043d\u0441\u0438\u0440\u043e\u0432\u0430\u043d\u043d\u044b\u0439<\/p>\n<\/li>\n<li data-start=\"1012\" data-end=\"1060\">\n<p data-start=\"1014\" data-end=\"1060\">Recomandate pentru: salate, paste, aperitive<\/p>\n<\/li>\n<li data-start=\"1061\" data-end=\"1080\">\n<p data-start=\"1063\" data-end=\"1080\">\u041f\u0440\u043e\u0438\u0441\u0445\u043e\u0436\u0434\u0435\u043d\u0438\u0435: \u0418\u0442\u0430\u043b\u0438\u044f<\/p>\n<\/li>\n<\/ul>","protected":false},"excerpt":{"rendered":"<p>Filetti di Sgombro all\u2019Olio di Oliva sunt fileuri de macrou atent selec\u021bionate, conservate \u00een ulei de m\u0103sline, pentru un gust<\/p>","protected":false},"featured_media":50679,"template":"","meta":[],"product_brand":[2434],"product_cat":[2346,2360],"product_tag":[2420],"class_list":{"0":"post-50678","1":"product","2":"type-product","3":"status-publish","4":"has-post-thumbnail","6":"product_brand-igino-mazzola","7":"product_cat-conserve-si-semipreparate","8":"product_cat-conserve-si-semipreparate-din-peste","9":"product_tag-retail","11":"first","12":"instock","13":"taxable","14":"shipping-taxable","15":"purchasable","16":"product-type-simple"},"yoast_head":"<!-- This site is optimized with the Yoast SEO Premium plugin v26.5 (Yoast SEO v27.5) - https:\/\/yoast.com\/product\/yoast-seo-premium-wordpress\/ -->\n<title>Filetti di sgombro (macrou) olio oliva 125 gr - Gusto Italiano<\/title>\n<meta name=\"description\" content=\"Filetti di Sgombro all\u2019Olio di Oliva 125 g \u2013 fileuri de macrou \u00een ulei de m\u0103sline, bogate \u00een Omega-3, ideale pentru salate \u0219i re\u021bete mediteraneene.\" \/>\n<meta name=\"robots\" content=\"index, follow, max-snippet:-1, max-image-preview:large, max-video-preview:-1\" \/>\n<link rel=\"canonical\" href=\"https:\/\/gustoitaliano.md\/ru\/product\/filetti-di-sgombro-macrou-olio-oliva-125-gr\/\" \/>\n<meta property=\"og:locale\" content=\"ru_RU\" \/>\n<meta property=\"og:type\" content=\"article\" \/>\n<meta property=\"og:title\" content=\"Filetti di sgombro (macrou) olio oliva 125 gr\" \/>\n<meta property=\"og:description\" content=\"Filetti di Sgombro all\u2019Olio di Oliva 125 g \u2013 fileuri de macrou \u00een ulei de m\u0103sline, bogate \u00een Omega-3, ideale pentru salate \u0219i re\u021bete mediteraneene.\" \/>\n<meta property=\"og:url\" content=\"https:\/\/gustoitaliano.md\/ru\/product\/filetti-di-sgombro-macrou-olio-oliva-125-gr\/\" \/>\n<meta property=\"og:site_name\" content=\"Gusto Italiano\" \/>\n<meta property=\"article:publisher\" content=\"https:\/\/www.facebook.com\/GoldenGates.Moldova\" \/>\n<meta property=\"article:modified_time\" content=\"2026-04-16T11:06:59+00:00\" \/>\n<meta property=\"og:image\" content=\"https:\/\/gustoitaliano.md\/wp-content\/uploads\/2026\/02\/filetti-di-sgombro-all-olio-di-oliva-maruzzella.png\" \/>\n\t<meta property=\"og:image:width\" content=\"240\" \/>\n\t<meta property=\"og:image:height\" content=\"200\" \/>\n\t<meta property=\"og:image:type\" content=\"image\/png\" \/>\n<meta name=\"twitter:card\" content=\"summary_large_image\" \/>\n<meta name=\"twitter:label1\" content=\"\u041f\u0440\u0438\u043c\u0435\u0440\u043d\u043e\u0435 \u0432\u0440\u0435\u043c\u044f \u0434\u043b\u044f \u0447\u0442\u0435\u043d\u0438\u044f\" \/>\n\t<meta name=\"twitter:data1\" content=\"1 \u043c\u0438\u043d\u0443\u0442\u0430\" \/>\n<script type=\"application\/ld+json\" class=\"yoast-schema-graph\">{\"@context\":\"https:\\\/\\\/schema.org\",\"@graph\":[{\"@type\":\"WebPage\",\"@id\":\"https:\\\/\\\/gustoitaliano.md\\\/product\\\/filetti-di-sgombro-macrou-olio-oliva-125-gr\\\/\",\"url\":\"https:\\\/\\\/gustoitaliano.md\\\/product\\\/filetti-di-sgombro-macrou-olio-oliva-125-gr\\\/\",\"name\":\"Filetti di sgombro (macrou) olio oliva 125 gr - Gusto Italiano\",\"isPartOf\":{\"@id\":\"https:\\\/\\\/gustoitaliano.md\\\/ro\\\/#website\"},\"primaryImageOfPage\":{\"@id\":\"https:\\\/\\\/gustoitaliano.md\\\/product\\\/filetti-di-sgombro-macrou-olio-oliva-125-gr\\\/#primaryimage\"},\"image\":{\"@id\":\"https:\\\/\\\/gustoitaliano.md\\\/product\\\/filetti-di-sgombro-macrou-olio-oliva-125-gr\\\/#primaryimage\"},\"thumbnailUrl\":\"https:\\\/\\\/gustoitaliano.md\\\/wp-content\\\/uploads\\\/2026\\\/02\\\/filetti-di-sgombro-all-olio-di-oliva-maruzzella.png\",\"datePublished\":\"2026-02-05T08:39:31+00:00\",\"dateModified\":\"2026-04-16T11:06:59+00:00\",\"description\":\"Filetti di Sgombro all\u2019Olio di Oliva 125 g \u2013 fileuri de macrou \u00een ulei de m\u0103sline, bogate \u00een Omega-3, ideale pentru salate \u0219i re\u021bete mediteraneene.\",\"breadcrumb\":{\"@id\":\"https:\\\/\\\/gustoitaliano.md\\\/product\\\/filetti-di-sgombro-macrou-olio-oliva-125-gr\\\/#breadcrumb\"},\"inLanguage\":\"ru-RU\",\"potentialAction\":[{\"@type\":\"ReadAction\",\"target\":[\"https:\\\/\\\/gustoitaliano.md\\\/product\\\/filetti-di-sgombro-macrou-olio-oliva-125-gr\\\/\"]}]},{\"@type\":\"ImageObject\",\"inLanguage\":\"ru-RU\",\"@id\":\"https:\\\/\\\/gustoitaliano.md\\\/product\\\/filetti-di-sgombro-macrou-olio-oliva-125-gr\\\/#primaryimage\",\"url\":\"https:\\\/\\\/gustoitaliano.md\\\/wp-content\\\/uploads\\\/2026\\\/02\\\/filetti-di-sgombro-all-olio-di-oliva-maruzzella.png\",\"contentUrl\":\"https:\\\/\\\/gustoitaliano.md\\\/wp-content\\\/uploads\\\/2026\\\/02\\\/filetti-di-sgombro-all-olio-di-oliva-maruzzella.png\",\"width\":240,\"height\":200},{\"@type\":\"BreadcrumbList\",\"@id\":\"https:\\\/\\\/gustoitaliano.md\\\/product\\\/filetti-di-sgombro-macrou-olio-oliva-125-gr\\\/#breadcrumb\",\"itemListElement\":[{\"@type\":\"ListItem\",\"position\":1,\"name\":\"Prima pagin\u0103\",\"item\":\"https:\\\/\\\/gustoitaliano.md\\\/\"},{\"@type\":\"ListItem\",\"position\":2,\"name\":\"Magazin\",\"item\":\"https:\\\/\\\/gustoitaliano.md\\\/ro\\\/magazin\\\/\"},{\"@type\":\"ListItem\",\"position\":3,\"name\":\"Conserve \u0219i semipreparate\",\"item\":\"https:\\\/\\\/gustoitaliano.md\\\/product-category\\\/conserve-si-semipreparate\\\/\"},{\"@type\":\"ListItem\",\"position\":4,\"name\":\"Filetti di sgombro (macrou) olio oliva 125 gr\"}]},{\"@type\":\"WebSite\",\"@id\":\"https:\\\/\\\/gustoitaliano.md\\\/ro\\\/#website\",\"url\":\"https:\\\/\\\/gustoitaliano.md\\\/ro\\\/\",\"name\":\"Gusto Italiano\",\"description\":\"Produse Autentice Italiene\",\"publisher\":{\"@id\":\"https:\\\/\\\/gustoitaliano.md\\\/ro\\\/#organization\"},\"potentialAction\":[{\"@type\":\"SearchAction\",\"target\":{\"@type\":\"EntryPoint\",\"urlTemplate\":\"https:\\\/\\\/gustoitaliano.md\\\/ro\\\/?s={search_term_string}\"},\"query-input\":{\"@type\":\"PropertyValueSpecification\",\"valueRequired\":true,\"valueName\":\"search_term_string\"}}],\"inLanguage\":\"ru-RU\"},{\"@type\":\"Organization\",\"@id\":\"https:\\\/\\\/gustoitaliano.md\\\/ro\\\/#organization\",\"name\":\"Gusto Italiano\",\"alternateName\":\"Golden Gates SRL\",\"url\":\"https:\\\/\\\/gustoitaliano.md\\\/ro\\\/\",\"logo\":{\"@type\":\"ImageObject\",\"inLanguage\":\"ru-RU\",\"@id\":\"https:\\\/\\\/gustoitaliano.md\\\/ro\\\/#\\\/schema\\\/logo\\\/image\\\/\",\"url\":\"https:\\\/\\\/gustoitaliano.md\\\/wp-content\\\/uploads\\\/2025\\\/05\\\/logo-gusutoitaliano-2-2.png\",\"contentUrl\":\"https:\\\/\\\/gustoitaliano.md\\\/wp-content\\\/uploads\\\/2025\\\/05\\\/logo-gusutoitaliano-2-2.png\",\"width\":180,\"height\":180,\"caption\":\"Gusto Italiano\"},\"image\":{\"@id\":\"https:\\\/\\\/gustoitaliano.md\\\/ro\\\/#\\\/schema\\\/logo\\\/image\\\/\"},\"sameAs\":[\"https:\\\/\\\/www.facebook.com\\\/GoldenGates.Moldova\"]}]}<\/script>\n<!-- \/ Yoast SEO Premium plugin. -->","yoast_head_json":{"title":"Filetti di sgombro (macrou) olio oliva 125 gr - Gusto Italiano","description":"Filetti di Sgombro all\u2019Olio di Oliva 125 g \u2013 fileuri de macrou \u00een ulei de m\u0103sline, bogate \u00een Omega-3, ideale pentru salate \u0219i re\u021bete mediteraneene.","robots":{"index":"index","follow":"follow","max-snippet":"max-snippet:-1","max-image-preview":"max-image-preview:large","max-video-preview":"max-video-preview:-1"},"canonical":"https:\/\/gustoitaliano.md\/ru\/product\/filetti-di-sgombro-macrou-olio-oliva-125-gr\/","og_locale":"ru_RU","og_type":"article","og_title":"Filetti di sgombro (macrou) olio oliva 125 gr","og_description":"Filetti di Sgombro all\u2019Olio di Oliva 125 g \u2013 fileuri de macrou \u00een ulei de m\u0103sline, bogate \u00een Omega-3, ideale pentru salate \u0219i re\u021bete mediteraneene.","og_url":"https:\/\/gustoitaliano.md\/ru\/product\/filetti-di-sgombro-macrou-olio-oliva-125-gr\/","og_site_name":"Gusto Italiano","article_publisher":"https:\/\/www.facebook.com\/GoldenGates.Moldova","article_modified_time":"2026-04-16T11:06:59+00:00","og_image":[{"width":240,"height":200,"url":"https:\/\/gustoitaliano.md\/wp-content\/uploads\/2026\/02\/filetti-di-sgombro-all-olio-di-oliva-maruzzella.png","type":"image\/png"}],"twitter_card":"summary_large_image","twitter_misc":{"\u041f\u0440\u0438\u043c\u0435\u0440\u043d\u043e\u0435 \u0432\u0440\u0435\u043c\u044f \u0434\u043b\u044f \u0447\u0442\u0435\u043d\u0438\u044f":"1 \u043c\u0438\u043d\u0443\u0442\u0430"},"schema":{"@context":"https:\/\/schema.org","@graph":[{"@type":"WebPage","@id":"https:\/\/gustoitaliano.md\/product\/filetti-di-sgombro-macrou-olio-oliva-125-gr\/","url":"https:\/\/gustoitaliano.md\/product\/filetti-di-sgombro-macrou-olio-oliva-125-gr\/","name":"Filetti di sgombro (macrou) olio oliva 125 gr - Gusto Italiano","isPartOf":{"@id":"https:\/\/gustoitaliano.md\/ro\/#website"},"primaryImageOfPage":{"@id":"https:\/\/gustoitaliano.md\/product\/filetti-di-sgombro-macrou-olio-oliva-125-gr\/#primaryimage"},"image":{"@id":"https:\/\/gustoitaliano.md\/product\/filetti-di-sgombro-macrou-olio-oliva-125-gr\/#primaryimage"},"thumbnailUrl":"https:\/\/gustoitaliano.md\/wp-content\/uploads\/2026\/02\/filetti-di-sgombro-all-olio-di-oliva-maruzzella.png","datePublished":"2026-02-05T08:39:31+00:00","dateModified":"2026-04-16T11:06:59+00:00","description":"Filetti di Sgombro all\u2019Olio di Oliva 125 g \u2013 fileuri de macrou \u00een ulei de m\u0103sline, bogate \u00een Omega-3, ideale pentru salate \u0219i re\u021bete mediteraneene.","breadcrumb":{"@id":"https:\/\/gustoitaliano.md\/product\/filetti-di-sgombro-macrou-olio-oliva-125-gr\/#breadcrumb"},"inLanguage":"ru-RU","potentialAction":[{"@type":"ReadAction","target":["https:\/\/gustoitaliano.md\/product\/filetti-di-sgombro-macrou-olio-oliva-125-gr\/"]}]},{"@type":"ImageObject","inLanguage":"ru-RU","@id":"https:\/\/gustoitaliano.md\/product\/filetti-di-sgombro-macrou-olio-oliva-125-gr\/#primaryimage","url":"https:\/\/gustoitaliano.md\/wp-content\/uploads\/2026\/02\/filetti-di-sgombro-all-olio-di-oliva-maruzzella.png","contentUrl":"https:\/\/gustoitaliano.md\/wp-content\/uploads\/2026\/02\/filetti-di-sgombro-all-olio-di-oliva-maruzzella.png","width":240,"height":200},{"@type":"BreadcrumbList","@id":"https:\/\/gustoitaliano.md\/product\/filetti-di-sgombro-macrou-olio-oliva-125-gr\/#breadcrumb","itemListElement":[{"@type":"ListItem","position":1,"name":"Prima pagin\u0103","item":"https:\/\/gustoitaliano.md\/"},{"@type":"ListItem","position":2,"name":"Magazin","item":"https:\/\/gustoitaliano.md\/ro\/magazin\/"},{"@type":"ListItem","position":3,"name":"Conserve \u0219i semipreparate","item":"https:\/\/gustoitaliano.md\/product-category\/conserve-si-semipreparate\/"},{"@type":"ListItem","position":4,"name":"Filetti di sgombro (macrou) olio oliva 125 gr"}]},{"@type":"WebSite","@id":"https:\/\/gustoitaliano.md\/ro\/#website","url":"https:\/\/gustoitaliano.md\/ro\/","name":"Gusto Italiano","description":"\u0410\u0443\u0442\u0435\u043d\u0442\u0438\u0447\u043d\u044b\u0435 \u0438\u0442\u0430\u043b\u044c\u044f\u043d\u0441\u043a\u0438\u0435 \u043f\u0440\u043e\u0434\u0443\u043a\u0442\u044b","publisher":{"@id":"https:\/\/gustoitaliano.md\/ro\/#organization"},"potentialAction":[{"@type":"SearchAction","target":{"@type":"EntryPoint","urlTemplate":"https:\/\/gustoitaliano.md\/ro\/?s={search_term_string}"},"query-input":{"@type":"PropertyValueSpecification","valueRequired":true,"valueName":"search_term_string"}}],"inLanguage":"ru-RU"},{"@type":"Organization","@id":"https:\/\/gustoitaliano.md\/ro\/#organization","name":"Gusto Italiano","alternateName":"Golden Gates SRL","url":"https:\/\/gustoitaliano.md\/ro\/","logo":{"@type":"ImageObject","inLanguage":"ru-RU","@id":"https:\/\/gustoitaliano.md\/ro\/#\/schema\/logo\/image\/","url":"https:\/\/gustoitaliano.md\/wp-content\/uploads\/2025\/05\/logo-gusutoitaliano-2-2.png","contentUrl":"https:\/\/gustoitaliano.md\/wp-content\/uploads\/2025\/05\/logo-gusutoitaliano-2-2.png","width":180,"height":180,"caption":"Gusto Italiano"},"image":{"@id":"https:\/\/gustoitaliano.md\/ro\/#\/schema\/logo\/image\/"},"sameAs":["https:\/\/www.facebook.com\/GoldenGates.Moldova"]}]}},"_links":{"self":[{"href":"https:\/\/gustoitaliano.md\/ru\/wp-json\/wp\/v2\/product\/50678","targetHints":{"allow":["GET"]}}],"collection":[{"href":"https:\/\/gustoitaliano.md\/ru\/wp-json\/wp\/v2\/product"}],"about":[{"href":"https:\/\/gustoitaliano.md\/ru\/wp-json\/wp\/v2\/types\/product"}],"version-history":[{"count":1,"href":"https:\/\/gustoitaliano.md\/ru\/wp-json\/wp\/v2\/product\/50678\/revisions"}],"predecessor-version":[{"id":51582,"href":"https:\/\/gustoitaliano.md\/ru\/wp-json\/wp\/v2\/product\/50678\/revisions\/51582"}],"wp:featuredmedia":[{"embeddable":true,"href":"https:\/\/gustoitaliano.md\/ru\/wp-json\/wp\/v2\/media\/50679"}],"wp:attachment":[{"href":"https:\/\/gustoitaliano.md\/ru\/wp-json\/wp\/v2\/media?parent=50678"}],"wp:term":[{"taxonomy":"product_brand","embeddable":true,"href":"https:\/\/gustoitaliano.md\/ru\/wp-json\/wp\/v2\/product_brand?post=50678"},{"taxonomy":"product_cat","embeddable":true,"href":"https:\/\/gustoitaliano.md\/ru\/wp-json\/wp\/v2\/product_cat?post=50678"},{"taxonomy":"product_tag","embeddable":true,"href":"https:\/\/gustoitaliano.md\/ru\/wp-json\/wp\/v2\/product_tag?post=50678"}],"curies":[{"name":"wp","href":"https:\/\/api.w.org\/{rel}","templated":true}]}}