{"id":50716,"date":"2026-02-09T11:54:41","date_gmt":"2026-02-09T09:54:41","guid":{"rendered":"https:\/\/gustoitaliano.md\/?post_type=product&#038;p=50716"},"modified":"2026-04-16T14:06:07","modified_gmt":"2026-04-16T11:06:07","slug":"pecorino-romano-dop-razuit-1-kg","status":"publish","type":"product","link":"https:\/\/gustoitaliano.md\/ru\/product\/pecorino-romano-dop-razuit-1-kg\/","title":{"rendered":"Pecorino Romano DOP razuit &#8211; 1 kg"},"content":{"rendered":"<p data-start=\"347\" data-end=\"639\"><strong data-start=\"347\" data-end=\"370\">Pecorino Romano DOP<\/strong> r\u0103zuit este o br\u00e2nz\u0103 italian\u0103 maturat\u0103, ob\u021binut\u0103 din <strong data-start=\"424\" data-end=\"441\">lapte de oaie<\/strong>, cu gust intens, s\u0103rat \u0219i arom\u0103 puternic\u0103, specific\u0103 re\u021betelor tradi\u021bionale italiene.<br data-start=\"527\" data-end=\"530\" \/>\u041f\u0440\u043e\u0434\u0443\u043a\u0442 \u043f\u0440\u0435\u0434\u0441\u0442\u0430\u0432\u043b\u044f\u0435\u0442 \u0441\u043e\u0431\u043e\u0439 <strong data-start=\"544\" data-end=\"559\">deja r\u0103zuit<\/strong>, gata de utilizare, oferind eficien\u021b\u0103 \u0219i constan\u021b\u0103 \u00een buc\u0103t\u0103riile profesionale.<\/p>\n<p data-start=\"641\" data-end=\"842\">\u0418\u0434\u0435\u0430\u043b\u044c\u043d\u043e \u043f\u043e\u0434\u0445\u043e\u0434\u0438\u0442 \u0434\u043b\u044f <strong data-start=\"654\" data-end=\"680\">paste clasice italiene<\/strong> precum <em data-start=\"688\" data-end=\"726\">Carbonara, Amatriciana, Cacio e Pepe<\/em>, dar \u0219i pentru <strong data-start=\"742\" data-end=\"778\">risotto, legume, pizza \u0219i sosuri<\/strong>, acest Pecorino Romano este un ingredient esen\u021bial \u00een HoReCa.<\/p>\n<ul data-start=\"844\" data-end=\"1062\">\n<li data-start=\"844\" data-end=\"893\">\n<p data-start=\"846\" data-end=\"893\">Tip produs: br\u00e2nz\u0103 maturat\u0103 din lapte de oaie<\/p>\n<\/li>\n<li data-start=\"894\" data-end=\"925\">\n<p data-start=\"896\" data-end=\"925\">Denumire protejat\u0103: <strong data-start=\"916\" data-end=\"923\">DOP<\/strong><\/p>\n<\/li>\n<li data-start=\"926\" data-end=\"943\">\n<p data-start=\"928\" data-end=\"943\">Form\u0103: r\u0103zuit<\/p>\n<\/li>\n<li data-start=\"944\" data-end=\"963\">\n<p data-start=\"946\" data-end=\"963\">\u041a\u043e\u043b\u0438\u0447\u0435\u0441\u0442\u0432\u043e: 1 \u043a\u0433<\/p>\n<\/li>\n<li data-start=\"964\" data-end=\"997\">\n<p data-start=\"966\" data-end=\"997\">Gust: intens, s\u0103rat, aromatic<\/p>\n<\/li>\n<li data-start=\"998\" data-end=\"1042\">\n<p data-start=\"1000\" data-end=\"1042\">Utilizare: paste, risotto, pizza, sosuri<\/p>\n<\/li>\n<li data-start=\"1043\" data-end=\"1062\">\n<p data-start=\"1045\" data-end=\"1062\">\u041f\u0440\u043e\u0438\u0441\u0445\u043e\u0436\u0434\u0435\u043d\u0438\u0435: \u0418\u0442\u0430\u043b\u0438\u044f<\/p>\n<\/li>\n<\/ul>","protected":false},"excerpt":{"rendered":"<p>Pecorino Romano DOP r\u0103zuit este o br\u00e2nz\u0103 italian\u0103 maturat\u0103, ob\u021binut\u0103 din lapte de oaie, cu gust intens, s\u0103rat \u0219i arom\u0103<\/p>","protected":false},"featured_media":50717,"template":"","meta":[],"product_brand":[2416],"product_cat":[2351,2398],"product_tag":[2419,2420],"class_list":{"0":"post-50716","1":"product","2":"type-product","3":"status-publish","4":"has-post-thumbnail","6":"product_brand-zarpellon","7":"product_cat-branzeturi","8":"product_cat-branzeturi-tari","9":"product_tag-horeca","10":"product_tag-retail","12":"first","13":"instock","14":"taxable","15":"shipping-taxable","16":"purchasable","17":"product-type-simple"},"yoast_head":"<!-- This site is optimized with the Yoast SEO Premium plugin v26.5 (Yoast SEO v27.5) - https:\/\/yoast.com\/product\/yoast-seo-premium-wordpress\/ -->\n<title>Pecorino Romano DOP razuit - 1 kg - Gusto Italiano<\/title>\n<meta name=\"description\" content=\"Pecorino Romano DOP r\u0103zuit 1 kg \u2013 br\u00e2nz\u0103 italian\u0103 maturat\u0103 din lapte de oaie, gust intens \u0219i arom\u0103 autentic\u0103. Ideal\u0103 pentru paste \u0219i buc\u0103t\u0103rii HoReCa.\" \/>\n<meta name=\"robots\" content=\"index, follow, max-snippet:-1, max-image-preview:large, max-video-preview:-1\" \/>\n<link rel=\"canonical\" href=\"https:\/\/gustoitaliano.md\/ru\/product\/pecorino-romano-dop-razuit-1-kg\/\" \/>\n<meta property=\"og:locale\" content=\"ru_RU\" \/>\n<meta property=\"og:type\" content=\"article\" \/>\n<meta property=\"og:title\" content=\"Pecorino Romano DOP razuit - 1 kg\" \/>\n<meta property=\"og:description\" content=\"Pecorino Romano DOP r\u0103zuit 1 kg \u2013 br\u00e2nz\u0103 italian\u0103 maturat\u0103 din lapte de oaie, gust intens \u0219i arom\u0103 autentic\u0103. Ideal\u0103 pentru paste \u0219i buc\u0103t\u0103rii HoReCa.\" \/>\n<meta property=\"og:url\" content=\"https:\/\/gustoitaliano.md\/ru\/product\/pecorino-romano-dop-razuit-1-kg\/\" \/>\n<meta property=\"og:site_name\" content=\"Gusto Italiano\" \/>\n<meta property=\"article:publisher\" content=\"https:\/\/www.facebook.com\/GoldenGates.Moldova\" \/>\n<meta property=\"article:modified_time\" content=\"2026-04-16T11:06:07+00:00\" \/>\n<meta property=\"og:image\" content=\"https:\/\/gustoitaliano.md\/wp-content\/uploads\/2026\/02\/Pecorino_Romano_razuit_1_kg.png\" \/>\n\t<meta property=\"og:image:width\" content=\"433\" \/>\n\t<meta property=\"og:image:height\" content=\"577\" \/>\n\t<meta property=\"og:image:type\" content=\"image\/png\" \/>\n<meta name=\"twitter:card\" content=\"summary_large_image\" \/>\n<meta name=\"twitter:label1\" content=\"\u041f\u0440\u0438\u043c\u0435\u0440\u043d\u043e\u0435 \u0432\u0440\u0435\u043c\u044f \u0434\u043b\u044f \u0447\u0442\u0435\u043d\u0438\u044f\" \/>\n\t<meta name=\"twitter:data1\" content=\"1 \u043c\u0438\u043d\u0443\u0442\u0430\" \/>\n<script type=\"application\/ld+json\" class=\"yoast-schema-graph\">{\"@context\":\"https:\\\/\\\/schema.org\",\"@graph\":[{\"@type\":\"WebPage\",\"@id\":\"https:\\\/\\\/gustoitaliano.md\\\/product\\\/pecorino-romano-dop-razuit-1-kg\\\/\",\"url\":\"https:\\\/\\\/gustoitaliano.md\\\/product\\\/pecorino-romano-dop-razuit-1-kg\\\/\",\"name\":\"Pecorino Romano DOP razuit - 1 kg - Gusto Italiano\",\"isPartOf\":{\"@id\":\"https:\\\/\\\/gustoitaliano.md\\\/ro\\\/#website\"},\"primaryImageOfPage\":{\"@id\":\"https:\\\/\\\/gustoitaliano.md\\\/product\\\/pecorino-romano-dop-razuit-1-kg\\\/#primaryimage\"},\"image\":{\"@id\":\"https:\\\/\\\/gustoitaliano.md\\\/product\\\/pecorino-romano-dop-razuit-1-kg\\\/#primaryimage\"},\"thumbnailUrl\":\"https:\\\/\\\/gustoitaliano.md\\\/wp-content\\\/uploads\\\/2026\\\/02\\\/Pecorino_Romano_razuit_1_kg.png\",\"datePublished\":\"2026-02-09T09:54:41+00:00\",\"dateModified\":\"2026-04-16T11:06:07+00:00\",\"description\":\"Pecorino Romano DOP r\u0103zuit 1 kg \u2013 br\u00e2nz\u0103 italian\u0103 maturat\u0103 din lapte de oaie, gust intens \u0219i arom\u0103 autentic\u0103. Ideal\u0103 pentru paste \u0219i buc\u0103t\u0103rii HoReCa.\",\"breadcrumb\":{\"@id\":\"https:\\\/\\\/gustoitaliano.md\\\/product\\\/pecorino-romano-dop-razuit-1-kg\\\/#breadcrumb\"},\"inLanguage\":\"ru-RU\",\"potentialAction\":[{\"@type\":\"ReadAction\",\"target\":[\"https:\\\/\\\/gustoitaliano.md\\\/product\\\/pecorino-romano-dop-razuit-1-kg\\\/\"]}]},{\"@type\":\"ImageObject\",\"inLanguage\":\"ru-RU\",\"@id\":\"https:\\\/\\\/gustoitaliano.md\\\/product\\\/pecorino-romano-dop-razuit-1-kg\\\/#primaryimage\",\"url\":\"https:\\\/\\\/gustoitaliano.md\\\/wp-content\\\/uploads\\\/2026\\\/02\\\/Pecorino_Romano_razuit_1_kg.png\",\"contentUrl\":\"https:\\\/\\\/gustoitaliano.md\\\/wp-content\\\/uploads\\\/2026\\\/02\\\/Pecorino_Romano_razuit_1_kg.png\",\"width\":433,\"height\":577},{\"@type\":\"BreadcrumbList\",\"@id\":\"https:\\\/\\\/gustoitaliano.md\\\/product\\\/pecorino-romano-dop-razuit-1-kg\\\/#breadcrumb\",\"itemListElement\":[{\"@type\":\"ListItem\",\"position\":1,\"name\":\"Prima pagin\u0103\",\"item\":\"https:\\\/\\\/gustoitaliano.md\\\/\"},{\"@type\":\"ListItem\",\"position\":2,\"name\":\"Magazin\",\"item\":\"https:\\\/\\\/gustoitaliano.md\\\/ro\\\/magazin\\\/\"},{\"@type\":\"ListItem\",\"position\":3,\"name\":\"Br\u00e2nzeturi\",\"item\":\"https:\\\/\\\/gustoitaliano.md\\\/product-category\\\/branzeturi\\\/\"},{\"@type\":\"ListItem\",\"position\":4,\"name\":\"Pecorino Romano DOP razuit &#8211; 1 kg\"}]},{\"@type\":\"WebSite\",\"@id\":\"https:\\\/\\\/gustoitaliano.md\\\/ro\\\/#website\",\"url\":\"https:\\\/\\\/gustoitaliano.md\\\/ro\\\/\",\"name\":\"Gusto Italiano\",\"description\":\"Produse Autentice Italiene\",\"publisher\":{\"@id\":\"https:\\\/\\\/gustoitaliano.md\\\/ro\\\/#organization\"},\"potentialAction\":[{\"@type\":\"SearchAction\",\"target\":{\"@type\":\"EntryPoint\",\"urlTemplate\":\"https:\\\/\\\/gustoitaliano.md\\\/ro\\\/?s={search_term_string}\"},\"query-input\":{\"@type\":\"PropertyValueSpecification\",\"valueRequired\":true,\"valueName\":\"search_term_string\"}}],\"inLanguage\":\"ru-RU\"},{\"@type\":\"Organization\",\"@id\":\"https:\\\/\\\/gustoitaliano.md\\\/ro\\\/#organization\",\"name\":\"Gusto Italiano\",\"alternateName\":\"Golden Gates SRL\",\"url\":\"https:\\\/\\\/gustoitaliano.md\\\/ro\\\/\",\"logo\":{\"@type\":\"ImageObject\",\"inLanguage\":\"ru-RU\",\"@id\":\"https:\\\/\\\/gustoitaliano.md\\\/ro\\\/#\\\/schema\\\/logo\\\/image\\\/\",\"url\":\"https:\\\/\\\/gustoitaliano.md\\\/wp-content\\\/uploads\\\/2025\\\/05\\\/logo-gusutoitaliano-2-2.png\",\"contentUrl\":\"https:\\\/\\\/gustoitaliano.md\\\/wp-content\\\/uploads\\\/2025\\\/05\\\/logo-gusutoitaliano-2-2.png\",\"width\":180,\"height\":180,\"caption\":\"Gusto Italiano\"},\"image\":{\"@id\":\"https:\\\/\\\/gustoitaliano.md\\\/ro\\\/#\\\/schema\\\/logo\\\/image\\\/\"},\"sameAs\":[\"https:\\\/\\\/www.facebook.com\\\/GoldenGates.Moldova\"]}]}<\/script>\n<!-- \/ Yoast SEO Premium plugin. -->","yoast_head_json":{"title":"Pecorino Romano DOP razuit - 1 kg - Gusto Italiano","description":"Pecorino Romano DOP r\u0103zuit 1 kg \u2013 br\u00e2nz\u0103 italian\u0103 maturat\u0103 din lapte de oaie, gust intens \u0219i arom\u0103 autentic\u0103. Ideal\u0103 pentru paste \u0219i buc\u0103t\u0103rii HoReCa.","robots":{"index":"index","follow":"follow","max-snippet":"max-snippet:-1","max-image-preview":"max-image-preview:large","max-video-preview":"max-video-preview:-1"},"canonical":"https:\/\/gustoitaliano.md\/ru\/product\/pecorino-romano-dop-razuit-1-kg\/","og_locale":"ru_RU","og_type":"article","og_title":"Pecorino Romano DOP razuit - 1 kg","og_description":"Pecorino Romano DOP r\u0103zuit 1 kg \u2013 br\u00e2nz\u0103 italian\u0103 maturat\u0103 din lapte de oaie, gust intens \u0219i arom\u0103 autentic\u0103. Ideal\u0103 pentru paste \u0219i buc\u0103t\u0103rii HoReCa.","og_url":"https:\/\/gustoitaliano.md\/ru\/product\/pecorino-romano-dop-razuit-1-kg\/","og_site_name":"Gusto Italiano","article_publisher":"https:\/\/www.facebook.com\/GoldenGates.Moldova","article_modified_time":"2026-04-16T11:06:07+00:00","og_image":[{"width":433,"height":577,"url":"https:\/\/gustoitaliano.md\/wp-content\/uploads\/2026\/02\/Pecorino_Romano_razuit_1_kg.png","type":"image\/png"}],"twitter_card":"summary_large_image","twitter_misc":{"\u041f\u0440\u0438\u043c\u0435\u0440\u043d\u043e\u0435 \u0432\u0440\u0435\u043c\u044f \u0434\u043b\u044f \u0447\u0442\u0435\u043d\u0438\u044f":"1 \u043c\u0438\u043d\u0443\u0442\u0430"},"schema":{"@context":"https:\/\/schema.org","@graph":[{"@type":"WebPage","@id":"https:\/\/gustoitaliano.md\/product\/pecorino-romano-dop-razuit-1-kg\/","url":"https:\/\/gustoitaliano.md\/product\/pecorino-romano-dop-razuit-1-kg\/","name":"Pecorino Romano DOP razuit - 1 kg - Gusto Italiano","isPartOf":{"@id":"https:\/\/gustoitaliano.md\/ro\/#website"},"primaryImageOfPage":{"@id":"https:\/\/gustoitaliano.md\/product\/pecorino-romano-dop-razuit-1-kg\/#primaryimage"},"image":{"@id":"https:\/\/gustoitaliano.md\/product\/pecorino-romano-dop-razuit-1-kg\/#primaryimage"},"thumbnailUrl":"https:\/\/gustoitaliano.md\/wp-content\/uploads\/2026\/02\/Pecorino_Romano_razuit_1_kg.png","datePublished":"2026-02-09T09:54:41+00:00","dateModified":"2026-04-16T11:06:07+00:00","description":"Pecorino Romano DOP r\u0103zuit 1 kg \u2013 br\u00e2nz\u0103 italian\u0103 maturat\u0103 din lapte de oaie, gust intens \u0219i arom\u0103 autentic\u0103. Ideal\u0103 pentru paste \u0219i buc\u0103t\u0103rii HoReCa.","breadcrumb":{"@id":"https:\/\/gustoitaliano.md\/product\/pecorino-romano-dop-razuit-1-kg\/#breadcrumb"},"inLanguage":"ru-RU","potentialAction":[{"@type":"ReadAction","target":["https:\/\/gustoitaliano.md\/product\/pecorino-romano-dop-razuit-1-kg\/"]}]},{"@type":"ImageObject","inLanguage":"ru-RU","@id":"https:\/\/gustoitaliano.md\/product\/pecorino-romano-dop-razuit-1-kg\/#primaryimage","url":"https:\/\/gustoitaliano.md\/wp-content\/uploads\/2026\/02\/Pecorino_Romano_razuit_1_kg.png","contentUrl":"https:\/\/gustoitaliano.md\/wp-content\/uploads\/2026\/02\/Pecorino_Romano_razuit_1_kg.png","width":433,"height":577},{"@type":"BreadcrumbList","@id":"https:\/\/gustoitaliano.md\/product\/pecorino-romano-dop-razuit-1-kg\/#breadcrumb","itemListElement":[{"@type":"ListItem","position":1,"name":"Prima pagin\u0103","item":"https:\/\/gustoitaliano.md\/"},{"@type":"ListItem","position":2,"name":"Magazin","item":"https:\/\/gustoitaliano.md\/ro\/magazin\/"},{"@type":"ListItem","position":3,"name":"Br\u00e2nzeturi","item":"https:\/\/gustoitaliano.md\/product-category\/branzeturi\/"},{"@type":"ListItem","position":4,"name":"Pecorino Romano DOP razuit &#8211; 1 kg"}]},{"@type":"WebSite","@id":"https:\/\/gustoitaliano.md\/ro\/#website","url":"https:\/\/gustoitaliano.md\/ro\/","name":"Gusto Italiano","description":"\u0410\u0443\u0442\u0435\u043d\u0442\u0438\u0447\u043d\u044b\u0435 \u0438\u0442\u0430\u043b\u044c\u044f\u043d\u0441\u043a\u0438\u0435 \u043f\u0440\u043e\u0434\u0443\u043a\u0442\u044b","publisher":{"@id":"https:\/\/gustoitaliano.md\/ro\/#organization"},"potentialAction":[{"@type":"SearchAction","target":{"@type":"EntryPoint","urlTemplate":"https:\/\/gustoitaliano.md\/ro\/?s={search_term_string}"},"query-input":{"@type":"PropertyValueSpecification","valueRequired":true,"valueName":"search_term_string"}}],"inLanguage":"ru-RU"},{"@type":"Organization","@id":"https:\/\/gustoitaliano.md\/ro\/#organization","name":"Gusto Italiano","alternateName":"Golden Gates SRL","url":"https:\/\/gustoitaliano.md\/ro\/","logo":{"@type":"ImageObject","inLanguage":"ru-RU","@id":"https:\/\/gustoitaliano.md\/ro\/#\/schema\/logo\/image\/","url":"https:\/\/gustoitaliano.md\/wp-content\/uploads\/2025\/05\/logo-gusutoitaliano-2-2.png","contentUrl":"https:\/\/gustoitaliano.md\/wp-content\/uploads\/2025\/05\/logo-gusutoitaliano-2-2.png","width":180,"height":180,"caption":"Gusto Italiano"},"image":{"@id":"https:\/\/gustoitaliano.md\/ro\/#\/schema\/logo\/image\/"},"sameAs":["https:\/\/www.facebook.com\/GoldenGates.Moldova"]}]}},"_links":{"self":[{"href":"https:\/\/gustoitaliano.md\/ru\/wp-json\/wp\/v2\/product\/50716","targetHints":{"allow":["GET"]}}],"collection":[{"href":"https:\/\/gustoitaliano.md\/ru\/wp-json\/wp\/v2\/product"}],"about":[{"href":"https:\/\/gustoitaliano.md\/ru\/wp-json\/wp\/v2\/types\/product"}],"version-history":[{"count":1,"href":"https:\/\/gustoitaliano.md\/ru\/wp-json\/wp\/v2\/product\/50716\/revisions"}],"predecessor-version":[{"id":51580,"href":"https:\/\/gustoitaliano.md\/ru\/wp-json\/wp\/v2\/product\/50716\/revisions\/51580"}],"wp:featuredmedia":[{"embeddable":true,"href":"https:\/\/gustoitaliano.md\/ru\/wp-json\/wp\/v2\/media\/50717"}],"wp:attachment":[{"href":"https:\/\/gustoitaliano.md\/ru\/wp-json\/wp\/v2\/media?parent=50716"}],"wp:term":[{"taxonomy":"product_brand","embeddable":true,"href":"https:\/\/gustoitaliano.md\/ru\/wp-json\/wp\/v2\/product_brand?post=50716"},{"taxonomy":"product_cat","embeddable":true,"href":"https:\/\/gustoitaliano.md\/ru\/wp-json\/wp\/v2\/product_cat?post=50716"},{"taxonomy":"product_tag","embeddable":true,"href":"https:\/\/gustoitaliano.md\/ru\/wp-json\/wp\/v2\/product_tag?post=50716"}],"curies":[{"name":"wp","href":"https:\/\/api.w.org\/{rel}","templated":true}]}}