{"id":50780,"date":"2026-02-18T11:52:33","date_gmt":"2026-02-18T09:52:33","guid":{"rendered":"https:\/\/gustoitaliano.md\/?post_type=product&#038;p=50780"},"modified":"2026-02-18T11:52:34","modified_gmt":"2026-02-18T09:52:34","slug":"grissini-torinesi-pizza-120-gr","status":"publish","type":"product","link":"https:\/\/gustoitaliano.md\/ru\/product\/grissini-torinesi-pizza-120-gr\/","title":{"rendered":"Grissini Torinesi Pizza 120 gr"},"content":{"rendered":"<p data-start=\"343\" data-end=\"607\"><strong data-start=\"343\" data-end=\"375\">Grissini Torinesi gust pizza<\/strong> sunt grisine italiene crocante, inspirate din aromele clasice ale pizzei. Sunt preparate din aluat fin \u0219i \u00eembog\u0103\u021bite cu <strong data-start=\"496\" data-end=\"567\">condimente mediteraneene precum ro\u0219ii, oregano \u0219i ierburi aromatice<\/strong>, oferind un gust intens \u0219i apetisant.<\/p>\n<p data-start=\"609\" data-end=\"802\">\u0418\u0434\u0435\u0430\u043b\u044c\u043d\u043e \u043f\u043e\u0434\u0445\u043e\u0434\u0438\u0442 \u0434\u043b\u044f <strong data-start=\"623\" data-end=\"731\">gust\u0103ri rapide, aperitive, platouri cu br\u00e2nzeturi \u0219i mezeluri sau ca acompaniament pentru supe \u0219i salate<\/strong>, aceste grissini aduc savoarea autentic\u0103 italian\u0103 \u00een fiecare moment.<\/p>\n<ul data-start=\"804\" data-end=\"1001\">\n<li data-start=\"804\" data-end=\"848\">\n<p data-start=\"806\" data-end=\"848\">Tip produs: grisine italiene aromatizate<\/p>\n<\/li>\n<li data-start=\"849\" data-end=\"869\">\n<p data-start=\"851\" data-end=\"869\">\u041a\u043e\u043b\u0438\u0447\u0435\u0441\u0442\u0432\u043e: 120 \u0433<\/p>\n<\/li>\n<li data-start=\"870\" data-end=\"891\">\n<p data-start=\"872\" data-end=\"891\">Textur\u0103: crocant\u0103<\/p>\n<\/li>\n<li data-start=\"892\" data-end=\"929\">\n<p data-start=\"894\" data-end=\"929\">Gust: inspirat din aromele pizzei<\/p>\n<\/li>\n<li data-start=\"930\" data-end=\"981\">\n<p data-start=\"932\" data-end=\"981\">Utilizare: gust\u0103ri, aperitive, platouri gourmet<\/p>\n<\/li>\n<li data-start=\"982\" data-end=\"1001\">\n<p data-start=\"984\" data-end=\"1001\">\u041f\u0440\u043e\u0438\u0441\u0445\u043e\u0436\u0434\u0435\u043d\u0438\u0435: \u0418\u0442\u0430\u043b\u0438\u044f<\/p>\n<\/li>\n<\/ul>","protected":false},"excerpt":{"rendered":"<p>Grissini Torinesi gust pizza sunt grisine italiene crocante, inspirate din aromele clasice ale pizzei. Sunt preparate din aluat fin \u0219i<\/p>","protected":false},"featured_media":50775,"template":"","meta":[],"product_brand":[2460],"product_cat":[2457],"product_tag":[2419,2464],"class_list":{"0":"post-50780","1":"product","2":"type-product","3":"status-publish","4":"has-post-thumbnail","6":"product_brand-il-buon-pane","7":"product_cat-grissini_biscuiti","8":"product_tag-horeca","9":"product_tag-retai","11":"first","12":"instock","13":"taxable","14":"shipping-taxable","15":"purchasable","16":"product-type-simple"},"yoast_head":"<!-- This site is optimized with the Yoast SEO Premium plugin v26.5 (Yoast SEO v27.4) - https:\/\/yoast.com\/product\/yoast-seo-premium-wordpress\/ -->\n<title>Grissini Torinesi Pizza 120 gr - Gusto Italiano<\/title>\n<meta name=\"description\" content=\"Grissini Torinesi Pizza 120 g \u2013 grisine italiene crocante cu gust inspirat din pizza, ideale pentru gust\u0103ri \u0219i aperitive autentice.\" \/>\n<meta name=\"robots\" content=\"index, follow, max-snippet:-1, max-image-preview:large, max-video-preview:-1\" \/>\n<link rel=\"canonical\" href=\"https:\/\/gustoitaliano.md\/ru\/product\/grissini-torinesi-pizza-120-gr\/\" \/>\n<meta property=\"og:locale\" content=\"ru_RU\" \/>\n<meta property=\"og:type\" content=\"article\" \/>\n<meta property=\"og:title\" content=\"Grissini Torinesi Pizza 120 gr\" \/>\n<meta property=\"og:description\" content=\"Grissini Torinesi Pizza 120 g \u2013 grisine italiene crocante cu gust inspirat din pizza, ideale pentru gust\u0103ri \u0219i aperitive autentice.\" \/>\n<meta property=\"og:url\" content=\"https:\/\/gustoitaliano.md\/ru\/product\/grissini-torinesi-pizza-120-gr\/\" \/>\n<meta property=\"og:site_name\" content=\"Gusto Italiano\" \/>\n<meta property=\"article:publisher\" content=\"https:\/\/www.facebook.com\/GoldenGates.Moldova\" \/>\n<meta property=\"article:modified_time\" content=\"2026-02-18T09:52:34+00:00\" \/>\n<meta property=\"og:image\" content=\"https:\/\/gustoitaliano.md\/wp-content\/uploads\/2025\/11\/Astuccio-Torinese-Pizza-IBP.png\" \/>\n\t<meta property=\"og:image:width\" content=\"600\" \/>\n\t<meta property=\"og:image:height\" content=\"772\" \/>\n\t<meta property=\"og:image:type\" content=\"image\/png\" \/>\n<meta name=\"twitter:card\" content=\"summary_large_image\" \/>\n<meta name=\"twitter:label1\" content=\"\u041f\u0440\u0438\u043c\u0435\u0440\u043d\u043e\u0435 \u0432\u0440\u0435\u043c\u044f \u0434\u043b\u044f \u0447\u0442\u0435\u043d\u0438\u044f\" \/>\n\t<meta name=\"twitter:data1\" content=\"1 \u043c\u0438\u043d\u0443\u0442\u0430\" \/>\n<script type=\"application\/ld+json\" class=\"yoast-schema-graph\">{\"@context\":\"https:\\\/\\\/schema.org\",\"@graph\":[{\"@type\":\"WebPage\",\"@id\":\"https:\\\/\\\/gustoitaliano.md\\\/product\\\/grissini-torinesi-pizza-120-gr\\\/\",\"url\":\"https:\\\/\\\/gustoitaliano.md\\\/product\\\/grissini-torinesi-pizza-120-gr\\\/\",\"name\":\"Grissini Torinesi Pizza 120 gr - Gusto Italiano\",\"isPartOf\":{\"@id\":\"https:\\\/\\\/gustoitaliano.md\\\/ro\\\/#website\"},\"primaryImageOfPage\":{\"@id\":\"https:\\\/\\\/gustoitaliano.md\\\/product\\\/grissini-torinesi-pizza-120-gr\\\/#primaryimage\"},\"image\":{\"@id\":\"https:\\\/\\\/gustoitaliano.md\\\/product\\\/grissini-torinesi-pizza-120-gr\\\/#primaryimage\"},\"thumbnailUrl\":\"https:\\\/\\\/gustoitaliano.md\\\/wp-content\\\/uploads\\\/2025\\\/11\\\/Astuccio-Torinese-Pizza-IBP.png\",\"datePublished\":\"2026-02-18T09:52:33+00:00\",\"dateModified\":\"2026-02-18T09:52:34+00:00\",\"description\":\"Grissini Torinesi Pizza 120 g \u2013 grisine italiene crocante cu gust inspirat din pizza, ideale pentru gust\u0103ri \u0219i aperitive autentice.\",\"breadcrumb\":{\"@id\":\"https:\\\/\\\/gustoitaliano.md\\\/product\\\/grissini-torinesi-pizza-120-gr\\\/#breadcrumb\"},\"inLanguage\":\"ru-RU\",\"potentialAction\":[{\"@type\":\"ReadAction\",\"target\":[\"https:\\\/\\\/gustoitaliano.md\\\/product\\\/grissini-torinesi-pizza-120-gr\\\/\"]}]},{\"@type\":\"ImageObject\",\"inLanguage\":\"ru-RU\",\"@id\":\"https:\\\/\\\/gustoitaliano.md\\\/product\\\/grissini-torinesi-pizza-120-gr\\\/#primaryimage\",\"url\":\"https:\\\/\\\/gustoitaliano.md\\\/wp-content\\\/uploads\\\/2025\\\/11\\\/Astuccio-Torinese-Pizza-IBP.png\",\"contentUrl\":\"https:\\\/\\\/gustoitaliano.md\\\/wp-content\\\/uploads\\\/2025\\\/11\\\/Astuccio-Torinese-Pizza-IBP.png\",\"width\":600,\"height\":772},{\"@type\":\"BreadcrumbList\",\"@id\":\"https:\\\/\\\/gustoitaliano.md\\\/product\\\/grissini-torinesi-pizza-120-gr\\\/#breadcrumb\",\"itemListElement\":[{\"@type\":\"ListItem\",\"position\":1,\"name\":\"Prima pagin\u0103\",\"item\":\"https:\\\/\\\/gustoitaliano.md\\\/\"},{\"@type\":\"ListItem\",\"position\":2,\"name\":\"Magazin\",\"item\":\"https:\\\/\\\/gustoitaliano.md\\\/ro\\\/magazin\\\/\"},{\"@type\":\"ListItem\",\"position\":3,\"name\":\"Grissini \\\/ Biscuiti\",\"item\":\"https:\\\/\\\/gustoitaliano.md\\\/product-category\\\/grissini_biscuiti\\\/\"},{\"@type\":\"ListItem\",\"position\":4,\"name\":\"Grissini Torinesi Pizza 120 gr\"}]},{\"@type\":\"WebSite\",\"@id\":\"https:\\\/\\\/gustoitaliano.md\\\/ro\\\/#website\",\"url\":\"https:\\\/\\\/gustoitaliano.md\\\/ro\\\/\",\"name\":\"Gusto Italiano\",\"description\":\"Produse Autentice Italiene\",\"publisher\":{\"@id\":\"https:\\\/\\\/gustoitaliano.md\\\/ro\\\/#organization\"},\"potentialAction\":[{\"@type\":\"SearchAction\",\"target\":{\"@type\":\"EntryPoint\",\"urlTemplate\":\"https:\\\/\\\/gustoitaliano.md\\\/ro\\\/?s={search_term_string}\"},\"query-input\":{\"@type\":\"PropertyValueSpecification\",\"valueRequired\":true,\"valueName\":\"search_term_string\"}}],\"inLanguage\":\"ru-RU\"},{\"@type\":\"Organization\",\"@id\":\"https:\\\/\\\/gustoitaliano.md\\\/ro\\\/#organization\",\"name\":\"Gusto Italiano\",\"alternateName\":\"Golden Gates SRL\",\"url\":\"https:\\\/\\\/gustoitaliano.md\\\/ro\\\/\",\"logo\":{\"@type\":\"ImageObject\",\"inLanguage\":\"ru-RU\",\"@id\":\"https:\\\/\\\/gustoitaliano.md\\\/ro\\\/#\\\/schema\\\/logo\\\/image\\\/\",\"url\":\"https:\\\/\\\/gustoitaliano.md\\\/wp-content\\\/uploads\\\/2025\\\/05\\\/logo-gusutoitaliano-2-2.png\",\"contentUrl\":\"https:\\\/\\\/gustoitaliano.md\\\/wp-content\\\/uploads\\\/2025\\\/05\\\/logo-gusutoitaliano-2-2.png\",\"width\":180,\"height\":180,\"caption\":\"Gusto Italiano\"},\"image\":{\"@id\":\"https:\\\/\\\/gustoitaliano.md\\\/ro\\\/#\\\/schema\\\/logo\\\/image\\\/\"},\"sameAs\":[\"https:\\\/\\\/www.facebook.com\\\/GoldenGates.Moldova\"]}]}<\/script>\n<!-- \/ Yoast SEO Premium plugin. -->","yoast_head_json":{"title":"Grissini Torinesi Pizza 120 gr - Gusto Italiano","description":"Grissini Torinesi Pizza 120 g \u2013 grisine italiene crocante cu gust inspirat din pizza, ideale pentru gust\u0103ri \u0219i aperitive autentice.","robots":{"index":"index","follow":"follow","max-snippet":"max-snippet:-1","max-image-preview":"max-image-preview:large","max-video-preview":"max-video-preview:-1"},"canonical":"https:\/\/gustoitaliano.md\/ru\/product\/grissini-torinesi-pizza-120-gr\/","og_locale":"ru_RU","og_type":"article","og_title":"Grissini Torinesi Pizza 120 gr","og_description":"Grissini Torinesi Pizza 120 g \u2013 grisine italiene crocante cu gust inspirat din pizza, ideale pentru gust\u0103ri \u0219i aperitive autentice.","og_url":"https:\/\/gustoitaliano.md\/ru\/product\/grissini-torinesi-pizza-120-gr\/","og_site_name":"Gusto Italiano","article_publisher":"https:\/\/www.facebook.com\/GoldenGates.Moldova","article_modified_time":"2026-02-18T09:52:34+00:00","og_image":[{"width":600,"height":772,"url":"https:\/\/gustoitaliano.md\/wp-content\/uploads\/2025\/11\/Astuccio-Torinese-Pizza-IBP.png","type":"image\/png"}],"twitter_card":"summary_large_image","twitter_misc":{"\u041f\u0440\u0438\u043c\u0435\u0440\u043d\u043e\u0435 \u0432\u0440\u0435\u043c\u044f \u0434\u043b\u044f \u0447\u0442\u0435\u043d\u0438\u044f":"1 \u043c\u0438\u043d\u0443\u0442\u0430"},"schema":{"@context":"https:\/\/schema.org","@graph":[{"@type":"WebPage","@id":"https:\/\/gustoitaliano.md\/product\/grissini-torinesi-pizza-120-gr\/","url":"https:\/\/gustoitaliano.md\/product\/grissini-torinesi-pizza-120-gr\/","name":"Grissini Torinesi Pizza 120 gr - Gusto Italiano","isPartOf":{"@id":"https:\/\/gustoitaliano.md\/ro\/#website"},"primaryImageOfPage":{"@id":"https:\/\/gustoitaliano.md\/product\/grissini-torinesi-pizza-120-gr\/#primaryimage"},"image":{"@id":"https:\/\/gustoitaliano.md\/product\/grissini-torinesi-pizza-120-gr\/#primaryimage"},"thumbnailUrl":"https:\/\/gustoitaliano.md\/wp-content\/uploads\/2025\/11\/Astuccio-Torinese-Pizza-IBP.png","datePublished":"2026-02-18T09:52:33+00:00","dateModified":"2026-02-18T09:52:34+00:00","description":"Grissini Torinesi Pizza 120 g \u2013 grisine italiene crocante cu gust inspirat din pizza, ideale pentru gust\u0103ri \u0219i aperitive autentice.","breadcrumb":{"@id":"https:\/\/gustoitaliano.md\/product\/grissini-torinesi-pizza-120-gr\/#breadcrumb"},"inLanguage":"ru-RU","potentialAction":[{"@type":"ReadAction","target":["https:\/\/gustoitaliano.md\/product\/grissini-torinesi-pizza-120-gr\/"]}]},{"@type":"ImageObject","inLanguage":"ru-RU","@id":"https:\/\/gustoitaliano.md\/product\/grissini-torinesi-pizza-120-gr\/#primaryimage","url":"https:\/\/gustoitaliano.md\/wp-content\/uploads\/2025\/11\/Astuccio-Torinese-Pizza-IBP.png","contentUrl":"https:\/\/gustoitaliano.md\/wp-content\/uploads\/2025\/11\/Astuccio-Torinese-Pizza-IBP.png","width":600,"height":772},{"@type":"BreadcrumbList","@id":"https:\/\/gustoitaliano.md\/product\/grissini-torinesi-pizza-120-gr\/#breadcrumb","itemListElement":[{"@type":"ListItem","position":1,"name":"Prima pagin\u0103","item":"https:\/\/gustoitaliano.md\/"},{"@type":"ListItem","position":2,"name":"Magazin","item":"https:\/\/gustoitaliano.md\/ro\/magazin\/"},{"@type":"ListItem","position":3,"name":"Grissini \/ Biscuiti","item":"https:\/\/gustoitaliano.md\/product-category\/grissini_biscuiti\/"},{"@type":"ListItem","position":4,"name":"Grissini Torinesi Pizza 120 gr"}]},{"@type":"WebSite","@id":"https:\/\/gustoitaliano.md\/ro\/#website","url":"https:\/\/gustoitaliano.md\/ro\/","name":"Gusto Italiano","description":"\u0410\u0443\u0442\u0435\u043d\u0442\u0438\u0447\u043d\u044b\u0435 \u0438\u0442\u0430\u043b\u044c\u044f\u043d\u0441\u043a\u0438\u0435 \u043f\u0440\u043e\u0434\u0443\u043a\u0442\u044b","publisher":{"@id":"https:\/\/gustoitaliano.md\/ro\/#organization"},"potentialAction":[{"@type":"SearchAction","target":{"@type":"EntryPoint","urlTemplate":"https:\/\/gustoitaliano.md\/ro\/?s={search_term_string}"},"query-input":{"@type":"PropertyValueSpecification","valueRequired":true,"valueName":"search_term_string"}}],"inLanguage":"ru-RU"},{"@type":"Organization","@id":"https:\/\/gustoitaliano.md\/ro\/#organization","name":"Gusto Italiano","alternateName":"Golden Gates SRL","url":"https:\/\/gustoitaliano.md\/ro\/","logo":{"@type":"ImageObject","inLanguage":"ru-RU","@id":"https:\/\/gustoitaliano.md\/ro\/#\/schema\/logo\/image\/","url":"https:\/\/gustoitaliano.md\/wp-content\/uploads\/2025\/05\/logo-gusutoitaliano-2-2.png","contentUrl":"https:\/\/gustoitaliano.md\/wp-content\/uploads\/2025\/05\/logo-gusutoitaliano-2-2.png","width":180,"height":180,"caption":"Gusto Italiano"},"image":{"@id":"https:\/\/gustoitaliano.md\/ro\/#\/schema\/logo\/image\/"},"sameAs":["https:\/\/www.facebook.com\/GoldenGates.Moldova"]}]}},"_links":{"self":[{"href":"https:\/\/gustoitaliano.md\/ru\/wp-json\/wp\/v2\/product\/50780","targetHints":{"allow":["GET"]}}],"collection":[{"href":"https:\/\/gustoitaliano.md\/ru\/wp-json\/wp\/v2\/product"}],"about":[{"href":"https:\/\/gustoitaliano.md\/ru\/wp-json\/wp\/v2\/types\/product"}],"version-history":[{"count":0,"href":"https:\/\/gustoitaliano.md\/ru\/wp-json\/wp\/v2\/product\/50780\/revisions"}],"wp:featuredmedia":[{"embeddable":true,"href":"https:\/\/gustoitaliano.md\/ru\/wp-json\/wp\/v2\/media\/50775"}],"wp:attachment":[{"href":"https:\/\/gustoitaliano.md\/ru\/wp-json\/wp\/v2\/media?parent=50780"}],"wp:term":[{"taxonomy":"product_brand","embeddable":true,"href":"https:\/\/gustoitaliano.md\/ru\/wp-json\/wp\/v2\/product_brand?post=50780"},{"taxonomy":"product_cat","embeddable":true,"href":"https:\/\/gustoitaliano.md\/ru\/wp-json\/wp\/v2\/product_cat?post=50780"},{"taxonomy":"product_tag","embeddable":true,"href":"https:\/\/gustoitaliano.md\/ru\/wp-json\/wp\/v2\/product_tag?post=50780"}],"curies":[{"name":"wp","href":"https:\/\/api.w.org\/{rel}","templated":true}]}}