{"id":50988,"date":"2026-03-16T18:07:35","date_gmt":"2026-03-16T16:07:35","guid":{"rendered":"https:\/\/gustoitaliano.md\/?post_type=product&#038;p=50988"},"modified":"2026-04-16T14:05:02","modified_gmt":"2026-04-16T11:05:02","slug":"orez-risotto-con-fior-si-zucca-300-gr","status":"publish","type":"product","link":"https:\/\/gustoitaliano.md\/ru\/product\/orez-risotto-con-fior-si-zucca-300-gr\/","title":{"rendered":"Orez \/ Risotto con fior si zucca 300 gr"},"content":{"rendered":"<p data-start=\"135\" data-end=\"495\"><strong data-start=\"164\" data-end=\"209\">Orez \/ Risotto con fiori di zucca e zucca<\/strong> este alegerea perfect\u0103 pentru cei care vor s\u0103 aduc\u0103 \u00een farfurie gustul delicat \u0219i catifelat al buc\u0103t\u0103riei italiene. Combina\u021bia dintre orezul potrivit pentru risotto, dulcea\u021ba fin\u0103 a dovleacului \u0219i aroma elegant\u0103 a florilor de dovleac ofer\u0103 un preparat cremos, rafinat \u0219i foarte pl\u0103cut.<\/p>\n<p data-start=\"497\" data-end=\"787\">Este un produs ideal pentru un pr\u00e2nz special sau o cin\u0103 cu aer mediteranean, u\u0219or de preg\u0103tit \u0219i potrivit at\u00e2t pentru mesele de familie, c\u00e2t \u0219i pentru un meniu mai sofisticat. Textura final\u0103 este cremoas\u0103, iar gustul echilibrat transform\u0103 fiecare por\u021bie \u00eentr-o experien\u021b\u0103 autentic italian\u0103.<\/p>","protected":false},"excerpt":{"rendered":"<p>Orez \/ Risotto con fiori di zucca e zucca este alegerea perfect\u0103 pentru cei care vor s\u0103 aduc\u0103 \u00een farfurie<\/p>","protected":false},"featured_media":50990,"template":"","meta":[],"product_brand":[2450],"product_cat":[2362,2381],"product_tag":[2420],"class_list":{"0":"post-50988","1":"product","2":"type-product","3":"status-publish","4":"has-post-thumbnail","6":"product_brand-mazza","7":"product_cat-orez","8":"product_cat-paste-orez","9":"product_tag-retail","11":"first","12":"instock","13":"taxable","14":"shipping-taxable","15":"purchasable","16":"product-type-simple"},"yoast_head":"<!-- This site is optimized with the Yoast SEO Premium plugin v26.5 (Yoast SEO v27.5) - https:\/\/yoast.com\/product\/yoast-seo-premium-wordpress\/ -->\n<title>Orez \/ Risotto con fior si zucca 300 gr - Gusto Italiano<\/title>\n<meta name=\"description\" content=\"Cump\u0103r\u0103 Orez \/ Risotto con fiori di zucca e zucca \u0219i preg\u0103te\u0219te un risotto cremos, delicat \u0219i savuros, inspirat din buc\u0103t\u0103ria autentic\u0103 italian\u0103.\" \/>\n<meta name=\"robots\" content=\"index, follow, max-snippet:-1, max-image-preview:large, max-video-preview:-1\" \/>\n<link rel=\"canonical\" href=\"https:\/\/gustoitaliano.md\/ru\/product\/orez-risotto-con-fior-si-zucca-300-gr\/\" \/>\n<meta property=\"og:locale\" content=\"ru_RU\" \/>\n<meta property=\"og:type\" content=\"article\" \/>\n<meta property=\"og:title\" content=\"Orez \/ Risotto con fior si zucca 300 gr\" \/>\n<meta property=\"og:description\" content=\"Cump\u0103r\u0103 Orez \/ Risotto con fiori di zucca e zucca \u0219i preg\u0103te\u0219te un risotto cremos, delicat \u0219i savuros, inspirat din buc\u0103t\u0103ria autentic\u0103 italian\u0103.\" \/>\n<meta property=\"og:url\" content=\"https:\/\/gustoitaliano.md\/ru\/product\/orez-risotto-con-fior-si-zucca-300-gr\/\" \/>\n<meta property=\"og:site_name\" content=\"Gusto Italiano\" \/>\n<meta property=\"article:publisher\" content=\"https:\/\/www.facebook.com\/GoldenGates.Moldova\" \/>\n<meta property=\"article:modified_time\" content=\"2026-04-16T11:05:02+00:00\" \/>\n<meta property=\"og:image\" content=\"https:\/\/gustoitaliano.md\/wp-content\/uploads\/2026\/03\/Risotto-con-Fior-di-Zucca.png\" \/>\n\t<meta property=\"og:image:width\" content=\"433\" \/>\n\t<meta property=\"og:image:height\" content=\"577\" \/>\n\t<meta property=\"og:image:type\" content=\"image\/png\" \/>\n<meta name=\"twitter:card\" content=\"summary_large_image\" \/>\n<meta name=\"twitter:label1\" content=\"\u041f\u0440\u0438\u043c\u0435\u0440\u043d\u043e\u0435 \u0432\u0440\u0435\u043c\u044f \u0434\u043b\u044f \u0447\u0442\u0435\u043d\u0438\u044f\" \/>\n\t<meta name=\"twitter:data1\" content=\"1 \u043c\u0438\u043d\u0443\u0442\u0430\" \/>\n<script type=\"application\/ld+json\" class=\"yoast-schema-graph\">{\"@context\":\"https:\\\/\\\/schema.org\",\"@graph\":[{\"@type\":\"WebPage\",\"@id\":\"https:\\\/\\\/gustoitaliano.md\\\/product\\\/orez-risotto-con-fior-si-zucca-300-gr\\\/\",\"url\":\"https:\\\/\\\/gustoitaliano.md\\\/product\\\/orez-risotto-con-fior-si-zucca-300-gr\\\/\",\"name\":\"Orez \\\/ Risotto con fior si zucca 300 gr - Gusto Italiano\",\"isPartOf\":{\"@id\":\"https:\\\/\\\/gustoitaliano.md\\\/ro\\\/#website\"},\"primaryImageOfPage\":{\"@id\":\"https:\\\/\\\/gustoitaliano.md\\\/product\\\/orez-risotto-con-fior-si-zucca-300-gr\\\/#primaryimage\"},\"image\":{\"@id\":\"https:\\\/\\\/gustoitaliano.md\\\/product\\\/orez-risotto-con-fior-si-zucca-300-gr\\\/#primaryimage\"},\"thumbnailUrl\":\"https:\\\/\\\/gustoitaliano.md\\\/wp-content\\\/uploads\\\/2026\\\/03\\\/Risotto-con-Fior-di-Zucca.png\",\"datePublished\":\"2026-03-16T16:07:35+00:00\",\"dateModified\":\"2026-04-16T11:05:02+00:00\",\"description\":\"Cump\u0103r\u0103 Orez \\\/ Risotto con fiori di zucca e zucca \u0219i preg\u0103te\u0219te un risotto cremos, delicat \u0219i savuros, inspirat din buc\u0103t\u0103ria autentic\u0103 italian\u0103.\",\"breadcrumb\":{\"@id\":\"https:\\\/\\\/gustoitaliano.md\\\/product\\\/orez-risotto-con-fior-si-zucca-300-gr\\\/#breadcrumb\"},\"inLanguage\":\"ru-RU\",\"potentialAction\":[{\"@type\":\"ReadAction\",\"target\":[\"https:\\\/\\\/gustoitaliano.md\\\/product\\\/orez-risotto-con-fior-si-zucca-300-gr\\\/\"]}]},{\"@type\":\"ImageObject\",\"inLanguage\":\"ru-RU\",\"@id\":\"https:\\\/\\\/gustoitaliano.md\\\/product\\\/orez-risotto-con-fior-si-zucca-300-gr\\\/#primaryimage\",\"url\":\"https:\\\/\\\/gustoitaliano.md\\\/wp-content\\\/uploads\\\/2026\\\/03\\\/Risotto-con-Fior-di-Zucca.png\",\"contentUrl\":\"https:\\\/\\\/gustoitaliano.md\\\/wp-content\\\/uploads\\\/2026\\\/03\\\/Risotto-con-Fior-di-Zucca.png\",\"width\":433,\"height\":577},{\"@type\":\"BreadcrumbList\",\"@id\":\"https:\\\/\\\/gustoitaliano.md\\\/product\\\/orez-risotto-con-fior-si-zucca-300-gr\\\/#breadcrumb\",\"itemListElement\":[{\"@type\":\"ListItem\",\"position\":1,\"name\":\"Prima pagin\u0103\",\"item\":\"https:\\\/\\\/gustoitaliano.md\\\/\"},{\"@type\":\"ListItem\",\"position\":2,\"name\":\"Magazin\",\"item\":\"https:\\\/\\\/gustoitaliano.md\\\/ro\\\/magazin\\\/\"},{\"@type\":\"ListItem\",\"position\":3,\"name\":\"Paste &amp; Orez\",\"item\":\"https:\\\/\\\/gustoitaliano.md\\\/product-category\\\/paste-orez\\\/\"},{\"@type\":\"ListItem\",\"position\":4,\"name\":\"Orez\",\"item\":\"https:\\\/\\\/gustoitaliano.md\\\/product-category\\\/paste-orez\\\/orez\\\/\"},{\"@type\":\"ListItem\",\"position\":5,\"name\":\"Orez \\\/ Risotto con fior si zucca 300 gr\"}]},{\"@type\":\"WebSite\",\"@id\":\"https:\\\/\\\/gustoitaliano.md\\\/ro\\\/#website\",\"url\":\"https:\\\/\\\/gustoitaliano.md\\\/ro\\\/\",\"name\":\"Gusto Italiano\",\"description\":\"Produse Autentice Italiene\",\"publisher\":{\"@id\":\"https:\\\/\\\/gustoitaliano.md\\\/ro\\\/#organization\"},\"potentialAction\":[{\"@type\":\"SearchAction\",\"target\":{\"@type\":\"EntryPoint\",\"urlTemplate\":\"https:\\\/\\\/gustoitaliano.md\\\/ro\\\/?s={search_term_string}\"},\"query-input\":{\"@type\":\"PropertyValueSpecification\",\"valueRequired\":true,\"valueName\":\"search_term_string\"}}],\"inLanguage\":\"ru-RU\"},{\"@type\":\"Organization\",\"@id\":\"https:\\\/\\\/gustoitaliano.md\\\/ro\\\/#organization\",\"name\":\"Gusto Italiano\",\"alternateName\":\"Golden Gates SRL\",\"url\":\"https:\\\/\\\/gustoitaliano.md\\\/ro\\\/\",\"logo\":{\"@type\":\"ImageObject\",\"inLanguage\":\"ru-RU\",\"@id\":\"https:\\\/\\\/gustoitaliano.md\\\/ro\\\/#\\\/schema\\\/logo\\\/image\\\/\",\"url\":\"https:\\\/\\\/gustoitaliano.md\\\/wp-content\\\/uploads\\\/2025\\\/05\\\/logo-gusutoitaliano-2-2.png\",\"contentUrl\":\"https:\\\/\\\/gustoitaliano.md\\\/wp-content\\\/uploads\\\/2025\\\/05\\\/logo-gusutoitaliano-2-2.png\",\"width\":180,\"height\":180,\"caption\":\"Gusto Italiano\"},\"image\":{\"@id\":\"https:\\\/\\\/gustoitaliano.md\\\/ro\\\/#\\\/schema\\\/logo\\\/image\\\/\"},\"sameAs\":[\"https:\\\/\\\/www.facebook.com\\\/GoldenGates.Moldova\"]}]}<\/script>\n<!-- \/ Yoast SEO Premium plugin. -->","yoast_head_json":{"title":"Orez \/ Risotto con fior si zucca 300 gr - Gusto Italiano","description":"Cump\u0103r\u0103 Orez \/ Risotto con fiori di zucca e zucca \u0219i preg\u0103te\u0219te un risotto cremos, delicat \u0219i savuros, inspirat din buc\u0103t\u0103ria autentic\u0103 italian\u0103.","robots":{"index":"index","follow":"follow","max-snippet":"max-snippet:-1","max-image-preview":"max-image-preview:large","max-video-preview":"max-video-preview:-1"},"canonical":"https:\/\/gustoitaliano.md\/ru\/product\/orez-risotto-con-fior-si-zucca-300-gr\/","og_locale":"ru_RU","og_type":"article","og_title":"Orez \/ Risotto con fior si zucca 300 gr","og_description":"Cump\u0103r\u0103 Orez \/ Risotto con fiori di zucca e zucca \u0219i preg\u0103te\u0219te un risotto cremos, delicat \u0219i savuros, inspirat din buc\u0103t\u0103ria autentic\u0103 italian\u0103.","og_url":"https:\/\/gustoitaliano.md\/ru\/product\/orez-risotto-con-fior-si-zucca-300-gr\/","og_site_name":"Gusto Italiano","article_publisher":"https:\/\/www.facebook.com\/GoldenGates.Moldova","article_modified_time":"2026-04-16T11:05:02+00:00","og_image":[{"width":433,"height":577,"url":"https:\/\/gustoitaliano.md\/wp-content\/uploads\/2026\/03\/Risotto-con-Fior-di-Zucca.png","type":"image\/png"}],"twitter_card":"summary_large_image","twitter_misc":{"\u041f\u0440\u0438\u043c\u0435\u0440\u043d\u043e\u0435 \u0432\u0440\u0435\u043c\u044f \u0434\u043b\u044f \u0447\u0442\u0435\u043d\u0438\u044f":"1 \u043c\u0438\u043d\u0443\u0442\u0430"},"schema":{"@context":"https:\/\/schema.org","@graph":[{"@type":"WebPage","@id":"https:\/\/gustoitaliano.md\/product\/orez-risotto-con-fior-si-zucca-300-gr\/","url":"https:\/\/gustoitaliano.md\/product\/orez-risotto-con-fior-si-zucca-300-gr\/","name":"Orez \/ Risotto con fior si zucca 300 gr - Gusto Italiano","isPartOf":{"@id":"https:\/\/gustoitaliano.md\/ro\/#website"},"primaryImageOfPage":{"@id":"https:\/\/gustoitaliano.md\/product\/orez-risotto-con-fior-si-zucca-300-gr\/#primaryimage"},"image":{"@id":"https:\/\/gustoitaliano.md\/product\/orez-risotto-con-fior-si-zucca-300-gr\/#primaryimage"},"thumbnailUrl":"https:\/\/gustoitaliano.md\/wp-content\/uploads\/2026\/03\/Risotto-con-Fior-di-Zucca.png","datePublished":"2026-03-16T16:07:35+00:00","dateModified":"2026-04-16T11:05:02+00:00","description":"Cump\u0103r\u0103 Orez \/ Risotto con fiori di zucca e zucca \u0219i preg\u0103te\u0219te un risotto cremos, delicat \u0219i savuros, inspirat din buc\u0103t\u0103ria autentic\u0103 italian\u0103.","breadcrumb":{"@id":"https:\/\/gustoitaliano.md\/product\/orez-risotto-con-fior-si-zucca-300-gr\/#breadcrumb"},"inLanguage":"ru-RU","potentialAction":[{"@type":"ReadAction","target":["https:\/\/gustoitaliano.md\/product\/orez-risotto-con-fior-si-zucca-300-gr\/"]}]},{"@type":"ImageObject","inLanguage":"ru-RU","@id":"https:\/\/gustoitaliano.md\/product\/orez-risotto-con-fior-si-zucca-300-gr\/#primaryimage","url":"https:\/\/gustoitaliano.md\/wp-content\/uploads\/2026\/03\/Risotto-con-Fior-di-Zucca.png","contentUrl":"https:\/\/gustoitaliano.md\/wp-content\/uploads\/2026\/03\/Risotto-con-Fior-di-Zucca.png","width":433,"height":577},{"@type":"BreadcrumbList","@id":"https:\/\/gustoitaliano.md\/product\/orez-risotto-con-fior-si-zucca-300-gr\/#breadcrumb","itemListElement":[{"@type":"ListItem","position":1,"name":"Prima pagin\u0103","item":"https:\/\/gustoitaliano.md\/"},{"@type":"ListItem","position":2,"name":"Magazin","item":"https:\/\/gustoitaliano.md\/ro\/magazin\/"},{"@type":"ListItem","position":3,"name":"Paste &amp; Orez","item":"https:\/\/gustoitaliano.md\/product-category\/paste-orez\/"},{"@type":"ListItem","position":4,"name":"Orez","item":"https:\/\/gustoitaliano.md\/product-category\/paste-orez\/orez\/"},{"@type":"ListItem","position":5,"name":"Orez \/ Risotto con fior si zucca 300 gr"}]},{"@type":"WebSite","@id":"https:\/\/gustoitaliano.md\/ro\/#website","url":"https:\/\/gustoitaliano.md\/ro\/","name":"Gusto Italiano","description":"\u0410\u0443\u0442\u0435\u043d\u0442\u0438\u0447\u043d\u044b\u0435 \u0438\u0442\u0430\u043b\u044c\u044f\u043d\u0441\u043a\u0438\u0435 \u043f\u0440\u043e\u0434\u0443\u043a\u0442\u044b","publisher":{"@id":"https:\/\/gustoitaliano.md\/ro\/#organization"},"potentialAction":[{"@type":"SearchAction","target":{"@type":"EntryPoint","urlTemplate":"https:\/\/gustoitaliano.md\/ro\/?s={search_term_string}"},"query-input":{"@type":"PropertyValueSpecification","valueRequired":true,"valueName":"search_term_string"}}],"inLanguage":"ru-RU"},{"@type":"Organization","@id":"https:\/\/gustoitaliano.md\/ro\/#organization","name":"Gusto Italiano","alternateName":"Golden Gates SRL","url":"https:\/\/gustoitaliano.md\/ro\/","logo":{"@type":"ImageObject","inLanguage":"ru-RU","@id":"https:\/\/gustoitaliano.md\/ro\/#\/schema\/logo\/image\/","url":"https:\/\/gustoitaliano.md\/wp-content\/uploads\/2025\/05\/logo-gusutoitaliano-2-2.png","contentUrl":"https:\/\/gustoitaliano.md\/wp-content\/uploads\/2025\/05\/logo-gusutoitaliano-2-2.png","width":180,"height":180,"caption":"Gusto Italiano"},"image":{"@id":"https:\/\/gustoitaliano.md\/ro\/#\/schema\/logo\/image\/"},"sameAs":["https:\/\/www.facebook.com\/GoldenGates.Moldova"]}]}},"_links":{"self":[{"href":"https:\/\/gustoitaliano.md\/ru\/wp-json\/wp\/v2\/product\/50988","targetHints":{"allow":["GET"]}}],"collection":[{"href":"https:\/\/gustoitaliano.md\/ru\/wp-json\/wp\/v2\/product"}],"about":[{"href":"https:\/\/gustoitaliano.md\/ru\/wp-json\/wp\/v2\/types\/product"}],"version-history":[{"count":1,"href":"https:\/\/gustoitaliano.md\/ru\/wp-json\/wp\/v2\/product\/50988\/revisions"}],"predecessor-version":[{"id":51138,"href":"https:\/\/gustoitaliano.md\/ru\/wp-json\/wp\/v2\/product\/50988\/revisions\/51138"}],"wp:featuredmedia":[{"embeddable":true,"href":"https:\/\/gustoitaliano.md\/ru\/wp-json\/wp\/v2\/media\/50990"}],"wp:attachment":[{"href":"https:\/\/gustoitaliano.md\/ru\/wp-json\/wp\/v2\/media?parent=50988"}],"wp:term":[{"taxonomy":"product_brand","embeddable":true,"href":"https:\/\/gustoitaliano.md\/ru\/wp-json\/wp\/v2\/product_brand?post=50988"},{"taxonomy":"product_cat","embeddable":true,"href":"https:\/\/gustoitaliano.md\/ru\/wp-json\/wp\/v2\/product_cat?post=50988"},{"taxonomy":"product_tag","embeddable":true,"href":"https:\/\/gustoitaliano.md\/ru\/wp-json\/wp\/v2\/product_tag?post=50988"}],"curies":[{"name":"wp","href":"https:\/\/api.w.org\/{rel}","templated":true}]}}