{"id":50995,"date":"2026-03-16T18:10:35","date_gmt":"2026-03-16T16:10:35","guid":{"rendered":"https:\/\/gustoitaliano.md\/?post_type=product&#038;p=50995"},"modified":"2026-04-16T14:04:57","modified_gmt":"2026-04-16T11:04:57","slug":"orez-risotto-con-asparagi-300-gr","status":"publish","type":"product","link":"https:\/\/gustoitaliano.md\/ru\/product\/orez-risotto-con-asparagi-300-gr\/","title":{"rendered":"Orez \/ Risotto con Asparagi 300 gr"},"content":{"rendered":"<p data-start=\"112\" data-end=\"455\">Un risotto delicat \u0219i elegant, inspirat din buc\u0103t\u0103ria italian\u0103 autentic\u0103. Orezul pentru risotto cu sparanghel de 300 gr aduce \u00een farfurie gustul fin al sparanghelului \u0219i textura cremoas\u0103 specific\u0103 unui risotto bine f\u0103cut. Este alegerea potrivit\u0103 pentru un pr\u00e2nz rafinat sau o cin\u0103 rapid\u0103, dar cu aer de restaurant.<\/p>\n<p data-start=\"457\" data-end=\"718\">Boabele de orez absorb perfect aromele \u00een timpul g\u0103tirii, iar sparanghelul ofer\u0103 o not\u0103 vegetal\u0103 proasp\u0103t\u0103 \u0219i u\u0219or dulceag\u0103. Pentru un rezultat \u0219i mai gustos, \u00eel po\u021bi completa cu <strong data-start=\"636\" data-end=\"659\">\u0421\u044b\u0440 \u041f\u0430\u0440\u043c\u0435\u0437\u0430\u043d<\/strong>, pu\u021bin <strong data-start=\"667\" data-end=\"698\">\u041e\u043b\u0438\u0432\u043a\u043e\u0432\u043e\u0435 \u043c\u0430\u0441\u043b\u043e \u044d\u043a\u0441\u0442\u0440\u0430-\u043a\u043b\u0430\u0441\u0441\u0430<\/strong> \u0219i un strop de unt.<\/p>","protected":false},"excerpt":{"rendered":"<p>Un risotto delicat \u0219i elegant, inspirat din buc\u0103t\u0103ria italian\u0103 autentic\u0103. Orezul pentru risotto cu sparanghel de 300 gr aduce \u00een<\/p>","protected":false},"featured_media":50991,"template":"","meta":[],"product_brand":[2450],"product_cat":[2362,2381],"product_tag":[2420],"class_list":{"0":"post-50995","1":"product","2":"type-product","3":"status-publish","4":"has-post-thumbnail","6":"product_brand-mazza","7":"product_cat-orez","8":"product_cat-paste-orez","9":"product_tag-retail","11":"first","12":"instock","13":"taxable","14":"shipping-taxable","15":"purchasable","16":"product-type-simple"},"yoast_head":"<!-- This site is optimized with the Yoast SEO Premium plugin v26.5 (Yoast SEO v27.5) - https:\/\/yoast.com\/product\/yoast-seo-premium-wordpress\/ -->\n<title>Orez \/ Risotto con Asparagi 300 gr - Gusto Italiano<\/title>\n<meta name=\"description\" content=\"Cump\u0103r\u0103 orez pentru risotto cu sparanghel 300 gr. Gust italian delicat, textur\u0103 cremoas\u0103 \u0219i preparare rapid\u0103, ideal pentru o mas\u0103 rafinat\u0103 acas\u0103.\" \/>\n<meta name=\"robots\" content=\"index, follow, max-snippet:-1, max-image-preview:large, max-video-preview:-1\" \/>\n<link rel=\"canonical\" href=\"https:\/\/gustoitaliano.md\/ru\/product\/orez-risotto-con-asparagi-300-gr\/\" \/>\n<meta property=\"og:locale\" content=\"ru_RU\" \/>\n<meta property=\"og:type\" content=\"article\" \/>\n<meta property=\"og:title\" content=\"Orez \/ Risotto con Asparagi 300 gr\" \/>\n<meta property=\"og:description\" content=\"Cump\u0103r\u0103 orez pentru risotto cu sparanghel 300 gr. Gust italian delicat, textur\u0103 cremoas\u0103 \u0219i preparare rapid\u0103, ideal pentru o mas\u0103 rafinat\u0103 acas\u0103.\" \/>\n<meta property=\"og:url\" content=\"https:\/\/gustoitaliano.md\/ru\/product\/orez-risotto-con-asparagi-300-gr\/\" \/>\n<meta property=\"og:site_name\" content=\"Gusto Italiano\" \/>\n<meta property=\"article:publisher\" content=\"https:\/\/www.facebook.com\/GoldenGates.Moldova\" \/>\n<meta property=\"article:modified_time\" content=\"2026-04-16T11:04:57+00:00\" \/>\n<meta property=\"og:image\" content=\"https:\/\/gustoitaliano.md\/wp-content\/uploads\/2026\/03\/Risotto-con-Asparagi.png\" \/>\n\t<meta property=\"og:image:width\" content=\"433\" \/>\n\t<meta property=\"og:image:height\" content=\"577\" \/>\n\t<meta property=\"og:image:type\" content=\"image\/png\" \/>\n<meta name=\"twitter:card\" content=\"summary_large_image\" \/>\n<meta name=\"twitter:label1\" content=\"\u041f\u0440\u0438\u043c\u0435\u0440\u043d\u043e\u0435 \u0432\u0440\u0435\u043c\u044f \u0434\u043b\u044f \u0447\u0442\u0435\u043d\u0438\u044f\" \/>\n\t<meta name=\"twitter:data1\" content=\"1 \u043c\u0438\u043d\u0443\u0442\u0430\" \/>\n<script type=\"application\/ld+json\" class=\"yoast-schema-graph\">{\"@context\":\"https:\\\/\\\/schema.org\",\"@graph\":[{\"@type\":\"WebPage\",\"@id\":\"https:\\\/\\\/gustoitaliano.md\\\/product\\\/orez-risotto-con-asparagi-300-gr\\\/\",\"url\":\"https:\\\/\\\/gustoitaliano.md\\\/product\\\/orez-risotto-con-asparagi-300-gr\\\/\",\"name\":\"Orez \\\/ Risotto con Asparagi 300 gr - Gusto Italiano\",\"isPartOf\":{\"@id\":\"https:\\\/\\\/gustoitaliano.md\\\/ro\\\/#website\"},\"primaryImageOfPage\":{\"@id\":\"https:\\\/\\\/gustoitaliano.md\\\/product\\\/orez-risotto-con-asparagi-300-gr\\\/#primaryimage\"},\"image\":{\"@id\":\"https:\\\/\\\/gustoitaliano.md\\\/product\\\/orez-risotto-con-asparagi-300-gr\\\/#primaryimage\"},\"thumbnailUrl\":\"https:\\\/\\\/gustoitaliano.md\\\/wp-content\\\/uploads\\\/2026\\\/03\\\/Risotto-con-Asparagi.png\",\"datePublished\":\"2026-03-16T16:10:35+00:00\",\"dateModified\":\"2026-04-16T11:04:57+00:00\",\"description\":\"Cump\u0103r\u0103 orez pentru risotto cu sparanghel 300 gr. Gust italian delicat, textur\u0103 cremoas\u0103 \u0219i preparare rapid\u0103, ideal pentru o mas\u0103 rafinat\u0103 acas\u0103.\",\"breadcrumb\":{\"@id\":\"https:\\\/\\\/gustoitaliano.md\\\/product\\\/orez-risotto-con-asparagi-300-gr\\\/#breadcrumb\"},\"inLanguage\":\"ru-RU\",\"potentialAction\":[{\"@type\":\"ReadAction\",\"target\":[\"https:\\\/\\\/gustoitaliano.md\\\/product\\\/orez-risotto-con-asparagi-300-gr\\\/\"]}]},{\"@type\":\"ImageObject\",\"inLanguage\":\"ru-RU\",\"@id\":\"https:\\\/\\\/gustoitaliano.md\\\/product\\\/orez-risotto-con-asparagi-300-gr\\\/#primaryimage\",\"url\":\"https:\\\/\\\/gustoitaliano.md\\\/wp-content\\\/uploads\\\/2026\\\/03\\\/Risotto-con-Asparagi.png\",\"contentUrl\":\"https:\\\/\\\/gustoitaliano.md\\\/wp-content\\\/uploads\\\/2026\\\/03\\\/Risotto-con-Asparagi.png\",\"width\":433,\"height\":577},{\"@type\":\"BreadcrumbList\",\"@id\":\"https:\\\/\\\/gustoitaliano.md\\\/product\\\/orez-risotto-con-asparagi-300-gr\\\/#breadcrumb\",\"itemListElement\":[{\"@type\":\"ListItem\",\"position\":1,\"name\":\"Prima pagin\u0103\",\"item\":\"https:\\\/\\\/gustoitaliano.md\\\/\"},{\"@type\":\"ListItem\",\"position\":2,\"name\":\"Magazin\",\"item\":\"https:\\\/\\\/gustoitaliano.md\\\/ro\\\/magazin\\\/\"},{\"@type\":\"ListItem\",\"position\":3,\"name\":\"Paste &amp; Orez\",\"item\":\"https:\\\/\\\/gustoitaliano.md\\\/product-category\\\/paste-orez\\\/\"},{\"@type\":\"ListItem\",\"position\":4,\"name\":\"Orez \\\/ Risotto con Asparagi 300 gr\"}]},{\"@type\":\"WebSite\",\"@id\":\"https:\\\/\\\/gustoitaliano.md\\\/ro\\\/#website\",\"url\":\"https:\\\/\\\/gustoitaliano.md\\\/ro\\\/\",\"name\":\"Gusto Italiano\",\"description\":\"Produse Autentice Italiene\",\"publisher\":{\"@id\":\"https:\\\/\\\/gustoitaliano.md\\\/ro\\\/#organization\"},\"potentialAction\":[{\"@type\":\"SearchAction\",\"target\":{\"@type\":\"EntryPoint\",\"urlTemplate\":\"https:\\\/\\\/gustoitaliano.md\\\/ro\\\/?s={search_term_string}\"},\"query-input\":{\"@type\":\"PropertyValueSpecification\",\"valueRequired\":true,\"valueName\":\"search_term_string\"}}],\"inLanguage\":\"ru-RU\"},{\"@type\":\"Organization\",\"@id\":\"https:\\\/\\\/gustoitaliano.md\\\/ro\\\/#organization\",\"name\":\"Gusto Italiano\",\"alternateName\":\"Golden Gates SRL\",\"url\":\"https:\\\/\\\/gustoitaliano.md\\\/ro\\\/\",\"logo\":{\"@type\":\"ImageObject\",\"inLanguage\":\"ru-RU\",\"@id\":\"https:\\\/\\\/gustoitaliano.md\\\/ro\\\/#\\\/schema\\\/logo\\\/image\\\/\",\"url\":\"https:\\\/\\\/gustoitaliano.md\\\/wp-content\\\/uploads\\\/2025\\\/05\\\/logo-gusutoitaliano-2-2.png\",\"contentUrl\":\"https:\\\/\\\/gustoitaliano.md\\\/wp-content\\\/uploads\\\/2025\\\/05\\\/logo-gusutoitaliano-2-2.png\",\"width\":180,\"height\":180,\"caption\":\"Gusto Italiano\"},\"image\":{\"@id\":\"https:\\\/\\\/gustoitaliano.md\\\/ro\\\/#\\\/schema\\\/logo\\\/image\\\/\"},\"sameAs\":[\"https:\\\/\\\/www.facebook.com\\\/GoldenGates.Moldova\"]}]}<\/script>\n<!-- \/ Yoast SEO Premium plugin. -->","yoast_head_json":{"title":"Orez \/ Risotto con Asparagi 300 gr - Gusto Italiano","description":"Cump\u0103r\u0103 orez pentru risotto cu sparanghel 300 gr. Gust italian delicat, textur\u0103 cremoas\u0103 \u0219i preparare rapid\u0103, ideal pentru o mas\u0103 rafinat\u0103 acas\u0103.","robots":{"index":"index","follow":"follow","max-snippet":"max-snippet:-1","max-image-preview":"max-image-preview:large","max-video-preview":"max-video-preview:-1"},"canonical":"https:\/\/gustoitaliano.md\/ru\/product\/orez-risotto-con-asparagi-300-gr\/","og_locale":"ru_RU","og_type":"article","og_title":"Orez \/ Risotto con Asparagi 300 gr","og_description":"Cump\u0103r\u0103 orez pentru risotto cu sparanghel 300 gr. Gust italian delicat, textur\u0103 cremoas\u0103 \u0219i preparare rapid\u0103, ideal pentru o mas\u0103 rafinat\u0103 acas\u0103.","og_url":"https:\/\/gustoitaliano.md\/ru\/product\/orez-risotto-con-asparagi-300-gr\/","og_site_name":"Gusto Italiano","article_publisher":"https:\/\/www.facebook.com\/GoldenGates.Moldova","article_modified_time":"2026-04-16T11:04:57+00:00","og_image":[{"width":433,"height":577,"url":"https:\/\/gustoitaliano.md\/wp-content\/uploads\/2026\/03\/Risotto-con-Asparagi.png","type":"image\/png"}],"twitter_card":"summary_large_image","twitter_misc":{"\u041f\u0440\u0438\u043c\u0435\u0440\u043d\u043e\u0435 \u0432\u0440\u0435\u043c\u044f \u0434\u043b\u044f \u0447\u0442\u0435\u043d\u0438\u044f":"1 \u043c\u0438\u043d\u0443\u0442\u0430"},"schema":{"@context":"https:\/\/schema.org","@graph":[{"@type":"WebPage","@id":"https:\/\/gustoitaliano.md\/product\/orez-risotto-con-asparagi-300-gr\/","url":"https:\/\/gustoitaliano.md\/product\/orez-risotto-con-asparagi-300-gr\/","name":"Orez \/ Risotto con Asparagi 300 gr - Gusto Italiano","isPartOf":{"@id":"https:\/\/gustoitaliano.md\/ro\/#website"},"primaryImageOfPage":{"@id":"https:\/\/gustoitaliano.md\/product\/orez-risotto-con-asparagi-300-gr\/#primaryimage"},"image":{"@id":"https:\/\/gustoitaliano.md\/product\/orez-risotto-con-asparagi-300-gr\/#primaryimage"},"thumbnailUrl":"https:\/\/gustoitaliano.md\/wp-content\/uploads\/2026\/03\/Risotto-con-Asparagi.png","datePublished":"2026-03-16T16:10:35+00:00","dateModified":"2026-04-16T11:04:57+00:00","description":"Cump\u0103r\u0103 orez pentru risotto cu sparanghel 300 gr. Gust italian delicat, textur\u0103 cremoas\u0103 \u0219i preparare rapid\u0103, ideal pentru o mas\u0103 rafinat\u0103 acas\u0103.","breadcrumb":{"@id":"https:\/\/gustoitaliano.md\/product\/orez-risotto-con-asparagi-300-gr\/#breadcrumb"},"inLanguage":"ru-RU","potentialAction":[{"@type":"ReadAction","target":["https:\/\/gustoitaliano.md\/product\/orez-risotto-con-asparagi-300-gr\/"]}]},{"@type":"ImageObject","inLanguage":"ru-RU","@id":"https:\/\/gustoitaliano.md\/product\/orez-risotto-con-asparagi-300-gr\/#primaryimage","url":"https:\/\/gustoitaliano.md\/wp-content\/uploads\/2026\/03\/Risotto-con-Asparagi.png","contentUrl":"https:\/\/gustoitaliano.md\/wp-content\/uploads\/2026\/03\/Risotto-con-Asparagi.png","width":433,"height":577},{"@type":"BreadcrumbList","@id":"https:\/\/gustoitaliano.md\/product\/orez-risotto-con-asparagi-300-gr\/#breadcrumb","itemListElement":[{"@type":"ListItem","position":1,"name":"Prima pagin\u0103","item":"https:\/\/gustoitaliano.md\/"},{"@type":"ListItem","position":2,"name":"Magazin","item":"https:\/\/gustoitaliano.md\/ro\/magazin\/"},{"@type":"ListItem","position":3,"name":"Paste &amp; Orez","item":"https:\/\/gustoitaliano.md\/product-category\/paste-orez\/"},{"@type":"ListItem","position":4,"name":"Orez \/ Risotto con Asparagi 300 gr"}]},{"@type":"WebSite","@id":"https:\/\/gustoitaliano.md\/ro\/#website","url":"https:\/\/gustoitaliano.md\/ro\/","name":"Gusto Italiano","description":"\u0410\u0443\u0442\u0435\u043d\u0442\u0438\u0447\u043d\u044b\u0435 \u0438\u0442\u0430\u043b\u044c\u044f\u043d\u0441\u043a\u0438\u0435 \u043f\u0440\u043e\u0434\u0443\u043a\u0442\u044b","publisher":{"@id":"https:\/\/gustoitaliano.md\/ro\/#organization"},"potentialAction":[{"@type":"SearchAction","target":{"@type":"EntryPoint","urlTemplate":"https:\/\/gustoitaliano.md\/ro\/?s={search_term_string}"},"query-input":{"@type":"PropertyValueSpecification","valueRequired":true,"valueName":"search_term_string"}}],"inLanguage":"ru-RU"},{"@type":"Organization","@id":"https:\/\/gustoitaliano.md\/ro\/#organization","name":"Gusto Italiano","alternateName":"Golden Gates SRL","url":"https:\/\/gustoitaliano.md\/ro\/","logo":{"@type":"ImageObject","inLanguage":"ru-RU","@id":"https:\/\/gustoitaliano.md\/ro\/#\/schema\/logo\/image\/","url":"https:\/\/gustoitaliano.md\/wp-content\/uploads\/2025\/05\/logo-gusutoitaliano-2-2.png","contentUrl":"https:\/\/gustoitaliano.md\/wp-content\/uploads\/2025\/05\/logo-gusutoitaliano-2-2.png","width":180,"height":180,"caption":"Gusto Italiano"},"image":{"@id":"https:\/\/gustoitaliano.md\/ro\/#\/schema\/logo\/image\/"},"sameAs":["https:\/\/www.facebook.com\/GoldenGates.Moldova"]}]}},"_links":{"self":[{"href":"https:\/\/gustoitaliano.md\/ru\/wp-json\/wp\/v2\/product\/50995","targetHints":{"allow":["GET"]}}],"collection":[{"href":"https:\/\/gustoitaliano.md\/ru\/wp-json\/wp\/v2\/product"}],"about":[{"href":"https:\/\/gustoitaliano.md\/ru\/wp-json\/wp\/v2\/types\/product"}],"version-history":[{"count":1,"href":"https:\/\/gustoitaliano.md\/ru\/wp-json\/wp\/v2\/product\/50995\/revisions"}],"predecessor-version":[{"id":51137,"href":"https:\/\/gustoitaliano.md\/ru\/wp-json\/wp\/v2\/product\/50995\/revisions\/51137"}],"wp:featuredmedia":[{"embeddable":true,"href":"https:\/\/gustoitaliano.md\/ru\/wp-json\/wp\/v2\/media\/50991"}],"wp:attachment":[{"href":"https:\/\/gustoitaliano.md\/ru\/wp-json\/wp\/v2\/media?parent=50995"}],"wp:term":[{"taxonomy":"product_brand","embeddable":true,"href":"https:\/\/gustoitaliano.md\/ru\/wp-json\/wp\/v2\/product_brand?post=50995"},{"taxonomy":"product_cat","embeddable":true,"href":"https:\/\/gustoitaliano.md\/ru\/wp-json\/wp\/v2\/product_cat?post=50995"},{"taxonomy":"product_tag","embeddable":true,"href":"https:\/\/gustoitaliano.md\/ru\/wp-json\/wp\/v2\/product_tag?post=50995"}],"curies":[{"name":"wp","href":"https:\/\/api.w.org\/{rel}","templated":true}]}}