{"id":51150,"date":"2026-03-27T11:18:52","date_gmt":"2026-03-27T09:18:52","guid":{"rendered":"https:\/\/gustoitaliano.md\/?post_type=product&#038;p=51150"},"modified":"2026-03-27T11:18:53","modified_gmt":"2026-03-27T09:18:53","slug":"preparat-fara-gluten-pentru-pizza-1-kg","status":"publish","type":"product","link":"https:\/\/gustoitaliano.md\/ru\/product\/preparat-fara-gluten-pentru-pizza-1-kg\/","title":{"rendered":"Preparat f\u0103r\u0103 gluten pentru pizza &#8211; 1 kg"},"content":{"rendered":"<p data-start=\"109\" data-end=\"426\">\u0421 <strong data-start=\"141\" data-end=\"178\">Preparat f\u0103r\u0103 gluten pentru pizza<\/strong>, po\u021bi aduce pe mas\u0103 o pizza gustoas\u0103, bine crescut\u0103 \u0219i pl\u0103cut\u0103 la textur\u0103, chiar \u0219i f\u0103r\u0103 f\u0103in\u0103 cu gluten. Este alegerea potrivit\u0103 pentru cei care doresc s\u0103 preg\u0103teasc\u0103 acas\u0103 un blat lejer, echilibrat \u0219i u\u0219or de combinat cu ingredientele preferate.<\/p>\n<p data-start=\"428\" data-end=\"714\">Acest amestec este g\u00e2ndit pentru a ob\u021bine un aluat care se lucreaz\u0103 mai u\u0219or \u0219i care, dup\u0103 coacere, ofer\u0103 o baz\u0103 frumoas\u0103 pentru toppinguri: u\u0219or crocant\u0103 la exterior \u0219i fraged\u0103 \u00een interior. Merge excelent at\u00e2t pentru pizza clasic\u0103, c\u00e2t \u0219i pentru mini pizza sau focaccia reinterpretat\u0103.<\/p>\n<p data-start=\"716\" data-end=\"1101\">Ca idee simpl\u0103 de preparare: amestec\u0103 produsul cu ap\u0103, pu\u021bin ulei de m\u0103sline \u0219i drojdie, fr\u0103m\u00e2nt\u0103 p\u00e2n\u0103 ob\u021bii un aluat omogen, las\u0103-l la odihnit, apoi \u00eentinde-l \u00een tav\u0103. Adaug\u0103 sos de ro\u0219ii, mozzarella \u0219i ingredientele preferate, dup\u0103 care coace p\u00e2n\u0103 c\u00e2nd marginile devin rumene \u0219i apetisante. Rezultatul este o pizza savuroas\u0103, pe care o po\u021bi preg\u0103ti cu \u00eencredere pentru toat\u0103 familia.<\/p>","protected":false},"excerpt":{"rendered":"<p>Cu Preparat f\u0103r\u0103 gluten pentru pizza, po\u021bi aduce pe mas\u0103 o pizza gustoas\u0103, bine crescut\u0103 \u0219i pl\u0103cut\u0103 la textur\u0103, chiar<\/p>","protected":false},"featured_media":51151,"template":"","meta":[],"product_brand":[2411],"product_cat":[2349,2410,2412],"product_tag":[2420],"class_list":{"0":"post-51150","1":"product","2":"type-product","3":"status-publish","4":"has-post-thumbnail","6":"product_brand-denti","7":"product_cat-faina-denti","8":"product_cat-faina-selectionata-1-5-kg","9":"product_cat-linia-pizza","10":"product_tag-retail","12":"first","13":"instock","14":"taxable","15":"shipping-taxable","16":"purchasable","17":"product-type-simple"},"yoast_head":"<!-- This site is optimized with the Yoast SEO Premium plugin v26.5 (Yoast SEO v27.5) - https:\/\/yoast.com\/product\/yoast-seo-premium-wordpress\/ -->\n<title>Preparat f\u0103r\u0103 gluten pentru pizza - 1 kg - Gusto Italiano<\/title>\n<meta name=\"description\" content=\"Cump\u0103r\u0103 Preparat f\u0103r\u0103 gluten pentru pizza \u0219i preg\u0103te\u0219te acas\u0103 un blat gustos, echilibrat \u0219i u\u0219or de combinat cu toppingurile preferate.\" \/>\n<meta name=\"robots\" content=\"index, follow, max-snippet:-1, max-image-preview:large, max-video-preview:-1\" \/>\n<link rel=\"canonical\" href=\"https:\/\/gustoitaliano.md\/ru\/product\/preparat-fara-gluten-pentru-pizza-1-kg\/\" \/>\n<meta property=\"og:locale\" content=\"ru_RU\" \/>\n<meta property=\"og:type\" content=\"article\" \/>\n<meta property=\"og:title\" content=\"Preparat f\u0103r\u0103 gluten pentru pizza - 1 kg\" \/>\n<meta property=\"og:description\" content=\"Cump\u0103r\u0103 Preparat f\u0103r\u0103 gluten pentru pizza \u0219i preg\u0103te\u0219te acas\u0103 un blat gustos, echilibrat \u0219i u\u0219or de combinat cu toppingurile preferate.\" \/>\n<meta property=\"og:url\" content=\"https:\/\/gustoitaliano.md\/ru\/product\/preparat-fara-gluten-pentru-pizza-1-kg\/\" \/>\n<meta property=\"og:site_name\" content=\"Gusto Italiano\" \/>\n<meta property=\"article:publisher\" content=\"https:\/\/www.facebook.com\/GoldenGates.Moldova\" \/>\n<meta property=\"article:modified_time\" content=\"2026-03-27T09:18:53+00:00\" \/>\n<meta property=\"og:image\" content=\"https:\/\/gustoitaliano.md\/wp-content\/uploads\/2026\/03\/Pizza-fara-gluten-1-kg.png\" \/>\n\t<meta property=\"og:image:width\" content=\"577\" \/>\n\t<meta property=\"og:image:height\" content=\"433\" \/>\n\t<meta property=\"og:image:type\" content=\"image\/png\" \/>\n<meta name=\"twitter:card\" content=\"summary_large_image\" \/>\n<meta name=\"twitter:label1\" content=\"\u041f\u0440\u0438\u043c\u0435\u0440\u043d\u043e\u0435 \u0432\u0440\u0435\u043c\u044f \u0434\u043b\u044f \u0447\u0442\u0435\u043d\u0438\u044f\" \/>\n\t<meta name=\"twitter:data1\" content=\"2 \u043c\u0438\u043d\u0443\u0442\u044b\" \/>\n<script type=\"application\/ld+json\" class=\"yoast-schema-graph\">{\"@context\":\"https:\\\/\\\/schema.org\",\"@graph\":[{\"@type\":\"WebPage\",\"@id\":\"https:\\\/\\\/gustoitaliano.md\\\/product\\\/preparat-fara-gluten-pentru-pizza-1-kg\\\/\",\"url\":\"https:\\\/\\\/gustoitaliano.md\\\/product\\\/preparat-fara-gluten-pentru-pizza-1-kg\\\/\",\"name\":\"Preparat f\u0103r\u0103 gluten pentru pizza - 1 kg - Gusto Italiano\",\"isPartOf\":{\"@id\":\"https:\\\/\\\/gustoitaliano.md\\\/ro\\\/#website\"},\"primaryImageOfPage\":{\"@id\":\"https:\\\/\\\/gustoitaliano.md\\\/product\\\/preparat-fara-gluten-pentru-pizza-1-kg\\\/#primaryimage\"},\"image\":{\"@id\":\"https:\\\/\\\/gustoitaliano.md\\\/product\\\/preparat-fara-gluten-pentru-pizza-1-kg\\\/#primaryimage\"},\"thumbnailUrl\":\"https:\\\/\\\/gustoitaliano.md\\\/wp-content\\\/uploads\\\/2026\\\/03\\\/Pizza-fara-gluten-1-kg.png\",\"datePublished\":\"2026-03-27T09:18:52+00:00\",\"dateModified\":\"2026-03-27T09:18:53+00:00\",\"description\":\"Cump\u0103r\u0103 Preparat f\u0103r\u0103 gluten pentru pizza \u0219i preg\u0103te\u0219te acas\u0103 un blat gustos, echilibrat \u0219i u\u0219or de combinat cu toppingurile preferate.\",\"breadcrumb\":{\"@id\":\"https:\\\/\\\/gustoitaliano.md\\\/product\\\/preparat-fara-gluten-pentru-pizza-1-kg\\\/#breadcrumb\"},\"inLanguage\":\"ru-RU\",\"potentialAction\":[{\"@type\":\"ReadAction\",\"target\":[\"https:\\\/\\\/gustoitaliano.md\\\/product\\\/preparat-fara-gluten-pentru-pizza-1-kg\\\/\"]}]},{\"@type\":\"ImageObject\",\"inLanguage\":\"ru-RU\",\"@id\":\"https:\\\/\\\/gustoitaliano.md\\\/product\\\/preparat-fara-gluten-pentru-pizza-1-kg\\\/#primaryimage\",\"url\":\"https:\\\/\\\/gustoitaliano.md\\\/wp-content\\\/uploads\\\/2026\\\/03\\\/Pizza-fara-gluten-1-kg.png\",\"contentUrl\":\"https:\\\/\\\/gustoitaliano.md\\\/wp-content\\\/uploads\\\/2026\\\/03\\\/Pizza-fara-gluten-1-kg.png\",\"width\":577,\"height\":433},{\"@type\":\"BreadcrumbList\",\"@id\":\"https:\\\/\\\/gustoitaliano.md\\\/product\\\/preparat-fara-gluten-pentru-pizza-1-kg\\\/#breadcrumb\",\"itemListElement\":[{\"@type\":\"ListItem\",\"position\":1,\"name\":\"Prima pagin\u0103\",\"item\":\"https:\\\/\\\/gustoitaliano.md\\\/\"},{\"@type\":\"ListItem\",\"position\":2,\"name\":\"Magazin\",\"item\":\"https:\\\/\\\/gustoitaliano.md\\\/ro\\\/magazin\\\/\"},{\"@type\":\"ListItem\",\"position\":3,\"name\":\"F\u0103ina Denti\",\"item\":\"https:\\\/\\\/gustoitaliano.md\\\/product-category\\\/faina-denti\\\/\"},{\"@type\":\"ListItem\",\"position\":4,\"name\":\"Preparat f\u0103r\u0103 gluten pentru pizza &#8211; 1 kg\"}]},{\"@type\":\"WebSite\",\"@id\":\"https:\\\/\\\/gustoitaliano.md\\\/ro\\\/#website\",\"url\":\"https:\\\/\\\/gustoitaliano.md\\\/ro\\\/\",\"name\":\"Gusto Italiano\",\"description\":\"Produse Autentice Italiene\",\"publisher\":{\"@id\":\"https:\\\/\\\/gustoitaliano.md\\\/ro\\\/#organization\"},\"potentialAction\":[{\"@type\":\"SearchAction\",\"target\":{\"@type\":\"EntryPoint\",\"urlTemplate\":\"https:\\\/\\\/gustoitaliano.md\\\/ro\\\/?s={search_term_string}\"},\"query-input\":{\"@type\":\"PropertyValueSpecification\",\"valueRequired\":true,\"valueName\":\"search_term_string\"}}],\"inLanguage\":\"ru-RU\"},{\"@type\":\"Organization\",\"@id\":\"https:\\\/\\\/gustoitaliano.md\\\/ro\\\/#organization\",\"name\":\"Gusto Italiano\",\"alternateName\":\"Golden Gates SRL\",\"url\":\"https:\\\/\\\/gustoitaliano.md\\\/ro\\\/\",\"logo\":{\"@type\":\"ImageObject\",\"inLanguage\":\"ru-RU\",\"@id\":\"https:\\\/\\\/gustoitaliano.md\\\/ro\\\/#\\\/schema\\\/logo\\\/image\\\/\",\"url\":\"https:\\\/\\\/gustoitaliano.md\\\/wp-content\\\/uploads\\\/2025\\\/05\\\/logo-gusutoitaliano-2-2.png\",\"contentUrl\":\"https:\\\/\\\/gustoitaliano.md\\\/wp-content\\\/uploads\\\/2025\\\/05\\\/logo-gusutoitaliano-2-2.png\",\"width\":180,\"height\":180,\"caption\":\"Gusto Italiano\"},\"image\":{\"@id\":\"https:\\\/\\\/gustoitaliano.md\\\/ro\\\/#\\\/schema\\\/logo\\\/image\\\/\"},\"sameAs\":[\"https:\\\/\\\/www.facebook.com\\\/GoldenGates.Moldova\"]}]}<\/script>\n<!-- \/ Yoast SEO Premium plugin. -->","yoast_head_json":{"title":"Preparat f\u0103r\u0103 gluten pentru pizza - 1 kg - Gusto Italiano","description":"Cump\u0103r\u0103 Preparat f\u0103r\u0103 gluten pentru pizza \u0219i preg\u0103te\u0219te acas\u0103 un blat gustos, echilibrat \u0219i u\u0219or de combinat cu toppingurile preferate.","robots":{"index":"index","follow":"follow","max-snippet":"max-snippet:-1","max-image-preview":"max-image-preview:large","max-video-preview":"max-video-preview:-1"},"canonical":"https:\/\/gustoitaliano.md\/ru\/product\/preparat-fara-gluten-pentru-pizza-1-kg\/","og_locale":"ru_RU","og_type":"article","og_title":"Preparat f\u0103r\u0103 gluten pentru pizza - 1 kg","og_description":"Cump\u0103r\u0103 Preparat f\u0103r\u0103 gluten pentru pizza \u0219i preg\u0103te\u0219te acas\u0103 un blat gustos, echilibrat \u0219i u\u0219or de combinat cu toppingurile preferate.","og_url":"https:\/\/gustoitaliano.md\/ru\/product\/preparat-fara-gluten-pentru-pizza-1-kg\/","og_site_name":"Gusto Italiano","article_publisher":"https:\/\/www.facebook.com\/GoldenGates.Moldova","article_modified_time":"2026-03-27T09:18:53+00:00","og_image":[{"width":577,"height":433,"url":"https:\/\/gustoitaliano.md\/wp-content\/uploads\/2026\/03\/Pizza-fara-gluten-1-kg.png","type":"image\/png"}],"twitter_card":"summary_large_image","twitter_misc":{"\u041f\u0440\u0438\u043c\u0435\u0440\u043d\u043e\u0435 \u0432\u0440\u0435\u043c\u044f \u0434\u043b\u044f \u0447\u0442\u0435\u043d\u0438\u044f":"2 \u043c\u0438\u043d\u0443\u0442\u044b"},"schema":{"@context":"https:\/\/schema.org","@graph":[{"@type":"WebPage","@id":"https:\/\/gustoitaliano.md\/product\/preparat-fara-gluten-pentru-pizza-1-kg\/","url":"https:\/\/gustoitaliano.md\/product\/preparat-fara-gluten-pentru-pizza-1-kg\/","name":"Preparat f\u0103r\u0103 gluten pentru pizza - 1 kg - Gusto Italiano","isPartOf":{"@id":"https:\/\/gustoitaliano.md\/ro\/#website"},"primaryImageOfPage":{"@id":"https:\/\/gustoitaliano.md\/product\/preparat-fara-gluten-pentru-pizza-1-kg\/#primaryimage"},"image":{"@id":"https:\/\/gustoitaliano.md\/product\/preparat-fara-gluten-pentru-pizza-1-kg\/#primaryimage"},"thumbnailUrl":"https:\/\/gustoitaliano.md\/wp-content\/uploads\/2026\/03\/Pizza-fara-gluten-1-kg.png","datePublished":"2026-03-27T09:18:52+00:00","dateModified":"2026-03-27T09:18:53+00:00","description":"Cump\u0103r\u0103 Preparat f\u0103r\u0103 gluten pentru pizza \u0219i preg\u0103te\u0219te acas\u0103 un blat gustos, echilibrat \u0219i u\u0219or de combinat cu toppingurile preferate.","breadcrumb":{"@id":"https:\/\/gustoitaliano.md\/product\/preparat-fara-gluten-pentru-pizza-1-kg\/#breadcrumb"},"inLanguage":"ru-RU","potentialAction":[{"@type":"ReadAction","target":["https:\/\/gustoitaliano.md\/product\/preparat-fara-gluten-pentru-pizza-1-kg\/"]}]},{"@type":"ImageObject","inLanguage":"ru-RU","@id":"https:\/\/gustoitaliano.md\/product\/preparat-fara-gluten-pentru-pizza-1-kg\/#primaryimage","url":"https:\/\/gustoitaliano.md\/wp-content\/uploads\/2026\/03\/Pizza-fara-gluten-1-kg.png","contentUrl":"https:\/\/gustoitaliano.md\/wp-content\/uploads\/2026\/03\/Pizza-fara-gluten-1-kg.png","width":577,"height":433},{"@type":"BreadcrumbList","@id":"https:\/\/gustoitaliano.md\/product\/preparat-fara-gluten-pentru-pizza-1-kg\/#breadcrumb","itemListElement":[{"@type":"ListItem","position":1,"name":"Prima pagin\u0103","item":"https:\/\/gustoitaliano.md\/"},{"@type":"ListItem","position":2,"name":"Magazin","item":"https:\/\/gustoitaliano.md\/ro\/magazin\/"},{"@type":"ListItem","position":3,"name":"F\u0103ina Denti","item":"https:\/\/gustoitaliano.md\/product-category\/faina-denti\/"},{"@type":"ListItem","position":4,"name":"Preparat f\u0103r\u0103 gluten pentru pizza &#8211; 1 kg"}]},{"@type":"WebSite","@id":"https:\/\/gustoitaliano.md\/ro\/#website","url":"https:\/\/gustoitaliano.md\/ro\/","name":"Gusto Italiano","description":"\u0410\u0443\u0442\u0435\u043d\u0442\u0438\u0447\u043d\u044b\u0435 \u0438\u0442\u0430\u043b\u044c\u044f\u043d\u0441\u043a\u0438\u0435 \u043f\u0440\u043e\u0434\u0443\u043a\u0442\u044b","publisher":{"@id":"https:\/\/gustoitaliano.md\/ro\/#organization"},"potentialAction":[{"@type":"SearchAction","target":{"@type":"EntryPoint","urlTemplate":"https:\/\/gustoitaliano.md\/ro\/?s={search_term_string}"},"query-input":{"@type":"PropertyValueSpecification","valueRequired":true,"valueName":"search_term_string"}}],"inLanguage":"ru-RU"},{"@type":"Organization","@id":"https:\/\/gustoitaliano.md\/ro\/#organization","name":"Gusto Italiano","alternateName":"Golden Gates SRL","url":"https:\/\/gustoitaliano.md\/ro\/","logo":{"@type":"ImageObject","inLanguage":"ru-RU","@id":"https:\/\/gustoitaliano.md\/ro\/#\/schema\/logo\/image\/","url":"https:\/\/gustoitaliano.md\/wp-content\/uploads\/2025\/05\/logo-gusutoitaliano-2-2.png","contentUrl":"https:\/\/gustoitaliano.md\/wp-content\/uploads\/2025\/05\/logo-gusutoitaliano-2-2.png","width":180,"height":180,"caption":"Gusto Italiano"},"image":{"@id":"https:\/\/gustoitaliano.md\/ro\/#\/schema\/logo\/image\/"},"sameAs":["https:\/\/www.facebook.com\/GoldenGates.Moldova"]}]}},"_links":{"self":[{"href":"https:\/\/gustoitaliano.md\/ru\/wp-json\/wp\/v2\/product\/51150","targetHints":{"allow":["GET"]}}],"collection":[{"href":"https:\/\/gustoitaliano.md\/ru\/wp-json\/wp\/v2\/product"}],"about":[{"href":"https:\/\/gustoitaliano.md\/ru\/wp-json\/wp\/v2\/types\/product"}],"version-history":[{"count":1,"href":"https:\/\/gustoitaliano.md\/ru\/wp-json\/wp\/v2\/product\/51150\/revisions"}],"predecessor-version":[{"id":51152,"href":"https:\/\/gustoitaliano.md\/ru\/wp-json\/wp\/v2\/product\/51150\/revisions\/51152"}],"wp:featuredmedia":[{"embeddable":true,"href":"https:\/\/gustoitaliano.md\/ru\/wp-json\/wp\/v2\/media\/51151"}],"wp:attachment":[{"href":"https:\/\/gustoitaliano.md\/ru\/wp-json\/wp\/v2\/media?parent=51150"}],"wp:term":[{"taxonomy":"product_brand","embeddable":true,"href":"https:\/\/gustoitaliano.md\/ru\/wp-json\/wp\/v2\/product_brand?post=51150"},{"taxonomy":"product_cat","embeddable":true,"href":"https:\/\/gustoitaliano.md\/ru\/wp-json\/wp\/v2\/product_cat?post=51150"},{"taxonomy":"product_tag","embeddable":true,"href":"https:\/\/gustoitaliano.md\/ru\/wp-json\/wp\/v2\/product_tag?post=51150"}],"curies":[{"name":"wp","href":"https:\/\/api.w.org\/{rel}","templated":true}]}}