{"id":51188,"date":"2026-03-31T12:52:21","date_gmt":"2026-03-31T09:52:21","guid":{"rendered":"https:\/\/gustoitaliano.md\/?post_type=product&#038;p=51188"},"modified":"2026-04-29T08:17:29","modified_gmt":"2026-04-29T05:17:29","slug":"san-pellegrino-chinotto-330ml-24-buc-in-bax","status":"publish","type":"product","link":"https:\/\/gustoitaliano.md\/ru\/product\/san-pellegrino-chinotto-330ml-24-buc-in-bax\/","title":{"rendered":"San Pellegrino Chinotto 330ml (24 buc in bax)"},"content":{"rendered":"<p data-start=\"163\" data-end=\"539\"><strong data-start=\"192\" data-end=\"225\">San Pellegrino Chinotto 330ml<\/strong> este una dintre acele b\u0103uturi italiene care se \u021bin minte din prima \u00eenghi\u021bitur\u0103. Are un gust aparte, cu note de citrice, accente u\u0219or am\u0103rui \u0219i o prospe\u021bime fin\u0103, elegant\u0103. Este alegerea potrivit\u0103 pentru cei care caut\u0103 o b\u0103utur\u0103 r\u0103coritoare diferit\u0103 de sucurile clasice, cu un caracter mai matur \u0219i mai sofisticat.<\/p>\n<p data-start=\"541\" data-end=\"723\">Se serve\u0219te foarte bine bine r\u0103cit\u0103, simpl\u0103, cu ghea\u021b\u0103, sau l\u00e2ng\u0103 pizza, focaccia, panini ori gust\u0103ri s\u0103rate. Este genul de produs care aduce imediat un aer autentic italian la mas\u0103.<\/p>\n<p data-start=\"725\" data-end=\"1003\"><strong data-start=\"725\" data-end=\"750\">Mic\u0103 idee de servire:<\/strong><br data-start=\"750\" data-end=\"753\" \/>Pune <strong data-start=\"758\" data-end=\"791\">San Pellegrino Chinotto 330ml<\/strong> \u00eentr-un pahar cu mult\u0103 ghea\u021b\u0103, adaug\u0103 o felie de portocal\u0103 \u0219i c\u00e2teva pic\u0103turi de l\u0103m\u00e2ie. Ob\u021bii un aperitiv rapid, aromat \u0219i foarte pl\u0103cut, perfect pentru zile calde sau pentru un \u00eenceput de mas\u0103 \u00een stil italian.<\/p>","protected":false},"excerpt":{"rendered":"<p>Ambalaj: bax 24 st. x 330 ml.<\/p>\n<p>Pretul afisat este per doza<\/p>","protected":false},"featured_media":51193,"template":"","meta":[],"product_brand":[2439],"product_cat":[2438],"product_tag":[2419,2420],"class_list":{"0":"post-51188","1":"product","2":"type-product","3":"status-publish","4":"has-post-thumbnail","6":"product_brand-san-pellegrino","7":"product_cat-apa-naturala-italiana-bauturi","8":"product_tag-horeca","9":"product_tag-retail","11":"first","12":"outofstock","13":"taxable","14":"shipping-taxable","15":"purchasable","16":"product-type-simple"},"yoast_head":"<!-- This site is optimized with the Yoast SEO Premium plugin v26.5 (Yoast SEO v27.5) - https:\/\/yoast.com\/product\/yoast-seo-premium-wordpress\/ -->\n<title>San Pellegrino Chinotto 330ml (24 buc in bax) - Gusto Italiano<\/title>\n<meta name=\"description\" content=\"Cump\u0103r\u0103 San Pellegrino Chinotto 330ml, b\u0103utur\u0103 italian\u0103 carbogazoas\u0103 cu gust de citrice \u0219i note u\u0219or am\u0103rui. Ideal\u0103 rece, la aperitiv sau al\u0103turi de m\u00e2ncare.\" \/>\n<meta name=\"robots\" content=\"index, follow, max-snippet:-1, max-image-preview:large, max-video-preview:-1\" \/>\n<link rel=\"canonical\" href=\"https:\/\/gustoitaliano.md\/ru\/product\/san-pellegrino-chinotto-330ml-24-buc-in-bax\/\" \/>\n<meta property=\"og:locale\" content=\"ru_RU\" \/>\n<meta property=\"og:type\" content=\"article\" \/>\n<meta property=\"og:title\" content=\"San Pellegrino Chinotto 330ml (24 buc in bax)\" \/>\n<meta property=\"og:description\" content=\"Cump\u0103r\u0103 San Pellegrino Chinotto 330ml, b\u0103utur\u0103 italian\u0103 carbogazoas\u0103 cu gust de citrice \u0219i note u\u0219or am\u0103rui. Ideal\u0103 rece, la aperitiv sau al\u0103turi de m\u00e2ncare.\" \/>\n<meta property=\"og:url\" content=\"https:\/\/gustoitaliano.md\/ru\/product\/san-pellegrino-chinotto-330ml-24-buc-in-bax\/\" \/>\n<meta property=\"og:site_name\" content=\"Gusto Italiano\" \/>\n<meta property=\"article:publisher\" content=\"https:\/\/www.facebook.com\/GoldenGates.Moldova\" \/>\n<meta property=\"article:modified_time\" content=\"2026-04-29T05:17:29+00:00\" \/>\n<meta property=\"og:image\" content=\"https:\/\/gustoitaliano.md\/wp-content\/uploads\/2026\/03\/ITNAB001-package.jpg\" \/>\n\t<meta property=\"og:image:width\" content=\"1920\" \/>\n\t<meta property=\"og:image:height\" content=\"1920\" \/>\n\t<meta property=\"og:image:type\" content=\"image\/jpeg\" \/>\n<meta name=\"twitter:card\" content=\"summary_large_image\" \/>\n<meta name=\"twitter:label1\" content=\"\u041f\u0440\u0438\u043c\u0435\u0440\u043d\u043e\u0435 \u0432\u0440\u0435\u043c\u044f \u0434\u043b\u044f \u0447\u0442\u0435\u043d\u0438\u044f\" \/>\n\t<meta name=\"twitter:data1\" content=\"1 \u043c\u0438\u043d\u0443\u0442\u0430\" \/>\n<script type=\"application\/ld+json\" class=\"yoast-schema-graph\">{\"@context\":\"https:\\\/\\\/schema.org\",\"@graph\":[{\"@type\":\"WebPage\",\"@id\":\"https:\\\/\\\/gustoitaliano.md\\\/product\\\/san-pellegrino-chinotto-330ml-24-buc-in-bax\\\/\",\"url\":\"https:\\\/\\\/gustoitaliano.md\\\/product\\\/san-pellegrino-chinotto-330ml-24-buc-in-bax\\\/\",\"name\":\"San Pellegrino Chinotto 330ml (24 buc in bax) - Gusto Italiano\",\"isPartOf\":{\"@id\":\"https:\\\/\\\/gustoitaliano.md\\\/ro\\\/#website\"},\"primaryImageOfPage\":{\"@id\":\"https:\\\/\\\/gustoitaliano.md\\\/product\\\/san-pellegrino-chinotto-330ml-24-buc-in-bax\\\/#primaryimage\"},\"image\":{\"@id\":\"https:\\\/\\\/gustoitaliano.md\\\/product\\\/san-pellegrino-chinotto-330ml-24-buc-in-bax\\\/#primaryimage\"},\"thumbnailUrl\":\"https:\\\/\\\/gustoitaliano.md\\\/wp-content\\\/uploads\\\/2026\\\/03\\\/ITNAB001-package.jpg\",\"datePublished\":\"2026-03-31T09:52:21+00:00\",\"dateModified\":\"2026-04-29T05:17:29+00:00\",\"description\":\"Cump\u0103r\u0103 San Pellegrino Chinotto 330ml, b\u0103utur\u0103 italian\u0103 carbogazoas\u0103 cu gust de citrice \u0219i note u\u0219or am\u0103rui. Ideal\u0103 rece, la aperitiv sau al\u0103turi de m\u00e2ncare.\",\"breadcrumb\":{\"@id\":\"https:\\\/\\\/gustoitaliano.md\\\/product\\\/san-pellegrino-chinotto-330ml-24-buc-in-bax\\\/#breadcrumb\"},\"inLanguage\":\"ru-RU\",\"potentialAction\":[{\"@type\":\"ReadAction\",\"target\":[\"https:\\\/\\\/gustoitaliano.md\\\/product\\\/san-pellegrino-chinotto-330ml-24-buc-in-bax\\\/\"]}]},{\"@type\":\"ImageObject\",\"inLanguage\":\"ru-RU\",\"@id\":\"https:\\\/\\\/gustoitaliano.md\\\/product\\\/san-pellegrino-chinotto-330ml-24-buc-in-bax\\\/#primaryimage\",\"url\":\"https:\\\/\\\/gustoitaliano.md\\\/wp-content\\\/uploads\\\/2026\\\/03\\\/ITNAB001-package.jpg\",\"contentUrl\":\"https:\\\/\\\/gustoitaliano.md\\\/wp-content\\\/uploads\\\/2026\\\/03\\\/ITNAB001-package.jpg\",\"width\":1920,\"height\":1920},{\"@type\":\"BreadcrumbList\",\"@id\":\"https:\\\/\\\/gustoitaliano.md\\\/product\\\/san-pellegrino-chinotto-330ml-24-buc-in-bax\\\/#breadcrumb\",\"itemListElement\":[{\"@type\":\"ListItem\",\"position\":1,\"name\":\"Prima pagin\u0103\",\"item\":\"https:\\\/\\\/gustoitaliano.md\\\/\"},{\"@type\":\"ListItem\",\"position\":2,\"name\":\"Magazin\",\"item\":\"https:\\\/\\\/gustoitaliano.md\\\/ro\\\/magazin\\\/\"},{\"@type\":\"ListItem\",\"position\":3,\"name\":\"Apa naturala italiana \\\/ Bauturi\",\"item\":\"https:\\\/\\\/gustoitaliano.md\\\/product-category\\\/apa-naturala-italiana-bauturi\\\/\"},{\"@type\":\"ListItem\",\"position\":4,\"name\":\"San Pellegrino Chinotto 330ml (24 buc in bax)\"}]},{\"@type\":\"WebSite\",\"@id\":\"https:\\\/\\\/gustoitaliano.md\\\/ro\\\/#website\",\"url\":\"https:\\\/\\\/gustoitaliano.md\\\/ro\\\/\",\"name\":\"Gusto Italiano\",\"description\":\"Produse Autentice Italiene\",\"publisher\":{\"@id\":\"https:\\\/\\\/gustoitaliano.md\\\/ro\\\/#organization\"},\"potentialAction\":[{\"@type\":\"SearchAction\",\"target\":{\"@type\":\"EntryPoint\",\"urlTemplate\":\"https:\\\/\\\/gustoitaliano.md\\\/ro\\\/?s={search_term_string}\"},\"query-input\":{\"@type\":\"PropertyValueSpecification\",\"valueRequired\":true,\"valueName\":\"search_term_string\"}}],\"inLanguage\":\"ru-RU\"},{\"@type\":\"Organization\",\"@id\":\"https:\\\/\\\/gustoitaliano.md\\\/ro\\\/#organization\",\"name\":\"Gusto Italiano\",\"alternateName\":\"Golden Gates SRL\",\"url\":\"https:\\\/\\\/gustoitaliano.md\\\/ro\\\/\",\"logo\":{\"@type\":\"ImageObject\",\"inLanguage\":\"ru-RU\",\"@id\":\"https:\\\/\\\/gustoitaliano.md\\\/ro\\\/#\\\/schema\\\/logo\\\/image\\\/\",\"url\":\"https:\\\/\\\/gustoitaliano.md\\\/wp-content\\\/uploads\\\/2025\\\/05\\\/logo-gusutoitaliano-2-2.png\",\"contentUrl\":\"https:\\\/\\\/gustoitaliano.md\\\/wp-content\\\/uploads\\\/2025\\\/05\\\/logo-gusutoitaliano-2-2.png\",\"width\":180,\"height\":180,\"caption\":\"Gusto Italiano\"},\"image\":{\"@id\":\"https:\\\/\\\/gustoitaliano.md\\\/ro\\\/#\\\/schema\\\/logo\\\/image\\\/\"},\"sameAs\":[\"https:\\\/\\\/www.facebook.com\\\/GoldenGates.Moldova\"]}]}<\/script>\n<!-- \/ Yoast SEO Premium plugin. -->","yoast_head_json":{"title":"San Pellegrino Chinotto 330ml (24 buc in bax) - Gusto Italiano","description":"Cump\u0103r\u0103 San Pellegrino Chinotto 330ml, b\u0103utur\u0103 italian\u0103 carbogazoas\u0103 cu gust de citrice \u0219i note u\u0219or am\u0103rui. Ideal\u0103 rece, la aperitiv sau al\u0103turi de m\u00e2ncare.","robots":{"index":"index","follow":"follow","max-snippet":"max-snippet:-1","max-image-preview":"max-image-preview:large","max-video-preview":"max-video-preview:-1"},"canonical":"https:\/\/gustoitaliano.md\/ru\/product\/san-pellegrino-chinotto-330ml-24-buc-in-bax\/","og_locale":"ru_RU","og_type":"article","og_title":"San Pellegrino Chinotto 330ml (24 buc in bax)","og_description":"Cump\u0103r\u0103 San Pellegrino Chinotto 330ml, b\u0103utur\u0103 italian\u0103 carbogazoas\u0103 cu gust de citrice \u0219i note u\u0219or am\u0103rui. Ideal\u0103 rece, la aperitiv sau al\u0103turi de m\u00e2ncare.","og_url":"https:\/\/gustoitaliano.md\/ru\/product\/san-pellegrino-chinotto-330ml-24-buc-in-bax\/","og_site_name":"Gusto Italiano","article_publisher":"https:\/\/www.facebook.com\/GoldenGates.Moldova","article_modified_time":"2026-04-29T05:17:29+00:00","og_image":[{"width":1920,"height":1920,"url":"https:\/\/gustoitaliano.md\/wp-content\/uploads\/2026\/03\/ITNAB001-package.jpg","type":"image\/jpeg"}],"twitter_card":"summary_large_image","twitter_misc":{"\u041f\u0440\u0438\u043c\u0435\u0440\u043d\u043e\u0435 \u0432\u0440\u0435\u043c\u044f \u0434\u043b\u044f \u0447\u0442\u0435\u043d\u0438\u044f":"1 \u043c\u0438\u043d\u0443\u0442\u0430"},"schema":{"@context":"https:\/\/schema.org","@graph":[{"@type":"WebPage","@id":"https:\/\/gustoitaliano.md\/product\/san-pellegrino-chinotto-330ml-24-buc-in-bax\/","url":"https:\/\/gustoitaliano.md\/product\/san-pellegrino-chinotto-330ml-24-buc-in-bax\/","name":"San Pellegrino Chinotto 330ml (24 buc in bax) - Gusto Italiano","isPartOf":{"@id":"https:\/\/gustoitaliano.md\/ro\/#website"},"primaryImageOfPage":{"@id":"https:\/\/gustoitaliano.md\/product\/san-pellegrino-chinotto-330ml-24-buc-in-bax\/#primaryimage"},"image":{"@id":"https:\/\/gustoitaliano.md\/product\/san-pellegrino-chinotto-330ml-24-buc-in-bax\/#primaryimage"},"thumbnailUrl":"https:\/\/gustoitaliano.md\/wp-content\/uploads\/2026\/03\/ITNAB001-package.jpg","datePublished":"2026-03-31T09:52:21+00:00","dateModified":"2026-04-29T05:17:29+00:00","description":"Cump\u0103r\u0103 San Pellegrino Chinotto 330ml, b\u0103utur\u0103 italian\u0103 carbogazoas\u0103 cu gust de citrice \u0219i note u\u0219or am\u0103rui. Ideal\u0103 rece, la aperitiv sau al\u0103turi de m\u00e2ncare.","breadcrumb":{"@id":"https:\/\/gustoitaliano.md\/product\/san-pellegrino-chinotto-330ml-24-buc-in-bax\/#breadcrumb"},"inLanguage":"ru-RU","potentialAction":[{"@type":"ReadAction","target":["https:\/\/gustoitaliano.md\/product\/san-pellegrino-chinotto-330ml-24-buc-in-bax\/"]}]},{"@type":"ImageObject","inLanguage":"ru-RU","@id":"https:\/\/gustoitaliano.md\/product\/san-pellegrino-chinotto-330ml-24-buc-in-bax\/#primaryimage","url":"https:\/\/gustoitaliano.md\/wp-content\/uploads\/2026\/03\/ITNAB001-package.jpg","contentUrl":"https:\/\/gustoitaliano.md\/wp-content\/uploads\/2026\/03\/ITNAB001-package.jpg","width":1920,"height":1920},{"@type":"BreadcrumbList","@id":"https:\/\/gustoitaliano.md\/product\/san-pellegrino-chinotto-330ml-24-buc-in-bax\/#breadcrumb","itemListElement":[{"@type":"ListItem","position":1,"name":"Prima pagin\u0103","item":"https:\/\/gustoitaliano.md\/"},{"@type":"ListItem","position":2,"name":"Magazin","item":"https:\/\/gustoitaliano.md\/ro\/magazin\/"},{"@type":"ListItem","position":3,"name":"Apa naturala italiana \/ Bauturi","item":"https:\/\/gustoitaliano.md\/product-category\/apa-naturala-italiana-bauturi\/"},{"@type":"ListItem","position":4,"name":"San Pellegrino Chinotto 330ml (24 buc in bax)"}]},{"@type":"WebSite","@id":"https:\/\/gustoitaliano.md\/ro\/#website","url":"https:\/\/gustoitaliano.md\/ro\/","name":"Gusto Italiano","description":"\u0410\u0443\u0442\u0435\u043d\u0442\u0438\u0447\u043d\u044b\u0435 \u0438\u0442\u0430\u043b\u044c\u044f\u043d\u0441\u043a\u0438\u0435 \u043f\u0440\u043e\u0434\u0443\u043a\u0442\u044b","publisher":{"@id":"https:\/\/gustoitaliano.md\/ro\/#organization"},"potentialAction":[{"@type":"SearchAction","target":{"@type":"EntryPoint","urlTemplate":"https:\/\/gustoitaliano.md\/ro\/?s={search_term_string}"},"query-input":{"@type":"PropertyValueSpecification","valueRequired":true,"valueName":"search_term_string"}}],"inLanguage":"ru-RU"},{"@type":"Organization","@id":"https:\/\/gustoitaliano.md\/ro\/#organization","name":"Gusto Italiano","alternateName":"Golden Gates SRL","url":"https:\/\/gustoitaliano.md\/ro\/","logo":{"@type":"ImageObject","inLanguage":"ru-RU","@id":"https:\/\/gustoitaliano.md\/ro\/#\/schema\/logo\/image\/","url":"https:\/\/gustoitaliano.md\/wp-content\/uploads\/2025\/05\/logo-gusutoitaliano-2-2.png","contentUrl":"https:\/\/gustoitaliano.md\/wp-content\/uploads\/2025\/05\/logo-gusutoitaliano-2-2.png","width":180,"height":180,"caption":"Gusto Italiano"},"image":{"@id":"https:\/\/gustoitaliano.md\/ro\/#\/schema\/logo\/image\/"},"sameAs":["https:\/\/www.facebook.com\/GoldenGates.Moldova"]}]}},"_links":{"self":[{"href":"https:\/\/gustoitaliano.md\/ru\/wp-json\/wp\/v2\/product\/51188","targetHints":{"allow":["GET"]}}],"collection":[{"href":"https:\/\/gustoitaliano.md\/ru\/wp-json\/wp\/v2\/product"}],"about":[{"href":"https:\/\/gustoitaliano.md\/ru\/wp-json\/wp\/v2\/types\/product"}],"version-history":[{"count":2,"href":"https:\/\/gustoitaliano.md\/ru\/wp-json\/wp\/v2\/product\/51188\/revisions"}],"predecessor-version":[{"id":51194,"href":"https:\/\/gustoitaliano.md\/ru\/wp-json\/wp\/v2\/product\/51188\/revisions\/51194"}],"wp:featuredmedia":[{"embeddable":true,"href":"https:\/\/gustoitaliano.md\/ru\/wp-json\/wp\/v2\/media\/51193"}],"wp:attachment":[{"href":"https:\/\/gustoitaliano.md\/ru\/wp-json\/wp\/v2\/media?parent=51188"}],"wp:term":[{"taxonomy":"product_brand","embeddable":true,"href":"https:\/\/gustoitaliano.md\/ru\/wp-json\/wp\/v2\/product_brand?post=51188"},{"taxonomy":"product_cat","embeddable":true,"href":"https:\/\/gustoitaliano.md\/ru\/wp-json\/wp\/v2\/product_cat?post=51188"},{"taxonomy":"product_tag","embeddable":true,"href":"https:\/\/gustoitaliano.md\/ru\/wp-json\/wp\/v2\/product_tag?post=51188"}],"curies":[{"name":"wp","href":"https:\/\/api.w.org\/{rel}","templated":true}]}}