{"id":51195,"date":"2026-03-31T12:54:12","date_gmt":"2026-03-31T09:54:12","guid":{"rendered":"https:\/\/gustoitaliano.md\/?post_type=product&#038;p=51195"},"modified":"2026-04-24T12:29:28","modified_gmt":"2026-04-24T09:29:28","slug":"san-pellegrino-aranciata-amara-bitter-330ml-24-buc-in-bax","status":"publish","type":"product","link":"https:\/\/gustoitaliano.md\/ru\/product\/san-pellegrino-aranciata-amara-bitter-330ml-24-buc-in-bax\/","title":{"rendered":"San Pellegrino Aranciata amara (Bitter) 330ml (24 buc in bax)"},"content":{"rendered":"<p data-start=\"170\" data-end=\"516\"><strong data-start=\"199\" data-end=\"239\">San Pellegrino Aranciata Amara 330ml<\/strong> este o b\u0103utur\u0103 r\u0103coritoare italian\u0103 cu personalitate, apreciat\u0103 pentru gustul s\u0103u intens de portocal\u0103 amar\u0103, echilibrat de o efervescen\u021b\u0103 fin\u0103 \u0219i revigorant\u0103. Are un profil aromatic elegant, u\u0219or amarui, foarte pl\u0103cut, care o face diferit\u0103 de b\u0103uturile obi\u0219nuite cu portocal\u0103.<\/p>\n<p data-start=\"518\" data-end=\"750\">Este ideal\u0103 pentru momentele \u00een care vrei ceva sofisticat, r\u0103coritor \u0219i autentic italian. Se potrive\u0219te excelent al\u0103turi de pizza, aperitive, panini, focaccia sau gust\u0103ri s\u0103rate, dar merge foarte bine \u0219i servit\u0103 simplu, bine r\u0103cit\u0103.<\/p>\n<p data-start=\"752\" data-end=\"1041\"><strong data-start=\"752\" data-end=\"777\">Mic\u0103 idee de servire:<\/strong><br data-start=\"777\" data-end=\"780\" \/>\u0421\u0435\u0440\u0432\u0438\u0440\u0443\u0435\u0442\u0441\u044f <strong data-start=\"789\" data-end=\"829\">San Pellegrino Aranciata Amara 330ml<\/strong> foarte rece, \u00eentr-un pahar cu ghea\u021b\u0103, o felie de portocal\u0103 \u0219i pu\u021bin\u0103 coaj\u0103 ras\u0103 de citrice. Pentru un aperitiv rapid \u00een stil italian, o po\u021bi acompania cu <strong data-start=\"984\" data-end=\"996\">grissine<\/strong>, m\u0103sline \u0219i c\u00e2teva felii de br\u00e2nz\u0103 maturat\u0103.<\/p>","protected":false},"excerpt":{"rendered":"<p>Ambalaj: bax 24 st. x 330 ml.<\/p>\n<p>Pretul afisat este per doza<\/p>","protected":false},"featured_media":51190,"template":"","meta":[],"product_brand":[2439],"product_cat":[2438],"product_tag":[2420],"class_list":{"0":"post-51195","1":"product","2":"type-product","3":"status-publish","4":"has-post-thumbnail","6":"product_brand-san-pellegrino","7":"product_cat-apa-naturala-italiana-bauturi","8":"product_tag-retail","10":"first","11":"outofstock","12":"taxable","13":"shipping-taxable","14":"purchasable","15":"product-type-simple"},"yoast_head":"<!-- This site is optimized with the Yoast SEO Premium plugin v26.5 (Yoast SEO v27.5) - https:\/\/yoast.com\/product\/yoast-seo-premium-wordpress\/ -->\n<title>San Pellegrino Aranciata amara (Bitter) 330ml (24 buc in bax) - Gusto Italiano<\/title>\n<meta name=\"description\" content=\"Cump\u0103r\u0103 San Pellegrino Aranciata Amara 330ml, b\u0103utur\u0103 italian\u0103 carbogazoas\u0103 cu gust intens de portocal\u0103 amar\u0103. Ideal\u0103 rece, la aperitiv sau al\u0103turi de preparate italiene\" \/>\n<meta name=\"robots\" content=\"index, follow, max-snippet:-1, max-image-preview:large, max-video-preview:-1\" \/>\n<link rel=\"canonical\" href=\"https:\/\/gustoitaliano.md\/ru\/product\/san-pellegrino-aranciata-amara-bitter-330ml-24-buc-in-bax\/\" \/>\n<meta property=\"og:locale\" content=\"ru_RU\" \/>\n<meta property=\"og:type\" content=\"article\" \/>\n<meta property=\"og:title\" content=\"San Pellegrino Aranciata amara (Bitter) 330ml (24 buc in bax)\" \/>\n<meta property=\"og:description\" content=\"Cump\u0103r\u0103 San Pellegrino Aranciata Amara 330ml, b\u0103utur\u0103 italian\u0103 carbogazoas\u0103 cu gust intens de portocal\u0103 amar\u0103. Ideal\u0103 rece, la aperitiv sau al\u0103turi de preparate italiene\" \/>\n<meta property=\"og:url\" content=\"https:\/\/gustoitaliano.md\/ru\/product\/san-pellegrino-aranciata-amara-bitter-330ml-24-buc-in-bax\/\" \/>\n<meta property=\"og:site_name\" content=\"Gusto Italiano\" \/>\n<meta property=\"article:publisher\" content=\"https:\/\/www.facebook.com\/GoldenGates.Moldova\" \/>\n<meta property=\"article:modified_time\" content=\"2026-04-24T09:29:28+00:00\" \/>\n<meta property=\"og:image\" content=\"https:\/\/gustoitaliano.md\/wp-content\/uploads\/2026\/03\/\u0411\u0435\u0437-\u043d\u0430\u0437\u0432\u0430\u043d\u0438\u044f-2.jpg\" \/>\n\t<meta property=\"og:image:width\" content=\"224\" \/>\n\t<meta property=\"og:image:height\" content=\"225\" \/>\n\t<meta property=\"og:image:type\" content=\"image\/jpeg\" \/>\n<meta name=\"twitter:card\" content=\"summary_large_image\" \/>\n<meta name=\"twitter:label1\" content=\"\u041f\u0440\u0438\u043c\u0435\u0440\u043d\u043e\u0435 \u0432\u0440\u0435\u043c\u044f \u0434\u043b\u044f \u0447\u0442\u0435\u043d\u0438\u044f\" \/>\n\t<meta name=\"twitter:data1\" content=\"1 \u043c\u0438\u043d\u0443\u0442\u0430\" \/>\n<script type=\"application\/ld+json\" class=\"yoast-schema-graph\">{\"@context\":\"https:\\\/\\\/schema.org\",\"@graph\":[{\"@type\":\"WebPage\",\"@id\":\"https:\\\/\\\/gustoitaliano.md\\\/product\\\/san-pellegrino-aranciata-amara-bitter-330ml-24-buc-in-bax\\\/\",\"url\":\"https:\\\/\\\/gustoitaliano.md\\\/product\\\/san-pellegrino-aranciata-amara-bitter-330ml-24-buc-in-bax\\\/\",\"name\":\"San Pellegrino Aranciata amara (Bitter) 330ml (24 buc in bax) - Gusto Italiano\",\"isPartOf\":{\"@id\":\"https:\\\/\\\/gustoitaliano.md\\\/ro\\\/#website\"},\"primaryImageOfPage\":{\"@id\":\"https:\\\/\\\/gustoitaliano.md\\\/product\\\/san-pellegrino-aranciata-amara-bitter-330ml-24-buc-in-bax\\\/#primaryimage\"},\"image\":{\"@id\":\"https:\\\/\\\/gustoitaliano.md\\\/product\\\/san-pellegrino-aranciata-amara-bitter-330ml-24-buc-in-bax\\\/#primaryimage\"},\"thumbnailUrl\":\"https:\\\/\\\/gustoitaliano.md\\\/wp-content\\\/uploads\\\/2026\\\/03\\\/\u0411\u0435\u0437-\u043d\u0430\u0437\u0432\u0430\u043d\u0438\u044f-2.jpg\",\"datePublished\":\"2026-03-31T09:54:12+00:00\",\"dateModified\":\"2026-04-24T09:29:28+00:00\",\"description\":\"Cump\u0103r\u0103 San Pellegrino Aranciata Amara 330ml, b\u0103utur\u0103 italian\u0103 carbogazoas\u0103 cu gust intens de portocal\u0103 amar\u0103. Ideal\u0103 rece, la aperitiv sau al\u0103turi de preparate italiene\",\"breadcrumb\":{\"@id\":\"https:\\\/\\\/gustoitaliano.md\\\/product\\\/san-pellegrino-aranciata-amara-bitter-330ml-24-buc-in-bax\\\/#breadcrumb\"},\"inLanguage\":\"ru-RU\",\"potentialAction\":[{\"@type\":\"ReadAction\",\"target\":[\"https:\\\/\\\/gustoitaliano.md\\\/product\\\/san-pellegrino-aranciata-amara-bitter-330ml-24-buc-in-bax\\\/\"]}]},{\"@type\":\"ImageObject\",\"inLanguage\":\"ru-RU\",\"@id\":\"https:\\\/\\\/gustoitaliano.md\\\/product\\\/san-pellegrino-aranciata-amara-bitter-330ml-24-buc-in-bax\\\/#primaryimage\",\"url\":\"https:\\\/\\\/gustoitaliano.md\\\/wp-content\\\/uploads\\\/2026\\\/03\\\/\u0411\u0435\u0437-\u043d\u0430\u0437\u0432\u0430\u043d\u0438\u044f-2.jpg\",\"contentUrl\":\"https:\\\/\\\/gustoitaliano.md\\\/wp-content\\\/uploads\\\/2026\\\/03\\\/\u0411\u0435\u0437-\u043d\u0430\u0437\u0432\u0430\u043d\u0438\u044f-2.jpg\",\"width\":224,\"height\":225},{\"@type\":\"BreadcrumbList\",\"@id\":\"https:\\\/\\\/gustoitaliano.md\\\/product\\\/san-pellegrino-aranciata-amara-bitter-330ml-24-buc-in-bax\\\/#breadcrumb\",\"itemListElement\":[{\"@type\":\"ListItem\",\"position\":1,\"name\":\"Prima pagin\u0103\",\"item\":\"https:\\\/\\\/gustoitaliano.md\\\/\"},{\"@type\":\"ListItem\",\"position\":2,\"name\":\"Magazin\",\"item\":\"https:\\\/\\\/gustoitaliano.md\\\/ro\\\/magazin\\\/\"},{\"@type\":\"ListItem\",\"position\":3,\"name\":\"Apa naturala italiana \\\/ Bauturi\",\"item\":\"https:\\\/\\\/gustoitaliano.md\\\/product-category\\\/apa-naturala-italiana-bauturi\\\/\"},{\"@type\":\"ListItem\",\"position\":4,\"name\":\"San Pellegrino Aranciata amara (Bitter) 330ml (24 buc in bax)\"}]},{\"@type\":\"WebSite\",\"@id\":\"https:\\\/\\\/gustoitaliano.md\\\/ro\\\/#website\",\"url\":\"https:\\\/\\\/gustoitaliano.md\\\/ro\\\/\",\"name\":\"Gusto Italiano\",\"description\":\"Produse Autentice Italiene\",\"publisher\":{\"@id\":\"https:\\\/\\\/gustoitaliano.md\\\/ro\\\/#organization\"},\"potentialAction\":[{\"@type\":\"SearchAction\",\"target\":{\"@type\":\"EntryPoint\",\"urlTemplate\":\"https:\\\/\\\/gustoitaliano.md\\\/ro\\\/?s={search_term_string}\"},\"query-input\":{\"@type\":\"PropertyValueSpecification\",\"valueRequired\":true,\"valueName\":\"search_term_string\"}}],\"inLanguage\":\"ru-RU\"},{\"@type\":\"Organization\",\"@id\":\"https:\\\/\\\/gustoitaliano.md\\\/ro\\\/#organization\",\"name\":\"Gusto Italiano\",\"alternateName\":\"Golden Gates SRL\",\"url\":\"https:\\\/\\\/gustoitaliano.md\\\/ro\\\/\",\"logo\":{\"@type\":\"ImageObject\",\"inLanguage\":\"ru-RU\",\"@id\":\"https:\\\/\\\/gustoitaliano.md\\\/ro\\\/#\\\/schema\\\/logo\\\/image\\\/\",\"url\":\"https:\\\/\\\/gustoitaliano.md\\\/wp-content\\\/uploads\\\/2025\\\/05\\\/logo-gusutoitaliano-2-2.png\",\"contentUrl\":\"https:\\\/\\\/gustoitaliano.md\\\/wp-content\\\/uploads\\\/2025\\\/05\\\/logo-gusutoitaliano-2-2.png\",\"width\":180,\"height\":180,\"caption\":\"Gusto Italiano\"},\"image\":{\"@id\":\"https:\\\/\\\/gustoitaliano.md\\\/ro\\\/#\\\/schema\\\/logo\\\/image\\\/\"},\"sameAs\":[\"https:\\\/\\\/www.facebook.com\\\/GoldenGates.Moldova\"]}]}<\/script>\n<!-- \/ Yoast SEO Premium plugin. -->","yoast_head_json":{"title":"San Pellegrino Aranciata amara (Bitter) 330ml (24 buc in bax) - Gusto Italiano","description":"Cump\u0103r\u0103 San Pellegrino Aranciata Amara 330ml, b\u0103utur\u0103 italian\u0103 carbogazoas\u0103 cu gust intens de portocal\u0103 amar\u0103. Ideal\u0103 rece, la aperitiv sau al\u0103turi de preparate italiene","robots":{"index":"index","follow":"follow","max-snippet":"max-snippet:-1","max-image-preview":"max-image-preview:large","max-video-preview":"max-video-preview:-1"},"canonical":"https:\/\/gustoitaliano.md\/ru\/product\/san-pellegrino-aranciata-amara-bitter-330ml-24-buc-in-bax\/","og_locale":"ru_RU","og_type":"article","og_title":"San Pellegrino Aranciata amara (Bitter) 330ml (24 buc in bax)","og_description":"Cump\u0103r\u0103 San Pellegrino Aranciata Amara 330ml, b\u0103utur\u0103 italian\u0103 carbogazoas\u0103 cu gust intens de portocal\u0103 amar\u0103. Ideal\u0103 rece, la aperitiv sau al\u0103turi de preparate italiene","og_url":"https:\/\/gustoitaliano.md\/ru\/product\/san-pellegrino-aranciata-amara-bitter-330ml-24-buc-in-bax\/","og_site_name":"Gusto Italiano","article_publisher":"https:\/\/www.facebook.com\/GoldenGates.Moldova","article_modified_time":"2026-04-24T09:29:28+00:00","og_image":[{"width":224,"height":225,"url":"https:\/\/gustoitaliano.md\/wp-content\/uploads\/2026\/03\/\u0411\u0435\u0437-\u043d\u0430\u0437\u0432\u0430\u043d\u0438\u044f-2.jpg","type":"image\/jpeg"}],"twitter_card":"summary_large_image","twitter_misc":{"\u041f\u0440\u0438\u043c\u0435\u0440\u043d\u043e\u0435 \u0432\u0440\u0435\u043c\u044f \u0434\u043b\u044f \u0447\u0442\u0435\u043d\u0438\u044f":"1 \u043c\u0438\u043d\u0443\u0442\u0430"},"schema":{"@context":"https:\/\/schema.org","@graph":[{"@type":"WebPage","@id":"https:\/\/gustoitaliano.md\/product\/san-pellegrino-aranciata-amara-bitter-330ml-24-buc-in-bax\/","url":"https:\/\/gustoitaliano.md\/product\/san-pellegrino-aranciata-amara-bitter-330ml-24-buc-in-bax\/","name":"San Pellegrino Aranciata amara (Bitter) 330ml (24 buc in bax) - Gusto Italiano","isPartOf":{"@id":"https:\/\/gustoitaliano.md\/ro\/#website"},"primaryImageOfPage":{"@id":"https:\/\/gustoitaliano.md\/product\/san-pellegrino-aranciata-amara-bitter-330ml-24-buc-in-bax\/#primaryimage"},"image":{"@id":"https:\/\/gustoitaliano.md\/product\/san-pellegrino-aranciata-amara-bitter-330ml-24-buc-in-bax\/#primaryimage"},"thumbnailUrl":"https:\/\/gustoitaliano.md\/wp-content\/uploads\/2026\/03\/\u0411\u0435\u0437-\u043d\u0430\u0437\u0432\u0430\u043d\u0438\u044f-2.jpg","datePublished":"2026-03-31T09:54:12+00:00","dateModified":"2026-04-24T09:29:28+00:00","description":"Cump\u0103r\u0103 San Pellegrino Aranciata Amara 330ml, b\u0103utur\u0103 italian\u0103 carbogazoas\u0103 cu gust intens de portocal\u0103 amar\u0103. Ideal\u0103 rece, la aperitiv sau al\u0103turi de preparate italiene","breadcrumb":{"@id":"https:\/\/gustoitaliano.md\/product\/san-pellegrino-aranciata-amara-bitter-330ml-24-buc-in-bax\/#breadcrumb"},"inLanguage":"ru-RU","potentialAction":[{"@type":"ReadAction","target":["https:\/\/gustoitaliano.md\/product\/san-pellegrino-aranciata-amara-bitter-330ml-24-buc-in-bax\/"]}]},{"@type":"ImageObject","inLanguage":"ru-RU","@id":"https:\/\/gustoitaliano.md\/product\/san-pellegrino-aranciata-amara-bitter-330ml-24-buc-in-bax\/#primaryimage","url":"https:\/\/gustoitaliano.md\/wp-content\/uploads\/2026\/03\/\u0411\u0435\u0437-\u043d\u0430\u0437\u0432\u0430\u043d\u0438\u044f-2.jpg","contentUrl":"https:\/\/gustoitaliano.md\/wp-content\/uploads\/2026\/03\/\u0411\u0435\u0437-\u043d\u0430\u0437\u0432\u0430\u043d\u0438\u044f-2.jpg","width":224,"height":225},{"@type":"BreadcrumbList","@id":"https:\/\/gustoitaliano.md\/product\/san-pellegrino-aranciata-amara-bitter-330ml-24-buc-in-bax\/#breadcrumb","itemListElement":[{"@type":"ListItem","position":1,"name":"Prima pagin\u0103","item":"https:\/\/gustoitaliano.md\/"},{"@type":"ListItem","position":2,"name":"Magazin","item":"https:\/\/gustoitaliano.md\/ro\/magazin\/"},{"@type":"ListItem","position":3,"name":"Apa naturala italiana \/ Bauturi","item":"https:\/\/gustoitaliano.md\/product-category\/apa-naturala-italiana-bauturi\/"},{"@type":"ListItem","position":4,"name":"San Pellegrino Aranciata amara (Bitter) 330ml (24 buc in bax)"}]},{"@type":"WebSite","@id":"https:\/\/gustoitaliano.md\/ro\/#website","url":"https:\/\/gustoitaliano.md\/ro\/","name":"Gusto Italiano","description":"\u0410\u0443\u0442\u0435\u043d\u0442\u0438\u0447\u043d\u044b\u0435 \u0438\u0442\u0430\u043b\u044c\u044f\u043d\u0441\u043a\u0438\u0435 \u043f\u0440\u043e\u0434\u0443\u043a\u0442\u044b","publisher":{"@id":"https:\/\/gustoitaliano.md\/ro\/#organization"},"potentialAction":[{"@type":"SearchAction","target":{"@type":"EntryPoint","urlTemplate":"https:\/\/gustoitaliano.md\/ro\/?s={search_term_string}"},"query-input":{"@type":"PropertyValueSpecification","valueRequired":true,"valueName":"search_term_string"}}],"inLanguage":"ru-RU"},{"@type":"Organization","@id":"https:\/\/gustoitaliano.md\/ro\/#organization","name":"Gusto Italiano","alternateName":"Golden Gates SRL","url":"https:\/\/gustoitaliano.md\/ro\/","logo":{"@type":"ImageObject","inLanguage":"ru-RU","@id":"https:\/\/gustoitaliano.md\/ro\/#\/schema\/logo\/image\/","url":"https:\/\/gustoitaliano.md\/wp-content\/uploads\/2025\/05\/logo-gusutoitaliano-2-2.png","contentUrl":"https:\/\/gustoitaliano.md\/wp-content\/uploads\/2025\/05\/logo-gusutoitaliano-2-2.png","width":180,"height":180,"caption":"Gusto Italiano"},"image":{"@id":"https:\/\/gustoitaliano.md\/ro\/#\/schema\/logo\/image\/"},"sameAs":["https:\/\/www.facebook.com\/GoldenGates.Moldova"]}]}},"_links":{"self":[{"href":"https:\/\/gustoitaliano.md\/ru\/wp-json\/wp\/v2\/product\/51195","targetHints":{"allow":["GET"]}}],"collection":[{"href":"https:\/\/gustoitaliano.md\/ru\/wp-json\/wp\/v2\/product"}],"about":[{"href":"https:\/\/gustoitaliano.md\/ru\/wp-json\/wp\/v2\/types\/product"}],"version-history":[{"count":2,"href":"https:\/\/gustoitaliano.md\/ru\/wp-json\/wp\/v2\/product\/51195\/revisions"}],"predecessor-version":[{"id":51202,"href":"https:\/\/gustoitaliano.md\/ru\/wp-json\/wp\/v2\/product\/51195\/revisions\/51202"}],"wp:featuredmedia":[{"embeddable":true,"href":"https:\/\/gustoitaliano.md\/ru\/wp-json\/wp\/v2\/media\/51190"}],"wp:attachment":[{"href":"https:\/\/gustoitaliano.md\/ru\/wp-json\/wp\/v2\/media?parent=51195"}],"wp:term":[{"taxonomy":"product_brand","embeddable":true,"href":"https:\/\/gustoitaliano.md\/ru\/wp-json\/wp\/v2\/product_brand?post=51195"},{"taxonomy":"product_cat","embeddable":true,"href":"https:\/\/gustoitaliano.md\/ru\/wp-json\/wp\/v2\/product_cat?post=51195"},{"taxonomy":"product_tag","embeddable":true,"href":"https:\/\/gustoitaliano.md\/ru\/wp-json\/wp\/v2\/product_tag?post=51195"}],"curies":[{"name":"wp","href":"https:\/\/api.w.org\/{rel}","templated":true}]}}