{"id":51199,"date":"2026-03-31T12:52:32","date_gmt":"2026-03-31T09:52:32","guid":{"rendered":"https:\/\/gustoitaliano.md\/?post_type=product&#038;p=51199"},"modified":"2026-04-16T14:03:14","modified_gmt":"2026-04-16T11:03:14","slug":"san-pellegrino-limonata-330ml-24-buc-in-bax","status":"publish","type":"product","link":"https:\/\/gustoitaliano.md\/ru\/product\/san-pellegrino-limonata-330ml-24-buc-in-bax\/","title":{"rendered":"San Pellegrino Limonata 330ml (24 buc in bax)"},"content":{"rendered":"<p data-start=\"164\" data-end=\"491\"><strong data-start=\"193\" data-end=\"226\">San Pellegrino Limonata 330ml<\/strong> este o b\u0103utur\u0103 r\u0103coritoare italian\u0103 cu arom\u0103 intens\u0103 de l\u0103m\u00e2ie, plin\u0103 de prospe\u021bime \u0219i vivacitate. Are un gust clar, citric, echilibrat \u00eentre aciditatea pl\u0103cut\u0103 a l\u0103m\u00e2ii \u0219i dulcea\u021ba fin\u0103, completat de o perlare delicat\u0103 care o face extrem de pl\u0103cut\u0103 la orice mas\u0103.<\/p>\n<p data-start=\"493\" data-end=\"726\">Este genul de b\u0103utur\u0103 care merge minunat \u00een zilele calde, la un pr\u00e2nz lejer sau l\u00e2ng\u0103 preparate italiene savuroase. Se potrive\u0219te foarte bine al\u0103turi de pizza, focaccia, pe\u0219te, fructe de mare sau gust\u0103ri simple, \u00een stil mediteranean.<\/p>\n<p data-start=\"728\" data-end=\"1011\"><strong data-start=\"728\" data-end=\"753\">Mic\u0103 idee de servire:<\/strong><br data-start=\"753\" data-end=\"756\" \/>\u0421\u0435\u0440\u0432\u0438\u0440\u0443\u0435\u0442\u0441\u044f <strong data-start=\"765\" data-end=\"798\">San Pellegrino Limonata 330ml<\/strong> bine rece, cu ghea\u021b\u0103, o felie sub\u021bire de l\u0103m\u00e2ie \u0219i c\u00e2teva frunze de ment\u0103. Pentru un aperitiv rapid, o po\u021bi pune l\u00e2ng\u0103 <strong data-start=\"918\" data-end=\"930\">grissine<\/strong> \u0219i un platou cu br\u00e2nzeturi fine sau prosciutto. Simplu, curat \u0219i foarte italian.<\/p>","protected":false},"excerpt":{"rendered":"<p>Ambalaj: bax 24 st. x 330 ml.<\/p>\n<p>Pretul afisat este per doza<\/p>","protected":false},"featured_media":51191,"template":"","meta":[],"product_brand":[2439],"product_cat":[2438],"product_tag":[2419,2420],"class_list":{"0":"post-51199","1":"product","2":"type-product","3":"status-publish","4":"has-post-thumbnail","6":"product_brand-san-pellegrino","7":"product_cat-apa-naturala-italiana-bauturi","8":"product_tag-horeca","9":"product_tag-retail","11":"first","12":"instock","13":"taxable","14":"shipping-taxable","15":"purchasable","16":"product-type-simple"},"yoast_head":"<!-- This site is optimized with the Yoast SEO Premium plugin v26.5 (Yoast SEO v27.5) - https:\/\/yoast.com\/product\/yoast-seo-premium-wordpress\/ -->\n<title>San Pellegrino Limonata 330ml (24 buc in bax) - Gusto Italiano<\/title>\n<meta name=\"description\" content=\"Cump\u0103r\u0103 San Pellegrino Limonata 330ml, b\u0103utur\u0103 italian\u0103 carbogazoas\u0103 cu gust proasp\u0103t de l\u0103m\u00e2ie. Ideal\u0103 rece, pentru aperitive, pizza \u0219i mese \u00een stil mediteranean.\" \/>\n<meta name=\"robots\" content=\"index, follow, max-snippet:-1, max-image-preview:large, max-video-preview:-1\" \/>\n<link rel=\"canonical\" href=\"https:\/\/gustoitaliano.md\/ru\/product\/san-pellegrino-limonata-330ml-24-buc-in-bax\/\" \/>\n<meta property=\"og:locale\" content=\"ru_RU\" \/>\n<meta property=\"og:type\" content=\"article\" \/>\n<meta property=\"og:title\" content=\"San Pellegrino Limonata 330ml (24 buc in bax)\" \/>\n<meta property=\"og:description\" content=\"Cump\u0103r\u0103 San Pellegrino Limonata 330ml, b\u0103utur\u0103 italian\u0103 carbogazoas\u0103 cu gust proasp\u0103t de l\u0103m\u00e2ie. Ideal\u0103 rece, pentru aperitive, pizza \u0219i mese \u00een stil mediteranean.\" \/>\n<meta property=\"og:url\" content=\"https:\/\/gustoitaliano.md\/ru\/product\/san-pellegrino-limonata-330ml-24-buc-in-bax\/\" \/>\n<meta property=\"og:site_name\" content=\"Gusto Italiano\" \/>\n<meta property=\"article:publisher\" content=\"https:\/\/www.facebook.com\/GoldenGates.Moldova\" \/>\n<meta property=\"article:modified_time\" content=\"2026-04-16T11:03:14+00:00\" \/>\n<meta property=\"og:image\" content=\"https:\/\/gustoitaliano.md\/wp-content\/uploads\/2026\/03\/\u0411\u0435\u0437-\u043d\u0430\u0437\u0432\u0430\u043d\u0438\u044f-1.jpg\" \/>\n\t<meta property=\"og:image:width\" content=\"225\" \/>\n\t<meta property=\"og:image:height\" content=\"225\" \/>\n\t<meta property=\"og:image:type\" content=\"image\/jpeg\" \/>\n<meta name=\"twitter:card\" content=\"summary_large_image\" \/>\n<meta name=\"twitter:label1\" content=\"\u041f\u0440\u0438\u043c\u0435\u0440\u043d\u043e\u0435 \u0432\u0440\u0435\u043c\u044f \u0434\u043b\u044f \u0447\u0442\u0435\u043d\u0438\u044f\" \/>\n\t<meta name=\"twitter:data1\" content=\"1 \u043c\u0438\u043d\u0443\u0442\u0430\" \/>\n<script type=\"application\/ld+json\" class=\"yoast-schema-graph\">{\"@context\":\"https:\\\/\\\/schema.org\",\"@graph\":[{\"@type\":\"WebPage\",\"@id\":\"https:\\\/\\\/gustoitaliano.md\\\/product\\\/san-pellegrino-limonata-330ml-24-buc-in-bax\\\/\",\"url\":\"https:\\\/\\\/gustoitaliano.md\\\/product\\\/san-pellegrino-limonata-330ml-24-buc-in-bax\\\/\",\"name\":\"San Pellegrino Limonata 330ml (24 buc in bax) - Gusto Italiano\",\"isPartOf\":{\"@id\":\"https:\\\/\\\/gustoitaliano.md\\\/ro\\\/#website\"},\"primaryImageOfPage\":{\"@id\":\"https:\\\/\\\/gustoitaliano.md\\\/product\\\/san-pellegrino-limonata-330ml-24-buc-in-bax\\\/#primaryimage\"},\"image\":{\"@id\":\"https:\\\/\\\/gustoitaliano.md\\\/product\\\/san-pellegrino-limonata-330ml-24-buc-in-bax\\\/#primaryimage\"},\"thumbnailUrl\":\"https:\\\/\\\/gustoitaliano.md\\\/wp-content\\\/uploads\\\/2026\\\/03\\\/\u0411\u0435\u0437-\u043d\u0430\u0437\u0432\u0430\u043d\u0438\u044f-1.jpg\",\"datePublished\":\"2026-03-31T09:52:32+00:00\",\"dateModified\":\"2026-04-16T11:03:14+00:00\",\"description\":\"Cump\u0103r\u0103 San Pellegrino Limonata 330ml, b\u0103utur\u0103 italian\u0103 carbogazoas\u0103 cu gust proasp\u0103t de l\u0103m\u00e2ie. Ideal\u0103 rece, pentru aperitive, pizza \u0219i mese \u00een stil mediteranean.\",\"breadcrumb\":{\"@id\":\"https:\\\/\\\/gustoitaliano.md\\\/product\\\/san-pellegrino-limonata-330ml-24-buc-in-bax\\\/#breadcrumb\"},\"inLanguage\":\"ru-RU\",\"potentialAction\":[{\"@type\":\"ReadAction\",\"target\":[\"https:\\\/\\\/gustoitaliano.md\\\/product\\\/san-pellegrino-limonata-330ml-24-buc-in-bax\\\/\"]}]},{\"@type\":\"ImageObject\",\"inLanguage\":\"ru-RU\",\"@id\":\"https:\\\/\\\/gustoitaliano.md\\\/product\\\/san-pellegrino-limonata-330ml-24-buc-in-bax\\\/#primaryimage\",\"url\":\"https:\\\/\\\/gustoitaliano.md\\\/wp-content\\\/uploads\\\/2026\\\/03\\\/\u0411\u0435\u0437-\u043d\u0430\u0437\u0432\u0430\u043d\u0438\u044f-1.jpg\",\"contentUrl\":\"https:\\\/\\\/gustoitaliano.md\\\/wp-content\\\/uploads\\\/2026\\\/03\\\/\u0411\u0435\u0437-\u043d\u0430\u0437\u0432\u0430\u043d\u0438\u044f-1.jpg\",\"width\":225,\"height\":225},{\"@type\":\"BreadcrumbList\",\"@id\":\"https:\\\/\\\/gustoitaliano.md\\\/product\\\/san-pellegrino-limonata-330ml-24-buc-in-bax\\\/#breadcrumb\",\"itemListElement\":[{\"@type\":\"ListItem\",\"position\":1,\"name\":\"Prima pagin\u0103\",\"item\":\"https:\\\/\\\/gustoitaliano.md\\\/\"},{\"@type\":\"ListItem\",\"position\":2,\"name\":\"Magazin\",\"item\":\"https:\\\/\\\/gustoitaliano.md\\\/ro\\\/magazin\\\/\"},{\"@type\":\"ListItem\",\"position\":3,\"name\":\"Apa naturala italiana \\\/ Bauturi\",\"item\":\"https:\\\/\\\/gustoitaliano.md\\\/product-category\\\/apa-naturala-italiana-bauturi\\\/\"},{\"@type\":\"ListItem\",\"position\":4,\"name\":\"San Pellegrino Limonata 330ml (24 buc in bax)\"}]},{\"@type\":\"WebSite\",\"@id\":\"https:\\\/\\\/gustoitaliano.md\\\/ro\\\/#website\",\"url\":\"https:\\\/\\\/gustoitaliano.md\\\/ro\\\/\",\"name\":\"Gusto Italiano\",\"description\":\"Produse Autentice Italiene\",\"publisher\":{\"@id\":\"https:\\\/\\\/gustoitaliano.md\\\/ro\\\/#organization\"},\"potentialAction\":[{\"@type\":\"SearchAction\",\"target\":{\"@type\":\"EntryPoint\",\"urlTemplate\":\"https:\\\/\\\/gustoitaliano.md\\\/ro\\\/?s={search_term_string}\"},\"query-input\":{\"@type\":\"PropertyValueSpecification\",\"valueRequired\":true,\"valueName\":\"search_term_string\"}}],\"inLanguage\":\"ru-RU\"},{\"@type\":\"Organization\",\"@id\":\"https:\\\/\\\/gustoitaliano.md\\\/ro\\\/#organization\",\"name\":\"Gusto Italiano\",\"alternateName\":\"Golden Gates SRL\",\"url\":\"https:\\\/\\\/gustoitaliano.md\\\/ro\\\/\",\"logo\":{\"@type\":\"ImageObject\",\"inLanguage\":\"ru-RU\",\"@id\":\"https:\\\/\\\/gustoitaliano.md\\\/ro\\\/#\\\/schema\\\/logo\\\/image\\\/\",\"url\":\"https:\\\/\\\/gustoitaliano.md\\\/wp-content\\\/uploads\\\/2025\\\/05\\\/logo-gusutoitaliano-2-2.png\",\"contentUrl\":\"https:\\\/\\\/gustoitaliano.md\\\/wp-content\\\/uploads\\\/2025\\\/05\\\/logo-gusutoitaliano-2-2.png\",\"width\":180,\"height\":180,\"caption\":\"Gusto Italiano\"},\"image\":{\"@id\":\"https:\\\/\\\/gustoitaliano.md\\\/ro\\\/#\\\/schema\\\/logo\\\/image\\\/\"},\"sameAs\":[\"https:\\\/\\\/www.facebook.com\\\/GoldenGates.Moldova\"]}]}<\/script>\n<!-- \/ Yoast SEO Premium plugin. -->","yoast_head_json":{"title":"San Pellegrino Limonata 330ml (24 buc in bax) - Gusto Italiano","description":"Cump\u0103r\u0103 San Pellegrino Limonata 330ml, b\u0103utur\u0103 italian\u0103 carbogazoas\u0103 cu gust proasp\u0103t de l\u0103m\u00e2ie. Ideal\u0103 rece, pentru aperitive, pizza \u0219i mese \u00een stil mediteranean.","robots":{"index":"index","follow":"follow","max-snippet":"max-snippet:-1","max-image-preview":"max-image-preview:large","max-video-preview":"max-video-preview:-1"},"canonical":"https:\/\/gustoitaliano.md\/ru\/product\/san-pellegrino-limonata-330ml-24-buc-in-bax\/","og_locale":"ru_RU","og_type":"article","og_title":"San Pellegrino Limonata 330ml (24 buc in bax)","og_description":"Cump\u0103r\u0103 San Pellegrino Limonata 330ml, b\u0103utur\u0103 italian\u0103 carbogazoas\u0103 cu gust proasp\u0103t de l\u0103m\u00e2ie. Ideal\u0103 rece, pentru aperitive, pizza \u0219i mese \u00een stil mediteranean.","og_url":"https:\/\/gustoitaliano.md\/ru\/product\/san-pellegrino-limonata-330ml-24-buc-in-bax\/","og_site_name":"Gusto Italiano","article_publisher":"https:\/\/www.facebook.com\/GoldenGates.Moldova","article_modified_time":"2026-04-16T11:03:14+00:00","og_image":[{"width":225,"height":225,"url":"https:\/\/gustoitaliano.md\/wp-content\/uploads\/2026\/03\/\u0411\u0435\u0437-\u043d\u0430\u0437\u0432\u0430\u043d\u0438\u044f-1.jpg","type":"image\/jpeg"}],"twitter_card":"summary_large_image","twitter_misc":{"\u041f\u0440\u0438\u043c\u0435\u0440\u043d\u043e\u0435 \u0432\u0440\u0435\u043c\u044f \u0434\u043b\u044f \u0447\u0442\u0435\u043d\u0438\u044f":"1 \u043c\u0438\u043d\u0443\u0442\u0430"},"schema":{"@context":"https:\/\/schema.org","@graph":[{"@type":"WebPage","@id":"https:\/\/gustoitaliano.md\/product\/san-pellegrino-limonata-330ml-24-buc-in-bax\/","url":"https:\/\/gustoitaliano.md\/product\/san-pellegrino-limonata-330ml-24-buc-in-bax\/","name":"San Pellegrino Limonata 330ml (24 buc in bax) - Gusto Italiano","isPartOf":{"@id":"https:\/\/gustoitaliano.md\/ro\/#website"},"primaryImageOfPage":{"@id":"https:\/\/gustoitaliano.md\/product\/san-pellegrino-limonata-330ml-24-buc-in-bax\/#primaryimage"},"image":{"@id":"https:\/\/gustoitaliano.md\/product\/san-pellegrino-limonata-330ml-24-buc-in-bax\/#primaryimage"},"thumbnailUrl":"https:\/\/gustoitaliano.md\/wp-content\/uploads\/2026\/03\/\u0411\u0435\u0437-\u043d\u0430\u0437\u0432\u0430\u043d\u0438\u044f-1.jpg","datePublished":"2026-03-31T09:52:32+00:00","dateModified":"2026-04-16T11:03:14+00:00","description":"Cump\u0103r\u0103 San Pellegrino Limonata 330ml, b\u0103utur\u0103 italian\u0103 carbogazoas\u0103 cu gust proasp\u0103t de l\u0103m\u00e2ie. Ideal\u0103 rece, pentru aperitive, pizza \u0219i mese \u00een stil mediteranean.","breadcrumb":{"@id":"https:\/\/gustoitaliano.md\/product\/san-pellegrino-limonata-330ml-24-buc-in-bax\/#breadcrumb"},"inLanguage":"ru-RU","potentialAction":[{"@type":"ReadAction","target":["https:\/\/gustoitaliano.md\/product\/san-pellegrino-limonata-330ml-24-buc-in-bax\/"]}]},{"@type":"ImageObject","inLanguage":"ru-RU","@id":"https:\/\/gustoitaliano.md\/product\/san-pellegrino-limonata-330ml-24-buc-in-bax\/#primaryimage","url":"https:\/\/gustoitaliano.md\/wp-content\/uploads\/2026\/03\/\u0411\u0435\u0437-\u043d\u0430\u0437\u0432\u0430\u043d\u0438\u044f-1.jpg","contentUrl":"https:\/\/gustoitaliano.md\/wp-content\/uploads\/2026\/03\/\u0411\u0435\u0437-\u043d\u0430\u0437\u0432\u0430\u043d\u0438\u044f-1.jpg","width":225,"height":225},{"@type":"BreadcrumbList","@id":"https:\/\/gustoitaliano.md\/product\/san-pellegrino-limonata-330ml-24-buc-in-bax\/#breadcrumb","itemListElement":[{"@type":"ListItem","position":1,"name":"Prima pagin\u0103","item":"https:\/\/gustoitaliano.md\/"},{"@type":"ListItem","position":2,"name":"Magazin","item":"https:\/\/gustoitaliano.md\/ro\/magazin\/"},{"@type":"ListItem","position":3,"name":"Apa naturala italiana \/ Bauturi","item":"https:\/\/gustoitaliano.md\/product-category\/apa-naturala-italiana-bauturi\/"},{"@type":"ListItem","position":4,"name":"San Pellegrino Limonata 330ml (24 buc in bax)"}]},{"@type":"WebSite","@id":"https:\/\/gustoitaliano.md\/ro\/#website","url":"https:\/\/gustoitaliano.md\/ro\/","name":"Gusto Italiano","description":"\u0410\u0443\u0442\u0435\u043d\u0442\u0438\u0447\u043d\u044b\u0435 \u0438\u0442\u0430\u043b\u044c\u044f\u043d\u0441\u043a\u0438\u0435 \u043f\u0440\u043e\u0434\u0443\u043a\u0442\u044b","publisher":{"@id":"https:\/\/gustoitaliano.md\/ro\/#organization"},"potentialAction":[{"@type":"SearchAction","target":{"@type":"EntryPoint","urlTemplate":"https:\/\/gustoitaliano.md\/ro\/?s={search_term_string}"},"query-input":{"@type":"PropertyValueSpecification","valueRequired":true,"valueName":"search_term_string"}}],"inLanguage":"ru-RU"},{"@type":"Organization","@id":"https:\/\/gustoitaliano.md\/ro\/#organization","name":"Gusto Italiano","alternateName":"Golden Gates SRL","url":"https:\/\/gustoitaliano.md\/ro\/","logo":{"@type":"ImageObject","inLanguage":"ru-RU","@id":"https:\/\/gustoitaliano.md\/ro\/#\/schema\/logo\/image\/","url":"https:\/\/gustoitaliano.md\/wp-content\/uploads\/2025\/05\/logo-gusutoitaliano-2-2.png","contentUrl":"https:\/\/gustoitaliano.md\/wp-content\/uploads\/2025\/05\/logo-gusutoitaliano-2-2.png","width":180,"height":180,"caption":"Gusto Italiano"},"image":{"@id":"https:\/\/gustoitaliano.md\/ro\/#\/schema\/logo\/image\/"},"sameAs":["https:\/\/www.facebook.com\/GoldenGates.Moldova"]}]}},"_links":{"self":[{"href":"https:\/\/gustoitaliano.md\/ru\/wp-json\/wp\/v2\/product\/51199","targetHints":{"allow":["GET"]}}],"collection":[{"href":"https:\/\/gustoitaliano.md\/ru\/wp-json\/wp\/v2\/product"}],"about":[{"href":"https:\/\/gustoitaliano.md\/ru\/wp-json\/wp\/v2\/types\/product"}],"version-history":[{"count":2,"href":"https:\/\/gustoitaliano.md\/ru\/wp-json\/wp\/v2\/product\/51199\/revisions"}],"predecessor-version":[{"id":51201,"href":"https:\/\/gustoitaliano.md\/ru\/wp-json\/wp\/v2\/product\/51199\/revisions\/51201"}],"wp:featuredmedia":[{"embeddable":true,"href":"https:\/\/gustoitaliano.md\/ru\/wp-json\/wp\/v2\/media\/51191"}],"wp:attachment":[{"href":"https:\/\/gustoitaliano.md\/ru\/wp-json\/wp\/v2\/media?parent=51199"}],"wp:term":[{"taxonomy":"product_brand","embeddable":true,"href":"https:\/\/gustoitaliano.md\/ru\/wp-json\/wp\/v2\/product_brand?post=51199"},{"taxonomy":"product_cat","embeddable":true,"href":"https:\/\/gustoitaliano.md\/ru\/wp-json\/wp\/v2\/product_cat?post=51199"},{"taxonomy":"product_tag","embeddable":true,"href":"https:\/\/gustoitaliano.md\/ru\/wp-json\/wp\/v2\/product_tag?post=51199"}],"curies":[{"name":"wp","href":"https:\/\/api.w.org\/{rel}","templated":true}]}}