{"id":51236,"date":"2026-03-31T16:16:44","date_gmt":"2026-03-31T13:16:44","guid":{"rendered":"https:\/\/gustoitaliano.md\/?post_type=product&#038;p=51236"},"modified":"2026-04-16T14:02:52","modified_gmt":"2026-04-16T11:02:52","slug":"polenta-precotta-500-gr","status":"publish","type":"product","link":"https:\/\/gustoitaliano.md\/ru\/product\/polenta-precotta-500-gr\/","title":{"rendered":"Polenta precotta 500 gr"},"content":{"rendered":"<p data-start=\"89\" data-end=\"432\"><strong data-start=\"118\" data-end=\"145\">Polenta Precotta 500 gr<\/strong> este alegerea ideal\u0103 pentru cei care vor s\u0103 preg\u0103teasc\u0103 rapid o garnitur\u0103 gustoas\u0103, s\u0103\u021bioas\u0103 \u0219i autentic italian\u0103. Ob\u021binut\u0103 din m\u0103lai atent prelucrat \u0219i prefiart, acest produs reduce considerabil timpul de g\u0103tire \u0219i ofer\u0103 o textur\u0103 pl\u0103cut\u0103, fin\u0103 sau mai dens\u0103, \u00een func\u021bie de preferin\u021b\u0103.<\/p>\n<p data-start=\"434\" data-end=\"717\">\u00cen buc\u0103t\u0103ria italian\u0103, polenta este un preparat simplu, dar foarte versatil. Se potrive\u0219te perfect l\u00e2ng\u0103 carne, ciuperci, br\u00e2nzeturi sau sosuri bogate de ro\u0219ii. Poate fi servit\u0103 moale, imediat dup\u0103 fierbere, sau l\u0103sat\u0103 s\u0103 se r\u0103ceasc\u0103, apoi t\u0103iat\u0103 \u0219i rumenit\u0103 pe tigaie ori la cuptor.<\/p>\n<p data-start=\"719\" data-end=\"1047\">Ca buc\u0103tar, a\u0219 spune a\u0219a: polenta bun\u0103 nu cere mult, ci doar pu\u021bin\u0103 grij\u0103 \u0219i un acompaniament pe m\u0103sur\u0103. Pentru o farfurie rapid\u0103, fierbe\u021bi <strong data-start=\"859\" data-end=\"886\">Polenta Precotta 500 gr<\/strong> \u00een ap\u0103 cu sare, apoi ad\u0103uga\u021bi unt \u0219i pu\u021bin parmezan. Al\u0103turi, merge minunat cu un sos de ro\u0219ii sau cu ciuperci trase \u00een tigaie. Simplu, rustic \u0219i foarte gustos.<\/p>","protected":false},"excerpt":{"rendered":"<p>Polenta Precotta 500 gr este alegerea ideal\u0103 pentru cei care vor s\u0103 preg\u0103teasc\u0103 rapid o garnitur\u0103 gustoas\u0103, s\u0103\u021bioas\u0103 \u0219i autentic<\/p>","protected":false},"featured_media":51239,"template":"","meta":[],"product_brand":[2422],"product_cat":[2349],"product_tag":[2420],"class_list":{"0":"post-51236","1":"product","2":"type-product","3":"status-publish","4":"has-post-thumbnail","6":"product_brand-inalca-fb","7":"product_cat-faina-denti","8":"product_tag-retail","10":"first","11":"instock","12":"taxable","13":"shipping-taxable","14":"purchasable","15":"product-type-simple"},"yoast_head":"<!-- This site is optimized with the Yoast SEO Premium plugin v26.5 (Yoast SEO v27.5) - https:\/\/yoast.com\/product\/yoast-seo-premium-wordpress\/ -->\n<title>Polenta precotta 500 gr - Gusto Italiano<\/title>\n<meta name=\"description\" content=\"Cump\u0103r\u0103 Polenta Precotta 500 gr \u2013 polenta italian\u0103 prefiart\u0103, u\u0219or de preg\u0103tit, perfect\u0103 pentru garnituri, re\u021bete rustice \u0219i preparate rapide.\" \/>\n<meta name=\"robots\" content=\"index, follow, max-snippet:-1, max-image-preview:large, max-video-preview:-1\" \/>\n<link rel=\"canonical\" href=\"https:\/\/gustoitaliano.md\/ru\/product\/polenta-precotta-500-gr\/\" \/>\n<meta property=\"og:locale\" content=\"ru_RU\" \/>\n<meta property=\"og:type\" content=\"article\" \/>\n<meta property=\"og:title\" content=\"Polenta precotta 500 gr\" \/>\n<meta property=\"og:description\" content=\"Cump\u0103r\u0103 Polenta Precotta 500 gr \u2013 polenta italian\u0103 prefiart\u0103, u\u0219or de preg\u0103tit, perfect\u0103 pentru garnituri, re\u021bete rustice \u0219i preparate rapide.\" \/>\n<meta property=\"og:url\" content=\"https:\/\/gustoitaliano.md\/ru\/product\/polenta-precotta-500-gr\/\" \/>\n<meta property=\"og:site_name\" content=\"Gusto Italiano\" \/>\n<meta property=\"article:publisher\" content=\"https:\/\/www.facebook.com\/GoldenGates.Moldova\" \/>\n<meta property=\"article:modified_time\" content=\"2026-04-16T11:02:52+00:00\" \/>\n<meta property=\"og:image\" content=\"https:\/\/gustoitaliano.md\/wp-content\/uploads\/2026\/03\/Polenta-Precotta.png\" \/>\n\t<meta property=\"og:image:width\" content=\"433\" \/>\n\t<meta property=\"og:image:height\" content=\"577\" \/>\n\t<meta property=\"og:image:type\" content=\"image\/png\" \/>\n<meta name=\"twitter:card\" content=\"summary_large_image\" \/>\n<meta name=\"twitter:label1\" content=\"\u041f\u0440\u0438\u043c\u0435\u0440\u043d\u043e\u0435 \u0432\u0440\u0435\u043c\u044f \u0434\u043b\u044f \u0447\u0442\u0435\u043d\u0438\u044f\" \/>\n\t<meta name=\"twitter:data1\" content=\"2 \u043c\u0438\u043d\u0443\u0442\u044b\" \/>\n<script type=\"application\/ld+json\" class=\"yoast-schema-graph\">{\"@context\":\"https:\\\/\\\/schema.org\",\"@graph\":[{\"@type\":\"WebPage\",\"@id\":\"https:\\\/\\\/gustoitaliano.md\\\/product\\\/polenta-precotta-500-gr\\\/\",\"url\":\"https:\\\/\\\/gustoitaliano.md\\\/product\\\/polenta-precotta-500-gr\\\/\",\"name\":\"Polenta precotta 500 gr - Gusto Italiano\",\"isPartOf\":{\"@id\":\"https:\\\/\\\/gustoitaliano.md\\\/ro\\\/#website\"},\"primaryImageOfPage\":{\"@id\":\"https:\\\/\\\/gustoitaliano.md\\\/product\\\/polenta-precotta-500-gr\\\/#primaryimage\"},\"image\":{\"@id\":\"https:\\\/\\\/gustoitaliano.md\\\/product\\\/polenta-precotta-500-gr\\\/#primaryimage\"},\"thumbnailUrl\":\"https:\\\/\\\/gustoitaliano.md\\\/wp-content\\\/uploads\\\/2026\\\/03\\\/Polenta-Precotta.png\",\"datePublished\":\"2026-03-31T13:16:44+00:00\",\"dateModified\":\"2026-04-16T11:02:52+00:00\",\"description\":\"Cump\u0103r\u0103 Polenta Precotta 500 gr \u2013 polenta italian\u0103 prefiart\u0103, u\u0219or de preg\u0103tit, perfect\u0103 pentru garnituri, re\u021bete rustice \u0219i preparate rapide.\",\"breadcrumb\":{\"@id\":\"https:\\\/\\\/gustoitaliano.md\\\/product\\\/polenta-precotta-500-gr\\\/#breadcrumb\"},\"inLanguage\":\"ru-RU\",\"potentialAction\":[{\"@type\":\"ReadAction\",\"target\":[\"https:\\\/\\\/gustoitaliano.md\\\/product\\\/polenta-precotta-500-gr\\\/\"]}]},{\"@type\":\"ImageObject\",\"inLanguage\":\"ru-RU\",\"@id\":\"https:\\\/\\\/gustoitaliano.md\\\/product\\\/polenta-precotta-500-gr\\\/#primaryimage\",\"url\":\"https:\\\/\\\/gustoitaliano.md\\\/wp-content\\\/uploads\\\/2026\\\/03\\\/Polenta-Precotta.png\",\"contentUrl\":\"https:\\\/\\\/gustoitaliano.md\\\/wp-content\\\/uploads\\\/2026\\\/03\\\/Polenta-Precotta.png\",\"width\":433,\"height\":577},{\"@type\":\"BreadcrumbList\",\"@id\":\"https:\\\/\\\/gustoitaliano.md\\\/product\\\/polenta-precotta-500-gr\\\/#breadcrumb\",\"itemListElement\":[{\"@type\":\"ListItem\",\"position\":1,\"name\":\"Prima pagin\u0103\",\"item\":\"https:\\\/\\\/gustoitaliano.md\\\/\"},{\"@type\":\"ListItem\",\"position\":2,\"name\":\"Magazin\",\"item\":\"https:\\\/\\\/gustoitaliano.md\\\/ro\\\/magazin\\\/\"},{\"@type\":\"ListItem\",\"position\":3,\"name\":\"F\u0103ina Denti\",\"item\":\"https:\\\/\\\/gustoitaliano.md\\\/product-category\\\/faina-denti\\\/\"},{\"@type\":\"ListItem\",\"position\":4,\"name\":\"Polenta precotta 500 gr\"}]},{\"@type\":\"WebSite\",\"@id\":\"https:\\\/\\\/gustoitaliano.md\\\/ro\\\/#website\",\"url\":\"https:\\\/\\\/gustoitaliano.md\\\/ro\\\/\",\"name\":\"Gusto Italiano\",\"description\":\"Produse Autentice Italiene\",\"publisher\":{\"@id\":\"https:\\\/\\\/gustoitaliano.md\\\/ro\\\/#organization\"},\"potentialAction\":[{\"@type\":\"SearchAction\",\"target\":{\"@type\":\"EntryPoint\",\"urlTemplate\":\"https:\\\/\\\/gustoitaliano.md\\\/ro\\\/?s={search_term_string}\"},\"query-input\":{\"@type\":\"PropertyValueSpecification\",\"valueRequired\":true,\"valueName\":\"search_term_string\"}}],\"inLanguage\":\"ru-RU\"},{\"@type\":\"Organization\",\"@id\":\"https:\\\/\\\/gustoitaliano.md\\\/ro\\\/#organization\",\"name\":\"Gusto Italiano\",\"alternateName\":\"Golden Gates SRL\",\"url\":\"https:\\\/\\\/gustoitaliano.md\\\/ro\\\/\",\"logo\":{\"@type\":\"ImageObject\",\"inLanguage\":\"ru-RU\",\"@id\":\"https:\\\/\\\/gustoitaliano.md\\\/ro\\\/#\\\/schema\\\/logo\\\/image\\\/\",\"url\":\"https:\\\/\\\/gustoitaliano.md\\\/wp-content\\\/uploads\\\/2025\\\/05\\\/logo-gusutoitaliano-2-2.png\",\"contentUrl\":\"https:\\\/\\\/gustoitaliano.md\\\/wp-content\\\/uploads\\\/2025\\\/05\\\/logo-gusutoitaliano-2-2.png\",\"width\":180,\"height\":180,\"caption\":\"Gusto Italiano\"},\"image\":{\"@id\":\"https:\\\/\\\/gustoitaliano.md\\\/ro\\\/#\\\/schema\\\/logo\\\/image\\\/\"},\"sameAs\":[\"https:\\\/\\\/www.facebook.com\\\/GoldenGates.Moldova\"]}]}<\/script>\n<!-- \/ Yoast SEO Premium plugin. -->","yoast_head_json":{"title":"Polenta precotta 500 gr - Gusto Italiano","description":"Cump\u0103r\u0103 Polenta Precotta 500 gr \u2013 polenta italian\u0103 prefiart\u0103, u\u0219or de preg\u0103tit, perfect\u0103 pentru garnituri, re\u021bete rustice \u0219i preparate rapide.","robots":{"index":"index","follow":"follow","max-snippet":"max-snippet:-1","max-image-preview":"max-image-preview:large","max-video-preview":"max-video-preview:-1"},"canonical":"https:\/\/gustoitaliano.md\/ru\/product\/polenta-precotta-500-gr\/","og_locale":"ru_RU","og_type":"article","og_title":"Polenta precotta 500 gr","og_description":"Cump\u0103r\u0103 Polenta Precotta 500 gr \u2013 polenta italian\u0103 prefiart\u0103, u\u0219or de preg\u0103tit, perfect\u0103 pentru garnituri, re\u021bete rustice \u0219i preparate rapide.","og_url":"https:\/\/gustoitaliano.md\/ru\/product\/polenta-precotta-500-gr\/","og_site_name":"Gusto Italiano","article_publisher":"https:\/\/www.facebook.com\/GoldenGates.Moldova","article_modified_time":"2026-04-16T11:02:52+00:00","og_image":[{"width":433,"height":577,"url":"https:\/\/gustoitaliano.md\/wp-content\/uploads\/2026\/03\/Polenta-Precotta.png","type":"image\/png"}],"twitter_card":"summary_large_image","twitter_misc":{"\u041f\u0440\u0438\u043c\u0435\u0440\u043d\u043e\u0435 \u0432\u0440\u0435\u043c\u044f \u0434\u043b\u044f \u0447\u0442\u0435\u043d\u0438\u044f":"2 \u043c\u0438\u043d\u0443\u0442\u044b"},"schema":{"@context":"https:\/\/schema.org","@graph":[{"@type":"WebPage","@id":"https:\/\/gustoitaliano.md\/product\/polenta-precotta-500-gr\/","url":"https:\/\/gustoitaliano.md\/product\/polenta-precotta-500-gr\/","name":"Polenta precotta 500 gr - Gusto Italiano","isPartOf":{"@id":"https:\/\/gustoitaliano.md\/ro\/#website"},"primaryImageOfPage":{"@id":"https:\/\/gustoitaliano.md\/product\/polenta-precotta-500-gr\/#primaryimage"},"image":{"@id":"https:\/\/gustoitaliano.md\/product\/polenta-precotta-500-gr\/#primaryimage"},"thumbnailUrl":"https:\/\/gustoitaliano.md\/wp-content\/uploads\/2026\/03\/Polenta-Precotta.png","datePublished":"2026-03-31T13:16:44+00:00","dateModified":"2026-04-16T11:02:52+00:00","description":"Cump\u0103r\u0103 Polenta Precotta 500 gr \u2013 polenta italian\u0103 prefiart\u0103, u\u0219or de preg\u0103tit, perfect\u0103 pentru garnituri, re\u021bete rustice \u0219i preparate rapide.","breadcrumb":{"@id":"https:\/\/gustoitaliano.md\/product\/polenta-precotta-500-gr\/#breadcrumb"},"inLanguage":"ru-RU","potentialAction":[{"@type":"ReadAction","target":["https:\/\/gustoitaliano.md\/product\/polenta-precotta-500-gr\/"]}]},{"@type":"ImageObject","inLanguage":"ru-RU","@id":"https:\/\/gustoitaliano.md\/product\/polenta-precotta-500-gr\/#primaryimage","url":"https:\/\/gustoitaliano.md\/wp-content\/uploads\/2026\/03\/Polenta-Precotta.png","contentUrl":"https:\/\/gustoitaliano.md\/wp-content\/uploads\/2026\/03\/Polenta-Precotta.png","width":433,"height":577},{"@type":"BreadcrumbList","@id":"https:\/\/gustoitaliano.md\/product\/polenta-precotta-500-gr\/#breadcrumb","itemListElement":[{"@type":"ListItem","position":1,"name":"Prima pagin\u0103","item":"https:\/\/gustoitaliano.md\/"},{"@type":"ListItem","position":2,"name":"Magazin","item":"https:\/\/gustoitaliano.md\/ro\/magazin\/"},{"@type":"ListItem","position":3,"name":"F\u0103ina Denti","item":"https:\/\/gustoitaliano.md\/product-category\/faina-denti\/"},{"@type":"ListItem","position":4,"name":"Polenta precotta 500 gr"}]},{"@type":"WebSite","@id":"https:\/\/gustoitaliano.md\/ro\/#website","url":"https:\/\/gustoitaliano.md\/ro\/","name":"Gusto Italiano","description":"\u0410\u0443\u0442\u0435\u043d\u0442\u0438\u0447\u043d\u044b\u0435 \u0438\u0442\u0430\u043b\u044c\u044f\u043d\u0441\u043a\u0438\u0435 \u043f\u0440\u043e\u0434\u0443\u043a\u0442\u044b","publisher":{"@id":"https:\/\/gustoitaliano.md\/ro\/#organization"},"potentialAction":[{"@type":"SearchAction","target":{"@type":"EntryPoint","urlTemplate":"https:\/\/gustoitaliano.md\/ro\/?s={search_term_string}"},"query-input":{"@type":"PropertyValueSpecification","valueRequired":true,"valueName":"search_term_string"}}],"inLanguage":"ru-RU"},{"@type":"Organization","@id":"https:\/\/gustoitaliano.md\/ro\/#organization","name":"Gusto Italiano","alternateName":"Golden Gates SRL","url":"https:\/\/gustoitaliano.md\/ro\/","logo":{"@type":"ImageObject","inLanguage":"ru-RU","@id":"https:\/\/gustoitaliano.md\/ro\/#\/schema\/logo\/image\/","url":"https:\/\/gustoitaliano.md\/wp-content\/uploads\/2025\/05\/logo-gusutoitaliano-2-2.png","contentUrl":"https:\/\/gustoitaliano.md\/wp-content\/uploads\/2025\/05\/logo-gusutoitaliano-2-2.png","width":180,"height":180,"caption":"Gusto Italiano"},"image":{"@id":"https:\/\/gustoitaliano.md\/ro\/#\/schema\/logo\/image\/"},"sameAs":["https:\/\/www.facebook.com\/GoldenGates.Moldova"]}]}},"_links":{"self":[{"href":"https:\/\/gustoitaliano.md\/ru\/wp-json\/wp\/v2\/product\/51236","targetHints":{"allow":["GET"]}}],"collection":[{"href":"https:\/\/gustoitaliano.md\/ru\/wp-json\/wp\/v2\/product"}],"about":[{"href":"https:\/\/gustoitaliano.md\/ru\/wp-json\/wp\/v2\/types\/product"}],"version-history":[{"count":1,"href":"https:\/\/gustoitaliano.md\/ru\/wp-json\/wp\/v2\/product\/51236\/revisions"}],"predecessor-version":[{"id":51241,"href":"https:\/\/gustoitaliano.md\/ru\/wp-json\/wp\/v2\/product\/51236\/revisions\/51241"}],"wp:featuredmedia":[{"embeddable":true,"href":"https:\/\/gustoitaliano.md\/ru\/wp-json\/wp\/v2\/media\/51239"}],"wp:attachment":[{"href":"https:\/\/gustoitaliano.md\/ru\/wp-json\/wp\/v2\/media?parent=51236"}],"wp:term":[{"taxonomy":"product_brand","embeddable":true,"href":"https:\/\/gustoitaliano.md\/ru\/wp-json\/wp\/v2\/product_brand?post=51236"},{"taxonomy":"product_cat","embeddable":true,"href":"https:\/\/gustoitaliano.md\/ru\/wp-json\/wp\/v2\/product_cat?post=51236"},{"taxonomy":"product_tag","embeddable":true,"href":"https:\/\/gustoitaliano.md\/ru\/wp-json\/wp\/v2\/product_tag?post=51236"}],"curies":[{"name":"wp","href":"https:\/\/api.w.org\/{rel}","templated":true}]}}