{"id":51242,"date":"2026-03-31T16:21:46","date_gmt":"2026-03-31T13:21:46","guid":{"rendered":"https:\/\/gustoitaliano.md\/?post_type=product&#038;p=51242"},"modified":"2026-04-16T14:02:38","modified_gmt":"2026-04-16T11:02:38","slug":"mazza-four-cheese-cream-400-gr","status":"publish","type":"product","link":"https:\/\/gustoitaliano.md\/ru\/product\/mazza-four-cheese-cream-400-gr\/","title":{"rendered":"Mazza Four Cheese Cream 400 gr"},"content":{"rendered":"<p data-start=\"103\" data-end=\"451\"><strong data-start=\"132\" data-end=\"166\">Mazza Four Cheese Cream 400 gr<\/strong> este un sos cremos \u0219i savuros, inspirat din gustul bogat al celor patru br\u00e2nzeturi, perfect pentru paste, gnocchi, pizza sau preparate gratinate. Are o textur\u0103 fin\u0103, catifelat\u0103 \u0219i un gust intens, dar echilibrat, care aduce imediat \u00een farfurie acel aer de buc\u0103t\u0103rie italian\u0103 autentic\u0103.<\/p>\n<p data-start=\"453\" data-end=\"753\">Este produsul potrivit atunci c\u00e2nd vre\u021bi s\u0103 ob\u021bine\u021bi rapid un preparat gustos, f\u0103r\u0103 s\u0103 complica\u021bi re\u021beta. Se \u00eenc\u0103lze\u0219te u\u0219or \u0219i se combin\u0103 excelent cu paste scurte, penne, tagliatelle, carne de pui, legume la tigaie sau cartofi cop\u021bi. \u00cen plus, poate fi folosit \u0219i ca baz\u0103 pentru sosuri mai elaborate.<\/p>\n<p data-start=\"755\" data-end=\"984\">Ca idee de buc\u0103tar: <strong data-start=\"775\" data-end=\"809\">Mazza Four Cheese Cream 400 gr<\/strong> merge minunat cu paste fierbin\u021bi, pu\u021bin piper negru \u0219i, dac\u0103 dori\u021bi, c\u00e2teva ciuperci rumenite sau cuburi de pancetta. Rezultatul este consistent, elegant \u0219i foarte apetisant.<\/p>","protected":false},"excerpt":{"rendered":"<p>Mazza Four Cheese Cream 400 gr este un sos cremos \u0219i savuros, inspirat din gustul bogat al celor patru br\u00e2nzeturi,<\/p>","protected":false},"featured_media":51238,"template":"","meta":[],"product_brand":[2450],"product_cat":[2351,2401,2398],"product_tag":[2419,2420],"class_list":{"0":"post-51242","1":"product","2":"type-product","3":"status-publish","4":"has-post-thumbnail","6":"product_brand-mazza","7":"product_cat-branzeturi","8":"product_cat-branzeturi-moi-cremoase","9":"product_cat-branzeturi-tari","10":"product_tag-horeca","11":"product_tag-retail","13":"first","14":"instock","15":"taxable","16":"shipping-taxable","17":"purchasable","18":"product-type-simple"},"yoast_head":"<!-- This site is optimized with the Yoast SEO Premium plugin v26.5 (Yoast SEO v27.5) - https:\/\/yoast.com\/product\/yoast-seo-premium-wordpress\/ -->\n<title>Mazza Four Cheese Cream 400 gr - Gusto Italiano<\/title>\n<meta name=\"description\" content=\"Cump\u0103r\u0103 Mazza Four Cheese Cream 400 gr \u2013 crem\u0103 fin\u0103 cu patru br\u00e2nzeturi, ideal\u0103 pentru paste, pizza, gnocchi \u0219i preparate gratinate cu gust italian autentic.\" \/>\n<meta name=\"robots\" content=\"index, follow, max-snippet:-1, max-image-preview:large, max-video-preview:-1\" \/>\n<link rel=\"canonical\" href=\"https:\/\/gustoitaliano.md\/ru\/product\/mazza-four-cheese-cream-400-gr\/\" \/>\n<meta property=\"og:locale\" content=\"ru_RU\" \/>\n<meta property=\"og:type\" content=\"article\" \/>\n<meta property=\"og:title\" content=\"Mazza Four Cheese Cream 400 gr\" \/>\n<meta property=\"og:description\" content=\"Cump\u0103r\u0103 Mazza Four Cheese Cream 400 gr \u2013 crem\u0103 fin\u0103 cu patru br\u00e2nzeturi, ideal\u0103 pentru paste, pizza, gnocchi \u0219i preparate gratinate cu gust italian autentic.\" \/>\n<meta property=\"og:url\" content=\"https:\/\/gustoitaliano.md\/ru\/product\/mazza-four-cheese-cream-400-gr\/\" \/>\n<meta property=\"og:site_name\" content=\"Gusto Italiano\" \/>\n<meta property=\"article:publisher\" content=\"https:\/\/www.facebook.com\/GoldenGates.Moldova\" \/>\n<meta property=\"article:modified_time\" content=\"2026-04-16T11:02:38+00:00\" \/>\n<meta property=\"og:image\" content=\"https:\/\/gustoitaliano.md\/wp-content\/uploads\/2026\/03\/Four-cheese-cream.png\" \/>\n\t<meta property=\"og:image:width\" content=\"433\" \/>\n\t<meta property=\"og:image:height\" content=\"577\" \/>\n\t<meta property=\"og:image:type\" content=\"image\/png\" \/>\n<meta name=\"twitter:card\" content=\"summary_large_image\" \/>\n<meta name=\"twitter:label1\" content=\"\u041f\u0440\u0438\u043c\u0435\u0440\u043d\u043e\u0435 \u0432\u0440\u0435\u043c\u044f \u0434\u043b\u044f \u0447\u0442\u0435\u043d\u0438\u044f\" \/>\n\t<meta name=\"twitter:data1\" content=\"1 \u043c\u0438\u043d\u0443\u0442\u0430\" \/>\n<script type=\"application\/ld+json\" class=\"yoast-schema-graph\">{\"@context\":\"https:\\\/\\\/schema.org\",\"@graph\":[{\"@type\":\"WebPage\",\"@id\":\"https:\\\/\\\/gustoitaliano.md\\\/product\\\/mazza-four-cheese-cream-400-gr\\\/\",\"url\":\"https:\\\/\\\/gustoitaliano.md\\\/product\\\/mazza-four-cheese-cream-400-gr\\\/\",\"name\":\"Mazza Four Cheese Cream 400 gr - Gusto Italiano\",\"isPartOf\":{\"@id\":\"https:\\\/\\\/gustoitaliano.md\\\/ro\\\/#website\"},\"primaryImageOfPage\":{\"@id\":\"https:\\\/\\\/gustoitaliano.md\\\/product\\\/mazza-four-cheese-cream-400-gr\\\/#primaryimage\"},\"image\":{\"@id\":\"https:\\\/\\\/gustoitaliano.md\\\/product\\\/mazza-four-cheese-cream-400-gr\\\/#primaryimage\"},\"thumbnailUrl\":\"https:\\\/\\\/gustoitaliano.md\\\/wp-content\\\/uploads\\\/2026\\\/03\\\/Four-cheese-cream.png\",\"datePublished\":\"2026-03-31T13:21:46+00:00\",\"dateModified\":\"2026-04-16T11:02:38+00:00\",\"description\":\"Cump\u0103r\u0103 Mazza Four Cheese Cream 400 gr \u2013 crem\u0103 fin\u0103 cu patru br\u00e2nzeturi, ideal\u0103 pentru paste, pizza, gnocchi \u0219i preparate gratinate cu gust italian autentic.\",\"breadcrumb\":{\"@id\":\"https:\\\/\\\/gustoitaliano.md\\\/product\\\/mazza-four-cheese-cream-400-gr\\\/#breadcrumb\"},\"inLanguage\":\"ru-RU\",\"potentialAction\":[{\"@type\":\"ReadAction\",\"target\":[\"https:\\\/\\\/gustoitaliano.md\\\/product\\\/mazza-four-cheese-cream-400-gr\\\/\"]}]},{\"@type\":\"ImageObject\",\"inLanguage\":\"ru-RU\",\"@id\":\"https:\\\/\\\/gustoitaliano.md\\\/product\\\/mazza-four-cheese-cream-400-gr\\\/#primaryimage\",\"url\":\"https:\\\/\\\/gustoitaliano.md\\\/wp-content\\\/uploads\\\/2026\\\/03\\\/Four-cheese-cream.png\",\"contentUrl\":\"https:\\\/\\\/gustoitaliano.md\\\/wp-content\\\/uploads\\\/2026\\\/03\\\/Four-cheese-cream.png\",\"width\":433,\"height\":577},{\"@type\":\"BreadcrumbList\",\"@id\":\"https:\\\/\\\/gustoitaliano.md\\\/product\\\/mazza-four-cheese-cream-400-gr\\\/#breadcrumb\",\"itemListElement\":[{\"@type\":\"ListItem\",\"position\":1,\"name\":\"Prima pagin\u0103\",\"item\":\"https:\\\/\\\/gustoitaliano.md\\\/\"},{\"@type\":\"ListItem\",\"position\":2,\"name\":\"Magazin\",\"item\":\"https:\\\/\\\/gustoitaliano.md\\\/ro\\\/magazin\\\/\"},{\"@type\":\"ListItem\",\"position\":3,\"name\":\"Br\u00e2nzeturi\",\"item\":\"https:\\\/\\\/gustoitaliano.md\\\/product-category\\\/branzeturi\\\/\"},{\"@type\":\"ListItem\",\"position\":4,\"name\":\"Br\u00e2nzeturi moi &amp; cremoase\",\"item\":\"https:\\\/\\\/gustoitaliano.md\\\/product-category\\\/branzeturi\\\/branzeturi-moi-cremoase\\\/\"},{\"@type\":\"ListItem\",\"position\":5,\"name\":\"Mazza Four Cheese Cream 400 gr\"}]},{\"@type\":\"WebSite\",\"@id\":\"https:\\\/\\\/gustoitaliano.md\\\/ro\\\/#website\",\"url\":\"https:\\\/\\\/gustoitaliano.md\\\/ro\\\/\",\"name\":\"Gusto Italiano\",\"description\":\"Produse Autentice Italiene\",\"publisher\":{\"@id\":\"https:\\\/\\\/gustoitaliano.md\\\/ro\\\/#organization\"},\"potentialAction\":[{\"@type\":\"SearchAction\",\"target\":{\"@type\":\"EntryPoint\",\"urlTemplate\":\"https:\\\/\\\/gustoitaliano.md\\\/ro\\\/?s={search_term_string}\"},\"query-input\":{\"@type\":\"PropertyValueSpecification\",\"valueRequired\":true,\"valueName\":\"search_term_string\"}}],\"inLanguage\":\"ru-RU\"},{\"@type\":\"Organization\",\"@id\":\"https:\\\/\\\/gustoitaliano.md\\\/ro\\\/#organization\",\"name\":\"Gusto Italiano\",\"alternateName\":\"Golden Gates SRL\",\"url\":\"https:\\\/\\\/gustoitaliano.md\\\/ro\\\/\",\"logo\":{\"@type\":\"ImageObject\",\"inLanguage\":\"ru-RU\",\"@id\":\"https:\\\/\\\/gustoitaliano.md\\\/ro\\\/#\\\/schema\\\/logo\\\/image\\\/\",\"url\":\"https:\\\/\\\/gustoitaliano.md\\\/wp-content\\\/uploads\\\/2025\\\/05\\\/logo-gusutoitaliano-2-2.png\",\"contentUrl\":\"https:\\\/\\\/gustoitaliano.md\\\/wp-content\\\/uploads\\\/2025\\\/05\\\/logo-gusutoitaliano-2-2.png\",\"width\":180,\"height\":180,\"caption\":\"Gusto Italiano\"},\"image\":{\"@id\":\"https:\\\/\\\/gustoitaliano.md\\\/ro\\\/#\\\/schema\\\/logo\\\/image\\\/\"},\"sameAs\":[\"https:\\\/\\\/www.facebook.com\\\/GoldenGates.Moldova\"]}]}<\/script>\n<!-- \/ Yoast SEO Premium plugin. -->","yoast_head_json":{"title":"Mazza Four Cheese Cream 400 gr - Gusto Italiano","description":"Cump\u0103r\u0103 Mazza Four Cheese Cream 400 gr \u2013 crem\u0103 fin\u0103 cu patru br\u00e2nzeturi, ideal\u0103 pentru paste, pizza, gnocchi \u0219i preparate gratinate cu gust italian autentic.","robots":{"index":"index","follow":"follow","max-snippet":"max-snippet:-1","max-image-preview":"max-image-preview:large","max-video-preview":"max-video-preview:-1"},"canonical":"https:\/\/gustoitaliano.md\/ru\/product\/mazza-four-cheese-cream-400-gr\/","og_locale":"ru_RU","og_type":"article","og_title":"Mazza Four Cheese Cream 400 gr","og_description":"Cump\u0103r\u0103 Mazza Four Cheese Cream 400 gr \u2013 crem\u0103 fin\u0103 cu patru br\u00e2nzeturi, ideal\u0103 pentru paste, pizza, gnocchi \u0219i preparate gratinate cu gust italian autentic.","og_url":"https:\/\/gustoitaliano.md\/ru\/product\/mazza-four-cheese-cream-400-gr\/","og_site_name":"Gusto Italiano","article_publisher":"https:\/\/www.facebook.com\/GoldenGates.Moldova","article_modified_time":"2026-04-16T11:02:38+00:00","og_image":[{"width":433,"height":577,"url":"https:\/\/gustoitaliano.md\/wp-content\/uploads\/2026\/03\/Four-cheese-cream.png","type":"image\/png"}],"twitter_card":"summary_large_image","twitter_misc":{"\u041f\u0440\u0438\u043c\u0435\u0440\u043d\u043e\u0435 \u0432\u0440\u0435\u043c\u044f \u0434\u043b\u044f \u0447\u0442\u0435\u043d\u0438\u044f":"1 \u043c\u0438\u043d\u0443\u0442\u0430"},"schema":{"@context":"https:\/\/schema.org","@graph":[{"@type":"WebPage","@id":"https:\/\/gustoitaliano.md\/product\/mazza-four-cheese-cream-400-gr\/","url":"https:\/\/gustoitaliano.md\/product\/mazza-four-cheese-cream-400-gr\/","name":"Mazza Four Cheese Cream 400 gr - Gusto Italiano","isPartOf":{"@id":"https:\/\/gustoitaliano.md\/ro\/#website"},"primaryImageOfPage":{"@id":"https:\/\/gustoitaliano.md\/product\/mazza-four-cheese-cream-400-gr\/#primaryimage"},"image":{"@id":"https:\/\/gustoitaliano.md\/product\/mazza-four-cheese-cream-400-gr\/#primaryimage"},"thumbnailUrl":"https:\/\/gustoitaliano.md\/wp-content\/uploads\/2026\/03\/Four-cheese-cream.png","datePublished":"2026-03-31T13:21:46+00:00","dateModified":"2026-04-16T11:02:38+00:00","description":"Cump\u0103r\u0103 Mazza Four Cheese Cream 400 gr \u2013 crem\u0103 fin\u0103 cu patru br\u00e2nzeturi, ideal\u0103 pentru paste, pizza, gnocchi \u0219i preparate gratinate cu gust italian autentic.","breadcrumb":{"@id":"https:\/\/gustoitaliano.md\/product\/mazza-four-cheese-cream-400-gr\/#breadcrumb"},"inLanguage":"ru-RU","potentialAction":[{"@type":"ReadAction","target":["https:\/\/gustoitaliano.md\/product\/mazza-four-cheese-cream-400-gr\/"]}]},{"@type":"ImageObject","inLanguage":"ru-RU","@id":"https:\/\/gustoitaliano.md\/product\/mazza-four-cheese-cream-400-gr\/#primaryimage","url":"https:\/\/gustoitaliano.md\/wp-content\/uploads\/2026\/03\/Four-cheese-cream.png","contentUrl":"https:\/\/gustoitaliano.md\/wp-content\/uploads\/2026\/03\/Four-cheese-cream.png","width":433,"height":577},{"@type":"BreadcrumbList","@id":"https:\/\/gustoitaliano.md\/product\/mazza-four-cheese-cream-400-gr\/#breadcrumb","itemListElement":[{"@type":"ListItem","position":1,"name":"Prima pagin\u0103","item":"https:\/\/gustoitaliano.md\/"},{"@type":"ListItem","position":2,"name":"Magazin","item":"https:\/\/gustoitaliano.md\/ro\/magazin\/"},{"@type":"ListItem","position":3,"name":"Br\u00e2nzeturi","item":"https:\/\/gustoitaliano.md\/product-category\/branzeturi\/"},{"@type":"ListItem","position":4,"name":"Br\u00e2nzeturi moi &amp; cremoase","item":"https:\/\/gustoitaliano.md\/product-category\/branzeturi\/branzeturi-moi-cremoase\/"},{"@type":"ListItem","position":5,"name":"Mazza Four Cheese Cream 400 gr"}]},{"@type":"WebSite","@id":"https:\/\/gustoitaliano.md\/ro\/#website","url":"https:\/\/gustoitaliano.md\/ro\/","name":"Gusto Italiano","description":"\u0410\u0443\u0442\u0435\u043d\u0442\u0438\u0447\u043d\u044b\u0435 \u0438\u0442\u0430\u043b\u044c\u044f\u043d\u0441\u043a\u0438\u0435 \u043f\u0440\u043e\u0434\u0443\u043a\u0442\u044b","publisher":{"@id":"https:\/\/gustoitaliano.md\/ro\/#organization"},"potentialAction":[{"@type":"SearchAction","target":{"@type":"EntryPoint","urlTemplate":"https:\/\/gustoitaliano.md\/ro\/?s={search_term_string}"},"query-input":{"@type":"PropertyValueSpecification","valueRequired":true,"valueName":"search_term_string"}}],"inLanguage":"ru-RU"},{"@type":"Organization","@id":"https:\/\/gustoitaliano.md\/ro\/#organization","name":"Gusto Italiano","alternateName":"Golden Gates SRL","url":"https:\/\/gustoitaliano.md\/ro\/","logo":{"@type":"ImageObject","inLanguage":"ru-RU","@id":"https:\/\/gustoitaliano.md\/ro\/#\/schema\/logo\/image\/","url":"https:\/\/gustoitaliano.md\/wp-content\/uploads\/2025\/05\/logo-gusutoitaliano-2-2.png","contentUrl":"https:\/\/gustoitaliano.md\/wp-content\/uploads\/2025\/05\/logo-gusutoitaliano-2-2.png","width":180,"height":180,"caption":"Gusto Italiano"},"image":{"@id":"https:\/\/gustoitaliano.md\/ro\/#\/schema\/logo\/image\/"},"sameAs":["https:\/\/www.facebook.com\/GoldenGates.Moldova"]}]}},"_links":{"self":[{"href":"https:\/\/gustoitaliano.md\/ru\/wp-json\/wp\/v2\/product\/51242","targetHints":{"allow":["GET"]}}],"collection":[{"href":"https:\/\/gustoitaliano.md\/ru\/wp-json\/wp\/v2\/product"}],"about":[{"href":"https:\/\/gustoitaliano.md\/ru\/wp-json\/wp\/v2\/types\/product"}],"version-history":[{"count":1,"href":"https:\/\/gustoitaliano.md\/ru\/wp-json\/wp\/v2\/product\/51242\/revisions"}],"predecessor-version":[{"id":51243,"href":"https:\/\/gustoitaliano.md\/ru\/wp-json\/wp\/v2\/product\/51242\/revisions\/51243"}],"wp:featuredmedia":[{"embeddable":true,"href":"https:\/\/gustoitaliano.md\/ru\/wp-json\/wp\/v2\/media\/51238"}],"wp:attachment":[{"href":"https:\/\/gustoitaliano.md\/ru\/wp-json\/wp\/v2\/media?parent=51242"}],"wp:term":[{"taxonomy":"product_brand","embeddable":true,"href":"https:\/\/gustoitaliano.md\/ru\/wp-json\/wp\/v2\/product_brand?post=51242"},{"taxonomy":"product_cat","embeddable":true,"href":"https:\/\/gustoitaliano.md\/ru\/wp-json\/wp\/v2\/product_cat?post=51242"},{"taxonomy":"product_tag","embeddable":true,"href":"https:\/\/gustoitaliano.md\/ru\/wp-json\/wp\/v2\/product_tag?post=51242"}],"curies":[{"name":"wp","href":"https:\/\/api.w.org\/{rel}","templated":true}]}}