{"id":51278,"date":"2026-03-31T16:46:26","date_gmt":"2026-03-31T13:46:26","guid":{"rendered":"https:\/\/gustoitaliano.md\/?post_type=product&#038;p=51278"},"modified":"2026-04-16T14:02:25","modified_gmt":"2026-04-16T11:02:25","slug":"mazza-nero-di-seppia-180-gr","status":"publish","type":"product","link":"https:\/\/gustoitaliano.md\/ru\/product\/mazza-nero-di-seppia-180-gr\/","title":{"rendered":"Mazza nero di seppia 180 gr"},"content":{"rendered":"<p data-start=\"97\" data-end=\"441\"><strong data-start=\"126\" data-end=\"157\">Mazza Nero di Seppia 180 gr<\/strong> este ingredientul care aduce \u00een farfurie gustul profund al m\u0103rii \u0219i acel farmec aparte al buc\u0103t\u0103riei mediteraneene. Cu arom\u0103 intens\u0103, u\u0219or s\u0103rat\u0103 \u0219i specific\u0103 fructelor de mare, acest produs este ideal pentru preparate care trebuie s\u0103 impresioneze at\u00e2t prin gust, c\u00e2t \u0219i prin aspect.<\/p>\n<p data-start=\"443\" data-end=\"762\">Nero di seppia este folosit mai ales pentru paste, risotto, sosuri de pe\u0219te \u0219i preparate cu fructe de mare, oferind culoarea aceea neagr\u0103 elegant\u0103 \u0219i un caracter culinar inconfundabil. Este genul de ingredient care transform\u0103 o re\u021bet\u0103 simpl\u0103 \u00eentr-un platou cu personalitate, exact ca \u00eentr-o trattorie de pe malul m\u0103rii.<\/p>\n<p data-start=\"764\" data-end=\"1099\">Ca buc\u0103tar, l-a\u0219 folosi cu m\u0103sur\u0103, fiindc\u0103 are suficient\u0103 for\u021b\u0103 \u00eenc\u00e2t s\u0103 dea via\u021b\u0103 \u00eentregii farfurii. Merge minunat \u00eentr-un sos pentru spaghetti, al\u0103turi de creve\u021bi, calamari, usturoi \u0219i pu\u021bin ulei de m\u0103sline. Iar dac\u0103 \u00een farfurie mai intr\u0103 \u0219i ro\u0219ii cherry sau un strop de vin alb, deja vorbim despre un preparat cu adev\u0103rat memorabil.<\/p>","protected":false},"excerpt":{"rendered":"<p>Mazza Nero di Seppia 180 gr este ingredientul care aduce \u00een farfurie gustul profund al m\u0103rii \u0219i acel farmec aparte<\/p>","protected":false},"featured_media":51283,"template":"","meta":[],"product_brand":[2450],"product_cat":[2404,2345,2360,2361],"product_tag":[2419,2420],"class_list":{"0":"post-51278","1":"product","2":"type-product","3":"status-publish","4":"has-post-thumbnail","6":"product_brand-mazza","7":"product_cat-condimente","8":"product_cat-condimente-si-mirodenii","9":"product_cat-conserve-si-semipreparate-din-peste","10":"product_cat-sosuri","11":"product_tag-horeca","12":"product_tag-retail","14":"first","15":"instock","16":"taxable","17":"shipping-taxable","18":"purchasable","19":"product-type-simple"},"yoast_head":"<!-- This site is optimized with the Yoast SEO Premium plugin v26.5 (Yoast SEO v27.5) - https:\/\/yoast.com\/product\/yoast-seo-premium-wordpress\/ -->\n<title>Mazza nero di seppia 180 gr - Gusto Italiano<\/title>\n<meta name=\"description\" content=\"Cump\u0103r\u0103 Mazza Nero di Seppia 180 gr \u2013 ingredient italian cu gust intens de mare, ideal pentru paste, risotto, sosuri \u0219i preparate cu fructe de mare.\" \/>\n<meta name=\"robots\" content=\"index, follow, max-snippet:-1, max-image-preview:large, max-video-preview:-1\" \/>\n<link rel=\"canonical\" href=\"https:\/\/gustoitaliano.md\/ru\/product\/mazza-nero-di-seppia-180-gr\/\" \/>\n<meta property=\"og:locale\" content=\"ru_RU\" \/>\n<meta property=\"og:type\" content=\"article\" \/>\n<meta property=\"og:title\" content=\"Mazza nero di seppia 180 gr\" \/>\n<meta property=\"og:description\" content=\"Cump\u0103r\u0103 Mazza Nero di Seppia 180 gr \u2013 ingredient italian cu gust intens de mare, ideal pentru paste, risotto, sosuri \u0219i preparate cu fructe de mare.\" \/>\n<meta property=\"og:url\" content=\"https:\/\/gustoitaliano.md\/ru\/product\/mazza-nero-di-seppia-180-gr\/\" \/>\n<meta property=\"og:site_name\" content=\"Gusto Italiano\" \/>\n<meta property=\"article:publisher\" content=\"https:\/\/www.facebook.com\/GoldenGates.Moldova\" \/>\n<meta property=\"article:modified_time\" content=\"2026-04-16T11:02:25+00:00\" \/>\n<meta property=\"og:image\" content=\"https:\/\/gustoitaliano.md\/wp-content\/uploads\/2026\/03\/Mazza-Nero-di-seppia-180-gr.png\" \/>\n\t<meta property=\"og:image:width\" content=\"433\" \/>\n\t<meta property=\"og:image:height\" content=\"577\" \/>\n\t<meta property=\"og:image:type\" content=\"image\/png\" \/>\n<meta name=\"twitter:card\" content=\"summary_large_image\" \/>\n<meta name=\"twitter:label1\" content=\"\u041f\u0440\u0438\u043c\u0435\u0440\u043d\u043e\u0435 \u0432\u0440\u0435\u043c\u044f \u0434\u043b\u044f \u0447\u0442\u0435\u043d\u0438\u044f\" \/>\n\t<meta name=\"twitter:data1\" content=\"2 \u043c\u0438\u043d\u0443\u0442\u044b\" \/>\n<script type=\"application\/ld+json\" class=\"yoast-schema-graph\">{\"@context\":\"https:\\\/\\\/schema.org\",\"@graph\":[{\"@type\":\"WebPage\",\"@id\":\"https:\\\/\\\/gustoitaliano.md\\\/product\\\/mazza-nero-di-seppia-180-gr\\\/\",\"url\":\"https:\\\/\\\/gustoitaliano.md\\\/product\\\/mazza-nero-di-seppia-180-gr\\\/\",\"name\":\"Mazza nero di seppia 180 gr - Gusto Italiano\",\"isPartOf\":{\"@id\":\"https:\\\/\\\/gustoitaliano.md\\\/ro\\\/#website\"},\"primaryImageOfPage\":{\"@id\":\"https:\\\/\\\/gustoitaliano.md\\\/product\\\/mazza-nero-di-seppia-180-gr\\\/#primaryimage\"},\"image\":{\"@id\":\"https:\\\/\\\/gustoitaliano.md\\\/product\\\/mazza-nero-di-seppia-180-gr\\\/#primaryimage\"},\"thumbnailUrl\":\"https:\\\/\\\/gustoitaliano.md\\\/wp-content\\\/uploads\\\/2026\\\/03\\\/Mazza-Nero-di-seppia-180-gr.png\",\"datePublished\":\"2026-03-31T13:46:26+00:00\",\"dateModified\":\"2026-04-16T11:02:25+00:00\",\"description\":\"Cump\u0103r\u0103 Mazza Nero di Seppia 180 gr \u2013 ingredient italian cu gust intens de mare, ideal pentru paste, risotto, sosuri \u0219i preparate cu fructe de mare.\",\"breadcrumb\":{\"@id\":\"https:\\\/\\\/gustoitaliano.md\\\/product\\\/mazza-nero-di-seppia-180-gr\\\/#breadcrumb\"},\"inLanguage\":\"ru-RU\",\"potentialAction\":[{\"@type\":\"ReadAction\",\"target\":[\"https:\\\/\\\/gustoitaliano.md\\\/product\\\/mazza-nero-di-seppia-180-gr\\\/\"]}]},{\"@type\":\"ImageObject\",\"inLanguage\":\"ru-RU\",\"@id\":\"https:\\\/\\\/gustoitaliano.md\\\/product\\\/mazza-nero-di-seppia-180-gr\\\/#primaryimage\",\"url\":\"https:\\\/\\\/gustoitaliano.md\\\/wp-content\\\/uploads\\\/2026\\\/03\\\/Mazza-Nero-di-seppia-180-gr.png\",\"contentUrl\":\"https:\\\/\\\/gustoitaliano.md\\\/wp-content\\\/uploads\\\/2026\\\/03\\\/Mazza-Nero-di-seppia-180-gr.png\",\"width\":433,\"height\":577},{\"@type\":\"BreadcrumbList\",\"@id\":\"https:\\\/\\\/gustoitaliano.md\\\/product\\\/mazza-nero-di-seppia-180-gr\\\/#breadcrumb\",\"itemListElement\":[{\"@type\":\"ListItem\",\"position\":1,\"name\":\"Prima pagin\u0103\",\"item\":\"https:\\\/\\\/gustoitaliano.md\\\/\"},{\"@type\":\"ListItem\",\"position\":2,\"name\":\"Magazin\",\"item\":\"https:\\\/\\\/gustoitaliano.md\\\/ro\\\/magazin\\\/\"},{\"@type\":\"ListItem\",\"position\":3,\"name\":\"Condimente \u0219i Mirodenii\",\"item\":\"https:\\\/\\\/gustoitaliano.md\\\/product-category\\\/condimente-si-mirodenii\\\/\"},{\"@type\":\"ListItem\",\"position\":4,\"name\":\"Mazza nero di seppia 180 gr\"}]},{\"@type\":\"WebSite\",\"@id\":\"https:\\\/\\\/gustoitaliano.md\\\/ro\\\/#website\",\"url\":\"https:\\\/\\\/gustoitaliano.md\\\/ro\\\/\",\"name\":\"Gusto Italiano\",\"description\":\"Produse Autentice Italiene\",\"publisher\":{\"@id\":\"https:\\\/\\\/gustoitaliano.md\\\/ro\\\/#organization\"},\"potentialAction\":[{\"@type\":\"SearchAction\",\"target\":{\"@type\":\"EntryPoint\",\"urlTemplate\":\"https:\\\/\\\/gustoitaliano.md\\\/ro\\\/?s={search_term_string}\"},\"query-input\":{\"@type\":\"PropertyValueSpecification\",\"valueRequired\":true,\"valueName\":\"search_term_string\"}}],\"inLanguage\":\"ru-RU\"},{\"@type\":\"Organization\",\"@id\":\"https:\\\/\\\/gustoitaliano.md\\\/ro\\\/#organization\",\"name\":\"Gusto Italiano\",\"alternateName\":\"Golden Gates SRL\",\"url\":\"https:\\\/\\\/gustoitaliano.md\\\/ro\\\/\",\"logo\":{\"@type\":\"ImageObject\",\"inLanguage\":\"ru-RU\",\"@id\":\"https:\\\/\\\/gustoitaliano.md\\\/ro\\\/#\\\/schema\\\/logo\\\/image\\\/\",\"url\":\"https:\\\/\\\/gustoitaliano.md\\\/wp-content\\\/uploads\\\/2025\\\/05\\\/logo-gusutoitaliano-2-2.png\",\"contentUrl\":\"https:\\\/\\\/gustoitaliano.md\\\/wp-content\\\/uploads\\\/2025\\\/05\\\/logo-gusutoitaliano-2-2.png\",\"width\":180,\"height\":180,\"caption\":\"Gusto Italiano\"},\"image\":{\"@id\":\"https:\\\/\\\/gustoitaliano.md\\\/ro\\\/#\\\/schema\\\/logo\\\/image\\\/\"},\"sameAs\":[\"https:\\\/\\\/www.facebook.com\\\/GoldenGates.Moldova\"]}]}<\/script>\n<!-- \/ Yoast SEO Premium plugin. -->","yoast_head_json":{"title":"Mazza nero di seppia 180 gr - Gusto Italiano","description":"Cump\u0103r\u0103 Mazza Nero di Seppia 180 gr \u2013 ingredient italian cu gust intens de mare, ideal pentru paste, risotto, sosuri \u0219i preparate cu fructe de mare.","robots":{"index":"index","follow":"follow","max-snippet":"max-snippet:-1","max-image-preview":"max-image-preview:large","max-video-preview":"max-video-preview:-1"},"canonical":"https:\/\/gustoitaliano.md\/ru\/product\/mazza-nero-di-seppia-180-gr\/","og_locale":"ru_RU","og_type":"article","og_title":"Mazza nero di seppia 180 gr","og_description":"Cump\u0103r\u0103 Mazza Nero di Seppia 180 gr \u2013 ingredient italian cu gust intens de mare, ideal pentru paste, risotto, sosuri \u0219i preparate cu fructe de mare.","og_url":"https:\/\/gustoitaliano.md\/ru\/product\/mazza-nero-di-seppia-180-gr\/","og_site_name":"Gusto Italiano","article_publisher":"https:\/\/www.facebook.com\/GoldenGates.Moldova","article_modified_time":"2026-04-16T11:02:25+00:00","og_image":[{"width":433,"height":577,"url":"https:\/\/gustoitaliano.md\/wp-content\/uploads\/2026\/03\/Mazza-Nero-di-seppia-180-gr.png","type":"image\/png"}],"twitter_card":"summary_large_image","twitter_misc":{"\u041f\u0440\u0438\u043c\u0435\u0440\u043d\u043e\u0435 \u0432\u0440\u0435\u043c\u044f \u0434\u043b\u044f \u0447\u0442\u0435\u043d\u0438\u044f":"2 \u043c\u0438\u043d\u0443\u0442\u044b"},"schema":{"@context":"https:\/\/schema.org","@graph":[{"@type":"WebPage","@id":"https:\/\/gustoitaliano.md\/product\/mazza-nero-di-seppia-180-gr\/","url":"https:\/\/gustoitaliano.md\/product\/mazza-nero-di-seppia-180-gr\/","name":"Mazza nero di seppia 180 gr - Gusto Italiano","isPartOf":{"@id":"https:\/\/gustoitaliano.md\/ro\/#website"},"primaryImageOfPage":{"@id":"https:\/\/gustoitaliano.md\/product\/mazza-nero-di-seppia-180-gr\/#primaryimage"},"image":{"@id":"https:\/\/gustoitaliano.md\/product\/mazza-nero-di-seppia-180-gr\/#primaryimage"},"thumbnailUrl":"https:\/\/gustoitaliano.md\/wp-content\/uploads\/2026\/03\/Mazza-Nero-di-seppia-180-gr.png","datePublished":"2026-03-31T13:46:26+00:00","dateModified":"2026-04-16T11:02:25+00:00","description":"Cump\u0103r\u0103 Mazza Nero di Seppia 180 gr \u2013 ingredient italian cu gust intens de mare, ideal pentru paste, risotto, sosuri \u0219i preparate cu fructe de mare.","breadcrumb":{"@id":"https:\/\/gustoitaliano.md\/product\/mazza-nero-di-seppia-180-gr\/#breadcrumb"},"inLanguage":"ru-RU","potentialAction":[{"@type":"ReadAction","target":["https:\/\/gustoitaliano.md\/product\/mazza-nero-di-seppia-180-gr\/"]}]},{"@type":"ImageObject","inLanguage":"ru-RU","@id":"https:\/\/gustoitaliano.md\/product\/mazza-nero-di-seppia-180-gr\/#primaryimage","url":"https:\/\/gustoitaliano.md\/wp-content\/uploads\/2026\/03\/Mazza-Nero-di-seppia-180-gr.png","contentUrl":"https:\/\/gustoitaliano.md\/wp-content\/uploads\/2026\/03\/Mazza-Nero-di-seppia-180-gr.png","width":433,"height":577},{"@type":"BreadcrumbList","@id":"https:\/\/gustoitaliano.md\/product\/mazza-nero-di-seppia-180-gr\/#breadcrumb","itemListElement":[{"@type":"ListItem","position":1,"name":"Prima pagin\u0103","item":"https:\/\/gustoitaliano.md\/"},{"@type":"ListItem","position":2,"name":"Magazin","item":"https:\/\/gustoitaliano.md\/ro\/magazin\/"},{"@type":"ListItem","position":3,"name":"Condimente \u0219i Mirodenii","item":"https:\/\/gustoitaliano.md\/product-category\/condimente-si-mirodenii\/"},{"@type":"ListItem","position":4,"name":"Mazza nero di seppia 180 gr"}]},{"@type":"WebSite","@id":"https:\/\/gustoitaliano.md\/ro\/#website","url":"https:\/\/gustoitaliano.md\/ro\/","name":"Gusto Italiano","description":"\u0410\u0443\u0442\u0435\u043d\u0442\u0438\u0447\u043d\u044b\u0435 \u0438\u0442\u0430\u043b\u044c\u044f\u043d\u0441\u043a\u0438\u0435 \u043f\u0440\u043e\u0434\u0443\u043a\u0442\u044b","publisher":{"@id":"https:\/\/gustoitaliano.md\/ro\/#organization"},"potentialAction":[{"@type":"SearchAction","target":{"@type":"EntryPoint","urlTemplate":"https:\/\/gustoitaliano.md\/ro\/?s={search_term_string}"},"query-input":{"@type":"PropertyValueSpecification","valueRequired":true,"valueName":"search_term_string"}}],"inLanguage":"ru-RU"},{"@type":"Organization","@id":"https:\/\/gustoitaliano.md\/ro\/#organization","name":"Gusto Italiano","alternateName":"Golden Gates SRL","url":"https:\/\/gustoitaliano.md\/ro\/","logo":{"@type":"ImageObject","inLanguage":"ru-RU","@id":"https:\/\/gustoitaliano.md\/ro\/#\/schema\/logo\/image\/","url":"https:\/\/gustoitaliano.md\/wp-content\/uploads\/2025\/05\/logo-gusutoitaliano-2-2.png","contentUrl":"https:\/\/gustoitaliano.md\/wp-content\/uploads\/2025\/05\/logo-gusutoitaliano-2-2.png","width":180,"height":180,"caption":"Gusto Italiano"},"image":{"@id":"https:\/\/gustoitaliano.md\/ro\/#\/schema\/logo\/image\/"},"sameAs":["https:\/\/www.facebook.com\/GoldenGates.Moldova"]}]}},"_links":{"self":[{"href":"https:\/\/gustoitaliano.md\/ru\/wp-json\/wp\/v2\/product\/51278","targetHints":{"allow":["GET"]}}],"collection":[{"href":"https:\/\/gustoitaliano.md\/ru\/wp-json\/wp\/v2\/product"}],"about":[{"href":"https:\/\/gustoitaliano.md\/ru\/wp-json\/wp\/v2\/types\/product"}],"version-history":[{"count":1,"href":"https:\/\/gustoitaliano.md\/ru\/wp-json\/wp\/v2\/product\/51278\/revisions"}],"predecessor-version":[{"id":51284,"href":"https:\/\/gustoitaliano.md\/ru\/wp-json\/wp\/v2\/product\/51278\/revisions\/51284"}],"wp:featuredmedia":[{"embeddable":true,"href":"https:\/\/gustoitaliano.md\/ru\/wp-json\/wp\/v2\/media\/51283"}],"wp:attachment":[{"href":"https:\/\/gustoitaliano.md\/ru\/wp-json\/wp\/v2\/media?parent=51278"}],"wp:term":[{"taxonomy":"product_brand","embeddable":true,"href":"https:\/\/gustoitaliano.md\/ru\/wp-json\/wp\/v2\/product_brand?post=51278"},{"taxonomy":"product_cat","embeddable":true,"href":"https:\/\/gustoitaliano.md\/ru\/wp-json\/wp\/v2\/product_cat?post=51278"},{"taxonomy":"product_tag","embeddable":true,"href":"https:\/\/gustoitaliano.md\/ru\/wp-json\/wp\/v2\/product_tag?post=51278"}],"curies":[{"name":"wp","href":"https:\/\/api.w.org\/{rel}","templated":true}]}}