{"id":51285,"date":"2026-03-31T16:52:13","date_gmt":"2026-03-31T13:52:13","guid":{"rendered":"https:\/\/gustoitaliano.md\/?post_type=product&#038;p=51285"},"modified":"2026-04-16T14:01:51","modified_gmt":"2026-04-16T11:01:51","slug":"mazza-crema-cu-otet-balsamic-400-ml","status":"publish","type":"product","link":"https:\/\/gustoitaliano.md\/ru\/product\/mazza-crema-cu-otet-balsamic-400-ml\/","title":{"rendered":"Mazza crema cu otet balsamic 400 ml"},"content":{"rendered":"<p data-start=\"113\" data-end=\"461\"><strong data-start=\"142\" data-end=\"181\">Mazza Crema cu O\u021bet Balsamic 400 ml<\/strong> este un condiment fin \u0219i elegant, cu textur\u0103 dens\u0103, gust echilibrat \u00eentre dulce \u0219i acri\u0219or \u0219i arom\u0103 pl\u0103cut\u0103 de o\u021bet balsamic. Este produsul care d\u0103 personalitate farfuriei dintr-o singur\u0103 mi\u0219care, fie c\u0103 vorbim de salate, carne, br\u00e2nzeturi, legume la gr\u0103tar sau gust\u0103ri rafinate.<\/p>\n<p data-start=\"463\" data-end=\"772\">\u00cen buc\u0103t\u0103rie, o astfel de crem\u0103 este foarte practic\u0103: se dozeaz\u0103 u\u0219or, arat\u0103 bine \u00een farfurie \u0219i completeaz\u0103 preparatul f\u0103r\u0103 s\u0103-l acopere. Merge foarte bine peste mozzarella, ro\u0219ii, parmesan, mixuri de salat\u0103, steak, piept de pui, cartofi cop\u021bi sau chiar peste pizza alb\u0103, pentru un contrast pl\u0103cut \u0219i modern.<\/p>\n<p data-start=\"774\" data-end=\"1026\">Ca buc\u0103tar, \u00ee\u021bi spun simplu: <strong data-start=\"803\" data-end=\"842\">Mazza Crema cu O\u021bet Balsamic 400 ml<\/strong> este acel detaliu mic care schimb\u0103 total prezentarea \u0219i gustul. C\u00e2teva linii trase peste br\u00e2nz\u0103 sau carne \u0219i farfuria cap\u0103t\u0103 imediat un aer mai bogat, mai atent lucrat, mai apetisant.<\/p>","protected":false},"excerpt":{"rendered":"<p>Mazza Crema cu O\u021bet Balsamic 400 ml este un condiment fin \u0219i elegant, cu textur\u0103 dens\u0103, gust echilibrat \u00eentre dulce<\/p>","protected":false},"featured_media":51280,"template":"","meta":[],"product_brand":[2450],"product_cat":[2404,2368,2361],"product_tag":[2419,2420],"class_list":{"0":"post-51285","1":"product","2":"type-product","3":"status-publish","4":"has-post-thumbnail","6":"product_brand-mazza","7":"product_cat-condimente","8":"product_cat-oteturi","9":"product_cat-sosuri","10":"product_tag-horeca","11":"product_tag-retail","13":"first","14":"instock","15":"taxable","16":"shipping-taxable","17":"purchasable","18":"product-type-simple"},"yoast_head":"<!-- This site is optimized with the Yoast SEO Premium plugin v26.5 (Yoast SEO v27.5) - https:\/\/yoast.com\/product\/yoast-seo-premium-wordpress\/ -->\n<title>Mazza crema cu otet balsamic 400 ml - Gusto Italiano<\/title>\n<meta name=\"description\" content=\"Cump\u0103r\u0103 Mazza Crema cu O\u021bet Balsamic 400 ml \u2013 crem\u0103 balsamic\u0103 fin\u0103, ideal\u0103 pentru salate, br\u00e2nzeturi, carne, pizza \u0219i plating cu gust italian rafinat.\" \/>\n<meta name=\"robots\" content=\"index, follow, max-snippet:-1, max-image-preview:large, max-video-preview:-1\" \/>\n<link rel=\"canonical\" href=\"https:\/\/gustoitaliano.md\/ru\/product\/mazza-crema-cu-otet-balsamic-400-ml\/\" \/>\n<meta property=\"og:locale\" content=\"ru_RU\" \/>\n<meta property=\"og:type\" content=\"article\" \/>\n<meta property=\"og:title\" content=\"Mazza crema cu otet balsamic 400 ml\" \/>\n<meta property=\"og:description\" content=\"Cump\u0103r\u0103 Mazza Crema cu O\u021bet Balsamic 400 ml \u2013 crem\u0103 balsamic\u0103 fin\u0103, ideal\u0103 pentru salate, br\u00e2nzeturi, carne, pizza \u0219i plating cu gust italian rafinat.\" \/>\n<meta property=\"og:url\" content=\"https:\/\/gustoitaliano.md\/ru\/product\/mazza-crema-cu-otet-balsamic-400-ml\/\" \/>\n<meta property=\"og:site_name\" content=\"Gusto Italiano\" \/>\n<meta property=\"article:publisher\" content=\"https:\/\/www.facebook.com\/GoldenGates.Moldova\" \/>\n<meta property=\"article:modified_time\" content=\"2026-04-16T11:01:51+00:00\" \/>\n<meta property=\"og:image\" content=\"https:\/\/gustoitaliano.md\/wp-content\/uploads\/2026\/03\/Mazza-crema-balsamica-400-ml.png\" \/>\n\t<meta property=\"og:image:width\" content=\"433\" \/>\n\t<meta property=\"og:image:height\" content=\"577\" \/>\n\t<meta property=\"og:image:type\" content=\"image\/png\" \/>\n<meta name=\"twitter:card\" content=\"summary_large_image\" \/>\n<meta name=\"twitter:label1\" content=\"\u041f\u0440\u0438\u043c\u0435\u0440\u043d\u043e\u0435 \u0432\u0440\u0435\u043c\u044f \u0434\u043b\u044f \u0447\u0442\u0435\u043d\u0438\u044f\" \/>\n\t<meta name=\"twitter:data1\" content=\"1 \u043c\u0438\u043d\u0443\u0442\u0430\" \/>\n<script type=\"application\/ld+json\" class=\"yoast-schema-graph\">{\"@context\":\"https:\\\/\\\/schema.org\",\"@graph\":[{\"@type\":\"WebPage\",\"@id\":\"https:\\\/\\\/gustoitaliano.md\\\/product\\\/mazza-crema-cu-otet-balsamic-400-ml\\\/\",\"url\":\"https:\\\/\\\/gustoitaliano.md\\\/product\\\/mazza-crema-cu-otet-balsamic-400-ml\\\/\",\"name\":\"Mazza crema cu otet balsamic 400 ml - Gusto Italiano\",\"isPartOf\":{\"@id\":\"https:\\\/\\\/gustoitaliano.md\\\/ro\\\/#website\"},\"primaryImageOfPage\":{\"@id\":\"https:\\\/\\\/gustoitaliano.md\\\/product\\\/mazza-crema-cu-otet-balsamic-400-ml\\\/#primaryimage\"},\"image\":{\"@id\":\"https:\\\/\\\/gustoitaliano.md\\\/product\\\/mazza-crema-cu-otet-balsamic-400-ml\\\/#primaryimage\"},\"thumbnailUrl\":\"https:\\\/\\\/gustoitaliano.md\\\/wp-content\\\/uploads\\\/2026\\\/03\\\/Mazza-crema-balsamica-400-ml.png\",\"datePublished\":\"2026-03-31T13:52:13+00:00\",\"dateModified\":\"2026-04-16T11:01:51+00:00\",\"description\":\"Cump\u0103r\u0103 Mazza Crema cu O\u021bet Balsamic 400 ml \u2013 crem\u0103 balsamic\u0103 fin\u0103, ideal\u0103 pentru salate, br\u00e2nzeturi, carne, pizza \u0219i plating cu gust italian rafinat.\",\"breadcrumb\":{\"@id\":\"https:\\\/\\\/gustoitaliano.md\\\/product\\\/mazza-crema-cu-otet-balsamic-400-ml\\\/#breadcrumb\"},\"inLanguage\":\"ru-RU\",\"potentialAction\":[{\"@type\":\"ReadAction\",\"target\":[\"https:\\\/\\\/gustoitaliano.md\\\/product\\\/mazza-crema-cu-otet-balsamic-400-ml\\\/\"]}]},{\"@type\":\"ImageObject\",\"inLanguage\":\"ru-RU\",\"@id\":\"https:\\\/\\\/gustoitaliano.md\\\/product\\\/mazza-crema-cu-otet-balsamic-400-ml\\\/#primaryimage\",\"url\":\"https:\\\/\\\/gustoitaliano.md\\\/wp-content\\\/uploads\\\/2026\\\/03\\\/Mazza-crema-balsamica-400-ml.png\",\"contentUrl\":\"https:\\\/\\\/gustoitaliano.md\\\/wp-content\\\/uploads\\\/2026\\\/03\\\/Mazza-crema-balsamica-400-ml.png\",\"width\":433,\"height\":577},{\"@type\":\"BreadcrumbList\",\"@id\":\"https:\\\/\\\/gustoitaliano.md\\\/product\\\/mazza-crema-cu-otet-balsamic-400-ml\\\/#breadcrumb\",\"itemListElement\":[{\"@type\":\"ListItem\",\"position\":1,\"name\":\"Prima pagin\u0103\",\"item\":\"https:\\\/\\\/gustoitaliano.md\\\/\"},{\"@type\":\"ListItem\",\"position\":2,\"name\":\"Magazin\",\"item\":\"https:\\\/\\\/gustoitaliano.md\\\/ro\\\/magazin\\\/\"},{\"@type\":\"ListItem\",\"position\":3,\"name\":\"Condimente \u0219i Mirodenii\",\"item\":\"https:\\\/\\\/gustoitaliano.md\\\/product-category\\\/condimente-si-mirodenii\\\/\"},{\"@type\":\"ListItem\",\"position\":4,\"name\":\"Condimente\",\"item\":\"https:\\\/\\\/gustoitaliano.md\\\/product-category\\\/condimente-si-mirodenii\\\/condimente\\\/\"},{\"@type\":\"ListItem\",\"position\":5,\"name\":\"Mazza crema cu otet balsamic 400 ml\"}]},{\"@type\":\"WebSite\",\"@id\":\"https:\\\/\\\/gustoitaliano.md\\\/ro\\\/#website\",\"url\":\"https:\\\/\\\/gustoitaliano.md\\\/ro\\\/\",\"name\":\"Gusto Italiano\",\"description\":\"Produse Autentice Italiene\",\"publisher\":{\"@id\":\"https:\\\/\\\/gustoitaliano.md\\\/ro\\\/#organization\"},\"potentialAction\":[{\"@type\":\"SearchAction\",\"target\":{\"@type\":\"EntryPoint\",\"urlTemplate\":\"https:\\\/\\\/gustoitaliano.md\\\/ro\\\/?s={search_term_string}\"},\"query-input\":{\"@type\":\"PropertyValueSpecification\",\"valueRequired\":true,\"valueName\":\"search_term_string\"}}],\"inLanguage\":\"ru-RU\"},{\"@type\":\"Organization\",\"@id\":\"https:\\\/\\\/gustoitaliano.md\\\/ro\\\/#organization\",\"name\":\"Gusto Italiano\",\"alternateName\":\"Golden Gates SRL\",\"url\":\"https:\\\/\\\/gustoitaliano.md\\\/ro\\\/\",\"logo\":{\"@type\":\"ImageObject\",\"inLanguage\":\"ru-RU\",\"@id\":\"https:\\\/\\\/gustoitaliano.md\\\/ro\\\/#\\\/schema\\\/logo\\\/image\\\/\",\"url\":\"https:\\\/\\\/gustoitaliano.md\\\/wp-content\\\/uploads\\\/2025\\\/05\\\/logo-gusutoitaliano-2-2.png\",\"contentUrl\":\"https:\\\/\\\/gustoitaliano.md\\\/wp-content\\\/uploads\\\/2025\\\/05\\\/logo-gusutoitaliano-2-2.png\",\"width\":180,\"height\":180,\"caption\":\"Gusto Italiano\"},\"image\":{\"@id\":\"https:\\\/\\\/gustoitaliano.md\\\/ro\\\/#\\\/schema\\\/logo\\\/image\\\/\"},\"sameAs\":[\"https:\\\/\\\/www.facebook.com\\\/GoldenGates.Moldova\"]}]}<\/script>\n<!-- \/ Yoast SEO Premium plugin. -->","yoast_head_json":{"title":"Mazza crema cu otet balsamic 400 ml - Gusto Italiano","description":"Cump\u0103r\u0103 Mazza Crema cu O\u021bet Balsamic 400 ml \u2013 crem\u0103 balsamic\u0103 fin\u0103, ideal\u0103 pentru salate, br\u00e2nzeturi, carne, pizza \u0219i plating cu gust italian rafinat.","robots":{"index":"index","follow":"follow","max-snippet":"max-snippet:-1","max-image-preview":"max-image-preview:large","max-video-preview":"max-video-preview:-1"},"canonical":"https:\/\/gustoitaliano.md\/ru\/product\/mazza-crema-cu-otet-balsamic-400-ml\/","og_locale":"ru_RU","og_type":"article","og_title":"Mazza crema cu otet balsamic 400 ml","og_description":"Cump\u0103r\u0103 Mazza Crema cu O\u021bet Balsamic 400 ml \u2013 crem\u0103 balsamic\u0103 fin\u0103, ideal\u0103 pentru salate, br\u00e2nzeturi, carne, pizza \u0219i plating cu gust italian rafinat.","og_url":"https:\/\/gustoitaliano.md\/ru\/product\/mazza-crema-cu-otet-balsamic-400-ml\/","og_site_name":"Gusto Italiano","article_publisher":"https:\/\/www.facebook.com\/GoldenGates.Moldova","article_modified_time":"2026-04-16T11:01:51+00:00","og_image":[{"width":433,"height":577,"url":"https:\/\/gustoitaliano.md\/wp-content\/uploads\/2026\/03\/Mazza-crema-balsamica-400-ml.png","type":"image\/png"}],"twitter_card":"summary_large_image","twitter_misc":{"\u041f\u0440\u0438\u043c\u0435\u0440\u043d\u043e\u0435 \u0432\u0440\u0435\u043c\u044f \u0434\u043b\u044f \u0447\u0442\u0435\u043d\u0438\u044f":"1 \u043c\u0438\u043d\u0443\u0442\u0430"},"schema":{"@context":"https:\/\/schema.org","@graph":[{"@type":"WebPage","@id":"https:\/\/gustoitaliano.md\/product\/mazza-crema-cu-otet-balsamic-400-ml\/","url":"https:\/\/gustoitaliano.md\/product\/mazza-crema-cu-otet-balsamic-400-ml\/","name":"Mazza crema cu otet balsamic 400 ml - Gusto Italiano","isPartOf":{"@id":"https:\/\/gustoitaliano.md\/ro\/#website"},"primaryImageOfPage":{"@id":"https:\/\/gustoitaliano.md\/product\/mazza-crema-cu-otet-balsamic-400-ml\/#primaryimage"},"image":{"@id":"https:\/\/gustoitaliano.md\/product\/mazza-crema-cu-otet-balsamic-400-ml\/#primaryimage"},"thumbnailUrl":"https:\/\/gustoitaliano.md\/wp-content\/uploads\/2026\/03\/Mazza-crema-balsamica-400-ml.png","datePublished":"2026-03-31T13:52:13+00:00","dateModified":"2026-04-16T11:01:51+00:00","description":"Cump\u0103r\u0103 Mazza Crema cu O\u021bet Balsamic 400 ml \u2013 crem\u0103 balsamic\u0103 fin\u0103, ideal\u0103 pentru salate, br\u00e2nzeturi, carne, pizza \u0219i plating cu gust italian rafinat.","breadcrumb":{"@id":"https:\/\/gustoitaliano.md\/product\/mazza-crema-cu-otet-balsamic-400-ml\/#breadcrumb"},"inLanguage":"ru-RU","potentialAction":[{"@type":"ReadAction","target":["https:\/\/gustoitaliano.md\/product\/mazza-crema-cu-otet-balsamic-400-ml\/"]}]},{"@type":"ImageObject","inLanguage":"ru-RU","@id":"https:\/\/gustoitaliano.md\/product\/mazza-crema-cu-otet-balsamic-400-ml\/#primaryimage","url":"https:\/\/gustoitaliano.md\/wp-content\/uploads\/2026\/03\/Mazza-crema-balsamica-400-ml.png","contentUrl":"https:\/\/gustoitaliano.md\/wp-content\/uploads\/2026\/03\/Mazza-crema-balsamica-400-ml.png","width":433,"height":577},{"@type":"BreadcrumbList","@id":"https:\/\/gustoitaliano.md\/product\/mazza-crema-cu-otet-balsamic-400-ml\/#breadcrumb","itemListElement":[{"@type":"ListItem","position":1,"name":"Prima pagin\u0103","item":"https:\/\/gustoitaliano.md\/"},{"@type":"ListItem","position":2,"name":"Magazin","item":"https:\/\/gustoitaliano.md\/ro\/magazin\/"},{"@type":"ListItem","position":3,"name":"Condimente \u0219i Mirodenii","item":"https:\/\/gustoitaliano.md\/product-category\/condimente-si-mirodenii\/"},{"@type":"ListItem","position":4,"name":"Condimente","item":"https:\/\/gustoitaliano.md\/product-category\/condimente-si-mirodenii\/condimente\/"},{"@type":"ListItem","position":5,"name":"Mazza crema cu otet balsamic 400 ml"}]},{"@type":"WebSite","@id":"https:\/\/gustoitaliano.md\/ro\/#website","url":"https:\/\/gustoitaliano.md\/ro\/","name":"Gusto Italiano","description":"\u0410\u0443\u0442\u0435\u043d\u0442\u0438\u0447\u043d\u044b\u0435 \u0438\u0442\u0430\u043b\u044c\u044f\u043d\u0441\u043a\u0438\u0435 \u043f\u0440\u043e\u0434\u0443\u043a\u0442\u044b","publisher":{"@id":"https:\/\/gustoitaliano.md\/ro\/#organization"},"potentialAction":[{"@type":"SearchAction","target":{"@type":"EntryPoint","urlTemplate":"https:\/\/gustoitaliano.md\/ro\/?s={search_term_string}"},"query-input":{"@type":"PropertyValueSpecification","valueRequired":true,"valueName":"search_term_string"}}],"inLanguage":"ru-RU"},{"@type":"Organization","@id":"https:\/\/gustoitaliano.md\/ro\/#organization","name":"Gusto Italiano","alternateName":"Golden Gates SRL","url":"https:\/\/gustoitaliano.md\/ro\/","logo":{"@type":"ImageObject","inLanguage":"ru-RU","@id":"https:\/\/gustoitaliano.md\/ro\/#\/schema\/logo\/image\/","url":"https:\/\/gustoitaliano.md\/wp-content\/uploads\/2025\/05\/logo-gusutoitaliano-2-2.png","contentUrl":"https:\/\/gustoitaliano.md\/wp-content\/uploads\/2025\/05\/logo-gusutoitaliano-2-2.png","width":180,"height":180,"caption":"Gusto Italiano"},"image":{"@id":"https:\/\/gustoitaliano.md\/ro\/#\/schema\/logo\/image\/"},"sameAs":["https:\/\/www.facebook.com\/GoldenGates.Moldova"]}]}},"_links":{"self":[{"href":"https:\/\/gustoitaliano.md\/ru\/wp-json\/wp\/v2\/product\/51285","targetHints":{"allow":["GET"]}}],"collection":[{"href":"https:\/\/gustoitaliano.md\/ru\/wp-json\/wp\/v2\/product"}],"about":[{"href":"https:\/\/gustoitaliano.md\/ru\/wp-json\/wp\/v2\/types\/product"}],"version-history":[{"count":1,"href":"https:\/\/gustoitaliano.md\/ru\/wp-json\/wp\/v2\/product\/51285\/revisions"}],"predecessor-version":[{"id":51289,"href":"https:\/\/gustoitaliano.md\/ru\/wp-json\/wp\/v2\/product\/51285\/revisions\/51289"}],"wp:featuredmedia":[{"embeddable":true,"href":"https:\/\/gustoitaliano.md\/ru\/wp-json\/wp\/v2\/media\/51280"}],"wp:attachment":[{"href":"https:\/\/gustoitaliano.md\/ru\/wp-json\/wp\/v2\/media?parent=51285"}],"wp:term":[{"taxonomy":"product_brand","embeddable":true,"href":"https:\/\/gustoitaliano.md\/ru\/wp-json\/wp\/v2\/product_brand?post=51285"},{"taxonomy":"product_cat","embeddable":true,"href":"https:\/\/gustoitaliano.md\/ru\/wp-json\/wp\/v2\/product_cat?post=51285"},{"taxonomy":"product_tag","embeddable":true,"href":"https:\/\/gustoitaliano.md\/ru\/wp-json\/wp\/v2\/product_tag?post=51285"}],"curies":[{"name":"wp","href":"https:\/\/api.w.org\/{rel}","templated":true}]}}