{"id":51300,"date":"2026-03-31T17:05:06","date_gmt":"2026-03-31T14:05:06","guid":{"rendered":"https:\/\/gustoitaliano.md\/?post_type=product&#038;p=51300"},"modified":"2026-04-16T14:01:04","modified_gmt":"2026-04-16T11:01:04","slug":"mazza-otet-balsamic-spray-250-ml","status":"publish","type":"product","link":"https:\/\/gustoitaliano.md\/ru\/product\/mazza-otet-balsamic-spray-250-ml\/","title":{"rendered":"Mazza otet balsamic spray 250 ml"},"content":{"rendered":"<p data-start=\"107\" data-end=\"420\"><strong data-start=\"136\" data-end=\"172\">Mazza O\u021bet Balsamic Spray 250 ml<\/strong> este un condiment practic \u0219i rafinat, creat pentru cei care vor gust echilibrat \u0219i dozare precis\u0103. Aroma sa pl\u0103cut\u0103, u\u0219or dulce-acri\u0219oar\u0103, completeaz\u0103 perfect salatele, legumele la gr\u0103tar, carnea, pe\u0219tele, bruschetele sau platourile cu br\u00e2nzeturi.<\/p>\n<p data-start=\"422\" data-end=\"674\">Formatul spray este marele lui avantaj: ofer\u0103 o distribuire uniform\u0103, f\u0103r\u0103 exces, exact c\u00e2t trebuie pentru a pune preparatul \u00een valoare. Este ideal at\u00e2t \u00een buc\u0103t\u0103ria de acas\u0103, c\u00e2t \u0219i \u00een HoReCa, acolo unde conteaz\u0103 gustul, aspectul \u0219i controlul por\u021biei.<\/p>\n<p data-start=\"676\" data-end=\"957\">Ca buc\u0103tar, \u00ee\u021bi spun direct: <strong data-start=\"705\" data-end=\"741\">Mazza O\u021bet Balsamic Spray 250 ml<\/strong> este genul de produs mic, dar foarte iste\u021b. Dou\u0103-trei pulveriz\u0103ri peste o salat\u0103 cu ro\u0219ii, mozzarella \u0219i rucola schimb\u0103 imediat farfuria. D\u0103 prospe\u021bime, echilibru \u0219i acel accent italian care se simte f\u0103r\u0103 s\u0103 domine.<\/p>","protected":false},"excerpt":{"rendered":"<p>Mazza O\u021bet Balsamic Spray 250 ml este un condiment practic \u0219i rafinat, creat pentru cei care vor gust echilibrat \u0219i<\/p>","protected":false},"featured_media":51282,"template":"","meta":[],"product_brand":[2450],"product_cat":[2404,2345,2368,2361],"product_tag":[2420],"class_list":{"0":"post-51300","1":"product","2":"type-product","3":"status-publish","4":"has-post-thumbnail","6":"product_brand-mazza","7":"product_cat-condimente","8":"product_cat-condimente-si-mirodenii","9":"product_cat-oteturi","10":"product_cat-sosuri","11":"product_tag-retail","13":"first","14":"instock","15":"taxable","16":"shipping-taxable","17":"purchasable","18":"product-type-simple"},"yoast_head":"<!-- This site is optimized with the Yoast SEO Premium plugin v26.5 (Yoast SEO v27.5) - https:\/\/yoast.com\/product\/yoast-seo-premium-wordpress\/ -->\n<title>Mazza otet balsamic spray 250 ml - Gusto Italiano<\/title>\n<meta name=\"description\" content=\"Cump\u0103r\u0103 Mazza O\u021bet Balsamic Spray 250 ml \u2013 condiment italian practic, cu dozare precis\u0103, ideal pentru salate, legume, carne, pe\u0219te \u0219i preparate rafinate.\" \/>\n<meta name=\"robots\" content=\"index, follow, max-snippet:-1, max-image-preview:large, max-video-preview:-1\" \/>\n<link rel=\"canonical\" href=\"https:\/\/gustoitaliano.md\/ru\/product\/mazza-otet-balsamic-spray-250-ml\/\" \/>\n<meta property=\"og:locale\" content=\"ru_RU\" \/>\n<meta property=\"og:type\" content=\"article\" \/>\n<meta property=\"og:title\" content=\"Mazza otet balsamic spray 250 ml\" \/>\n<meta property=\"og:description\" content=\"Cump\u0103r\u0103 Mazza O\u021bet Balsamic Spray 250 ml \u2013 condiment italian practic, cu dozare precis\u0103, ideal pentru salate, legume, carne, pe\u0219te \u0219i preparate rafinate.\" \/>\n<meta property=\"og:url\" content=\"https:\/\/gustoitaliano.md\/ru\/product\/mazza-otet-balsamic-spray-250-ml\/\" \/>\n<meta property=\"og:site_name\" content=\"Gusto Italiano\" \/>\n<meta property=\"article:publisher\" content=\"https:\/\/www.facebook.com\/GoldenGates.Moldova\" \/>\n<meta property=\"article:modified_time\" content=\"2026-04-16T11:01:04+00:00\" \/>\n<meta property=\"og:image\" content=\"https:\/\/gustoitaliano.md\/wp-content\/uploads\/2026\/03\/Mazza-otet-balsamic-spray-250ml.png\" \/>\n\t<meta property=\"og:image:width\" content=\"433\" \/>\n\t<meta property=\"og:image:height\" content=\"577\" \/>\n\t<meta property=\"og:image:type\" content=\"image\/png\" \/>\n<meta name=\"twitter:card\" content=\"summary_large_image\" \/>\n<meta name=\"twitter:label1\" content=\"\u041f\u0440\u0438\u043c\u0435\u0440\u043d\u043e\u0435 \u0432\u0440\u0435\u043c\u044f \u0434\u043b\u044f \u0447\u0442\u0435\u043d\u0438\u044f\" \/>\n\t<meta name=\"twitter:data1\" content=\"1 \u043c\u0438\u043d\u0443\u0442\u0430\" \/>\n<script type=\"application\/ld+json\" class=\"yoast-schema-graph\">{\"@context\":\"https:\\\/\\\/schema.org\",\"@graph\":[{\"@type\":\"WebPage\",\"@id\":\"https:\\\/\\\/gustoitaliano.md\\\/product\\\/mazza-otet-balsamic-spray-250-ml\\\/\",\"url\":\"https:\\\/\\\/gustoitaliano.md\\\/product\\\/mazza-otet-balsamic-spray-250-ml\\\/\",\"name\":\"Mazza otet balsamic spray 250 ml - Gusto Italiano\",\"isPartOf\":{\"@id\":\"https:\\\/\\\/gustoitaliano.md\\\/ro\\\/#website\"},\"primaryImageOfPage\":{\"@id\":\"https:\\\/\\\/gustoitaliano.md\\\/product\\\/mazza-otet-balsamic-spray-250-ml\\\/#primaryimage\"},\"image\":{\"@id\":\"https:\\\/\\\/gustoitaliano.md\\\/product\\\/mazza-otet-balsamic-spray-250-ml\\\/#primaryimage\"},\"thumbnailUrl\":\"https:\\\/\\\/gustoitaliano.md\\\/wp-content\\\/uploads\\\/2026\\\/03\\\/Mazza-otet-balsamic-spray-250ml.png\",\"datePublished\":\"2026-03-31T14:05:06+00:00\",\"dateModified\":\"2026-04-16T11:01:04+00:00\",\"description\":\"Cump\u0103r\u0103 Mazza O\u021bet Balsamic Spray 250 ml \u2013 condiment italian practic, cu dozare precis\u0103, ideal pentru salate, legume, carne, pe\u0219te \u0219i preparate rafinate.\",\"breadcrumb\":{\"@id\":\"https:\\\/\\\/gustoitaliano.md\\\/product\\\/mazza-otet-balsamic-spray-250-ml\\\/#breadcrumb\"},\"inLanguage\":\"ru-RU\",\"potentialAction\":[{\"@type\":\"ReadAction\",\"target\":[\"https:\\\/\\\/gustoitaliano.md\\\/product\\\/mazza-otet-balsamic-spray-250-ml\\\/\"]}]},{\"@type\":\"ImageObject\",\"inLanguage\":\"ru-RU\",\"@id\":\"https:\\\/\\\/gustoitaliano.md\\\/product\\\/mazza-otet-balsamic-spray-250-ml\\\/#primaryimage\",\"url\":\"https:\\\/\\\/gustoitaliano.md\\\/wp-content\\\/uploads\\\/2026\\\/03\\\/Mazza-otet-balsamic-spray-250ml.png\",\"contentUrl\":\"https:\\\/\\\/gustoitaliano.md\\\/wp-content\\\/uploads\\\/2026\\\/03\\\/Mazza-otet-balsamic-spray-250ml.png\",\"width\":433,\"height\":577},{\"@type\":\"BreadcrumbList\",\"@id\":\"https:\\\/\\\/gustoitaliano.md\\\/product\\\/mazza-otet-balsamic-spray-250-ml\\\/#breadcrumb\",\"itemListElement\":[{\"@type\":\"ListItem\",\"position\":1,\"name\":\"Prima pagin\u0103\",\"item\":\"https:\\\/\\\/gustoitaliano.md\\\/\"},{\"@type\":\"ListItem\",\"position\":2,\"name\":\"Magazin\",\"item\":\"https:\\\/\\\/gustoitaliano.md\\\/ro\\\/magazin\\\/\"},{\"@type\":\"ListItem\",\"position\":3,\"name\":\"Condimente \u0219i Mirodenii\",\"item\":\"https:\\\/\\\/gustoitaliano.md\\\/product-category\\\/condimente-si-mirodenii\\\/\"},{\"@type\":\"ListItem\",\"position\":4,\"name\":\"Mazza otet balsamic spray 250 ml\"}]},{\"@type\":\"WebSite\",\"@id\":\"https:\\\/\\\/gustoitaliano.md\\\/ro\\\/#website\",\"url\":\"https:\\\/\\\/gustoitaliano.md\\\/ro\\\/\",\"name\":\"Gusto Italiano\",\"description\":\"Produse Autentice Italiene\",\"publisher\":{\"@id\":\"https:\\\/\\\/gustoitaliano.md\\\/ro\\\/#organization\"},\"potentialAction\":[{\"@type\":\"SearchAction\",\"target\":{\"@type\":\"EntryPoint\",\"urlTemplate\":\"https:\\\/\\\/gustoitaliano.md\\\/ro\\\/?s={search_term_string}\"},\"query-input\":{\"@type\":\"PropertyValueSpecification\",\"valueRequired\":true,\"valueName\":\"search_term_string\"}}],\"inLanguage\":\"ru-RU\"},{\"@type\":\"Organization\",\"@id\":\"https:\\\/\\\/gustoitaliano.md\\\/ro\\\/#organization\",\"name\":\"Gusto Italiano\",\"alternateName\":\"Golden Gates SRL\",\"url\":\"https:\\\/\\\/gustoitaliano.md\\\/ro\\\/\",\"logo\":{\"@type\":\"ImageObject\",\"inLanguage\":\"ru-RU\",\"@id\":\"https:\\\/\\\/gustoitaliano.md\\\/ro\\\/#\\\/schema\\\/logo\\\/image\\\/\",\"url\":\"https:\\\/\\\/gustoitaliano.md\\\/wp-content\\\/uploads\\\/2025\\\/05\\\/logo-gusutoitaliano-2-2.png\",\"contentUrl\":\"https:\\\/\\\/gustoitaliano.md\\\/wp-content\\\/uploads\\\/2025\\\/05\\\/logo-gusutoitaliano-2-2.png\",\"width\":180,\"height\":180,\"caption\":\"Gusto Italiano\"},\"image\":{\"@id\":\"https:\\\/\\\/gustoitaliano.md\\\/ro\\\/#\\\/schema\\\/logo\\\/image\\\/\"},\"sameAs\":[\"https:\\\/\\\/www.facebook.com\\\/GoldenGates.Moldova\"]}]}<\/script>\n<!-- \/ Yoast SEO Premium plugin. -->","yoast_head_json":{"title":"Mazza otet balsamic spray 250 ml - Gusto Italiano","description":"Cump\u0103r\u0103 Mazza O\u021bet Balsamic Spray 250 ml \u2013 condiment italian practic, cu dozare precis\u0103, ideal pentru salate, legume, carne, pe\u0219te \u0219i preparate rafinate.","robots":{"index":"index","follow":"follow","max-snippet":"max-snippet:-1","max-image-preview":"max-image-preview:large","max-video-preview":"max-video-preview:-1"},"canonical":"https:\/\/gustoitaliano.md\/ru\/product\/mazza-otet-balsamic-spray-250-ml\/","og_locale":"ru_RU","og_type":"article","og_title":"Mazza otet balsamic spray 250 ml","og_description":"Cump\u0103r\u0103 Mazza O\u021bet Balsamic Spray 250 ml \u2013 condiment italian practic, cu dozare precis\u0103, ideal pentru salate, legume, carne, pe\u0219te \u0219i preparate rafinate.","og_url":"https:\/\/gustoitaliano.md\/ru\/product\/mazza-otet-balsamic-spray-250-ml\/","og_site_name":"Gusto Italiano","article_publisher":"https:\/\/www.facebook.com\/GoldenGates.Moldova","article_modified_time":"2026-04-16T11:01:04+00:00","og_image":[{"width":433,"height":577,"url":"https:\/\/gustoitaliano.md\/wp-content\/uploads\/2026\/03\/Mazza-otet-balsamic-spray-250ml.png","type":"image\/png"}],"twitter_card":"summary_large_image","twitter_misc":{"\u041f\u0440\u0438\u043c\u0435\u0440\u043d\u043e\u0435 \u0432\u0440\u0435\u043c\u044f \u0434\u043b\u044f \u0447\u0442\u0435\u043d\u0438\u044f":"1 \u043c\u0438\u043d\u0443\u0442\u0430"},"schema":{"@context":"https:\/\/schema.org","@graph":[{"@type":"WebPage","@id":"https:\/\/gustoitaliano.md\/product\/mazza-otet-balsamic-spray-250-ml\/","url":"https:\/\/gustoitaliano.md\/product\/mazza-otet-balsamic-spray-250-ml\/","name":"Mazza otet balsamic spray 250 ml - Gusto Italiano","isPartOf":{"@id":"https:\/\/gustoitaliano.md\/ro\/#website"},"primaryImageOfPage":{"@id":"https:\/\/gustoitaliano.md\/product\/mazza-otet-balsamic-spray-250-ml\/#primaryimage"},"image":{"@id":"https:\/\/gustoitaliano.md\/product\/mazza-otet-balsamic-spray-250-ml\/#primaryimage"},"thumbnailUrl":"https:\/\/gustoitaliano.md\/wp-content\/uploads\/2026\/03\/Mazza-otet-balsamic-spray-250ml.png","datePublished":"2026-03-31T14:05:06+00:00","dateModified":"2026-04-16T11:01:04+00:00","description":"Cump\u0103r\u0103 Mazza O\u021bet Balsamic Spray 250 ml \u2013 condiment italian practic, cu dozare precis\u0103, ideal pentru salate, legume, carne, pe\u0219te \u0219i preparate rafinate.","breadcrumb":{"@id":"https:\/\/gustoitaliano.md\/product\/mazza-otet-balsamic-spray-250-ml\/#breadcrumb"},"inLanguage":"ru-RU","potentialAction":[{"@type":"ReadAction","target":["https:\/\/gustoitaliano.md\/product\/mazza-otet-balsamic-spray-250-ml\/"]}]},{"@type":"ImageObject","inLanguage":"ru-RU","@id":"https:\/\/gustoitaliano.md\/product\/mazza-otet-balsamic-spray-250-ml\/#primaryimage","url":"https:\/\/gustoitaliano.md\/wp-content\/uploads\/2026\/03\/Mazza-otet-balsamic-spray-250ml.png","contentUrl":"https:\/\/gustoitaliano.md\/wp-content\/uploads\/2026\/03\/Mazza-otet-balsamic-spray-250ml.png","width":433,"height":577},{"@type":"BreadcrumbList","@id":"https:\/\/gustoitaliano.md\/product\/mazza-otet-balsamic-spray-250-ml\/#breadcrumb","itemListElement":[{"@type":"ListItem","position":1,"name":"Prima pagin\u0103","item":"https:\/\/gustoitaliano.md\/"},{"@type":"ListItem","position":2,"name":"Magazin","item":"https:\/\/gustoitaliano.md\/ro\/magazin\/"},{"@type":"ListItem","position":3,"name":"Condimente \u0219i Mirodenii","item":"https:\/\/gustoitaliano.md\/product-category\/condimente-si-mirodenii\/"},{"@type":"ListItem","position":4,"name":"Mazza otet balsamic spray 250 ml"}]},{"@type":"WebSite","@id":"https:\/\/gustoitaliano.md\/ro\/#website","url":"https:\/\/gustoitaliano.md\/ro\/","name":"Gusto Italiano","description":"\u0410\u0443\u0442\u0435\u043d\u0442\u0438\u0447\u043d\u044b\u0435 \u0438\u0442\u0430\u043b\u044c\u044f\u043d\u0441\u043a\u0438\u0435 \u043f\u0440\u043e\u0434\u0443\u043a\u0442\u044b","publisher":{"@id":"https:\/\/gustoitaliano.md\/ro\/#organization"},"potentialAction":[{"@type":"SearchAction","target":{"@type":"EntryPoint","urlTemplate":"https:\/\/gustoitaliano.md\/ro\/?s={search_term_string}"},"query-input":{"@type":"PropertyValueSpecification","valueRequired":true,"valueName":"search_term_string"}}],"inLanguage":"ru-RU"},{"@type":"Organization","@id":"https:\/\/gustoitaliano.md\/ro\/#organization","name":"Gusto Italiano","alternateName":"Golden Gates SRL","url":"https:\/\/gustoitaliano.md\/ro\/","logo":{"@type":"ImageObject","inLanguage":"ru-RU","@id":"https:\/\/gustoitaliano.md\/ro\/#\/schema\/logo\/image\/","url":"https:\/\/gustoitaliano.md\/wp-content\/uploads\/2025\/05\/logo-gusutoitaliano-2-2.png","contentUrl":"https:\/\/gustoitaliano.md\/wp-content\/uploads\/2025\/05\/logo-gusutoitaliano-2-2.png","width":180,"height":180,"caption":"Gusto Italiano"},"image":{"@id":"https:\/\/gustoitaliano.md\/ro\/#\/schema\/logo\/image\/"},"sameAs":["https:\/\/www.facebook.com\/GoldenGates.Moldova"]}]}},"_links":{"self":[{"href":"https:\/\/gustoitaliano.md\/ru\/wp-json\/wp\/v2\/product\/51300","targetHints":{"allow":["GET"]}}],"collection":[{"href":"https:\/\/gustoitaliano.md\/ru\/wp-json\/wp\/v2\/product"}],"about":[{"href":"https:\/\/gustoitaliano.md\/ru\/wp-json\/wp\/v2\/types\/product"}],"version-history":[{"count":2,"href":"https:\/\/gustoitaliano.md\/ru\/wp-json\/wp\/v2\/product\/51300\/revisions"}],"predecessor-version":[{"id":51313,"href":"https:\/\/gustoitaliano.md\/ru\/wp-json\/wp\/v2\/product\/51300\/revisions\/51313"}],"wp:featuredmedia":[{"embeddable":true,"href":"https:\/\/gustoitaliano.md\/ru\/wp-json\/wp\/v2\/media\/51282"}],"wp:attachment":[{"href":"https:\/\/gustoitaliano.md\/ru\/wp-json\/wp\/v2\/media?parent=51300"}],"wp:term":[{"taxonomy":"product_brand","embeddable":true,"href":"https:\/\/gustoitaliano.md\/ru\/wp-json\/wp\/v2\/product_brand?post=51300"},{"taxonomy":"product_cat","embeddable":true,"href":"https:\/\/gustoitaliano.md\/ru\/wp-json\/wp\/v2\/product_cat?post=51300"},{"taxonomy":"product_tag","embeddable":true,"href":"https:\/\/gustoitaliano.md\/ru\/wp-json\/wp\/v2\/product_tag?post=51300"}],"curies":[{"name":"wp","href":"https:\/\/api.w.org\/{rel}","templated":true}]}}