{"id":51312,"date":"2026-03-31T17:15:23","date_gmt":"2026-03-31T14:15:23","guid":{"rendered":"https:\/\/gustoitaliano.md\/?post_type=product&#038;p=51312"},"modified":"2026-04-16T14:00:56","modified_gmt":"2026-04-16T11:00:56","slug":"mazza-condiment-alb-spray-250-ml","status":"publish","type":"product","link":"https:\/\/gustoitaliano.md\/ru\/product\/mazza-condiment-alb-spray-250-ml\/","title":{"rendered":"Mazza condiment alb spray 250 ml"},"content":{"rendered":"<p data-start=\"107\" data-end=\"441\"><strong data-start=\"136\" data-end=\"172\">Mazza Condiment Alb Spray 250 ml<\/strong> este un condiment fin \u0219i practic, ideal pentru asezonarea rapid\u0103 a preparatelor reci sau calde. Are un gust delicat, echilibrat, cu note u\u0219or acide, care pun \u00een valoare salatele, pe\u0219tele, legumele, carnea alb\u0103 \u0219i aperitivele u\u0219oare, f\u0103r\u0103 s\u0103 acopere aromele principale.<\/p>\n<p data-start=\"443\" data-end=\"712\">Formatul spray \u00eel face foarte comod \u00een utilizare: po\u021bi distribui uniform exact c\u00e2t trebuie, f\u0103r\u0103 risip\u0103 \u0219i f\u0103r\u0103 exces. Este un produs foarte util at\u00e2t \u00een buc\u0103t\u0103ria de acas\u0103, c\u00e2t \u0219i \u00een restaurante, acolo unde conteaz\u0103 precizia, gustul curat \u0219i un plating bine controlat.<\/p>\n<p data-start=\"714\" data-end=\"1057\">Ca buc\u0103tar, \u00ee\u021bi spun sincer: <strong data-start=\"743\" data-end=\"779\">Mazza Condiment Alb Spray 250 ml<\/strong> este perfect atunci c\u00e2nd vrei prospe\u021bime \u0219i fine\u021be. Merge excelent peste salate verzi, peste pe\u0219te la gr\u0103tar sau peste legume coapte. Iar pentru un platou mai elegant, \u00eel po\u021bi combina cu <strong data-start=\"967\" data-end=\"1004\">Mazza Condiment Crema Alb\u0103 400 ml<\/strong>, pentru un gust armonios \u0219i o prezentare mai bogat\u0103.<\/p>","protected":false},"excerpt":{"rendered":"<p>Mazza Condiment Alb Spray 250 ml este un condiment fin \u0219i practic, ideal pentru asezonarea rapid\u0103 a preparatelor reci sau<\/p>","protected":false},"featured_media":51281,"template":"","meta":[],"product_brand":[2450],"product_cat":[2404,2345,2368,2361,2344],"product_tag":[2420],"class_list":{"0":"post-51312","1":"product","2":"type-product","3":"status-publish","4":"has-post-thumbnail","6":"product_brand-mazza","7":"product_cat-condimente","8":"product_cat-condimente-si-mirodenii","9":"product_cat-oteturi","10":"product_cat-sosuri","11":"product_cat-sosuri-si-uleiuri","12":"product_tag-retail","14":"first","15":"instock","16":"taxable","17":"shipping-taxable","18":"purchasable","19":"product-type-simple"},"yoast_head":"<!-- This site is optimized with the Yoast SEO Premium plugin v26.5 (Yoast SEO v27.5) - https:\/\/yoast.com\/product\/yoast-seo-premium-wordpress\/ -->\n<title>Mazza condiment alb spray 250 ml - Gusto Italiano<\/title>\n<meta name=\"description\" content=\"Cump\u0103r\u0103 Mazza Condiment Alb Spray 250 ml \u2013 condiment fin cu pulverizare practic\u0103, ideal pentru salate, pe\u0219te, legume, carne alb\u0103 \u0219i preparate cu gust delicat.\" \/>\n<meta name=\"robots\" content=\"index, follow, max-snippet:-1, max-image-preview:large, max-video-preview:-1\" \/>\n<link rel=\"canonical\" href=\"https:\/\/gustoitaliano.md\/ru\/product\/mazza-condiment-alb-spray-250-ml\/\" \/>\n<meta property=\"og:locale\" content=\"ru_RU\" \/>\n<meta property=\"og:type\" content=\"article\" \/>\n<meta property=\"og:title\" content=\"Mazza condiment alb spray 250 ml\" \/>\n<meta property=\"og:description\" content=\"Cump\u0103r\u0103 Mazza Condiment Alb Spray 250 ml \u2013 condiment fin cu pulverizare practic\u0103, ideal pentru salate, pe\u0219te, legume, carne alb\u0103 \u0219i preparate cu gust delicat.\" \/>\n<meta property=\"og:url\" content=\"https:\/\/gustoitaliano.md\/ru\/product\/mazza-condiment-alb-spray-250-ml\/\" \/>\n<meta property=\"og:site_name\" content=\"Gusto Italiano\" \/>\n<meta property=\"article:publisher\" content=\"https:\/\/www.facebook.com\/GoldenGates.Moldova\" \/>\n<meta property=\"article:modified_time\" content=\"2026-04-16T11:00:56+00:00\" \/>\n<meta property=\"og:image\" content=\"https:\/\/gustoitaliano.md\/wp-content\/uploads\/2026\/03\/Mazza-condiment-alb-spray-250-ml.png\" \/>\n\t<meta property=\"og:image:width\" content=\"433\" \/>\n\t<meta property=\"og:image:height\" content=\"577\" \/>\n\t<meta property=\"og:image:type\" content=\"image\/png\" \/>\n<meta name=\"twitter:card\" content=\"summary_large_image\" \/>\n<meta name=\"twitter:label1\" content=\"\u041f\u0440\u0438\u043c\u0435\u0440\u043d\u043e\u0435 \u0432\u0440\u0435\u043c\u044f \u0434\u043b\u044f \u0447\u0442\u0435\u043d\u0438\u044f\" \/>\n\t<meta name=\"twitter:data1\" content=\"2 \u043c\u0438\u043d\u0443\u0442\u044b\" \/>\n<script type=\"application\/ld+json\" class=\"yoast-schema-graph\">{\"@context\":\"https:\\\/\\\/schema.org\",\"@graph\":[{\"@type\":\"WebPage\",\"@id\":\"https:\\\/\\\/gustoitaliano.md\\\/product\\\/mazza-condiment-alb-spray-250-ml\\\/\",\"url\":\"https:\\\/\\\/gustoitaliano.md\\\/product\\\/mazza-condiment-alb-spray-250-ml\\\/\",\"name\":\"Mazza condiment alb spray 250 ml - Gusto Italiano\",\"isPartOf\":{\"@id\":\"https:\\\/\\\/gustoitaliano.md\\\/ro\\\/#website\"},\"primaryImageOfPage\":{\"@id\":\"https:\\\/\\\/gustoitaliano.md\\\/product\\\/mazza-condiment-alb-spray-250-ml\\\/#primaryimage\"},\"image\":{\"@id\":\"https:\\\/\\\/gustoitaliano.md\\\/product\\\/mazza-condiment-alb-spray-250-ml\\\/#primaryimage\"},\"thumbnailUrl\":\"https:\\\/\\\/gustoitaliano.md\\\/wp-content\\\/uploads\\\/2026\\\/03\\\/Mazza-condiment-alb-spray-250-ml.png\",\"datePublished\":\"2026-03-31T14:15:23+00:00\",\"dateModified\":\"2026-04-16T11:00:56+00:00\",\"description\":\"Cump\u0103r\u0103 Mazza Condiment Alb Spray 250 ml \u2013 condiment fin cu pulverizare practic\u0103, ideal pentru salate, pe\u0219te, legume, carne alb\u0103 \u0219i preparate cu gust delicat.\",\"breadcrumb\":{\"@id\":\"https:\\\/\\\/gustoitaliano.md\\\/product\\\/mazza-condiment-alb-spray-250-ml\\\/#breadcrumb\"},\"inLanguage\":\"ru-RU\",\"potentialAction\":[{\"@type\":\"ReadAction\",\"target\":[\"https:\\\/\\\/gustoitaliano.md\\\/product\\\/mazza-condiment-alb-spray-250-ml\\\/\"]}]},{\"@type\":\"ImageObject\",\"inLanguage\":\"ru-RU\",\"@id\":\"https:\\\/\\\/gustoitaliano.md\\\/product\\\/mazza-condiment-alb-spray-250-ml\\\/#primaryimage\",\"url\":\"https:\\\/\\\/gustoitaliano.md\\\/wp-content\\\/uploads\\\/2026\\\/03\\\/Mazza-condiment-alb-spray-250-ml.png\",\"contentUrl\":\"https:\\\/\\\/gustoitaliano.md\\\/wp-content\\\/uploads\\\/2026\\\/03\\\/Mazza-condiment-alb-spray-250-ml.png\",\"width\":433,\"height\":577},{\"@type\":\"BreadcrumbList\",\"@id\":\"https:\\\/\\\/gustoitaliano.md\\\/product\\\/mazza-condiment-alb-spray-250-ml\\\/#breadcrumb\",\"itemListElement\":[{\"@type\":\"ListItem\",\"position\":1,\"name\":\"Prima pagin\u0103\",\"item\":\"https:\\\/\\\/gustoitaliano.md\\\/\"},{\"@type\":\"ListItem\",\"position\":2,\"name\":\"Magazin\",\"item\":\"https:\\\/\\\/gustoitaliano.md\\\/ro\\\/magazin\\\/\"},{\"@type\":\"ListItem\",\"position\":3,\"name\":\"Condimente \u0219i Mirodenii\",\"item\":\"https:\\\/\\\/gustoitaliano.md\\\/product-category\\\/condimente-si-mirodenii\\\/\"},{\"@type\":\"ListItem\",\"position\":4,\"name\":\"Condimente\",\"item\":\"https:\\\/\\\/gustoitaliano.md\\\/product-category\\\/condimente-si-mirodenii\\\/condimente\\\/\"},{\"@type\":\"ListItem\",\"position\":5,\"name\":\"Mazza condiment alb spray 250 ml\"}]},{\"@type\":\"WebSite\",\"@id\":\"https:\\\/\\\/gustoitaliano.md\\\/ro\\\/#website\",\"url\":\"https:\\\/\\\/gustoitaliano.md\\\/ro\\\/\",\"name\":\"Gusto Italiano\",\"description\":\"Produse Autentice Italiene\",\"publisher\":{\"@id\":\"https:\\\/\\\/gustoitaliano.md\\\/ro\\\/#organization\"},\"potentialAction\":[{\"@type\":\"SearchAction\",\"target\":{\"@type\":\"EntryPoint\",\"urlTemplate\":\"https:\\\/\\\/gustoitaliano.md\\\/ro\\\/?s={search_term_string}\"},\"query-input\":{\"@type\":\"PropertyValueSpecification\",\"valueRequired\":true,\"valueName\":\"search_term_string\"}}],\"inLanguage\":\"ru-RU\"},{\"@type\":\"Organization\",\"@id\":\"https:\\\/\\\/gustoitaliano.md\\\/ro\\\/#organization\",\"name\":\"Gusto Italiano\",\"alternateName\":\"Golden Gates SRL\",\"url\":\"https:\\\/\\\/gustoitaliano.md\\\/ro\\\/\",\"logo\":{\"@type\":\"ImageObject\",\"inLanguage\":\"ru-RU\",\"@id\":\"https:\\\/\\\/gustoitaliano.md\\\/ro\\\/#\\\/schema\\\/logo\\\/image\\\/\",\"url\":\"https:\\\/\\\/gustoitaliano.md\\\/wp-content\\\/uploads\\\/2025\\\/05\\\/logo-gusutoitaliano-2-2.png\",\"contentUrl\":\"https:\\\/\\\/gustoitaliano.md\\\/wp-content\\\/uploads\\\/2025\\\/05\\\/logo-gusutoitaliano-2-2.png\",\"width\":180,\"height\":180,\"caption\":\"Gusto Italiano\"},\"image\":{\"@id\":\"https:\\\/\\\/gustoitaliano.md\\\/ro\\\/#\\\/schema\\\/logo\\\/image\\\/\"},\"sameAs\":[\"https:\\\/\\\/www.facebook.com\\\/GoldenGates.Moldova\"]}]}<\/script>\n<!-- \/ Yoast SEO Premium plugin. -->","yoast_head_json":{"title":"Mazza condiment alb spray 250 ml - Gusto Italiano","description":"Cump\u0103r\u0103 Mazza Condiment Alb Spray 250 ml \u2013 condiment fin cu pulverizare practic\u0103, ideal pentru salate, pe\u0219te, legume, carne alb\u0103 \u0219i preparate cu gust delicat.","robots":{"index":"index","follow":"follow","max-snippet":"max-snippet:-1","max-image-preview":"max-image-preview:large","max-video-preview":"max-video-preview:-1"},"canonical":"https:\/\/gustoitaliano.md\/ru\/product\/mazza-condiment-alb-spray-250-ml\/","og_locale":"ru_RU","og_type":"article","og_title":"Mazza condiment alb spray 250 ml","og_description":"Cump\u0103r\u0103 Mazza Condiment Alb Spray 250 ml \u2013 condiment fin cu pulverizare practic\u0103, ideal pentru salate, pe\u0219te, legume, carne alb\u0103 \u0219i preparate cu gust delicat.","og_url":"https:\/\/gustoitaliano.md\/ru\/product\/mazza-condiment-alb-spray-250-ml\/","og_site_name":"Gusto Italiano","article_publisher":"https:\/\/www.facebook.com\/GoldenGates.Moldova","article_modified_time":"2026-04-16T11:00:56+00:00","og_image":[{"width":433,"height":577,"url":"https:\/\/gustoitaliano.md\/wp-content\/uploads\/2026\/03\/Mazza-condiment-alb-spray-250-ml.png","type":"image\/png"}],"twitter_card":"summary_large_image","twitter_misc":{"\u041f\u0440\u0438\u043c\u0435\u0440\u043d\u043e\u0435 \u0432\u0440\u0435\u043c\u044f \u0434\u043b\u044f \u0447\u0442\u0435\u043d\u0438\u044f":"2 \u043c\u0438\u043d\u0443\u0442\u044b"},"schema":{"@context":"https:\/\/schema.org","@graph":[{"@type":"WebPage","@id":"https:\/\/gustoitaliano.md\/product\/mazza-condiment-alb-spray-250-ml\/","url":"https:\/\/gustoitaliano.md\/product\/mazza-condiment-alb-spray-250-ml\/","name":"Mazza condiment alb spray 250 ml - Gusto Italiano","isPartOf":{"@id":"https:\/\/gustoitaliano.md\/ro\/#website"},"primaryImageOfPage":{"@id":"https:\/\/gustoitaliano.md\/product\/mazza-condiment-alb-spray-250-ml\/#primaryimage"},"image":{"@id":"https:\/\/gustoitaliano.md\/product\/mazza-condiment-alb-spray-250-ml\/#primaryimage"},"thumbnailUrl":"https:\/\/gustoitaliano.md\/wp-content\/uploads\/2026\/03\/Mazza-condiment-alb-spray-250-ml.png","datePublished":"2026-03-31T14:15:23+00:00","dateModified":"2026-04-16T11:00:56+00:00","description":"Cump\u0103r\u0103 Mazza Condiment Alb Spray 250 ml \u2013 condiment fin cu pulverizare practic\u0103, ideal pentru salate, pe\u0219te, legume, carne alb\u0103 \u0219i preparate cu gust delicat.","breadcrumb":{"@id":"https:\/\/gustoitaliano.md\/product\/mazza-condiment-alb-spray-250-ml\/#breadcrumb"},"inLanguage":"ru-RU","potentialAction":[{"@type":"ReadAction","target":["https:\/\/gustoitaliano.md\/product\/mazza-condiment-alb-spray-250-ml\/"]}]},{"@type":"ImageObject","inLanguage":"ru-RU","@id":"https:\/\/gustoitaliano.md\/product\/mazza-condiment-alb-spray-250-ml\/#primaryimage","url":"https:\/\/gustoitaliano.md\/wp-content\/uploads\/2026\/03\/Mazza-condiment-alb-spray-250-ml.png","contentUrl":"https:\/\/gustoitaliano.md\/wp-content\/uploads\/2026\/03\/Mazza-condiment-alb-spray-250-ml.png","width":433,"height":577},{"@type":"BreadcrumbList","@id":"https:\/\/gustoitaliano.md\/product\/mazza-condiment-alb-spray-250-ml\/#breadcrumb","itemListElement":[{"@type":"ListItem","position":1,"name":"Prima pagin\u0103","item":"https:\/\/gustoitaliano.md\/"},{"@type":"ListItem","position":2,"name":"Magazin","item":"https:\/\/gustoitaliano.md\/ro\/magazin\/"},{"@type":"ListItem","position":3,"name":"Condimente \u0219i Mirodenii","item":"https:\/\/gustoitaliano.md\/product-category\/condimente-si-mirodenii\/"},{"@type":"ListItem","position":4,"name":"Condimente","item":"https:\/\/gustoitaliano.md\/product-category\/condimente-si-mirodenii\/condimente\/"},{"@type":"ListItem","position":5,"name":"Mazza condiment alb spray 250 ml"}]},{"@type":"WebSite","@id":"https:\/\/gustoitaliano.md\/ro\/#website","url":"https:\/\/gustoitaliano.md\/ro\/","name":"Gusto Italiano","description":"\u0410\u0443\u0442\u0435\u043d\u0442\u0438\u0447\u043d\u044b\u0435 \u0438\u0442\u0430\u043b\u044c\u044f\u043d\u0441\u043a\u0438\u0435 \u043f\u0440\u043e\u0434\u0443\u043a\u0442\u044b","publisher":{"@id":"https:\/\/gustoitaliano.md\/ro\/#organization"},"potentialAction":[{"@type":"SearchAction","target":{"@type":"EntryPoint","urlTemplate":"https:\/\/gustoitaliano.md\/ro\/?s={search_term_string}"},"query-input":{"@type":"PropertyValueSpecification","valueRequired":true,"valueName":"search_term_string"}}],"inLanguage":"ru-RU"},{"@type":"Organization","@id":"https:\/\/gustoitaliano.md\/ro\/#organization","name":"Gusto Italiano","alternateName":"Golden Gates SRL","url":"https:\/\/gustoitaliano.md\/ro\/","logo":{"@type":"ImageObject","inLanguage":"ru-RU","@id":"https:\/\/gustoitaliano.md\/ro\/#\/schema\/logo\/image\/","url":"https:\/\/gustoitaliano.md\/wp-content\/uploads\/2025\/05\/logo-gusutoitaliano-2-2.png","contentUrl":"https:\/\/gustoitaliano.md\/wp-content\/uploads\/2025\/05\/logo-gusutoitaliano-2-2.png","width":180,"height":180,"caption":"Gusto Italiano"},"image":{"@id":"https:\/\/gustoitaliano.md\/ro\/#\/schema\/logo\/image\/"},"sameAs":["https:\/\/www.facebook.com\/GoldenGates.Moldova"]}]}},"_links":{"self":[{"href":"https:\/\/gustoitaliano.md\/ru\/wp-json\/wp\/v2\/product\/51312","targetHints":{"allow":["GET"]}}],"collection":[{"href":"https:\/\/gustoitaliano.md\/ru\/wp-json\/wp\/v2\/product"}],"about":[{"href":"https:\/\/gustoitaliano.md\/ru\/wp-json\/wp\/v2\/types\/product"}],"version-history":[{"count":2,"href":"https:\/\/gustoitaliano.md\/ru\/wp-json\/wp\/v2\/product\/51312\/revisions"}],"predecessor-version":[{"id":51315,"href":"https:\/\/gustoitaliano.md\/ru\/wp-json\/wp\/v2\/product\/51312\/revisions\/51315"}],"wp:featuredmedia":[{"embeddable":true,"href":"https:\/\/gustoitaliano.md\/ru\/wp-json\/wp\/v2\/media\/51281"}],"wp:attachment":[{"href":"https:\/\/gustoitaliano.md\/ru\/wp-json\/wp\/v2\/media?parent=51312"}],"wp:term":[{"taxonomy":"product_brand","embeddable":true,"href":"https:\/\/gustoitaliano.md\/ru\/wp-json\/wp\/v2\/product_brand?post=51312"},{"taxonomy":"product_cat","embeddable":true,"href":"https:\/\/gustoitaliano.md\/ru\/wp-json\/wp\/v2\/product_cat?post=51312"},{"taxonomy":"product_tag","embeddable":true,"href":"https:\/\/gustoitaliano.md\/ru\/wp-json\/wp\/v2\/product_tag?post=51312"}],"curies":[{"name":"wp","href":"https:\/\/api.w.org\/{rel}","templated":true}]}}